{"id":102113,"date":"2025-07-23T13:23:07","date_gmt":"2025-07-23T11:23:07","guid":{"rendered":"https:\/\/demkohome.pl\/?post_type=product&#038;p=102113"},"modified":"2026-05-06T15:16:57","modified_gmt":"2026-05-06T13:16:57","slug":"komoda-lunis-1-drzwi-szuflada","status":"publish","type":"product","link":"https:\/\/demkohome.pl\/en\/product\/komoda-lunis-1-drzwi-szuflada\/","title":{"rendered":"Lunis chest of drawers 1 door 1 drawer"},"content":{"rendered":"<p>Lunis 1D1S room chest of drawers is an elegant and functional piece of furniture, which will be perfect for any modern interior. Made in san remo oak decor, it catches the eye with its natural grain and warm colors. The compact dimensions make it fit both in the living room, bedroom and hallway. The furniture is equipped with one capacious drawer, ideal for small accessories, and a lockable cabinet that will hold documents, textiles or other essential items. Simple silver handles emphasize the modern character of the dresser and ensure comfortable use. Lunis 1D1S is a combination of aesthetics, quality and practicality for everyday use.<\/p>","protected":false},"excerpt":{"rendered":"<p>Lunis 1D1S room chest of drawers is an elegant and functional piece of furniture that will be perfect for any modern interior. Made in decor (...)<\/p>","protected":false},"featured_media":102122,"comment_status":"open","ping_status":"closed","template":"","meta":{"_acf_changed":false,"inline_featured_image":false},"product_brand":[],"product_cat":[128,127],"product_tag":[],"class_list":{"0":"post-102113","1":"product","2":"type-product","3":"status-publish","4":"has-post-thumbnail","6":"product_cat-komody","7":"product_cat-meble-pokojowe","8":"product_shipping_class-przesylka-dpd-15-pln","9":"collection-lunis","11":"first","12":"instock","13":"sale","14":"shipping-taxable","15":"purchasable","16":"product-type-simple"},"acf":[],"yoast_head":"<!-- This site is optimized with the Yoast SEO plugin v27.4 - https:\/\/yoast.com\/product\/yoast-seo-wordpress\/ -->\n<title>Komoda Lunis 1 drzwi 1 szuflada - Demko Home<\/title>\n<meta name=\"robots\" content=\"index, follow, max-snippet:-1, max-image-preview:large, max-video-preview:-1\" \/>\n<link rel=\"canonical\" href=\"https:\/\/demkohome.pl\/en\/product\/komoda-lunis-1-drzwi-szuflada\/\" \/>\n<meta property=\"og:locale\" content=\"en_US\" \/>\n<meta property=\"og:type\" content=\"article\" \/>\n<meta property=\"og:title\" content=\"Komoda Lunis 1 drzwi 1 szuflada - Demko Home\" \/>\n<meta property=\"og:description\" content=\"Komoda pokojowa Lunis 1D1S to elegancki i funkcjonalny mebel, kt\u00f3ry doskonale sprawdzi si\u0119 w ka\u017cdym nowoczesnym wn\u0119trzu. Wykonana w dekorze (...)\" \/>\n<meta property=\"og:url\" content=\"https:\/\/demkohome.pl\/en\/product\/komoda-lunis-1-drzwi-szuflada\/\" \/>\n<meta property=\"og:site_name\" content=\"Demko Home\" \/>\n<meta property=\"article:modified_time\" content=\"2026-05-06T13:16:57+00:00\" \/>\n<meta property=\"og:image\" content=\"https:\/\/demkohome.pl\/wp-content\/uploads\/2025\/07\/LINUS-Komoda-1D1S-SAN_REMO-5907736139156-1-scaled.jpg\" \/>\n\t<meta property=\"og:image:width\" content=\"2560\" \/>\n\t<meta property=\"og:image:height\" content=\"2560\" \/>\n\t<meta property=\"og:image:type\" content=\"image\/jpeg\" \/>\n<meta name=\"twitter:card\" content=\"summary_large_image\" \/>\n<meta name=\"twitter:label1\" content=\"Est. reading time\" \/>\n\t<meta name=\"twitter:data1\" content=\"1 minute\" \/>\n<script type=\"application\/ld+json\" class=\"yoast-schema-graph\">{\"@context\":\"https:\\\/\\\/schema.org\",\"@graph\":[{\"@type\":\"WebPage\",\"@id\":\"https:\\\/\\\/demkohome.pl\\\/produkt\\\/komoda-lunis-1-drzwi-szuflada\\\/\",\"url\":\"https:\\\/\\\/demkohome.pl\\\/produkt\\\/komoda-lunis-1-drzwi-szuflada\\\/\",\"name\":\"Komoda Lunis 1 drzwi 1 szuflada - Demko Home\",\"isPartOf\":{\"@id\":\"https:\\\/\\\/demkohome.pl\\\/#website\"},\"primaryImageOfPage\":{\"@id\":\"https:\\\/\\\/demkohome.pl\\\/produkt\\\/komoda-lunis-1-drzwi-szuflada\\\/#primaryimage\"},\"image\":{\"@id\":\"https:\\\/\\\/demkohome.pl\\\/produkt\\\/komoda-lunis-1-drzwi-szuflada\\\/#primaryimage\"},\"thumbnailUrl\":\"https:\\\/\\\/demkohome.pl\\\/wp-content\\\/uploads\\\/2025\\\/07\\\/LINUS-Komoda-1D1S-SAN_REMO-5907736139156-1-scaled.jpg\",\"datePublished\":\"2025-07-23T11:23:07+00:00\",\"dateModified\":\"2026-05-06T13:16:57+00:00\",\"breadcrumb\":{\"@id\":\"https:\\\/\\\/demkohome.pl\\\/produkt\\\/komoda-lunis-1-drzwi-szuflada\\\/#breadcrumb\"},\"inLanguage\":\"en-US\",\"potentialAction\":[{\"@type\":\"ReadAction\",\"target\":[\"https:\\\/\\\/demkohome.pl\\\/produkt\\\/komoda-lunis-1-drzwi-szuflada\\\/\"]}]},{\"@type\":\"ImageObject\",\"inLanguage\":\"en-US\",\"@id\":\"https:\\\/\\\/demkohome.pl\\\/produkt\\\/komoda-lunis-1-drzwi-szuflada\\\/#primaryimage\",\"url\":\"https:\\\/\\\/demkohome.pl\\\/wp-content\\\/uploads\\\/2025\\\/07\\\/LINUS-Komoda-1D1S-SAN_REMO-5907736139156-1-scaled.jpg\",\"contentUrl\":\"https:\\\/\\\/demkohome.pl\\\/wp-content\\\/uploads\\\/2025\\\/07\\\/LINUS-Komoda-1D1S-SAN_REMO-5907736139156-1-scaled.jpg\",\"width\":2560,\"height\":2560},{\"@type\":\"BreadcrumbList\",\"@id\":\"https:\\\/\\\/demkohome.pl\\\/produkt\\\/komoda-lunis-1-drzwi-szuflada\\\/#breadcrumb\",\"itemListElement\":[{\"@type\":\"ListItem\",\"position\":1,\"name\":\"Strona g\u0142\u00f3wna\",\"item\":\"https:\\\/\\\/demkohome.pl\\\/\"},{\"@type\":\"ListItem\",\"position\":2,\"name\":\"Sklep\",\"item\":\"https:\\\/\\\/demkohome.pl\\\/sklep\\\/\"},{\"@type\":\"ListItem\",\"position\":3,\"name\":\"Komoda Lunis 1 drzwi 1 szuflada\"}]},{\"@type\":\"WebSite\",\"@id\":\"https:\\\/\\\/demkohome.pl\\\/#website\",\"url\":\"https:\\\/\\\/demkohome.pl\\\/\",\"name\":\"Demko Home\",\"description\":\"Make it simple\",\"publisher\":{\"@id\":\"https:\\\/\\\/demkohome.pl\\\/#organization\"},\"potentialAction\":[{\"@type\":\"SearchAction\",\"target\":{\"@type\":\"EntryPoint\",\"urlTemplate\":\"https:\\\/\\\/demkohome.pl\\\/?s={search_term_string}\"},\"query-input\":{\"@type\":\"PropertyValueSpecification\",\"valueRequired\":true,\"valueName\":\"search_term_string\"}}],\"inLanguage\":\"en-US\"},{\"@type\":\"Organization\",\"@id\":\"https:\\\/\\\/demkohome.pl\\\/#organization\",\"name\":\"Demko Home\",\"url\":\"https:\\\/\\\/demkohome.pl\\\/\",\"logo\":{\"@type\":\"ImageObject\",\"inLanguage\":\"en-US\",\"@id\":\"https:\\\/\\\/demkohome.pl\\\/#\\\/schema\\\/logo\\\/image\\\/\",\"url\":\"https:\\\/\\\/demkohome.pl\\\/wp-content\\\/uploads\\\/2026\\\/03\\\/cropped-3.png\",\"contentUrl\":\"https:\\\/\\\/demkohome.pl\\\/wp-content\\\/uploads\\\/2026\\\/03\\\/cropped-3.png\",\"width\":250,\"height\":63,\"caption\":\"Demko Home\"},\"image\":{\"@id\":\"https:\\\/\\\/demkohome.pl\\\/#\\\/schema\\\/logo\\\/image\\\/\"}}]}<\/script>\n<!-- \/ Yoast SEO plugin. -->","yoast_head_json":{"title":"Komoda Lunis 1 drzwi 1 szuflada - Demko Home","robots":{"index":"index","follow":"follow","max-snippet":"max-snippet:-1","max-image-preview":"max-image-preview:large","max-video-preview":"max-video-preview:-1"},"canonical":"https:\/\/demkohome.pl\/en\/product\/komoda-lunis-1-drzwi-szuflada\/","og_locale":"en_US","og_type":"article","og_title":"Komoda Lunis 1 drzwi 1 szuflada - Demko Home","og_description":"Komoda pokojowa Lunis 1D1S to elegancki i funkcjonalny mebel, kt\u00f3ry doskonale sprawdzi si\u0119 w ka\u017cdym nowoczesnym wn\u0119trzu. Wykonana w dekorze (...)","og_url":"https:\/\/demkohome.pl\/en\/product\/komoda-lunis-1-drzwi-szuflada\/","og_site_name":"Demko Home","article_modified_time":"2026-05-06T13:16:57+00:00","og_image":[{"width":2560,"height":2560,"url":"https:\/\/demkohome.pl\/wp-content\/uploads\/2025\/07\/LINUS-Komoda-1D1S-SAN_REMO-5907736139156-1-scaled.jpg","type":"image\/jpeg"}],"twitter_card":"summary_large_image","twitter_misc":{"Est. reading time":"1 minute"},"schema":{"@context":"https:\/\/schema.org","@graph":[{"@type":"WebPage","@id":"https:\/\/demkohome.pl\/produkt\/komoda-lunis-1-drzwi-szuflada\/","url":"https:\/\/demkohome.pl\/produkt\/komoda-lunis-1-drzwi-szuflada\/","name":"Komoda Lunis 1 drzwi 1 szuflada - Demko Home","isPartOf":{"@id":"https:\/\/demkohome.pl\/#website"},"primaryImageOfPage":{"@id":"https:\/\/demkohome.pl\/produkt\/komoda-lunis-1-drzwi-szuflada\/#primaryimage"},"image":{"@id":"https:\/\/demkohome.pl\/produkt\/komoda-lunis-1-drzwi-szuflada\/#primaryimage"},"thumbnailUrl":"https:\/\/demkohome.pl\/wp-content\/uploads\/2025\/07\/LINUS-Komoda-1D1S-SAN_REMO-5907736139156-1-scaled.jpg","datePublished":"2025-07-23T11:23:07+00:00","dateModified":"2026-05-06T13:16:57+00:00","breadcrumb":{"@id":"https:\/\/demkohome.pl\/produkt\/komoda-lunis-1-drzwi-szuflada\/#breadcrumb"},"inLanguage":"en-US","potentialAction":[{"@type":"ReadAction","target":["https:\/\/demkohome.pl\/produkt\/komoda-lunis-1-drzwi-szuflada\/"]}]},{"@type":"ImageObject","inLanguage":"en-US","@id":"https:\/\/demkohome.pl\/produkt\/komoda-lunis-1-drzwi-szuflada\/#primaryimage","url":"https:\/\/demkohome.pl\/wp-content\/uploads\/2025\/07\/LINUS-Komoda-1D1S-SAN_REMO-5907736139156-1-scaled.jpg","contentUrl":"https:\/\/demkohome.pl\/wp-content\/uploads\/2025\/07\/LINUS-Komoda-1D1S-SAN_REMO-5907736139156-1-scaled.jpg","width":2560,"height":2560},{"@type":"BreadcrumbList","@id":"https:\/\/demkohome.pl\/produkt\/komoda-lunis-1-drzwi-szuflada\/#breadcrumb","itemListElement":[{"@type":"ListItem","position":1,"name":"Strona g\u0142\u00f3wna","item":"https:\/\/demkohome.pl\/"},{"@type":"ListItem","position":2,"name":"Sklep","item":"https:\/\/demkohome.pl\/sklep\/"},{"@type":"ListItem","position":3,"name":"Komoda Lunis 1 drzwi 1 szuflada"}]},{"@type":"WebSite","@id":"https:\/\/demkohome.pl\/#website","url":"https:\/\/demkohome.pl\/","name":"Demko Home","description":"Make it simple","publisher":{"@id":"https:\/\/demkohome.pl\/#organization"},"potentialAction":[{"@type":"SearchAction","target":{"@type":"EntryPoint","urlTemplate":"https:\/\/demkohome.pl\/?s={search_term_string}"},"query-input":{"@type":"PropertyValueSpecification","valueRequired":true,"valueName":"search_term_string"}}],"inLanguage":"en-US"},{"@type":"Organization","@id":"https:\/\/demkohome.pl\/#organization","name":"Demko Home","url":"https:\/\/demkohome.pl\/","logo":{"@type":"ImageObject","inLanguage":"en-US","@id":"https:\/\/demkohome.pl\/#\/schema\/logo\/image\/","url":"https:\/\/demkohome.pl\/wp-content\/uploads\/2026\/03\/cropped-3.png","contentUrl":"https:\/\/demkohome.pl\/wp-content\/uploads\/2026\/03\/cropped-3.png","width":250,"height":63,"caption":"Demko Home"},"image":{"@id":"https:\/\/demkohome.pl\/#\/schema\/logo\/image\/"}}]}},"_links":{"self":[{"href":"https:\/\/demkohome.pl\/en\/wp-json\/wp\/v2\/product\/102113","targetHints":{"allow":["GET"]}}],"collection":[{"href":"https:\/\/demkohome.pl\/en\/wp-json\/wp\/v2\/product"}],"about":[{"href":"https:\/\/demkohome.pl\/en\/wp-json\/wp\/v2\/types\/product"}],"replies":[{"embeddable":true,"href":"https:\/\/demkohome.pl\/en\/wp-json\/wp\/v2\/comments?post=102113"}],"wp:featuredmedia":[{"embeddable":true,"href":"https:\/\/demkohome.pl\/en\/wp-json\/wp\/v2\/media\/102122"}],"wp:attachment":[{"href":"https:\/\/demkohome.pl\/en\/wp-json\/wp\/v2\/media?parent=102113"}],"wp:term":[{"taxonomy":"product_brand","embeddable":true,"href":"https:\/\/demkohome.pl\/en\/wp-json\/wp\/v2\/product_brand?post=102113"},{"taxonomy":"product_cat","embeddable":true,"href":"https:\/\/demkohome.pl\/en\/wp-json\/wp\/v2\/product_cat?post=102113"},{"taxonomy":"product_tag","embeddable":true,"href":"https:\/\/demkohome.pl\/en\/wp-json\/wp\/v2\/product_tag?post=102113"}],"curies":[{"name":"wp","href":"https:\/\/api.w.org\/{rel}","templated":true}]}}