{"id":1031,"date":"2024-04-20T21:35:58","date_gmt":"2024-04-20T19:35:58","guid":{"rendered":"https:\/\/demkohome.pl\/produkt\/dolna-blenda-salma\/"},"modified":"2026-05-12T15:28:04","modified_gmt":"2026-05-12T13:28:04","slug":"dolna-blenda-salma","status":"publish","type":"product","link":"https:\/\/demkohome.pl\/en\/product\/dolna-blenda-salma\/","title":{"rendered":"Salma Bottom Blade"},"content":{"rendered":"<h2>Salma Bottom Blade<\/h2>\n<p><span style=\"font-family: 'Noto Sans', sans-serif; font-size: 17px;\"><br \/>\nAre you looking for a solution that will harmoniously blend into the look of your kitchen? <\/span><\/p>\n<p><span style=\"font-family: 'Noto Sans', sans-serif; font-size: 17px;\">Salma's lower kitchen countertop is an excellent choice!<br \/>\n<span style=\"font-family: 'Noto Sans', sans-serif; font-size: 17px;\"><br \/>\nMade of high-quality materials, the Salma bottom countertop provides not only an aesthetically pleasing finish, but also durability and resistance to damage. Its elegant white finish adds a modern and fresh touch to the kitchen.<br \/>\n<span style=\"font-family: 'Noto Sans', sans-serif; font-size: 17px;\"><br \/>\nThe Salma Bottom Blade is designed to fit perfectly into lower kitchen cabinets, protecting the interior from dust and other dirt. Thanks to its sturdy construction, the countertop is easy to install and maintain.<br \/>\n<span style=\"font-family: 'Noto Sans', sans-serif; font-size: 17px;\"><br \/>\nWhen you choose the Salma bottom kitchen blender, you not only take care of the aesthetics of your kitchen, but also a practical and functional solution that supports the organization of space. Discover how easy it is to emphasize the elegance of your kitchen with the Salma bottom blender!<br \/>\n<span style=\"font-family: 'Noto Sans', sans-serif; font-size: 17px;\"><br \/>\n<img loading=\"lazy\" decoding=\"async\" class=\"alignnone wp-image-10366 size-full\" src=\"https:\/\/demkohome.pl\/wp-content\/uploads\/2023\/08\/Zestaw-mebli-kuchennych-Salma-wariant-bialy-Meble-Okmed-Demko.jpg\" alt=\"Zestaw mebli kuchennych Salma wariant bia\u0142y Meble Okmed Demko\" width=\"1600\" height=\"1080\" srcset=\"https:\/\/demkohome.pl\/wp-content\/uploads\/2023\/08\/Zestaw-mebli-kuchennych-Salma-wariant-bialy-Meble-Okmed-Demko.jpg 1600w, https:\/\/demkohome.pl\/wp-content\/uploads\/2023\/08\/Zestaw-mebli-kuchennych-Salma-wariant-bialy-Meble-Okmed-Demko-300x203.jpg 300w, https:\/\/demkohome.pl\/wp-content\/uploads\/2023\/08\/Zestaw-mebli-kuchennych-Salma-wariant-bialy-Meble-Okmed-Demko-600x405.jpg 600w, https:\/\/demkohome.pl\/wp-content\/uploads\/2023\/08\/Zestaw-mebli-kuchennych-Salma-wariant-bialy-Meble-Okmed-Demko-1024x691.jpg 1024w, https:\/\/demkohome.pl\/wp-content\/uploads\/2023\/08\/Zestaw-mebli-kuchennych-Salma-wariant-bialy-Meble-Okmed-Demko-768x518.jpg 768w, https:\/\/demkohome.pl\/wp-content\/uploads\/2023\/08\/Zestaw-mebli-kuchennych-Salma-wariant-bialy-Meble-Okmed-Demko-1536x1037.jpg 1536w\" sizes=\"auto, (max-width: 1600px) 100vw, 1600px\" \/><\/span><\/span><\/span><\/span><\/span><\/p>\n<p><span style=\"font-family: 'Noto Sans', sans-serif; font-size: 17px;\"><span style=\"font-family: 'Noto Sans', sans-serif; font-size: 17px;\"><span style=\"font-family: 'Noto Sans', sans-serif; font-size: 17px;\">Do you desire a kitchen that is both elegant and practical? The Salma kitchen furniture set with a length of 200 cm is the perfect solution for you! This complete set combines modern design with functionality, creating a space where cooking becomes a real pleasure. Made of high-quality materials, the Salma set is resistant to scratches and moisture, which guarantees its durability for many years. Its elegant white color adds a fresh and modern touch to the kitchen.<br \/>\n<span style=\"font-family: 'Noto Sans', sans-serif; font-size: 17px;\"><br \/>\nThanks to its well-thought-out layout, the set offers plenty of storage space for all your kitchen essentials. The lower and upper cabinets allow you to conveniently place your dishes, pots and food products, providing easy access to everything you need while cooking.<br \/>\n<span style=\"font-family: 'Noto Sans', sans-serif; font-size: 17px;\"><br \/>\nSalma kitchen furniture set is the perfect combination of style and functionality that will transform your kitchen and make cooking even more enjoyable. Make your kitchen the heart of your home with the Salma furniture set!<\/span><\/span><\/span><\/span><\/span><\/p>","protected":false},"excerpt":{"rendered":"<p>Dolna blenda Salma Szukasz rozwi\u0105zania, kt\u00f3re harmonijnie wkomponuje si\u0119 w wygl\u0105d Twojej kuchni? Dolna blenda kuchenna Salma jest doskona\u0142ym wyborem! (&#8230;)<\/p>","protected":false},"featured_media":10375,"comment_status":"open","ping_status":"closed","template":"","meta":{"_acf_changed":false,"inline_featured_image":false},"product_brand":[],"product_cat":[65,114],"product_tag":[],"class_list":{"0":"post-1031","1":"product","2":"type-product","3":"status-publish","4":"has-post-thumbnail","6":"product_cat-meble-kuchenne","7":"product_cat-salma","8":"product_shipping_class-przesylka-dpd-15-pln","9":"collection-salma","11":"first","12":"instock","13":"shipping-taxable","14":"purchasable","15":"product-type-variable"},"acf":[],"yoast_head":"<!-- This site is optimized with the Yoast SEO plugin v27.6 - https:\/\/yoast.com\/product\/yoast-seo-wordpress\/ -->\n<title>Dolna blenda Salma - Demko Home<\/title>\n<meta name=\"robots\" content=\"index, follow, max-snippet:-1, max-image-preview:large, max-video-preview:-1\" \/>\n<link rel=\"canonical\" href=\"https:\/\/demkohome.pl\/en\/product\/dolna-blenda-salma\/\" \/>\n<meta property=\"og:locale\" content=\"en_US\" \/>\n<meta property=\"og:type\" content=\"article\" \/>\n<meta property=\"og:title\" content=\"Dolna blenda Salma - Demko Home\" \/>\n<meta property=\"og:description\" content=\"Dolna blenda Salma Szukasz rozwi\u0105zania, kt\u00f3re harmonijnie wkomponuje si\u0119 w wygl\u0105d Twojej kuchni? Dolna blenda kuchenna Salma jest doskona\u0142ym wyborem! (...)\" \/>\n<meta property=\"og:url\" content=\"https:\/\/demkohome.pl\/en\/product\/dolna-blenda-salma\/\" \/>\n<meta property=\"og:site_name\" content=\"Demko Home\" \/>\n<meta property=\"article:modified_time\" content=\"2026-05-12T13:28:04+00:00\" \/>\n<meta property=\"og:image\" content=\"https:\/\/demkohome.pl\/wp-content\/uploads\/2023\/08\/Blenda-dolna-do-mebli-kuchennych-Salma-kolor-bialy-Meble-Okmed-Demko.jpg\" \/>\n\t<meta property=\"og:image:width\" content=\"1024\" \/>\n\t<meta property=\"og:image:height\" content=\"1024\" \/>\n\t<meta property=\"og:image:type\" content=\"image\/jpeg\" \/>\n<meta name=\"twitter:card\" content=\"summary_large_image\" \/>\n<meta name=\"twitter:label1\" content=\"Est. reading time\" \/>\n\t<meta name=\"twitter:data1\" content=\"3 minutes\" \/>\n<script type=\"application\/ld+json\" class=\"yoast-schema-graph\">{\"@context\":\"https:\\\/\\\/schema.org\",\"@graph\":[{\"@type\":\"WebPage\",\"@id\":\"https:\\\/\\\/demkohome.pl\\\/produkt\\\/dolna-blenda-salma\\\/\",\"url\":\"https:\\\/\\\/demkohome.pl\\\/produkt\\\/dolna-blenda-salma\\\/\",\"name\":\"Dolna blenda Salma - Demko Home\",\"isPartOf\":{\"@id\":\"https:\\\/\\\/demkohome.pl\\\/#website\"},\"primaryImageOfPage\":{\"@id\":\"https:\\\/\\\/demkohome.pl\\\/produkt\\\/dolna-blenda-salma\\\/#primaryimage\"},\"image\":{\"@id\":\"https:\\\/\\\/demkohome.pl\\\/produkt\\\/dolna-blenda-salma\\\/#primaryimage\"},\"thumbnailUrl\":\"https:\\\/\\\/demkohome.pl\\\/wp-content\\\/uploads\\\/2023\\\/08\\\/Blenda-dolna-do-mebli-kuchennych-Salma-kolor-bialy-Meble-Okmed-Demko.jpg\",\"datePublished\":\"2024-04-20T19:35:58+00:00\",\"dateModified\":\"2026-05-12T13:28:04+00:00\",\"breadcrumb\":{\"@id\":\"https:\\\/\\\/demkohome.pl\\\/produkt\\\/dolna-blenda-salma\\\/#breadcrumb\"},\"inLanguage\":\"en-US\",\"potentialAction\":[{\"@type\":\"ReadAction\",\"target\":[\"https:\\\/\\\/demkohome.pl\\\/produkt\\\/dolna-blenda-salma\\\/\"]}]},{\"@type\":\"ImageObject\",\"inLanguage\":\"en-US\",\"@id\":\"https:\\\/\\\/demkohome.pl\\\/produkt\\\/dolna-blenda-salma\\\/#primaryimage\",\"url\":\"https:\\\/\\\/demkohome.pl\\\/wp-content\\\/uploads\\\/2023\\\/08\\\/Blenda-dolna-do-mebli-kuchennych-Salma-kolor-bialy-Meble-Okmed-Demko.jpg\",\"contentUrl\":\"https:\\\/\\\/demkohome.pl\\\/wp-content\\\/uploads\\\/2023\\\/08\\\/Blenda-dolna-do-mebli-kuchennych-Salma-kolor-bialy-Meble-Okmed-Demko.jpg\",\"width\":1024,\"height\":1024,\"caption\":\"Blenda dolna do mebli kuchennych Salma kolor bialy Meble Okmed Demko\"},{\"@type\":\"BreadcrumbList\",\"@id\":\"https:\\\/\\\/demkohome.pl\\\/produkt\\\/dolna-blenda-salma\\\/#breadcrumb\",\"itemListElement\":[{\"@type\":\"ListItem\",\"position\":1,\"name\":\"Strona g\u0142\u00f3wna\",\"item\":\"https:\\\/\\\/demkohome.pl\\\/\"},{\"@type\":\"ListItem\",\"position\":2,\"name\":\"Sklep\",\"item\":\"https:\\\/\\\/demkohome.pl\\\/sklep\\\/\"},{\"@type\":\"ListItem\",\"position\":3,\"name\":\"Dolna blenda Salma\"}]},{\"@type\":\"WebSite\",\"@id\":\"https:\\\/\\\/demkohome.pl\\\/#website\",\"url\":\"https:\\\/\\\/demkohome.pl\\\/\",\"name\":\"Demko Home\",\"description\":\"Make it simple\",\"publisher\":{\"@id\":\"https:\\\/\\\/demkohome.pl\\\/#organization\"},\"potentialAction\":[{\"@type\":\"SearchAction\",\"target\":{\"@type\":\"EntryPoint\",\"urlTemplate\":\"https:\\\/\\\/demkohome.pl\\\/?s={search_term_string}\"},\"query-input\":{\"@type\":\"PropertyValueSpecification\",\"valueRequired\":true,\"valueName\":\"search_term_string\"}}],\"inLanguage\":\"en-US\"},{\"@type\":\"Organization\",\"@id\":\"https:\\\/\\\/demkohome.pl\\\/#organization\",\"name\":\"Demko Home\",\"url\":\"https:\\\/\\\/demkohome.pl\\\/\",\"logo\":{\"@type\":\"ImageObject\",\"inLanguage\":\"en-US\",\"@id\":\"https:\\\/\\\/demkohome.pl\\\/#\\\/schema\\\/logo\\\/image\\\/\",\"url\":\"https:\\\/\\\/demkohome.pl\\\/wp-content\\\/uploads\\\/2026\\\/03\\\/cropped-3.png\",\"contentUrl\":\"https:\\\/\\\/demkohome.pl\\\/wp-content\\\/uploads\\\/2026\\\/03\\\/cropped-3.png\",\"width\":250,\"height\":63,\"caption\":\"Demko Home\"},\"image\":{\"@id\":\"https:\\\/\\\/demkohome.pl\\\/#\\\/schema\\\/logo\\\/image\\\/\"}}]}<\/script>\n<!-- \/ Yoast SEO plugin. -->","yoast_head_json":{"title":"Dolna blenda Salma - Demko Home","robots":{"index":"index","follow":"follow","max-snippet":"max-snippet:-1","max-image-preview":"max-image-preview:large","max-video-preview":"max-video-preview:-1"},"canonical":"https:\/\/demkohome.pl\/en\/product\/dolna-blenda-salma\/","og_locale":"en_US","og_type":"article","og_title":"Dolna blenda Salma - Demko Home","og_description":"Dolna blenda Salma Szukasz rozwi\u0105zania, kt\u00f3re harmonijnie wkomponuje si\u0119 w wygl\u0105d Twojej kuchni? Dolna blenda kuchenna Salma jest doskona\u0142ym wyborem! (...)","og_url":"https:\/\/demkohome.pl\/en\/product\/dolna-blenda-salma\/","og_site_name":"Demko Home","article_modified_time":"2026-05-12T13:28:04+00:00","og_image":[{"width":1024,"height":1024,"url":"https:\/\/demkohome.pl\/wp-content\/uploads\/2023\/08\/Blenda-dolna-do-mebli-kuchennych-Salma-kolor-bialy-Meble-Okmed-Demko.jpg","type":"image\/jpeg"}],"twitter_card":"summary_large_image","twitter_misc":{"Est. reading time":"3 minutes"},"schema":{"@context":"https:\/\/schema.org","@graph":[{"@type":"WebPage","@id":"https:\/\/demkohome.pl\/produkt\/dolna-blenda-salma\/","url":"https:\/\/demkohome.pl\/produkt\/dolna-blenda-salma\/","name":"Dolna blenda Salma - Demko Home","isPartOf":{"@id":"https:\/\/demkohome.pl\/#website"},"primaryImageOfPage":{"@id":"https:\/\/demkohome.pl\/produkt\/dolna-blenda-salma\/#primaryimage"},"image":{"@id":"https:\/\/demkohome.pl\/produkt\/dolna-blenda-salma\/#primaryimage"},"thumbnailUrl":"https:\/\/demkohome.pl\/wp-content\/uploads\/2023\/08\/Blenda-dolna-do-mebli-kuchennych-Salma-kolor-bialy-Meble-Okmed-Demko.jpg","datePublished":"2024-04-20T19:35:58+00:00","dateModified":"2026-05-12T13:28:04+00:00","breadcrumb":{"@id":"https:\/\/demkohome.pl\/produkt\/dolna-blenda-salma\/#breadcrumb"},"inLanguage":"en-US","potentialAction":[{"@type":"ReadAction","target":["https:\/\/demkohome.pl\/produkt\/dolna-blenda-salma\/"]}]},{"@type":"ImageObject","inLanguage":"en-US","@id":"https:\/\/demkohome.pl\/produkt\/dolna-blenda-salma\/#primaryimage","url":"https:\/\/demkohome.pl\/wp-content\/uploads\/2023\/08\/Blenda-dolna-do-mebli-kuchennych-Salma-kolor-bialy-Meble-Okmed-Demko.jpg","contentUrl":"https:\/\/demkohome.pl\/wp-content\/uploads\/2023\/08\/Blenda-dolna-do-mebli-kuchennych-Salma-kolor-bialy-Meble-Okmed-Demko.jpg","width":1024,"height":1024,"caption":"Blenda dolna do mebli kuchennych Salma kolor bialy Meble Okmed Demko"},{"@type":"BreadcrumbList","@id":"https:\/\/demkohome.pl\/produkt\/dolna-blenda-salma\/#breadcrumb","itemListElement":[{"@type":"ListItem","position":1,"name":"Strona g\u0142\u00f3wna","item":"https:\/\/demkohome.pl\/"},{"@type":"ListItem","position":2,"name":"Sklep","item":"https:\/\/demkohome.pl\/sklep\/"},{"@type":"ListItem","position":3,"name":"Dolna blenda Salma"}]},{"@type":"WebSite","@id":"https:\/\/demkohome.pl\/#website","url":"https:\/\/demkohome.pl\/","name":"Demko Home","description":"Make it simple","publisher":{"@id":"https:\/\/demkohome.pl\/#organization"},"potentialAction":[{"@type":"SearchAction","target":{"@type":"EntryPoint","urlTemplate":"https:\/\/demkohome.pl\/?s={search_term_string}"},"query-input":{"@type":"PropertyValueSpecification","valueRequired":true,"valueName":"search_term_string"}}],"inLanguage":"en-US"},{"@type":"Organization","@id":"https:\/\/demkohome.pl\/#organization","name":"Demko Home","url":"https:\/\/demkohome.pl\/","logo":{"@type":"ImageObject","inLanguage":"en-US","@id":"https:\/\/demkohome.pl\/#\/schema\/logo\/image\/","url":"https:\/\/demkohome.pl\/wp-content\/uploads\/2026\/03\/cropped-3.png","contentUrl":"https:\/\/demkohome.pl\/wp-content\/uploads\/2026\/03\/cropped-3.png","width":250,"height":63,"caption":"Demko Home"},"image":{"@id":"https:\/\/demkohome.pl\/#\/schema\/logo\/image\/"}}]}},"_links":{"self":[{"href":"https:\/\/demkohome.pl\/en\/wp-json\/wp\/v2\/product\/1031","targetHints":{"allow":["GET"]}}],"collection":[{"href":"https:\/\/demkohome.pl\/en\/wp-json\/wp\/v2\/product"}],"about":[{"href":"https:\/\/demkohome.pl\/en\/wp-json\/wp\/v2\/types\/product"}],"replies":[{"embeddable":true,"href":"https:\/\/demkohome.pl\/en\/wp-json\/wp\/v2\/comments?post=1031"}],"wp:featuredmedia":[{"embeddable":true,"href":"https:\/\/demkohome.pl\/en\/wp-json\/wp\/v2\/media\/10375"}],"wp:attachment":[{"href":"https:\/\/demkohome.pl\/en\/wp-json\/wp\/v2\/media?parent=1031"}],"wp:term":[{"taxonomy":"product_brand","embeddable":true,"href":"https:\/\/demkohome.pl\/en\/wp-json\/wp\/v2\/product_brand?post=1031"},{"taxonomy":"product_cat","embeddable":true,"href":"https:\/\/demkohome.pl\/en\/wp-json\/wp\/v2\/product_cat?post=1031"},{"taxonomy":"product_tag","embeddable":true,"href":"https:\/\/demkohome.pl\/en\/wp-json\/wp\/v2\/product_tag?post=1031"}],"curies":[{"name":"wp","href":"https:\/\/api.w.org\/{rel}","templated":true}]}}