{"id":1067,"date":"2024-04-20T21:35:10","date_gmt":"2024-04-20T19:35:10","guid":{"rendered":"https:\/\/demkohome.pl\/produkt\/szafka-kuchenna-gorna-80-cm-salma\/"},"modified":"2026-05-12T15:28:50","modified_gmt":"2026-05-12T13:28:50","slug":"szafka-kuchenna-gorna-80-cm-salma","status":"publish","type":"product","link":"https:\/\/demkohome.pl\/en\/product\/szafka-kuchenna-gorna-80-cm-salma\/","title":{"rendered":"Kitchen wall cabinet 80 cm Salma"},"content":{"rendered":"<h2>Top kitchen cabinet 80 cm Salma<\/h2>\n<p><span style=\"font-family: 'Noto Sans', sans-serif; font-size: 17px;\"><br \/>\nThe wall cabinet from the Salma collection is a functional addition to the kitchen arrangement with an additional wall unit. The large capacity of the cabinet is due to its size of 80 x 72 x 30 cm and practical design, which is provided by separate doors for each of the two shelves. Aesthetic development of space on the kitchen wall, at the same time, can be very simple, due to the availability of this product in three color versions: classic white, fashionable beige and modern graphite. The cabinet is made of solid wood-based board with a thickness of 16 mm, the edges of which are additionally reinforced with PVC material. All this increases the strength of the cabinet both to possible scratches caused during normal use, as well as increases the resistance of the product to moisture.<\/span><\/p>\n<div class=\"container\">\n<div class=\"row\">\n<h3>Enrich your kitchen with additional solids from the Salma collection<\/h3>\n<p><img loading=\"lazy\" decoding=\"async\" class=\"alignnone wp-image-10366 size-full\" src=\"https:\/\/demkohome.pl\/wp-content\/uploads\/2023\/08\/Zestaw-mebli-kuchennych-Salma-wariant-bialy-Meble-Okmed-Demko.jpg\" alt=\"Zestaw mebli kuchennych Salma wariant bia\u0142y Meble Okmed Demko\" width=\"1600\" height=\"1080\" srcset=\"https:\/\/demkohome.pl\/wp-content\/uploads\/2023\/08\/Zestaw-mebli-kuchennych-Salma-wariant-bialy-Meble-Okmed-Demko.jpg 1600w, https:\/\/demkohome.pl\/wp-content\/uploads\/2023\/08\/Zestaw-mebli-kuchennych-Salma-wariant-bialy-Meble-Okmed-Demko-300x203.jpg 300w, https:\/\/demkohome.pl\/wp-content\/uploads\/2023\/08\/Zestaw-mebli-kuchennych-Salma-wariant-bialy-Meble-Okmed-Demko-600x405.jpg 600w, https:\/\/demkohome.pl\/wp-content\/uploads\/2023\/08\/Zestaw-mebli-kuchennych-Salma-wariant-bialy-Meble-Okmed-Demko-1024x691.jpg 1024w, https:\/\/demkohome.pl\/wp-content\/uploads\/2023\/08\/Zestaw-mebli-kuchennych-Salma-wariant-bialy-Meble-Okmed-Demko-768x518.jpg 768w, https:\/\/demkohome.pl\/wp-content\/uploads\/2023\/08\/Zestaw-mebli-kuchennych-Salma-wariant-bialy-Meble-Okmed-Demko-1536x1037.jpg 1536w\" sizes=\"auto, (max-width: 1600px) 100vw, 1600px\" \/><\/p>\n<p><span style=\"font-family: 'Noto Sans', sans-serif; font-size: 17px;\"><span style=\"font-family: 'Noto Sans', sans-serif; font-size: 17px;\"><span style=\"font-family: 'Noto Sans', sans-serif; font-size: 17px;\">Do you desire a kitchen that is both elegant and practical? The Salma kitchen furniture set with a length of 200 cm is the perfect solution for you! This complete set combines modern design with functionality, creating a space where cooking becomes a real pleasure. Made of high-quality materials, the Salma set is resistant to scratches and moisture, which guarantees its durability for many years. Its elegant white color adds a fresh and modern touch to the kitchen.<br \/>\n<span style=\"font-family: 'Noto Sans', sans-serif; font-size: 17px;\"><br \/>\nThanks to its well-thought-out layout, the set offers plenty of storage space for all your kitchen essentials. The lower and upper cabinets allow you to conveniently place your dishes, pots and food products, providing easy access to everything you need while cooking.<br \/>\n<span style=\"font-family: 'Noto Sans', sans-serif; font-size: 17px;\"><br \/>\nSalma kitchen furniture set is the perfect combination of style and functionality that will transform your kitchen and make cooking even more enjoyable. Make your kitchen the heart of your home with the Salma furniture set!<\/span><\/span><\/span><\/span><\/span><\/p>\n<\/div>\n<p><span style=\"font-family: 'Noto Sans', sans-serif; font-size: 17px;\"><br \/>\nIf the cabinet over the Salma hood meets your expectations, consider enriching your kitchen space with other solids from this collection.<\/span><\/p>\n<\/div>","protected":false},"excerpt":{"rendered":"<p>Szafka kuchenna g\u00f3rna 80 cm Salma Szafka wisz\u0105ca z kolekcji Salma to funkcjonalne uzupe\u0142nienie aran\u017cacji kuchennej o dodatkow\u0105 bry\u0142\u0119 wisz\u0105c\u0105. (&#8230;)<\/p>","protected":false},"featured_media":10269,"comment_status":"open","ping_status":"closed","template":"","meta":{"_acf_changed":false,"inline_featured_image":false},"product_brand":[],"product_cat":[140,65,137,139,114,106,108],"product_tag":[],"class_list":{"0":"post-1067","1":"product","2":"type-product","3":"status-publish","4":"has-post-thumbnail","6":"product_cat-kuchnia","7":"product_cat-meble-kuchenne","8":"product_cat-meble-systemowe","9":"product_cat-pomieszczenia","10":"product_cat-salma","11":"product_cat-szafki-kuchenne","12":"product_cat-szafki-kuchenne-wiszace","13":"product_shipping_class-przesylka-dpd-15-pln","14":"collection-salma","16":"first","17":"instock","18":"shipping-taxable","19":"purchasable","20":"product-type-variable"},"acf":[],"yoast_head":"<!-- This site is optimized with the Yoast SEO plugin v27.6 - https:\/\/yoast.com\/product\/yoast-seo-wordpress\/ -->\n<title>Szafka kuchenna wisz\u0105ca 80 cm Salma - Demko Home<\/title>\n<meta name=\"robots\" content=\"index, follow, max-snippet:-1, max-image-preview:large, max-video-preview:-1\" \/>\n<link rel=\"canonical\" href=\"https:\/\/demkohome.pl\/en\/product\/szafka-kuchenna-gorna-80-cm-salma\/\" \/>\n<meta property=\"og:locale\" content=\"en_US\" \/>\n<meta property=\"og:type\" content=\"article\" \/>\n<meta property=\"og:title\" content=\"Szafka kuchenna wisz\u0105ca 80 cm Salma - Demko Home\" \/>\n<meta property=\"og:description\" content=\"Szafka kuchenna g\u00f3rna 80 cm Salma Szafka wisz\u0105ca z kolekcji Salma to funkcjonalne uzupe\u0142nienie aran\u017cacji kuchennej o dodatkow\u0105 bry\u0142\u0119 wisz\u0105c\u0105. (...)\" \/>\n<meta property=\"og:url\" content=\"https:\/\/demkohome.pl\/en\/product\/szafka-kuchenna-gorna-80-cm-salma\/\" \/>\n<meta property=\"og:site_name\" content=\"Demko Home\" \/>\n<meta property=\"article:modified_time\" content=\"2026-05-12T13:28:50+00:00\" \/>\n<meta property=\"og:image\" content=\"https:\/\/demkohome.pl\/wp-content\/uploads\/2023\/08\/Szafka-kuchenna-wiszaca-80-cm-Salma-nad-okap-kolor-bialy-Okmed-Demko.jpg\" \/>\n\t<meta property=\"og:image:width\" content=\"1024\" \/>\n\t<meta property=\"og:image:height\" content=\"1024\" \/>\n\t<meta property=\"og:image:type\" content=\"image\/jpeg\" \/>\n<meta name=\"twitter:card\" content=\"summary_large_image\" \/>\n<meta name=\"twitter:label1\" content=\"Est. reading time\" \/>\n\t<meta name=\"twitter:data1\" content=\"3 minutes\" \/>\n<script type=\"application\/ld+json\" class=\"yoast-schema-graph\">{\"@context\":\"https:\\\/\\\/schema.org\",\"@graph\":[{\"@type\":\"WebPage\",\"@id\":\"https:\\\/\\\/demkohome.pl\\\/produkt\\\/szafka-kuchenna-gorna-80-cm-salma\\\/\",\"url\":\"https:\\\/\\\/demkohome.pl\\\/produkt\\\/szafka-kuchenna-gorna-80-cm-salma\\\/\",\"name\":\"Szafka kuchenna wisz\u0105ca 80 cm Salma - Demko Home\",\"isPartOf\":{\"@id\":\"https:\\\/\\\/demkohome.pl\\\/#website\"},\"primaryImageOfPage\":{\"@id\":\"https:\\\/\\\/demkohome.pl\\\/produkt\\\/szafka-kuchenna-gorna-80-cm-salma\\\/#primaryimage\"},\"image\":{\"@id\":\"https:\\\/\\\/demkohome.pl\\\/produkt\\\/szafka-kuchenna-gorna-80-cm-salma\\\/#primaryimage\"},\"thumbnailUrl\":\"https:\\\/\\\/demkohome.pl\\\/wp-content\\\/uploads\\\/2023\\\/08\\\/Szafka-kuchenna-wiszaca-80-cm-Salma-nad-okap-kolor-bialy-Okmed-Demko.jpg\",\"datePublished\":\"2024-04-20T19:35:10+00:00\",\"dateModified\":\"2026-05-12T13:28:50+00:00\",\"breadcrumb\":{\"@id\":\"https:\\\/\\\/demkohome.pl\\\/produkt\\\/szafka-kuchenna-gorna-80-cm-salma\\\/#breadcrumb\"},\"inLanguage\":\"en-US\",\"potentialAction\":[{\"@type\":\"ReadAction\",\"target\":[\"https:\\\/\\\/demkohome.pl\\\/produkt\\\/szafka-kuchenna-gorna-80-cm-salma\\\/\"]}]},{\"@type\":\"ImageObject\",\"inLanguage\":\"en-US\",\"@id\":\"https:\\\/\\\/demkohome.pl\\\/produkt\\\/szafka-kuchenna-gorna-80-cm-salma\\\/#primaryimage\",\"url\":\"https:\\\/\\\/demkohome.pl\\\/wp-content\\\/uploads\\\/2023\\\/08\\\/Szafka-kuchenna-wiszaca-80-cm-Salma-nad-okap-kolor-bialy-Okmed-Demko.jpg\",\"contentUrl\":\"https:\\\/\\\/demkohome.pl\\\/wp-content\\\/uploads\\\/2023\\\/08\\\/Szafka-kuchenna-wiszaca-80-cm-Salma-nad-okap-kolor-bialy-Okmed-Demko.jpg\",\"width\":1024,\"height\":1024,\"caption\":\"Szafka kuchenna wiszaca 80 cm Salma kolor bia\u0142y Okmed Demko\"},{\"@type\":\"BreadcrumbList\",\"@id\":\"https:\\\/\\\/demkohome.pl\\\/produkt\\\/szafka-kuchenna-gorna-80-cm-salma\\\/#breadcrumb\",\"itemListElement\":[{\"@type\":\"ListItem\",\"position\":1,\"name\":\"Strona g\u0142\u00f3wna\",\"item\":\"https:\\\/\\\/demkohome.pl\\\/\"},{\"@type\":\"ListItem\",\"position\":2,\"name\":\"Sklep\",\"item\":\"https:\\\/\\\/demkohome.pl\\\/sklep\\\/\"},{\"@type\":\"ListItem\",\"position\":3,\"name\":\"Szafka kuchenna wisz\u0105ca 80 cm Salma\"}]},{\"@type\":\"WebSite\",\"@id\":\"https:\\\/\\\/demkohome.pl\\\/#website\",\"url\":\"https:\\\/\\\/demkohome.pl\\\/\",\"name\":\"Demko Home\",\"description\":\"Make it simple\",\"publisher\":{\"@id\":\"https:\\\/\\\/demkohome.pl\\\/#organization\"},\"potentialAction\":[{\"@type\":\"SearchAction\",\"target\":{\"@type\":\"EntryPoint\",\"urlTemplate\":\"https:\\\/\\\/demkohome.pl\\\/?s={search_term_string}\"},\"query-input\":{\"@type\":\"PropertyValueSpecification\",\"valueRequired\":true,\"valueName\":\"search_term_string\"}}],\"inLanguage\":\"en-US\"},{\"@type\":\"Organization\",\"@id\":\"https:\\\/\\\/demkohome.pl\\\/#organization\",\"name\":\"Demko Home\",\"url\":\"https:\\\/\\\/demkohome.pl\\\/\",\"logo\":{\"@type\":\"ImageObject\",\"inLanguage\":\"en-US\",\"@id\":\"https:\\\/\\\/demkohome.pl\\\/#\\\/schema\\\/logo\\\/image\\\/\",\"url\":\"https:\\\/\\\/demkohome.pl\\\/wp-content\\\/uploads\\\/2026\\\/03\\\/cropped-3.png\",\"contentUrl\":\"https:\\\/\\\/demkohome.pl\\\/wp-content\\\/uploads\\\/2026\\\/03\\\/cropped-3.png\",\"width\":250,\"height\":63,\"caption\":\"Demko Home\"},\"image\":{\"@id\":\"https:\\\/\\\/demkohome.pl\\\/#\\\/schema\\\/logo\\\/image\\\/\"}}]}<\/script>\n<!-- \/ Yoast SEO plugin. -->","yoast_head_json":{"title":"Szafka kuchenna wisz\u0105ca 80 cm Salma - Demko Home","robots":{"index":"index","follow":"follow","max-snippet":"max-snippet:-1","max-image-preview":"max-image-preview:large","max-video-preview":"max-video-preview:-1"},"canonical":"https:\/\/demkohome.pl\/en\/product\/szafka-kuchenna-gorna-80-cm-salma\/","og_locale":"en_US","og_type":"article","og_title":"Szafka kuchenna wisz\u0105ca 80 cm Salma - Demko Home","og_description":"Szafka kuchenna g\u00f3rna 80 cm Salma Szafka wisz\u0105ca z kolekcji Salma to funkcjonalne uzupe\u0142nienie aran\u017cacji kuchennej o dodatkow\u0105 bry\u0142\u0119 wisz\u0105c\u0105. (...)","og_url":"https:\/\/demkohome.pl\/en\/product\/szafka-kuchenna-gorna-80-cm-salma\/","og_site_name":"Demko Home","article_modified_time":"2026-05-12T13:28:50+00:00","og_image":[{"width":1024,"height":1024,"url":"https:\/\/demkohome.pl\/wp-content\/uploads\/2023\/08\/Szafka-kuchenna-wiszaca-80-cm-Salma-nad-okap-kolor-bialy-Okmed-Demko.jpg","type":"image\/jpeg"}],"twitter_card":"summary_large_image","twitter_misc":{"Est. reading time":"3 minutes"},"schema":{"@context":"https:\/\/schema.org","@graph":[{"@type":"WebPage","@id":"https:\/\/demkohome.pl\/produkt\/szafka-kuchenna-gorna-80-cm-salma\/","url":"https:\/\/demkohome.pl\/produkt\/szafka-kuchenna-gorna-80-cm-salma\/","name":"Szafka kuchenna wisz\u0105ca 80 cm Salma - Demko Home","isPartOf":{"@id":"https:\/\/demkohome.pl\/#website"},"primaryImageOfPage":{"@id":"https:\/\/demkohome.pl\/produkt\/szafka-kuchenna-gorna-80-cm-salma\/#primaryimage"},"image":{"@id":"https:\/\/demkohome.pl\/produkt\/szafka-kuchenna-gorna-80-cm-salma\/#primaryimage"},"thumbnailUrl":"https:\/\/demkohome.pl\/wp-content\/uploads\/2023\/08\/Szafka-kuchenna-wiszaca-80-cm-Salma-nad-okap-kolor-bialy-Okmed-Demko.jpg","datePublished":"2024-04-20T19:35:10+00:00","dateModified":"2026-05-12T13:28:50+00:00","breadcrumb":{"@id":"https:\/\/demkohome.pl\/produkt\/szafka-kuchenna-gorna-80-cm-salma\/#breadcrumb"},"inLanguage":"en-US","potentialAction":[{"@type":"ReadAction","target":["https:\/\/demkohome.pl\/produkt\/szafka-kuchenna-gorna-80-cm-salma\/"]}]},{"@type":"ImageObject","inLanguage":"en-US","@id":"https:\/\/demkohome.pl\/produkt\/szafka-kuchenna-gorna-80-cm-salma\/#primaryimage","url":"https:\/\/demkohome.pl\/wp-content\/uploads\/2023\/08\/Szafka-kuchenna-wiszaca-80-cm-Salma-nad-okap-kolor-bialy-Okmed-Demko.jpg","contentUrl":"https:\/\/demkohome.pl\/wp-content\/uploads\/2023\/08\/Szafka-kuchenna-wiszaca-80-cm-Salma-nad-okap-kolor-bialy-Okmed-Demko.jpg","width":1024,"height":1024,"caption":"Szafka kuchenna wiszaca 80 cm Salma kolor bia\u0142y Okmed Demko"},{"@type":"BreadcrumbList","@id":"https:\/\/demkohome.pl\/produkt\/szafka-kuchenna-gorna-80-cm-salma\/#breadcrumb","itemListElement":[{"@type":"ListItem","position":1,"name":"Strona g\u0142\u00f3wna","item":"https:\/\/demkohome.pl\/"},{"@type":"ListItem","position":2,"name":"Sklep","item":"https:\/\/demkohome.pl\/sklep\/"},{"@type":"ListItem","position":3,"name":"Szafka kuchenna wisz\u0105ca 80 cm Salma"}]},{"@type":"WebSite","@id":"https:\/\/demkohome.pl\/#website","url":"https:\/\/demkohome.pl\/","name":"Demko Home","description":"Make it simple","publisher":{"@id":"https:\/\/demkohome.pl\/#organization"},"potentialAction":[{"@type":"SearchAction","target":{"@type":"EntryPoint","urlTemplate":"https:\/\/demkohome.pl\/?s={search_term_string}"},"query-input":{"@type":"PropertyValueSpecification","valueRequired":true,"valueName":"search_term_string"}}],"inLanguage":"en-US"},{"@type":"Organization","@id":"https:\/\/demkohome.pl\/#organization","name":"Demko Home","url":"https:\/\/demkohome.pl\/","logo":{"@type":"ImageObject","inLanguage":"en-US","@id":"https:\/\/demkohome.pl\/#\/schema\/logo\/image\/","url":"https:\/\/demkohome.pl\/wp-content\/uploads\/2026\/03\/cropped-3.png","contentUrl":"https:\/\/demkohome.pl\/wp-content\/uploads\/2026\/03\/cropped-3.png","width":250,"height":63,"caption":"Demko Home"},"image":{"@id":"https:\/\/demkohome.pl\/#\/schema\/logo\/image\/"}}]}},"_links":{"self":[{"href":"https:\/\/demkohome.pl\/en\/wp-json\/wp\/v2\/product\/1067","targetHints":{"allow":["GET"]}}],"collection":[{"href":"https:\/\/demkohome.pl\/en\/wp-json\/wp\/v2\/product"}],"about":[{"href":"https:\/\/demkohome.pl\/en\/wp-json\/wp\/v2\/types\/product"}],"replies":[{"embeddable":true,"href":"https:\/\/demkohome.pl\/en\/wp-json\/wp\/v2\/comments?post=1067"}],"wp:featuredmedia":[{"embeddable":true,"href":"https:\/\/demkohome.pl\/en\/wp-json\/wp\/v2\/media\/10269"}],"wp:attachment":[{"href":"https:\/\/demkohome.pl\/en\/wp-json\/wp\/v2\/media?parent=1067"}],"wp:term":[{"taxonomy":"product_brand","embeddable":true,"href":"https:\/\/demkohome.pl\/en\/wp-json\/wp\/v2\/product_brand?post=1067"},{"taxonomy":"product_cat","embeddable":true,"href":"https:\/\/demkohome.pl\/en\/wp-json\/wp\/v2\/product_cat?post=1067"},{"taxonomy":"product_tag","embeddable":true,"href":"https:\/\/demkohome.pl\/en\/wp-json\/wp\/v2\/product_tag?post=1067"}],"curies":[{"name":"wp","href":"https:\/\/api.w.org\/{rel}","templated":true}]}}