{"id":1073,"date":"2024-04-20T21:35:53","date_gmt":"2024-04-20T19:35:53","guid":{"rendered":"https:\/\/demkohome.pl\/produkt\/blenda-gorna-salma\/"},"modified":"2026-05-12T15:28:37","modified_gmt":"2026-05-12T13:28:37","slug":"blenda-gorna-salma","status":"publish","type":"product","link":"https:\/\/demkohome.pl\/en\/product\/blenda-gorna-salma\/","title":{"rendered":"Salma Top Blade"},"content":{"rendered":"<h2>Blenda for Salma wall cabinet<\/h2>\n<p><span style=\"font-family: 'Noto Sans', sans-serif; font-size: 17px;\"><br \/>\nThe Salma Top Blend helps conceal the factory white color of the extreme wall cabinet body, enhancing it with a glossy finish in the color of your choice. The product is designed to cover up the side of the extreme top cabinet that is visible to the observer, so that its color is unified with the dominant color of the Salma collection. Thus, the top blender is available in three color options: a white variant, graphite, beige with a glossy acrylic finish. For this purpose, the blends are made of 17 mm wood-based, laminated board with an acrylic finish. Bottom blends perform the same function for standing cabinets.<\/span><\/p>\n<p>Enrich the functionality of your kitchen by selecting cabinets from the Salma line<\/p>\n<div class=\"container\"><img loading=\"lazy\" decoding=\"async\" class=\"alignnone wp-image-10366 size-full\" src=\"https:\/\/demkohome.pl\/wp-content\/uploads\/2023\/08\/Zestaw-mebli-kuchennych-Salma-wariant-bialy-Meble-Okmed-Demko.jpg\" alt=\"Zestaw mebli kuchennych Salma wariant bia\u0142y Meble Okmed Demko\" width=\"1600\" height=\"1080\" srcset=\"https:\/\/demkohome.pl\/wp-content\/uploads\/2023\/08\/Zestaw-mebli-kuchennych-Salma-wariant-bialy-Meble-Okmed-Demko.jpg 1600w, https:\/\/demkohome.pl\/wp-content\/uploads\/2023\/08\/Zestaw-mebli-kuchennych-Salma-wariant-bialy-Meble-Okmed-Demko-300x203.jpg 300w, https:\/\/demkohome.pl\/wp-content\/uploads\/2023\/08\/Zestaw-mebli-kuchennych-Salma-wariant-bialy-Meble-Okmed-Demko-600x405.jpg 600w, https:\/\/demkohome.pl\/wp-content\/uploads\/2023\/08\/Zestaw-mebli-kuchennych-Salma-wariant-bialy-Meble-Okmed-Demko-1024x691.jpg 1024w, https:\/\/demkohome.pl\/wp-content\/uploads\/2023\/08\/Zestaw-mebli-kuchennych-Salma-wariant-bialy-Meble-Okmed-Demko-768x518.jpg 768w, https:\/\/demkohome.pl\/wp-content\/uploads\/2023\/08\/Zestaw-mebli-kuchennych-Salma-wariant-bialy-Meble-Okmed-Demko-1536x1037.jpg 1536w\" sizes=\"auto, (max-width: 1600px) 100vw, 1600px\" \/><span style=\"font-family: 'Noto Sans', sans-serif; font-size: 17px;\"><span style=\"font-family: 'Noto Sans', sans-serif; font-size: 17px;\"><span style=\"font-family: 'Noto Sans', sans-serif; font-size: 17px;\">Do you desire a kitchen that is both elegant and practical? The Salma kitchen furniture set with a length of 200 cm is the perfect solution for you! This complete set combines modern design with functionality, creating a space where cooking becomes a real pleasure. Made of high-quality materials, the Salma set is resistant to scratches and moisture, which guarantees its durability for many years. Its elegant white color adds a fresh and modern touch to the kitchen.<br \/>\n<span style=\"font-family: 'Noto Sans', sans-serif; font-size: 17px;\"><br \/>\nThanks to its well-thought-out layout, the set offers plenty of storage space for all your kitchen essentials. The lower and upper cabinets allow you to conveniently place your dishes, pots and food products, providing easy access to everything you need while cooking.<br \/>\n<span style=\"font-family: 'Noto Sans', sans-serif; font-size: 17px;\"><br \/>\nSalma kitchen furniture set is the perfect combination of style and functionality that will transform your kitchen and make cooking even more enjoyable. Make your kitchen the heart of your home with the Salma furniture set!<\/span><\/span><\/span><\/span><\/span><\/p>\n<h3><strong>Order and delivery<\/strong><\/h3>\n<p>The offer includes 1 Salma top blender.<\/p>\n<p>Assembly instructions and necessary accessories for its self-assembly.<\/p>\n<\/div>","protected":false},"excerpt":{"rendered":"<p>Blenda na szafk\u0119 wisz\u0105c\u0105 Salma Blenda g\u00f3rna Salma pomaga ukry\u0107 fabryczny, bia\u0142y kolor korpusu skrajnej szafki wisz\u0105cej, wzbogacaj\u0105c go o (&#8230;)<\/p>","protected":false},"featured_media":10371,"comment_status":"open","ping_status":"closed","template":"","meta":{"_acf_changed":false,"inline_featured_image":false},"product_brand":[],"product_cat":[65,114],"product_tag":[],"class_list":{"0":"post-1073","1":"product","2":"type-product","3":"status-publish","4":"has-post-thumbnail","6":"product_cat-meble-kuchenne","7":"product_cat-salma","8":"product_shipping_class-przesylka-dpd-15-pln","9":"collection-salma","11":"first","12":"instock","13":"shipping-taxable","14":"purchasable","15":"product-type-variable"},"acf":[],"yoast_head":"<!-- This site is optimized with the Yoast SEO plugin v27.6 - https:\/\/yoast.com\/product\/yoast-seo-wordpress\/ -->\n<title>G\u00f3rna blenda Salma - Demko Home<\/title>\n<meta name=\"robots\" content=\"index, follow, max-snippet:-1, max-image-preview:large, max-video-preview:-1\" \/>\n<link rel=\"canonical\" href=\"https:\/\/demkohome.pl\/en\/product\/blenda-gorna-salma\/\" \/>\n<meta property=\"og:locale\" content=\"en_US\" \/>\n<meta property=\"og:type\" content=\"article\" \/>\n<meta property=\"og:title\" content=\"G\u00f3rna blenda Salma - Demko Home\" \/>\n<meta property=\"og:description\" content=\"Blenda na szafk\u0119 wisz\u0105c\u0105 Salma Blenda g\u00f3rna Salma pomaga ukry\u0107 fabryczny, bia\u0142y kolor korpusu skrajnej szafki wisz\u0105cej, wzbogacaj\u0105c go o (...)\" \/>\n<meta property=\"og:url\" content=\"https:\/\/demkohome.pl\/en\/product\/blenda-gorna-salma\/\" \/>\n<meta property=\"og:site_name\" content=\"Demko Home\" \/>\n<meta property=\"article:modified_time\" content=\"2026-05-12T13:28:37+00:00\" \/>\n<meta property=\"og:image\" content=\"https:\/\/demkohome.pl\/wp-content\/uploads\/2023\/08\/Blenda-gorna-do-mebli-kuchennych-Salma-kolor-bialy-Meble-Okmed-Demko.jpg\" \/>\n\t<meta property=\"og:image:width\" content=\"1024\" \/>\n\t<meta property=\"og:image:height\" content=\"1024\" \/>\n\t<meta property=\"og:image:type\" content=\"image\/jpeg\" \/>\n<meta name=\"twitter:card\" content=\"summary_large_image\" \/>\n<meta name=\"twitter:label1\" content=\"Est. reading time\" \/>\n\t<meta name=\"twitter:data1\" content=\"3 minutes\" \/>\n<script type=\"application\/ld+json\" class=\"yoast-schema-graph\">{\"@context\":\"https:\\\/\\\/schema.org\",\"@graph\":[{\"@type\":\"WebPage\",\"@id\":\"https:\\\/\\\/demkohome.pl\\\/produkt\\\/blenda-gorna-salma\\\/\",\"url\":\"https:\\\/\\\/demkohome.pl\\\/produkt\\\/blenda-gorna-salma\\\/\",\"name\":\"G\u00f3rna blenda Salma - Demko Home\",\"isPartOf\":{\"@id\":\"https:\\\/\\\/demkohome.pl\\\/#website\"},\"primaryImageOfPage\":{\"@id\":\"https:\\\/\\\/demkohome.pl\\\/produkt\\\/blenda-gorna-salma\\\/#primaryimage\"},\"image\":{\"@id\":\"https:\\\/\\\/demkohome.pl\\\/produkt\\\/blenda-gorna-salma\\\/#primaryimage\"},\"thumbnailUrl\":\"https:\\\/\\\/demkohome.pl\\\/wp-content\\\/uploads\\\/2023\\\/08\\\/Blenda-gorna-do-mebli-kuchennych-Salma-kolor-bialy-Meble-Okmed-Demko.jpg\",\"datePublished\":\"2024-04-20T19:35:53+00:00\",\"dateModified\":\"2026-05-12T13:28:37+00:00\",\"breadcrumb\":{\"@id\":\"https:\\\/\\\/demkohome.pl\\\/produkt\\\/blenda-gorna-salma\\\/#breadcrumb\"},\"inLanguage\":\"en-US\",\"potentialAction\":[{\"@type\":\"ReadAction\",\"target\":[\"https:\\\/\\\/demkohome.pl\\\/produkt\\\/blenda-gorna-salma\\\/\"]}]},{\"@type\":\"ImageObject\",\"inLanguage\":\"en-US\",\"@id\":\"https:\\\/\\\/demkohome.pl\\\/produkt\\\/blenda-gorna-salma\\\/#primaryimage\",\"url\":\"https:\\\/\\\/demkohome.pl\\\/wp-content\\\/uploads\\\/2023\\\/08\\\/Blenda-gorna-do-mebli-kuchennych-Salma-kolor-bialy-Meble-Okmed-Demko.jpg\",\"contentUrl\":\"https:\\\/\\\/demkohome.pl\\\/wp-content\\\/uploads\\\/2023\\\/08\\\/Blenda-gorna-do-mebli-kuchennych-Salma-kolor-bialy-Meble-Okmed-Demko.jpg\",\"width\":1024,\"height\":1024,\"caption\":\"Blenda g\u00f3rna do mebli kuchennych Salma kolor bialy Meble Okmed Demko\"},{\"@type\":\"BreadcrumbList\",\"@id\":\"https:\\\/\\\/demkohome.pl\\\/produkt\\\/blenda-gorna-salma\\\/#breadcrumb\",\"itemListElement\":[{\"@type\":\"ListItem\",\"position\":1,\"name\":\"Strona g\u0142\u00f3wna\",\"item\":\"https:\\\/\\\/demkohome.pl\\\/\"},{\"@type\":\"ListItem\",\"position\":2,\"name\":\"Sklep\",\"item\":\"https:\\\/\\\/demkohome.pl\\\/sklep\\\/\"},{\"@type\":\"ListItem\",\"position\":3,\"name\":\"G\u00f3rna blenda Salma\"}]},{\"@type\":\"WebSite\",\"@id\":\"https:\\\/\\\/demkohome.pl\\\/#website\",\"url\":\"https:\\\/\\\/demkohome.pl\\\/\",\"name\":\"Demko Home\",\"description\":\"Make it simple\",\"publisher\":{\"@id\":\"https:\\\/\\\/demkohome.pl\\\/#organization\"},\"potentialAction\":[{\"@type\":\"SearchAction\",\"target\":{\"@type\":\"EntryPoint\",\"urlTemplate\":\"https:\\\/\\\/demkohome.pl\\\/?s={search_term_string}\"},\"query-input\":{\"@type\":\"PropertyValueSpecification\",\"valueRequired\":true,\"valueName\":\"search_term_string\"}}],\"inLanguage\":\"en-US\"},{\"@type\":\"Organization\",\"@id\":\"https:\\\/\\\/demkohome.pl\\\/#organization\",\"name\":\"Demko Home\",\"url\":\"https:\\\/\\\/demkohome.pl\\\/\",\"logo\":{\"@type\":\"ImageObject\",\"inLanguage\":\"en-US\",\"@id\":\"https:\\\/\\\/demkohome.pl\\\/#\\\/schema\\\/logo\\\/image\\\/\",\"url\":\"https:\\\/\\\/demkohome.pl\\\/wp-content\\\/uploads\\\/2026\\\/03\\\/cropped-3.png\",\"contentUrl\":\"https:\\\/\\\/demkohome.pl\\\/wp-content\\\/uploads\\\/2026\\\/03\\\/cropped-3.png\",\"width\":250,\"height\":63,\"caption\":\"Demko Home\"},\"image\":{\"@id\":\"https:\\\/\\\/demkohome.pl\\\/#\\\/schema\\\/logo\\\/image\\\/\"}}]}<\/script>\n<!-- \/ Yoast SEO plugin. -->","yoast_head_json":{"title":"G\u00f3rna blenda Salma - Demko Home","robots":{"index":"index","follow":"follow","max-snippet":"max-snippet:-1","max-image-preview":"max-image-preview:large","max-video-preview":"max-video-preview:-1"},"canonical":"https:\/\/demkohome.pl\/en\/product\/blenda-gorna-salma\/","og_locale":"en_US","og_type":"article","og_title":"G\u00f3rna blenda Salma - Demko Home","og_description":"Blenda na szafk\u0119 wisz\u0105c\u0105 Salma Blenda g\u00f3rna Salma pomaga ukry\u0107 fabryczny, bia\u0142y kolor korpusu skrajnej szafki wisz\u0105cej, wzbogacaj\u0105c go o (...)","og_url":"https:\/\/demkohome.pl\/en\/product\/blenda-gorna-salma\/","og_site_name":"Demko Home","article_modified_time":"2026-05-12T13:28:37+00:00","og_image":[{"width":1024,"height":1024,"url":"https:\/\/demkohome.pl\/wp-content\/uploads\/2023\/08\/Blenda-gorna-do-mebli-kuchennych-Salma-kolor-bialy-Meble-Okmed-Demko.jpg","type":"image\/jpeg"}],"twitter_card":"summary_large_image","twitter_misc":{"Est. reading time":"3 minutes"},"schema":{"@context":"https:\/\/schema.org","@graph":[{"@type":"WebPage","@id":"https:\/\/demkohome.pl\/produkt\/blenda-gorna-salma\/","url":"https:\/\/demkohome.pl\/produkt\/blenda-gorna-salma\/","name":"G\u00f3rna blenda Salma - Demko Home","isPartOf":{"@id":"https:\/\/demkohome.pl\/#website"},"primaryImageOfPage":{"@id":"https:\/\/demkohome.pl\/produkt\/blenda-gorna-salma\/#primaryimage"},"image":{"@id":"https:\/\/demkohome.pl\/produkt\/blenda-gorna-salma\/#primaryimage"},"thumbnailUrl":"https:\/\/demkohome.pl\/wp-content\/uploads\/2023\/08\/Blenda-gorna-do-mebli-kuchennych-Salma-kolor-bialy-Meble-Okmed-Demko.jpg","datePublished":"2024-04-20T19:35:53+00:00","dateModified":"2026-05-12T13:28:37+00:00","breadcrumb":{"@id":"https:\/\/demkohome.pl\/produkt\/blenda-gorna-salma\/#breadcrumb"},"inLanguage":"en-US","potentialAction":[{"@type":"ReadAction","target":["https:\/\/demkohome.pl\/produkt\/blenda-gorna-salma\/"]}]},{"@type":"ImageObject","inLanguage":"en-US","@id":"https:\/\/demkohome.pl\/produkt\/blenda-gorna-salma\/#primaryimage","url":"https:\/\/demkohome.pl\/wp-content\/uploads\/2023\/08\/Blenda-gorna-do-mebli-kuchennych-Salma-kolor-bialy-Meble-Okmed-Demko.jpg","contentUrl":"https:\/\/demkohome.pl\/wp-content\/uploads\/2023\/08\/Blenda-gorna-do-mebli-kuchennych-Salma-kolor-bialy-Meble-Okmed-Demko.jpg","width":1024,"height":1024,"caption":"Blenda g\u00f3rna do mebli kuchennych Salma kolor bialy Meble Okmed Demko"},{"@type":"BreadcrumbList","@id":"https:\/\/demkohome.pl\/produkt\/blenda-gorna-salma\/#breadcrumb","itemListElement":[{"@type":"ListItem","position":1,"name":"Strona g\u0142\u00f3wna","item":"https:\/\/demkohome.pl\/"},{"@type":"ListItem","position":2,"name":"Sklep","item":"https:\/\/demkohome.pl\/sklep\/"},{"@type":"ListItem","position":3,"name":"G\u00f3rna blenda Salma"}]},{"@type":"WebSite","@id":"https:\/\/demkohome.pl\/#website","url":"https:\/\/demkohome.pl\/","name":"Demko Home","description":"Make it simple","publisher":{"@id":"https:\/\/demkohome.pl\/#organization"},"potentialAction":[{"@type":"SearchAction","target":{"@type":"EntryPoint","urlTemplate":"https:\/\/demkohome.pl\/?s={search_term_string}"},"query-input":{"@type":"PropertyValueSpecification","valueRequired":true,"valueName":"search_term_string"}}],"inLanguage":"en-US"},{"@type":"Organization","@id":"https:\/\/demkohome.pl\/#organization","name":"Demko Home","url":"https:\/\/demkohome.pl\/","logo":{"@type":"ImageObject","inLanguage":"en-US","@id":"https:\/\/demkohome.pl\/#\/schema\/logo\/image\/","url":"https:\/\/demkohome.pl\/wp-content\/uploads\/2026\/03\/cropped-3.png","contentUrl":"https:\/\/demkohome.pl\/wp-content\/uploads\/2026\/03\/cropped-3.png","width":250,"height":63,"caption":"Demko Home"},"image":{"@id":"https:\/\/demkohome.pl\/#\/schema\/logo\/image\/"}}]}},"_links":{"self":[{"href":"https:\/\/demkohome.pl\/en\/wp-json\/wp\/v2\/product\/1073","targetHints":{"allow":["GET"]}}],"collection":[{"href":"https:\/\/demkohome.pl\/en\/wp-json\/wp\/v2\/product"}],"about":[{"href":"https:\/\/demkohome.pl\/en\/wp-json\/wp\/v2\/types\/product"}],"replies":[{"embeddable":true,"href":"https:\/\/demkohome.pl\/en\/wp-json\/wp\/v2\/comments?post=1073"}],"wp:featuredmedia":[{"embeddable":true,"href":"https:\/\/demkohome.pl\/en\/wp-json\/wp\/v2\/media\/10371"}],"wp:attachment":[{"href":"https:\/\/demkohome.pl\/en\/wp-json\/wp\/v2\/media?parent=1073"}],"wp:term":[{"taxonomy":"product_brand","embeddable":true,"href":"https:\/\/demkohome.pl\/en\/wp-json\/wp\/v2\/product_brand?post=1073"},{"taxonomy":"product_cat","embeddable":true,"href":"https:\/\/demkohome.pl\/en\/wp-json\/wp\/v2\/product_cat?post=1073"},{"taxonomy":"product_tag","embeddable":true,"href":"https:\/\/demkohome.pl\/en\/wp-json\/wp\/v2\/product_tag?post=1073"}],"curies":[{"name":"wp","href":"https:\/\/api.w.org\/{rel}","templated":true}]}}