{"id":11567,"date":"2024-07-02T14:57:36","date_gmt":"2024-07-02T12:57:36","guid":{"rendered":"https:\/\/demkohome.pl\/?post_type=product&#038;p=11567"},"modified":"2026-04-27T13:49:38","modified_gmt":"2026-04-27T11:49:38","slug":"szafka-kuchenna-dolna-60-cm-slupek","status":"publish","type":"product","link":"https:\/\/demkohome.pl\/en\/product\/szafka-kuchenna-dolna-60-cm-slupek\/","title":{"rendered":"Lower kitchen cabinet 60 cm post Roma"},"content":{"rendered":"<h3 data-start=\"0\" data-end=\"213\">Szafka kuchenna dolna Roma 60 cm w formie s\u0142upka to nowoczesny i bardzo funkcjonalny element zabudowy, kt\u00f3ry pozwala na maksymalne wykorzystanie przestrzeni w kuchni przy zachowaniu sp\u00f3jnego, eleganckiego wygl\u0105du.<\/h3>\n<p data-start=\"215\" data-end=\"498\">Wysoka konstrukcja typu s\u0142upek zapewnia du\u017c\u0105 pojemno\u015b\u0107 przechowywania, dzi\u0119ki czemu idealnie sprawdza si\u0119 do organizacji naczy\u0144, garnk\u00f3w, zapas\u00f3w spo\u017cywczych oraz akcesori\u00f3w kuchennych. Przemy\u015blany uk\u0142ad wn\u0119trza u\u0142atwia utrzymanie porz\u0105dku i wygodny dost\u0119p do przechowywanych rzeczy.<\/p>\n<p data-start=\"500\" data-end=\"716\">Front w dekorze jode\u0142ki stanowi charakterystyczny element kolekcji, nadaj\u0105c meblowi elegancki i nowoczesny charakter. Wyrazisty wz\u00f3r wprowadza do wn\u0119trza rytm i g\u0142\u0119bi\u0119, podkre\u015blaj\u0105c estetyk\u0119 ca\u0142ej zabudowy kuchennej.<\/p>\n<p data-start=\"718\" data-end=\"974\">Korpus dost\u0119pny w kolorze czarnym lub bia\u0142ym pozwala na \u0142atwe dopasowanie s\u0142upka do r\u00f3\u017cnych styl\u00f3w aran\u017cacyjnych \u2013 od minimalistycznych, przez loftowe, a\u017c po klasyczne kuchnie. Kontrastowe zestawienie kolor\u00f3w podkre\u015bla bry\u0142\u0119 mebla i nadaje mu wyrazisto\u015bci.<\/p>\n<p data-start=\"976\" data-end=\"1162\">Minimalistyczna forma oraz staranne wykonanie sprawiaj\u0105, \u017ce szafka prezentuje si\u0119 nowocze\u015bnie i lekko, pozostaj\u0105c jednocze\u015bnie bardzo solidnym i praktycznym elementem wyposa\u017cenia kuchni.<\/p>\n<p data-start=\"1164\" data-end=\"1297\" data-is-last-node=\"\" data-is-only-node=\"\"><strong>Roma 60 cm s\u0142upek to idealne rozwi\u0105zanie dla os\u00f3b, kt\u00f3re ceni\u0105 du\u017c\u0105 pojemno\u015b\u0107, funkcjonalno\u015b\u0107 oraz sp\u00f3jny, elegancki design w kuchni.<\/strong><\/p>\n<p><img loading=\"lazy\" decoding=\"async\" class=\"alignnone wp-image-752642 size-full\" src=\"https:\/\/demkohome.pl\/wp-content\/uploads\/2024\/07\/Kuchnia-Roma-200_72-Jodelka_-Czarny-scaled.jpg\" alt=\"\" width=\"2560\" height=\"1707\" srcset=\"https:\/\/demkohome.pl\/wp-content\/uploads\/2024\/07\/Kuchnia-Roma-200_72-Jodelka_-Czarny-scaled.jpg 2560w, https:\/\/demkohome.pl\/wp-content\/uploads\/2024\/07\/Kuchnia-Roma-200_72-Jodelka_-Czarny-300x200.jpg 300w, https:\/\/demkohome.pl\/wp-content\/uploads\/2024\/07\/Kuchnia-Roma-200_72-Jodelka_-Czarny-1024x683.jpg 1024w, https:\/\/demkohome.pl\/wp-content\/uploads\/2024\/07\/Kuchnia-Roma-200_72-Jodelka_-Czarny-768x512.jpg 768w, https:\/\/demkohome.pl\/wp-content\/uploads\/2024\/07\/Kuchnia-Roma-200_72-Jodelka_-Czarny-1536x1024.jpg 1536w, https:\/\/demkohome.pl\/wp-content\/uploads\/2024\/07\/Kuchnia-Roma-200_72-Jodelka_-Czarny-2048x1365.jpg 2048w, https:\/\/demkohome.pl\/wp-content\/uploads\/2024\/07\/Kuchnia-Roma-200_72-Jodelka_-Czarny-18x12.jpg 18w, https:\/\/demkohome.pl\/wp-content\/uploads\/2024\/07\/Kuchnia-Roma-200_72-Jodelka_-Czarny-600x400.jpg 600w\" sizes=\"auto, (max-width: 2560px) 100vw, 2560px\" \/><\/p>\n<p>&nbsp;<\/p>\n<h4 data-start=\"680\" data-end=\"734\"><span style=\"color: #000000;\">Product Dimensions:<\/span><\/h4>\n<table class=\"o-product-features\" role=\"presentation\">\n<tbody>\n<tr class=\"m-product-attr-row\">\n<th class=\"m-product-attr-row__name\" scope=\"row\">\n<h6>Produkt po z\u0142o\u017ceniu: szeroko\u015b\u0107 (w cm)<\/h6>\n<\/th>\n<td class=\"m-product-attr-row__value\">\n<h6>60<\/h6>\n<\/td>\n<\/tr>\n<tr class=\"m-product-attr-row\">\n<th class=\"m-product-attr-row__name\" scope=\"row\">\n<h6>Produkt po z\u0142o\u017ceniu: g\u0142\u0119boko\u015b\u0107 (w cm)<\/h6>\n<\/th>\n<td class=\"m-product-attr-row__value\">\n<h6>60<\/h6>\n<\/td>\n<\/tr>\n<tr class=\"m-product-attr-row\">\n<th class=\"m-product-attr-row__name\" scope=\"row\">\n<h6>Produkt po z\u0142o\u017ceniu: wysoko\u015b\u0107 (w cm)<\/h6>\n<\/th>\n<td class=\"m-product-attr-row__value\">\n<h6>220<\/h6>\n<\/td>\n<\/tr>\n<tr class=\"m-product-attr-row\">\n<th class=\"m-product-attr-row__name\" scope=\"row\">\n<h6>Produkt w opakowaniu: waga (w kg)<\/h6>\n<\/th>\n<td class=\"m-product-attr-row__value\">\n<h6>71<\/h6>\n<\/td>\n<\/tr>\n<\/tbody>\n<\/table>\n<p data-start=\"1164\" data-end=\"1297\" data-is-last-node=\"\" data-is-only-node=\"\"><strong><br \/>\n<img loading=\"lazy\" decoding=\"async\" class=\"alignleft wp-image-754728\" src=\"https:\/\/demkohome.pl\/wp-content\/uploads\/2024\/07\/81-cm-2048-x-4000-px-1-102x300.png\" alt=\"\" width=\"610\" height=\"1787\" srcset=\"https:\/\/demkohome.pl\/wp-content\/uploads\/2024\/07\/81-cm-2048-x-4000-px-1-102x300.png 102w, https:\/\/demkohome.pl\/wp-content\/uploads\/2024\/07\/81-cm-2048-x-4000-px-1-350x1024.png 350w, https:\/\/demkohome.pl\/wp-content\/uploads\/2024\/07\/81-cm-2048-x-4000-px-1-768x2250.png 768w, https:\/\/demkohome.pl\/wp-content\/uploads\/2024\/07\/81-cm-2048-x-4000-px-1-524x1536.png 524w, https:\/\/demkohome.pl\/wp-content\/uploads\/2024\/07\/81-cm-2048-x-4000-px-1-699x2048.png 699w, https:\/\/demkohome.pl\/wp-content\/uploads\/2024\/07\/81-cm-2048-x-4000-px-1-4x12.png 4w, https:\/\/demkohome.pl\/wp-content\/uploads\/2024\/07\/81-cm-2048-x-4000-px-1-300x879.png 300w, https:\/\/demkohome.pl\/wp-content\/uploads\/2024\/07\/81-cm-2048-x-4000-px-1-600x1758.png 600w, https:\/\/demkohome.pl\/wp-content\/uploads\/2024\/07\/81-cm-2048-x-4000-px-1-scaled.png 874w\" sizes=\"auto, (max-width: 610px) 100vw, 610px\" \/><br \/>\n<\/strong><\/p>","protected":false},"excerpt":{"rendered":"<p>Szafka kuchenna dolna Roma 60 cm w formie s\u0142upka to nowoczesny i bardzo funkcjonalny element zabudowy, kt\u00f3ry pozwala na maksymalne (&#8230;)<\/p>","protected":false},"featured_media":12436,"comment_status":"open","ping_status":"closed","template":"","meta":{"_acf_changed":false,"inline_featured_image":false},"product_brand":[],"product_cat":[302,111,65,300,139,321,304,317,107],"product_tag":[],"class_list":{"0":"post-11567","1":"product","2":"type-product","3":"status-publish","4":"has-post-thumbnail","6":"product_cat-kuchnia-pomieszczenia","7":"product_cat-kuchnie-modulowe","8":"product_cat-meble-kuchenne","9":"product_cat-meble-kuchenne-meble","10":"product_cat-pomieszczenia","11":"product_cat-roma-zestawy-mebli-kuchennych-meble-kuchenne-meble","12":"product_cat-roma","13":"product_cat-szafki-meble-kuchenne-meble","14":"product_cat-szafki-kuchenne-stojace","15":"product_shipping_class-paczka-nst-paczka-st","16":"collection-roma","18":"first","19":"instock","20":"shipping-taxable","21":"purchasable","22":"product-type-variable","23":"has-default-attributes"},"acf":[],"yoast_head":"<!-- This site is optimized with the Yoast SEO plugin v27.4 - https:\/\/yoast.com\/product\/yoast-seo-wordpress\/ -->\n<title>Szafka kuchenna dolna 60 cm s\u0142upek Roma - Demko Home<\/title>\n<meta name=\"robots\" content=\"index, follow, max-snippet:-1, max-image-preview:large, max-video-preview:-1\" \/>\n<link rel=\"canonical\" href=\"https:\/\/demkohome.pl\/en\/product\/szafka-kuchenna-dolna-60-cm-slupek\/\" \/>\n<meta property=\"og:locale\" content=\"en_US\" \/>\n<meta property=\"og:type\" content=\"article\" \/>\n<meta property=\"og:title\" content=\"Szafka kuchenna dolna 60 cm s\u0142upek Roma - Demko Home\" \/>\n<meta property=\"og:description\" content=\"Szafka kuchenna dolna Roma 60 cm w formie s\u0142upka to nowoczesny i bardzo funkcjonalny element zabudowy, kt\u00f3ry pozwala na maksymalne (...)\" \/>\n<meta property=\"og:url\" content=\"https:\/\/demkohome.pl\/en\/product\/szafka-kuchenna-dolna-60-cm-slupek\/\" \/>\n<meta property=\"og:site_name\" content=\"Demko Home\" \/>\n<meta property=\"article:modified_time\" content=\"2026-04-27T11:49:38+00:00\" \/>\n<meta property=\"og:image\" content=\"https:\/\/demkohome.pl\/wp-content\/uploads\/2024\/09\/Sz.-kuch.-ROMA-Dol-60_210-LP-Slupek_Piekarnik-Jodelka_Czarny.jpg\" \/>\n\t<meta property=\"og:image:width\" content=\"1280\" \/>\n\t<meta property=\"og:image:height\" content=\"1707\" \/>\n\t<meta property=\"og:image:type\" content=\"image\/jpeg\" \/>\n<meta name=\"twitter:card\" content=\"summary_large_image\" \/>\n<meta name=\"twitter:label1\" content=\"Est. reading time\" \/>\n\t<meta name=\"twitter:data1\" content=\"3 minutes\" \/>\n<script type=\"application\/ld+json\" class=\"yoast-schema-graph\">{\"@context\":\"https:\\\/\\\/schema.org\",\"@graph\":[{\"@type\":\"WebPage\",\"@id\":\"https:\\\/\\\/demkohome.pl\\\/produkt\\\/szafka-kuchenna-dolna-60-cm-slupek\\\/\",\"url\":\"https:\\\/\\\/demkohome.pl\\\/produkt\\\/szafka-kuchenna-dolna-60-cm-slupek\\\/\",\"name\":\"Szafka kuchenna dolna 60 cm s\u0142upek Roma - Demko Home\",\"isPartOf\":{\"@id\":\"https:\\\/\\\/demkohome.pl\\\/#website\"},\"primaryImageOfPage\":{\"@id\":\"https:\\\/\\\/demkohome.pl\\\/produkt\\\/szafka-kuchenna-dolna-60-cm-slupek\\\/#primaryimage\"},\"image\":{\"@id\":\"https:\\\/\\\/demkohome.pl\\\/produkt\\\/szafka-kuchenna-dolna-60-cm-slupek\\\/#primaryimage\"},\"thumbnailUrl\":\"https:\\\/\\\/demkohome.pl\\\/wp-content\\\/uploads\\\/2024\\\/09\\\/Sz.-kuch.-ROMA-Dol-60_210-LP-Slupek_Piekarnik-Jodelka_Czarny.jpg\",\"datePublished\":\"2024-07-02T12:57:36+00:00\",\"dateModified\":\"2026-04-27T11:49:38+00:00\",\"breadcrumb\":{\"@id\":\"https:\\\/\\\/demkohome.pl\\\/produkt\\\/szafka-kuchenna-dolna-60-cm-slupek\\\/#breadcrumb\"},\"inLanguage\":\"en-US\",\"potentialAction\":[{\"@type\":\"ReadAction\",\"target\":[\"https:\\\/\\\/demkohome.pl\\\/produkt\\\/szafka-kuchenna-dolna-60-cm-slupek\\\/\"]}]},{\"@type\":\"ImageObject\",\"inLanguage\":\"en-US\",\"@id\":\"https:\\\/\\\/demkohome.pl\\\/produkt\\\/szafka-kuchenna-dolna-60-cm-slupek\\\/#primaryimage\",\"url\":\"https:\\\/\\\/demkohome.pl\\\/wp-content\\\/uploads\\\/2024\\\/09\\\/Sz.-kuch.-ROMA-Dol-60_210-LP-Slupek_Piekarnik-Jodelka_Czarny.jpg\",\"contentUrl\":\"https:\\\/\\\/demkohome.pl\\\/wp-content\\\/uploads\\\/2024\\\/09\\\/Sz.-kuch.-ROMA-Dol-60_210-LP-Slupek_Piekarnik-Jodelka_Czarny.jpg\",\"width\":1280,\"height\":1707,\"caption\":\"Szafka kuchenna Roma Meble Okmed Demko Demko Home Kuchnia Czarny\"},{\"@type\":\"BreadcrumbList\",\"@id\":\"https:\\\/\\\/demkohome.pl\\\/produkt\\\/szafka-kuchenna-dolna-60-cm-slupek\\\/#breadcrumb\",\"itemListElement\":[{\"@type\":\"ListItem\",\"position\":1,\"name\":\"Strona g\u0142\u00f3wna\",\"item\":\"https:\\\/\\\/demkohome.pl\\\/\"},{\"@type\":\"ListItem\",\"position\":2,\"name\":\"Sklep\",\"item\":\"https:\\\/\\\/demkohome.pl\\\/sklep\\\/\"},{\"@type\":\"ListItem\",\"position\":3,\"name\":\"Szafka kuchenna dolna 60 cm s\u0142upek Roma\"}]},{\"@type\":\"WebSite\",\"@id\":\"https:\\\/\\\/demkohome.pl\\\/#website\",\"url\":\"https:\\\/\\\/demkohome.pl\\\/\",\"name\":\"Demko Home\",\"description\":\"Make it simple\",\"publisher\":{\"@id\":\"https:\\\/\\\/demkohome.pl\\\/#organization\"},\"potentialAction\":[{\"@type\":\"SearchAction\",\"target\":{\"@type\":\"EntryPoint\",\"urlTemplate\":\"https:\\\/\\\/demkohome.pl\\\/?s={search_term_string}\"},\"query-input\":{\"@type\":\"PropertyValueSpecification\",\"valueRequired\":true,\"valueName\":\"search_term_string\"}}],\"inLanguage\":\"en-US\"},{\"@type\":\"Organization\",\"@id\":\"https:\\\/\\\/demkohome.pl\\\/#organization\",\"name\":\"Demko Home\",\"url\":\"https:\\\/\\\/demkohome.pl\\\/\",\"logo\":{\"@type\":\"ImageObject\",\"inLanguage\":\"en-US\",\"@id\":\"https:\\\/\\\/demkohome.pl\\\/#\\\/schema\\\/logo\\\/image\\\/\",\"url\":\"https:\\\/\\\/demkohome.pl\\\/wp-content\\\/uploads\\\/2026\\\/03\\\/cropped-3.png\",\"contentUrl\":\"https:\\\/\\\/demkohome.pl\\\/wp-content\\\/uploads\\\/2026\\\/03\\\/cropped-3.png\",\"width\":250,\"height\":63,\"caption\":\"Demko Home\"},\"image\":{\"@id\":\"https:\\\/\\\/demkohome.pl\\\/#\\\/schema\\\/logo\\\/image\\\/\"}}]}<\/script>\n<!-- \/ Yoast SEO plugin. -->","yoast_head_json":{"title":"Szafka kuchenna dolna 60 cm s\u0142upek Roma - Demko Home","robots":{"index":"index","follow":"follow","max-snippet":"max-snippet:-1","max-image-preview":"max-image-preview:large","max-video-preview":"max-video-preview:-1"},"canonical":"https:\/\/demkohome.pl\/en\/product\/szafka-kuchenna-dolna-60-cm-slupek\/","og_locale":"en_US","og_type":"article","og_title":"Szafka kuchenna dolna 60 cm s\u0142upek Roma - Demko Home","og_description":"Szafka kuchenna dolna Roma 60 cm w formie s\u0142upka to nowoczesny i bardzo funkcjonalny element zabudowy, kt\u00f3ry pozwala na maksymalne (...)","og_url":"https:\/\/demkohome.pl\/en\/product\/szafka-kuchenna-dolna-60-cm-slupek\/","og_site_name":"Demko Home","article_modified_time":"2026-04-27T11:49:38+00:00","og_image":[{"width":1280,"height":1707,"url":"https:\/\/demkohome.pl\/wp-content\/uploads\/2024\/09\/Sz.-kuch.-ROMA-Dol-60_210-LP-Slupek_Piekarnik-Jodelka_Czarny.jpg","type":"image\/jpeg"}],"twitter_card":"summary_large_image","twitter_misc":{"Est. reading time":"3 minutes"},"schema":{"@context":"https:\/\/schema.org","@graph":[{"@type":"WebPage","@id":"https:\/\/demkohome.pl\/produkt\/szafka-kuchenna-dolna-60-cm-slupek\/","url":"https:\/\/demkohome.pl\/produkt\/szafka-kuchenna-dolna-60-cm-slupek\/","name":"Szafka kuchenna dolna 60 cm s\u0142upek Roma - Demko Home","isPartOf":{"@id":"https:\/\/demkohome.pl\/#website"},"primaryImageOfPage":{"@id":"https:\/\/demkohome.pl\/produkt\/szafka-kuchenna-dolna-60-cm-slupek\/#primaryimage"},"image":{"@id":"https:\/\/demkohome.pl\/produkt\/szafka-kuchenna-dolna-60-cm-slupek\/#primaryimage"},"thumbnailUrl":"https:\/\/demkohome.pl\/wp-content\/uploads\/2024\/09\/Sz.-kuch.-ROMA-Dol-60_210-LP-Slupek_Piekarnik-Jodelka_Czarny.jpg","datePublished":"2024-07-02T12:57:36+00:00","dateModified":"2026-04-27T11:49:38+00:00","breadcrumb":{"@id":"https:\/\/demkohome.pl\/produkt\/szafka-kuchenna-dolna-60-cm-slupek\/#breadcrumb"},"inLanguage":"en-US","potentialAction":[{"@type":"ReadAction","target":["https:\/\/demkohome.pl\/produkt\/szafka-kuchenna-dolna-60-cm-slupek\/"]}]},{"@type":"ImageObject","inLanguage":"en-US","@id":"https:\/\/demkohome.pl\/produkt\/szafka-kuchenna-dolna-60-cm-slupek\/#primaryimage","url":"https:\/\/demkohome.pl\/wp-content\/uploads\/2024\/09\/Sz.-kuch.-ROMA-Dol-60_210-LP-Slupek_Piekarnik-Jodelka_Czarny.jpg","contentUrl":"https:\/\/demkohome.pl\/wp-content\/uploads\/2024\/09\/Sz.-kuch.-ROMA-Dol-60_210-LP-Slupek_Piekarnik-Jodelka_Czarny.jpg","width":1280,"height":1707,"caption":"Szafka kuchenna Roma Meble Okmed Demko Demko Home Kuchnia Czarny"},{"@type":"BreadcrumbList","@id":"https:\/\/demkohome.pl\/produkt\/szafka-kuchenna-dolna-60-cm-slupek\/#breadcrumb","itemListElement":[{"@type":"ListItem","position":1,"name":"Strona g\u0142\u00f3wna","item":"https:\/\/demkohome.pl\/"},{"@type":"ListItem","position":2,"name":"Sklep","item":"https:\/\/demkohome.pl\/sklep\/"},{"@type":"ListItem","position":3,"name":"Szafka kuchenna dolna 60 cm s\u0142upek Roma"}]},{"@type":"WebSite","@id":"https:\/\/demkohome.pl\/#website","url":"https:\/\/demkohome.pl\/","name":"Demko Home","description":"Make it simple","publisher":{"@id":"https:\/\/demkohome.pl\/#organization"},"potentialAction":[{"@type":"SearchAction","target":{"@type":"EntryPoint","urlTemplate":"https:\/\/demkohome.pl\/?s={search_term_string}"},"query-input":{"@type":"PropertyValueSpecification","valueRequired":true,"valueName":"search_term_string"}}],"inLanguage":"en-US"},{"@type":"Organization","@id":"https:\/\/demkohome.pl\/#organization","name":"Demko Home","url":"https:\/\/demkohome.pl\/","logo":{"@type":"ImageObject","inLanguage":"en-US","@id":"https:\/\/demkohome.pl\/#\/schema\/logo\/image\/","url":"https:\/\/demkohome.pl\/wp-content\/uploads\/2026\/03\/cropped-3.png","contentUrl":"https:\/\/demkohome.pl\/wp-content\/uploads\/2026\/03\/cropped-3.png","width":250,"height":63,"caption":"Demko Home"},"image":{"@id":"https:\/\/demkohome.pl\/#\/schema\/logo\/image\/"}}]}},"_links":{"self":[{"href":"https:\/\/demkohome.pl\/en\/wp-json\/wp\/v2\/product\/11567","targetHints":{"allow":["GET"]}}],"collection":[{"href":"https:\/\/demkohome.pl\/en\/wp-json\/wp\/v2\/product"}],"about":[{"href":"https:\/\/demkohome.pl\/en\/wp-json\/wp\/v2\/types\/product"}],"replies":[{"embeddable":true,"href":"https:\/\/demkohome.pl\/en\/wp-json\/wp\/v2\/comments?post=11567"}],"wp:featuredmedia":[{"embeddable":true,"href":"https:\/\/demkohome.pl\/en\/wp-json\/wp\/v2\/media\/12436"}],"wp:attachment":[{"href":"https:\/\/demkohome.pl\/en\/wp-json\/wp\/v2\/media?parent=11567"}],"wp:term":[{"taxonomy":"product_brand","embeddable":true,"href":"https:\/\/demkohome.pl\/en\/wp-json\/wp\/v2\/product_brand?post=11567"},{"taxonomy":"product_cat","embeddable":true,"href":"https:\/\/demkohome.pl\/en\/wp-json\/wp\/v2\/product_cat?post=11567"},{"taxonomy":"product_tag","embeddable":true,"href":"https:\/\/demkohome.pl\/en\/wp-json\/wp\/v2\/product_tag?post=11567"}],"curies":[{"name":"wp","href":"https:\/\/api.w.org\/{rel}","templated":true}]}}