{"id":11572,"date":"2024-07-02T14:57:38","date_gmt":"2024-07-02T12:57:38","guid":{"rendered":"https:\/\/demkohome.pl\/?post_type=product&#038;p=11572"},"modified":"2026-04-20T03:21:56","modified_gmt":"2026-04-20T01:21:56","slug":"szafka-kuchenna-gorna-30-cm-roma","status":"publish","type":"product","link":"https:\/\/demkohome.pl\/en\/product\/szafka-kuchenna-gorna-30-cm-roma\/","title":{"rendered":"Top kitchen cabinet 30 CM Roma"},"content":{"rendered":"<div style=\"font-family: 'Noto Sans', sans-serif; font-size: 17px;\">\n<p>ROMA kitchen - modern elegance in your home<\/p>\n<p>ROMA kitchen furniture collection is a perfect combination of minimalist design and maximum functionality, created for those who appreciate aesthetics and convenience. A key feature of this line is the choice of side blends in two stylish colors - white and black. This will allow you to match the kitchen to your interior, creating a consistent and harmonious arrangement.<\/p>\n<p>The fronts of the ROMA kitchen impress with the natural look of light wood, which brings warmth and coziness to any room. Combined with contrasting side blends, the whole thing gains a modern yet elegant character.<\/p>\n<p>Why choose the ROMA kitchen?<\/p>\n<ul>\n<li>Side blends in two colors: white and black - customize the look of your kitchen to match your style.<\/li>\n<li>Modern, minimalist design - ideal for those who appreciate elegance and simplicity.<\/li>\n<li>Functionality at the highest level - optimal arrangement of cabinets and drawers provides convenience of use.<\/li>\n<li>High-quality workmanship - materials durable and resistant to daily use.<\/li>\n<\/ul>\n<p>The ROMA collection is a kitchen that impresses with its aesthetics and practical solutions. Thanks to the possibility of personalization through the choice of side blends, you can create a space that fully meets your expectations.<\/p>\n<p>Invest in a ROMA kitchen and enjoy modern design and convenience every day!<\/p>\n<\/div>\n<p><img decoding=\"async\" class=\"alignnone wp-image-12132\" src=\"https:\/\/demkohome.pl\/wp-content\/uploads\/2025\/08\/Kuchnia-Roma-200_72-Jodelka_-Czarny-scaled.jpg\" \/><\/p>","protected":false},"excerpt":{"rendered":"<p>Kuchnia ROMA \u2013 nowoczesna elegancja w Twoim domu Kolekcja mebli kuchennych ROMA to idealne po\u0142\u0105czenie minimalistycznego designu z maksymaln\u0105 funkcjonalno\u015bci\u0105, (&#8230;)<\/p>","protected":false},"featured_media":12452,"comment_status":"open","ping_status":"closed","template":"","meta":{"_acf_changed":false,"inline_featured_image":false},"product_brand":[],"product_cat":[302,304,301],"product_tag":[],"class_list":{"0":"post-11572","1":"product","2":"type-product","3":"status-publish","4":"has-post-thumbnail","6":"product_cat-kuchnia-pomieszczenia","7":"product_cat-roma","8":"product_cat-zestawy-mebli-kuchennych-meble-kuchenne-meble","9":"product_shipping_class-przesylka-dpd-15-pln","10":"collection-roma","12":"first","13":"instock","14":"shipping-taxable","15":"purchasable","16":"product-type-variable"},"acf":[],"yoast_head":"<!-- This site is optimized with the Yoast SEO plugin v27.4 - https:\/\/yoast.com\/product\/yoast-seo-wordpress\/ -->\n<title>Szafka kuchenna g\u00f3rna 30 CM Roma - Demko Home<\/title>\n<meta name=\"robots\" content=\"index, follow, max-snippet:-1, max-image-preview:large, max-video-preview:-1\" \/>\n<link rel=\"canonical\" href=\"https:\/\/demkohome.pl\/en\/product\/szafka-kuchenna-gorna-30-cm-roma\/\" \/>\n<meta property=\"og:locale\" content=\"en_US\" \/>\n<meta property=\"og:type\" content=\"article\" \/>\n<meta property=\"og:title\" content=\"Szafka kuchenna g\u00f3rna 30 CM Roma - Demko Home\" \/>\n<meta property=\"og:description\" content=\"Kuchnia ROMA \u2013 nowoczesna elegancja w Twoim domu Kolekcja mebli kuchennych ROMA to idealne po\u0142\u0105czenie minimalistycznego designu z maksymaln\u0105 funkcjonalno\u015bci\u0105, (...)\" \/>\n<meta property=\"og:url\" content=\"https:\/\/demkohome.pl\/en\/product\/szafka-kuchenna-gorna-30-cm-roma\/\" \/>\n<meta property=\"og:site_name\" content=\"Demko Home\" \/>\n<meta property=\"article:modified_time\" content=\"2026-04-20T01:21:56+00:00\" \/>\n<meta property=\"og:image\" content=\"https:\/\/demkohome.pl\/wp-content\/uploads\/2024\/09\/Sz.-kuch.-ROMA-Gora-30_72-LP-1D-Jodelka_Czarny.jpg\" \/>\n\t<meta property=\"og:image:width\" content=\"2560\" \/>\n\t<meta property=\"og:image:height\" content=\"1707\" \/>\n\t<meta property=\"og:image:type\" content=\"image\/jpeg\" \/>\n<meta name=\"twitter:card\" content=\"summary_large_image\" \/>\n<meta name=\"twitter:label1\" content=\"Est. reading time\" \/>\n\t<meta name=\"twitter:data1\" content=\"2 minutes\" \/>\n<script type=\"application\/ld+json\" class=\"yoast-schema-graph\">{\"@context\":\"https:\\\/\\\/schema.org\",\"@graph\":[{\"@type\":\"WebPage\",\"@id\":\"https:\\\/\\\/demkohome.pl\\\/produkt\\\/szafka-kuchenna-gorna-30-cm-roma\\\/\",\"url\":\"https:\\\/\\\/demkohome.pl\\\/produkt\\\/szafka-kuchenna-gorna-30-cm-roma\\\/\",\"name\":\"Szafka kuchenna g\u00f3rna 30 CM Roma - Demko Home\",\"isPartOf\":{\"@id\":\"https:\\\/\\\/demkohome.pl\\\/#website\"},\"primaryImageOfPage\":{\"@id\":\"https:\\\/\\\/demkohome.pl\\\/produkt\\\/szafka-kuchenna-gorna-30-cm-roma\\\/#primaryimage\"},\"image\":{\"@id\":\"https:\\\/\\\/demkohome.pl\\\/produkt\\\/szafka-kuchenna-gorna-30-cm-roma\\\/#primaryimage\"},\"thumbnailUrl\":\"https:\\\/\\\/demkohome.pl\\\/wp-content\\\/uploads\\\/2024\\\/09\\\/Sz.-kuch.-ROMA-Gora-30_72-LP-1D-Jodelka_Czarny.jpg\",\"datePublished\":\"2024-07-02T12:57:38+00:00\",\"dateModified\":\"2026-04-20T01:21:56+00:00\",\"breadcrumb\":{\"@id\":\"https:\\\/\\\/demkohome.pl\\\/produkt\\\/szafka-kuchenna-gorna-30-cm-roma\\\/#breadcrumb\"},\"inLanguage\":\"en-US\",\"potentialAction\":[{\"@type\":\"ReadAction\",\"target\":[\"https:\\\/\\\/demkohome.pl\\\/produkt\\\/szafka-kuchenna-gorna-30-cm-roma\\\/\"]}]},{\"@type\":\"ImageObject\",\"inLanguage\":\"en-US\",\"@id\":\"https:\\\/\\\/demkohome.pl\\\/produkt\\\/szafka-kuchenna-gorna-30-cm-roma\\\/#primaryimage\",\"url\":\"https:\\\/\\\/demkohome.pl\\\/wp-content\\\/uploads\\\/2024\\\/09\\\/Sz.-kuch.-ROMA-Gora-30_72-LP-1D-Jodelka_Czarny.jpg\",\"contentUrl\":\"https:\\\/\\\/demkohome.pl\\\/wp-content\\\/uploads\\\/2024\\\/09\\\/Sz.-kuch.-ROMA-Gora-30_72-LP-1D-Jodelka_Czarny.jpg\",\"width\":2560,\"height\":1707,\"caption\":\"Szafka kuchenna Roma Meble Okmed Demko Demko Home Kuchnia Czarny\"},{\"@type\":\"BreadcrumbList\",\"@id\":\"https:\\\/\\\/demkohome.pl\\\/produkt\\\/szafka-kuchenna-gorna-30-cm-roma\\\/#breadcrumb\",\"itemListElement\":[{\"@type\":\"ListItem\",\"position\":1,\"name\":\"Strona g\u0142\u00f3wna\",\"item\":\"https:\\\/\\\/demkohome.pl\\\/\"},{\"@type\":\"ListItem\",\"position\":2,\"name\":\"Sklep\",\"item\":\"https:\\\/\\\/demkohome.pl\\\/sklep\\\/\"},{\"@type\":\"ListItem\",\"position\":3,\"name\":\"Szafka kuchenna g\u00f3rna 30 CM Roma\"}]},{\"@type\":\"WebSite\",\"@id\":\"https:\\\/\\\/demkohome.pl\\\/#website\",\"url\":\"https:\\\/\\\/demkohome.pl\\\/\",\"name\":\"Demko Home\",\"description\":\"Make it simple\",\"publisher\":{\"@id\":\"https:\\\/\\\/demkohome.pl\\\/#organization\"},\"potentialAction\":[{\"@type\":\"SearchAction\",\"target\":{\"@type\":\"EntryPoint\",\"urlTemplate\":\"https:\\\/\\\/demkohome.pl\\\/?s={search_term_string}\"},\"query-input\":{\"@type\":\"PropertyValueSpecification\",\"valueRequired\":true,\"valueName\":\"search_term_string\"}}],\"inLanguage\":\"en-US\"},{\"@type\":\"Organization\",\"@id\":\"https:\\\/\\\/demkohome.pl\\\/#organization\",\"name\":\"Demko Home\",\"url\":\"https:\\\/\\\/demkohome.pl\\\/\",\"logo\":{\"@type\":\"ImageObject\",\"inLanguage\":\"en-US\",\"@id\":\"https:\\\/\\\/demkohome.pl\\\/#\\\/schema\\\/logo\\\/image\\\/\",\"url\":\"https:\\\/\\\/demkohome.pl\\\/wp-content\\\/uploads\\\/2026\\\/03\\\/cropped-3.png\",\"contentUrl\":\"https:\\\/\\\/demkohome.pl\\\/wp-content\\\/uploads\\\/2026\\\/03\\\/cropped-3.png\",\"width\":250,\"height\":63,\"caption\":\"Demko Home\"},\"image\":{\"@id\":\"https:\\\/\\\/demkohome.pl\\\/#\\\/schema\\\/logo\\\/image\\\/\"}}]}<\/script>\n<!-- \/ Yoast SEO plugin. -->","yoast_head_json":{"title":"Szafka kuchenna g\u00f3rna 30 CM Roma - Demko Home","robots":{"index":"index","follow":"follow","max-snippet":"max-snippet:-1","max-image-preview":"max-image-preview:large","max-video-preview":"max-video-preview:-1"},"canonical":"https:\/\/demkohome.pl\/en\/product\/szafka-kuchenna-gorna-30-cm-roma\/","og_locale":"en_US","og_type":"article","og_title":"Szafka kuchenna g\u00f3rna 30 CM Roma - Demko Home","og_description":"Kuchnia ROMA \u2013 nowoczesna elegancja w Twoim domu Kolekcja mebli kuchennych ROMA to idealne po\u0142\u0105czenie minimalistycznego designu z maksymaln\u0105 funkcjonalno\u015bci\u0105, (...)","og_url":"https:\/\/demkohome.pl\/en\/product\/szafka-kuchenna-gorna-30-cm-roma\/","og_site_name":"Demko Home","article_modified_time":"2026-04-20T01:21:56+00:00","og_image":[{"width":2560,"height":1707,"url":"https:\/\/demkohome.pl\/wp-content\/uploads\/2024\/09\/Sz.-kuch.-ROMA-Gora-30_72-LP-1D-Jodelka_Czarny.jpg","type":"image\/jpeg"}],"twitter_card":"summary_large_image","twitter_misc":{"Est. reading time":"2 minutes"},"schema":{"@context":"https:\/\/schema.org","@graph":[{"@type":"WebPage","@id":"https:\/\/demkohome.pl\/produkt\/szafka-kuchenna-gorna-30-cm-roma\/","url":"https:\/\/demkohome.pl\/produkt\/szafka-kuchenna-gorna-30-cm-roma\/","name":"Szafka kuchenna g\u00f3rna 30 CM Roma - Demko Home","isPartOf":{"@id":"https:\/\/demkohome.pl\/#website"},"primaryImageOfPage":{"@id":"https:\/\/demkohome.pl\/produkt\/szafka-kuchenna-gorna-30-cm-roma\/#primaryimage"},"image":{"@id":"https:\/\/demkohome.pl\/produkt\/szafka-kuchenna-gorna-30-cm-roma\/#primaryimage"},"thumbnailUrl":"https:\/\/demkohome.pl\/wp-content\/uploads\/2024\/09\/Sz.-kuch.-ROMA-Gora-30_72-LP-1D-Jodelka_Czarny.jpg","datePublished":"2024-07-02T12:57:38+00:00","dateModified":"2026-04-20T01:21:56+00:00","breadcrumb":{"@id":"https:\/\/demkohome.pl\/produkt\/szafka-kuchenna-gorna-30-cm-roma\/#breadcrumb"},"inLanguage":"en-US","potentialAction":[{"@type":"ReadAction","target":["https:\/\/demkohome.pl\/produkt\/szafka-kuchenna-gorna-30-cm-roma\/"]}]},{"@type":"ImageObject","inLanguage":"en-US","@id":"https:\/\/demkohome.pl\/produkt\/szafka-kuchenna-gorna-30-cm-roma\/#primaryimage","url":"https:\/\/demkohome.pl\/wp-content\/uploads\/2024\/09\/Sz.-kuch.-ROMA-Gora-30_72-LP-1D-Jodelka_Czarny.jpg","contentUrl":"https:\/\/demkohome.pl\/wp-content\/uploads\/2024\/09\/Sz.-kuch.-ROMA-Gora-30_72-LP-1D-Jodelka_Czarny.jpg","width":2560,"height":1707,"caption":"Szafka kuchenna Roma Meble Okmed Demko Demko Home Kuchnia Czarny"},{"@type":"BreadcrumbList","@id":"https:\/\/demkohome.pl\/produkt\/szafka-kuchenna-gorna-30-cm-roma\/#breadcrumb","itemListElement":[{"@type":"ListItem","position":1,"name":"Strona g\u0142\u00f3wna","item":"https:\/\/demkohome.pl\/"},{"@type":"ListItem","position":2,"name":"Sklep","item":"https:\/\/demkohome.pl\/sklep\/"},{"@type":"ListItem","position":3,"name":"Szafka kuchenna g\u00f3rna 30 CM Roma"}]},{"@type":"WebSite","@id":"https:\/\/demkohome.pl\/#website","url":"https:\/\/demkohome.pl\/","name":"Demko Home","description":"Make it simple","publisher":{"@id":"https:\/\/demkohome.pl\/#organization"},"potentialAction":[{"@type":"SearchAction","target":{"@type":"EntryPoint","urlTemplate":"https:\/\/demkohome.pl\/?s={search_term_string}"},"query-input":{"@type":"PropertyValueSpecification","valueRequired":true,"valueName":"search_term_string"}}],"inLanguage":"en-US"},{"@type":"Organization","@id":"https:\/\/demkohome.pl\/#organization","name":"Demko Home","url":"https:\/\/demkohome.pl\/","logo":{"@type":"ImageObject","inLanguage":"en-US","@id":"https:\/\/demkohome.pl\/#\/schema\/logo\/image\/","url":"https:\/\/demkohome.pl\/wp-content\/uploads\/2026\/03\/cropped-3.png","contentUrl":"https:\/\/demkohome.pl\/wp-content\/uploads\/2026\/03\/cropped-3.png","width":250,"height":63,"caption":"Demko Home"},"image":{"@id":"https:\/\/demkohome.pl\/#\/schema\/logo\/image\/"}}]}},"_links":{"self":[{"href":"https:\/\/demkohome.pl\/en\/wp-json\/wp\/v2\/product\/11572","targetHints":{"allow":["GET"]}}],"collection":[{"href":"https:\/\/demkohome.pl\/en\/wp-json\/wp\/v2\/product"}],"about":[{"href":"https:\/\/demkohome.pl\/en\/wp-json\/wp\/v2\/types\/product"}],"replies":[{"embeddable":true,"href":"https:\/\/demkohome.pl\/en\/wp-json\/wp\/v2\/comments?post=11572"}],"wp:featuredmedia":[{"embeddable":true,"href":"https:\/\/demkohome.pl\/en\/wp-json\/wp\/v2\/media\/12452"}],"wp:attachment":[{"href":"https:\/\/demkohome.pl\/en\/wp-json\/wp\/v2\/media?parent=11572"}],"wp:term":[{"taxonomy":"product_brand","embeddable":true,"href":"https:\/\/demkohome.pl\/en\/wp-json\/wp\/v2\/product_brand?post=11572"},{"taxonomy":"product_cat","embeddable":true,"href":"https:\/\/demkohome.pl\/en\/wp-json\/wp\/v2\/product_cat?post=11572"},{"taxonomy":"product_tag","embeddable":true,"href":"https:\/\/demkohome.pl\/en\/wp-json\/wp\/v2\/product_tag?post=11572"}],"curies":[{"name":"wp","href":"https:\/\/api.w.org\/{rel}","templated":true}]}}