{"id":11573,"date":"2024-07-02T14:57:38","date_gmt":"2024-07-02T12:57:38","guid":{"rendered":"https:\/\/demkohome.pl\/?post_type=product&#038;p=11573"},"modified":"2026-04-18T03:21:53","modified_gmt":"2026-04-18T01:21:53","slug":"panel-do-zabudowy-zmywarki-roma-60-cm","status":"publish","type":"product","link":"https:\/\/demkohome.pl\/en\/product\/panel-do-zabudowy-zmywarki-roma-60-cm\/","title":{"rendered":"Roma 60cm dishwasher built-in panel"},"content":{"rendered":"<h3 data-start=\"140\" data-end=\"221\"><strong data-start=\"144\" data-end=\"219\">ROMA 60 cm built-in dishwasher panel - style and consistency in your kitchen<\/strong><\/h3>\n<p data-start=\"223\" data-end=\"637\">Create a perfectly harmonious kitchen design with the built-in dishwasher panel from the ROMA collection. This carefully designed front allows you to elegantly hide household appliances, giving the interior a neat, minimalist feel. Its simple design inspired by the natural look of light wood brings warmth and coziness to the space, while emphasizing the modern aesthetics of the entire arrangement.<\/p>\n<p data-start=\"639\" data-end=\"968\">The 60 cm wide Roma panel is distinguished by a matte surface with a subtle texture that gently reflects light and optically enlarges the space. As a result, your kitchen acquires lightness and exceptional elegance. This product was created for people who value consistency and aesthetic finish in every detail.<\/p>\n<p data-start=\"1031\" data-end=\"1358\">The front is made of durable 16 mm thick laminated board, which is characterized by increased resistance to scratches, moisture and high temperatures. In addition, the edges are finished with a durable ABS veneer, which increases resistance to damage and guarantees an aesthetic appearance for many years of intensive use.<\/p>\n<p data-start=\"1360\" data-end=\"1541\">The panel is easy to install and perfectly fits standard built-in dishwashers with a width of 60 cm, making it the perfect complement to the other cabinets in the ROMA collection.<\/p>\n<p data-start=\"1595\" data-end=\"1910\">The ROMA collection is distinguished by its universal design and the option to choose side blends in two colors - white and black, which allows you to easily adjust the finish to your interior style. Thanks to this, the panel will perfectly blend into the kitchen decor - from minimalist, through modern, to classic arrangements.<\/p>","protected":false},"excerpt":{"rendered":"<p>Panel do zabudowy zmywarki ROMA 60 cm \u2014 styl i sp\u00f3jno\u015b\u0107 w Twojej kuchni Stw\u00f3rz perfekcyjnie harmonijn\u0105 zabudow\u0119 kuchenn\u0105 dzi\u0119ki (&#8230;)<\/p>","protected":false},"featured_media":12447,"comment_status":"open","ping_status":"closed","template":"","meta":{"_acf_changed":false,"inline_featured_image":false},"product_brand":[],"product_cat":[302,304,301],"product_tag":[],"class_list":{"0":"post-11573","1":"product","2":"type-product","3":"status-publish","4":"has-post-thumbnail","6":"product_cat-kuchnia-pomieszczenia","7":"product_cat-roma","8":"product_cat-zestawy-mebli-kuchennych-meble-kuchenne-meble","9":"product_shipping_class-przesylka-dpd-15-pln","10":"collection-roma","12":"first","13":"instock","14":"shipping-taxable","15":"purchasable","16":"product-type-variable"},"acf":[],"yoast_head":"<!-- This site is optimized with the Yoast SEO plugin v27.4 - https:\/\/yoast.com\/product\/yoast-seo-wordpress\/ -->\n<title>Panel do zabudowy zmywarki Roma 60cm - Demko Home<\/title>\n<meta name=\"robots\" content=\"index, follow, max-snippet:-1, max-image-preview:large, max-video-preview:-1\" \/>\n<link rel=\"canonical\" href=\"https:\/\/demkohome.pl\/en\/product\/panel-do-zabudowy-zmywarki-roma-60-cm\/\" \/>\n<meta property=\"og:locale\" content=\"en_US\" \/>\n<meta property=\"og:type\" content=\"article\" \/>\n<meta property=\"og:title\" content=\"Panel do zabudowy zmywarki Roma 60cm - Demko Home\" \/>\n<meta property=\"og:description\" content=\"Panel do zabudowy zmywarki ROMA 60 cm \u2014 styl i sp\u00f3jno\u015b\u0107 w Twojej kuchni Stw\u00f3rz perfekcyjnie harmonijn\u0105 zabudow\u0119 kuchenn\u0105 dzi\u0119ki (...)\" \/>\n<meta property=\"og:url\" content=\"https:\/\/demkohome.pl\/en\/product\/panel-do-zabudowy-zmywarki-roma-60-cm\/\" \/>\n<meta property=\"og:site_name\" content=\"Demko Home\" \/>\n<meta property=\"article:modified_time\" content=\"2026-04-18T01:21:53+00:00\" \/>\n<meta property=\"og:image\" content=\"https:\/\/demkohome.pl\/wp-content\/uploads\/2024\/09\/Sz.-kuch.-ROMA-Dol-6081-Zmywarka-Jodelka_Czarny.jpg\" \/>\n\t<meta property=\"og:image:width\" content=\"2550\" \/>\n\t<meta property=\"og:image:height\" content=\"1700\" \/>\n\t<meta property=\"og:image:type\" content=\"image\/jpeg\" \/>\n<meta name=\"twitter:card\" content=\"summary_large_image\" \/>\n<meta name=\"twitter:label1\" content=\"Est. reading time\" \/>\n\t<meta name=\"twitter:data1\" content=\"2 minutes\" \/>\n<script type=\"application\/ld+json\" class=\"yoast-schema-graph\">{\"@context\":\"https:\\\/\\\/schema.org\",\"@graph\":[{\"@type\":\"WebPage\",\"@id\":\"https:\\\/\\\/demkohome.pl\\\/produkt\\\/panel-do-zabudowy-zmywarki-roma-60-cm\\\/\",\"url\":\"https:\\\/\\\/demkohome.pl\\\/produkt\\\/panel-do-zabudowy-zmywarki-roma-60-cm\\\/\",\"name\":\"Panel do zabudowy zmywarki Roma 60cm - Demko Home\",\"isPartOf\":{\"@id\":\"https:\\\/\\\/demkohome.pl\\\/#website\"},\"primaryImageOfPage\":{\"@id\":\"https:\\\/\\\/demkohome.pl\\\/produkt\\\/panel-do-zabudowy-zmywarki-roma-60-cm\\\/#primaryimage\"},\"image\":{\"@id\":\"https:\\\/\\\/demkohome.pl\\\/produkt\\\/panel-do-zabudowy-zmywarki-roma-60-cm\\\/#primaryimage\"},\"thumbnailUrl\":\"https:\\\/\\\/demkohome.pl\\\/wp-content\\\/uploads\\\/2024\\\/09\\\/Sz.-kuch.-ROMA-Dol-6081-Zmywarka-Jodelka_Czarny.jpg\",\"datePublished\":\"2024-07-02T12:57:38+00:00\",\"dateModified\":\"2026-04-18T01:21:53+00:00\",\"breadcrumb\":{\"@id\":\"https:\\\/\\\/demkohome.pl\\\/produkt\\\/panel-do-zabudowy-zmywarki-roma-60-cm\\\/#breadcrumb\"},\"inLanguage\":\"en-US\",\"potentialAction\":[{\"@type\":\"ReadAction\",\"target\":[\"https:\\\/\\\/demkohome.pl\\\/produkt\\\/panel-do-zabudowy-zmywarki-roma-60-cm\\\/\"]}]},{\"@type\":\"ImageObject\",\"inLanguage\":\"en-US\",\"@id\":\"https:\\\/\\\/demkohome.pl\\\/produkt\\\/panel-do-zabudowy-zmywarki-roma-60-cm\\\/#primaryimage\",\"url\":\"https:\\\/\\\/demkohome.pl\\\/wp-content\\\/uploads\\\/2024\\\/09\\\/Sz.-kuch.-ROMA-Dol-6081-Zmywarka-Jodelka_Czarny.jpg\",\"contentUrl\":\"https:\\\/\\\/demkohome.pl\\\/wp-content\\\/uploads\\\/2024\\\/09\\\/Sz.-kuch.-ROMA-Dol-6081-Zmywarka-Jodelka_Czarny.jpg\",\"width\":2550,\"height\":1700,\"caption\":\"Szafka kuchenna Roma Meble Okmed Demko Demko Home Kuchnia Czarny\"},{\"@type\":\"BreadcrumbList\",\"@id\":\"https:\\\/\\\/demkohome.pl\\\/produkt\\\/panel-do-zabudowy-zmywarki-roma-60-cm\\\/#breadcrumb\",\"itemListElement\":[{\"@type\":\"ListItem\",\"position\":1,\"name\":\"Strona g\u0142\u00f3wna\",\"item\":\"https:\\\/\\\/demkohome.pl\\\/\"},{\"@type\":\"ListItem\",\"position\":2,\"name\":\"Sklep\",\"item\":\"https:\\\/\\\/demkohome.pl\\\/sklep\\\/\"},{\"@type\":\"ListItem\",\"position\":3,\"name\":\"Panel do zabudowy zmywarki Roma 60cm\"}]},{\"@type\":\"WebSite\",\"@id\":\"https:\\\/\\\/demkohome.pl\\\/#website\",\"url\":\"https:\\\/\\\/demkohome.pl\\\/\",\"name\":\"Demko Home\",\"description\":\"Make it simple\",\"publisher\":{\"@id\":\"https:\\\/\\\/demkohome.pl\\\/#organization\"},\"potentialAction\":[{\"@type\":\"SearchAction\",\"target\":{\"@type\":\"EntryPoint\",\"urlTemplate\":\"https:\\\/\\\/demkohome.pl\\\/?s={search_term_string}\"},\"query-input\":{\"@type\":\"PropertyValueSpecification\",\"valueRequired\":true,\"valueName\":\"search_term_string\"}}],\"inLanguage\":\"en-US\"},{\"@type\":\"Organization\",\"@id\":\"https:\\\/\\\/demkohome.pl\\\/#organization\",\"name\":\"Demko Home\",\"url\":\"https:\\\/\\\/demkohome.pl\\\/\",\"logo\":{\"@type\":\"ImageObject\",\"inLanguage\":\"en-US\",\"@id\":\"https:\\\/\\\/demkohome.pl\\\/#\\\/schema\\\/logo\\\/image\\\/\",\"url\":\"https:\\\/\\\/demkohome.pl\\\/wp-content\\\/uploads\\\/2026\\\/03\\\/cropped-3.png\",\"contentUrl\":\"https:\\\/\\\/demkohome.pl\\\/wp-content\\\/uploads\\\/2026\\\/03\\\/cropped-3.png\",\"width\":250,\"height\":63,\"caption\":\"Demko Home\"},\"image\":{\"@id\":\"https:\\\/\\\/demkohome.pl\\\/#\\\/schema\\\/logo\\\/image\\\/\"}}]}<\/script>\n<!-- \/ Yoast SEO plugin. -->","yoast_head_json":{"title":"Panel do zabudowy zmywarki Roma 60cm - Demko Home","robots":{"index":"index","follow":"follow","max-snippet":"max-snippet:-1","max-image-preview":"max-image-preview:large","max-video-preview":"max-video-preview:-1"},"canonical":"https:\/\/demkohome.pl\/en\/product\/panel-do-zabudowy-zmywarki-roma-60-cm\/","og_locale":"en_US","og_type":"article","og_title":"Panel do zabudowy zmywarki Roma 60cm - Demko Home","og_description":"Panel do zabudowy zmywarki ROMA 60 cm \u2014 styl i sp\u00f3jno\u015b\u0107 w Twojej kuchni Stw\u00f3rz perfekcyjnie harmonijn\u0105 zabudow\u0119 kuchenn\u0105 dzi\u0119ki (...)","og_url":"https:\/\/demkohome.pl\/en\/product\/panel-do-zabudowy-zmywarki-roma-60-cm\/","og_site_name":"Demko Home","article_modified_time":"2026-04-18T01:21:53+00:00","og_image":[{"width":2550,"height":1700,"url":"https:\/\/demkohome.pl\/wp-content\/uploads\/2024\/09\/Sz.-kuch.-ROMA-Dol-6081-Zmywarka-Jodelka_Czarny.jpg","type":"image\/jpeg"}],"twitter_card":"summary_large_image","twitter_misc":{"Est. reading time":"2 minutes"},"schema":{"@context":"https:\/\/schema.org","@graph":[{"@type":"WebPage","@id":"https:\/\/demkohome.pl\/produkt\/panel-do-zabudowy-zmywarki-roma-60-cm\/","url":"https:\/\/demkohome.pl\/produkt\/panel-do-zabudowy-zmywarki-roma-60-cm\/","name":"Panel do zabudowy zmywarki Roma 60cm - Demko Home","isPartOf":{"@id":"https:\/\/demkohome.pl\/#website"},"primaryImageOfPage":{"@id":"https:\/\/demkohome.pl\/produkt\/panel-do-zabudowy-zmywarki-roma-60-cm\/#primaryimage"},"image":{"@id":"https:\/\/demkohome.pl\/produkt\/panel-do-zabudowy-zmywarki-roma-60-cm\/#primaryimage"},"thumbnailUrl":"https:\/\/demkohome.pl\/wp-content\/uploads\/2024\/09\/Sz.-kuch.-ROMA-Dol-6081-Zmywarka-Jodelka_Czarny.jpg","datePublished":"2024-07-02T12:57:38+00:00","dateModified":"2026-04-18T01:21:53+00:00","breadcrumb":{"@id":"https:\/\/demkohome.pl\/produkt\/panel-do-zabudowy-zmywarki-roma-60-cm\/#breadcrumb"},"inLanguage":"en-US","potentialAction":[{"@type":"ReadAction","target":["https:\/\/demkohome.pl\/produkt\/panel-do-zabudowy-zmywarki-roma-60-cm\/"]}]},{"@type":"ImageObject","inLanguage":"en-US","@id":"https:\/\/demkohome.pl\/produkt\/panel-do-zabudowy-zmywarki-roma-60-cm\/#primaryimage","url":"https:\/\/demkohome.pl\/wp-content\/uploads\/2024\/09\/Sz.-kuch.-ROMA-Dol-6081-Zmywarka-Jodelka_Czarny.jpg","contentUrl":"https:\/\/demkohome.pl\/wp-content\/uploads\/2024\/09\/Sz.-kuch.-ROMA-Dol-6081-Zmywarka-Jodelka_Czarny.jpg","width":2550,"height":1700,"caption":"Szafka kuchenna Roma Meble Okmed Demko Demko Home Kuchnia Czarny"},{"@type":"BreadcrumbList","@id":"https:\/\/demkohome.pl\/produkt\/panel-do-zabudowy-zmywarki-roma-60-cm\/#breadcrumb","itemListElement":[{"@type":"ListItem","position":1,"name":"Strona g\u0142\u00f3wna","item":"https:\/\/demkohome.pl\/"},{"@type":"ListItem","position":2,"name":"Sklep","item":"https:\/\/demkohome.pl\/sklep\/"},{"@type":"ListItem","position":3,"name":"Panel do zabudowy zmywarki Roma 60cm"}]},{"@type":"WebSite","@id":"https:\/\/demkohome.pl\/#website","url":"https:\/\/demkohome.pl\/","name":"Demko Home","description":"Make it simple","publisher":{"@id":"https:\/\/demkohome.pl\/#organization"},"potentialAction":[{"@type":"SearchAction","target":{"@type":"EntryPoint","urlTemplate":"https:\/\/demkohome.pl\/?s={search_term_string}"},"query-input":{"@type":"PropertyValueSpecification","valueRequired":true,"valueName":"search_term_string"}}],"inLanguage":"en-US"},{"@type":"Organization","@id":"https:\/\/demkohome.pl\/#organization","name":"Demko Home","url":"https:\/\/demkohome.pl\/","logo":{"@type":"ImageObject","inLanguage":"en-US","@id":"https:\/\/demkohome.pl\/#\/schema\/logo\/image\/","url":"https:\/\/demkohome.pl\/wp-content\/uploads\/2026\/03\/cropped-3.png","contentUrl":"https:\/\/demkohome.pl\/wp-content\/uploads\/2026\/03\/cropped-3.png","width":250,"height":63,"caption":"Demko Home"},"image":{"@id":"https:\/\/demkohome.pl\/#\/schema\/logo\/image\/"}}]}},"_links":{"self":[{"href":"https:\/\/demkohome.pl\/en\/wp-json\/wp\/v2\/product\/11573","targetHints":{"allow":["GET"]}}],"collection":[{"href":"https:\/\/demkohome.pl\/en\/wp-json\/wp\/v2\/product"}],"about":[{"href":"https:\/\/demkohome.pl\/en\/wp-json\/wp\/v2\/types\/product"}],"replies":[{"embeddable":true,"href":"https:\/\/demkohome.pl\/en\/wp-json\/wp\/v2\/comments?post=11573"}],"wp:featuredmedia":[{"embeddable":true,"href":"https:\/\/demkohome.pl\/en\/wp-json\/wp\/v2\/media\/12447"}],"wp:attachment":[{"href":"https:\/\/demkohome.pl\/en\/wp-json\/wp\/v2\/media?parent=11573"}],"wp:term":[{"taxonomy":"product_brand","embeddable":true,"href":"https:\/\/demkohome.pl\/en\/wp-json\/wp\/v2\/product_brand?post=11573"},{"taxonomy":"product_cat","embeddable":true,"href":"https:\/\/demkohome.pl\/en\/wp-json\/wp\/v2\/product_cat?post=11573"},{"taxonomy":"product_tag","embeddable":true,"href":"https:\/\/demkohome.pl\/en\/wp-json\/wp\/v2\/product_tag?post=11573"}],"curies":[{"name":"wp","href":"https:\/\/api.w.org\/{rel}","templated":true}]}}