{"id":11585,"date":"2024-07-02T15:16:34","date_gmt":"2024-07-02T13:16:34","guid":{"rendered":"https:\/\/demkohome.pl\/?post_type=product&#038;p=11585"},"modified":"2026-04-30T03:20:57","modified_gmt":"2026-04-30T01:20:57","slug":"szafka-kuchenna-gorna-narozna-60x60-roma-jodelka-bialy_sm","status":"publish","type":"product","link":"https:\/\/demkohome.pl\/en\/product\/szafka-kuchenna-gorna-narozna-60x60-roma-jodelka-bialy_sm\/","title":{"rendered":"Kitchen corner top cabinet 60x60cm Roma"},"content":{"rendered":"<div style=\"font-family: 'Noto Sans', sans-serif; font-size: 17px;\">\n<h3 data-start=\"0\" data-end=\"159\">Szafka naro\u017cna 60\u00d760 Roma to nowoczesny mebel kuchenny, kt\u00f3ry \u0142\u0105czy wysok\u0105 funkcjonalno\u015b\u0107 z wyrazistym designem inspirowanym aktualnymi trendami wn\u0119trzarskimi.<\/h3>\n<p data-start=\"161\" data-end=\"471\">Zosta\u0142a zaprojektowana z my\u015bl\u0105 o maksymalnym wykorzystaniu przestrzeni naro\u017cnej, zapewniaj\u0105c wygodne i ergonomiczne miejsce do przechowywania. Praktyczne wn\u0119trze z pojemnymi p\u00f3\u0142kami umo\u017cliwia uporz\u0105dkowanie naczy\u0144, garnk\u00f3w oraz innych akcesori\u00f3w kuchennych, pomagaj\u0105c utrzyma\u0107 \u0142ad i dobr\u0105 organizacj\u0119 w kuchni.<\/p>\n<p data-start=\"473\" data-end=\"698\">Charakterystycznym elementem szafki jest front w dekorze jode\u0142ki, kt\u00f3ry nadaje bryle elegancji i subtelnej dekoracyjno\u015bci. Wyrazisty wz\u00f3r wprowadza do wn\u0119trza rytm i g\u0142\u0119bi\u0119, zachowuj\u0105c jednocze\u015bnie nowoczesny charakter mebla.<\/p>\n<p data-start=\"700\" data-end=\"959\">Korpus dost\u0119pny w kolorze czarnym lub bia\u0142ym pozwala dopasowa\u0107 szafk\u0119 do r\u00f3\u017cnych aran\u017cacji \u2013 od minimalistycznych, przez loftowe, a\u017c po bardziej klasyczne kuchnie. Kontrastowe zestawienie kolorystyczne podkre\u015bla form\u0119 mebla i nadaje mu wyj\u0105tkowego charakteru.<\/p>\n<p data-start=\"961\" data-end=\"1147\">Minimalistyczna bry\u0142a oraz staranne wyko\u0144czenie sprawiaj\u0105, \u017ce szafka prezentuje si\u0119 lekko i estetycznie, pozostaj\u0105c jednocze\u015bnie solidnym i praktycznym elementem codziennego u\u017cytkowania.<\/p>\n<p data-start=\"1149\" data-end=\"1295\" data-is-last-node=\"\" data-is-only-node=\"\"><strong>Roma 60\u00d760 to idealna propozycja dla os\u00f3b, kt\u00f3re szukaj\u0105 stylowej i funkcjonalnej szafki naro\u017cnej, dopasowanej do wsp\u00f3\u0142czesnych wn\u0119trz kuchennych.<\/strong><\/p>\n<p><img loading=\"lazy\" decoding=\"async\" class=\"alignnone wp-image-752642 size-full\" src=\"https:\/\/demkohome.pl\/wp-content\/uploads\/2024\/07\/Kuchnia-Roma-200_72-Jodelka_-Czarny-scaled.jpg\" alt=\"\" width=\"2560\" height=\"1707\" srcset=\"https:\/\/demkohome.pl\/wp-content\/uploads\/2024\/07\/Kuchnia-Roma-200_72-Jodelka_-Czarny-scaled.jpg 2560w, https:\/\/demkohome.pl\/wp-content\/uploads\/2024\/07\/Kuchnia-Roma-200_72-Jodelka_-Czarny-300x200.jpg 300w, https:\/\/demkohome.pl\/wp-content\/uploads\/2024\/07\/Kuchnia-Roma-200_72-Jodelka_-Czarny-1024x683.jpg 1024w, https:\/\/demkohome.pl\/wp-content\/uploads\/2024\/07\/Kuchnia-Roma-200_72-Jodelka_-Czarny-768x512.jpg 768w, https:\/\/demkohome.pl\/wp-content\/uploads\/2024\/07\/Kuchnia-Roma-200_72-Jodelka_-Czarny-1536x1024.jpg 1536w, https:\/\/demkohome.pl\/wp-content\/uploads\/2024\/07\/Kuchnia-Roma-200_72-Jodelka_-Czarny-2048x1365.jpg 2048w, https:\/\/demkohome.pl\/wp-content\/uploads\/2024\/07\/Kuchnia-Roma-200_72-Jodelka_-Czarny-18x12.jpg 18w, https:\/\/demkohome.pl\/wp-content\/uploads\/2024\/07\/Kuchnia-Roma-200_72-Jodelka_-Czarny-600x400.jpg 600w\" sizes=\"auto, (max-width: 2560px) 100vw, 2560px\" \/><\/p>\n<h4 data-start=\"680\" data-end=\"734\"><span style=\"color: #000000;\">Product Dimensions:<\/span><\/h4>\n<table class=\"o-product-features\" role=\"presentation\">\n<tbody>\n<tr class=\"m-product-attr-row\">\n<th class=\"m-product-attr-row__name\" scope=\"row\">\n<h6>Produkt po z\u0142o\u017ceniu: szeroko\u015b\u0107 (w cm)<\/h6>\n<\/th>\n<td class=\"m-product-attr-row__value\">\n<h6>60<\/h6>\n<\/td>\n<\/tr>\n<tr class=\"m-product-attr-row\">\n<th class=\"m-product-attr-row__name\" scope=\"row\">\n<h6>Produkt po z\u0142o\u017ceniu: g\u0142\u0119boko\u015b\u0107 (w cm)<\/h6>\n<\/th>\n<td class=\"m-product-attr-row__value\">\n<h6>30<\/h6>\n<\/td>\n<\/tr>\n<tr class=\"m-product-attr-row\">\n<th class=\"m-product-attr-row__name\" scope=\"row\">\n<h6>Produkt po z\u0142o\u017ceniu: wysoko\u015b\u0107 (w cm)<\/h6>\n<\/th>\n<td class=\"m-product-attr-row__value\">\n<h6>72<\/h6>\n<\/td>\n<\/tr>\n<tr class=\"m-product-attr-row\">\n<th class=\"m-product-attr-row__name\" scope=\"row\">\n<h6>Produkt w opakowaniu: waga (w kg)<\/h6>\n<\/th>\n<td class=\"m-product-attr-row__value\">\n<h6>29<\/h6>\n<\/td>\n<\/tr>\n<\/tbody>\n<\/table>\n<p><img loading=\"lazy\" decoding=\"async\" class=\"alignleft wp-image-752643\" src=\"https:\/\/demkohome.pl\/wp-content\/uploads\/2024\/07\/81-cm-4000-x-2048-px-7-240x300.png\" alt=\"\" width=\"610\" height=\"763\" srcset=\"https:\/\/demkohome.pl\/wp-content\/uploads\/2024\/07\/81-cm-4000-x-2048-px-7-240x300.png 240w, https:\/\/demkohome.pl\/wp-content\/uploads\/2024\/07\/81-cm-4000-x-2048-px-7-819x1024.png 819w, https:\/\/demkohome.pl\/wp-content\/uploads\/2024\/07\/81-cm-4000-x-2048-px-7-768x960.png 768w, https:\/\/demkohome.pl\/wp-content\/uploads\/2024\/07\/81-cm-4000-x-2048-px-7-10x12.png 10w, https:\/\/demkohome.pl\/wp-content\/uploads\/2024\/07\/81-cm-4000-x-2048-px-7-300x375.png 300w, https:\/\/demkohome.pl\/wp-content\/uploads\/2024\/07\/81-cm-4000-x-2048-px-7-600x750.png 600w, https:\/\/demkohome.pl\/wp-content\/uploads\/2024\/07\/81-cm-4000-x-2048-px-7.png 1080w\" sizes=\"auto, (max-width: 610px) 100vw, 610px\" \/><\/p>\n<\/div>\n<p>&nbsp;<\/p>","protected":false},"excerpt":{"rendered":"<p>Szafka naro\u017cna 60\u00d760 Roma to nowoczesny mebel kuchenny, kt\u00f3ry \u0142\u0105czy wysok\u0105 funkcjonalno\u015b\u0107 z wyrazistym designem inspirowanym aktualnymi trendami wn\u0119trzarskimi. Zosta\u0142a (&#8230;)<\/p>","protected":false},"featured_media":12465,"comment_status":"open","ping_status":"closed","template":"","meta":{"_acf_changed":false,"inline_featured_image":false},"product_brand":[],"product_cat":[302,140,65,304,322,106,109,108],"product_tag":[],"class_list":{"0":"post-11585","1":"product","2":"type-product","3":"status-publish","4":"has-post-thumbnail","6":"product_cat-kuchnia-pomieszczenia","7":"product_cat-kuchnia","8":"product_cat-meble-kuchenne","9":"product_cat-roma","10":"product_cat-roma-zestawy-mebli-kuchennych","11":"product_cat-szafki-kuchenne","12":"product_cat-szafki-kuchenne-narozne","13":"product_cat-szafki-kuchenne-wiszace","14":"product_shipping_class-paczka-st-x-1","15":"collection-roma","17":"first","18":"instock","19":"shipping-taxable","20":"purchasable","21":"product-type-variable","22":"has-default-attributes"},"acf":[],"yoast_head":"<!-- This site is optimized with the Yoast SEO plugin v27.4 - https:\/\/yoast.com\/product\/yoast-seo-wordpress\/ -->\n<title>Szafka Kuchenna g\u00f3rna naro\u017cna 60x60cm Roma - Demko Home<\/title>\n<meta name=\"description\" content=\"Szafka naro\u017cna 60\u00d760 Roma to nowoczesny mebel kuchenny, kt\u00f3ry maksymalnie wykorzystuje przestrze\u0144 naro\u017cn\u0105 i zapewnia wygodne przechowywanie.\" \/>\n<meta name=\"robots\" content=\"index, follow, max-snippet:-1, max-image-preview:large, max-video-preview:-1\" \/>\n<link rel=\"canonical\" href=\"https:\/\/demkohome.pl\/en\/product\/szafka-kuchenna-gorna-narozna-60x60-roma-jodelka-bialy_sm\/\" \/>\n<meta property=\"og:locale\" content=\"en_US\" \/>\n<meta property=\"og:type\" content=\"article\" \/>\n<meta property=\"og:title\" content=\"Szafka naro\u017cna g\u00f3rna 60x60 Roma jode\u0142ka\" \/>\n<meta property=\"og:description\" content=\"Szafka naro\u017cna 60\u00d760 Roma to nowoczesny mebel kuchenny, kt\u00f3ry maksymalnie wykorzystuje przestrze\u0144 naro\u017cn\u0105 i zapewnia wygodne przechowywanie.\" \/>\n<meta property=\"og:url\" content=\"https:\/\/demkohome.pl\/en\/product\/szafka-kuchenna-gorna-narozna-60x60-roma-jodelka-bialy_sm\/\" \/>\n<meta property=\"og:site_name\" content=\"Demko Home\" \/>\n<meta property=\"article:modified_time\" content=\"2026-04-30T01:20:57+00:00\" \/>\n<meta property=\"og:image\" content=\"https:\/\/demkohome.pl\/wp-content\/uploads\/2024\/09\/Sz.-kuch.-ROMA-Gora-60x60_72-LP-1D-Naroznik-Jodelka_Czarny.jpg\" \/>\n\t<meta property=\"og:image:width\" content=\"2560\" \/>\n\t<meta property=\"og:image:height\" content=\"1707\" \/>\n\t<meta property=\"og:image:type\" content=\"image\/jpeg\" \/>\n<meta name=\"twitter:card\" content=\"summary_large_image\" \/>\n<meta name=\"twitter:title\" content=\"Szafka naro\u017cna g\u00f3rna Roma jode\u0142ka\" \/>\n<meta name=\"twitter:description\" content=\"Szafka naro\u017cna 60\u00d760 Roma to nowoczesny mebel kuchenny, kt\u00f3ry maksymalnie wykorzystuje przestrze\u0144 naro\u017cn\u0105 i zapewnia wygodne przechowywanie.\" \/>\n<meta name=\"twitter:image\" content=\"https:\/\/demkohome.pl\/wp-content\/uploads\/2024\/09\/Sz.-kuch.-ROMA-Gora-60x60_72-LP-1D-Naroznik-Jodelka_Czarny.jpg\" \/>\n<meta name=\"twitter:label1\" content=\"Est. reading time\" \/>\n\t<meta name=\"twitter:data1\" content=\"2 minutes\" \/>\n<script type=\"application\/ld+json\" class=\"yoast-schema-graph\">{\"@context\":\"https:\\\/\\\/schema.org\",\"@graph\":[{\"@type\":\"WebPage\",\"@id\":\"https:\\\/\\\/demkohome.pl\\\/produkt\\\/szafka-kuchenna-gorna-narozna-60x60-roma-jodelka-bialy_sm\\\/\",\"url\":\"https:\\\/\\\/demkohome.pl\\\/produkt\\\/szafka-kuchenna-gorna-narozna-60x60-roma-jodelka-bialy_sm\\\/\",\"name\":\"Szafka Kuchenna g\u00f3rna naro\u017cna 60x60cm Roma - Demko Home\",\"isPartOf\":{\"@id\":\"https:\\\/\\\/demkohome.pl\\\/#website\"},\"primaryImageOfPage\":{\"@id\":\"https:\\\/\\\/demkohome.pl\\\/produkt\\\/szafka-kuchenna-gorna-narozna-60x60-roma-jodelka-bialy_sm\\\/#primaryimage\"},\"image\":{\"@id\":\"https:\\\/\\\/demkohome.pl\\\/produkt\\\/szafka-kuchenna-gorna-narozna-60x60-roma-jodelka-bialy_sm\\\/#primaryimage\"},\"thumbnailUrl\":\"https:\\\/\\\/demkohome.pl\\\/wp-content\\\/uploads\\\/2024\\\/09\\\/Sz.-kuch.-ROMA-Gora-60x60_72-LP-1D-Naroznik-Jodelka_Czarny.jpg\",\"datePublished\":\"2024-07-02T13:16:34+00:00\",\"dateModified\":\"2026-04-30T01:20:57+00:00\",\"description\":\"Szafka naro\u017cna 60\u00d760 Roma to nowoczesny mebel kuchenny, kt\u00f3ry maksymalnie wykorzystuje przestrze\u0144 naro\u017cn\u0105 i zapewnia wygodne przechowywanie.\",\"breadcrumb\":{\"@id\":\"https:\\\/\\\/demkohome.pl\\\/produkt\\\/szafka-kuchenna-gorna-narozna-60x60-roma-jodelka-bialy_sm\\\/#breadcrumb\"},\"inLanguage\":\"en-US\",\"potentialAction\":[{\"@type\":\"ReadAction\",\"target\":[\"https:\\\/\\\/demkohome.pl\\\/produkt\\\/szafka-kuchenna-gorna-narozna-60x60-roma-jodelka-bialy_sm\\\/\"]}]},{\"@type\":\"ImageObject\",\"inLanguage\":\"en-US\",\"@id\":\"https:\\\/\\\/demkohome.pl\\\/produkt\\\/szafka-kuchenna-gorna-narozna-60x60-roma-jodelka-bialy_sm\\\/#primaryimage\",\"url\":\"https:\\\/\\\/demkohome.pl\\\/wp-content\\\/uploads\\\/2024\\\/09\\\/Sz.-kuch.-ROMA-Gora-60x60_72-LP-1D-Naroznik-Jodelka_Czarny.jpg\",\"contentUrl\":\"https:\\\/\\\/demkohome.pl\\\/wp-content\\\/uploads\\\/2024\\\/09\\\/Sz.-kuch.-ROMA-Gora-60x60_72-LP-1D-Naroznik-Jodelka_Czarny.jpg\",\"width\":2560,\"height\":1707,\"caption\":\"Szafka kuchenna Roma Meble Okmed Demko Demko Home Kuchnia Czarny\"},{\"@type\":\"BreadcrumbList\",\"@id\":\"https:\\\/\\\/demkohome.pl\\\/produkt\\\/szafka-kuchenna-gorna-narozna-60x60-roma-jodelka-bialy_sm\\\/#breadcrumb\",\"itemListElement\":[{\"@type\":\"ListItem\",\"position\":1,\"name\":\"Strona g\u0142\u00f3wna\",\"item\":\"https:\\\/\\\/demkohome.pl\\\/\"},{\"@type\":\"ListItem\",\"position\":2,\"name\":\"Sklep\",\"item\":\"https:\\\/\\\/demkohome.pl\\\/sklep\\\/\"},{\"@type\":\"ListItem\",\"position\":3,\"name\":\"Szafka Kuchenna g\u00f3rna naro\u017cna 60x60cm Roma\"}]},{\"@type\":\"WebSite\",\"@id\":\"https:\\\/\\\/demkohome.pl\\\/#website\",\"url\":\"https:\\\/\\\/demkohome.pl\\\/\",\"name\":\"Demko Home\",\"description\":\"Make it simple\",\"publisher\":{\"@id\":\"https:\\\/\\\/demkohome.pl\\\/#organization\"},\"potentialAction\":[{\"@type\":\"SearchAction\",\"target\":{\"@type\":\"EntryPoint\",\"urlTemplate\":\"https:\\\/\\\/demkohome.pl\\\/?s={search_term_string}\"},\"query-input\":{\"@type\":\"PropertyValueSpecification\",\"valueRequired\":true,\"valueName\":\"search_term_string\"}}],\"inLanguage\":\"en-US\"},{\"@type\":\"Organization\",\"@id\":\"https:\\\/\\\/demkohome.pl\\\/#organization\",\"name\":\"Demko Home\",\"url\":\"https:\\\/\\\/demkohome.pl\\\/\",\"logo\":{\"@type\":\"ImageObject\",\"inLanguage\":\"en-US\",\"@id\":\"https:\\\/\\\/demkohome.pl\\\/#\\\/schema\\\/logo\\\/image\\\/\",\"url\":\"https:\\\/\\\/demkohome.pl\\\/wp-content\\\/uploads\\\/2026\\\/03\\\/cropped-3.png\",\"contentUrl\":\"https:\\\/\\\/demkohome.pl\\\/wp-content\\\/uploads\\\/2026\\\/03\\\/cropped-3.png\",\"width\":250,\"height\":63,\"caption\":\"Demko Home\"},\"image\":{\"@id\":\"https:\\\/\\\/demkohome.pl\\\/#\\\/schema\\\/logo\\\/image\\\/\"}}]}<\/script>\n<!-- \/ Yoast SEO plugin. -->","yoast_head_json":{"title":"Szafka Kuchenna g\u00f3rna naro\u017cna 60x60cm Roma - Demko Home","description":"Szafka naro\u017cna 60\u00d760 Roma to nowoczesny mebel kuchenny, kt\u00f3ry maksymalnie wykorzystuje przestrze\u0144 naro\u017cn\u0105 i zapewnia wygodne przechowywanie.","robots":{"index":"index","follow":"follow","max-snippet":"max-snippet:-1","max-image-preview":"max-image-preview:large","max-video-preview":"max-video-preview:-1"},"canonical":"https:\/\/demkohome.pl\/en\/product\/szafka-kuchenna-gorna-narozna-60x60-roma-jodelka-bialy_sm\/","og_locale":"en_US","og_type":"article","og_title":"Szafka naro\u017cna g\u00f3rna 60x60 Roma jode\u0142ka","og_description":"Szafka naro\u017cna 60\u00d760 Roma to nowoczesny mebel kuchenny, kt\u00f3ry maksymalnie wykorzystuje przestrze\u0144 naro\u017cn\u0105 i zapewnia wygodne przechowywanie.","og_url":"https:\/\/demkohome.pl\/en\/product\/szafka-kuchenna-gorna-narozna-60x60-roma-jodelka-bialy_sm\/","og_site_name":"Demko Home","article_modified_time":"2026-04-30T01:20:57+00:00","og_image":[{"width":2560,"height":1707,"url":"https:\/\/demkohome.pl\/wp-content\/uploads\/2024\/09\/Sz.-kuch.-ROMA-Gora-60x60_72-LP-1D-Naroznik-Jodelka_Czarny.jpg","type":"image\/jpeg"}],"twitter_card":"summary_large_image","twitter_title":"Szafka naro\u017cna g\u00f3rna Roma jode\u0142ka","twitter_description":"Szafka naro\u017cna 60\u00d760 Roma to nowoczesny mebel kuchenny, kt\u00f3ry maksymalnie wykorzystuje przestrze\u0144 naro\u017cn\u0105 i zapewnia wygodne przechowywanie.","twitter_image":"https:\/\/demkohome.pl\/wp-content\/uploads\/2024\/09\/Sz.-kuch.-ROMA-Gora-60x60_72-LP-1D-Naroznik-Jodelka_Czarny.jpg","twitter_misc":{"Est. reading time":"2 minutes"},"schema":{"@context":"https:\/\/schema.org","@graph":[{"@type":"WebPage","@id":"https:\/\/demkohome.pl\/produkt\/szafka-kuchenna-gorna-narozna-60x60-roma-jodelka-bialy_sm\/","url":"https:\/\/demkohome.pl\/produkt\/szafka-kuchenna-gorna-narozna-60x60-roma-jodelka-bialy_sm\/","name":"Szafka Kuchenna g\u00f3rna naro\u017cna 60x60cm Roma - Demko Home","isPartOf":{"@id":"https:\/\/demkohome.pl\/#website"},"primaryImageOfPage":{"@id":"https:\/\/demkohome.pl\/produkt\/szafka-kuchenna-gorna-narozna-60x60-roma-jodelka-bialy_sm\/#primaryimage"},"image":{"@id":"https:\/\/demkohome.pl\/produkt\/szafka-kuchenna-gorna-narozna-60x60-roma-jodelka-bialy_sm\/#primaryimage"},"thumbnailUrl":"https:\/\/demkohome.pl\/wp-content\/uploads\/2024\/09\/Sz.-kuch.-ROMA-Gora-60x60_72-LP-1D-Naroznik-Jodelka_Czarny.jpg","datePublished":"2024-07-02T13:16:34+00:00","dateModified":"2026-04-30T01:20:57+00:00","description":"Szafka naro\u017cna 60\u00d760 Roma to nowoczesny mebel kuchenny, kt\u00f3ry maksymalnie wykorzystuje przestrze\u0144 naro\u017cn\u0105 i zapewnia wygodne przechowywanie.","breadcrumb":{"@id":"https:\/\/demkohome.pl\/produkt\/szafka-kuchenna-gorna-narozna-60x60-roma-jodelka-bialy_sm\/#breadcrumb"},"inLanguage":"en-US","potentialAction":[{"@type":"ReadAction","target":["https:\/\/demkohome.pl\/produkt\/szafka-kuchenna-gorna-narozna-60x60-roma-jodelka-bialy_sm\/"]}]},{"@type":"ImageObject","inLanguage":"en-US","@id":"https:\/\/demkohome.pl\/produkt\/szafka-kuchenna-gorna-narozna-60x60-roma-jodelka-bialy_sm\/#primaryimage","url":"https:\/\/demkohome.pl\/wp-content\/uploads\/2024\/09\/Sz.-kuch.-ROMA-Gora-60x60_72-LP-1D-Naroznik-Jodelka_Czarny.jpg","contentUrl":"https:\/\/demkohome.pl\/wp-content\/uploads\/2024\/09\/Sz.-kuch.-ROMA-Gora-60x60_72-LP-1D-Naroznik-Jodelka_Czarny.jpg","width":2560,"height":1707,"caption":"Szafka kuchenna Roma Meble Okmed Demko Demko Home Kuchnia Czarny"},{"@type":"BreadcrumbList","@id":"https:\/\/demkohome.pl\/produkt\/szafka-kuchenna-gorna-narozna-60x60-roma-jodelka-bialy_sm\/#breadcrumb","itemListElement":[{"@type":"ListItem","position":1,"name":"Strona g\u0142\u00f3wna","item":"https:\/\/demkohome.pl\/"},{"@type":"ListItem","position":2,"name":"Sklep","item":"https:\/\/demkohome.pl\/sklep\/"},{"@type":"ListItem","position":3,"name":"Szafka Kuchenna g\u00f3rna naro\u017cna 60x60cm Roma"}]},{"@type":"WebSite","@id":"https:\/\/demkohome.pl\/#website","url":"https:\/\/demkohome.pl\/","name":"Demko Home","description":"Make it simple","publisher":{"@id":"https:\/\/demkohome.pl\/#organization"},"potentialAction":[{"@type":"SearchAction","target":{"@type":"EntryPoint","urlTemplate":"https:\/\/demkohome.pl\/?s={search_term_string}"},"query-input":{"@type":"PropertyValueSpecification","valueRequired":true,"valueName":"search_term_string"}}],"inLanguage":"en-US"},{"@type":"Organization","@id":"https:\/\/demkohome.pl\/#organization","name":"Demko Home","url":"https:\/\/demkohome.pl\/","logo":{"@type":"ImageObject","inLanguage":"en-US","@id":"https:\/\/demkohome.pl\/#\/schema\/logo\/image\/","url":"https:\/\/demkohome.pl\/wp-content\/uploads\/2026\/03\/cropped-3.png","contentUrl":"https:\/\/demkohome.pl\/wp-content\/uploads\/2026\/03\/cropped-3.png","width":250,"height":63,"caption":"Demko Home"},"image":{"@id":"https:\/\/demkohome.pl\/#\/schema\/logo\/image\/"}}]}},"_links":{"self":[{"href":"https:\/\/demkohome.pl\/en\/wp-json\/wp\/v2\/product\/11585","targetHints":{"allow":["GET"]}}],"collection":[{"href":"https:\/\/demkohome.pl\/en\/wp-json\/wp\/v2\/product"}],"about":[{"href":"https:\/\/demkohome.pl\/en\/wp-json\/wp\/v2\/types\/product"}],"replies":[{"embeddable":true,"href":"https:\/\/demkohome.pl\/en\/wp-json\/wp\/v2\/comments?post=11585"}],"wp:featuredmedia":[{"embeddable":true,"href":"https:\/\/demkohome.pl\/en\/wp-json\/wp\/v2\/media\/12465"}],"wp:attachment":[{"href":"https:\/\/demkohome.pl\/en\/wp-json\/wp\/v2\/media?parent=11585"}],"wp:term":[{"taxonomy":"product_brand","embeddable":true,"href":"https:\/\/demkohome.pl\/en\/wp-json\/wp\/v2\/product_brand?post=11585"},{"taxonomy":"product_cat","embeddable":true,"href":"https:\/\/demkohome.pl\/en\/wp-json\/wp\/v2\/product_cat?post=11585"},{"taxonomy":"product_tag","embeddable":true,"href":"https:\/\/demkohome.pl\/en\/wp-json\/wp\/v2\/product_tag?post=11585"}],"curies":[{"name":"wp","href":"https:\/\/api.w.org\/{rel}","templated":true}]}}