{"id":11602,"date":"2024-07-04T10:27:16","date_gmt":"2024-07-04T08:27:16","guid":{"rendered":"https:\/\/demkohome.pl\/?post_type=product&#038;p=11602"},"modified":"2026-04-28T21:20:50","modified_gmt":"2026-04-28T19:20:50","slug":"lustro-kate","status":"publish","type":"product","link":"https:\/\/demkohome.pl\/en\/product\/lustro-kate\/","title":{"rendered":"Kate Mirror"},"content":{"rendered":"<p>Kate mirror is an elegant and functional solution for the hallway, which combines aesthetics and practicality. Made of high quality materials, it provides durability and strength, fitting perfectly into modern and classic interior designs.<\/p>\n<h4>Product Features:<\/h4>\n<ul>\n<li>Material: high quality furniture board, ensuring durability and resistance to damage.<\/li>\n<li>Color: Sonoma oak with white accents, adding a modern touch.<\/li>\n<li>Design: Minimalist and elegant, suitable for various interior styles.<\/li>\n<\/ul>\n<p>Kate mirror is an excellent choice for those who appreciate functionality combined with elegant design. It will be perfect in any hallway, helping to keep the space tidy and organized. Thanks to its universal color and modern design, Kate Mirror will not only be a practical element, but also a stylish decoration of your interior.<\/p>","protected":false},"excerpt":{"rendered":"<p>Lustro Kate to eleganckie i funkcjonalne rozwi\u0105zanie do przedpokoju, kt\u00f3re \u0142\u0105czy w sobie estetyk\u0119 i praktyczno\u015b\u0107. Wykonany z wysokiej jako\u015bci (&#8230;)<\/p>","protected":false},"featured_media":13819,"comment_status":"open","ping_status":"closed","template":"","meta":{"_acf_changed":false,"inline_featured_image":false},"product_brand":[],"product_cat":[323,305,142,296],"product_tag":[],"class_list":{"0":"post-11602","1":"product","2":"type-product","3":"status-publish","4":"has-post-thumbnail","6":"product_cat-black-week","7":"product_cat-kate","8":"product_cat-przedpokoj","9":"product_cat-zestawy-mebli-do-przedpokoju-meble-do-przedpokoju","10":"product_shipping_class-paczka-st-x-1","11":"collection-kate","13":"first","14":"instock","15":"sale","16":"shipping-taxable","17":"purchasable","18":"product-type-simple"},"acf":[],"yoast_head":"<!-- This site is optimized with the Yoast SEO plugin v27.4 - https:\/\/yoast.com\/product\/yoast-seo-wordpress\/ -->\n<title>Lustro Kate - Demko Home<\/title>\n<meta name=\"robots\" content=\"index, follow, max-snippet:-1, max-image-preview:large, max-video-preview:-1\" \/>\n<link rel=\"canonical\" href=\"https:\/\/demkohome.pl\/en\/product\/lustro-kate\/\" \/>\n<meta property=\"og:locale\" content=\"en_US\" \/>\n<meta property=\"og:type\" content=\"article\" \/>\n<meta property=\"og:title\" content=\"Lustro Kate - Demko Home\" \/>\n<meta property=\"og:description\" content=\"Lustro Kate to eleganckie i funkcjonalne rozwi\u0105zanie do przedpokoju, kt\u00f3re \u0142\u0105czy w sobie estetyk\u0119 i praktyczno\u015b\u0107. Wykonany z wysokiej jako\u015bci (...)\" \/>\n<meta property=\"og:url\" content=\"https:\/\/demkohome.pl\/en\/product\/lustro-kate\/\" \/>\n<meta property=\"og:site_name\" content=\"Demko Home\" \/>\n<meta property=\"article:modified_time\" content=\"2026-04-28T19:20:50+00:00\" \/>\n<meta property=\"og:image\" content=\"https:\/\/demkohome.pl\/wp-content\/uploads\/2024\/07\/kate-lustro-poprawione.jpg\" \/>\n\t<meta property=\"og:image:width\" content=\"1600\" \/>\n\t<meta property=\"og:image:height\" content=\"1600\" \/>\n\t<meta property=\"og:image:type\" content=\"image\/jpeg\" \/>\n<meta name=\"twitter:card\" content=\"summary_large_image\" \/>\n<meta name=\"twitter:label1\" content=\"Est. reading time\" \/>\n\t<meta name=\"twitter:data1\" content=\"1 minute\" \/>\n<script type=\"application\/ld+json\" class=\"yoast-schema-graph\">{\"@context\":\"https:\\\/\\\/schema.org\",\"@graph\":[{\"@type\":\"WebPage\",\"@id\":\"https:\\\/\\\/demkohome.pl\\\/produkt\\\/lustro-kate\\\/\",\"url\":\"https:\\\/\\\/demkohome.pl\\\/produkt\\\/lustro-kate\\\/\",\"name\":\"Lustro Kate - Demko Home\",\"isPartOf\":{\"@id\":\"https:\\\/\\\/demkohome.pl\\\/#website\"},\"primaryImageOfPage\":{\"@id\":\"https:\\\/\\\/demkohome.pl\\\/produkt\\\/lustro-kate\\\/#primaryimage\"},\"image\":{\"@id\":\"https:\\\/\\\/demkohome.pl\\\/produkt\\\/lustro-kate\\\/#primaryimage\"},\"thumbnailUrl\":\"https:\\\/\\\/demkohome.pl\\\/wp-content\\\/uploads\\\/2024\\\/07\\\/kate-lustro-poprawione.jpg\",\"datePublished\":\"2024-07-04T08:27:16+00:00\",\"dateModified\":\"2026-04-28T19:20:50+00:00\",\"breadcrumb\":{\"@id\":\"https:\\\/\\\/demkohome.pl\\\/produkt\\\/lustro-kate\\\/#breadcrumb\"},\"inLanguage\":\"en-US\",\"potentialAction\":[{\"@type\":\"ReadAction\",\"target\":[\"https:\\\/\\\/demkohome.pl\\\/produkt\\\/lustro-kate\\\/\"]}]},{\"@type\":\"ImageObject\",\"inLanguage\":\"en-US\",\"@id\":\"https:\\\/\\\/demkohome.pl\\\/produkt\\\/lustro-kate\\\/#primaryimage\",\"url\":\"https:\\\/\\\/demkohome.pl\\\/wp-content\\\/uploads\\\/2024\\\/07\\\/kate-lustro-poprawione.jpg\",\"contentUrl\":\"https:\\\/\\\/demkohome.pl\\\/wp-content\\\/uploads\\\/2024\\\/07\\\/kate-lustro-poprawione.jpg\",\"width\":1600,\"height\":1600},{\"@type\":\"BreadcrumbList\",\"@id\":\"https:\\\/\\\/demkohome.pl\\\/produkt\\\/lustro-kate\\\/#breadcrumb\",\"itemListElement\":[{\"@type\":\"ListItem\",\"position\":1,\"name\":\"Strona g\u0142\u00f3wna\",\"item\":\"https:\\\/\\\/demkohome.pl\\\/\"},{\"@type\":\"ListItem\",\"position\":2,\"name\":\"Sklep\",\"item\":\"https:\\\/\\\/demkohome.pl\\\/sklep\\\/\"},{\"@type\":\"ListItem\",\"position\":3,\"name\":\"Lustro Kate\"}]},{\"@type\":\"WebSite\",\"@id\":\"https:\\\/\\\/demkohome.pl\\\/#website\",\"url\":\"https:\\\/\\\/demkohome.pl\\\/\",\"name\":\"Demko Home\",\"description\":\"Make it simple\",\"publisher\":{\"@id\":\"https:\\\/\\\/demkohome.pl\\\/#organization\"},\"potentialAction\":[{\"@type\":\"SearchAction\",\"target\":{\"@type\":\"EntryPoint\",\"urlTemplate\":\"https:\\\/\\\/demkohome.pl\\\/?s={search_term_string}\"},\"query-input\":{\"@type\":\"PropertyValueSpecification\",\"valueRequired\":true,\"valueName\":\"search_term_string\"}}],\"inLanguage\":\"en-US\"},{\"@type\":\"Organization\",\"@id\":\"https:\\\/\\\/demkohome.pl\\\/#organization\",\"name\":\"Demko Home\",\"url\":\"https:\\\/\\\/demkohome.pl\\\/\",\"logo\":{\"@type\":\"ImageObject\",\"inLanguage\":\"en-US\",\"@id\":\"https:\\\/\\\/demkohome.pl\\\/#\\\/schema\\\/logo\\\/image\\\/\",\"url\":\"https:\\\/\\\/demkohome.pl\\\/wp-content\\\/uploads\\\/2026\\\/03\\\/cropped-3.png\",\"contentUrl\":\"https:\\\/\\\/demkohome.pl\\\/wp-content\\\/uploads\\\/2026\\\/03\\\/cropped-3.png\",\"width\":250,\"height\":63,\"caption\":\"Demko Home\"},\"image\":{\"@id\":\"https:\\\/\\\/demkohome.pl\\\/#\\\/schema\\\/logo\\\/image\\\/\"}}]}<\/script>\n<!-- \/ Yoast SEO plugin. -->","yoast_head_json":{"title":"Lustro Kate - Demko Home","robots":{"index":"index","follow":"follow","max-snippet":"max-snippet:-1","max-image-preview":"max-image-preview:large","max-video-preview":"max-video-preview:-1"},"canonical":"https:\/\/demkohome.pl\/en\/product\/lustro-kate\/","og_locale":"en_US","og_type":"article","og_title":"Lustro Kate - Demko Home","og_description":"Lustro Kate to eleganckie i funkcjonalne rozwi\u0105zanie do przedpokoju, kt\u00f3re \u0142\u0105czy w sobie estetyk\u0119 i praktyczno\u015b\u0107. Wykonany z wysokiej jako\u015bci (...)","og_url":"https:\/\/demkohome.pl\/en\/product\/lustro-kate\/","og_site_name":"Demko Home","article_modified_time":"2026-04-28T19:20:50+00:00","og_image":[{"width":1600,"height":1600,"url":"https:\/\/demkohome.pl\/wp-content\/uploads\/2024\/07\/kate-lustro-poprawione.jpg","type":"image\/jpeg"}],"twitter_card":"summary_large_image","twitter_misc":{"Est. reading time":"1 minute"},"schema":{"@context":"https:\/\/schema.org","@graph":[{"@type":"WebPage","@id":"https:\/\/demkohome.pl\/produkt\/lustro-kate\/","url":"https:\/\/demkohome.pl\/produkt\/lustro-kate\/","name":"Lustro Kate - Demko Home","isPartOf":{"@id":"https:\/\/demkohome.pl\/#website"},"primaryImageOfPage":{"@id":"https:\/\/demkohome.pl\/produkt\/lustro-kate\/#primaryimage"},"image":{"@id":"https:\/\/demkohome.pl\/produkt\/lustro-kate\/#primaryimage"},"thumbnailUrl":"https:\/\/demkohome.pl\/wp-content\/uploads\/2024\/07\/kate-lustro-poprawione.jpg","datePublished":"2024-07-04T08:27:16+00:00","dateModified":"2026-04-28T19:20:50+00:00","breadcrumb":{"@id":"https:\/\/demkohome.pl\/produkt\/lustro-kate\/#breadcrumb"},"inLanguage":"en-US","potentialAction":[{"@type":"ReadAction","target":["https:\/\/demkohome.pl\/produkt\/lustro-kate\/"]}]},{"@type":"ImageObject","inLanguage":"en-US","@id":"https:\/\/demkohome.pl\/produkt\/lustro-kate\/#primaryimage","url":"https:\/\/demkohome.pl\/wp-content\/uploads\/2024\/07\/kate-lustro-poprawione.jpg","contentUrl":"https:\/\/demkohome.pl\/wp-content\/uploads\/2024\/07\/kate-lustro-poprawione.jpg","width":1600,"height":1600},{"@type":"BreadcrumbList","@id":"https:\/\/demkohome.pl\/produkt\/lustro-kate\/#breadcrumb","itemListElement":[{"@type":"ListItem","position":1,"name":"Strona g\u0142\u00f3wna","item":"https:\/\/demkohome.pl\/"},{"@type":"ListItem","position":2,"name":"Sklep","item":"https:\/\/demkohome.pl\/sklep\/"},{"@type":"ListItem","position":3,"name":"Lustro Kate"}]},{"@type":"WebSite","@id":"https:\/\/demkohome.pl\/#website","url":"https:\/\/demkohome.pl\/","name":"Demko Home","description":"Make it simple","publisher":{"@id":"https:\/\/demkohome.pl\/#organization"},"potentialAction":[{"@type":"SearchAction","target":{"@type":"EntryPoint","urlTemplate":"https:\/\/demkohome.pl\/?s={search_term_string}"},"query-input":{"@type":"PropertyValueSpecification","valueRequired":true,"valueName":"search_term_string"}}],"inLanguage":"en-US"},{"@type":"Organization","@id":"https:\/\/demkohome.pl\/#organization","name":"Demko Home","url":"https:\/\/demkohome.pl\/","logo":{"@type":"ImageObject","inLanguage":"en-US","@id":"https:\/\/demkohome.pl\/#\/schema\/logo\/image\/","url":"https:\/\/demkohome.pl\/wp-content\/uploads\/2026\/03\/cropped-3.png","contentUrl":"https:\/\/demkohome.pl\/wp-content\/uploads\/2026\/03\/cropped-3.png","width":250,"height":63,"caption":"Demko Home"},"image":{"@id":"https:\/\/demkohome.pl\/#\/schema\/logo\/image\/"}}]}},"_links":{"self":[{"href":"https:\/\/demkohome.pl\/en\/wp-json\/wp\/v2\/product\/11602","targetHints":{"allow":["GET"]}}],"collection":[{"href":"https:\/\/demkohome.pl\/en\/wp-json\/wp\/v2\/product"}],"about":[{"href":"https:\/\/demkohome.pl\/en\/wp-json\/wp\/v2\/types\/product"}],"replies":[{"embeddable":true,"href":"https:\/\/demkohome.pl\/en\/wp-json\/wp\/v2\/comments?post=11602"}],"wp:featuredmedia":[{"embeddable":true,"href":"https:\/\/demkohome.pl\/en\/wp-json\/wp\/v2\/media\/13819"}],"wp:attachment":[{"href":"https:\/\/demkohome.pl\/en\/wp-json\/wp\/v2\/media?parent=11602"}],"wp:term":[{"taxonomy":"product_brand","embeddable":true,"href":"https:\/\/demkohome.pl\/en\/wp-json\/wp\/v2\/product_brand?post=11602"},{"taxonomy":"product_cat","embeddable":true,"href":"https:\/\/demkohome.pl\/en\/wp-json\/wp\/v2\/product_cat?post=11602"},{"taxonomy":"product_tag","embeddable":true,"href":"https:\/\/demkohome.pl\/en\/wp-json\/wp\/v2\/product_tag?post=11602"}],"curies":[{"name":"wp","href":"https:\/\/api.w.org\/{rel}","templated":true}]}}