{"id":12947,"date":"2024-10-02T09:34:20","date_gmt":"2024-10-02T07:34:20","guid":{"rendered":"https:\/\/demkohome.pl\/?post_type=product&#038;p=12947"},"modified":"2026-04-20T03:20:23","modified_gmt":"2026-04-20T01:20:23","slug":"szafka-kuchenna-dol-40cm-1-drzwi-1-szuflada-frida","status":"publish","type":"product","link":"https:\/\/demkohome.pl\/en\/product\/szafka-kuchenna-dol-40cm-1-drzwi-1-szuflada-frida\/","title":{"rendered":"Frida Kitchen Cabinet Bottom 40cm with drawer"},"content":{"rendered":"<div style=\"font-family: 'Noto Sans', sans-serif; font-size: 17px;\">\n<p>The Frida Bottom 40 cm kitchen cabinet is a perfect combination of functionality and modern design, which perfectly fits the requirements of modern kitchens. Designed with maximum ergonomics in mind, this cabinet offers a practical solution for storing dishes, pots, utensils or grocery supplies. With a width of 40 cm, the Frida cabinet is ideal for smaller kitchens where every centimeter counts, but it also works well as a complement to larger kitchen sets, providing additional usable space.<\/p>\n<p>Frida cabinet is distinguished by solid workmanship with high-quality materials, which translates into durability and resistance to daily use. The doors are equipped with aesthetically pleasing, easy-to-grasp handles and modern hinges with silent closing function, which provide comfort of use, eliminating loud closing. The surface of the front is easy to clean, making it easy to keep the kitchen perfectly clean.<\/p>\n<p>Frida cabinet style is a harmonious combination of classic and modern - the minimalist design fits both traditional and more modern kitchen arrangements. Thanks to its universal color scheme, the cabinet blends perfectly with a variety of interior styles, adding elegance and freshness. Its modular design allows flexible customization, making it an excellent choice for those who want to create a kitchen space tailored to their requirements.<\/p>\n<\/div>","protected":false},"excerpt":{"rendered":"<p>Szafka kuchenna Frida D\u00f3\u0142 40 cm to doskona\u0142e po\u0142\u0105czenie funkcjonalno\u015bci i nowoczesnego designu, kt\u00f3re idealnie wpisuje si\u0119 w wymagania wsp\u00f3\u0142czesnych (&#8230;)<\/p>","protected":false},"featured_media":13171,"comment_status":"open","ping_status":"closed","template":"","meta":{"_acf_changed":false,"inline_featured_image":false},"product_brand":[],"product_cat":[318,302,317],"product_tag":[],"class_list":{"0":"post-12947","1":"product","2":"type-product","3":"status-publish","4":"has-post-thumbnail","6":"product_cat-frida","7":"product_cat-kuchnia-pomieszczenia","8":"product_cat-szafki-meble-kuchenne-meble","9":"product_shipping_class-przesylka-dpd-15-pln","10":"collection-frida","12":"first","13":"instock","14":"shipping-taxable","15":"purchasable","16":"product-type-variable"},"acf":[],"yoast_head":"<!-- This site is optimized with the Yoast SEO plugin v27.4 - https:\/\/yoast.com\/product\/yoast-seo-wordpress\/ -->\n<title>Szafka Kuchenna Frida D\u00f3\u0142 40cm z szuflad\u0105 - Demko Home<\/title>\n<meta name=\"robots\" content=\"index, follow, max-snippet:-1, max-image-preview:large, max-video-preview:-1\" \/>\n<link rel=\"canonical\" href=\"https:\/\/demkohome.pl\/en\/product\/szafka-kuchenna-dol-40cm-1-drzwi-1-szuflada-frida\/\" \/>\n<meta property=\"og:locale\" content=\"en_US\" \/>\n<meta property=\"og:type\" content=\"article\" \/>\n<meta property=\"og:title\" content=\"Szafka Kuchenna Frida D\u00f3\u0142 40cm z szuflad\u0105 - Demko Home\" \/>\n<meta property=\"og:description\" content=\"Szafka kuchenna Frida D\u00f3\u0142 40 cm to doskona\u0142e po\u0142\u0105czenie funkcjonalno\u015bci i nowoczesnego designu, kt\u00f3re idealnie wpisuje si\u0119 w wymagania wsp\u00f3\u0142czesnych (...)\" \/>\n<meta property=\"og:url\" content=\"https:\/\/demkohome.pl\/en\/product\/szafka-kuchenna-dol-40cm-1-drzwi-1-szuflada-frida\/\" \/>\n<meta property=\"og:site_name\" content=\"Demko Home\" \/>\n<meta property=\"article:modified_time\" content=\"2026-04-20T01:20:23+00:00\" \/>\n<meta property=\"og:image\" content=\"https:\/\/demkohome.pl\/wp-content\/uploads\/2024\/10\/Sz.-kuch.-FRIDA-Dol-4081-1D1S-Grafit-AkrylBialy.jpg\" \/>\n\t<meta property=\"og:image:width\" content=\"2560\" \/>\n\t<meta property=\"og:image:height\" content=\"1707\" \/>\n\t<meta property=\"og:image:type\" content=\"image\/jpeg\" \/>\n<meta name=\"twitter:card\" content=\"summary_large_image\" \/>\n<meta name=\"twitter:label1\" content=\"Est. reading time\" \/>\n\t<meta name=\"twitter:data1\" content=\"2 minutes\" \/>\n<script type=\"application\/ld+json\" class=\"yoast-schema-graph\">{\"@context\":\"https:\\\/\\\/schema.org\",\"@graph\":[{\"@type\":\"WebPage\",\"@id\":\"https:\\\/\\\/demkohome.pl\\\/produkt\\\/szafka-kuchenna-dol-40cm-1-drzwi-1-szuflada-frida\\\/\",\"url\":\"https:\\\/\\\/demkohome.pl\\\/produkt\\\/szafka-kuchenna-dol-40cm-1-drzwi-1-szuflada-frida\\\/\",\"name\":\"Szafka Kuchenna Frida D\u00f3\u0142 40cm z szuflad\u0105 - Demko Home\",\"isPartOf\":{\"@id\":\"https:\\\/\\\/demkohome.pl\\\/#website\"},\"primaryImageOfPage\":{\"@id\":\"https:\\\/\\\/demkohome.pl\\\/produkt\\\/szafka-kuchenna-dol-40cm-1-drzwi-1-szuflada-frida\\\/#primaryimage\"},\"image\":{\"@id\":\"https:\\\/\\\/demkohome.pl\\\/produkt\\\/szafka-kuchenna-dol-40cm-1-drzwi-1-szuflada-frida\\\/#primaryimage\"},\"thumbnailUrl\":\"https:\\\/\\\/demkohome.pl\\\/wp-content\\\/uploads\\\/2024\\\/10\\\/Sz.-kuch.-FRIDA-Dol-4081-1D1S-Grafit-AkrylBialy.jpg\",\"datePublished\":\"2024-10-02T07:34:20+00:00\",\"dateModified\":\"2026-04-20T01:20:23+00:00\",\"breadcrumb\":{\"@id\":\"https:\\\/\\\/demkohome.pl\\\/produkt\\\/szafka-kuchenna-dol-40cm-1-drzwi-1-szuflada-frida\\\/#breadcrumb\"},\"inLanguage\":\"en-US\",\"potentialAction\":[{\"@type\":\"ReadAction\",\"target\":[\"https:\\\/\\\/demkohome.pl\\\/produkt\\\/szafka-kuchenna-dol-40cm-1-drzwi-1-szuflada-frida\\\/\"]}]},{\"@type\":\"ImageObject\",\"inLanguage\":\"en-US\",\"@id\":\"https:\\\/\\\/demkohome.pl\\\/produkt\\\/szafka-kuchenna-dol-40cm-1-drzwi-1-szuflada-frida\\\/#primaryimage\",\"url\":\"https:\\\/\\\/demkohome.pl\\\/wp-content\\\/uploads\\\/2024\\\/10\\\/Sz.-kuch.-FRIDA-Dol-4081-1D1S-Grafit-AkrylBialy.jpg\",\"contentUrl\":\"https:\\\/\\\/demkohome.pl\\\/wp-content\\\/uploads\\\/2024\\\/10\\\/Sz.-kuch.-FRIDA-Dol-4081-1D1S-Grafit-AkrylBialy.jpg\",\"width\":2560,\"height\":1707,\"caption\":\"Szafka kuchenna Frida Meble Okmed Demko Grafit\"},{\"@type\":\"BreadcrumbList\",\"@id\":\"https:\\\/\\\/demkohome.pl\\\/produkt\\\/szafka-kuchenna-dol-40cm-1-drzwi-1-szuflada-frida\\\/#breadcrumb\",\"itemListElement\":[{\"@type\":\"ListItem\",\"position\":1,\"name\":\"Strona g\u0142\u00f3wna\",\"item\":\"https:\\\/\\\/demkohome.pl\\\/\"},{\"@type\":\"ListItem\",\"position\":2,\"name\":\"Sklep\",\"item\":\"https:\\\/\\\/demkohome.pl\\\/sklep\\\/\"},{\"@type\":\"ListItem\",\"position\":3,\"name\":\"Szafka Kuchenna Frida D\u00f3\u0142 40cm z szuflad\u0105\"}]},{\"@type\":\"WebSite\",\"@id\":\"https:\\\/\\\/demkohome.pl\\\/#website\",\"url\":\"https:\\\/\\\/demkohome.pl\\\/\",\"name\":\"Demko Home\",\"description\":\"Make it simple\",\"publisher\":{\"@id\":\"https:\\\/\\\/demkohome.pl\\\/#organization\"},\"potentialAction\":[{\"@type\":\"SearchAction\",\"target\":{\"@type\":\"EntryPoint\",\"urlTemplate\":\"https:\\\/\\\/demkohome.pl\\\/?s={search_term_string}\"},\"query-input\":{\"@type\":\"PropertyValueSpecification\",\"valueRequired\":true,\"valueName\":\"search_term_string\"}}],\"inLanguage\":\"en-US\"},{\"@type\":\"Organization\",\"@id\":\"https:\\\/\\\/demkohome.pl\\\/#organization\",\"name\":\"Demko Home\",\"url\":\"https:\\\/\\\/demkohome.pl\\\/\",\"logo\":{\"@type\":\"ImageObject\",\"inLanguage\":\"en-US\",\"@id\":\"https:\\\/\\\/demkohome.pl\\\/#\\\/schema\\\/logo\\\/image\\\/\",\"url\":\"https:\\\/\\\/demkohome.pl\\\/wp-content\\\/uploads\\\/2026\\\/03\\\/cropped-3.png\",\"contentUrl\":\"https:\\\/\\\/demkohome.pl\\\/wp-content\\\/uploads\\\/2026\\\/03\\\/cropped-3.png\",\"width\":250,\"height\":63,\"caption\":\"Demko Home\"},\"image\":{\"@id\":\"https:\\\/\\\/demkohome.pl\\\/#\\\/schema\\\/logo\\\/image\\\/\"}}]}<\/script>\n<!-- \/ Yoast SEO plugin. -->","yoast_head_json":{"title":"Szafka Kuchenna Frida D\u00f3\u0142 40cm z szuflad\u0105 - Demko Home","robots":{"index":"index","follow":"follow","max-snippet":"max-snippet:-1","max-image-preview":"max-image-preview:large","max-video-preview":"max-video-preview:-1"},"canonical":"https:\/\/demkohome.pl\/en\/product\/szafka-kuchenna-dol-40cm-1-drzwi-1-szuflada-frida\/","og_locale":"en_US","og_type":"article","og_title":"Szafka Kuchenna Frida D\u00f3\u0142 40cm z szuflad\u0105 - Demko Home","og_description":"Szafka kuchenna Frida D\u00f3\u0142 40 cm to doskona\u0142e po\u0142\u0105czenie funkcjonalno\u015bci i nowoczesnego designu, kt\u00f3re idealnie wpisuje si\u0119 w wymagania wsp\u00f3\u0142czesnych (...)","og_url":"https:\/\/demkohome.pl\/en\/product\/szafka-kuchenna-dol-40cm-1-drzwi-1-szuflada-frida\/","og_site_name":"Demko Home","article_modified_time":"2026-04-20T01:20:23+00:00","og_image":[{"width":2560,"height":1707,"url":"https:\/\/demkohome.pl\/wp-content\/uploads\/2024\/10\/Sz.-kuch.-FRIDA-Dol-4081-1D1S-Grafit-AkrylBialy.jpg","type":"image\/jpeg"}],"twitter_card":"summary_large_image","twitter_misc":{"Est. reading time":"2 minutes"},"schema":{"@context":"https:\/\/schema.org","@graph":[{"@type":"WebPage","@id":"https:\/\/demkohome.pl\/produkt\/szafka-kuchenna-dol-40cm-1-drzwi-1-szuflada-frida\/","url":"https:\/\/demkohome.pl\/produkt\/szafka-kuchenna-dol-40cm-1-drzwi-1-szuflada-frida\/","name":"Szafka Kuchenna Frida D\u00f3\u0142 40cm z szuflad\u0105 - Demko Home","isPartOf":{"@id":"https:\/\/demkohome.pl\/#website"},"primaryImageOfPage":{"@id":"https:\/\/demkohome.pl\/produkt\/szafka-kuchenna-dol-40cm-1-drzwi-1-szuflada-frida\/#primaryimage"},"image":{"@id":"https:\/\/demkohome.pl\/produkt\/szafka-kuchenna-dol-40cm-1-drzwi-1-szuflada-frida\/#primaryimage"},"thumbnailUrl":"https:\/\/demkohome.pl\/wp-content\/uploads\/2024\/10\/Sz.-kuch.-FRIDA-Dol-4081-1D1S-Grafit-AkrylBialy.jpg","datePublished":"2024-10-02T07:34:20+00:00","dateModified":"2026-04-20T01:20:23+00:00","breadcrumb":{"@id":"https:\/\/demkohome.pl\/produkt\/szafka-kuchenna-dol-40cm-1-drzwi-1-szuflada-frida\/#breadcrumb"},"inLanguage":"en-US","potentialAction":[{"@type":"ReadAction","target":["https:\/\/demkohome.pl\/produkt\/szafka-kuchenna-dol-40cm-1-drzwi-1-szuflada-frida\/"]}]},{"@type":"ImageObject","inLanguage":"en-US","@id":"https:\/\/demkohome.pl\/produkt\/szafka-kuchenna-dol-40cm-1-drzwi-1-szuflada-frida\/#primaryimage","url":"https:\/\/demkohome.pl\/wp-content\/uploads\/2024\/10\/Sz.-kuch.-FRIDA-Dol-4081-1D1S-Grafit-AkrylBialy.jpg","contentUrl":"https:\/\/demkohome.pl\/wp-content\/uploads\/2024\/10\/Sz.-kuch.-FRIDA-Dol-4081-1D1S-Grafit-AkrylBialy.jpg","width":2560,"height":1707,"caption":"Szafka kuchenna Frida Meble Okmed Demko Grafit"},{"@type":"BreadcrumbList","@id":"https:\/\/demkohome.pl\/produkt\/szafka-kuchenna-dol-40cm-1-drzwi-1-szuflada-frida\/#breadcrumb","itemListElement":[{"@type":"ListItem","position":1,"name":"Strona g\u0142\u00f3wna","item":"https:\/\/demkohome.pl\/"},{"@type":"ListItem","position":2,"name":"Sklep","item":"https:\/\/demkohome.pl\/sklep\/"},{"@type":"ListItem","position":3,"name":"Szafka Kuchenna Frida D\u00f3\u0142 40cm z szuflad\u0105"}]},{"@type":"WebSite","@id":"https:\/\/demkohome.pl\/#website","url":"https:\/\/demkohome.pl\/","name":"Demko Home","description":"Make it simple","publisher":{"@id":"https:\/\/demkohome.pl\/#organization"},"potentialAction":[{"@type":"SearchAction","target":{"@type":"EntryPoint","urlTemplate":"https:\/\/demkohome.pl\/?s={search_term_string}"},"query-input":{"@type":"PropertyValueSpecification","valueRequired":true,"valueName":"search_term_string"}}],"inLanguage":"en-US"},{"@type":"Organization","@id":"https:\/\/demkohome.pl\/#organization","name":"Demko Home","url":"https:\/\/demkohome.pl\/","logo":{"@type":"ImageObject","inLanguage":"en-US","@id":"https:\/\/demkohome.pl\/#\/schema\/logo\/image\/","url":"https:\/\/demkohome.pl\/wp-content\/uploads\/2026\/03\/cropped-3.png","contentUrl":"https:\/\/demkohome.pl\/wp-content\/uploads\/2026\/03\/cropped-3.png","width":250,"height":63,"caption":"Demko Home"},"image":{"@id":"https:\/\/demkohome.pl\/#\/schema\/logo\/image\/"}}]}},"_links":{"self":[{"href":"https:\/\/demkohome.pl\/en\/wp-json\/wp\/v2\/product\/12947","targetHints":{"allow":["GET"]}}],"collection":[{"href":"https:\/\/demkohome.pl\/en\/wp-json\/wp\/v2\/product"}],"about":[{"href":"https:\/\/demkohome.pl\/en\/wp-json\/wp\/v2\/types\/product"}],"replies":[{"embeddable":true,"href":"https:\/\/demkohome.pl\/en\/wp-json\/wp\/v2\/comments?post=12947"}],"wp:featuredmedia":[{"embeddable":true,"href":"https:\/\/demkohome.pl\/en\/wp-json\/wp\/v2\/media\/13171"}],"wp:attachment":[{"href":"https:\/\/demkohome.pl\/en\/wp-json\/wp\/v2\/media?parent=12947"}],"wp:term":[{"taxonomy":"product_brand","embeddable":true,"href":"https:\/\/demkohome.pl\/en\/wp-json\/wp\/v2\/product_brand?post=12947"},{"taxonomy":"product_cat","embeddable":true,"href":"https:\/\/demkohome.pl\/en\/wp-json\/wp\/v2\/product_cat?post=12947"},{"taxonomy":"product_tag","embeddable":true,"href":"https:\/\/demkohome.pl\/en\/wp-json\/wp\/v2\/product_tag?post=12947"}],"curies":[{"name":"wp","href":"https:\/\/api.w.org\/{rel}","templated":true}]}}