{"id":1295,"date":"2024-05-17T12:59:53","date_gmt":"2024-05-17T10:59:53","guid":{"rendered":"https:\/\/demkohome.pl\/produkt\/segment-kuchenny-ava\/"},"modified":"2026-04-19T03:24:10","modified_gmt":"2026-04-19T01:24:10","slug":"segment-kuchenny-200-cm-ava","status":"publish","type":"product","link":"https:\/\/demkohome.pl\/en\/product\/segment-kuchenny-200-cm-ava\/","title":{"rendered":"Kitchen furniture set 200 cm Ava"},"content":{"rendered":"<div style=\"font-family: 'Noto Sans', sans-serif; font-size: 17px;\">\n<p>Kitchen furniture collection \"Ava\" is a perfect solution for modern kitchens. The products are manufactured by a Polish manufacturer from 16 mm thick laminated chipboard, which ensures durability and resistance to moisture. The furniture has a matte finish with PVC edging, protecting the edges from damage.Each element of the collection is equipped with GTV hydraulic hinges and large, straight handles in aluminum, which guarantees smooth opening and closing of doors and drawers. Drawers are equipped with a comfort box system, ensuring a quiet closing.<\/p>\n<p>The 60 cm and 80 cm double wall cabinets can be opened upwards thanks to Hafele's Free Flap opening system, making them both functional and space-saving. The collection is FSC\u00ae certified, a testament to sustainable forest management.<\/p>\n<p>Kitchen furniture from the Ava collection is easy to assemble, which allows you to quickly and efficiently furnish your kitchen according to your needs. The ability to expand with additional elements from the same series allows you to customize the furniture to suit your individual preferences.<\/p>\n<hr \/>\n<p>The Ava collection combines high quality workmanship, functionality and aesthetic appeal, making it an ideal choice for modern kitchen spaces.<\/p>\n<\/div>","protected":false},"excerpt":{"rendered":"<p>Kolekcja mebli kuchennych &#8222;Ava&#8221; to doskona\u0142e rozwi\u0105zanie dla nowoczesnych kuchni. Produkty s\u0105 wyprodukowane przez polskiego producenta z p\u0142yty wi\u00f3rowej laminowanej (&#8230;)<\/p>","protected":false},"featured_media":541763,"comment_status":"open","ping_status":"closed","template":"","meta":{"_acf_changed":false,"inline_featured_image":false},"product_brand":[],"product_cat":[140,65,110],"product_tag":[],"class_list":{"0":"post-1295","1":"product","2":"type-product","3":"status-publish","4":"has-post-thumbnail","6":"product_cat-kuchnia","7":"product_cat-meble-kuchenne","8":"product_cat-zestawy-mebli-kuchennych","9":"collection-ava","11":"first","12":"instock","13":"shipping-taxable","14":"purchasable","15":"product-type-variable"},"acf":[],"yoast_head":"<!-- This site is optimized with the Yoast SEO plugin v27.4 - https:\/\/yoast.com\/product\/yoast-seo-wordpress\/ -->\n<title>Zestaw mebli kuchennych 200 cm Ava - Demko Home<\/title>\n<meta name=\"robots\" content=\"index, follow, max-snippet:-1, max-image-preview:large, max-video-preview:-1\" \/>\n<link rel=\"canonical\" href=\"https:\/\/demkohome.pl\/en\/product\/segment-kuchenny-200-cm-ava\/\" \/>\n<meta property=\"og:locale\" content=\"en_US\" \/>\n<meta property=\"og:type\" content=\"article\" \/>\n<meta property=\"og:title\" content=\"Zestaw mebli kuchennych 200 cm Ava - Demko Home\" \/>\n<meta property=\"og:description\" content=\"Kolekcja mebli kuchennych &#8222;Ava&#8221; to doskona\u0142e rozwi\u0105zanie dla nowoczesnych kuchni. Produkty s\u0105 wyprodukowane przez polskiego producenta z p\u0142yty wi\u00f3rowej laminowanej (...)\" \/>\n<meta property=\"og:url\" content=\"https:\/\/demkohome.pl\/en\/product\/segment-kuchenny-200-cm-ava\/\" \/>\n<meta property=\"og:site_name\" content=\"Demko Home\" \/>\n<meta property=\"article:modified_time\" content=\"2026-04-19T01:24:10+00:00\" \/>\n<meta property=\"og:image\" content=\"https:\/\/demkohome.pl\/wp-content\/uploads\/2024\/05\/blenda-Bialy_Dab-Artisan-Bialy.jpg\" \/>\n\t<meta property=\"og:image:width\" content=\"1619\" \/>\n\t<meta property=\"og:image:height\" content=\"1080\" \/>\n\t<meta property=\"og:image:type\" content=\"image\/jpeg\" \/>\n<meta name=\"twitter:card\" content=\"summary_large_image\" \/>\n<meta name=\"twitter:label1\" content=\"Est. reading time\" \/>\n\t<meta name=\"twitter:data1\" content=\"3 minutes\" \/>\n<script type=\"application\/ld+json\" class=\"yoast-schema-graph\">{\"@context\":\"https:\\\/\\\/schema.org\",\"@graph\":[{\"@type\":\"WebPage\",\"@id\":\"https:\\\/\\\/demkohome.pl\\\/produkt\\\/segment-kuchenny-200-cm-ava\\\/\",\"url\":\"https:\\\/\\\/demkohome.pl\\\/produkt\\\/segment-kuchenny-200-cm-ava\\\/\",\"name\":\"Zestaw mebli kuchennych 200 cm Ava - Demko Home\",\"isPartOf\":{\"@id\":\"https:\\\/\\\/demkohome.pl\\\/#website\"},\"primaryImageOfPage\":{\"@id\":\"https:\\\/\\\/demkohome.pl\\\/produkt\\\/segment-kuchenny-200-cm-ava\\\/#primaryimage\"},\"image\":{\"@id\":\"https:\\\/\\\/demkohome.pl\\\/produkt\\\/segment-kuchenny-200-cm-ava\\\/#primaryimage\"},\"thumbnailUrl\":\"https:\\\/\\\/demkohome.pl\\\/wp-content\\\/uploads\\\/2024\\\/05\\\/blenda-Bialy_Dab-Artisan-Bialy.jpg\",\"datePublished\":\"2024-05-17T10:59:53+00:00\",\"dateModified\":\"2026-04-19T01:24:10+00:00\",\"breadcrumb\":{\"@id\":\"https:\\\/\\\/demkohome.pl\\\/produkt\\\/segment-kuchenny-200-cm-ava\\\/#breadcrumb\"},\"inLanguage\":\"en-US\",\"potentialAction\":[{\"@type\":\"ReadAction\",\"target\":[\"https:\\\/\\\/demkohome.pl\\\/produkt\\\/segment-kuchenny-200-cm-ava\\\/\"]}]},{\"@type\":\"ImageObject\",\"inLanguage\":\"en-US\",\"@id\":\"https:\\\/\\\/demkohome.pl\\\/produkt\\\/segment-kuchenny-200-cm-ava\\\/#primaryimage\",\"url\":\"https:\\\/\\\/demkohome.pl\\\/wp-content\\\/uploads\\\/2024\\\/05\\\/blenda-Bialy_Dab-Artisan-Bialy.jpg\",\"contentUrl\":\"https:\\\/\\\/demkohome.pl\\\/wp-content\\\/uploads\\\/2024\\\/05\\\/blenda-Bialy_Dab-Artisan-Bialy.jpg\",\"width\":1619,\"height\":1080},{\"@type\":\"BreadcrumbList\",\"@id\":\"https:\\\/\\\/demkohome.pl\\\/produkt\\\/segment-kuchenny-200-cm-ava\\\/#breadcrumb\",\"itemListElement\":[{\"@type\":\"ListItem\",\"position\":1,\"name\":\"Strona g\u0142\u00f3wna\",\"item\":\"https:\\\/\\\/demkohome.pl\\\/\"},{\"@type\":\"ListItem\",\"position\":2,\"name\":\"Sklep\",\"item\":\"https:\\\/\\\/demkohome.pl\\\/sklep\\\/\"},{\"@type\":\"ListItem\",\"position\":3,\"name\":\"Zestaw mebli kuchennych 200 cm Ava\"}]},{\"@type\":\"WebSite\",\"@id\":\"https:\\\/\\\/demkohome.pl\\\/#website\",\"url\":\"https:\\\/\\\/demkohome.pl\\\/\",\"name\":\"Demko Home\",\"description\":\"Make it simple\",\"publisher\":{\"@id\":\"https:\\\/\\\/demkohome.pl\\\/#organization\"},\"potentialAction\":[{\"@type\":\"SearchAction\",\"target\":{\"@type\":\"EntryPoint\",\"urlTemplate\":\"https:\\\/\\\/demkohome.pl\\\/?s={search_term_string}\"},\"query-input\":{\"@type\":\"PropertyValueSpecification\",\"valueRequired\":true,\"valueName\":\"search_term_string\"}}],\"inLanguage\":\"en-US\"},{\"@type\":\"Organization\",\"@id\":\"https:\\\/\\\/demkohome.pl\\\/#organization\",\"name\":\"Demko Home\",\"url\":\"https:\\\/\\\/demkohome.pl\\\/\",\"logo\":{\"@type\":\"ImageObject\",\"inLanguage\":\"en-US\",\"@id\":\"https:\\\/\\\/demkohome.pl\\\/#\\\/schema\\\/logo\\\/image\\\/\",\"url\":\"https:\\\/\\\/demkohome.pl\\\/wp-content\\\/uploads\\\/2026\\\/03\\\/cropped-3.png\",\"contentUrl\":\"https:\\\/\\\/demkohome.pl\\\/wp-content\\\/uploads\\\/2026\\\/03\\\/cropped-3.png\",\"width\":250,\"height\":63,\"caption\":\"Demko Home\"},\"image\":{\"@id\":\"https:\\\/\\\/demkohome.pl\\\/#\\\/schema\\\/logo\\\/image\\\/\"}}]}<\/script>\n<!-- \/ Yoast SEO plugin. -->","yoast_head_json":{"title":"Zestaw mebli kuchennych 200 cm Ava - Demko Home","robots":{"index":"index","follow":"follow","max-snippet":"max-snippet:-1","max-image-preview":"max-image-preview:large","max-video-preview":"max-video-preview:-1"},"canonical":"https:\/\/demkohome.pl\/en\/product\/segment-kuchenny-200-cm-ava\/","og_locale":"en_US","og_type":"article","og_title":"Zestaw mebli kuchennych 200 cm Ava - Demko Home","og_description":"Kolekcja mebli kuchennych &#8222;Ava&#8221; to doskona\u0142e rozwi\u0105zanie dla nowoczesnych kuchni. Produkty s\u0105 wyprodukowane przez polskiego producenta z p\u0142yty wi\u00f3rowej laminowanej (...)","og_url":"https:\/\/demkohome.pl\/en\/product\/segment-kuchenny-200-cm-ava\/","og_site_name":"Demko Home","article_modified_time":"2026-04-19T01:24:10+00:00","og_image":[{"width":1619,"height":1080,"url":"https:\/\/demkohome.pl\/wp-content\/uploads\/2024\/05\/blenda-Bialy_Dab-Artisan-Bialy.jpg","type":"image\/jpeg"}],"twitter_card":"summary_large_image","twitter_misc":{"Est. reading time":"3 minutes"},"schema":{"@context":"https:\/\/schema.org","@graph":[{"@type":"WebPage","@id":"https:\/\/demkohome.pl\/produkt\/segment-kuchenny-200-cm-ava\/","url":"https:\/\/demkohome.pl\/produkt\/segment-kuchenny-200-cm-ava\/","name":"Zestaw mebli kuchennych 200 cm Ava - Demko Home","isPartOf":{"@id":"https:\/\/demkohome.pl\/#website"},"primaryImageOfPage":{"@id":"https:\/\/demkohome.pl\/produkt\/segment-kuchenny-200-cm-ava\/#primaryimage"},"image":{"@id":"https:\/\/demkohome.pl\/produkt\/segment-kuchenny-200-cm-ava\/#primaryimage"},"thumbnailUrl":"https:\/\/demkohome.pl\/wp-content\/uploads\/2024\/05\/blenda-Bialy_Dab-Artisan-Bialy.jpg","datePublished":"2024-05-17T10:59:53+00:00","dateModified":"2026-04-19T01:24:10+00:00","breadcrumb":{"@id":"https:\/\/demkohome.pl\/produkt\/segment-kuchenny-200-cm-ava\/#breadcrumb"},"inLanguage":"en-US","potentialAction":[{"@type":"ReadAction","target":["https:\/\/demkohome.pl\/produkt\/segment-kuchenny-200-cm-ava\/"]}]},{"@type":"ImageObject","inLanguage":"en-US","@id":"https:\/\/demkohome.pl\/produkt\/segment-kuchenny-200-cm-ava\/#primaryimage","url":"https:\/\/demkohome.pl\/wp-content\/uploads\/2024\/05\/blenda-Bialy_Dab-Artisan-Bialy.jpg","contentUrl":"https:\/\/demkohome.pl\/wp-content\/uploads\/2024\/05\/blenda-Bialy_Dab-Artisan-Bialy.jpg","width":1619,"height":1080},{"@type":"BreadcrumbList","@id":"https:\/\/demkohome.pl\/produkt\/segment-kuchenny-200-cm-ava\/#breadcrumb","itemListElement":[{"@type":"ListItem","position":1,"name":"Strona g\u0142\u00f3wna","item":"https:\/\/demkohome.pl\/"},{"@type":"ListItem","position":2,"name":"Sklep","item":"https:\/\/demkohome.pl\/sklep\/"},{"@type":"ListItem","position":3,"name":"Zestaw mebli kuchennych 200 cm Ava"}]},{"@type":"WebSite","@id":"https:\/\/demkohome.pl\/#website","url":"https:\/\/demkohome.pl\/","name":"Demko Home","description":"Make it simple","publisher":{"@id":"https:\/\/demkohome.pl\/#organization"},"potentialAction":[{"@type":"SearchAction","target":{"@type":"EntryPoint","urlTemplate":"https:\/\/demkohome.pl\/?s={search_term_string}"},"query-input":{"@type":"PropertyValueSpecification","valueRequired":true,"valueName":"search_term_string"}}],"inLanguage":"en-US"},{"@type":"Organization","@id":"https:\/\/demkohome.pl\/#organization","name":"Demko Home","url":"https:\/\/demkohome.pl\/","logo":{"@type":"ImageObject","inLanguage":"en-US","@id":"https:\/\/demkohome.pl\/#\/schema\/logo\/image\/","url":"https:\/\/demkohome.pl\/wp-content\/uploads\/2026\/03\/cropped-3.png","contentUrl":"https:\/\/demkohome.pl\/wp-content\/uploads\/2026\/03\/cropped-3.png","width":250,"height":63,"caption":"Demko Home"},"image":{"@id":"https:\/\/demkohome.pl\/#\/schema\/logo\/image\/"}}]}},"_links":{"self":[{"href":"https:\/\/demkohome.pl\/en\/wp-json\/wp\/v2\/product\/1295","targetHints":{"allow":["GET"]}}],"collection":[{"href":"https:\/\/demkohome.pl\/en\/wp-json\/wp\/v2\/product"}],"about":[{"href":"https:\/\/demkohome.pl\/en\/wp-json\/wp\/v2\/types\/product"}],"replies":[{"embeddable":true,"href":"https:\/\/demkohome.pl\/en\/wp-json\/wp\/v2\/comments?post=1295"}],"wp:featuredmedia":[{"embeddable":true,"href":"https:\/\/demkohome.pl\/en\/wp-json\/wp\/v2\/media\/541763"}],"wp:attachment":[{"href":"https:\/\/demkohome.pl\/en\/wp-json\/wp\/v2\/media?parent=1295"}],"wp:term":[{"taxonomy":"product_brand","embeddable":true,"href":"https:\/\/demkohome.pl\/en\/wp-json\/wp\/v2\/product_brand?post=1295"},{"taxonomy":"product_cat","embeddable":true,"href":"https:\/\/demkohome.pl\/en\/wp-json\/wp\/v2\/product_cat?post=1295"},{"taxonomy":"product_tag","embeddable":true,"href":"https:\/\/demkohome.pl\/en\/wp-json\/wp\/v2\/product_tag?post=1295"}],"curies":[{"name":"wp","href":"https:\/\/api.w.org\/{rel}","templated":true}]}}