{"id":12957,"date":"2024-10-02T09:34:22","date_gmt":"2024-10-02T07:34:22","guid":{"rendered":"https:\/\/demkohome.pl\/?post_type=product&#038;p=12957"},"modified":"2026-05-02T15:19:23","modified_gmt":"2026-05-02T13:19:23","slug":"szafka-kuchenna-dol-80cm-frida-2-drzwi-1-szuflada","status":"publish","type":"product","link":"https:\/\/demkohome.pl\/en\/product\/szafka-kuchenna-dol-80cm-frida-2-drzwi-1-szuflada\/","title":{"rendered":"Frida Kitchen Cabinet Bottom 80cm with drawer"},"content":{"rendered":"<div style=\"font-family: 'Noto Sans', sans-serif; font-size: 17px;\">\n<p>The Frida Bottom 80 cm kitchen cabinet with 2 doors and 1 drawer is an extremely functional kitchen piece of furniture that offers an optimal storage solution. With a width of 80 cm, the cabinet provides plenty of space for larger pots, pans or other kitchen utensils, while the additional drawer will be perfect for storing kitchen utensils, cutlery or smaller items that are worth having always at hand. This combination of closed space and drawer guarantees convenience and order in the kitchen.<\/p>\n<p>Frida cabinet is made of high-quality materials, which ensures its durability and resistance to intensive use. The doors and drawer are equipped with modern hinges and slides with silent closing function, which allow noiseless and smooth closing, increasing the comfort of use. Stylish handles give the cabinet an elegant look, and the surfaces are easy to keep clean, which is especially important for everyday kitchen work.<\/p>\n<p>Frida Bottom 80 cm kitchen cabinet with 2 doors and 1 drawer fits perfectly with the rest of the Frida series, creating an aesthetically pleasing and functional kitchen space. Its universal design perfectly suits both modern and traditional interior designs, giving them elegance and harmony. It is an excellent choice for those looking for furniture that combines aesthetics, functionality and durability.<\/p>\n<\/div>","protected":false},"excerpt":{"rendered":"<p>Szafka kuchenna Frida D\u00f3\u0142 80 cm z 2 drzwiczkami i 1 szuflad\u0105 to wyj\u0105tkowo funkcjonalny mebel kuchenny, kt\u00f3ry oferuje optymalne (&#8230;)<\/p>","protected":false},"featured_media":13124,"comment_status":"open","ping_status":"closed","template":"","meta":{"_acf_changed":false,"inline_featured_image":false},"product_brand":[],"product_cat":[318,302,317],"product_tag":[],"class_list":{"0":"post-12957","1":"product","2":"type-product","3":"status-publish","4":"has-post-thumbnail","6":"product_cat-frida","7":"product_cat-kuchnia-pomieszczenia","8":"product_cat-szafki-meble-kuchenne-meble","9":"product_shipping_class-przesylka-dpd-15-pln","10":"collection-frida","12":"first","13":"instock","14":"shipping-taxable","15":"purchasable","16":"product-type-variable"},"acf":[],"yoast_head":"<!-- This site is optimized with the Yoast SEO plugin v27.4 - https:\/\/yoast.com\/product\/yoast-seo-wordpress\/ -->\n<title>Szafka Kuchenna Frida D\u00f3\u0142 80cm z szuflad\u0105 - Demko Home<\/title>\n<meta name=\"robots\" content=\"index, follow, max-snippet:-1, max-image-preview:large, max-video-preview:-1\" \/>\n<link rel=\"canonical\" href=\"https:\/\/demkohome.pl\/en\/product\/szafka-kuchenna-dol-80cm-frida-2-drzwi-1-szuflada\/\" \/>\n<meta property=\"og:locale\" content=\"en_US\" \/>\n<meta property=\"og:type\" content=\"article\" \/>\n<meta property=\"og:title\" content=\"Szafka Kuchenna Frida D\u00f3\u0142 80cm z szuflad\u0105 - Demko Home\" \/>\n<meta property=\"og:description\" content=\"Szafka kuchenna Frida D\u00f3\u0142 80 cm z 2 drzwiczkami i 1 szuflad\u0105 to wyj\u0105tkowo funkcjonalny mebel kuchenny, kt\u00f3ry oferuje optymalne (...)\" \/>\n<meta property=\"og:url\" content=\"https:\/\/demkohome.pl\/en\/product\/szafka-kuchenna-dol-80cm-frida-2-drzwi-1-szuflada\/\" \/>\n<meta property=\"og:site_name\" content=\"Demko Home\" \/>\n<meta property=\"article:modified_time\" content=\"2026-05-02T13:19:23+00:00\" \/>\n<meta property=\"og:image\" content=\"https:\/\/demkohome.pl\/wp-content\/uploads\/2024\/10\/Sz.-kuch.-FRIDA-Dol-8081-2D1S-Grafit_AkrylBialy.jpg\" \/>\n\t<meta property=\"og:image:width\" content=\"2560\" \/>\n\t<meta property=\"og:image:height\" content=\"1707\" \/>\n\t<meta property=\"og:image:type\" content=\"image\/jpeg\" \/>\n<meta name=\"twitter:card\" content=\"summary_large_image\" \/>\n<meta name=\"twitter:label1\" content=\"Est. reading time\" \/>\n\t<meta name=\"twitter:data1\" content=\"2 minutes\" \/>\n<script type=\"application\/ld+json\" class=\"yoast-schema-graph\">{\"@context\":\"https:\\\/\\\/schema.org\",\"@graph\":[{\"@type\":\"WebPage\",\"@id\":\"https:\\\/\\\/demkohome.pl\\\/produkt\\\/szafka-kuchenna-dol-80cm-frida-2-drzwi-1-szuflada\\\/\",\"url\":\"https:\\\/\\\/demkohome.pl\\\/produkt\\\/szafka-kuchenna-dol-80cm-frida-2-drzwi-1-szuflada\\\/\",\"name\":\"Szafka Kuchenna Frida D\u00f3\u0142 80cm z szuflad\u0105 - Demko Home\",\"isPartOf\":{\"@id\":\"https:\\\/\\\/demkohome.pl\\\/#website\"},\"primaryImageOfPage\":{\"@id\":\"https:\\\/\\\/demkohome.pl\\\/produkt\\\/szafka-kuchenna-dol-80cm-frida-2-drzwi-1-szuflada\\\/#primaryimage\"},\"image\":{\"@id\":\"https:\\\/\\\/demkohome.pl\\\/produkt\\\/szafka-kuchenna-dol-80cm-frida-2-drzwi-1-szuflada\\\/#primaryimage\"},\"thumbnailUrl\":\"https:\\\/\\\/demkohome.pl\\\/wp-content\\\/uploads\\\/2024\\\/10\\\/Sz.-kuch.-FRIDA-Dol-8081-2D1S-Grafit_AkrylBialy.jpg\",\"datePublished\":\"2024-10-02T07:34:22+00:00\",\"dateModified\":\"2026-05-02T13:19:23+00:00\",\"breadcrumb\":{\"@id\":\"https:\\\/\\\/demkohome.pl\\\/produkt\\\/szafka-kuchenna-dol-80cm-frida-2-drzwi-1-szuflada\\\/#breadcrumb\"},\"inLanguage\":\"en-US\",\"potentialAction\":[{\"@type\":\"ReadAction\",\"target\":[\"https:\\\/\\\/demkohome.pl\\\/produkt\\\/szafka-kuchenna-dol-80cm-frida-2-drzwi-1-szuflada\\\/\"]}]},{\"@type\":\"ImageObject\",\"inLanguage\":\"en-US\",\"@id\":\"https:\\\/\\\/demkohome.pl\\\/produkt\\\/szafka-kuchenna-dol-80cm-frida-2-drzwi-1-szuflada\\\/#primaryimage\",\"url\":\"https:\\\/\\\/demkohome.pl\\\/wp-content\\\/uploads\\\/2024\\\/10\\\/Sz.-kuch.-FRIDA-Dol-8081-2D1S-Grafit_AkrylBialy.jpg\",\"contentUrl\":\"https:\\\/\\\/demkohome.pl\\\/wp-content\\\/uploads\\\/2024\\\/10\\\/Sz.-kuch.-FRIDA-Dol-8081-2D1S-Grafit_AkrylBialy.jpg\",\"width\":2560,\"height\":1707,\"caption\":\"Szafka kuchenna Frida Meble Okmed Demko Grafit\"},{\"@type\":\"BreadcrumbList\",\"@id\":\"https:\\\/\\\/demkohome.pl\\\/produkt\\\/szafka-kuchenna-dol-80cm-frida-2-drzwi-1-szuflada\\\/#breadcrumb\",\"itemListElement\":[{\"@type\":\"ListItem\",\"position\":1,\"name\":\"Strona g\u0142\u00f3wna\",\"item\":\"https:\\\/\\\/demkohome.pl\\\/\"},{\"@type\":\"ListItem\",\"position\":2,\"name\":\"Sklep\",\"item\":\"https:\\\/\\\/demkohome.pl\\\/sklep\\\/\"},{\"@type\":\"ListItem\",\"position\":3,\"name\":\"Szafka Kuchenna Frida D\u00f3\u0142 80cm z szuflad\u0105\"}]},{\"@type\":\"WebSite\",\"@id\":\"https:\\\/\\\/demkohome.pl\\\/#website\",\"url\":\"https:\\\/\\\/demkohome.pl\\\/\",\"name\":\"Demko Home\",\"description\":\"Make it simple\",\"publisher\":{\"@id\":\"https:\\\/\\\/demkohome.pl\\\/#organization\"},\"potentialAction\":[{\"@type\":\"SearchAction\",\"target\":{\"@type\":\"EntryPoint\",\"urlTemplate\":\"https:\\\/\\\/demkohome.pl\\\/?s={search_term_string}\"},\"query-input\":{\"@type\":\"PropertyValueSpecification\",\"valueRequired\":true,\"valueName\":\"search_term_string\"}}],\"inLanguage\":\"en-US\"},{\"@type\":\"Organization\",\"@id\":\"https:\\\/\\\/demkohome.pl\\\/#organization\",\"name\":\"Demko Home\",\"url\":\"https:\\\/\\\/demkohome.pl\\\/\",\"logo\":{\"@type\":\"ImageObject\",\"inLanguage\":\"en-US\",\"@id\":\"https:\\\/\\\/demkohome.pl\\\/#\\\/schema\\\/logo\\\/image\\\/\",\"url\":\"https:\\\/\\\/demkohome.pl\\\/wp-content\\\/uploads\\\/2026\\\/03\\\/cropped-3.png\",\"contentUrl\":\"https:\\\/\\\/demkohome.pl\\\/wp-content\\\/uploads\\\/2026\\\/03\\\/cropped-3.png\",\"width\":250,\"height\":63,\"caption\":\"Demko Home\"},\"image\":{\"@id\":\"https:\\\/\\\/demkohome.pl\\\/#\\\/schema\\\/logo\\\/image\\\/\"}}]}<\/script>\n<!-- \/ Yoast SEO plugin. -->","yoast_head_json":{"title":"Szafka Kuchenna Frida D\u00f3\u0142 80cm z szuflad\u0105 - Demko Home","robots":{"index":"index","follow":"follow","max-snippet":"max-snippet:-1","max-image-preview":"max-image-preview:large","max-video-preview":"max-video-preview:-1"},"canonical":"https:\/\/demkohome.pl\/en\/product\/szafka-kuchenna-dol-80cm-frida-2-drzwi-1-szuflada\/","og_locale":"en_US","og_type":"article","og_title":"Szafka Kuchenna Frida D\u00f3\u0142 80cm z szuflad\u0105 - Demko Home","og_description":"Szafka kuchenna Frida D\u00f3\u0142 80 cm z 2 drzwiczkami i 1 szuflad\u0105 to wyj\u0105tkowo funkcjonalny mebel kuchenny, kt\u00f3ry oferuje optymalne (...)","og_url":"https:\/\/demkohome.pl\/en\/product\/szafka-kuchenna-dol-80cm-frida-2-drzwi-1-szuflada\/","og_site_name":"Demko Home","article_modified_time":"2026-05-02T13:19:23+00:00","og_image":[{"width":2560,"height":1707,"url":"https:\/\/demkohome.pl\/wp-content\/uploads\/2024\/10\/Sz.-kuch.-FRIDA-Dol-8081-2D1S-Grafit_AkrylBialy.jpg","type":"image\/jpeg"}],"twitter_card":"summary_large_image","twitter_misc":{"Est. reading time":"2 minutes"},"schema":{"@context":"https:\/\/schema.org","@graph":[{"@type":"WebPage","@id":"https:\/\/demkohome.pl\/produkt\/szafka-kuchenna-dol-80cm-frida-2-drzwi-1-szuflada\/","url":"https:\/\/demkohome.pl\/produkt\/szafka-kuchenna-dol-80cm-frida-2-drzwi-1-szuflada\/","name":"Szafka Kuchenna Frida D\u00f3\u0142 80cm z szuflad\u0105 - Demko Home","isPartOf":{"@id":"https:\/\/demkohome.pl\/#website"},"primaryImageOfPage":{"@id":"https:\/\/demkohome.pl\/produkt\/szafka-kuchenna-dol-80cm-frida-2-drzwi-1-szuflada\/#primaryimage"},"image":{"@id":"https:\/\/demkohome.pl\/produkt\/szafka-kuchenna-dol-80cm-frida-2-drzwi-1-szuflada\/#primaryimage"},"thumbnailUrl":"https:\/\/demkohome.pl\/wp-content\/uploads\/2024\/10\/Sz.-kuch.-FRIDA-Dol-8081-2D1S-Grafit_AkrylBialy.jpg","datePublished":"2024-10-02T07:34:22+00:00","dateModified":"2026-05-02T13:19:23+00:00","breadcrumb":{"@id":"https:\/\/demkohome.pl\/produkt\/szafka-kuchenna-dol-80cm-frida-2-drzwi-1-szuflada\/#breadcrumb"},"inLanguage":"en-US","potentialAction":[{"@type":"ReadAction","target":["https:\/\/demkohome.pl\/produkt\/szafka-kuchenna-dol-80cm-frida-2-drzwi-1-szuflada\/"]}]},{"@type":"ImageObject","inLanguage":"en-US","@id":"https:\/\/demkohome.pl\/produkt\/szafka-kuchenna-dol-80cm-frida-2-drzwi-1-szuflada\/#primaryimage","url":"https:\/\/demkohome.pl\/wp-content\/uploads\/2024\/10\/Sz.-kuch.-FRIDA-Dol-8081-2D1S-Grafit_AkrylBialy.jpg","contentUrl":"https:\/\/demkohome.pl\/wp-content\/uploads\/2024\/10\/Sz.-kuch.-FRIDA-Dol-8081-2D1S-Grafit_AkrylBialy.jpg","width":2560,"height":1707,"caption":"Szafka kuchenna Frida Meble Okmed Demko Grafit"},{"@type":"BreadcrumbList","@id":"https:\/\/demkohome.pl\/produkt\/szafka-kuchenna-dol-80cm-frida-2-drzwi-1-szuflada\/#breadcrumb","itemListElement":[{"@type":"ListItem","position":1,"name":"Strona g\u0142\u00f3wna","item":"https:\/\/demkohome.pl\/"},{"@type":"ListItem","position":2,"name":"Sklep","item":"https:\/\/demkohome.pl\/sklep\/"},{"@type":"ListItem","position":3,"name":"Szafka Kuchenna Frida D\u00f3\u0142 80cm z szuflad\u0105"}]},{"@type":"WebSite","@id":"https:\/\/demkohome.pl\/#website","url":"https:\/\/demkohome.pl\/","name":"Demko Home","description":"Make it simple","publisher":{"@id":"https:\/\/demkohome.pl\/#organization"},"potentialAction":[{"@type":"SearchAction","target":{"@type":"EntryPoint","urlTemplate":"https:\/\/demkohome.pl\/?s={search_term_string}"},"query-input":{"@type":"PropertyValueSpecification","valueRequired":true,"valueName":"search_term_string"}}],"inLanguage":"en-US"},{"@type":"Organization","@id":"https:\/\/demkohome.pl\/#organization","name":"Demko Home","url":"https:\/\/demkohome.pl\/","logo":{"@type":"ImageObject","inLanguage":"en-US","@id":"https:\/\/demkohome.pl\/#\/schema\/logo\/image\/","url":"https:\/\/demkohome.pl\/wp-content\/uploads\/2026\/03\/cropped-3.png","contentUrl":"https:\/\/demkohome.pl\/wp-content\/uploads\/2026\/03\/cropped-3.png","width":250,"height":63,"caption":"Demko Home"},"image":{"@id":"https:\/\/demkohome.pl\/#\/schema\/logo\/image\/"}}]}},"_links":{"self":[{"href":"https:\/\/demkohome.pl\/en\/wp-json\/wp\/v2\/product\/12957","targetHints":{"allow":["GET"]}}],"collection":[{"href":"https:\/\/demkohome.pl\/en\/wp-json\/wp\/v2\/product"}],"about":[{"href":"https:\/\/demkohome.pl\/en\/wp-json\/wp\/v2\/types\/product"}],"replies":[{"embeddable":true,"href":"https:\/\/demkohome.pl\/en\/wp-json\/wp\/v2\/comments?post=12957"}],"wp:featuredmedia":[{"embeddable":true,"href":"https:\/\/demkohome.pl\/en\/wp-json\/wp\/v2\/media\/13124"}],"wp:attachment":[{"href":"https:\/\/demkohome.pl\/en\/wp-json\/wp\/v2\/media?parent=12957"}],"wp:term":[{"taxonomy":"product_brand","embeddable":true,"href":"https:\/\/demkohome.pl\/en\/wp-json\/wp\/v2\/product_brand?post=12957"},{"taxonomy":"product_cat","embeddable":true,"href":"https:\/\/demkohome.pl\/en\/wp-json\/wp\/v2\/product_cat?post=12957"},{"taxonomy":"product_tag","embeddable":true,"href":"https:\/\/demkohome.pl\/en\/wp-json\/wp\/v2\/product_tag?post=12957"}],"curies":[{"name":"wp","href":"https:\/\/api.w.org\/{rel}","templated":true}]}}