{"id":12963,"date":"2024-10-02T09:34:24","date_gmt":"2024-10-02T07:34:24","guid":{"rendered":"https:\/\/demkohome.pl\/?post_type=product&#038;p=12963"},"modified":"2026-04-30T09:18:32","modified_gmt":"2026-04-30T07:18:32","slug":"szafka-kuchenna-gora-60cm-okap-frida","status":"publish","type":"product","link":"https:\/\/demkohome.pl\/en\/product\/szafka-kuchenna-gora-60cm-okap-frida\/","title":{"rendered":"Frida Kitchen Cabinet Top 60cm Hood"},"content":{"rendered":"<div style=\"font-family: 'Noto Sans', sans-serif; font-size: 17px;\">\n<p>Kitchen cabinet Frida Top 60 cm under the hood is a practical and aesthetic solution, ideally designed for the development of a kitchen hood. With a width of 60 cm, the cabinet is perfect for any kitchen, allowing you to elegantly hide the hood and maintain the consistent aesthetics of the development of the upper part of the kitchen. The cabinet is designed to easily accommodate the hood, while also providing space for storing smaller items such as spices and other kitchen accessories.<\/p>\n<p>Frida cabinet is distinguished by high quality workmanship, the materials used are durable and resistant to daily use. The simple form and smooth finish make it not only functional, but also easy to keep clean, which is especially important in the cooking area. Stylish handles add an elegant touch, and hinges with a silent closing function ensure comfortable and noiseless use.<\/p>\n<p>The Frida Kitchen Cabinet Up 60 cm under the hood is an element that will fit perfectly into a variety of design styles - from classic to more modern interiors. Its modular nature makes it easy to match with the other elements of the Frida series, creating a harmonious and consistent kitchen space. It's a great choice for those looking for an aesthetically pleasing way to hide a kitchen hood without sacrificing the elegant look and functionality of their kitchen.<\/p>\n<\/div>\n<p><img decoding=\"async\" class=\"alignnone wp-image-12132\" src=\"https:\/\/demkohome.pl\/wp-content\/uploads\/2025\/08\/Segment-kuch.-FRIDA-22072-Bialy_AkrylBialy_SmFSC.jpg\" \/><\/p>","protected":false},"excerpt":{"rendered":"<p>Szafka kuchenna Frida G\u00f3ra 60 cm pod okap to praktyczne i estetyczne rozwi\u0105zanie, idealnie zaprojektowane do zabudowy okapu kuchennego. Dzi\u0119ki (&#8230;)<\/p>","protected":false},"featured_media":13144,"comment_status":"open","ping_status":"closed","template":"","meta":{"_acf_changed":false,"inline_featured_image":false},"product_brand":[],"product_cat":[318,302,317],"product_tag":[],"class_list":{"0":"post-12963","1":"product","2":"type-product","3":"status-publish","4":"has-post-thumbnail","6":"product_cat-frida","7":"product_cat-kuchnia-pomieszczenia","8":"product_cat-szafki-meble-kuchenne-meble","9":"product_shipping_class-przesylka-dpd-15-pln","10":"collection-frida","12":"first","13":"instock","14":"shipping-taxable","15":"purchasable","16":"product-type-variable","17":"has-default-attributes"},"acf":[],"yoast_head":"<!-- This site is optimized with the Yoast SEO plugin v27.4 - https:\/\/yoast.com\/product\/yoast-seo-wordpress\/ -->\n<title>Szafka Kuchenna Frida G\u00f3ra 60cm Okap - Demko Home<\/title>\n<meta name=\"robots\" content=\"index, follow, max-snippet:-1, max-image-preview:large, max-video-preview:-1\" \/>\n<link rel=\"canonical\" href=\"https:\/\/demkohome.pl\/en\/product\/szafka-kuchenna-gora-60cm-okap-frida\/\" \/>\n<meta property=\"og:locale\" content=\"en_US\" \/>\n<meta property=\"og:type\" content=\"article\" \/>\n<meta property=\"og:title\" content=\"Szafka Kuchenna Frida G\u00f3ra 60cm Okap - Demko Home\" \/>\n<meta property=\"og:description\" content=\"Szafka kuchenna Frida G\u00f3ra 60 cm pod okap to praktyczne i estetyczne rozwi\u0105zanie, idealnie zaprojektowane do zabudowy okapu kuchennego. Dzi\u0119ki (...)\" \/>\n<meta property=\"og:url\" content=\"https:\/\/demkohome.pl\/en\/product\/szafka-kuchenna-gora-60cm-okap-frida\/\" \/>\n<meta property=\"og:site_name\" content=\"Demko Home\" \/>\n<meta property=\"article:modified_time\" content=\"2026-04-30T07:18:32+00:00\" \/>\n<meta property=\"og:image\" content=\"https:\/\/demkohome.pl\/wp-content\/uploads\/2024\/10\/Sz.-kuch.-FRIDA-Gora-60357-Okap-Grafit-AkrylBialy-e1728635642544.jpg\" \/>\n\t<meta property=\"og:image:width\" content=\"1851\" \/>\n\t<meta property=\"og:image:height\" content=\"1216\" \/>\n\t<meta property=\"og:image:type\" content=\"image\/jpeg\" \/>\n<meta name=\"twitter:card\" content=\"summary_large_image\" \/>\n<meta name=\"twitter:label1\" content=\"Est. reading time\" \/>\n\t<meta name=\"twitter:data1\" content=\"2 minutes\" \/>\n<script type=\"application\/ld+json\" class=\"yoast-schema-graph\">{\"@context\":\"https:\\\/\\\/schema.org\",\"@graph\":[{\"@type\":\"WebPage\",\"@id\":\"https:\\\/\\\/demkohome.pl\\\/produkt\\\/szafka-kuchenna-gora-60cm-okap-frida\\\/\",\"url\":\"https:\\\/\\\/demkohome.pl\\\/produkt\\\/szafka-kuchenna-gora-60cm-okap-frida\\\/\",\"name\":\"Szafka Kuchenna Frida G\u00f3ra 60cm Okap - Demko Home\",\"isPartOf\":{\"@id\":\"https:\\\/\\\/demkohome.pl\\\/#website\"},\"primaryImageOfPage\":{\"@id\":\"https:\\\/\\\/demkohome.pl\\\/produkt\\\/szafka-kuchenna-gora-60cm-okap-frida\\\/#primaryimage\"},\"image\":{\"@id\":\"https:\\\/\\\/demkohome.pl\\\/produkt\\\/szafka-kuchenna-gora-60cm-okap-frida\\\/#primaryimage\"},\"thumbnailUrl\":\"https:\\\/\\\/demkohome.pl\\\/wp-content\\\/uploads\\\/2024\\\/10\\\/Sz.-kuch.-FRIDA-Gora-60357-Okap-Grafit-AkrylBialy-e1728635642544.jpg\",\"datePublished\":\"2024-10-02T07:34:24+00:00\",\"dateModified\":\"2026-04-30T07:18:32+00:00\",\"breadcrumb\":{\"@id\":\"https:\\\/\\\/demkohome.pl\\\/produkt\\\/szafka-kuchenna-gora-60cm-okap-frida\\\/#breadcrumb\"},\"inLanguage\":\"en-US\",\"potentialAction\":[{\"@type\":\"ReadAction\",\"target\":[\"https:\\\/\\\/demkohome.pl\\\/produkt\\\/szafka-kuchenna-gora-60cm-okap-frida\\\/\"]}]},{\"@type\":\"ImageObject\",\"inLanguage\":\"en-US\",\"@id\":\"https:\\\/\\\/demkohome.pl\\\/produkt\\\/szafka-kuchenna-gora-60cm-okap-frida\\\/#primaryimage\",\"url\":\"https:\\\/\\\/demkohome.pl\\\/wp-content\\\/uploads\\\/2024\\\/10\\\/Sz.-kuch.-FRIDA-Gora-60357-Okap-Grafit-AkrylBialy-e1728635642544.jpg\",\"contentUrl\":\"https:\\\/\\\/demkohome.pl\\\/wp-content\\\/uploads\\\/2024\\\/10\\\/Sz.-kuch.-FRIDA-Gora-60357-Okap-Grafit-AkrylBialy-e1728635642544.jpg\",\"width\":1851,\"height\":1216,\"caption\":\"Szafka kuchenna okap Frida Meble Okmed Demko Grafit\"},{\"@type\":\"BreadcrumbList\",\"@id\":\"https:\\\/\\\/demkohome.pl\\\/produkt\\\/szafka-kuchenna-gora-60cm-okap-frida\\\/#breadcrumb\",\"itemListElement\":[{\"@type\":\"ListItem\",\"position\":1,\"name\":\"Strona g\u0142\u00f3wna\",\"item\":\"https:\\\/\\\/demkohome.pl\\\/\"},{\"@type\":\"ListItem\",\"position\":2,\"name\":\"Sklep\",\"item\":\"https:\\\/\\\/demkohome.pl\\\/sklep\\\/\"},{\"@type\":\"ListItem\",\"position\":3,\"name\":\"Szafka Kuchenna Frida G\u00f3ra 60cm Okap\"}]},{\"@type\":\"WebSite\",\"@id\":\"https:\\\/\\\/demkohome.pl\\\/#website\",\"url\":\"https:\\\/\\\/demkohome.pl\\\/\",\"name\":\"Demko Home\",\"description\":\"Make it simple\",\"publisher\":{\"@id\":\"https:\\\/\\\/demkohome.pl\\\/#organization\"},\"potentialAction\":[{\"@type\":\"SearchAction\",\"target\":{\"@type\":\"EntryPoint\",\"urlTemplate\":\"https:\\\/\\\/demkohome.pl\\\/?s={search_term_string}\"},\"query-input\":{\"@type\":\"PropertyValueSpecification\",\"valueRequired\":true,\"valueName\":\"search_term_string\"}}],\"inLanguage\":\"en-US\"},{\"@type\":\"Organization\",\"@id\":\"https:\\\/\\\/demkohome.pl\\\/#organization\",\"name\":\"Demko Home\",\"url\":\"https:\\\/\\\/demkohome.pl\\\/\",\"logo\":{\"@type\":\"ImageObject\",\"inLanguage\":\"en-US\",\"@id\":\"https:\\\/\\\/demkohome.pl\\\/#\\\/schema\\\/logo\\\/image\\\/\",\"url\":\"https:\\\/\\\/demkohome.pl\\\/wp-content\\\/uploads\\\/2026\\\/03\\\/cropped-3.png\",\"contentUrl\":\"https:\\\/\\\/demkohome.pl\\\/wp-content\\\/uploads\\\/2026\\\/03\\\/cropped-3.png\",\"width\":250,\"height\":63,\"caption\":\"Demko Home\"},\"image\":{\"@id\":\"https:\\\/\\\/demkohome.pl\\\/#\\\/schema\\\/logo\\\/image\\\/\"}}]}<\/script>\n<!-- \/ Yoast SEO plugin. -->","yoast_head_json":{"title":"Szafka Kuchenna Frida G\u00f3ra 60cm Okap - Demko Home","robots":{"index":"index","follow":"follow","max-snippet":"max-snippet:-1","max-image-preview":"max-image-preview:large","max-video-preview":"max-video-preview:-1"},"canonical":"https:\/\/demkohome.pl\/en\/product\/szafka-kuchenna-gora-60cm-okap-frida\/","og_locale":"en_US","og_type":"article","og_title":"Szafka Kuchenna Frida G\u00f3ra 60cm Okap - Demko Home","og_description":"Szafka kuchenna Frida G\u00f3ra 60 cm pod okap to praktyczne i estetyczne rozwi\u0105zanie, idealnie zaprojektowane do zabudowy okapu kuchennego. Dzi\u0119ki (...)","og_url":"https:\/\/demkohome.pl\/en\/product\/szafka-kuchenna-gora-60cm-okap-frida\/","og_site_name":"Demko Home","article_modified_time":"2026-04-30T07:18:32+00:00","og_image":[{"width":1851,"height":1216,"url":"https:\/\/demkohome.pl\/wp-content\/uploads\/2024\/10\/Sz.-kuch.-FRIDA-Gora-60357-Okap-Grafit-AkrylBialy-e1728635642544.jpg","type":"image\/jpeg"}],"twitter_card":"summary_large_image","twitter_misc":{"Est. reading time":"2 minutes"},"schema":{"@context":"https:\/\/schema.org","@graph":[{"@type":"WebPage","@id":"https:\/\/demkohome.pl\/produkt\/szafka-kuchenna-gora-60cm-okap-frida\/","url":"https:\/\/demkohome.pl\/produkt\/szafka-kuchenna-gora-60cm-okap-frida\/","name":"Szafka Kuchenna Frida G\u00f3ra 60cm Okap - Demko Home","isPartOf":{"@id":"https:\/\/demkohome.pl\/#website"},"primaryImageOfPage":{"@id":"https:\/\/demkohome.pl\/produkt\/szafka-kuchenna-gora-60cm-okap-frida\/#primaryimage"},"image":{"@id":"https:\/\/demkohome.pl\/produkt\/szafka-kuchenna-gora-60cm-okap-frida\/#primaryimage"},"thumbnailUrl":"https:\/\/demkohome.pl\/wp-content\/uploads\/2024\/10\/Sz.-kuch.-FRIDA-Gora-60357-Okap-Grafit-AkrylBialy-e1728635642544.jpg","datePublished":"2024-10-02T07:34:24+00:00","dateModified":"2026-04-30T07:18:32+00:00","breadcrumb":{"@id":"https:\/\/demkohome.pl\/produkt\/szafka-kuchenna-gora-60cm-okap-frida\/#breadcrumb"},"inLanguage":"en-US","potentialAction":[{"@type":"ReadAction","target":["https:\/\/demkohome.pl\/produkt\/szafka-kuchenna-gora-60cm-okap-frida\/"]}]},{"@type":"ImageObject","inLanguage":"en-US","@id":"https:\/\/demkohome.pl\/produkt\/szafka-kuchenna-gora-60cm-okap-frida\/#primaryimage","url":"https:\/\/demkohome.pl\/wp-content\/uploads\/2024\/10\/Sz.-kuch.-FRIDA-Gora-60357-Okap-Grafit-AkrylBialy-e1728635642544.jpg","contentUrl":"https:\/\/demkohome.pl\/wp-content\/uploads\/2024\/10\/Sz.-kuch.-FRIDA-Gora-60357-Okap-Grafit-AkrylBialy-e1728635642544.jpg","width":1851,"height":1216,"caption":"Szafka kuchenna okap Frida Meble Okmed Demko Grafit"},{"@type":"BreadcrumbList","@id":"https:\/\/demkohome.pl\/produkt\/szafka-kuchenna-gora-60cm-okap-frida\/#breadcrumb","itemListElement":[{"@type":"ListItem","position":1,"name":"Strona g\u0142\u00f3wna","item":"https:\/\/demkohome.pl\/"},{"@type":"ListItem","position":2,"name":"Sklep","item":"https:\/\/demkohome.pl\/sklep\/"},{"@type":"ListItem","position":3,"name":"Szafka Kuchenna Frida G\u00f3ra 60cm Okap"}]},{"@type":"WebSite","@id":"https:\/\/demkohome.pl\/#website","url":"https:\/\/demkohome.pl\/","name":"Demko Home","description":"Make it simple","publisher":{"@id":"https:\/\/demkohome.pl\/#organization"},"potentialAction":[{"@type":"SearchAction","target":{"@type":"EntryPoint","urlTemplate":"https:\/\/demkohome.pl\/?s={search_term_string}"},"query-input":{"@type":"PropertyValueSpecification","valueRequired":true,"valueName":"search_term_string"}}],"inLanguage":"en-US"},{"@type":"Organization","@id":"https:\/\/demkohome.pl\/#organization","name":"Demko Home","url":"https:\/\/demkohome.pl\/","logo":{"@type":"ImageObject","inLanguage":"en-US","@id":"https:\/\/demkohome.pl\/#\/schema\/logo\/image\/","url":"https:\/\/demkohome.pl\/wp-content\/uploads\/2026\/03\/cropped-3.png","contentUrl":"https:\/\/demkohome.pl\/wp-content\/uploads\/2026\/03\/cropped-3.png","width":250,"height":63,"caption":"Demko Home"},"image":{"@id":"https:\/\/demkohome.pl\/#\/schema\/logo\/image\/"}}]}},"_links":{"self":[{"href":"https:\/\/demkohome.pl\/en\/wp-json\/wp\/v2\/product\/12963","targetHints":{"allow":["GET"]}}],"collection":[{"href":"https:\/\/demkohome.pl\/en\/wp-json\/wp\/v2\/product"}],"about":[{"href":"https:\/\/demkohome.pl\/en\/wp-json\/wp\/v2\/types\/product"}],"replies":[{"embeddable":true,"href":"https:\/\/demkohome.pl\/en\/wp-json\/wp\/v2\/comments?post=12963"}],"wp:featuredmedia":[{"embeddable":true,"href":"https:\/\/demkohome.pl\/en\/wp-json\/wp\/v2\/media\/13144"}],"wp:attachment":[{"href":"https:\/\/demkohome.pl\/en\/wp-json\/wp\/v2\/media?parent=12963"}],"wp:term":[{"taxonomy":"product_brand","embeddable":true,"href":"https:\/\/demkohome.pl\/en\/wp-json\/wp\/v2\/product_brand?post=12963"},{"taxonomy":"product_cat","embeddable":true,"href":"https:\/\/demkohome.pl\/en\/wp-json\/wp\/v2\/product_cat?post=12963"},{"taxonomy":"product_tag","embeddable":true,"href":"https:\/\/demkohome.pl\/en\/wp-json\/wp\/v2\/product_tag?post=12963"}],"curies":[{"name":"wp","href":"https:\/\/api.w.org\/{rel}","templated":true}]}}