{"id":1301,"date":"2024-05-17T12:59:52","date_gmt":"2024-05-17T10:59:52","guid":{"rendered":"https:\/\/demkohome.pl\/produkt\/szafka-kuchenna-ava-dol\/"},"modified":"2026-05-16T21:20:36","modified_gmt":"2026-05-16T19:20:36","slug":"szafka-kuchenna-ava-dol","status":"publish","type":"product","link":"https:\/\/demkohome.pl\/en\/product\/szafka-kuchenna-ava-dol\/","title":{"rendered":"Standing kitchen cabinet 15 cm Ava"},"content":{"rendered":"<h3><span style=\"font-family: 'Noto Sans', sans-serif; font-size: 17px;\">Szafka kuchenna stoj\u0105ca 15 cm Ava to praktyczny element uzupe\u0142niaj\u0105cy zabudow\u0119, kt\u00f3ry pozwala maksymalnie wykorzysta\u0107 nawet w\u0105skie przestrzenie w kuchni. Idealnie sprawdzi si\u0119 jako miejsce do przechowywania drobnych akcesori\u00f3w, przypraw czy wysokich, w\u0105skich produkt\u00f3w, kt\u00f3re trudno zmie\u015bci\u0107 w standardowych szafkach.<\/span><\/h3>\n<div style=\"font-family: 'Noto Sans', sans-serif; font-size: 17px;\">\n<p data-start=\"319\" data-end=\"514\">Dzi\u0119ki kompaktowej szeroko\u015bci 15 cm szafka \u015bwietnie nadaje si\u0119 do wype\u0142nienia wolnych przestrzeni pomi\u0119dzy innymi modu\u0142ami lub przy \u015bcianie, zapewniaj\u0105c sp\u00f3jny i estetyczny wygl\u0105d ca\u0142ej zabudowy.<\/p>\n<p data-start=\"516\" data-end=\"708\"><strong>Funkcjonalno\u015b\u0107 i wygoda<\/strong><br data-start=\"539\" data-end=\"542\" \/>Przemy\u015blana konstrukcja umo\u017cliwia \u0142atwy dost\u0119p do przechowywanych produkt\u00f3w, a jej smuk\u0142a forma sprawia, \u017ce ka\u017cdy centymetr kuchni zostaje efektywnie zagospodarowany.<\/p>\n<p data-start=\"710\" data-end=\"935\"><strong>Dopasowanie do systemu Ava<\/strong><br data-start=\"736\" data-end=\"739\" \/>Szafka zosta\u0142a zaprojektowana jako element modu\u0142owego systemu Ava, co pozwala na jej \u0142atwe dopasowanie do pozosta\u0142ych mebli z kolekcji oraz tworzenie sp\u00f3jnych, funkcjonalnych aran\u017cacji kuchennych.<\/p>\n<p data-start=\"937\" data-end=\"1009\">Sp\u00f3jny design<br data-start=\"950\" data-end=\"953\" \/>Model dost\u0119pny jest w trzech wariantach kolorystycznych:<\/p>\n<ul data-start=\"1010\" data-end=\"1083\">\n<li data-section-id=\"m8dmo7\" data-start=\"1010\" data-end=\"1033\">bia\u0142y \/ d\u0105b artisan<\/li>\n<li data-section-id=\"zl63ik\" data-start=\"1034\" data-end=\"1058\">be\u017cowy \/ d\u0105b artisan<\/li>\n<li data-section-id=\"wc0d95\" data-start=\"1059\" data-end=\"1083\">grafit \/ d\u0105b artisan<\/li>\n<\/ul>\n<p data-start=\"1085\" data-end=\"1239\">Po\u0142\u0105czenie dekoru d\u0119bu artisan z nowoczesnymi frontami nadaje meblowi elegancki i uniwersalny charakter, kt\u00f3ry doskonale wpisuje si\u0119 w r\u00f3\u017cne style wn\u0119trz.<\/p>\n<p data-start=\"1241\" data-end=\"1324\" data-is-last-node=\"\" data-is-only-node=\"\"><strong>Ava \u2013 niewielki element, kt\u00f3ry robi du\u017c\u0105 r\u00f3\u017cnic\u0119 w organizacji Twojej kuchni.<\/strong><\/p>\n<p><img loading=\"lazy\" decoding=\"async\" class=\"alignnone wp-image-784244 size-full\" src=\"https:\/\/demkohome.pl\/wp-content\/uploads\/2024\/05\/Bialy_Dab-Artisan-Bialy.jpg\" alt=\"\" width=\"1619\" height=\"1080\" srcset=\"https:\/\/demkohome.pl\/wp-content\/uploads\/2024\/05\/Bialy_Dab-Artisan-Bialy.jpg 1619w, https:\/\/demkohome.pl\/wp-content\/uploads\/2024\/05\/Bialy_Dab-Artisan-Bialy-300x200.jpg 300w, https:\/\/demkohome.pl\/wp-content\/uploads\/2024\/05\/Bialy_Dab-Artisan-Bialy-1024x683.jpg 1024w, https:\/\/demkohome.pl\/wp-content\/uploads\/2024\/05\/Bialy_Dab-Artisan-Bialy-768x512.jpg 768w, https:\/\/demkohome.pl\/wp-content\/uploads\/2024\/05\/Bialy_Dab-Artisan-Bialy-1536x1025.jpg 1536w, https:\/\/demkohome.pl\/wp-content\/uploads\/2024\/05\/Bialy_Dab-Artisan-Bialy-18x12.jpg 18w, https:\/\/demkohome.pl\/wp-content\/uploads\/2024\/05\/Bialy_Dab-Artisan-Bialy-600x400.jpg 600w\" sizes=\"auto, (max-width: 1619px) 100vw, 1619px\" \/><\/p>\n<p>&nbsp;<\/p>\n<h4 data-start=\"680\" data-end=\"734\"><span style=\"color: #000000;\">Product Dimensions:<\/span><\/h4>\n<table class=\"o-product-features\" role=\"presentation\">\n<tbody>\n<tr class=\"m-product-attr-row\">\n<th class=\"m-product-attr-row__name\" scope=\"row\">\n<h6>Produkt po z\u0142o\u017ceniu: szeroko\u015b\u0107 (w cm)<\/h6>\n<\/th>\n<td class=\"m-product-attr-row__value\">\n<h6>15<\/h6>\n<\/td>\n<\/tr>\n<tr class=\"m-product-attr-row\">\n<th class=\"m-product-attr-row__name\" scope=\"row\">\n<h6>Produkt po z\u0142o\u017ceniu: g\u0142\u0119boko\u015b\u0107 (w cm)<\/h6>\n<\/th>\n<td class=\"m-product-attr-row__value\">\n<h6>56<\/h6>\n<\/td>\n<\/tr>\n<tr class=\"m-product-attr-row\">\n<th class=\"m-product-attr-row__name\" scope=\"row\">\n<h6>Produkt po z\u0142o\u017ceniu: wysoko\u015b\u0107 (w cm)<\/h6>\n<\/th>\n<td class=\"m-product-attr-row__value\">\n<h6>81<\/h6>\n<\/td>\n<\/tr>\n<tr class=\"m-product-attr-row\">\n<th class=\"m-product-attr-row__name\" scope=\"row\">\n<h6>Produkt w opakowaniu: waga (w kg)<\/h6>\n<\/th>\n<td class=\"m-product-attr-row__value\">\n<h6>7,5<\/h6>\n<\/td>\n<\/tr>\n<\/tbody>\n<\/table>\n<p data-start=\"1241\" data-end=\"1324\" data-is-last-node=\"\" data-is-only-node=\"\"><strong> <img loading=\"lazy\" decoding=\"async\" class=\"alignleft wp-image-795986\" src=\"https:\/\/demkohome.pl\/wp-content\/uploads\/2024\/05\/81-cm-4000-x-2048-px-31-300x154.png\" alt=\"\" width=\"1465\" height=\"750\" srcset=\"https:\/\/demkohome.pl\/wp-content\/uploads\/2024\/05\/81-cm-4000-x-2048-px-31-300x154.png 300w, https:\/\/demkohome.pl\/wp-content\/uploads\/2024\/05\/81-cm-4000-x-2048-px-31-1024x524.png 1024w, https:\/\/demkohome.pl\/wp-content\/uploads\/2024\/05\/81-cm-4000-x-2048-px-31-768x393.png 768w, https:\/\/demkohome.pl\/wp-content\/uploads\/2024\/05\/81-cm-4000-x-2048-px-31-1536x786.png 1536w, https:\/\/demkohome.pl\/wp-content\/uploads\/2024\/05\/81-cm-4000-x-2048-px-31-2048x1049.png 2048w, https:\/\/demkohome.pl\/wp-content\/uploads\/2024\/05\/81-cm-4000-x-2048-px-31-18x9.png 18w, https:\/\/demkohome.pl\/wp-content\/uploads\/2024\/05\/81-cm-4000-x-2048-px-31-600x307.png 600w\" sizes=\"auto, (max-width: 1465px) 100vw, 1465px\" \/><\/strong><\/p>\n<\/div>","protected":false},"excerpt":{"rendered":"<p>Szafka kuchenna stoj\u0105ca 15 cm Ava to praktyczny element uzupe\u0142niaj\u0105cy zabudow\u0119, kt\u00f3ry pozwala maksymalnie wykorzysta\u0107 nawet w\u0105skie przestrzenie w kuchni. (&#8230;)<\/p>","protected":false},"featured_media":10970,"comment_status":"open","ping_status":"closed","template":"","meta":{"_acf_changed":false,"inline_featured_image":false},"product_brand":[],"product_cat":[117,140,302,65,139,106,107],"product_tag":[],"class_list":{"0":"post-1301","1":"product","2":"type-product","3":"status-publish","4":"has-post-thumbnail","6":"product_cat-ava","7":"product_cat-kuchnia","8":"product_cat-kuchnia-pomieszczenia","9":"product_cat-meble-kuchenne","10":"product_cat-pomieszczenia","11":"product_cat-szafki-kuchenne","12":"product_cat-szafki-kuchenne-stojace","13":"product_shipping_class-przesylka-dpd-15-pln","14":"collection-ava","16":"first","17":"instock","18":"shipping-taxable","19":"purchasable","20":"product-type-simple"},"acf":[],"yoast_head":"<!-- This site is optimized with the Yoast SEO plugin v27.6 - https:\/\/yoast.com\/product\/yoast-seo-wordpress\/ -->\n<title>Szafka kuchenna stoj\u0105ca 15 cm Ava - Demko Home<\/title>\n<meta name=\"robots\" content=\"index, follow, max-snippet:-1, max-image-preview:large, max-video-preview:-1\" \/>\n<link rel=\"canonical\" href=\"https:\/\/demkohome.pl\/en\/product\/szafka-kuchenna-ava-dol\/\" \/>\n<meta property=\"og:locale\" content=\"en_US\" \/>\n<meta property=\"og:type\" content=\"article\" \/>\n<meta property=\"og:title\" content=\"Szafka kuchenna stoj\u0105ca 15 cm Ava - Demko Home\" \/>\n<meta property=\"og:description\" content=\"Szafka kuchenna stoj\u0105ca 15 cm Ava to praktyczny element uzupe\u0142niaj\u0105cy zabudow\u0119, kt\u00f3ry pozwala maksymalnie wykorzysta\u0107 nawet w\u0105skie przestrzenie w kuchni. (...)\" \/>\n<meta property=\"og:url\" content=\"https:\/\/demkohome.pl\/en\/product\/szafka-kuchenna-ava-dol\/\" \/>\n<meta property=\"og:site_name\" content=\"Demko Home\" \/>\n<meta property=\"article:modified_time\" content=\"2026-05-16T19:20:36+00:00\" \/>\n<meta property=\"og:image\" content=\"https:\/\/demkohome.pl\/wp-content\/uploads\/2023\/08\/Szafka-kuchenna-stojaca-15-cm-Ava-kolor-Dab-Artisan-Meble-Okmed-Demko-Home.jpg\" \/>\n\t<meta property=\"og:image:width\" content=\"1024\" \/>\n\t<meta property=\"og:image:height\" content=\"1024\" \/>\n\t<meta property=\"og:image:type\" content=\"image\/jpeg\" \/>\n<meta name=\"twitter:card\" content=\"summary_large_image\" \/>\n<meta name=\"twitter:label1\" content=\"Est. reading time\" \/>\n\t<meta name=\"twitter:data1\" content=\"3 minutes\" \/>\n<script type=\"application\/ld+json\" class=\"yoast-schema-graph\">{\"@context\":\"https:\\\/\\\/schema.org\",\"@graph\":[{\"@type\":\"WebPage\",\"@id\":\"https:\\\/\\\/demkohome.pl\\\/produkt\\\/szafka-kuchenna-ava-dol\\\/\",\"url\":\"https:\\\/\\\/demkohome.pl\\\/produkt\\\/szafka-kuchenna-ava-dol\\\/\",\"name\":\"Szafka kuchenna stoj\u0105ca 15 cm Ava - Demko Home\",\"isPartOf\":{\"@id\":\"https:\\\/\\\/demkohome.pl\\\/#website\"},\"primaryImageOfPage\":{\"@id\":\"https:\\\/\\\/demkohome.pl\\\/produkt\\\/szafka-kuchenna-ava-dol\\\/#primaryimage\"},\"image\":{\"@id\":\"https:\\\/\\\/demkohome.pl\\\/produkt\\\/szafka-kuchenna-ava-dol\\\/#primaryimage\"},\"thumbnailUrl\":\"https:\\\/\\\/demkohome.pl\\\/wp-content\\\/uploads\\\/2023\\\/08\\\/Szafka-kuchenna-stojaca-15-cm-Ava-kolor-Dab-Artisan-Meble-Okmed-Demko-Home.jpg\",\"datePublished\":\"2024-05-17T10:59:52+00:00\",\"dateModified\":\"2026-05-16T19:20:36+00:00\",\"breadcrumb\":{\"@id\":\"https:\\\/\\\/demkohome.pl\\\/produkt\\\/szafka-kuchenna-ava-dol\\\/#breadcrumb\"},\"inLanguage\":\"en-US\",\"potentialAction\":[{\"@type\":\"ReadAction\",\"target\":[\"https:\\\/\\\/demkohome.pl\\\/produkt\\\/szafka-kuchenna-ava-dol\\\/\"]}]},{\"@type\":\"ImageObject\",\"inLanguage\":\"en-US\",\"@id\":\"https:\\\/\\\/demkohome.pl\\\/produkt\\\/szafka-kuchenna-ava-dol\\\/#primaryimage\",\"url\":\"https:\\\/\\\/demkohome.pl\\\/wp-content\\\/uploads\\\/2023\\\/08\\\/Szafka-kuchenna-stojaca-15-cm-Ava-kolor-Dab-Artisan-Meble-Okmed-Demko-Home.jpg\",\"contentUrl\":\"https:\\\/\\\/demkohome.pl\\\/wp-content\\\/uploads\\\/2023\\\/08\\\/Szafka-kuchenna-stojaca-15-cm-Ava-kolor-Dab-Artisan-Meble-Okmed-Demko-Home.jpg\",\"width\":1024,\"height\":1024,\"caption\":\"Szafka kuchenna stoj\u0105ca 15 cm Ava kolor D\u0105b Artisan Meble Okmed Demko Home\"},{\"@type\":\"BreadcrumbList\",\"@id\":\"https:\\\/\\\/demkohome.pl\\\/produkt\\\/szafka-kuchenna-ava-dol\\\/#breadcrumb\",\"itemListElement\":[{\"@type\":\"ListItem\",\"position\":1,\"name\":\"Strona g\u0142\u00f3wna\",\"item\":\"https:\\\/\\\/demkohome.pl\\\/\"},{\"@type\":\"ListItem\",\"position\":2,\"name\":\"Sklep\",\"item\":\"https:\\\/\\\/demkohome.pl\\\/sklep\\\/\"},{\"@type\":\"ListItem\",\"position\":3,\"name\":\"Szafka kuchenna stoj\u0105ca 15 cm Ava\"}]},{\"@type\":\"WebSite\",\"@id\":\"https:\\\/\\\/demkohome.pl\\\/#website\",\"url\":\"https:\\\/\\\/demkohome.pl\\\/\",\"name\":\"Demko Home\",\"description\":\"Make it simple\",\"publisher\":{\"@id\":\"https:\\\/\\\/demkohome.pl\\\/#organization\"},\"potentialAction\":[{\"@type\":\"SearchAction\",\"target\":{\"@type\":\"EntryPoint\",\"urlTemplate\":\"https:\\\/\\\/demkohome.pl\\\/?s={search_term_string}\"},\"query-input\":{\"@type\":\"PropertyValueSpecification\",\"valueRequired\":true,\"valueName\":\"search_term_string\"}}],\"inLanguage\":\"en-US\"},{\"@type\":\"Organization\",\"@id\":\"https:\\\/\\\/demkohome.pl\\\/#organization\",\"name\":\"Demko Home\",\"url\":\"https:\\\/\\\/demkohome.pl\\\/\",\"logo\":{\"@type\":\"ImageObject\",\"inLanguage\":\"en-US\",\"@id\":\"https:\\\/\\\/demkohome.pl\\\/#\\\/schema\\\/logo\\\/image\\\/\",\"url\":\"https:\\\/\\\/demkohome.pl\\\/wp-content\\\/uploads\\\/2026\\\/03\\\/cropped-3.png\",\"contentUrl\":\"https:\\\/\\\/demkohome.pl\\\/wp-content\\\/uploads\\\/2026\\\/03\\\/cropped-3.png\",\"width\":250,\"height\":63,\"caption\":\"Demko Home\"},\"image\":{\"@id\":\"https:\\\/\\\/demkohome.pl\\\/#\\\/schema\\\/logo\\\/image\\\/\"}}]}<\/script>\n<!-- \/ Yoast SEO plugin. -->","yoast_head_json":{"title":"Szafka kuchenna stoj\u0105ca 15 cm Ava - Demko Home","robots":{"index":"index","follow":"follow","max-snippet":"max-snippet:-1","max-image-preview":"max-image-preview:large","max-video-preview":"max-video-preview:-1"},"canonical":"https:\/\/demkohome.pl\/en\/product\/szafka-kuchenna-ava-dol\/","og_locale":"en_US","og_type":"article","og_title":"Szafka kuchenna stoj\u0105ca 15 cm Ava - Demko Home","og_description":"Szafka kuchenna stoj\u0105ca 15 cm Ava to praktyczny element uzupe\u0142niaj\u0105cy zabudow\u0119, kt\u00f3ry pozwala maksymalnie wykorzysta\u0107 nawet w\u0105skie przestrzenie w kuchni. (...)","og_url":"https:\/\/demkohome.pl\/en\/product\/szafka-kuchenna-ava-dol\/","og_site_name":"Demko Home","article_modified_time":"2026-05-16T19:20:36+00:00","og_image":[{"width":1024,"height":1024,"url":"https:\/\/demkohome.pl\/wp-content\/uploads\/2023\/08\/Szafka-kuchenna-stojaca-15-cm-Ava-kolor-Dab-Artisan-Meble-Okmed-Demko-Home.jpg","type":"image\/jpeg"}],"twitter_card":"summary_large_image","twitter_misc":{"Est. reading time":"3 minutes"},"schema":{"@context":"https:\/\/schema.org","@graph":[{"@type":"WebPage","@id":"https:\/\/demkohome.pl\/produkt\/szafka-kuchenna-ava-dol\/","url":"https:\/\/demkohome.pl\/produkt\/szafka-kuchenna-ava-dol\/","name":"Szafka kuchenna stoj\u0105ca 15 cm Ava - Demko Home","isPartOf":{"@id":"https:\/\/demkohome.pl\/#website"},"primaryImageOfPage":{"@id":"https:\/\/demkohome.pl\/produkt\/szafka-kuchenna-ava-dol\/#primaryimage"},"image":{"@id":"https:\/\/demkohome.pl\/produkt\/szafka-kuchenna-ava-dol\/#primaryimage"},"thumbnailUrl":"https:\/\/demkohome.pl\/wp-content\/uploads\/2023\/08\/Szafka-kuchenna-stojaca-15-cm-Ava-kolor-Dab-Artisan-Meble-Okmed-Demko-Home.jpg","datePublished":"2024-05-17T10:59:52+00:00","dateModified":"2026-05-16T19:20:36+00:00","breadcrumb":{"@id":"https:\/\/demkohome.pl\/produkt\/szafka-kuchenna-ava-dol\/#breadcrumb"},"inLanguage":"en-US","potentialAction":[{"@type":"ReadAction","target":["https:\/\/demkohome.pl\/produkt\/szafka-kuchenna-ava-dol\/"]}]},{"@type":"ImageObject","inLanguage":"en-US","@id":"https:\/\/demkohome.pl\/produkt\/szafka-kuchenna-ava-dol\/#primaryimage","url":"https:\/\/demkohome.pl\/wp-content\/uploads\/2023\/08\/Szafka-kuchenna-stojaca-15-cm-Ava-kolor-Dab-Artisan-Meble-Okmed-Demko-Home.jpg","contentUrl":"https:\/\/demkohome.pl\/wp-content\/uploads\/2023\/08\/Szafka-kuchenna-stojaca-15-cm-Ava-kolor-Dab-Artisan-Meble-Okmed-Demko-Home.jpg","width":1024,"height":1024,"caption":"Szafka kuchenna stoj\u0105ca 15 cm Ava kolor D\u0105b Artisan Meble Okmed Demko Home"},{"@type":"BreadcrumbList","@id":"https:\/\/demkohome.pl\/produkt\/szafka-kuchenna-ava-dol\/#breadcrumb","itemListElement":[{"@type":"ListItem","position":1,"name":"Strona g\u0142\u00f3wna","item":"https:\/\/demkohome.pl\/"},{"@type":"ListItem","position":2,"name":"Sklep","item":"https:\/\/demkohome.pl\/sklep\/"},{"@type":"ListItem","position":3,"name":"Szafka kuchenna stoj\u0105ca 15 cm Ava"}]},{"@type":"WebSite","@id":"https:\/\/demkohome.pl\/#website","url":"https:\/\/demkohome.pl\/","name":"Demko Home","description":"Make it simple","publisher":{"@id":"https:\/\/demkohome.pl\/#organization"},"potentialAction":[{"@type":"SearchAction","target":{"@type":"EntryPoint","urlTemplate":"https:\/\/demkohome.pl\/?s={search_term_string}"},"query-input":{"@type":"PropertyValueSpecification","valueRequired":true,"valueName":"search_term_string"}}],"inLanguage":"en-US"},{"@type":"Organization","@id":"https:\/\/demkohome.pl\/#organization","name":"Demko Home","url":"https:\/\/demkohome.pl\/","logo":{"@type":"ImageObject","inLanguage":"en-US","@id":"https:\/\/demkohome.pl\/#\/schema\/logo\/image\/","url":"https:\/\/demkohome.pl\/wp-content\/uploads\/2026\/03\/cropped-3.png","contentUrl":"https:\/\/demkohome.pl\/wp-content\/uploads\/2026\/03\/cropped-3.png","width":250,"height":63,"caption":"Demko Home"},"image":{"@id":"https:\/\/demkohome.pl\/#\/schema\/logo\/image\/"}}]}},"_links":{"self":[{"href":"https:\/\/demkohome.pl\/en\/wp-json\/wp\/v2\/product\/1301","targetHints":{"allow":["GET"]}}],"collection":[{"href":"https:\/\/demkohome.pl\/en\/wp-json\/wp\/v2\/product"}],"about":[{"href":"https:\/\/demkohome.pl\/en\/wp-json\/wp\/v2\/types\/product"}],"replies":[{"embeddable":true,"href":"https:\/\/demkohome.pl\/en\/wp-json\/wp\/v2\/comments?post=1301"}],"wp:featuredmedia":[{"embeddable":true,"href":"https:\/\/demkohome.pl\/en\/wp-json\/wp\/v2\/media\/10970"}],"wp:attachment":[{"href":"https:\/\/demkohome.pl\/en\/wp-json\/wp\/v2\/media?parent=1301"}],"wp:term":[{"taxonomy":"product_brand","embeddable":true,"href":"https:\/\/demkohome.pl\/en\/wp-json\/wp\/v2\/product_brand?post=1301"},{"taxonomy":"product_cat","embeddable":true,"href":"https:\/\/demkohome.pl\/en\/wp-json\/wp\/v2\/product_cat?post=1301"},{"taxonomy":"product_tag","embeddable":true,"href":"https:\/\/demkohome.pl\/en\/wp-json\/wp\/v2\/product_tag?post=1301"}],"curies":[{"name":"wp","href":"https:\/\/api.w.org\/{rel}","templated":true}]}}