{"id":1312,"date":"2024-05-17T12:59:50","date_gmt":"2024-05-17T10:59:50","guid":{"rendered":"https:\/\/demkohome.pl\/produkt\/szafka-kuchenna-ava-gora\/"},"modified":"2026-05-16T21:20:36","modified_gmt":"2026-05-16T19:20:36","slug":"szafka-kuchenna-ava-gora","status":"publish","type":"product","link":"https:\/\/demkohome.pl\/en\/product\/szafka-kuchenna-ava-gora\/","title":{"rendered":"Kitchen wall cabinet 15 cm Ava"},"content":{"rendered":"<h3 data-start=\"0\" data-end=\"259\">Szafka kuchenna wisz\u0105ca 15 cm Ava to praktyczne rozwi\u0105zanie, kt\u00f3re pozwala w pe\u0142ni wykorzysta\u0107 w\u0105skie przestrzenie w g\u00f3rnej zabudowie kuchennej. Doskonale sprawdzi si\u0119 jako miejsce na przyprawy, drobne akcesoria lub produkty, kt\u00f3re warto mie\u0107 zawsze pod r\u0119k\u0105.<\/h3>\n<p data-start=\"261\" data-end=\"521\">Dzi\u0119ki szeroko\u015bci 15 cm idealnie nadaje si\u0119 do uzupe\u0142nienia ci\u0105gu szafek wisz\u0105cych lub zagospodarowania wolnych przestrzeni mi\u0119dzy innymi modu\u0142ami. Pozwala zachowa\u0107 sp\u00f3jny wygl\u0105d zabudowy oraz zwi\u0119kszy\u0107 funkcjonalno\u015b\u0107 kuchni bez zajmowania dodatkowego miejsca.<\/p>\n<p data-start=\"523\" data-end=\"729\"><strong>Funkcjonalno\u015b\u0107 na co dzie\u0144<\/strong><br data-start=\"549\" data-end=\"552\" \/>Kompaktowa forma w po\u0142\u0105czeniu z wygodnym dost\u0119pem sprawia, \u017ce szafka \u015bwietnie sprawdza si\u0119 w codziennym u\u017cytkowaniu, pomagaj\u0105c utrzyma\u0107 porz\u0105dek i dobr\u0105 organizacj\u0119 przestrzeni.<\/p>\n<p data-start=\"731\" data-end=\"953\"><strong>Dopasowanie do systemu Ava<\/strong><br data-start=\"757\" data-end=\"760\" \/>Szafka zosta\u0142a zaprojektowana jako cz\u0119\u015b\u0107 modu\u0142owego systemu Ava, co umo\u017cliwia jej \u0142atwe \u0142\u0105czenie z innymi elementami kolekcji i tworzenie sp\u00f3jnych, dopasowanych do potrzeb aran\u017cacji kuchennych.<\/p>\n<p data-start=\"955\" data-end=\"1027\"><strong>Sp\u00f3jny design<\/strong><br data-start=\"968\" data-end=\"971\" \/>Model dost\u0119pny jest w trzech wariantach kolorystycznych:<\/p>\n<ul data-start=\"1028\" data-end=\"1101\">\n<li data-section-id=\"m8dmo7\" data-start=\"1028\" data-end=\"1051\">bia\u0142y \/ d\u0105b artisan<\/li>\n<li data-section-id=\"zl63ik\" data-start=\"1052\" data-end=\"1076\">be\u017cowy \/ d\u0105b artisan<\/li>\n<li data-section-id=\"wc0d95\" data-start=\"1077\" data-end=\"1101\">grafit \/ d\u0105b artisan<\/li>\n<\/ul>\n<p data-start=\"1103\" data-end=\"1261\">Po\u0142\u0105czenie dekoru d\u0119bu artisan z nowoczesnymi frontami nadaje ca\u0142o\u015bci elegancki i ponadczasowy charakter, kt\u00f3ry dobrze komponuje si\u0119 z r\u00f3\u017cnymi stylami wn\u0119trz.<\/p>\n<p data-start=\"1263\" data-end=\"1350\" data-is-last-node=\"\" data-is-only-node=\"\"><strong>Ava 15 cm wisz\u0105ca \u2013 ma\u0142y element, kt\u00f3ry znacz\u0105co zwi\u0119ksza funkcjonalno\u015b\u0107 Twojej kuchni.<br \/>\n<img loading=\"lazy\" decoding=\"async\" class=\"alignnone wp-image-784244 size-full\" src=\"https:\/\/demkohome.pl\/wp-content\/uploads\/2024\/05\/Bialy_Dab-Artisan-Bialy.jpg\" alt=\"\" width=\"1619\" height=\"1080\" srcset=\"https:\/\/demkohome.pl\/wp-content\/uploads\/2024\/05\/Bialy_Dab-Artisan-Bialy.jpg 1619w, https:\/\/demkohome.pl\/wp-content\/uploads\/2024\/05\/Bialy_Dab-Artisan-Bialy-300x200.jpg 300w, https:\/\/demkohome.pl\/wp-content\/uploads\/2024\/05\/Bialy_Dab-Artisan-Bialy-1024x683.jpg 1024w, https:\/\/demkohome.pl\/wp-content\/uploads\/2024\/05\/Bialy_Dab-Artisan-Bialy-768x512.jpg 768w, https:\/\/demkohome.pl\/wp-content\/uploads\/2024\/05\/Bialy_Dab-Artisan-Bialy-1536x1025.jpg 1536w, https:\/\/demkohome.pl\/wp-content\/uploads\/2024\/05\/Bialy_Dab-Artisan-Bialy-18x12.jpg 18w, https:\/\/demkohome.pl\/wp-content\/uploads\/2024\/05\/Bialy_Dab-Artisan-Bialy-600x400.jpg 600w\" sizes=\"auto, (max-width: 1619px) 100vw, 1619px\" \/><\/strong><\/p>\n<p>&nbsp;<\/p>\n<h4 data-start=\"680\" data-end=\"734\"><span style=\"color: #000000;\">Product Dimensions:<\/span><\/h4>\n<table class=\"o-product-features\" role=\"presentation\">\n<tbody>\n<tr class=\"m-product-attr-row\">\n<th class=\"m-product-attr-row__name\" scope=\"row\">\n<h6>Produkt po z\u0142o\u017ceniu: szeroko\u015b\u0107 (w cm)<\/h6>\n<\/th>\n<td class=\"m-product-attr-row__value\">\n<h6>15<\/h6>\n<\/td>\n<\/tr>\n<tr class=\"m-product-attr-row\">\n<th class=\"m-product-attr-row__name\" scope=\"row\">\n<h6>Produkt po z\u0142o\u017ceniu: g\u0142\u0119boko\u015b\u0107 (w cm)<\/h6>\n<\/th>\n<td class=\"m-product-attr-row__value\">\n<h6>30<\/h6>\n<\/td>\n<\/tr>\n<tr class=\"m-product-attr-row\">\n<th class=\"m-product-attr-row__name\" scope=\"row\">\n<h6>Produkt po z\u0142o\u017ceniu: wysoko\u015b\u0107 (w cm)<\/h6>\n<\/th>\n<td class=\"m-product-attr-row__value\">\n<h6>72<\/h6>\n<\/td>\n<\/tr>\n<tr class=\"m-product-attr-row\">\n<th class=\"m-product-attr-row__name\" scope=\"row\">\n<h6>Produkt w opakowaniu: waga (w kg)<\/h6>\n<\/th>\n<td class=\"m-product-attr-row__value\">\n<h6>7,5<\/h6>\n<\/td>\n<\/tr>\n<\/tbody>\n<\/table>\n<p data-start=\"1263\" data-end=\"1350\" data-is-last-node=\"\" data-is-only-node=\"\"><strong> <img loading=\"lazy\" decoding=\"async\" class=\"alignleft wp-image-795987\" src=\"https:\/\/demkohome.pl\/wp-content\/uploads\/2024\/05\/81-cm-4000-x-2048-px-32-300x154.png\" alt=\"\" width=\"1465\" height=\"750\" srcset=\"https:\/\/demkohome.pl\/wp-content\/uploads\/2024\/05\/81-cm-4000-x-2048-px-32-300x154.png 300w, https:\/\/demkohome.pl\/wp-content\/uploads\/2024\/05\/81-cm-4000-x-2048-px-32-1024x524.png 1024w, https:\/\/demkohome.pl\/wp-content\/uploads\/2024\/05\/81-cm-4000-x-2048-px-32-768x393.png 768w, https:\/\/demkohome.pl\/wp-content\/uploads\/2024\/05\/81-cm-4000-x-2048-px-32-1536x786.png 1536w, https:\/\/demkohome.pl\/wp-content\/uploads\/2024\/05\/81-cm-4000-x-2048-px-32-2048x1049.png 2048w, https:\/\/demkohome.pl\/wp-content\/uploads\/2024\/05\/81-cm-4000-x-2048-px-32-18x9.png 18w, https:\/\/demkohome.pl\/wp-content\/uploads\/2024\/05\/81-cm-4000-x-2048-px-32-600x307.png 600w\" sizes=\"auto, (max-width: 1465px) 100vw, 1465px\" \/><\/strong><\/p>","protected":false},"excerpt":{"rendered":"<p>Szafka kuchenna wisz\u0105ca 15 cm Ava to praktyczne rozwi\u0105zanie, kt\u00f3re pozwala w pe\u0142ni wykorzysta\u0107 w\u0105skie przestrzenie w g\u00f3rnej zabudowie kuchennej. (&#8230;)<\/p>","protected":false},"featured_media":10969,"comment_status":"open","ping_status":"closed","template":"","meta":{"_acf_changed":false,"inline_featured_image":false},"product_brand":[],"product_cat":[117,65],"product_tag":[],"class_list":{"0":"post-1312","1":"product","2":"type-product","3":"status-publish","4":"has-post-thumbnail","6":"product_cat-ava","7":"product_cat-meble-kuchenne","8":"product_shipping_class-przesylka-dpd-15-pln","9":"collection-ava","11":"first","12":"outofstock","13":"shipping-taxable","14":"purchasable","15":"product-type-simple"},"acf":[],"yoast_head":"<!-- This site is optimized with the Yoast SEO plugin v27.6 - https:\/\/yoast.com\/product\/yoast-seo-wordpress\/ -->\n<title>Szafka kuchenna wisz\u0105ca 15 cm Ava - Demko Home<\/title>\n<meta name=\"robots\" content=\"index, follow, max-snippet:-1, max-image-preview:large, max-video-preview:-1\" \/>\n<link rel=\"canonical\" href=\"https:\/\/demkohome.pl\/en\/product\/szafka-kuchenna-ava-gora\/\" \/>\n<meta property=\"og:locale\" content=\"en_US\" \/>\n<meta property=\"og:type\" content=\"article\" \/>\n<meta property=\"og:title\" content=\"Szafka kuchenna wisz\u0105ca 15 cm Ava - Demko Home\" \/>\n<meta property=\"og:description\" content=\"Szafka kuchenna wisz\u0105ca 15 cm Ava to praktyczne rozwi\u0105zanie, kt\u00f3re pozwala w pe\u0142ni wykorzysta\u0107 w\u0105skie przestrzenie w g\u00f3rnej zabudowie kuchennej. (...)\" \/>\n<meta property=\"og:url\" content=\"https:\/\/demkohome.pl\/en\/product\/szafka-kuchenna-ava-gora\/\" \/>\n<meta property=\"og:site_name\" content=\"Demko Home\" \/>\n<meta property=\"article:modified_time\" content=\"2026-05-16T19:20:36+00:00\" \/>\n<meta property=\"og:image\" content=\"https:\/\/demkohome.pl\/wp-content\/uploads\/2023\/08\/Szafka-kuchenna-wiszaca-15-cm-Ava-kolor-Dab-Artisan-Meble-Okmed-Demko-Home.jpg\" \/>\n\t<meta property=\"og:image:width\" content=\"1024\" \/>\n\t<meta property=\"og:image:height\" content=\"1024\" \/>\n\t<meta property=\"og:image:type\" content=\"image\/jpeg\" \/>\n<meta name=\"twitter:card\" content=\"summary_large_image\" \/>\n<meta name=\"twitter:label1\" content=\"Est. reading time\" \/>\n\t<meta name=\"twitter:data1\" content=\"3 minutes\" \/>\n<script type=\"application\/ld+json\" class=\"yoast-schema-graph\">{\"@context\":\"https:\\\/\\\/schema.org\",\"@graph\":[{\"@type\":\"WebPage\",\"@id\":\"https:\\\/\\\/demkohome.pl\\\/produkt\\\/szafka-kuchenna-ava-gora\\\/\",\"url\":\"https:\\\/\\\/demkohome.pl\\\/produkt\\\/szafka-kuchenna-ava-gora\\\/\",\"name\":\"Szafka kuchenna wisz\u0105ca 15 cm Ava - Demko Home\",\"isPartOf\":{\"@id\":\"https:\\\/\\\/demkohome.pl\\\/#website\"},\"primaryImageOfPage\":{\"@id\":\"https:\\\/\\\/demkohome.pl\\\/produkt\\\/szafka-kuchenna-ava-gora\\\/#primaryimage\"},\"image\":{\"@id\":\"https:\\\/\\\/demkohome.pl\\\/produkt\\\/szafka-kuchenna-ava-gora\\\/#primaryimage\"},\"thumbnailUrl\":\"https:\\\/\\\/demkohome.pl\\\/wp-content\\\/uploads\\\/2023\\\/08\\\/Szafka-kuchenna-wiszaca-15-cm-Ava-kolor-Dab-Artisan-Meble-Okmed-Demko-Home.jpg\",\"datePublished\":\"2024-05-17T10:59:50+00:00\",\"dateModified\":\"2026-05-16T19:20:36+00:00\",\"breadcrumb\":{\"@id\":\"https:\\\/\\\/demkohome.pl\\\/produkt\\\/szafka-kuchenna-ava-gora\\\/#breadcrumb\"},\"inLanguage\":\"en-US\",\"potentialAction\":[{\"@type\":\"ReadAction\",\"target\":[\"https:\\\/\\\/demkohome.pl\\\/produkt\\\/szafka-kuchenna-ava-gora\\\/\"]}]},{\"@type\":\"ImageObject\",\"inLanguage\":\"en-US\",\"@id\":\"https:\\\/\\\/demkohome.pl\\\/produkt\\\/szafka-kuchenna-ava-gora\\\/#primaryimage\",\"url\":\"https:\\\/\\\/demkohome.pl\\\/wp-content\\\/uploads\\\/2023\\\/08\\\/Szafka-kuchenna-wiszaca-15-cm-Ava-kolor-Dab-Artisan-Meble-Okmed-Demko-Home.jpg\",\"contentUrl\":\"https:\\\/\\\/demkohome.pl\\\/wp-content\\\/uploads\\\/2023\\\/08\\\/Szafka-kuchenna-wiszaca-15-cm-Ava-kolor-Dab-Artisan-Meble-Okmed-Demko-Home.jpg\",\"width\":1024,\"height\":1024,\"caption\":\"Szafka kuchenna wisz\u0105ca 15 cm Ava kolor D\u0105b Artisan Meble Okmed Demko Home\"},{\"@type\":\"BreadcrumbList\",\"@id\":\"https:\\\/\\\/demkohome.pl\\\/produkt\\\/szafka-kuchenna-ava-gora\\\/#breadcrumb\",\"itemListElement\":[{\"@type\":\"ListItem\",\"position\":1,\"name\":\"Strona g\u0142\u00f3wna\",\"item\":\"https:\\\/\\\/demkohome.pl\\\/\"},{\"@type\":\"ListItem\",\"position\":2,\"name\":\"Sklep\",\"item\":\"https:\\\/\\\/demkohome.pl\\\/sklep\\\/\"},{\"@type\":\"ListItem\",\"position\":3,\"name\":\"Szafka kuchenna wisz\u0105ca 15 cm Ava\"}]},{\"@type\":\"WebSite\",\"@id\":\"https:\\\/\\\/demkohome.pl\\\/#website\",\"url\":\"https:\\\/\\\/demkohome.pl\\\/\",\"name\":\"Demko Home\",\"description\":\"Make it simple\",\"publisher\":{\"@id\":\"https:\\\/\\\/demkohome.pl\\\/#organization\"},\"potentialAction\":[{\"@type\":\"SearchAction\",\"target\":{\"@type\":\"EntryPoint\",\"urlTemplate\":\"https:\\\/\\\/demkohome.pl\\\/?s={search_term_string}\"},\"query-input\":{\"@type\":\"PropertyValueSpecification\",\"valueRequired\":true,\"valueName\":\"search_term_string\"}}],\"inLanguage\":\"en-US\"},{\"@type\":\"Organization\",\"@id\":\"https:\\\/\\\/demkohome.pl\\\/#organization\",\"name\":\"Demko Home\",\"url\":\"https:\\\/\\\/demkohome.pl\\\/\",\"logo\":{\"@type\":\"ImageObject\",\"inLanguage\":\"en-US\",\"@id\":\"https:\\\/\\\/demkohome.pl\\\/#\\\/schema\\\/logo\\\/image\\\/\",\"url\":\"https:\\\/\\\/demkohome.pl\\\/wp-content\\\/uploads\\\/2026\\\/03\\\/cropped-3.png\",\"contentUrl\":\"https:\\\/\\\/demkohome.pl\\\/wp-content\\\/uploads\\\/2026\\\/03\\\/cropped-3.png\",\"width\":250,\"height\":63,\"caption\":\"Demko Home\"},\"image\":{\"@id\":\"https:\\\/\\\/demkohome.pl\\\/#\\\/schema\\\/logo\\\/image\\\/\"}}]}<\/script>\n<!-- \/ Yoast SEO plugin. -->","yoast_head_json":{"title":"Szafka kuchenna wisz\u0105ca 15 cm Ava - Demko Home","robots":{"index":"index","follow":"follow","max-snippet":"max-snippet:-1","max-image-preview":"max-image-preview:large","max-video-preview":"max-video-preview:-1"},"canonical":"https:\/\/demkohome.pl\/en\/product\/szafka-kuchenna-ava-gora\/","og_locale":"en_US","og_type":"article","og_title":"Szafka kuchenna wisz\u0105ca 15 cm Ava - Demko Home","og_description":"Szafka kuchenna wisz\u0105ca 15 cm Ava to praktyczne rozwi\u0105zanie, kt\u00f3re pozwala w pe\u0142ni wykorzysta\u0107 w\u0105skie przestrzenie w g\u00f3rnej zabudowie kuchennej. (...)","og_url":"https:\/\/demkohome.pl\/en\/product\/szafka-kuchenna-ava-gora\/","og_site_name":"Demko Home","article_modified_time":"2026-05-16T19:20:36+00:00","og_image":[{"width":1024,"height":1024,"url":"https:\/\/demkohome.pl\/wp-content\/uploads\/2023\/08\/Szafka-kuchenna-wiszaca-15-cm-Ava-kolor-Dab-Artisan-Meble-Okmed-Demko-Home.jpg","type":"image\/jpeg"}],"twitter_card":"summary_large_image","twitter_misc":{"Est. reading time":"3 minutes"},"schema":{"@context":"https:\/\/schema.org","@graph":[{"@type":"WebPage","@id":"https:\/\/demkohome.pl\/produkt\/szafka-kuchenna-ava-gora\/","url":"https:\/\/demkohome.pl\/produkt\/szafka-kuchenna-ava-gora\/","name":"Szafka kuchenna wisz\u0105ca 15 cm Ava - Demko Home","isPartOf":{"@id":"https:\/\/demkohome.pl\/#website"},"primaryImageOfPage":{"@id":"https:\/\/demkohome.pl\/produkt\/szafka-kuchenna-ava-gora\/#primaryimage"},"image":{"@id":"https:\/\/demkohome.pl\/produkt\/szafka-kuchenna-ava-gora\/#primaryimage"},"thumbnailUrl":"https:\/\/demkohome.pl\/wp-content\/uploads\/2023\/08\/Szafka-kuchenna-wiszaca-15-cm-Ava-kolor-Dab-Artisan-Meble-Okmed-Demko-Home.jpg","datePublished":"2024-05-17T10:59:50+00:00","dateModified":"2026-05-16T19:20:36+00:00","breadcrumb":{"@id":"https:\/\/demkohome.pl\/produkt\/szafka-kuchenna-ava-gora\/#breadcrumb"},"inLanguage":"en-US","potentialAction":[{"@type":"ReadAction","target":["https:\/\/demkohome.pl\/produkt\/szafka-kuchenna-ava-gora\/"]}]},{"@type":"ImageObject","inLanguage":"en-US","@id":"https:\/\/demkohome.pl\/produkt\/szafka-kuchenna-ava-gora\/#primaryimage","url":"https:\/\/demkohome.pl\/wp-content\/uploads\/2023\/08\/Szafka-kuchenna-wiszaca-15-cm-Ava-kolor-Dab-Artisan-Meble-Okmed-Demko-Home.jpg","contentUrl":"https:\/\/demkohome.pl\/wp-content\/uploads\/2023\/08\/Szafka-kuchenna-wiszaca-15-cm-Ava-kolor-Dab-Artisan-Meble-Okmed-Demko-Home.jpg","width":1024,"height":1024,"caption":"Szafka kuchenna wisz\u0105ca 15 cm Ava kolor D\u0105b Artisan Meble Okmed Demko Home"},{"@type":"BreadcrumbList","@id":"https:\/\/demkohome.pl\/produkt\/szafka-kuchenna-ava-gora\/#breadcrumb","itemListElement":[{"@type":"ListItem","position":1,"name":"Strona g\u0142\u00f3wna","item":"https:\/\/demkohome.pl\/"},{"@type":"ListItem","position":2,"name":"Sklep","item":"https:\/\/demkohome.pl\/sklep\/"},{"@type":"ListItem","position":3,"name":"Szafka kuchenna wisz\u0105ca 15 cm Ava"}]},{"@type":"WebSite","@id":"https:\/\/demkohome.pl\/#website","url":"https:\/\/demkohome.pl\/","name":"Demko Home","description":"Make it simple","publisher":{"@id":"https:\/\/demkohome.pl\/#organization"},"potentialAction":[{"@type":"SearchAction","target":{"@type":"EntryPoint","urlTemplate":"https:\/\/demkohome.pl\/?s={search_term_string}"},"query-input":{"@type":"PropertyValueSpecification","valueRequired":true,"valueName":"search_term_string"}}],"inLanguage":"en-US"},{"@type":"Organization","@id":"https:\/\/demkohome.pl\/#organization","name":"Demko Home","url":"https:\/\/demkohome.pl\/","logo":{"@type":"ImageObject","inLanguage":"en-US","@id":"https:\/\/demkohome.pl\/#\/schema\/logo\/image\/","url":"https:\/\/demkohome.pl\/wp-content\/uploads\/2026\/03\/cropped-3.png","contentUrl":"https:\/\/demkohome.pl\/wp-content\/uploads\/2026\/03\/cropped-3.png","width":250,"height":63,"caption":"Demko Home"},"image":{"@id":"https:\/\/demkohome.pl\/#\/schema\/logo\/image\/"}}]}},"_links":{"self":[{"href":"https:\/\/demkohome.pl\/en\/wp-json\/wp\/v2\/product\/1312","targetHints":{"allow":["GET"]}}],"collection":[{"href":"https:\/\/demkohome.pl\/en\/wp-json\/wp\/v2\/product"}],"about":[{"href":"https:\/\/demkohome.pl\/en\/wp-json\/wp\/v2\/types\/product"}],"replies":[{"embeddable":true,"href":"https:\/\/demkohome.pl\/en\/wp-json\/wp\/v2\/comments?post=1312"}],"wp:featuredmedia":[{"embeddable":true,"href":"https:\/\/demkohome.pl\/en\/wp-json\/wp\/v2\/media\/10969"}],"wp:attachment":[{"href":"https:\/\/demkohome.pl\/en\/wp-json\/wp\/v2\/media?parent=1312"}],"wp:term":[{"taxonomy":"product_brand","embeddable":true,"href":"https:\/\/demkohome.pl\/en\/wp-json\/wp\/v2\/product_brand?post=1312"},{"taxonomy":"product_cat","embeddable":true,"href":"https:\/\/demkohome.pl\/en\/wp-json\/wp\/v2\/product_cat?post=1312"},{"taxonomy":"product_tag","embeddable":true,"href":"https:\/\/demkohome.pl\/en\/wp-json\/wp\/v2\/product_tag?post=1312"}],"curies":[{"name":"wp","href":"https:\/\/api.w.org\/{rel}","templated":true}]}}