{"id":1315,"date":"2024-05-17T12:59:49","date_gmt":"2024-05-17T10:59:49","guid":{"rendered":"https:\/\/demkohome.pl\/produkt\/szafka-nad-okap-ava\/"},"modified":"2026-05-16T21:20:36","modified_gmt":"2026-05-16T19:20:36","slug":"szafka-nad-okap-60-cm-ava","status":"publish","type":"product","link":"https:\/\/demkohome.pl\/en\/product\/szafka-nad-okap-60-cm-ava\/","title":{"rendered":"Kitchen cabinet over hood 60 cm Ava"},"content":{"rendered":"<h3 data-start=\"0\" data-end=\"234\">Szafka kuchenna nad okap 60 cm Ava to funkcjonalny element zabudowy, kt\u00f3ry pozwala na estetyczne i sp\u00f3jne wyko\u0144czenie przestrzeni nad stref\u0105 gotowania. Doskonale maskuje okap, jednocze\u015bnie oferuj\u0105c dodatkowe miejsce do przechowywania.<\/h3>\n<p data-start=\"236\" data-end=\"488\">Dzi\u0119ki szeroko\u015bci 60 cm szafka idealnie dopasowuje si\u0119 do standardowych okap\u00f3w, tworz\u0105c harmonijn\u0105 lini\u0119 z pozosta\u0142ymi szafkami wisz\u0105cymi. To praktyczne rozwi\u0105zanie, kt\u00f3re pomaga utrzyma\u0107 porz\u0105dek i maksymalnie wykorzysta\u0107 dost\u0119pn\u0105 przestrze\u0144 w kuchni.<\/p>\n<p data-start=\"490\" data-end=\"683\"><strong>Funkcjonalno\u015b\u0107 i estetyka<\/strong><br data-start=\"515\" data-end=\"518\" \/>Szafka umo\u017cliwia przechowywanie lekkich akcesori\u00f3w kuchennych lub produkt\u00f3w u\u017cywanych rzadziej, a jej konstrukcja pozwala na wygodne dopasowanie do instalacji okapu.<\/p>\n<p data-start=\"685\" data-end=\"873\"><strong>Dopasowanie do systemu Ava<\/strong><br data-start=\"711\" data-end=\"714\" \/>Model jest cz\u0119\u015bci\u0105 modu\u0142owego systemu Ava, co umo\u017cliwia jego \u0142atwe \u0142\u0105czenie z innymi elementami kolekcji i tworzenie sp\u00f3jnej, funkcjonalnej zabudowy kuchennej.<\/p>\n<p data-start=\"875\" data-end=\"952\">Modern design<br data-start=\"892\" data-end=\"895\" \/>Szafka dost\u0119pna jest w trzech wariantach kolorystycznych:<\/p>\n<ul data-start=\"953\" data-end=\"1026\">\n<li data-section-id=\"m8dmo7\" data-start=\"953\" data-end=\"976\">bia\u0142y \/ d\u0105b artisan<\/li>\n<li data-section-id=\"zl63ik\" data-start=\"977\" data-end=\"1001\">be\u017cowy \/ d\u0105b artisan<\/li>\n<li data-section-id=\"wc0d95\" data-start=\"1002\" data-end=\"1026\">grafit \/ d\u0105b artisan<\/li>\n<\/ul>\n<p data-start=\"1028\" data-end=\"1180\">Po\u0142\u0105czenie dekoru d\u0119bu artisan z g\u0142adkimi frontami nadaje ca\u0142o\u015bci elegancki i uniwersalny wygl\u0105d, kt\u00f3ry doskonale wpisuje si\u0119 w r\u00f3\u017cne style aran\u017cacyjne.<\/p>\n<p data-start=\"1182\" data-end=\"1275\" data-is-last-node=\"\" data-is-only-node=\"\"><strong>Ava 60 cm nad okap \u2013 praktyczne uzupe\u0142nienie kuchni, kt\u00f3re \u0142\u0105czy estetyk\u0119 z funkcjonalno\u015bci\u0105.<br \/>\n<img loading=\"lazy\" decoding=\"async\" class=\"alignnone wp-image-784244 size-full\" src=\"https:\/\/demkohome.pl\/wp-content\/uploads\/2024\/05\/Bialy_Dab-Artisan-Bialy.jpg\" alt=\"\" width=\"1619\" height=\"1080\" srcset=\"https:\/\/demkohome.pl\/wp-content\/uploads\/2024\/05\/Bialy_Dab-Artisan-Bialy.jpg 1619w, https:\/\/demkohome.pl\/wp-content\/uploads\/2024\/05\/Bialy_Dab-Artisan-Bialy-300x200.jpg 300w, https:\/\/demkohome.pl\/wp-content\/uploads\/2024\/05\/Bialy_Dab-Artisan-Bialy-1024x683.jpg 1024w, https:\/\/demkohome.pl\/wp-content\/uploads\/2024\/05\/Bialy_Dab-Artisan-Bialy-768x512.jpg 768w, https:\/\/demkohome.pl\/wp-content\/uploads\/2024\/05\/Bialy_Dab-Artisan-Bialy-1536x1025.jpg 1536w, https:\/\/demkohome.pl\/wp-content\/uploads\/2024\/05\/Bialy_Dab-Artisan-Bialy-18x12.jpg 18w, https:\/\/demkohome.pl\/wp-content\/uploads\/2024\/05\/Bialy_Dab-Artisan-Bialy-600x400.jpg 600w\" sizes=\"auto, (max-width: 1619px) 100vw, 1619px\" \/><\/strong><\/p>\n<p>&nbsp;<\/p>\n<h4 data-start=\"680\" data-end=\"734\"><span style=\"color: #000000;\">Product Dimensions:<\/span><\/h4>\n<table class=\"o-product-features\" role=\"presentation\">\n<tbody>\n<tr class=\"m-product-attr-row\">\n<th class=\"m-product-attr-row__name\" scope=\"row\">\n<h6>Produkt po z\u0142o\u017ceniu: szeroko\u015b\u0107 (w cm)<\/h6>\n<\/th>\n<td class=\"m-product-attr-row__value\">\n<h6>60<\/h6>\n<\/td>\n<\/tr>\n<tr class=\"m-product-attr-row\">\n<th class=\"m-product-attr-row__name\" scope=\"row\">\n<h6>Produkt po z\u0142o\u017ceniu: g\u0142\u0119boko\u015b\u0107 (w cm)<\/h6>\n<\/th>\n<td class=\"m-product-attr-row__value\">\n<h6>30<\/h6>\n<\/td>\n<\/tr>\n<tr class=\"m-product-attr-row\">\n<th class=\"m-product-attr-row__name\" scope=\"row\">\n<h6>Produkt po z\u0142o\u017ceniu: wysoko\u015b\u0107 (w cm)<\/h6>\n<\/th>\n<td class=\"m-product-attr-row__value\">\n<h6>72<\/h6>\n<\/td>\n<\/tr>\n<tr class=\"m-product-attr-row\">\n<th class=\"m-product-attr-row__name\" scope=\"row\">\n<h6>Produkt w opakowaniu: waga (w kg)<\/h6>\n<\/th>\n<td class=\"m-product-attr-row__value\">\n<h6>10,5<\/h6>\n<\/td>\n<\/tr>\n<\/tbody>\n<\/table>\n<p><img loading=\"lazy\" decoding=\"async\" class=\"alignleft wp-image-784257\" src=\"https:\/\/demkohome.pl\/wp-content\/uploads\/2024\/05\/81-cm-4000-x-2048-px-29-300x154.png\" alt=\"\" width=\"1367\" height=\"700\" srcset=\"https:\/\/demkohome.pl\/wp-content\/uploads\/2024\/05\/81-cm-4000-x-2048-px-29-300x154.png 300w, https:\/\/demkohome.pl\/wp-content\/uploads\/2024\/05\/81-cm-4000-x-2048-px-29-1024x524.png 1024w, https:\/\/demkohome.pl\/wp-content\/uploads\/2024\/05\/81-cm-4000-x-2048-px-29-768x393.png 768w, https:\/\/demkohome.pl\/wp-content\/uploads\/2024\/05\/81-cm-4000-x-2048-px-29-1536x786.png 1536w, https:\/\/demkohome.pl\/wp-content\/uploads\/2024\/05\/81-cm-4000-x-2048-px-29-2048x1049.png 2048w, https:\/\/demkohome.pl\/wp-content\/uploads\/2024\/05\/81-cm-4000-x-2048-px-29-18x9.png 18w, https:\/\/demkohome.pl\/wp-content\/uploads\/2024\/05\/81-cm-4000-x-2048-px-29-600x307.png 600w\" sizes=\"auto, (max-width: 1367px) 100vw, 1367px\" \/><\/p>\n<p data-start=\"1182\" data-end=\"1275\" data-is-last-node=\"\" data-is-only-node=\"\"><strong>\u00a0<\/strong><\/p>","protected":false},"excerpt":{"rendered":"<p>Szafka kuchenna nad okap 60 cm Ava to funkcjonalny element zabudowy, kt\u00f3ry pozwala na estetyczne i sp\u00f3jne wyko\u0144czenie przestrzeni nad (&#8230;)<\/p>","protected":false},"featured_media":10971,"comment_status":"open","ping_status":"closed","template":"","meta":{"_acf_changed":false,"inline_featured_image":false},"product_brand":[],"product_cat":[117,140,302,65,139,106,108],"product_tag":[],"class_list":{"0":"post-1315","1":"product","2":"type-product","3":"status-publish","4":"has-post-thumbnail","6":"product_cat-ava","7":"product_cat-kuchnia","8":"product_cat-kuchnia-pomieszczenia","9":"product_cat-meble-kuchenne","10":"product_cat-pomieszczenia","11":"product_cat-szafki-kuchenne","12":"product_cat-szafki-kuchenne-wiszace","13":"product_shipping_class-przesylka-dpd-15-pln","14":"collection-ava","16":"first","17":"instock","18":"shipping-taxable","19":"purchasable","20":"product-type-simple"},"acf":[],"yoast_head":"<!-- This site is optimized with the Yoast SEO plugin v27.6 - https:\/\/yoast.com\/product\/yoast-seo-wordpress\/ -->\n<title>Szafka kuchenna nad okap 60 cm Ava - Demko Home<\/title>\n<meta name=\"robots\" content=\"index, follow, max-snippet:-1, max-image-preview:large, max-video-preview:-1\" \/>\n<link rel=\"canonical\" href=\"https:\/\/demkohome.pl\/en\/product\/szafka-nad-okap-60-cm-ava\/\" \/>\n<meta property=\"og:locale\" content=\"en_US\" \/>\n<meta property=\"og:type\" content=\"article\" \/>\n<meta property=\"og:title\" content=\"Szafka kuchenna nad okap 60 cm Ava - Demko Home\" \/>\n<meta property=\"og:description\" content=\"Szafka kuchenna nad okap 60 cm Ava to funkcjonalny element zabudowy, kt\u00f3ry pozwala na estetyczne i sp\u00f3jne wyko\u0144czenie przestrzeni nad (...)\" \/>\n<meta property=\"og:url\" content=\"https:\/\/demkohome.pl\/en\/product\/szafka-nad-okap-60-cm-ava\/\" \/>\n<meta property=\"og:site_name\" content=\"Demko Home\" \/>\n<meta property=\"article:modified_time\" content=\"2026-05-16T19:20:36+00:00\" \/>\n<meta property=\"og:image\" content=\"https:\/\/demkohome.pl\/wp-content\/uploads\/2023\/08\/Szafka-nad-okap-60-cm-Ava-kolor-Dab-Artisan-Meble-Okmed-Demko-Home.jpg\" \/>\n\t<meta property=\"og:image:width\" content=\"1024\" \/>\n\t<meta property=\"og:image:height\" content=\"1024\" \/>\n\t<meta property=\"og:image:type\" content=\"image\/jpeg\" \/>\n<meta name=\"twitter:card\" content=\"summary_large_image\" \/>\n<meta name=\"twitter:label1\" content=\"Est. reading time\" \/>\n\t<meta name=\"twitter:data1\" content=\"3 minutes\" \/>\n<script type=\"application\/ld+json\" class=\"yoast-schema-graph\">{\"@context\":\"https:\\\/\\\/schema.org\",\"@graph\":[{\"@type\":\"WebPage\",\"@id\":\"https:\\\/\\\/demkohome.pl\\\/produkt\\\/szafka-nad-okap-60-cm-ava\\\/\",\"url\":\"https:\\\/\\\/demkohome.pl\\\/produkt\\\/szafka-nad-okap-60-cm-ava\\\/\",\"name\":\"Szafka kuchenna nad okap 60 cm Ava - Demko Home\",\"isPartOf\":{\"@id\":\"https:\\\/\\\/demkohome.pl\\\/#website\"},\"primaryImageOfPage\":{\"@id\":\"https:\\\/\\\/demkohome.pl\\\/produkt\\\/szafka-nad-okap-60-cm-ava\\\/#primaryimage\"},\"image\":{\"@id\":\"https:\\\/\\\/demkohome.pl\\\/produkt\\\/szafka-nad-okap-60-cm-ava\\\/#primaryimage\"},\"thumbnailUrl\":\"https:\\\/\\\/demkohome.pl\\\/wp-content\\\/uploads\\\/2023\\\/08\\\/Szafka-nad-okap-60-cm-Ava-kolor-Dab-Artisan-Meble-Okmed-Demko-Home.jpg\",\"datePublished\":\"2024-05-17T10:59:49+00:00\",\"dateModified\":\"2026-05-16T19:20:36+00:00\",\"breadcrumb\":{\"@id\":\"https:\\\/\\\/demkohome.pl\\\/produkt\\\/szafka-nad-okap-60-cm-ava\\\/#breadcrumb\"},\"inLanguage\":\"en-US\",\"potentialAction\":[{\"@type\":\"ReadAction\",\"target\":[\"https:\\\/\\\/demkohome.pl\\\/produkt\\\/szafka-nad-okap-60-cm-ava\\\/\"]}]},{\"@type\":\"ImageObject\",\"inLanguage\":\"en-US\",\"@id\":\"https:\\\/\\\/demkohome.pl\\\/produkt\\\/szafka-nad-okap-60-cm-ava\\\/#primaryimage\",\"url\":\"https:\\\/\\\/demkohome.pl\\\/wp-content\\\/uploads\\\/2023\\\/08\\\/Szafka-nad-okap-60-cm-Ava-kolor-Dab-Artisan-Meble-Okmed-Demko-Home.jpg\",\"contentUrl\":\"https:\\\/\\\/demkohome.pl\\\/wp-content\\\/uploads\\\/2023\\\/08\\\/Szafka-nad-okap-60-cm-Ava-kolor-Dab-Artisan-Meble-Okmed-Demko-Home.jpg\",\"width\":1024,\"height\":1024,\"caption\":\"Szafka nad okap 60 cm Ava kolor D\u0105b Artisan Meble Okmed Demko Home\"},{\"@type\":\"BreadcrumbList\",\"@id\":\"https:\\\/\\\/demkohome.pl\\\/produkt\\\/szafka-nad-okap-60-cm-ava\\\/#breadcrumb\",\"itemListElement\":[{\"@type\":\"ListItem\",\"position\":1,\"name\":\"Strona g\u0142\u00f3wna\",\"item\":\"https:\\\/\\\/demkohome.pl\\\/\"},{\"@type\":\"ListItem\",\"position\":2,\"name\":\"Sklep\",\"item\":\"https:\\\/\\\/demkohome.pl\\\/sklep\\\/\"},{\"@type\":\"ListItem\",\"position\":3,\"name\":\"Szafka kuchenna nad okap 60 cm Ava\"}]},{\"@type\":\"WebSite\",\"@id\":\"https:\\\/\\\/demkohome.pl\\\/#website\",\"url\":\"https:\\\/\\\/demkohome.pl\\\/\",\"name\":\"Demko Home\",\"description\":\"Make it simple\",\"publisher\":{\"@id\":\"https:\\\/\\\/demkohome.pl\\\/#organization\"},\"potentialAction\":[{\"@type\":\"SearchAction\",\"target\":{\"@type\":\"EntryPoint\",\"urlTemplate\":\"https:\\\/\\\/demkohome.pl\\\/?s={search_term_string}\"},\"query-input\":{\"@type\":\"PropertyValueSpecification\",\"valueRequired\":true,\"valueName\":\"search_term_string\"}}],\"inLanguage\":\"en-US\"},{\"@type\":\"Organization\",\"@id\":\"https:\\\/\\\/demkohome.pl\\\/#organization\",\"name\":\"Demko Home\",\"url\":\"https:\\\/\\\/demkohome.pl\\\/\",\"logo\":{\"@type\":\"ImageObject\",\"inLanguage\":\"en-US\",\"@id\":\"https:\\\/\\\/demkohome.pl\\\/#\\\/schema\\\/logo\\\/image\\\/\",\"url\":\"https:\\\/\\\/demkohome.pl\\\/wp-content\\\/uploads\\\/2026\\\/03\\\/cropped-3.png\",\"contentUrl\":\"https:\\\/\\\/demkohome.pl\\\/wp-content\\\/uploads\\\/2026\\\/03\\\/cropped-3.png\",\"width\":250,\"height\":63,\"caption\":\"Demko Home\"},\"image\":{\"@id\":\"https:\\\/\\\/demkohome.pl\\\/#\\\/schema\\\/logo\\\/image\\\/\"}}]}<\/script>\n<!-- \/ Yoast SEO plugin. -->","yoast_head_json":{"title":"Szafka kuchenna nad okap 60 cm Ava - Demko Home","robots":{"index":"index","follow":"follow","max-snippet":"max-snippet:-1","max-image-preview":"max-image-preview:large","max-video-preview":"max-video-preview:-1"},"canonical":"https:\/\/demkohome.pl\/en\/product\/szafka-nad-okap-60-cm-ava\/","og_locale":"en_US","og_type":"article","og_title":"Szafka kuchenna nad okap 60 cm Ava - Demko Home","og_description":"Szafka kuchenna nad okap 60 cm Ava to funkcjonalny element zabudowy, kt\u00f3ry pozwala na estetyczne i sp\u00f3jne wyko\u0144czenie przestrzeni nad (...)","og_url":"https:\/\/demkohome.pl\/en\/product\/szafka-nad-okap-60-cm-ava\/","og_site_name":"Demko Home","article_modified_time":"2026-05-16T19:20:36+00:00","og_image":[{"width":1024,"height":1024,"url":"https:\/\/demkohome.pl\/wp-content\/uploads\/2023\/08\/Szafka-nad-okap-60-cm-Ava-kolor-Dab-Artisan-Meble-Okmed-Demko-Home.jpg","type":"image\/jpeg"}],"twitter_card":"summary_large_image","twitter_misc":{"Est. reading time":"3 minutes"},"schema":{"@context":"https:\/\/schema.org","@graph":[{"@type":"WebPage","@id":"https:\/\/demkohome.pl\/produkt\/szafka-nad-okap-60-cm-ava\/","url":"https:\/\/demkohome.pl\/produkt\/szafka-nad-okap-60-cm-ava\/","name":"Szafka kuchenna nad okap 60 cm Ava - Demko Home","isPartOf":{"@id":"https:\/\/demkohome.pl\/#website"},"primaryImageOfPage":{"@id":"https:\/\/demkohome.pl\/produkt\/szafka-nad-okap-60-cm-ava\/#primaryimage"},"image":{"@id":"https:\/\/demkohome.pl\/produkt\/szafka-nad-okap-60-cm-ava\/#primaryimage"},"thumbnailUrl":"https:\/\/demkohome.pl\/wp-content\/uploads\/2023\/08\/Szafka-nad-okap-60-cm-Ava-kolor-Dab-Artisan-Meble-Okmed-Demko-Home.jpg","datePublished":"2024-05-17T10:59:49+00:00","dateModified":"2026-05-16T19:20:36+00:00","breadcrumb":{"@id":"https:\/\/demkohome.pl\/produkt\/szafka-nad-okap-60-cm-ava\/#breadcrumb"},"inLanguage":"en-US","potentialAction":[{"@type":"ReadAction","target":["https:\/\/demkohome.pl\/produkt\/szafka-nad-okap-60-cm-ava\/"]}]},{"@type":"ImageObject","inLanguage":"en-US","@id":"https:\/\/demkohome.pl\/produkt\/szafka-nad-okap-60-cm-ava\/#primaryimage","url":"https:\/\/demkohome.pl\/wp-content\/uploads\/2023\/08\/Szafka-nad-okap-60-cm-Ava-kolor-Dab-Artisan-Meble-Okmed-Demko-Home.jpg","contentUrl":"https:\/\/demkohome.pl\/wp-content\/uploads\/2023\/08\/Szafka-nad-okap-60-cm-Ava-kolor-Dab-Artisan-Meble-Okmed-Demko-Home.jpg","width":1024,"height":1024,"caption":"Szafka nad okap 60 cm Ava kolor D\u0105b Artisan Meble Okmed Demko Home"},{"@type":"BreadcrumbList","@id":"https:\/\/demkohome.pl\/produkt\/szafka-nad-okap-60-cm-ava\/#breadcrumb","itemListElement":[{"@type":"ListItem","position":1,"name":"Strona g\u0142\u00f3wna","item":"https:\/\/demkohome.pl\/"},{"@type":"ListItem","position":2,"name":"Sklep","item":"https:\/\/demkohome.pl\/sklep\/"},{"@type":"ListItem","position":3,"name":"Szafka kuchenna nad okap 60 cm Ava"}]},{"@type":"WebSite","@id":"https:\/\/demkohome.pl\/#website","url":"https:\/\/demkohome.pl\/","name":"Demko Home","description":"Make it simple","publisher":{"@id":"https:\/\/demkohome.pl\/#organization"},"potentialAction":[{"@type":"SearchAction","target":{"@type":"EntryPoint","urlTemplate":"https:\/\/demkohome.pl\/?s={search_term_string}"},"query-input":{"@type":"PropertyValueSpecification","valueRequired":true,"valueName":"search_term_string"}}],"inLanguage":"en-US"},{"@type":"Organization","@id":"https:\/\/demkohome.pl\/#organization","name":"Demko Home","url":"https:\/\/demkohome.pl\/","logo":{"@type":"ImageObject","inLanguage":"en-US","@id":"https:\/\/demkohome.pl\/#\/schema\/logo\/image\/","url":"https:\/\/demkohome.pl\/wp-content\/uploads\/2026\/03\/cropped-3.png","contentUrl":"https:\/\/demkohome.pl\/wp-content\/uploads\/2026\/03\/cropped-3.png","width":250,"height":63,"caption":"Demko Home"},"image":{"@id":"https:\/\/demkohome.pl\/#\/schema\/logo\/image\/"}}]}},"_links":{"self":[{"href":"https:\/\/demkohome.pl\/en\/wp-json\/wp\/v2\/product\/1315","targetHints":{"allow":["GET"]}}],"collection":[{"href":"https:\/\/demkohome.pl\/en\/wp-json\/wp\/v2\/product"}],"about":[{"href":"https:\/\/demkohome.pl\/en\/wp-json\/wp\/v2\/types\/product"}],"replies":[{"embeddable":true,"href":"https:\/\/demkohome.pl\/en\/wp-json\/wp\/v2\/comments?post=1315"}],"wp:featuredmedia":[{"embeddable":true,"href":"https:\/\/demkohome.pl\/en\/wp-json\/wp\/v2\/media\/10971"}],"wp:attachment":[{"href":"https:\/\/demkohome.pl\/en\/wp-json\/wp\/v2\/media?parent=1315"}],"wp:term":[{"taxonomy":"product_brand","embeddable":true,"href":"https:\/\/demkohome.pl\/en\/wp-json\/wp\/v2\/product_brand?post=1315"},{"taxonomy":"product_cat","embeddable":true,"href":"https:\/\/demkohome.pl\/en\/wp-json\/wp\/v2\/product_cat?post=1315"},{"taxonomy":"product_tag","embeddable":true,"href":"https:\/\/demkohome.pl\/en\/wp-json\/wp\/v2\/product_tag?post=1315"}],"curies":[{"name":"wp","href":"https:\/\/api.w.org\/{rel}","templated":true}]}}