{"id":1321,"date":"2024-05-17T12:58:03","date_gmt":"2024-05-17T10:58:03","guid":{"rendered":"https:\/\/demkohome.pl\/produkt\/blenda-ava-gora\/"},"modified":"2026-05-16T21:27:55","modified_gmt":"2026-05-16T19:27:55","slug":"blenda-gorna-ava","status":"publish","type":"product","link":"https:\/\/demkohome.pl\/en\/product\/blenda-gorna-ava\/","title":{"rendered":"Ava Top Blade"},"content":{"rendered":"<h3 data-start=\"0\" data-end=\"261\">Blenda g\u00f3rna Ava to estetyczny element wyko\u0144czeniowy, kt\u00f3ry pozwala na eleganckie domkni\u0119cie g\u00f3rnej zabudowy kuchennej. Idealnie sprawdza si\u0119 jako maskowanie szczelin pomi\u0119dzy szafkami wisz\u0105cymi a sufitem lub \u015bcian\u0105, nadaj\u0105c ca\u0142o\u015bci sp\u00f3jny i dopracowany wygl\u0105d.<\/h3>\n<p data-start=\"263\" data-end=\"491\"><strong>Estetyka i porz\u0105dek<\/strong><br data-start=\"282\" data-end=\"285\" \/>Zastosowanie blendy g\u00f3rnej poprawia wizualny odbi\u00f3r kuchni, eliminuj\u0105c widoczne przerwy i nier\u00f3wno\u015bci. Dodatkowo ogranicza osadzanie si\u0119 kurzu w trudno dost\u0119pnych miejscach, co u\u0142atwia utrzymanie czysto\u015bci.<\/p>\n<p data-start=\"493\" data-end=\"708\"><strong>Dopasowanie do systemu Ava<\/strong><br data-start=\"519\" data-end=\"522\" \/>Blenda zosta\u0142a zaprojektowana jako cz\u0119\u015b\u0107 modu\u0142owego systemu Ava, dzi\u0119ki czemu idealnie wsp\u00f3\u0142gra z pozosta\u0142ymi elementami kolekcji, umo\u017cliwiaj\u0105c stworzenie sp\u00f3jnej i harmonijnej zabudowy.<\/p>\n<p data-start=\"710\" data-end=\"801\"><strong>Sp\u00f3jny design<\/strong><br data-start=\"723\" data-end=\"726\" \/>Model dost\u0119pny jest w wariantach kolorystycznych odpowiadaj\u0105cych linii Ava:<\/p>\n<ul data-start=\"802\" data-end=\"875\">\n<li data-section-id=\"m8dmo7\" data-start=\"802\" data-end=\"825\">bia\u0142y \/ d\u0105b artisan<\/li>\n<li data-section-id=\"zl63ik\" data-start=\"826\" data-end=\"850\">be\u017cowy \/ d\u0105b artisan<\/li>\n<li data-section-id=\"wc0d95\" data-start=\"851\" data-end=\"875\">grafit \/ d\u0105b artisan<\/li>\n<\/ul>\n<p data-start=\"877\" data-end=\"1001\">Dzi\u0119ki dopasowanemu wyko\u0144czeniu blenda doskonale uzupe\u0142nia ca\u0142o\u015b\u0107 kuchni, podkre\u015blaj\u0105c jej nowoczesny i elegancki charakter.<\/p>\n<p data-start=\"1003\" data-end=\"1045\" data-is-last-node=\"\" data-is-only-node=\"\"><strong>Ava \u2013 dopracowana kuchnia w ka\u017cdym detalu.<br \/>\n<img loading=\"lazy\" decoding=\"async\" class=\"alignnone wp-image-784244 size-full\" src=\"https:\/\/demkohome.pl\/wp-content\/uploads\/2024\/05\/Bialy_Dab-Artisan-Bialy.jpg\" alt=\"\" width=\"1619\" height=\"1080\" srcset=\"https:\/\/demkohome.pl\/wp-content\/uploads\/2024\/05\/Bialy_Dab-Artisan-Bialy.jpg 1619w, https:\/\/demkohome.pl\/wp-content\/uploads\/2024\/05\/Bialy_Dab-Artisan-Bialy-300x200.jpg 300w, https:\/\/demkohome.pl\/wp-content\/uploads\/2024\/05\/Bialy_Dab-Artisan-Bialy-1024x683.jpg 1024w, https:\/\/demkohome.pl\/wp-content\/uploads\/2024\/05\/Bialy_Dab-Artisan-Bialy-768x512.jpg 768w, https:\/\/demkohome.pl\/wp-content\/uploads\/2024\/05\/Bialy_Dab-Artisan-Bialy-1536x1025.jpg 1536w, https:\/\/demkohome.pl\/wp-content\/uploads\/2024\/05\/Bialy_Dab-Artisan-Bialy-18x12.jpg 18w, https:\/\/demkohome.pl\/wp-content\/uploads\/2024\/05\/Bialy_Dab-Artisan-Bialy-600x400.jpg 600w\" sizes=\"auto, (max-width: 1619px) 100vw, 1619px\" \/><\/strong><\/p>\n<p>&nbsp;<\/p>\n<h4 data-start=\"680\" data-end=\"734\"><span style=\"color: #000000;\">Product Dimensions:<\/span><\/h4>\n<table class=\"o-product-features\" role=\"presentation\">\n<tbody>\n<tr class=\"m-product-attr-row\">\n<th class=\"m-product-attr-row__name\" scope=\"row\">\n<h6>Produkt po z\u0142o\u017ceniu: szeroko\u015b\u0107 (w cm)<\/h6>\n<\/th>\n<td class=\"m-product-attr-row__value\">\n<h6>30<\/h6>\n<\/td>\n<\/tr>\n<tr class=\"m-product-attr-row\">\n<th class=\"m-product-attr-row__name\" scope=\"row\"><\/th>\n<td class=\"m-product-attr-row__value\"><\/td>\n<\/tr>\n<tr class=\"m-product-attr-row\">\n<th class=\"m-product-attr-row__name\" scope=\"row\">\n<h6>Produkt po z\u0142o\u017ceniu: wysoko\u015b\u0107 (w cm)<\/h6>\n<\/th>\n<td class=\"m-product-attr-row__value\">\n<h6>72<\/h6>\n<\/td>\n<\/tr>\n<tr class=\"m-product-attr-row\">\n<th class=\"m-product-attr-row__name\" scope=\"row\">\n<h6>Produkt w opakowaniu: waga (w kg)<\/h6>\n<\/th>\n<td class=\"m-product-attr-row__value\">\n<h6>5,5<\/h6>\n<\/td>\n<\/tr>\n<\/tbody>\n<\/table>\n<p data-start=\"1003\" data-end=\"1045\" data-is-last-node=\"\" data-is-only-node=\"\"><strong> <img loading=\"lazy\" decoding=\"async\" class=\"alignleft wp-image-795991\" src=\"https:\/\/demkohome.pl\/wp-content\/uploads\/2024\/05\/81-cm-4000-x-2048-px-34-300x154.png\" alt=\"\" width=\"1465\" height=\"750\" srcset=\"https:\/\/demkohome.pl\/wp-content\/uploads\/2024\/05\/81-cm-4000-x-2048-px-34-300x154.png 300w, https:\/\/demkohome.pl\/wp-content\/uploads\/2024\/05\/81-cm-4000-x-2048-px-34-1024x524.png 1024w, https:\/\/demkohome.pl\/wp-content\/uploads\/2024\/05\/81-cm-4000-x-2048-px-34-768x393.png 768w, https:\/\/demkohome.pl\/wp-content\/uploads\/2024\/05\/81-cm-4000-x-2048-px-34-1536x786.png 1536w, https:\/\/demkohome.pl\/wp-content\/uploads\/2024\/05\/81-cm-4000-x-2048-px-34-2048x1049.png 2048w, https:\/\/demkohome.pl\/wp-content\/uploads\/2024\/05\/81-cm-4000-x-2048-px-34-18x9.png 18w, https:\/\/demkohome.pl\/wp-content\/uploads\/2024\/05\/81-cm-4000-x-2048-px-34-600x307.png 600w\" sizes=\"auto, (max-width: 1465px) 100vw, 1465px\" \/><\/strong><\/p>","protected":false},"excerpt":{"rendered":"<p>Blenda g\u00f3rna Ava to estetyczny element wyko\u0144czeniowy, kt\u00f3ry pozwala na eleganckie domkni\u0119cie g\u00f3rnej zabudowy kuchennej. Idealnie sprawdza si\u0119 jako maskowanie (&#8230;)<\/p>","protected":false},"featured_media":10961,"comment_status":"open","ping_status":"closed","template":"","meta":{"_acf_changed":false,"inline_featured_image":false},"product_brand":[],"product_cat":[117,302,65,139],"product_tag":[],"class_list":{"0":"post-1321","1":"product","2":"type-product","3":"status-publish","4":"has-post-thumbnail","6":"product_cat-ava","7":"product_cat-kuchnia-pomieszczenia","8":"product_cat-meble-kuchenne","9":"product_cat-pomieszczenia","10":"product_shipping_class-przesylka-dpd-15-pln","11":"collection-ava","13":"first","14":"instock","15":"shipping-taxable","16":"purchasable","17":"product-type-variable"},"acf":[],"yoast_head":"<!-- This site is optimized with the Yoast SEO plugin v27.6 - https:\/\/yoast.com\/product\/yoast-seo-wordpress\/ -->\n<title>Blenda g\u00f3rna Ava - Demko Home<\/title>\n<meta name=\"robots\" content=\"index, follow, max-snippet:-1, max-image-preview:large, max-video-preview:-1\" \/>\n<link rel=\"canonical\" href=\"https:\/\/demkohome.pl\/en\/product\/blenda-gorna-ava\/\" \/>\n<meta property=\"og:locale\" content=\"en_US\" \/>\n<meta property=\"og:type\" content=\"article\" \/>\n<meta property=\"og:title\" content=\"Blenda g\u00f3rna Ava - Demko Home\" \/>\n<meta property=\"og:description\" content=\"Blenda g\u00f3rna Ava to estetyczny element wyko\u0144czeniowy, kt\u00f3ry pozwala na eleganckie domkni\u0119cie g\u00f3rnej zabudowy kuchennej. Idealnie sprawdza si\u0119 jako maskowanie (...)\" \/>\n<meta property=\"og:url\" content=\"https:\/\/demkohome.pl\/en\/product\/blenda-gorna-ava\/\" \/>\n<meta property=\"og:site_name\" content=\"Demko Home\" \/>\n<meta property=\"article:modified_time\" content=\"2026-05-16T19:27:55+00:00\" \/>\n<meta property=\"og:image\" content=\"https:\/\/demkohome.pl\/wp-content\/uploads\/2023\/08\/Blenda-Gorna-do-boku-szafki-wiszacej-Ava-Dab-Artisan-Meble-Okmed-Demko-Home.jpg\" \/>\n\t<meta property=\"og:image:width\" content=\"1024\" \/>\n\t<meta property=\"og:image:height\" content=\"1024\" \/>\n\t<meta property=\"og:image:type\" content=\"image\/jpeg\" \/>\n<meta name=\"twitter:card\" content=\"summary_large_image\" \/>\n<meta name=\"twitter:label1\" content=\"Est. reading time\" \/>\n\t<meta name=\"twitter:data1\" content=\"2 minutes\" \/>\n<script type=\"application\/ld+json\" class=\"yoast-schema-graph\">{\"@context\":\"https:\\\/\\\/schema.org\",\"@graph\":[{\"@type\":\"WebPage\",\"@id\":\"https:\\\/\\\/demkohome.pl\\\/produkt\\\/blenda-gorna-ava\\\/\",\"url\":\"https:\\\/\\\/demkohome.pl\\\/produkt\\\/blenda-gorna-ava\\\/\",\"name\":\"Blenda g\u00f3rna Ava - Demko Home\",\"isPartOf\":{\"@id\":\"https:\\\/\\\/demkohome.pl\\\/#website\"},\"primaryImageOfPage\":{\"@id\":\"https:\\\/\\\/demkohome.pl\\\/produkt\\\/blenda-gorna-ava\\\/#primaryimage\"},\"image\":{\"@id\":\"https:\\\/\\\/demkohome.pl\\\/produkt\\\/blenda-gorna-ava\\\/#primaryimage\"},\"thumbnailUrl\":\"https:\\\/\\\/demkohome.pl\\\/wp-content\\\/uploads\\\/2023\\\/08\\\/Blenda-Gorna-do-boku-szafki-wiszacej-Ava-Dab-Artisan-Meble-Okmed-Demko-Home.jpg\",\"datePublished\":\"2024-05-17T10:58:03+00:00\",\"dateModified\":\"2026-05-16T19:27:55+00:00\",\"breadcrumb\":{\"@id\":\"https:\\\/\\\/demkohome.pl\\\/produkt\\\/blenda-gorna-ava\\\/#breadcrumb\"},\"inLanguage\":\"en-US\",\"potentialAction\":[{\"@type\":\"ReadAction\",\"target\":[\"https:\\\/\\\/demkohome.pl\\\/produkt\\\/blenda-gorna-ava\\\/\"]}]},{\"@type\":\"ImageObject\",\"inLanguage\":\"en-US\",\"@id\":\"https:\\\/\\\/demkohome.pl\\\/produkt\\\/blenda-gorna-ava\\\/#primaryimage\",\"url\":\"https:\\\/\\\/demkohome.pl\\\/wp-content\\\/uploads\\\/2023\\\/08\\\/Blenda-Gorna-do-boku-szafki-wiszacej-Ava-Dab-Artisan-Meble-Okmed-Demko-Home.jpg\",\"contentUrl\":\"https:\\\/\\\/demkohome.pl\\\/wp-content\\\/uploads\\\/2023\\\/08\\\/Blenda-Gorna-do-boku-szafki-wiszacej-Ava-Dab-Artisan-Meble-Okmed-Demko-Home.jpg\",\"width\":1024,\"height\":1024,\"caption\":\"Blenda G\u00f3rna do boku szafki wisz\u0105cej Ava D\u0105b Artisan Meble Okmed Demko Home\"},{\"@type\":\"BreadcrumbList\",\"@id\":\"https:\\\/\\\/demkohome.pl\\\/produkt\\\/blenda-gorna-ava\\\/#breadcrumb\",\"itemListElement\":[{\"@type\":\"ListItem\",\"position\":1,\"name\":\"Strona g\u0142\u00f3wna\",\"item\":\"https:\\\/\\\/demkohome.pl\\\/\"},{\"@type\":\"ListItem\",\"position\":2,\"name\":\"Sklep\",\"item\":\"https:\\\/\\\/demkohome.pl\\\/sklep\\\/\"},{\"@type\":\"ListItem\",\"position\":3,\"name\":\"Blenda g\u00f3rna Ava\"}]},{\"@type\":\"WebSite\",\"@id\":\"https:\\\/\\\/demkohome.pl\\\/#website\",\"url\":\"https:\\\/\\\/demkohome.pl\\\/\",\"name\":\"Demko Home\",\"description\":\"Make it simple\",\"publisher\":{\"@id\":\"https:\\\/\\\/demkohome.pl\\\/#organization\"},\"potentialAction\":[{\"@type\":\"SearchAction\",\"target\":{\"@type\":\"EntryPoint\",\"urlTemplate\":\"https:\\\/\\\/demkohome.pl\\\/?s={search_term_string}\"},\"query-input\":{\"@type\":\"PropertyValueSpecification\",\"valueRequired\":true,\"valueName\":\"search_term_string\"}}],\"inLanguage\":\"en-US\"},{\"@type\":\"Organization\",\"@id\":\"https:\\\/\\\/demkohome.pl\\\/#organization\",\"name\":\"Demko Home\",\"url\":\"https:\\\/\\\/demkohome.pl\\\/\",\"logo\":{\"@type\":\"ImageObject\",\"inLanguage\":\"en-US\",\"@id\":\"https:\\\/\\\/demkohome.pl\\\/#\\\/schema\\\/logo\\\/image\\\/\",\"url\":\"https:\\\/\\\/demkohome.pl\\\/wp-content\\\/uploads\\\/2026\\\/03\\\/cropped-3.png\",\"contentUrl\":\"https:\\\/\\\/demkohome.pl\\\/wp-content\\\/uploads\\\/2026\\\/03\\\/cropped-3.png\",\"width\":250,\"height\":63,\"caption\":\"Demko Home\"},\"image\":{\"@id\":\"https:\\\/\\\/demkohome.pl\\\/#\\\/schema\\\/logo\\\/image\\\/\"}}]}<\/script>\n<!-- \/ Yoast SEO plugin. -->","yoast_head_json":{"title":"Blenda g\u00f3rna Ava - Demko Home","robots":{"index":"index","follow":"follow","max-snippet":"max-snippet:-1","max-image-preview":"max-image-preview:large","max-video-preview":"max-video-preview:-1"},"canonical":"https:\/\/demkohome.pl\/en\/product\/blenda-gorna-ava\/","og_locale":"en_US","og_type":"article","og_title":"Blenda g\u00f3rna Ava - Demko Home","og_description":"Blenda g\u00f3rna Ava to estetyczny element wyko\u0144czeniowy, kt\u00f3ry pozwala na eleganckie domkni\u0119cie g\u00f3rnej zabudowy kuchennej. Idealnie sprawdza si\u0119 jako maskowanie (...)","og_url":"https:\/\/demkohome.pl\/en\/product\/blenda-gorna-ava\/","og_site_name":"Demko Home","article_modified_time":"2026-05-16T19:27:55+00:00","og_image":[{"width":1024,"height":1024,"url":"https:\/\/demkohome.pl\/wp-content\/uploads\/2023\/08\/Blenda-Gorna-do-boku-szafki-wiszacej-Ava-Dab-Artisan-Meble-Okmed-Demko-Home.jpg","type":"image\/jpeg"}],"twitter_card":"summary_large_image","twitter_misc":{"Est. reading time":"2 minutes"},"schema":{"@context":"https:\/\/schema.org","@graph":[{"@type":"WebPage","@id":"https:\/\/demkohome.pl\/produkt\/blenda-gorna-ava\/","url":"https:\/\/demkohome.pl\/produkt\/blenda-gorna-ava\/","name":"Blenda g\u00f3rna Ava - Demko Home","isPartOf":{"@id":"https:\/\/demkohome.pl\/#website"},"primaryImageOfPage":{"@id":"https:\/\/demkohome.pl\/produkt\/blenda-gorna-ava\/#primaryimage"},"image":{"@id":"https:\/\/demkohome.pl\/produkt\/blenda-gorna-ava\/#primaryimage"},"thumbnailUrl":"https:\/\/demkohome.pl\/wp-content\/uploads\/2023\/08\/Blenda-Gorna-do-boku-szafki-wiszacej-Ava-Dab-Artisan-Meble-Okmed-Demko-Home.jpg","datePublished":"2024-05-17T10:58:03+00:00","dateModified":"2026-05-16T19:27:55+00:00","breadcrumb":{"@id":"https:\/\/demkohome.pl\/produkt\/blenda-gorna-ava\/#breadcrumb"},"inLanguage":"en-US","potentialAction":[{"@type":"ReadAction","target":["https:\/\/demkohome.pl\/produkt\/blenda-gorna-ava\/"]}]},{"@type":"ImageObject","inLanguage":"en-US","@id":"https:\/\/demkohome.pl\/produkt\/blenda-gorna-ava\/#primaryimage","url":"https:\/\/demkohome.pl\/wp-content\/uploads\/2023\/08\/Blenda-Gorna-do-boku-szafki-wiszacej-Ava-Dab-Artisan-Meble-Okmed-Demko-Home.jpg","contentUrl":"https:\/\/demkohome.pl\/wp-content\/uploads\/2023\/08\/Blenda-Gorna-do-boku-szafki-wiszacej-Ava-Dab-Artisan-Meble-Okmed-Demko-Home.jpg","width":1024,"height":1024,"caption":"Blenda G\u00f3rna do boku szafki wisz\u0105cej Ava D\u0105b Artisan Meble Okmed Demko Home"},{"@type":"BreadcrumbList","@id":"https:\/\/demkohome.pl\/produkt\/blenda-gorna-ava\/#breadcrumb","itemListElement":[{"@type":"ListItem","position":1,"name":"Strona g\u0142\u00f3wna","item":"https:\/\/demkohome.pl\/"},{"@type":"ListItem","position":2,"name":"Sklep","item":"https:\/\/demkohome.pl\/sklep\/"},{"@type":"ListItem","position":3,"name":"Blenda g\u00f3rna Ava"}]},{"@type":"WebSite","@id":"https:\/\/demkohome.pl\/#website","url":"https:\/\/demkohome.pl\/","name":"Demko Home","description":"Make it simple","publisher":{"@id":"https:\/\/demkohome.pl\/#organization"},"potentialAction":[{"@type":"SearchAction","target":{"@type":"EntryPoint","urlTemplate":"https:\/\/demkohome.pl\/?s={search_term_string}"},"query-input":{"@type":"PropertyValueSpecification","valueRequired":true,"valueName":"search_term_string"}}],"inLanguage":"en-US"},{"@type":"Organization","@id":"https:\/\/demkohome.pl\/#organization","name":"Demko Home","url":"https:\/\/demkohome.pl\/","logo":{"@type":"ImageObject","inLanguage":"en-US","@id":"https:\/\/demkohome.pl\/#\/schema\/logo\/image\/","url":"https:\/\/demkohome.pl\/wp-content\/uploads\/2026\/03\/cropped-3.png","contentUrl":"https:\/\/demkohome.pl\/wp-content\/uploads\/2026\/03\/cropped-3.png","width":250,"height":63,"caption":"Demko Home"},"image":{"@id":"https:\/\/demkohome.pl\/#\/schema\/logo\/image\/"}}]}},"_links":{"self":[{"href":"https:\/\/demkohome.pl\/en\/wp-json\/wp\/v2\/product\/1321","targetHints":{"allow":["GET"]}}],"collection":[{"href":"https:\/\/demkohome.pl\/en\/wp-json\/wp\/v2\/product"}],"about":[{"href":"https:\/\/demkohome.pl\/en\/wp-json\/wp\/v2\/types\/product"}],"replies":[{"embeddable":true,"href":"https:\/\/demkohome.pl\/en\/wp-json\/wp\/v2\/comments?post=1321"}],"wp:featuredmedia":[{"embeddable":true,"href":"https:\/\/demkohome.pl\/en\/wp-json\/wp\/v2\/media\/10961"}],"wp:attachment":[{"href":"https:\/\/demkohome.pl\/en\/wp-json\/wp\/v2\/media?parent=1321"}],"wp:term":[{"taxonomy":"product_brand","embeddable":true,"href":"https:\/\/demkohome.pl\/en\/wp-json\/wp\/v2\/product_brand?post=1321"},{"taxonomy":"product_cat","embeddable":true,"href":"https:\/\/demkohome.pl\/en\/wp-json\/wp\/v2\/product_cat?post=1321"},{"taxonomy":"product_tag","embeddable":true,"href":"https:\/\/demkohome.pl\/en\/wp-json\/wp\/v2\/product_tag?post=1321"}],"curies":[{"name":"wp","href":"https:\/\/api.w.org\/{rel}","templated":true}]}}