{"id":1327,"date":"2024-05-17T12:58:02","date_gmt":"2024-05-17T10:58:02","guid":{"rendered":"https:\/\/demkohome.pl\/produkt\/sz-kuch-ava-dol-30-81-1d-l-p-bialy_artisan-bialyfsc\/"},"modified":"2026-05-16T21:28:02","modified_gmt":"2026-05-16T19:28:02","slug":"szafka-kuchenna-dolna-30-cm-ava","status":"publish","type":"product","link":"https:\/\/demkohome.pl\/en\/product\/szafka-kuchenna-dolna-30-cm-ava\/","title":{"rendered":"Standing kitchen cabinet 30 cm Ava"},"content":{"rendered":"<div style=\"font-family: 'Noto Sans', sans-serif; font-size: 17px;\">\n<h3 data-start=\"0\" data-end=\"301\">Szafka kuchenna stoj\u0105ca 30 cm Ava to funkcjonalny i uniwersalny element zabudowy, kt\u00f3ry doskonale sprawdzi si\u0119 w ka\u017cdej kuchni. Dzi\u0119ki swojej kompaktowej szeroko\u015bci umo\u017cliwia wygodne zagospodarowanie przestrzeni, szczeg\u00f3lnie w w\u0119\u017cszych ci\u0105gach roboczych lub jako uzupe\u0142nienie wi\u0119kszych zestaw\u00f3w mebli.<\/h3>\n<p data-start=\"303\" data-end=\"576\"><strong>Praktyczne przechowywanie<\/strong><br data-start=\"328\" data-end=\"331\" \/>Szafka zapewnia miejsce na przechowywanie produkt\u00f3w spo\u017cywczych, naczy\u0144 lub akcesori\u00f3w kuchennych, pomagaj\u0105c utrzyma\u0107 porz\u0105dek i dobr\u0105 organizacj\u0119 przestrzeni. To idealne rozwi\u0105zanie dla os\u00f3b, kt\u00f3re chc\u0105 maksymalnie wykorzysta\u0107 dost\u0119pne miejsce.<\/p>\n<p data-start=\"578\" data-end=\"778\"><strong>Funkcjonalno\u015b\u0107 na co dzie\u0144<\/strong><br data-start=\"604\" data-end=\"607\" \/>Dzi\u0119ki przemy\u015blanej konstrukcji szafka jest wygodna w u\u017cytkowaniu i \u0142atwo dost\u0119pna. Sprawdza si\u0119 zar\u00f3wno jako samodzielny modu\u0142, jak i element wi\u0119kszej zabudowy kuchennej.<\/p>\n<p data-start=\"780\" data-end=\"967\"><strong>Dopasowanie do systemu Ava<\/strong><br data-start=\"806\" data-end=\"809\" \/>Model nale\u017cy do modu\u0142owego systemu Ava, co umo\u017cliwia jego \u0142atwe \u0142\u0105czenie z innymi szafkami z kolekcji i tworzenie sp\u00f3jnych, dopasowanych do potrzeb aran\u017cacji.<\/p>\n<p data-start=\"969\" data-end=\"1042\"><strong>Sp\u00f3jny design<\/strong><br data-start=\"982\" data-end=\"985\" \/>Szafka dost\u0119pna jest w trzech wariantach kolorystycznych:<\/p>\n<ul data-start=\"1043\" data-end=\"1116\">\n<li data-section-id=\"m8dmo7\" data-start=\"1043\" data-end=\"1066\">bia\u0142y \/ d\u0105b artisan<\/li>\n<li data-section-id=\"zl63ik\" data-start=\"1067\" data-end=\"1091\">be\u017cowy \/ d\u0105b artisan<\/li>\n<li data-section-id=\"wc0d95\" data-start=\"1092\" data-end=\"1116\">grafit \/ d\u0105b artisan<\/li>\n<\/ul>\n<p data-start=\"1118\" data-end=\"1276\">Po\u0142\u0105czenie dekoru d\u0119bu artisan z nowoczesnymi frontami nadaje meblowi elegancki i ponadczasowy charakter, kt\u00f3ry dobrze komponuje si\u0119 z r\u00f3\u017cnymi stylami wn\u0119trz.<\/p>\n<p data-start=\"1278\" data-end=\"1358\" data-is-last-node=\"\" data-is-only-node=\"\"><strong>Ava 30 cm \u2013 kompaktowe rozwi\u0105zanie, kt\u00f3re zwi\u0119ksza funkcjonalno\u015b\u0107 Twojej kuchni.<br \/>\n<img loading=\"lazy\" decoding=\"async\" class=\"alignnone wp-image-784248 size-full\" src=\"https:\/\/demkohome.pl\/wp-content\/uploads\/2024\/05\/Ava-Bez-rozbudowana-Biala.jpg\" alt=\"\" width=\"1200\" height=\"769\" srcset=\"https:\/\/demkohome.pl\/wp-content\/uploads\/2024\/05\/Ava-Bez-rozbudowana-Biala.jpg 1200w, https:\/\/demkohome.pl\/wp-content\/uploads\/2024\/05\/Ava-Bez-rozbudowana-Biala-300x192.jpg 300w, https:\/\/demkohome.pl\/wp-content\/uploads\/2024\/05\/Ava-Bez-rozbudowana-Biala-1024x656.jpg 1024w, https:\/\/demkohome.pl\/wp-content\/uploads\/2024\/05\/Ava-Bez-rozbudowana-Biala-768x492.jpg 768w, https:\/\/demkohome.pl\/wp-content\/uploads\/2024\/05\/Ava-Bez-rozbudowana-Biala-18x12.jpg 18w, https:\/\/demkohome.pl\/wp-content\/uploads\/2024\/05\/Ava-Bez-rozbudowana-Biala-600x385.jpg 600w\" sizes=\"auto, (max-width: 1200px) 100vw, 1200px\" \/><\/strong><\/p>\n<p>&nbsp;<\/p>\n<h4 data-start=\"680\" data-end=\"734\"><span style=\"color: #000000;\">Product Dimensions:<\/span><\/h4>\n<table class=\"o-product-features\" role=\"presentation\">\n<tbody>\n<tr class=\"m-product-attr-row\">\n<th class=\"m-product-attr-row__name\" scope=\"row\">\n<h6>Produkt po z\u0142o\u017ceniu: szeroko\u015b\u0107 (w cm)<\/h6>\n<\/th>\n<td class=\"m-product-attr-row__value\">\n<h6>30<\/h6>\n<\/td>\n<\/tr>\n<tr class=\"m-product-attr-row\">\n<th class=\"m-product-attr-row__name\" scope=\"row\">\n<h6>Produkt po z\u0142o\u017ceniu: g\u0142\u0119boko\u015b\u0107 (w cm)<\/h6>\n<\/th>\n<td class=\"m-product-attr-row__value\">\n<h6>56<\/h6>\n<\/td>\n<\/tr>\n<tr class=\"m-product-attr-row\">\n<th class=\"m-product-attr-row__name\" scope=\"row\">\n<h6>Produkt po z\u0142o\u017ceniu: wysoko\u015b\u0107 (w cm)<\/h6>\n<\/th>\n<td class=\"m-product-attr-row__value\">\n<h6>72<\/h6>\n<\/td>\n<\/tr>\n<tr class=\"m-product-attr-row\">\n<th class=\"m-product-attr-row__name\" scope=\"row\">\n<h6>Produkt w opakowaniu: waga (w kg)<\/h6>\n<\/th>\n<td class=\"m-product-attr-row__value\">\n<h6>20,5<\/h6>\n<\/td>\n<\/tr>\n<\/tbody>\n<\/table>\n<p data-start=\"1278\" data-end=\"1358\" data-is-last-node=\"\" data-is-only-node=\"\"><strong> <img loading=\"lazy\" decoding=\"async\" class=\"alignleft wp-image-795994\" src=\"https:\/\/demkohome.pl\/wp-content\/uploads\/2024\/05\/81-cm-4000-x-2048-px-35-300x154.png\" alt=\"\" width=\"1465\" height=\"750\" srcset=\"https:\/\/demkohome.pl\/wp-content\/uploads\/2024\/05\/81-cm-4000-x-2048-px-35-300x154.png 300w, https:\/\/demkohome.pl\/wp-content\/uploads\/2024\/05\/81-cm-4000-x-2048-px-35-1024x524.png 1024w, https:\/\/demkohome.pl\/wp-content\/uploads\/2024\/05\/81-cm-4000-x-2048-px-35-768x393.png 768w, https:\/\/demkohome.pl\/wp-content\/uploads\/2024\/05\/81-cm-4000-x-2048-px-35-1536x786.png 1536w, https:\/\/demkohome.pl\/wp-content\/uploads\/2024\/05\/81-cm-4000-x-2048-px-35-2048x1049.png 2048w, https:\/\/demkohome.pl\/wp-content\/uploads\/2024\/05\/81-cm-4000-x-2048-px-35-18x9.png 18w, https:\/\/demkohome.pl\/wp-content\/uploads\/2024\/05\/81-cm-4000-x-2048-px-35-600x307.png 600w\" sizes=\"auto, (max-width: 1465px) 100vw, 1465px\" \/><\/strong><\/p>\n<\/div>","protected":false},"excerpt":{"rendered":"<p>Szafka kuchenna stoj\u0105ca 30 cm Ava to funkcjonalny i uniwersalny element zabudowy, kt\u00f3ry doskonale sprawdzi si\u0119 w ka\u017cdej kuchni. Dzi\u0119ki (&#8230;)<\/p>","protected":false},"featured_media":10940,"comment_status":"open","ping_status":"closed","template":"","meta":{"_acf_changed":false,"inline_featured_image":false},"product_brand":[],"product_cat":[117,140,65,137,139,106,107],"product_tag":[],"class_list":{"0":"post-1327","1":"product","2":"type-product","3":"status-publish","4":"has-post-thumbnail","6":"product_cat-ava","7":"product_cat-kuchnia","8":"product_cat-meble-kuchenne","9":"product_cat-meble-systemowe","10":"product_cat-pomieszczenia","11":"product_cat-szafki-kuchenne","12":"product_cat-szafki-kuchenne-stojace","13":"product_shipping_class-przesylka-dpd-15-pln","14":"collection-ava","16":"first","17":"instock","18":"shipping-taxable","19":"purchasable","20":"product-type-variable","21":"has-default-attributes"},"acf":[],"yoast_head":"<!-- This site is optimized with the Yoast SEO plugin v27.6 - https:\/\/yoast.com\/product\/yoast-seo-wordpress\/ -->\n<title>Szafka kuchenna stoj\u0105ca 30 cm Ava - Demko Home<\/title>\n<meta name=\"robots\" content=\"index, follow, max-snippet:-1, max-image-preview:large, max-video-preview:-1\" \/>\n<link rel=\"canonical\" href=\"https:\/\/demkohome.pl\/en\/product\/szafka-kuchenna-dolna-30-cm-ava\/\" \/>\n<meta property=\"og:locale\" content=\"en_US\" \/>\n<meta property=\"og:type\" content=\"article\" \/>\n<meta property=\"og:title\" content=\"Szafka kuchenna stoj\u0105ca 30 cm Ava - Demko Home\" \/>\n<meta property=\"og:description\" content=\"Szafka kuchenna stoj\u0105ca 30 cm Ava to funkcjonalny i uniwersalny element zabudowy, kt\u00f3ry doskonale sprawdzi si\u0119 w ka\u017cdej kuchni. Dzi\u0119ki (...)\" \/>\n<meta property=\"og:url\" content=\"https:\/\/demkohome.pl\/en\/product\/szafka-kuchenna-dolna-30-cm-ava\/\" \/>\n<meta property=\"og:site_name\" content=\"Demko Home\" \/>\n<meta property=\"article:modified_time\" content=\"2026-05-16T19:28:02+00:00\" \/>\n<meta property=\"og:image\" content=\"https:\/\/demkohome.pl\/wp-content\/uploads\/2023\/08\/Szafka-kuchenna-stojaca-30-cm-Ava-Bialy-Dab-Artisan-Meble-Okmed-Demko-Home.jpg\" \/>\n\t<meta property=\"og:image:width\" content=\"1024\" \/>\n\t<meta property=\"og:image:height\" content=\"1024\" \/>\n\t<meta property=\"og:image:type\" content=\"image\/jpeg\" \/>\n<meta name=\"twitter:card\" content=\"summary_large_image\" \/>\n<meta name=\"twitter:label1\" content=\"Est. reading time\" \/>\n\t<meta name=\"twitter:data1\" content=\"3 minutes\" \/>\n<script type=\"application\/ld+json\" class=\"yoast-schema-graph\">{\"@context\":\"https:\\\/\\\/schema.org\",\"@graph\":[{\"@type\":\"WebPage\",\"@id\":\"https:\\\/\\\/demkohome.pl\\\/produkt\\\/szafka-kuchenna-dolna-30-cm-ava\\\/\",\"url\":\"https:\\\/\\\/demkohome.pl\\\/produkt\\\/szafka-kuchenna-dolna-30-cm-ava\\\/\",\"name\":\"Szafka kuchenna stoj\u0105ca 30 cm Ava - Demko Home\",\"isPartOf\":{\"@id\":\"https:\\\/\\\/demkohome.pl\\\/#website\"},\"primaryImageOfPage\":{\"@id\":\"https:\\\/\\\/demkohome.pl\\\/produkt\\\/szafka-kuchenna-dolna-30-cm-ava\\\/#primaryimage\"},\"image\":{\"@id\":\"https:\\\/\\\/demkohome.pl\\\/produkt\\\/szafka-kuchenna-dolna-30-cm-ava\\\/#primaryimage\"},\"thumbnailUrl\":\"https:\\\/\\\/demkohome.pl\\\/wp-content\\\/uploads\\\/2023\\\/08\\\/Szafka-kuchenna-stojaca-30-cm-Ava-Bialy-Dab-Artisan-Meble-Okmed-Demko-Home.jpg\",\"datePublished\":\"2024-05-17T10:58:02+00:00\",\"dateModified\":\"2026-05-16T19:28:02+00:00\",\"breadcrumb\":{\"@id\":\"https:\\\/\\\/demkohome.pl\\\/produkt\\\/szafka-kuchenna-dolna-30-cm-ava\\\/#breadcrumb\"},\"inLanguage\":\"en-US\",\"potentialAction\":[{\"@type\":\"ReadAction\",\"target\":[\"https:\\\/\\\/demkohome.pl\\\/produkt\\\/szafka-kuchenna-dolna-30-cm-ava\\\/\"]}]},{\"@type\":\"ImageObject\",\"inLanguage\":\"en-US\",\"@id\":\"https:\\\/\\\/demkohome.pl\\\/produkt\\\/szafka-kuchenna-dolna-30-cm-ava\\\/#primaryimage\",\"url\":\"https:\\\/\\\/demkohome.pl\\\/wp-content\\\/uploads\\\/2023\\\/08\\\/Szafka-kuchenna-stojaca-30-cm-Ava-Bialy-Dab-Artisan-Meble-Okmed-Demko-Home.jpg\",\"contentUrl\":\"https:\\\/\\\/demkohome.pl\\\/wp-content\\\/uploads\\\/2023\\\/08\\\/Szafka-kuchenna-stojaca-30-cm-Ava-Bialy-Dab-Artisan-Meble-Okmed-Demko-Home.jpg\",\"width\":1024,\"height\":1024,\"caption\":\"Szafka kuchenna stoj\u0105ca 30 cm Ava Bia\u0142y D\u0105b Artisan Meble Okmed Demko Home\"},{\"@type\":\"BreadcrumbList\",\"@id\":\"https:\\\/\\\/demkohome.pl\\\/produkt\\\/szafka-kuchenna-dolna-30-cm-ava\\\/#breadcrumb\",\"itemListElement\":[{\"@type\":\"ListItem\",\"position\":1,\"name\":\"Strona g\u0142\u00f3wna\",\"item\":\"https:\\\/\\\/demkohome.pl\\\/\"},{\"@type\":\"ListItem\",\"position\":2,\"name\":\"Sklep\",\"item\":\"https:\\\/\\\/demkohome.pl\\\/sklep\\\/\"},{\"@type\":\"ListItem\",\"position\":3,\"name\":\"Szafka kuchenna stoj\u0105ca 30 cm Ava\"}]},{\"@type\":\"WebSite\",\"@id\":\"https:\\\/\\\/demkohome.pl\\\/#website\",\"url\":\"https:\\\/\\\/demkohome.pl\\\/\",\"name\":\"Demko Home\",\"description\":\"Make it simple\",\"publisher\":{\"@id\":\"https:\\\/\\\/demkohome.pl\\\/#organization\"},\"potentialAction\":[{\"@type\":\"SearchAction\",\"target\":{\"@type\":\"EntryPoint\",\"urlTemplate\":\"https:\\\/\\\/demkohome.pl\\\/?s={search_term_string}\"},\"query-input\":{\"@type\":\"PropertyValueSpecification\",\"valueRequired\":true,\"valueName\":\"search_term_string\"}}],\"inLanguage\":\"en-US\"},{\"@type\":\"Organization\",\"@id\":\"https:\\\/\\\/demkohome.pl\\\/#organization\",\"name\":\"Demko Home\",\"url\":\"https:\\\/\\\/demkohome.pl\\\/\",\"logo\":{\"@type\":\"ImageObject\",\"inLanguage\":\"en-US\",\"@id\":\"https:\\\/\\\/demkohome.pl\\\/#\\\/schema\\\/logo\\\/image\\\/\",\"url\":\"https:\\\/\\\/demkohome.pl\\\/wp-content\\\/uploads\\\/2026\\\/03\\\/cropped-3.png\",\"contentUrl\":\"https:\\\/\\\/demkohome.pl\\\/wp-content\\\/uploads\\\/2026\\\/03\\\/cropped-3.png\",\"width\":250,\"height\":63,\"caption\":\"Demko Home\"},\"image\":{\"@id\":\"https:\\\/\\\/demkohome.pl\\\/#\\\/schema\\\/logo\\\/image\\\/\"}}]}<\/script>\n<!-- \/ Yoast SEO plugin. -->","yoast_head_json":{"title":"Szafka kuchenna stoj\u0105ca 30 cm Ava - Demko Home","robots":{"index":"index","follow":"follow","max-snippet":"max-snippet:-1","max-image-preview":"max-image-preview:large","max-video-preview":"max-video-preview:-1"},"canonical":"https:\/\/demkohome.pl\/en\/product\/szafka-kuchenna-dolna-30-cm-ava\/","og_locale":"en_US","og_type":"article","og_title":"Szafka kuchenna stoj\u0105ca 30 cm Ava - Demko Home","og_description":"Szafka kuchenna stoj\u0105ca 30 cm Ava to funkcjonalny i uniwersalny element zabudowy, kt\u00f3ry doskonale sprawdzi si\u0119 w ka\u017cdej kuchni. Dzi\u0119ki (...)","og_url":"https:\/\/demkohome.pl\/en\/product\/szafka-kuchenna-dolna-30-cm-ava\/","og_site_name":"Demko Home","article_modified_time":"2026-05-16T19:28:02+00:00","og_image":[{"width":1024,"height":1024,"url":"https:\/\/demkohome.pl\/wp-content\/uploads\/2023\/08\/Szafka-kuchenna-stojaca-30-cm-Ava-Bialy-Dab-Artisan-Meble-Okmed-Demko-Home.jpg","type":"image\/jpeg"}],"twitter_card":"summary_large_image","twitter_misc":{"Est. reading time":"3 minutes"},"schema":{"@context":"https:\/\/schema.org","@graph":[{"@type":"WebPage","@id":"https:\/\/demkohome.pl\/produkt\/szafka-kuchenna-dolna-30-cm-ava\/","url":"https:\/\/demkohome.pl\/produkt\/szafka-kuchenna-dolna-30-cm-ava\/","name":"Szafka kuchenna stoj\u0105ca 30 cm Ava - Demko Home","isPartOf":{"@id":"https:\/\/demkohome.pl\/#website"},"primaryImageOfPage":{"@id":"https:\/\/demkohome.pl\/produkt\/szafka-kuchenna-dolna-30-cm-ava\/#primaryimage"},"image":{"@id":"https:\/\/demkohome.pl\/produkt\/szafka-kuchenna-dolna-30-cm-ava\/#primaryimage"},"thumbnailUrl":"https:\/\/demkohome.pl\/wp-content\/uploads\/2023\/08\/Szafka-kuchenna-stojaca-30-cm-Ava-Bialy-Dab-Artisan-Meble-Okmed-Demko-Home.jpg","datePublished":"2024-05-17T10:58:02+00:00","dateModified":"2026-05-16T19:28:02+00:00","breadcrumb":{"@id":"https:\/\/demkohome.pl\/produkt\/szafka-kuchenna-dolna-30-cm-ava\/#breadcrumb"},"inLanguage":"en-US","potentialAction":[{"@type":"ReadAction","target":["https:\/\/demkohome.pl\/produkt\/szafka-kuchenna-dolna-30-cm-ava\/"]}]},{"@type":"ImageObject","inLanguage":"en-US","@id":"https:\/\/demkohome.pl\/produkt\/szafka-kuchenna-dolna-30-cm-ava\/#primaryimage","url":"https:\/\/demkohome.pl\/wp-content\/uploads\/2023\/08\/Szafka-kuchenna-stojaca-30-cm-Ava-Bialy-Dab-Artisan-Meble-Okmed-Demko-Home.jpg","contentUrl":"https:\/\/demkohome.pl\/wp-content\/uploads\/2023\/08\/Szafka-kuchenna-stojaca-30-cm-Ava-Bialy-Dab-Artisan-Meble-Okmed-Demko-Home.jpg","width":1024,"height":1024,"caption":"Szafka kuchenna stoj\u0105ca 30 cm Ava Bia\u0142y D\u0105b Artisan Meble Okmed Demko Home"},{"@type":"BreadcrumbList","@id":"https:\/\/demkohome.pl\/produkt\/szafka-kuchenna-dolna-30-cm-ava\/#breadcrumb","itemListElement":[{"@type":"ListItem","position":1,"name":"Strona g\u0142\u00f3wna","item":"https:\/\/demkohome.pl\/"},{"@type":"ListItem","position":2,"name":"Sklep","item":"https:\/\/demkohome.pl\/sklep\/"},{"@type":"ListItem","position":3,"name":"Szafka kuchenna stoj\u0105ca 30 cm Ava"}]},{"@type":"WebSite","@id":"https:\/\/demkohome.pl\/#website","url":"https:\/\/demkohome.pl\/","name":"Demko Home","description":"Make it simple","publisher":{"@id":"https:\/\/demkohome.pl\/#organization"},"potentialAction":[{"@type":"SearchAction","target":{"@type":"EntryPoint","urlTemplate":"https:\/\/demkohome.pl\/?s={search_term_string}"},"query-input":{"@type":"PropertyValueSpecification","valueRequired":true,"valueName":"search_term_string"}}],"inLanguage":"en-US"},{"@type":"Organization","@id":"https:\/\/demkohome.pl\/#organization","name":"Demko Home","url":"https:\/\/demkohome.pl\/","logo":{"@type":"ImageObject","inLanguage":"en-US","@id":"https:\/\/demkohome.pl\/#\/schema\/logo\/image\/","url":"https:\/\/demkohome.pl\/wp-content\/uploads\/2026\/03\/cropped-3.png","contentUrl":"https:\/\/demkohome.pl\/wp-content\/uploads\/2026\/03\/cropped-3.png","width":250,"height":63,"caption":"Demko Home"},"image":{"@id":"https:\/\/demkohome.pl\/#\/schema\/logo\/image\/"}}]}},"_links":{"self":[{"href":"https:\/\/demkohome.pl\/en\/wp-json\/wp\/v2\/product\/1327","targetHints":{"allow":["GET"]}}],"collection":[{"href":"https:\/\/demkohome.pl\/en\/wp-json\/wp\/v2\/product"}],"about":[{"href":"https:\/\/demkohome.pl\/en\/wp-json\/wp\/v2\/types\/product"}],"replies":[{"embeddable":true,"href":"https:\/\/demkohome.pl\/en\/wp-json\/wp\/v2\/comments?post=1327"}],"wp:featuredmedia":[{"embeddable":true,"href":"https:\/\/demkohome.pl\/en\/wp-json\/wp\/v2\/media\/10940"}],"wp:attachment":[{"href":"https:\/\/demkohome.pl\/en\/wp-json\/wp\/v2\/media?parent=1327"}],"wp:term":[{"taxonomy":"product_brand","embeddable":true,"href":"https:\/\/demkohome.pl\/en\/wp-json\/wp\/v2\/product_brand?post=1327"},{"taxonomy":"product_cat","embeddable":true,"href":"https:\/\/demkohome.pl\/en\/wp-json\/wp\/v2\/product_cat?post=1327"},{"taxonomy":"product_tag","embeddable":true,"href":"https:\/\/demkohome.pl\/en\/wp-json\/wp\/v2\/product_tag?post=1327"}],"curies":[{"name":"wp","href":"https:\/\/api.w.org\/{rel}","templated":true}]}}