{"id":136350,"date":"2025-08-11T13:38:57","date_gmt":"2025-08-11T11:38:57","guid":{"rendered":"https:\/\/demkohome.pl\/?post_type=product&#038;p=136350"},"modified":"2026-04-18T03:16:47","modified_gmt":"2026-04-18T01:16:47","slug":"zestaw-kuchenny-abril","status":"publish","type":"product","link":"https:\/\/demkohome.pl\/en\/product\/zestaw-kuchenny-abril\/","title":{"rendered":"Abril kitchen set"},"content":{"rendered":"<p data-start=\"0\" data-end=\"475\">Abril kitchen is a modern set of kitchen furniture that combines functionality with a distinctive, elegant style. Its compact layout is perfect for smaller spaces, offering thoughtful arrangement of cabinets and convenient organization of daily use. Dominant in the arrangement fronts in a warm shade of brown, with subtle grain, give the interior a cozy and elegant character, while fitting in with the current trends of modern design.<\/p>\n<p data-start=\"477\" data-end=\"940\">The upper and lower cabinets provide plenty of storage space, allowing you to stay organized and conveniently access essential items. Their smooth surface combined with simple black handles emphasizes the minimalist form of the set, creating a cohesive and stylish whole. The dark worktop contrasts with the lighter fronts, which gives the kitchen depth and elegance, while perfectly matching the neutral, timeless color scheme of the interior.<\/p>\n<p data-start=\"942\" data-end=\"1263\" data-is-last-node=\"\" data-is-only-node=\"\">The Abril set was designed to maximize the use of available space, while maintaining aesthetics and convenience for everyday use. It is the perfect solution for those looking for a practical, stylish kitchen that will work well in both modern and more classic interior designs.<\/p>","protected":false},"excerpt":{"rendered":"<p>Kuchnia Abril to nowoczesny zestaw mebli kuchennych, kt\u00f3ry \u0142\u0105czy funkcjonalno\u015b\u0107 z wyrazistym, eleganckim stylem. Jej kompaktowy uk\u0142ad doskonale sprawdza si\u0119 (&#8230;)<\/p>","protected":false},"featured_media":136351,"comment_status":"open","ping_status":"closed","template":"","meta":{"_acf_changed":false,"inline_featured_image":false},"product_brand":[],"product_cat":[302,140,300,65,301,110],"product_tag":[],"class_list":{"0":"post-136350","1":"product","2":"type-product","3":"status-publish","4":"has-post-thumbnail","6":"product_cat-kuchnia-pomieszczenia","7":"product_cat-kuchnia","8":"product_cat-meble-kuchenne-meble","9":"product_cat-meble-kuchenne","10":"product_cat-zestawy-mebli-kuchennych-meble-kuchenne-meble","11":"product_cat-zestawy-mebli-kuchennych","12":"product_shipping_class-paleta-120cmx80cm","13":"collection-abril","15":"first","16":"instock","17":"shipping-taxable","18":"purchasable","19":"product-type-simple"},"acf":[],"yoast_head":"<!-- This site is optimized with the Yoast SEO plugin v27.4 - https:\/\/yoast.com\/product\/yoast-seo-wordpress\/ -->\n<title>Zestaw kuchenny Abril - Demko Home<\/title>\n<meta name=\"description\" content=\"Kuchnia Abril to nowoczesna, kompaktowa przestrze\u0144 zaprojektowana z my\u015bl\u0105 o funkcjonalno\u015bci, estetyce i maksymalnym wykorzystaniu dost\u0119pnego miejsca.\" \/>\n<meta name=\"robots\" content=\"index, follow, max-snippet:-1, max-image-preview:large, max-video-preview:-1\" \/>\n<link rel=\"canonical\" href=\"https:\/\/demkohome.pl\/en\/product\/zestaw-kuchenny-abril\/\" \/>\n<meta property=\"og:locale\" content=\"en_US\" \/>\n<meta property=\"og:type\" content=\"article\" \/>\n<meta property=\"og:title\" content=\"Zestaw kuchenny Abril - Demko Home\" \/>\n<meta property=\"og:description\" content=\"Kuchnia Abril to nowoczesna, kompaktowa przestrze\u0144 zaprojektowana z my\u015bl\u0105 o funkcjonalno\u015bci, estetyce i maksymalnym wykorzystaniu dost\u0119pnego miejsca.\" \/>\n<meta property=\"og:url\" content=\"https:\/\/demkohome.pl\/en\/product\/zestaw-kuchenny-abril\/\" \/>\n<meta property=\"og:site_name\" content=\"Demko Home\" \/>\n<meta property=\"article:modified_time\" content=\"2026-04-18T01:16:47+00:00\" \/>\n<meta property=\"og:image\" content=\"https:\/\/demkohome.pl\/wp-content\/uploads\/2025\/08\/ABRIL-orzech-180_57-scaled.jpg\" \/>\n\t<meta property=\"og:image:width\" content=\"2560\" \/>\n\t<meta property=\"og:image:height\" content=\"1882\" \/>\n\t<meta property=\"og:image:type\" content=\"image\/jpeg\" \/>\n<meta name=\"twitter:card\" content=\"summary_large_image\" \/>\n<meta name=\"twitter:label1\" content=\"Est. reading time\" \/>\n\t<meta name=\"twitter:data1\" content=\"2 minutes\" \/>\n<script type=\"application\/ld+json\" class=\"yoast-schema-graph\">{\"@context\":\"https:\\\/\\\/schema.org\",\"@graph\":[{\"@type\":\"WebPage\",\"@id\":\"https:\\\/\\\/demkohome.pl\\\/produkt\\\/zestaw-kuchenny-abril\\\/\",\"url\":\"https:\\\/\\\/demkohome.pl\\\/produkt\\\/zestaw-kuchenny-abril\\\/\",\"name\":\"Zestaw kuchenny Abril - Demko Home\",\"isPartOf\":{\"@id\":\"https:\\\/\\\/demkohome.pl\\\/#website\"},\"primaryImageOfPage\":{\"@id\":\"https:\\\/\\\/demkohome.pl\\\/produkt\\\/zestaw-kuchenny-abril\\\/#primaryimage\"},\"image\":{\"@id\":\"https:\\\/\\\/demkohome.pl\\\/produkt\\\/zestaw-kuchenny-abril\\\/#primaryimage\"},\"thumbnailUrl\":\"https:\\\/\\\/demkohome.pl\\\/wp-content\\\/uploads\\\/2025\\\/08\\\/ABRIL-orzech-180_57-scaled.jpg\",\"datePublished\":\"2025-08-11T11:38:57+00:00\",\"dateModified\":\"2026-04-18T01:16:47+00:00\",\"description\":\"Kuchnia Abril to nowoczesna, kompaktowa przestrze\u0144 zaprojektowana z my\u015bl\u0105 o funkcjonalno\u015bci, estetyce i maksymalnym wykorzystaniu dost\u0119pnego miejsca.\",\"breadcrumb\":{\"@id\":\"https:\\\/\\\/demkohome.pl\\\/produkt\\\/zestaw-kuchenny-abril\\\/#breadcrumb\"},\"inLanguage\":\"en-US\",\"potentialAction\":[{\"@type\":\"ReadAction\",\"target\":[\"https:\\\/\\\/demkohome.pl\\\/produkt\\\/zestaw-kuchenny-abril\\\/\"]}]},{\"@type\":\"ImageObject\",\"inLanguage\":\"en-US\",\"@id\":\"https:\\\/\\\/demkohome.pl\\\/produkt\\\/zestaw-kuchenny-abril\\\/#primaryimage\",\"url\":\"https:\\\/\\\/demkohome.pl\\\/wp-content\\\/uploads\\\/2025\\\/08\\\/ABRIL-orzech-180_57-scaled.jpg\",\"contentUrl\":\"https:\\\/\\\/demkohome.pl\\\/wp-content\\\/uploads\\\/2025\\\/08\\\/ABRIL-orzech-180_57-scaled.jpg\",\"width\":2560,\"height\":1882,\"caption\":\"Zestaw mebli kuchennych Abril w dekorze orzech Demko Home\"},{\"@type\":\"BreadcrumbList\",\"@id\":\"https:\\\/\\\/demkohome.pl\\\/produkt\\\/zestaw-kuchenny-abril\\\/#breadcrumb\",\"itemListElement\":[{\"@type\":\"ListItem\",\"position\":1,\"name\":\"Strona g\u0142\u00f3wna\",\"item\":\"https:\\\/\\\/demkohome.pl\\\/\"},{\"@type\":\"ListItem\",\"position\":2,\"name\":\"Sklep\",\"item\":\"https:\\\/\\\/demkohome.pl\\\/sklep\\\/\"},{\"@type\":\"ListItem\",\"position\":3,\"name\":\"Zestaw kuchenny Abril\"}]},{\"@type\":\"WebSite\",\"@id\":\"https:\\\/\\\/demkohome.pl\\\/#website\",\"url\":\"https:\\\/\\\/demkohome.pl\\\/\",\"name\":\"Demko Home\",\"description\":\"Make it simple\",\"publisher\":{\"@id\":\"https:\\\/\\\/demkohome.pl\\\/#organization\"},\"potentialAction\":[{\"@type\":\"SearchAction\",\"target\":{\"@type\":\"EntryPoint\",\"urlTemplate\":\"https:\\\/\\\/demkohome.pl\\\/?s={search_term_string}\"},\"query-input\":{\"@type\":\"PropertyValueSpecification\",\"valueRequired\":true,\"valueName\":\"search_term_string\"}}],\"inLanguage\":\"en-US\"},{\"@type\":\"Organization\",\"@id\":\"https:\\\/\\\/demkohome.pl\\\/#organization\",\"name\":\"Demko Home\",\"url\":\"https:\\\/\\\/demkohome.pl\\\/\",\"logo\":{\"@type\":\"ImageObject\",\"inLanguage\":\"en-US\",\"@id\":\"https:\\\/\\\/demkohome.pl\\\/#\\\/schema\\\/logo\\\/image\\\/\",\"url\":\"https:\\\/\\\/demkohome.pl\\\/wp-content\\\/uploads\\\/2026\\\/03\\\/cropped-3.png\",\"contentUrl\":\"https:\\\/\\\/demkohome.pl\\\/wp-content\\\/uploads\\\/2026\\\/03\\\/cropped-3.png\",\"width\":250,\"height\":63,\"caption\":\"Demko Home\"},\"image\":{\"@id\":\"https:\\\/\\\/demkohome.pl\\\/#\\\/schema\\\/logo\\\/image\\\/\"}}]}<\/script>\n<!-- \/ Yoast SEO plugin. -->","yoast_head_json":{"title":"Zestaw kuchenny Abril - Demko Home","description":"Kuchnia Abril to nowoczesna, kompaktowa przestrze\u0144 zaprojektowana z my\u015bl\u0105 o funkcjonalno\u015bci, estetyce i maksymalnym wykorzystaniu dost\u0119pnego miejsca.","robots":{"index":"index","follow":"follow","max-snippet":"max-snippet:-1","max-image-preview":"max-image-preview:large","max-video-preview":"max-video-preview:-1"},"canonical":"https:\/\/demkohome.pl\/en\/product\/zestaw-kuchenny-abril\/","og_locale":"en_US","og_type":"article","og_title":"Zestaw kuchenny Abril - Demko Home","og_description":"Kuchnia Abril to nowoczesna, kompaktowa przestrze\u0144 zaprojektowana z my\u015bl\u0105 o funkcjonalno\u015bci, estetyce i maksymalnym wykorzystaniu dost\u0119pnego miejsca.","og_url":"https:\/\/demkohome.pl\/en\/product\/zestaw-kuchenny-abril\/","og_site_name":"Demko Home","article_modified_time":"2026-04-18T01:16:47+00:00","og_image":[{"width":2560,"height":1882,"url":"https:\/\/demkohome.pl\/wp-content\/uploads\/2025\/08\/ABRIL-orzech-180_57-scaled.jpg","type":"image\/jpeg"}],"twitter_card":"summary_large_image","twitter_misc":{"Est. reading time":"2 minutes"},"schema":{"@context":"https:\/\/schema.org","@graph":[{"@type":"WebPage","@id":"https:\/\/demkohome.pl\/produkt\/zestaw-kuchenny-abril\/","url":"https:\/\/demkohome.pl\/produkt\/zestaw-kuchenny-abril\/","name":"Zestaw kuchenny Abril - Demko Home","isPartOf":{"@id":"https:\/\/demkohome.pl\/#website"},"primaryImageOfPage":{"@id":"https:\/\/demkohome.pl\/produkt\/zestaw-kuchenny-abril\/#primaryimage"},"image":{"@id":"https:\/\/demkohome.pl\/produkt\/zestaw-kuchenny-abril\/#primaryimage"},"thumbnailUrl":"https:\/\/demkohome.pl\/wp-content\/uploads\/2025\/08\/ABRIL-orzech-180_57-scaled.jpg","datePublished":"2025-08-11T11:38:57+00:00","dateModified":"2026-04-18T01:16:47+00:00","description":"Kuchnia Abril to nowoczesna, kompaktowa przestrze\u0144 zaprojektowana z my\u015bl\u0105 o funkcjonalno\u015bci, estetyce i maksymalnym wykorzystaniu dost\u0119pnego miejsca.","breadcrumb":{"@id":"https:\/\/demkohome.pl\/produkt\/zestaw-kuchenny-abril\/#breadcrumb"},"inLanguage":"en-US","potentialAction":[{"@type":"ReadAction","target":["https:\/\/demkohome.pl\/produkt\/zestaw-kuchenny-abril\/"]}]},{"@type":"ImageObject","inLanguage":"en-US","@id":"https:\/\/demkohome.pl\/produkt\/zestaw-kuchenny-abril\/#primaryimage","url":"https:\/\/demkohome.pl\/wp-content\/uploads\/2025\/08\/ABRIL-orzech-180_57-scaled.jpg","contentUrl":"https:\/\/demkohome.pl\/wp-content\/uploads\/2025\/08\/ABRIL-orzech-180_57-scaled.jpg","width":2560,"height":1882,"caption":"Zestaw mebli kuchennych Abril w dekorze orzech Demko Home"},{"@type":"BreadcrumbList","@id":"https:\/\/demkohome.pl\/produkt\/zestaw-kuchenny-abril\/#breadcrumb","itemListElement":[{"@type":"ListItem","position":1,"name":"Strona g\u0142\u00f3wna","item":"https:\/\/demkohome.pl\/"},{"@type":"ListItem","position":2,"name":"Sklep","item":"https:\/\/demkohome.pl\/sklep\/"},{"@type":"ListItem","position":3,"name":"Zestaw kuchenny Abril"}]},{"@type":"WebSite","@id":"https:\/\/demkohome.pl\/#website","url":"https:\/\/demkohome.pl\/","name":"Demko Home","description":"Make it simple","publisher":{"@id":"https:\/\/demkohome.pl\/#organization"},"potentialAction":[{"@type":"SearchAction","target":{"@type":"EntryPoint","urlTemplate":"https:\/\/demkohome.pl\/?s={search_term_string}"},"query-input":{"@type":"PropertyValueSpecification","valueRequired":true,"valueName":"search_term_string"}}],"inLanguage":"en-US"},{"@type":"Organization","@id":"https:\/\/demkohome.pl\/#organization","name":"Demko Home","url":"https:\/\/demkohome.pl\/","logo":{"@type":"ImageObject","inLanguage":"en-US","@id":"https:\/\/demkohome.pl\/#\/schema\/logo\/image\/","url":"https:\/\/demkohome.pl\/wp-content\/uploads\/2026\/03\/cropped-3.png","contentUrl":"https:\/\/demkohome.pl\/wp-content\/uploads\/2026\/03\/cropped-3.png","width":250,"height":63,"caption":"Demko Home"},"image":{"@id":"https:\/\/demkohome.pl\/#\/schema\/logo\/image\/"}}]}},"_links":{"self":[{"href":"https:\/\/demkohome.pl\/en\/wp-json\/wp\/v2\/product\/136350","targetHints":{"allow":["GET"]}}],"collection":[{"href":"https:\/\/demkohome.pl\/en\/wp-json\/wp\/v2\/product"}],"about":[{"href":"https:\/\/demkohome.pl\/en\/wp-json\/wp\/v2\/types\/product"}],"replies":[{"embeddable":true,"href":"https:\/\/demkohome.pl\/en\/wp-json\/wp\/v2\/comments?post=136350"}],"wp:featuredmedia":[{"embeddable":true,"href":"https:\/\/demkohome.pl\/en\/wp-json\/wp\/v2\/media\/136351"}],"wp:attachment":[{"href":"https:\/\/demkohome.pl\/en\/wp-json\/wp\/v2\/media?parent=136350"}],"wp:term":[{"taxonomy":"product_brand","embeddable":true,"href":"https:\/\/demkohome.pl\/en\/wp-json\/wp\/v2\/product_brand?post=136350"},{"taxonomy":"product_cat","embeddable":true,"href":"https:\/\/demkohome.pl\/en\/wp-json\/wp\/v2\/product_cat?post=136350"},{"taxonomy":"product_tag","embeddable":true,"href":"https:\/\/demkohome.pl\/en\/wp-json\/wp\/v2\/product_tag?post=136350"}],"curies":[{"name":"wp","href":"https:\/\/api.w.org\/{rel}","templated":true}]}}