{"id":136383,"date":"2025-08-11T15:40:44","date_gmt":"2025-08-11T13:40:44","guid":{"rendered":"https:\/\/demkohome.pl\/?post_type=product&#038;p=136383"},"modified":"2026-04-14T21:22:00","modified_gmt":"2026-04-14T19:22:00","slug":"zestaw-kuchenny-frida","status":"publish","type":"product","link":"https:\/\/demkohome.pl\/en\/product\/zestaw-kuchenny-frida\/","title":{"rendered":"Frida kitchen set"},"content":{"rendered":"<p data-start=\"0\" data-end=\"476\">Frida kitchen is an elegant and modern set of kitchen furniture, designed for maximum functionality and aesthetics to match contemporary interiors. Its timeless design is based on simple, geometric forms and smooth fronts, which - depending on the color version - come in a matte or gloss finish. As a result, Frida allows you to create an arrangement perfectly suited to your individual tastes and interior style.<\/p>\n<p data-start=\"478\" data-end=\"836\">The set is available in three color options: solid graphite, pure white and a modern combination of white and graphite. Each version is distinguished by a minimalist aesthetic, highlighted by black handles, which give the kitchen a subtly industrial character and go well with a variety of accessories and finishing materials.<\/p>\n<p data-start=\"838\" data-end=\"1214\">The layout of the Frida kitchen has been carefully thought out - it offers capacious lower and upper cabinets, which allow for functional organization of storage space. Simple design and neutral colors make the set suitable for both smaller kitchens and more spacious rooms, maintaining stylistic consistency and visual order.<\/p>\n<p data-start=\"1216\" data-end=\"1473\" data-is-last-node=\"\" data-is-only-node=\"\">This is a proposal for those who value modernity, simplicity and the ability to flexibly adapt the kitchen to their design needs. Frida kitchen combines aesthetics with practicality, offering a stylish base for creating a comfortable and functional interior.<\/p>","protected":false},"excerpt":{"rendered":"<p>Kuchnia Frida to elegancki i nowoczesny zestaw mebli kuchennych, zaprojektowany z my\u015bl\u0105 o maksymalnej funkcjonalno\u015bci oraz estetyce dopasowanej do wsp\u00f3\u0142czesnych (&#8230;)<\/p>","protected":false},"featured_media":136384,"comment_status":"open","ping_status":"closed","template":"","meta":{"_acf_changed":false,"inline_featured_image":false},"product_brand":[],"product_cat":[318,297,65,110],"product_tag":[],"class_list":{"0":"post-136383","1":"product","2":"type-product","3":"status-publish","4":"has-post-thumbnail","6":"product_cat-frida","7":"product_cat-kolekcje","8":"product_cat-meble-kuchenne","9":"product_cat-zestawy-mebli-kuchennych","10":"product_shipping_class-paleta-120cmx80cm","11":"collection-frida","13":"first","14":"instock","15":"shipping-taxable","16":"purchasable","17":"product-type-variable"},"acf":[],"yoast_head":"<!-- This site is optimized with the Yoast SEO plugin v27.4 - https:\/\/yoast.com\/product\/yoast-seo-wordpress\/ -->\n<title>Zestaw kuchenny Frida - Demko Home<\/title>\n<meta name=\"description\" content=\"Kuchnia Frida to elegancki i nowoczesny zestaw meb\" \/>\n<meta name=\"robots\" content=\"index, follow, max-snippet:-1, max-image-preview:large, max-video-preview:-1\" \/>\n<link rel=\"canonical\" href=\"https:\/\/demkohome.pl\/en\/product\/zestaw-kuchenny-frida\/\" \/>\n<meta property=\"og:locale\" content=\"en_US\" \/>\n<meta property=\"og:type\" content=\"article\" \/>\n<meta property=\"og:title\" content=\"Zestaw kuchenny Frida - Demko Home\" \/>\n<meta property=\"og:description\" content=\"Kuchnia Frida to elegancki i nowoczesny zestaw meb\" \/>\n<meta property=\"og:url\" content=\"https:\/\/demkohome.pl\/en\/product\/zestaw-kuchenny-frida\/\" \/>\n<meta property=\"og:site_name\" content=\"Demko Home\" \/>\n<meta property=\"article:modified_time\" content=\"2026-04-14T19:22:00+00:00\" \/>\n<meta property=\"og:image\" content=\"https:\/\/demkohome.pl\/wp-content\/uploads\/2025\/08\/Segment-kuch.-FRIDA-22072-Grafit_AkrylBialy_SmFSC-1024x683.jpg\" \/>\n\t<meta property=\"og:image:width\" content=\"1024\" \/>\n\t<meta property=\"og:image:height\" content=\"683\" \/>\n\t<meta property=\"og:image:type\" content=\"image\/jpeg\" \/>\n<meta name=\"twitter:card\" content=\"summary_large_image\" \/>\n<meta name=\"twitter:label1\" content=\"Est. reading time\" \/>\n\t<meta name=\"twitter:data1\" content=\"2 minutes\" \/>\n<script type=\"application\/ld+json\" class=\"yoast-schema-graph\">{\"@context\":\"https:\\\/\\\/schema.org\",\"@graph\":[{\"@type\":\"WebPage\",\"@id\":\"https:\\\/\\\/demkohome.pl\\\/produkt\\\/zestaw-kuchenny-frida\\\/\",\"url\":\"https:\\\/\\\/demkohome.pl\\\/produkt\\\/zestaw-kuchenny-frida\\\/\",\"name\":\"Zestaw kuchenny Frida - Demko Home\",\"isPartOf\":{\"@id\":\"https:\\\/\\\/demkohome.pl\\\/#website\"},\"primaryImageOfPage\":{\"@id\":\"https:\\\/\\\/demkohome.pl\\\/produkt\\\/zestaw-kuchenny-frida\\\/#primaryimage\"},\"image\":{\"@id\":\"https:\\\/\\\/demkohome.pl\\\/produkt\\\/zestaw-kuchenny-frida\\\/#primaryimage\"},\"thumbnailUrl\":\"https:\\\/\\\/demkohome.pl\\\/wp-content\\\/uploads\\\/2025\\\/08\\\/Segment-kuch.-FRIDA-22072-Grafit_AkrylBialy_SmFSC.jpg\",\"datePublished\":\"2025-08-11T13:40:44+00:00\",\"dateModified\":\"2026-04-14T19:22:00+00:00\",\"description\":\"Kuchnia Frida to elegancki i nowoczesny zestaw meb\",\"breadcrumb\":{\"@id\":\"https:\\\/\\\/demkohome.pl\\\/produkt\\\/zestaw-kuchenny-frida\\\/#breadcrumb\"},\"inLanguage\":\"en-US\",\"potentialAction\":[{\"@type\":\"ReadAction\",\"target\":[\"https:\\\/\\\/demkohome.pl\\\/produkt\\\/zestaw-kuchenny-frida\\\/\"]}]},{\"@type\":\"ImageObject\",\"inLanguage\":\"en-US\",\"@id\":\"https:\\\/\\\/demkohome.pl\\\/produkt\\\/zestaw-kuchenny-frida\\\/#primaryimage\",\"url\":\"https:\\\/\\\/demkohome.pl\\\/wp-content\\\/uploads\\\/2025\\\/08\\\/Segment-kuch.-FRIDA-22072-Grafit_AkrylBialy_SmFSC.jpg\",\"contentUrl\":\"https:\\\/\\\/demkohome.pl\\\/wp-content\\\/uploads\\\/2025\\\/08\\\/Segment-kuch.-FRIDA-22072-Grafit_AkrylBialy_SmFSC.jpg\",\"width\":2560,\"height\":1707,\"caption\":\"Segment kuchennych FRIDA Grafit akryl Demko Home\"},{\"@type\":\"BreadcrumbList\",\"@id\":\"https:\\\/\\\/demkohome.pl\\\/produkt\\\/zestaw-kuchenny-frida\\\/#breadcrumb\",\"itemListElement\":[{\"@type\":\"ListItem\",\"position\":1,\"name\":\"Strona g\u0142\u00f3wna\",\"item\":\"https:\\\/\\\/demkohome.pl\\\/\"},{\"@type\":\"ListItem\",\"position\":2,\"name\":\"Sklep\",\"item\":\"https:\\\/\\\/demkohome.pl\\\/sklep\\\/\"},{\"@type\":\"ListItem\",\"position\":3,\"name\":\"Zestaw kuchenny Frida\"}]},{\"@type\":\"WebSite\",\"@id\":\"https:\\\/\\\/demkohome.pl\\\/#website\",\"url\":\"https:\\\/\\\/demkohome.pl\\\/\",\"name\":\"Demko Home\",\"description\":\"Make it simple\",\"publisher\":{\"@id\":\"https:\\\/\\\/demkohome.pl\\\/#organization\"},\"potentialAction\":[{\"@type\":\"SearchAction\",\"target\":{\"@type\":\"EntryPoint\",\"urlTemplate\":\"https:\\\/\\\/demkohome.pl\\\/?s={search_term_string}\"},\"query-input\":{\"@type\":\"PropertyValueSpecification\",\"valueRequired\":true,\"valueName\":\"search_term_string\"}}],\"inLanguage\":\"en-US\"},{\"@type\":\"Organization\",\"@id\":\"https:\\\/\\\/demkohome.pl\\\/#organization\",\"name\":\"Demko Home\",\"url\":\"https:\\\/\\\/demkohome.pl\\\/\",\"logo\":{\"@type\":\"ImageObject\",\"inLanguage\":\"en-US\",\"@id\":\"https:\\\/\\\/demkohome.pl\\\/#\\\/schema\\\/logo\\\/image\\\/\",\"url\":\"https:\\\/\\\/demkohome.pl\\\/wp-content\\\/uploads\\\/2026\\\/03\\\/cropped-3.png\",\"contentUrl\":\"https:\\\/\\\/demkohome.pl\\\/wp-content\\\/uploads\\\/2026\\\/03\\\/cropped-3.png\",\"width\":250,\"height\":63,\"caption\":\"Demko Home\"},\"image\":{\"@id\":\"https:\\\/\\\/demkohome.pl\\\/#\\\/schema\\\/logo\\\/image\\\/\"}}]}<\/script>\n<!-- \/ Yoast SEO plugin. -->","yoast_head_json":{"title":"Zestaw kuchenny Frida - Demko Home","description":"Kuchnia Frida to elegancki i nowoczesny zestaw meb","robots":{"index":"index","follow":"follow","max-snippet":"max-snippet:-1","max-image-preview":"max-image-preview:large","max-video-preview":"max-video-preview:-1"},"canonical":"https:\/\/demkohome.pl\/en\/product\/zestaw-kuchenny-frida\/","og_locale":"en_US","og_type":"article","og_title":"Zestaw kuchenny Frida - Demko Home","og_description":"Kuchnia Frida to elegancki i nowoczesny zestaw meb","og_url":"https:\/\/demkohome.pl\/en\/product\/zestaw-kuchenny-frida\/","og_site_name":"Demko Home","article_modified_time":"2026-04-14T19:22:00+00:00","og_image":[{"width":1024,"height":683,"url":"https:\/\/demkohome.pl\/wp-content\/uploads\/2025\/08\/Segment-kuch.-FRIDA-22072-Grafit_AkrylBialy_SmFSC-1024x683.jpg","type":"image\/jpeg"}],"twitter_card":"summary_large_image","twitter_misc":{"Est. reading time":"2 minutes"},"schema":{"@context":"https:\/\/schema.org","@graph":[{"@type":"WebPage","@id":"https:\/\/demkohome.pl\/produkt\/zestaw-kuchenny-frida\/","url":"https:\/\/demkohome.pl\/produkt\/zestaw-kuchenny-frida\/","name":"Zestaw kuchenny Frida - Demko Home","isPartOf":{"@id":"https:\/\/demkohome.pl\/#website"},"primaryImageOfPage":{"@id":"https:\/\/demkohome.pl\/produkt\/zestaw-kuchenny-frida\/#primaryimage"},"image":{"@id":"https:\/\/demkohome.pl\/produkt\/zestaw-kuchenny-frida\/#primaryimage"},"thumbnailUrl":"https:\/\/demkohome.pl\/wp-content\/uploads\/2025\/08\/Segment-kuch.-FRIDA-22072-Grafit_AkrylBialy_SmFSC.jpg","datePublished":"2025-08-11T13:40:44+00:00","dateModified":"2026-04-14T19:22:00+00:00","description":"Kuchnia Frida to elegancki i nowoczesny zestaw meb","breadcrumb":{"@id":"https:\/\/demkohome.pl\/produkt\/zestaw-kuchenny-frida\/#breadcrumb"},"inLanguage":"en-US","potentialAction":[{"@type":"ReadAction","target":["https:\/\/demkohome.pl\/produkt\/zestaw-kuchenny-frida\/"]}]},{"@type":"ImageObject","inLanguage":"en-US","@id":"https:\/\/demkohome.pl\/produkt\/zestaw-kuchenny-frida\/#primaryimage","url":"https:\/\/demkohome.pl\/wp-content\/uploads\/2025\/08\/Segment-kuch.-FRIDA-22072-Grafit_AkrylBialy_SmFSC.jpg","contentUrl":"https:\/\/demkohome.pl\/wp-content\/uploads\/2025\/08\/Segment-kuch.-FRIDA-22072-Grafit_AkrylBialy_SmFSC.jpg","width":2560,"height":1707,"caption":"Segment kuchennych FRIDA Grafit akryl Demko Home"},{"@type":"BreadcrumbList","@id":"https:\/\/demkohome.pl\/produkt\/zestaw-kuchenny-frida\/#breadcrumb","itemListElement":[{"@type":"ListItem","position":1,"name":"Strona g\u0142\u00f3wna","item":"https:\/\/demkohome.pl\/"},{"@type":"ListItem","position":2,"name":"Sklep","item":"https:\/\/demkohome.pl\/sklep\/"},{"@type":"ListItem","position":3,"name":"Zestaw kuchenny Frida"}]},{"@type":"WebSite","@id":"https:\/\/demkohome.pl\/#website","url":"https:\/\/demkohome.pl\/","name":"Demko Home","description":"Make it simple","publisher":{"@id":"https:\/\/demkohome.pl\/#organization"},"potentialAction":[{"@type":"SearchAction","target":{"@type":"EntryPoint","urlTemplate":"https:\/\/demkohome.pl\/?s={search_term_string}"},"query-input":{"@type":"PropertyValueSpecification","valueRequired":true,"valueName":"search_term_string"}}],"inLanguage":"en-US"},{"@type":"Organization","@id":"https:\/\/demkohome.pl\/#organization","name":"Demko Home","url":"https:\/\/demkohome.pl\/","logo":{"@type":"ImageObject","inLanguage":"en-US","@id":"https:\/\/demkohome.pl\/#\/schema\/logo\/image\/","url":"https:\/\/demkohome.pl\/wp-content\/uploads\/2026\/03\/cropped-3.png","contentUrl":"https:\/\/demkohome.pl\/wp-content\/uploads\/2026\/03\/cropped-3.png","width":250,"height":63,"caption":"Demko Home"},"image":{"@id":"https:\/\/demkohome.pl\/#\/schema\/logo\/image\/"}}]}},"_links":{"self":[{"href":"https:\/\/demkohome.pl\/en\/wp-json\/wp\/v2\/product\/136383","targetHints":{"allow":["GET"]}}],"collection":[{"href":"https:\/\/demkohome.pl\/en\/wp-json\/wp\/v2\/product"}],"about":[{"href":"https:\/\/demkohome.pl\/en\/wp-json\/wp\/v2\/types\/product"}],"replies":[{"embeddable":true,"href":"https:\/\/demkohome.pl\/en\/wp-json\/wp\/v2\/comments?post=136383"}],"wp:featuredmedia":[{"embeddable":true,"href":"https:\/\/demkohome.pl\/en\/wp-json\/wp\/v2\/media\/136384"}],"wp:attachment":[{"href":"https:\/\/demkohome.pl\/en\/wp-json\/wp\/v2\/media?parent=136383"}],"wp:term":[{"taxonomy":"product_brand","embeddable":true,"href":"https:\/\/demkohome.pl\/en\/wp-json\/wp\/v2\/product_brand?post=136383"},{"taxonomy":"product_cat","embeddable":true,"href":"https:\/\/demkohome.pl\/en\/wp-json\/wp\/v2\/product_cat?post=136383"},{"taxonomy":"product_tag","embeddable":true,"href":"https:\/\/demkohome.pl\/en\/wp-json\/wp\/v2\/product_tag?post=136383"}],"curies":[{"name":"wp","href":"https:\/\/api.w.org\/{rel}","templated":true}]}}