{"id":1449,"date":"2024-05-17T12:57:56","date_gmt":"2024-05-17T10:57:56","guid":{"rendered":"https:\/\/demkohome.pl\/produkt\/sz-kuch-ava-dol-40-81-3s-szary_grafit_artisan-bialyfsc\/"},"modified":"2026-05-02T03:25:04","modified_gmt":"2026-05-02T01:25:04","slug":"kuchunna-szafka-dolna-40-trzy-szuflady","status":"publish","type":"product","link":"https:\/\/demkohome.pl\/en\/product\/kuchunna-szafka-dolna-40-trzy-szuflady\/","title":{"rendered":"Standing kitchen cabinet 40 cm with 3 drawers Ava"},"content":{"rendered":"<div style=\"font-family: 'Noto Sans', sans-serif; font-size: 17px;\">\n<p>Standing kitchen cabinet 40 cm with 3 drawers Ava is an ideal solution for your kitchen, combining functionality with aesthetics. Manufactured by a renowned Polish manufacturer, this cabinet is FSC\u00ae certified, which proves its ecological origin. The matte finish gives it a modern and elegant look that blends perfectly with a variety of kitchen arrangements.The cabinet is equipped with three drawers with a comfort box system, which provide convenient and organized storage. Soft-closing slides guarantee smooth and noiseless closing of drawers, which increases the comfort of use. Large, simple aluminum-colored handles add a modern touch and make everyday use easier.<\/p>\n<p>The Ava cabinet is made of 16 mm thick laminated particleboard, which ensures its durability and resistance to damage. Adjustable black legs allow you to adjust the height of the cabinet to the unevenness of the floor, ensuring its stability. PVC edging effectively protects the edges from damage, which further increases its durability.<\/p>\n<p>The cabinet is designed for self-assembly and offers the possibility to expand with additional cabinets from the Ava collection, which allows you to arrange your kitchen space flexibly. The Ava standing kitchen cabinet, measuring 40 x 81 x 56 cm, is the perfect solution for anyone who appreciates high quality workmanship, functionality and elegant design in the kitchen.<\/p>\n<\/div>\n<p><img loading=\"lazy\" decoding=\"async\" class=\"wp-image-5748 size-full aligncenter\" src=\"https:\/\/demkohome.pl\/wp-content\/uploads\/2024\/02\/Zestaw-mebli-kuchennych-Ava-Bez-wariant-rozbudowany-Grafit-Meble-Okmed-Demko-1.jpg\" alt=\"Zestaw-mebli-kuchennych-Ava-Bez-wariant-rozbudowany-Grafit-Meble-Okmed-Demko\" width=\"1600\" height=\"944\" srcset=\"https:\/\/demkohome.pl\/wp-content\/uploads\/2024\/02\/Zestaw-mebli-kuchennych-Ava-Bez-wariant-rozbudowany-Grafit-Meble-Okmed-Demko-1.jpg 1600w, https:\/\/demkohome.pl\/wp-content\/uploads\/2024\/02\/Zestaw-mebli-kuchennych-Ava-Bez-wariant-rozbudowany-Grafit-Meble-Okmed-Demko-1-300x177.jpg 300w, https:\/\/demkohome.pl\/wp-content\/uploads\/2024\/02\/Zestaw-mebli-kuchennych-Ava-Bez-wariant-rozbudowany-Grafit-Meble-Okmed-Demko-1-600x354.jpg 600w, https:\/\/demkohome.pl\/wp-content\/uploads\/2024\/02\/Zestaw-mebli-kuchennych-Ava-Bez-wariant-rozbudowany-Grafit-Meble-Okmed-Demko-1-768x453.jpg 768w, https:\/\/demkohome.pl\/wp-content\/uploads\/2024\/02\/Zestaw-mebli-kuchennych-Ava-Bez-wariant-rozbudowany-Grafit-Meble-Okmed-Demko-1-1024x604.jpg 1024w, https:\/\/demkohome.pl\/wp-content\/uploads\/2024\/02\/Zestaw-mebli-kuchennych-Ava-Bez-wariant-rozbudowany-Grafit-Meble-Okmed-Demko-1-1536x906.jpg 1536w\" sizes=\"auto, (max-width: 1600px) 100vw, 1600px\" \/><\/p>\n<div style=\"font-family: 'Noto Sans', sans-serif; font-size: 17px;\">\n<p>Kitchen furniture collection \"Ava\" is a perfect solution for modern kitchens. The products are manufactured by a Polish manufacturer from 16 mm thick laminated chipboard, which ensures durability and resistance to moisture. The furniture has a matte finish with PVC edging, protecting the edges from damage.Each element of the collection is equipped with GTV hydraulic hinges and large, straight handles in aluminum, which guarantees smooth opening and closing of doors and drawers. Drawers are equipped with a comfort box system, ensuring quiet closing.The 60 cm and 80 cm double wall cabinets can be opened upwards thanks to the Hafele lift with Free Flap opening system, making them both functional and space-saving. The collection is FSC\u00ae certified, a testament to sustainable forest management.<\/p>\n<p>Kitchen furniture from the Ava collection is easy to assemble, which allows you to quickly and efficiently furnish your kitchen according to your needs. The ability to expand with additional elements from the same series allows you to customize the furniture to suit your individual preferences.<\/p>\n<hr \/>\n<p>The Ava collection combines high quality workmanship, functionality and aesthetic appeal, making it an ideal choice for modern kitchen spaces.<\/p>\n<\/div>","protected":false},"excerpt":{"rendered":"<p>Szafka kuchenna stoj\u0105ca 40 cm z 3 szufladami Ava to idealne rozwi\u0105zanie do Twojej kuchni, \u0142\u0105cz\u0105ce funkcjonalno\u015b\u0107 z estetyk\u0105. Wyprodukowana (&#8230;)<\/p>","protected":false},"featured_media":10923,"comment_status":"open","ping_status":"closed","template":"","meta":{"_acf_changed":false,"inline_featured_image":false},"product_brand":[],"product_cat":[117,140,65,137,139,106,107],"product_tag":[],"class_list":{"0":"post-1449","1":"product","2":"type-product","3":"status-publish","4":"has-post-thumbnail","6":"product_cat-ava","7":"product_cat-kuchnia","8":"product_cat-meble-kuchenne","9":"product_cat-meble-systemowe","10":"product_cat-pomieszczenia","11":"product_cat-szafki-kuchenne","12":"product_cat-szafki-kuchenne-stojace","13":"product_shipping_class-przesylka-dpd-30-pln","14":"collection-ava","16":"first","17":"instock","18":"shipping-taxable","19":"purchasable","20":"product-type-variable"},"acf":[],"yoast_head":"<!-- This site is optimized with the Yoast SEO plugin v27.4 - https:\/\/yoast.com\/product\/yoast-seo-wordpress\/ -->\n<title>Szafka kuchenna stoj\u0105ca 40 cm z 3 szufladami Ava - Demko Home<\/title>\n<meta name=\"robots\" content=\"index, follow, max-snippet:-1, max-image-preview:large, max-video-preview:-1\" \/>\n<link rel=\"canonical\" href=\"https:\/\/demkohome.pl\/en\/product\/kuchunna-szafka-dolna-40-trzy-szuflady\/\" \/>\n<meta property=\"og:locale\" content=\"en_US\" \/>\n<meta property=\"og:type\" content=\"article\" \/>\n<meta property=\"og:title\" content=\"Szafka kuchenna stoj\u0105ca 40 cm z 3 szufladami Ava - Demko Home\" \/>\n<meta property=\"og:description\" content=\"Szafka kuchenna stoj\u0105ca 40 cm z 3 szufladami Ava to idealne rozwi\u0105zanie do Twojej kuchni, \u0142\u0105cz\u0105ce funkcjonalno\u015b\u0107 z estetyk\u0105. Wyprodukowana (...)\" \/>\n<meta property=\"og:url\" content=\"https:\/\/demkohome.pl\/en\/product\/kuchunna-szafka-dolna-40-trzy-szuflady\/\" \/>\n<meta property=\"og:site_name\" content=\"Demko Home\" \/>\n<meta property=\"article:modified_time\" content=\"2026-05-02T01:25:04+00:00\" \/>\n<meta property=\"og:image\" content=\"https:\/\/demkohome.pl\/wp-content\/uploads\/2023\/08\/Kuchenna-szafka-stojaca-40-cm-z-3-szufladami-Ava-Bialy-Dab-Artisan-Meble-Okmed-Demko.jpg\" \/>\n\t<meta property=\"og:image:width\" content=\"1024\" \/>\n\t<meta property=\"og:image:height\" content=\"1024\" \/>\n\t<meta property=\"og:image:type\" content=\"image\/jpeg\" \/>\n<meta name=\"twitter:card\" content=\"summary_large_image\" \/>\n<meta name=\"twitter:label1\" content=\"Est. reading time\" \/>\n\t<meta name=\"twitter:data1\" content=\"4 minutes\" \/>\n<script type=\"application\/ld+json\" class=\"yoast-schema-graph\">{\"@context\":\"https:\\\/\\\/schema.org\",\"@graph\":[{\"@type\":\"WebPage\",\"@id\":\"https:\\\/\\\/demkohome.pl\\\/produkt\\\/kuchunna-szafka-dolna-40-trzy-szuflady\\\/\",\"url\":\"https:\\\/\\\/demkohome.pl\\\/produkt\\\/kuchunna-szafka-dolna-40-trzy-szuflady\\\/\",\"name\":\"Szafka kuchenna stoj\u0105ca 40 cm z 3 szufladami Ava - Demko Home\",\"isPartOf\":{\"@id\":\"https:\\\/\\\/demkohome.pl\\\/#website\"},\"primaryImageOfPage\":{\"@id\":\"https:\\\/\\\/demkohome.pl\\\/produkt\\\/kuchunna-szafka-dolna-40-trzy-szuflady\\\/#primaryimage\"},\"image\":{\"@id\":\"https:\\\/\\\/demkohome.pl\\\/produkt\\\/kuchunna-szafka-dolna-40-trzy-szuflady\\\/#primaryimage\"},\"thumbnailUrl\":\"https:\\\/\\\/demkohome.pl\\\/wp-content\\\/uploads\\\/2023\\\/08\\\/Kuchenna-szafka-stojaca-40-cm-z-3-szufladami-Ava-Bialy-Dab-Artisan-Meble-Okmed-Demko.jpg\",\"datePublished\":\"2024-05-17T10:57:56+00:00\",\"dateModified\":\"2026-05-02T01:25:04+00:00\",\"breadcrumb\":{\"@id\":\"https:\\\/\\\/demkohome.pl\\\/produkt\\\/kuchunna-szafka-dolna-40-trzy-szuflady\\\/#breadcrumb\"},\"inLanguage\":\"en-US\",\"potentialAction\":[{\"@type\":\"ReadAction\",\"target\":[\"https:\\\/\\\/demkohome.pl\\\/produkt\\\/kuchunna-szafka-dolna-40-trzy-szuflady\\\/\"]}]},{\"@type\":\"ImageObject\",\"inLanguage\":\"en-US\",\"@id\":\"https:\\\/\\\/demkohome.pl\\\/produkt\\\/kuchunna-szafka-dolna-40-trzy-szuflady\\\/#primaryimage\",\"url\":\"https:\\\/\\\/demkohome.pl\\\/wp-content\\\/uploads\\\/2023\\\/08\\\/Kuchenna-szafka-stojaca-40-cm-z-3-szufladami-Ava-Bialy-Dab-Artisan-Meble-Okmed-Demko.jpg\",\"contentUrl\":\"https:\\\/\\\/demkohome.pl\\\/wp-content\\\/uploads\\\/2023\\\/08\\\/Kuchenna-szafka-stojaca-40-cm-z-3-szufladami-Ava-Bialy-Dab-Artisan-Meble-Okmed-Demko.jpg\",\"width\":1024,\"height\":1024,\"caption\":\"Kuchenna szafka stoj\u0105ca 40 cm z 3 szufladami Ava Bia\u0142y D\u0105b Artisan Meble Okmed Demko Home\"},{\"@type\":\"BreadcrumbList\",\"@id\":\"https:\\\/\\\/demkohome.pl\\\/produkt\\\/kuchunna-szafka-dolna-40-trzy-szuflady\\\/#breadcrumb\",\"itemListElement\":[{\"@type\":\"ListItem\",\"position\":1,\"name\":\"Strona g\u0142\u00f3wna\",\"item\":\"https:\\\/\\\/demkohome.pl\\\/\"},{\"@type\":\"ListItem\",\"position\":2,\"name\":\"Sklep\",\"item\":\"https:\\\/\\\/demkohome.pl\\\/sklep\\\/\"},{\"@type\":\"ListItem\",\"position\":3,\"name\":\"Szafka kuchenna stoj\u0105ca 40 cm z 3 szufladami Ava\"}]},{\"@type\":\"WebSite\",\"@id\":\"https:\\\/\\\/demkohome.pl\\\/#website\",\"url\":\"https:\\\/\\\/demkohome.pl\\\/\",\"name\":\"Demko Home\",\"description\":\"Make it simple\",\"publisher\":{\"@id\":\"https:\\\/\\\/demkohome.pl\\\/#organization\"},\"potentialAction\":[{\"@type\":\"SearchAction\",\"target\":{\"@type\":\"EntryPoint\",\"urlTemplate\":\"https:\\\/\\\/demkohome.pl\\\/?s={search_term_string}\"},\"query-input\":{\"@type\":\"PropertyValueSpecification\",\"valueRequired\":true,\"valueName\":\"search_term_string\"}}],\"inLanguage\":\"en-US\"},{\"@type\":\"Organization\",\"@id\":\"https:\\\/\\\/demkohome.pl\\\/#organization\",\"name\":\"Demko Home\",\"url\":\"https:\\\/\\\/demkohome.pl\\\/\",\"logo\":{\"@type\":\"ImageObject\",\"inLanguage\":\"en-US\",\"@id\":\"https:\\\/\\\/demkohome.pl\\\/#\\\/schema\\\/logo\\\/image\\\/\",\"url\":\"https:\\\/\\\/demkohome.pl\\\/wp-content\\\/uploads\\\/2026\\\/03\\\/cropped-3.png\",\"contentUrl\":\"https:\\\/\\\/demkohome.pl\\\/wp-content\\\/uploads\\\/2026\\\/03\\\/cropped-3.png\",\"width\":250,\"height\":63,\"caption\":\"Demko Home\"},\"image\":{\"@id\":\"https:\\\/\\\/demkohome.pl\\\/#\\\/schema\\\/logo\\\/image\\\/\"}}]}<\/script>\n<!-- \/ Yoast SEO plugin. -->","yoast_head_json":{"title":"Szafka kuchenna stoj\u0105ca 40 cm z 3 szufladami Ava - Demko Home","robots":{"index":"index","follow":"follow","max-snippet":"max-snippet:-1","max-image-preview":"max-image-preview:large","max-video-preview":"max-video-preview:-1"},"canonical":"https:\/\/demkohome.pl\/en\/product\/kuchunna-szafka-dolna-40-trzy-szuflady\/","og_locale":"en_US","og_type":"article","og_title":"Szafka kuchenna stoj\u0105ca 40 cm z 3 szufladami Ava - Demko Home","og_description":"Szafka kuchenna stoj\u0105ca 40 cm z 3 szufladami Ava to idealne rozwi\u0105zanie do Twojej kuchni, \u0142\u0105cz\u0105ce funkcjonalno\u015b\u0107 z estetyk\u0105. Wyprodukowana (...)","og_url":"https:\/\/demkohome.pl\/en\/product\/kuchunna-szafka-dolna-40-trzy-szuflady\/","og_site_name":"Demko Home","article_modified_time":"2026-05-02T01:25:04+00:00","og_image":[{"width":1024,"height":1024,"url":"https:\/\/demkohome.pl\/wp-content\/uploads\/2023\/08\/Kuchenna-szafka-stojaca-40-cm-z-3-szufladami-Ava-Bialy-Dab-Artisan-Meble-Okmed-Demko.jpg","type":"image\/jpeg"}],"twitter_card":"summary_large_image","twitter_misc":{"Est. reading time":"4 minutes"},"schema":{"@context":"https:\/\/schema.org","@graph":[{"@type":"WebPage","@id":"https:\/\/demkohome.pl\/produkt\/kuchunna-szafka-dolna-40-trzy-szuflady\/","url":"https:\/\/demkohome.pl\/produkt\/kuchunna-szafka-dolna-40-trzy-szuflady\/","name":"Szafka kuchenna stoj\u0105ca 40 cm z 3 szufladami Ava - Demko Home","isPartOf":{"@id":"https:\/\/demkohome.pl\/#website"},"primaryImageOfPage":{"@id":"https:\/\/demkohome.pl\/produkt\/kuchunna-szafka-dolna-40-trzy-szuflady\/#primaryimage"},"image":{"@id":"https:\/\/demkohome.pl\/produkt\/kuchunna-szafka-dolna-40-trzy-szuflady\/#primaryimage"},"thumbnailUrl":"https:\/\/demkohome.pl\/wp-content\/uploads\/2023\/08\/Kuchenna-szafka-stojaca-40-cm-z-3-szufladami-Ava-Bialy-Dab-Artisan-Meble-Okmed-Demko.jpg","datePublished":"2024-05-17T10:57:56+00:00","dateModified":"2026-05-02T01:25:04+00:00","breadcrumb":{"@id":"https:\/\/demkohome.pl\/produkt\/kuchunna-szafka-dolna-40-trzy-szuflady\/#breadcrumb"},"inLanguage":"en-US","potentialAction":[{"@type":"ReadAction","target":["https:\/\/demkohome.pl\/produkt\/kuchunna-szafka-dolna-40-trzy-szuflady\/"]}]},{"@type":"ImageObject","inLanguage":"en-US","@id":"https:\/\/demkohome.pl\/produkt\/kuchunna-szafka-dolna-40-trzy-szuflady\/#primaryimage","url":"https:\/\/demkohome.pl\/wp-content\/uploads\/2023\/08\/Kuchenna-szafka-stojaca-40-cm-z-3-szufladami-Ava-Bialy-Dab-Artisan-Meble-Okmed-Demko.jpg","contentUrl":"https:\/\/demkohome.pl\/wp-content\/uploads\/2023\/08\/Kuchenna-szafka-stojaca-40-cm-z-3-szufladami-Ava-Bialy-Dab-Artisan-Meble-Okmed-Demko.jpg","width":1024,"height":1024,"caption":"Kuchenna szafka stoj\u0105ca 40 cm z 3 szufladami Ava Bia\u0142y D\u0105b Artisan Meble Okmed Demko Home"},{"@type":"BreadcrumbList","@id":"https:\/\/demkohome.pl\/produkt\/kuchunna-szafka-dolna-40-trzy-szuflady\/#breadcrumb","itemListElement":[{"@type":"ListItem","position":1,"name":"Strona g\u0142\u00f3wna","item":"https:\/\/demkohome.pl\/"},{"@type":"ListItem","position":2,"name":"Sklep","item":"https:\/\/demkohome.pl\/sklep\/"},{"@type":"ListItem","position":3,"name":"Szafka kuchenna stoj\u0105ca 40 cm z 3 szufladami Ava"}]},{"@type":"WebSite","@id":"https:\/\/demkohome.pl\/#website","url":"https:\/\/demkohome.pl\/","name":"Demko Home","description":"Make it simple","publisher":{"@id":"https:\/\/demkohome.pl\/#organization"},"potentialAction":[{"@type":"SearchAction","target":{"@type":"EntryPoint","urlTemplate":"https:\/\/demkohome.pl\/?s={search_term_string}"},"query-input":{"@type":"PropertyValueSpecification","valueRequired":true,"valueName":"search_term_string"}}],"inLanguage":"en-US"},{"@type":"Organization","@id":"https:\/\/demkohome.pl\/#organization","name":"Demko Home","url":"https:\/\/demkohome.pl\/","logo":{"@type":"ImageObject","inLanguage":"en-US","@id":"https:\/\/demkohome.pl\/#\/schema\/logo\/image\/","url":"https:\/\/demkohome.pl\/wp-content\/uploads\/2026\/03\/cropped-3.png","contentUrl":"https:\/\/demkohome.pl\/wp-content\/uploads\/2026\/03\/cropped-3.png","width":250,"height":63,"caption":"Demko Home"},"image":{"@id":"https:\/\/demkohome.pl\/#\/schema\/logo\/image\/"}}]}},"_links":{"self":[{"href":"https:\/\/demkohome.pl\/en\/wp-json\/wp\/v2\/product\/1449","targetHints":{"allow":["GET"]}}],"collection":[{"href":"https:\/\/demkohome.pl\/en\/wp-json\/wp\/v2\/product"}],"about":[{"href":"https:\/\/demkohome.pl\/en\/wp-json\/wp\/v2\/types\/product"}],"replies":[{"embeddable":true,"href":"https:\/\/demkohome.pl\/en\/wp-json\/wp\/v2\/comments?post=1449"}],"wp:featuredmedia":[{"embeddable":true,"href":"https:\/\/demkohome.pl\/en\/wp-json\/wp\/v2\/media\/10923"}],"wp:attachment":[{"href":"https:\/\/demkohome.pl\/en\/wp-json\/wp\/v2\/media?parent=1449"}],"wp:term":[{"taxonomy":"product_brand","embeddable":true,"href":"https:\/\/demkohome.pl\/en\/wp-json\/wp\/v2\/product_brand?post=1449"},{"taxonomy":"product_cat","embeddable":true,"href":"https:\/\/demkohome.pl\/en\/wp-json\/wp\/v2\/product_cat?post=1449"},{"taxonomy":"product_tag","embeddable":true,"href":"https:\/\/demkohome.pl\/en\/wp-json\/wp\/v2\/product_tag?post=1449"}],"curies":[{"name":"wp","href":"https:\/\/api.w.org\/{rel}","templated":true}]}}