{"id":14631,"date":"2024-12-13T12:49:19","date_gmt":"2024-12-13T11:49:19","guid":{"rendered":"https:\/\/demkohome.pl\/?post_type=product&#038;p=14631"},"modified":"2026-04-24T09:16:45","modified_gmt":"2026-04-24T07:16:45","slug":"komoda-gabriel-4-szuflady","status":"publish","type":"product","link":"https:\/\/demkohome.pl\/en\/product\/komoda-gabriel-4-szuflady\/","title":{"rendered":"Gabriel 4-drawer chest of drawers"},"content":{"rendered":"<p data-start=\"80\" data-end=\"149\"><strong data-start=\"80\" data-end=\"149\">Gabriel chest of drawers - elegance and functionality in a modern edition<\/strong><\/p>\n<p data-start=\"151\" data-end=\"699\">The Gabriel chest of drawers is a combination of carefully refined design and practical solutions that perfectly fit the needs of modern interiors. Its simple, elegant form based on geometric lines and smooth fronts makes the furniture piece look exceptionally light and aesthetically pleasing, regardless of the style of the arrangement. The model is equipped with capacious drawers that offer plenty of space for storing clothes, textiles, documents or other necessary items, helping to organize the space and maintain order.<\/p>\n<p data-start=\"701\" data-end=\"1179\">High quality workmanship guarantees durability and comfort for everyday use, while solid materials ensure stability and resistance to damage. The neutral color scheme of the Gabriel chest of drawers makes it easy to match it with light and darker tones of the interior, creating a coherent and harmonious whole. This is a versatile piece of furniture that will be perfect for the bedroom, living room, hallway, dressing room, and even in the office, wherever functionality and elegant design are important.<\/p>\n<p data-start=\"1181\" data-end=\"1372\" data-is-last-node=\"\" data-is-only-node=\"\">The Gabriel chest of drawers is an option for people who value modern minimalism, comfort and timeless character of furniture, which not only organize the space, but also give it a unique style.<\/p>","protected":false},"excerpt":{"rendered":"<p>Komoda Gabriel \u2013 elegancja i funkcjonalno\u015b\u0107 w nowoczesnym wydaniu Komoda Gabriel to po\u0142\u0105czenie starannie dopracowanego wzornictwa z praktycznymi rozwi\u0105zaniami, kt\u00f3re (&#8230;)<\/p>","protected":false},"featured_media":14638,"comment_status":"open","ping_status":"closed","template":"","meta":{"_acf_changed":false,"inline_featured_image":false},"product_brand":[],"product_cat":[145,143,128,144,142,141],"product_tag":[],"class_list":{"0":"post-14631","1":"product","2":"type-product","3":"status-publish","4":"has-post-thumbnail","6":"product_cat-biuro","7":"product_cat-jadalnia","8":"product_cat-komody","9":"product_cat-pokoj","10":"product_cat-przedpokoj","11":"product_cat-salon","12":"product_shipping_class-paczka-st-x-1","13":"collection-back-to-study","15":"first","16":"instock","17":"shipping-taxable","18":"purchasable","19":"product-type-simple"},"acf":[],"yoast_head":"<!-- This site is optimized with the Yoast SEO plugin v27.4 - https:\/\/yoast.com\/product\/yoast-seo-wordpress\/ -->\n<title>Komoda Gabriel 4 szuflady - Demko Home<\/title>\n<meta name=\"robots\" content=\"index, follow, max-snippet:-1, max-image-preview:large, max-video-preview:-1\" \/>\n<link rel=\"canonical\" href=\"https:\/\/demkohome.pl\/en\/product\/komoda-gabriel-4-szuflady\/\" \/>\n<meta property=\"og:locale\" content=\"en_US\" \/>\n<meta property=\"og:type\" content=\"article\" \/>\n<meta property=\"og:title\" content=\"Komoda Gabriel 4 szuflady - Demko Home\" \/>\n<meta property=\"og:description\" content=\"Komoda Gabriel \u2013 elegancja i funkcjonalno\u015b\u0107 w nowoczesnym wydaniu Komoda Gabriel to po\u0142\u0105czenie starannie dopracowanego wzornictwa z praktycznymi rozwi\u0105zaniami, kt\u00f3re (...)\" \/>\n<meta property=\"og:url\" content=\"https:\/\/demkohome.pl\/en\/product\/komoda-gabriel-4-szuflady\/\" \/>\n<meta property=\"og:site_name\" content=\"Demko Home\" \/>\n<meta property=\"article:modified_time\" content=\"2026-04-24T07:16:45+00:00\" \/>\n<meta property=\"og:image\" content=\"https:\/\/demkohome.pl\/wp-content\/uploads\/2024\/11\/1_ef2d0ff4-d81e-45cf-8bcb-0e18348af761_1024x1024_cleanup-1-e1731069329719.png\" \/>\n\t<meta property=\"og:image:width\" content=\"500\" \/>\n\t<meta property=\"og:image:height\" content=\"500\" \/>\n\t<meta property=\"og:image:type\" content=\"image\/png\" \/>\n<meta name=\"twitter:card\" content=\"summary_large_image\" \/>\n<meta name=\"twitter:label1\" content=\"Est. reading time\" \/>\n\t<meta name=\"twitter:data1\" content=\"2 minutes\" \/>\n<script type=\"application\/ld+json\" class=\"yoast-schema-graph\">{\"@context\":\"https:\\\/\\\/schema.org\",\"@graph\":[{\"@type\":\"WebPage\",\"@id\":\"https:\\\/\\\/demkohome.pl\\\/produkt\\\/komoda-gabriel-4-szuflady\\\/\",\"url\":\"https:\\\/\\\/demkohome.pl\\\/produkt\\\/komoda-gabriel-4-szuflady\\\/\",\"name\":\"Komoda Gabriel 4 szuflady - Demko Home\",\"isPartOf\":{\"@id\":\"https:\\\/\\\/demkohome.pl\\\/#website\"},\"primaryImageOfPage\":{\"@id\":\"https:\\\/\\\/demkohome.pl\\\/produkt\\\/komoda-gabriel-4-szuflady\\\/#primaryimage\"},\"image\":{\"@id\":\"https:\\\/\\\/demkohome.pl\\\/produkt\\\/komoda-gabriel-4-szuflady\\\/#primaryimage\"},\"thumbnailUrl\":\"https:\\\/\\\/demkohome.pl\\\/wp-content\\\/uploads\\\/2024\\\/11\\\/1_ef2d0ff4-d81e-45cf-8bcb-0e18348af761_1024x1024_cleanup-1-e1731069329719.png\",\"datePublished\":\"2024-12-13T11:49:19+00:00\",\"dateModified\":\"2026-04-24T07:16:45+00:00\",\"breadcrumb\":{\"@id\":\"https:\\\/\\\/demkohome.pl\\\/produkt\\\/komoda-gabriel-4-szuflady\\\/#breadcrumb\"},\"inLanguage\":\"en-US\",\"potentialAction\":[{\"@type\":\"ReadAction\",\"target\":[\"https:\\\/\\\/demkohome.pl\\\/produkt\\\/komoda-gabriel-4-szuflady\\\/\"]}]},{\"@type\":\"ImageObject\",\"inLanguage\":\"en-US\",\"@id\":\"https:\\\/\\\/demkohome.pl\\\/produkt\\\/komoda-gabriel-4-szuflady\\\/#primaryimage\",\"url\":\"https:\\\/\\\/demkohome.pl\\\/wp-content\\\/uploads\\\/2024\\\/11\\\/1_ef2d0ff4-d81e-45cf-8bcb-0e18348af761_1024x1024_cleanup-1-e1731069329719.png\",\"contentUrl\":\"https:\\\/\\\/demkohome.pl\\\/wp-content\\\/uploads\\\/2024\\\/11\\\/1_ef2d0ff4-d81e-45cf-8bcb-0e18348af761_1024x1024_cleanup-1-e1731069329719.png\",\"width\":500,\"height\":500},{\"@type\":\"BreadcrumbList\",\"@id\":\"https:\\\/\\\/demkohome.pl\\\/produkt\\\/komoda-gabriel-4-szuflady\\\/#breadcrumb\",\"itemListElement\":[{\"@type\":\"ListItem\",\"position\":1,\"name\":\"Strona g\u0142\u00f3wna\",\"item\":\"https:\\\/\\\/demkohome.pl\\\/\"},{\"@type\":\"ListItem\",\"position\":2,\"name\":\"Sklep\",\"item\":\"https:\\\/\\\/demkohome.pl\\\/sklep\\\/\"},{\"@type\":\"ListItem\",\"position\":3,\"name\":\"Komoda Gabriel 4 szuflady\"}]},{\"@type\":\"WebSite\",\"@id\":\"https:\\\/\\\/demkohome.pl\\\/#website\",\"url\":\"https:\\\/\\\/demkohome.pl\\\/\",\"name\":\"Demko Home\",\"description\":\"Make it simple\",\"publisher\":{\"@id\":\"https:\\\/\\\/demkohome.pl\\\/#organization\"},\"potentialAction\":[{\"@type\":\"SearchAction\",\"target\":{\"@type\":\"EntryPoint\",\"urlTemplate\":\"https:\\\/\\\/demkohome.pl\\\/?s={search_term_string}\"},\"query-input\":{\"@type\":\"PropertyValueSpecification\",\"valueRequired\":true,\"valueName\":\"search_term_string\"}}],\"inLanguage\":\"en-US\"},{\"@type\":\"Organization\",\"@id\":\"https:\\\/\\\/demkohome.pl\\\/#organization\",\"name\":\"Demko Home\",\"url\":\"https:\\\/\\\/demkohome.pl\\\/\",\"logo\":{\"@type\":\"ImageObject\",\"inLanguage\":\"en-US\",\"@id\":\"https:\\\/\\\/demkohome.pl\\\/#\\\/schema\\\/logo\\\/image\\\/\",\"url\":\"https:\\\/\\\/demkohome.pl\\\/wp-content\\\/uploads\\\/2026\\\/03\\\/cropped-3.png\",\"contentUrl\":\"https:\\\/\\\/demkohome.pl\\\/wp-content\\\/uploads\\\/2026\\\/03\\\/cropped-3.png\",\"width\":250,\"height\":63,\"caption\":\"Demko Home\"},\"image\":{\"@id\":\"https:\\\/\\\/demkohome.pl\\\/#\\\/schema\\\/logo\\\/image\\\/\"}}]}<\/script>\n<!-- \/ Yoast SEO plugin. -->","yoast_head_json":{"title":"Komoda Gabriel 4 szuflady - Demko Home","robots":{"index":"index","follow":"follow","max-snippet":"max-snippet:-1","max-image-preview":"max-image-preview:large","max-video-preview":"max-video-preview:-1"},"canonical":"https:\/\/demkohome.pl\/en\/product\/komoda-gabriel-4-szuflady\/","og_locale":"en_US","og_type":"article","og_title":"Komoda Gabriel 4 szuflady - Demko Home","og_description":"Komoda Gabriel \u2013 elegancja i funkcjonalno\u015b\u0107 w nowoczesnym wydaniu Komoda Gabriel to po\u0142\u0105czenie starannie dopracowanego wzornictwa z praktycznymi rozwi\u0105zaniami, kt\u00f3re (...)","og_url":"https:\/\/demkohome.pl\/en\/product\/komoda-gabriel-4-szuflady\/","og_site_name":"Demko Home","article_modified_time":"2026-04-24T07:16:45+00:00","og_image":[{"width":500,"height":500,"url":"https:\/\/demkohome.pl\/wp-content\/uploads\/2024\/11\/1_ef2d0ff4-d81e-45cf-8bcb-0e18348af761_1024x1024_cleanup-1-e1731069329719.png","type":"image\/png"}],"twitter_card":"summary_large_image","twitter_misc":{"Est. reading time":"2 minutes"},"schema":{"@context":"https:\/\/schema.org","@graph":[{"@type":"WebPage","@id":"https:\/\/demkohome.pl\/produkt\/komoda-gabriel-4-szuflady\/","url":"https:\/\/demkohome.pl\/produkt\/komoda-gabriel-4-szuflady\/","name":"Komoda Gabriel 4 szuflady - Demko Home","isPartOf":{"@id":"https:\/\/demkohome.pl\/#website"},"primaryImageOfPage":{"@id":"https:\/\/demkohome.pl\/produkt\/komoda-gabriel-4-szuflady\/#primaryimage"},"image":{"@id":"https:\/\/demkohome.pl\/produkt\/komoda-gabriel-4-szuflady\/#primaryimage"},"thumbnailUrl":"https:\/\/demkohome.pl\/wp-content\/uploads\/2024\/11\/1_ef2d0ff4-d81e-45cf-8bcb-0e18348af761_1024x1024_cleanup-1-e1731069329719.png","datePublished":"2024-12-13T11:49:19+00:00","dateModified":"2026-04-24T07:16:45+00:00","breadcrumb":{"@id":"https:\/\/demkohome.pl\/produkt\/komoda-gabriel-4-szuflady\/#breadcrumb"},"inLanguage":"en-US","potentialAction":[{"@type":"ReadAction","target":["https:\/\/demkohome.pl\/produkt\/komoda-gabriel-4-szuflady\/"]}]},{"@type":"ImageObject","inLanguage":"en-US","@id":"https:\/\/demkohome.pl\/produkt\/komoda-gabriel-4-szuflady\/#primaryimage","url":"https:\/\/demkohome.pl\/wp-content\/uploads\/2024\/11\/1_ef2d0ff4-d81e-45cf-8bcb-0e18348af761_1024x1024_cleanup-1-e1731069329719.png","contentUrl":"https:\/\/demkohome.pl\/wp-content\/uploads\/2024\/11\/1_ef2d0ff4-d81e-45cf-8bcb-0e18348af761_1024x1024_cleanup-1-e1731069329719.png","width":500,"height":500},{"@type":"BreadcrumbList","@id":"https:\/\/demkohome.pl\/produkt\/komoda-gabriel-4-szuflady\/#breadcrumb","itemListElement":[{"@type":"ListItem","position":1,"name":"Strona g\u0142\u00f3wna","item":"https:\/\/demkohome.pl\/"},{"@type":"ListItem","position":2,"name":"Sklep","item":"https:\/\/demkohome.pl\/sklep\/"},{"@type":"ListItem","position":3,"name":"Komoda Gabriel 4 szuflady"}]},{"@type":"WebSite","@id":"https:\/\/demkohome.pl\/#website","url":"https:\/\/demkohome.pl\/","name":"Demko Home","description":"Make it simple","publisher":{"@id":"https:\/\/demkohome.pl\/#organization"},"potentialAction":[{"@type":"SearchAction","target":{"@type":"EntryPoint","urlTemplate":"https:\/\/demkohome.pl\/?s={search_term_string}"},"query-input":{"@type":"PropertyValueSpecification","valueRequired":true,"valueName":"search_term_string"}}],"inLanguage":"en-US"},{"@type":"Organization","@id":"https:\/\/demkohome.pl\/#organization","name":"Demko Home","url":"https:\/\/demkohome.pl\/","logo":{"@type":"ImageObject","inLanguage":"en-US","@id":"https:\/\/demkohome.pl\/#\/schema\/logo\/image\/","url":"https:\/\/demkohome.pl\/wp-content\/uploads\/2026\/03\/cropped-3.png","contentUrl":"https:\/\/demkohome.pl\/wp-content\/uploads\/2026\/03\/cropped-3.png","width":250,"height":63,"caption":"Demko Home"},"image":{"@id":"https:\/\/demkohome.pl\/#\/schema\/logo\/image\/"}}]}},"_links":{"self":[{"href":"https:\/\/demkohome.pl\/en\/wp-json\/wp\/v2\/product\/14631","targetHints":{"allow":["GET"]}}],"collection":[{"href":"https:\/\/demkohome.pl\/en\/wp-json\/wp\/v2\/product"}],"about":[{"href":"https:\/\/demkohome.pl\/en\/wp-json\/wp\/v2\/types\/product"}],"replies":[{"embeddable":true,"href":"https:\/\/demkohome.pl\/en\/wp-json\/wp\/v2\/comments?post=14631"}],"wp:featuredmedia":[{"embeddable":true,"href":"https:\/\/demkohome.pl\/en\/wp-json\/wp\/v2\/media\/14638"}],"wp:attachment":[{"href":"https:\/\/demkohome.pl\/en\/wp-json\/wp\/v2\/media?parent=14631"}],"wp:term":[{"taxonomy":"product_brand","embeddable":true,"href":"https:\/\/demkohome.pl\/en\/wp-json\/wp\/v2\/product_brand?post=14631"},{"taxonomy":"product_cat","embeddable":true,"href":"https:\/\/demkohome.pl\/en\/wp-json\/wp\/v2\/product_cat?post=14631"},{"taxonomy":"product_tag","embeddable":true,"href":"https:\/\/demkohome.pl\/en\/wp-json\/wp\/v2\/product_tag?post=14631"}],"curies":[{"name":"wp","href":"https:\/\/api.w.org\/{rel}","templated":true}]}}