{"id":14649,"date":"2024-12-13T12:58:49","date_gmt":"2024-12-13T11:58:49","guid":{"rendered":"https:\/\/demkohome.pl\/?post_type=product&#038;p=14649"},"modified":"2026-04-22T09:17:04","modified_gmt":"2026-04-22T07:17:04","slug":"komoda-gabriel-6-szuflad","status":"publish","type":"product","link":"https:\/\/demkohome.pl\/en\/product\/komoda-gabriel-6-szuflad\/","title":{"rendered":"Minima 6-drawer chest of drawers"},"content":{"rendered":"<p data-start=\"109\" data-end=\"175\"><strong data-start=\"109\" data-end=\"175\">Minima chest of drawers - modern elegance in a minimalist form<\/strong><\/p>\n<p data-start=\"177\" data-end=\"565\">Minima chest of drawers is a proposal for those who value simplicity, functionality and aesthetics in everyday use. Its thoughtful, minimalist design makes it perfectly suited to both modern and more classic interiors. Simple lines, smooth fronts and the lack of visible handles create a coherent, harmonious whole, which introduces order and order into the room.<\/p>\n<p data-start=\"567\" data-end=\"963\">The model is equipped with six spacious drawers that provide plenty of storage space - ideal for clothes, accessories, documents or other daily essentials. The drawers move lightly and quietly, which further increases the comfort of use. The solid construction made of high-quality materials guarantees durability and resistance to daily use.<\/p>\n<p data-start=\"965\" data-end=\"1258\">Thanks to its neutral color scheme, the Minima chest of drawers easily fits into a variety of arrangements - from Scandinavian and industrial to more classic and elegant interiors. It can function as a standalone piece of furniture or be part of a larger set, creating a cohesive storage space.<\/p>\n<p data-start=\"1260\" data-end=\"1455\">This is a piece of furniture that combines practical solutions with a timeless look. The Minima chest of drawers will be an ideal choice for a bedroom, living room, hallway, as well as for a modern office or dressing room.<\/p>","protected":false},"excerpt":{"rendered":"<p>Komoda Minima \u2013 nowoczesna elegancja w minimalistycznej formie Komoda Minima to propozycja dla os\u00f3b ceni\u0105cych prostot\u0119, funkcjonalno\u015b\u0107 i estetyk\u0119 w (&#8230;)<\/p>","protected":false},"featured_media":14656,"comment_status":"open","ping_status":"closed","template":"","meta":{"_acf_changed":false,"inline_featured_image":false},"product_brand":[],"product_cat":[145,128,144,142,141],"product_tag":[],"class_list":{"0":"post-14649","1":"product","2":"type-product","3":"status-publish","4":"has-post-thumbnail","6":"product_cat-biuro","7":"product_cat-komody","8":"product_cat-pokoj","9":"product_cat-przedpokoj","10":"product_cat-salon","11":"product_shipping_class-paczka-nst-x-1","12":"collection-back-to-study","14":"first","15":"instock","16":"shipping-taxable","17":"purchasable","18":"product-type-simple"},"acf":[],"yoast_head":"<!-- This site is optimized with the Yoast SEO plugin v27.4 - https:\/\/yoast.com\/product\/yoast-seo-wordpress\/ -->\n<title>Komoda Minima 6 szuflad - Demko Home<\/title>\n<meta name=\"robots\" content=\"index, follow, max-snippet:-1, max-image-preview:large, max-video-preview:-1\" \/>\n<link rel=\"canonical\" href=\"https:\/\/demkohome.pl\/en\/product\/komoda-gabriel-6-szuflad\/\" \/>\n<meta property=\"og:locale\" content=\"en_US\" \/>\n<meta property=\"og:type\" content=\"article\" \/>\n<meta property=\"og:title\" content=\"Komoda Minima 6 szuflad - Demko Home\" \/>\n<meta property=\"og:description\" content=\"Komoda Minima \u2013 nowoczesna elegancja w minimalistycznej formie Komoda Minima to propozycja dla os\u00f3b ceni\u0105cych prostot\u0119, funkcjonalno\u015b\u0107 i estetyk\u0119 w (...)\" \/>\n<meta property=\"og:url\" content=\"https:\/\/demkohome.pl\/en\/product\/komoda-gabriel-6-szuflad\/\" \/>\n<meta property=\"og:site_name\" content=\"Demko Home\" \/>\n<meta property=\"article:modified_time\" content=\"2026-04-22T07:17:04+00:00\" \/>\n<meta property=\"og:image\" content=\"https:\/\/demkohome.pl\/wp-content\/uploads\/2024\/11\/16_a5185c63-df76-4433-897c-e0430e9f3d99_1024x1024_cleanup-1.png\" \/>\n\t<meta property=\"og:image:width\" content=\"451\" \/>\n\t<meta property=\"og:image:height\" content=\"378\" \/>\n\t<meta property=\"og:image:type\" content=\"image\/png\" \/>\n<meta name=\"twitter:card\" content=\"summary_large_image\" \/>\n<meta name=\"twitter:label1\" content=\"Est. reading time\" \/>\n\t<meta name=\"twitter:data1\" content=\"2 minutes\" \/>\n<script type=\"application\/ld+json\" class=\"yoast-schema-graph\">{\"@context\":\"https:\\\/\\\/schema.org\",\"@graph\":[{\"@type\":\"WebPage\",\"@id\":\"https:\\\/\\\/demkohome.pl\\\/produkt\\\/komoda-gabriel-6-szuflad\\\/\",\"url\":\"https:\\\/\\\/demkohome.pl\\\/produkt\\\/komoda-gabriel-6-szuflad\\\/\",\"name\":\"Komoda Minima 6 szuflad - Demko Home\",\"isPartOf\":{\"@id\":\"https:\\\/\\\/demkohome.pl\\\/#website\"},\"primaryImageOfPage\":{\"@id\":\"https:\\\/\\\/demkohome.pl\\\/produkt\\\/komoda-gabriel-6-szuflad\\\/#primaryimage\"},\"image\":{\"@id\":\"https:\\\/\\\/demkohome.pl\\\/produkt\\\/komoda-gabriel-6-szuflad\\\/#primaryimage\"},\"thumbnailUrl\":\"https:\\\/\\\/demkohome.pl\\\/wp-content\\\/uploads\\\/2024\\\/11\\\/16_a5185c63-df76-4433-897c-e0430e9f3d99_1024x1024_cleanup-1.png\",\"datePublished\":\"2024-12-13T11:58:49+00:00\",\"dateModified\":\"2026-04-22T07:17:04+00:00\",\"breadcrumb\":{\"@id\":\"https:\\\/\\\/demkohome.pl\\\/produkt\\\/komoda-gabriel-6-szuflad\\\/#breadcrumb\"},\"inLanguage\":\"en-US\",\"potentialAction\":[{\"@type\":\"ReadAction\",\"target\":[\"https:\\\/\\\/demkohome.pl\\\/produkt\\\/komoda-gabriel-6-szuflad\\\/\"]}]},{\"@type\":\"ImageObject\",\"inLanguage\":\"en-US\",\"@id\":\"https:\\\/\\\/demkohome.pl\\\/produkt\\\/komoda-gabriel-6-szuflad\\\/#primaryimage\",\"url\":\"https:\\\/\\\/demkohome.pl\\\/wp-content\\\/uploads\\\/2024\\\/11\\\/16_a5185c63-df76-4433-897c-e0430e9f3d99_1024x1024_cleanup-1.png\",\"contentUrl\":\"https:\\\/\\\/demkohome.pl\\\/wp-content\\\/uploads\\\/2024\\\/11\\\/16_a5185c63-df76-4433-897c-e0430e9f3d99_1024x1024_cleanup-1.png\",\"width\":451,\"height\":378},{\"@type\":\"BreadcrumbList\",\"@id\":\"https:\\\/\\\/demkohome.pl\\\/produkt\\\/komoda-gabriel-6-szuflad\\\/#breadcrumb\",\"itemListElement\":[{\"@type\":\"ListItem\",\"position\":1,\"name\":\"Strona g\u0142\u00f3wna\",\"item\":\"https:\\\/\\\/demkohome.pl\\\/\"},{\"@type\":\"ListItem\",\"position\":2,\"name\":\"Sklep\",\"item\":\"https:\\\/\\\/demkohome.pl\\\/sklep\\\/\"},{\"@type\":\"ListItem\",\"position\":3,\"name\":\"Komoda Minima 6 szuflad\"}]},{\"@type\":\"WebSite\",\"@id\":\"https:\\\/\\\/demkohome.pl\\\/#website\",\"url\":\"https:\\\/\\\/demkohome.pl\\\/\",\"name\":\"Demko Home\",\"description\":\"Make it simple\",\"publisher\":{\"@id\":\"https:\\\/\\\/demkohome.pl\\\/#organization\"},\"potentialAction\":[{\"@type\":\"SearchAction\",\"target\":{\"@type\":\"EntryPoint\",\"urlTemplate\":\"https:\\\/\\\/demkohome.pl\\\/?s={search_term_string}\"},\"query-input\":{\"@type\":\"PropertyValueSpecification\",\"valueRequired\":true,\"valueName\":\"search_term_string\"}}],\"inLanguage\":\"en-US\"},{\"@type\":\"Organization\",\"@id\":\"https:\\\/\\\/demkohome.pl\\\/#organization\",\"name\":\"Demko Home\",\"url\":\"https:\\\/\\\/demkohome.pl\\\/\",\"logo\":{\"@type\":\"ImageObject\",\"inLanguage\":\"en-US\",\"@id\":\"https:\\\/\\\/demkohome.pl\\\/#\\\/schema\\\/logo\\\/image\\\/\",\"url\":\"https:\\\/\\\/demkohome.pl\\\/wp-content\\\/uploads\\\/2026\\\/03\\\/cropped-3.png\",\"contentUrl\":\"https:\\\/\\\/demkohome.pl\\\/wp-content\\\/uploads\\\/2026\\\/03\\\/cropped-3.png\",\"width\":250,\"height\":63,\"caption\":\"Demko Home\"},\"image\":{\"@id\":\"https:\\\/\\\/demkohome.pl\\\/#\\\/schema\\\/logo\\\/image\\\/\"}}]}<\/script>\n<!-- \/ Yoast SEO plugin. -->","yoast_head_json":{"title":"Komoda Minima 6 szuflad - Demko Home","robots":{"index":"index","follow":"follow","max-snippet":"max-snippet:-1","max-image-preview":"max-image-preview:large","max-video-preview":"max-video-preview:-1"},"canonical":"https:\/\/demkohome.pl\/en\/product\/komoda-gabriel-6-szuflad\/","og_locale":"en_US","og_type":"article","og_title":"Komoda Minima 6 szuflad - Demko Home","og_description":"Komoda Minima \u2013 nowoczesna elegancja w minimalistycznej formie Komoda Minima to propozycja dla os\u00f3b ceni\u0105cych prostot\u0119, funkcjonalno\u015b\u0107 i estetyk\u0119 w (...)","og_url":"https:\/\/demkohome.pl\/en\/product\/komoda-gabriel-6-szuflad\/","og_site_name":"Demko Home","article_modified_time":"2026-04-22T07:17:04+00:00","og_image":[{"width":451,"height":378,"url":"https:\/\/demkohome.pl\/wp-content\/uploads\/2024\/11\/16_a5185c63-df76-4433-897c-e0430e9f3d99_1024x1024_cleanup-1.png","type":"image\/png"}],"twitter_card":"summary_large_image","twitter_misc":{"Est. reading time":"2 minutes"},"schema":{"@context":"https:\/\/schema.org","@graph":[{"@type":"WebPage","@id":"https:\/\/demkohome.pl\/produkt\/komoda-gabriel-6-szuflad\/","url":"https:\/\/demkohome.pl\/produkt\/komoda-gabriel-6-szuflad\/","name":"Komoda Minima 6 szuflad - Demko Home","isPartOf":{"@id":"https:\/\/demkohome.pl\/#website"},"primaryImageOfPage":{"@id":"https:\/\/demkohome.pl\/produkt\/komoda-gabriel-6-szuflad\/#primaryimage"},"image":{"@id":"https:\/\/demkohome.pl\/produkt\/komoda-gabriel-6-szuflad\/#primaryimage"},"thumbnailUrl":"https:\/\/demkohome.pl\/wp-content\/uploads\/2024\/11\/16_a5185c63-df76-4433-897c-e0430e9f3d99_1024x1024_cleanup-1.png","datePublished":"2024-12-13T11:58:49+00:00","dateModified":"2026-04-22T07:17:04+00:00","breadcrumb":{"@id":"https:\/\/demkohome.pl\/produkt\/komoda-gabriel-6-szuflad\/#breadcrumb"},"inLanguage":"en-US","potentialAction":[{"@type":"ReadAction","target":["https:\/\/demkohome.pl\/produkt\/komoda-gabriel-6-szuflad\/"]}]},{"@type":"ImageObject","inLanguage":"en-US","@id":"https:\/\/demkohome.pl\/produkt\/komoda-gabriel-6-szuflad\/#primaryimage","url":"https:\/\/demkohome.pl\/wp-content\/uploads\/2024\/11\/16_a5185c63-df76-4433-897c-e0430e9f3d99_1024x1024_cleanup-1.png","contentUrl":"https:\/\/demkohome.pl\/wp-content\/uploads\/2024\/11\/16_a5185c63-df76-4433-897c-e0430e9f3d99_1024x1024_cleanup-1.png","width":451,"height":378},{"@type":"BreadcrumbList","@id":"https:\/\/demkohome.pl\/produkt\/komoda-gabriel-6-szuflad\/#breadcrumb","itemListElement":[{"@type":"ListItem","position":1,"name":"Strona g\u0142\u00f3wna","item":"https:\/\/demkohome.pl\/"},{"@type":"ListItem","position":2,"name":"Sklep","item":"https:\/\/demkohome.pl\/sklep\/"},{"@type":"ListItem","position":3,"name":"Komoda Minima 6 szuflad"}]},{"@type":"WebSite","@id":"https:\/\/demkohome.pl\/#website","url":"https:\/\/demkohome.pl\/","name":"Demko Home","description":"Make it simple","publisher":{"@id":"https:\/\/demkohome.pl\/#organization"},"potentialAction":[{"@type":"SearchAction","target":{"@type":"EntryPoint","urlTemplate":"https:\/\/demkohome.pl\/?s={search_term_string}"},"query-input":{"@type":"PropertyValueSpecification","valueRequired":true,"valueName":"search_term_string"}}],"inLanguage":"en-US"},{"@type":"Organization","@id":"https:\/\/demkohome.pl\/#organization","name":"Demko Home","url":"https:\/\/demkohome.pl\/","logo":{"@type":"ImageObject","inLanguage":"en-US","@id":"https:\/\/demkohome.pl\/#\/schema\/logo\/image\/","url":"https:\/\/demkohome.pl\/wp-content\/uploads\/2026\/03\/cropped-3.png","contentUrl":"https:\/\/demkohome.pl\/wp-content\/uploads\/2026\/03\/cropped-3.png","width":250,"height":63,"caption":"Demko Home"},"image":{"@id":"https:\/\/demkohome.pl\/#\/schema\/logo\/image\/"}}]}},"_links":{"self":[{"href":"https:\/\/demkohome.pl\/en\/wp-json\/wp\/v2\/product\/14649","targetHints":{"allow":["GET"]}}],"collection":[{"href":"https:\/\/demkohome.pl\/en\/wp-json\/wp\/v2\/product"}],"about":[{"href":"https:\/\/demkohome.pl\/en\/wp-json\/wp\/v2\/types\/product"}],"replies":[{"embeddable":true,"href":"https:\/\/demkohome.pl\/en\/wp-json\/wp\/v2\/comments?post=14649"}],"wp:featuredmedia":[{"embeddable":true,"href":"https:\/\/demkohome.pl\/en\/wp-json\/wp\/v2\/media\/14656"}],"wp:attachment":[{"href":"https:\/\/demkohome.pl\/en\/wp-json\/wp\/v2\/media?parent=14649"}],"wp:term":[{"taxonomy":"product_brand","embeddable":true,"href":"https:\/\/demkohome.pl\/en\/wp-json\/wp\/v2\/product_brand?post=14649"},{"taxonomy":"product_cat","embeddable":true,"href":"https:\/\/demkohome.pl\/en\/wp-json\/wp\/v2\/product_cat?post=14649"},{"taxonomy":"product_tag","embeddable":true,"href":"https:\/\/demkohome.pl\/en\/wp-json\/wp\/v2\/product_tag?post=14649"}],"curies":[{"name":"wp","href":"https:\/\/api.w.org\/{rel}","templated":true}]}}