{"id":14858,"date":"2024-11-20T14:57:42","date_gmt":"2024-11-20T13:57:42","guid":{"rendered":"https:\/\/demkohome.pl\/?post_type=product&#038;p=14858"},"modified":"2026-04-29T15:16:53","modified_gmt":"2026-04-29T13:16:53","slug":"biurko-k-can-can","status":"publish","type":"product","link":"https:\/\/demkohome.pl\/en\/product\/biurko-k-can-can\/","title":{"rendered":"Desk \"K\" Can Can"},"content":{"rendered":"<p><strong>Can desk<\/strong><\/p>\n<p>Elegant and functional, the Can Can desk is the perfect solution for any modern interior, combining style, practicality and durability. Made of quality board in San Remo and white, the Can Can desk provides not only long-lasting durability, but also an aesthetic appearance that will delight even the most demanding users.<\/p>\n<p>The desk features a spacious top that offers enough space for your computer, documents, office accessories, and decorations to give your workspace a personal touch. Ergonomically designed with comfort in mind, the Can Can desk allows you to work comfortably for hours without feeling tired.<\/p>\n<p>Additional advantages of the desk are a practical drawer and storage compartment, which will help to keep the necessary accessories in order and organized. The solid construction ensures maximum security and safety during use.<\/p>\n<p>The modern design of the Can Can desk fits perfectly with the minimalist aesthetic, making it a perfect fit for any type of interior - from a home office to a corporate space. Finished in an elegant color with subtle details, this desk will become the focal point of any room, giving it a unique and stylish character.<\/p>","protected":false},"excerpt":{"rendered":"<p>Biurko Can Can Eleganckie i funkcjonalne biurko Can Can to doskona\u0142e rozwi\u0105zanie dla ka\u017cdego nowoczesnego wn\u0119trza, \u0142\u0105cz\u0105ce w sobie styl, (&#8230;)<\/p>","protected":false},"featured_media":14859,"comment_status":"open","ping_status":"closed","template":"","meta":{"_acf_changed":false,"inline_featured_image":false},"product_brand":[],"product_cat":[134,145,133,139],"product_tag":[],"class_list":{"0":"post-14858","1":"product","2":"type-product","3":"status-publish","4":"has-post-thumbnail","6":"product_cat-biurka","7":"product_cat-biuro","8":"product_cat-meble-biurowe","9":"product_cat-pomieszczenia","10":"product_shipping_class-paczka-nst-x-2","11":"collection-back-to-study","12":"collection-can-can-b","14":"first","15":"instock","16":"sale","17":"shipping-taxable","18":"purchasable","19":"product-type-simple"},"acf":[],"yoast_head":"<!-- This site is optimized with the Yoast SEO plugin v27.4 - https:\/\/yoast.com\/product\/yoast-seo-wordpress\/ -->\n<title>Biurko &quot;K&quot; Can Can - Demko Home<\/title>\n<meta name=\"robots\" content=\"index, follow, max-snippet:-1, max-image-preview:large, max-video-preview:-1\" \/>\n<link rel=\"canonical\" href=\"https:\/\/demkohome.pl\/en\/product\/biurko-k-can-can\/\" \/>\n<meta property=\"og:locale\" content=\"en_US\" \/>\n<meta property=\"og:type\" content=\"article\" \/>\n<meta property=\"og:title\" content=\"Biurko &quot;K&quot; Can Can - Demko Home\" \/>\n<meta property=\"og:description\" content=\"Biurko Can Can Eleganckie i funkcjonalne biurko Can Can to doskona\u0142e rozwi\u0105zanie dla ka\u017cdego nowoczesnego wn\u0119trza, \u0142\u0105cz\u0105ce w sobie styl, (...)\" \/>\n<meta property=\"og:url\" content=\"https:\/\/demkohome.pl\/en\/product\/biurko-k-can-can\/\" \/>\n<meta property=\"og:site_name\" content=\"Demko Home\" \/>\n<meta property=\"article:modified_time\" content=\"2026-04-29T13:16:53+00:00\" \/>\n<meta property=\"og:image\" content=\"https:\/\/demkohome.pl\/wp-content\/uploads\/2024\/11\/CAN-CAN-Biurko-K-San_Re-Bialy.jpg\" \/>\n\t<meta property=\"og:image:width\" content=\"1280\" \/>\n\t<meta property=\"og:image:height\" content=\"854\" \/>\n\t<meta property=\"og:image:type\" content=\"image\/jpeg\" \/>\n<meta name=\"twitter:card\" content=\"summary_large_image\" \/>\n<meta name=\"twitter:label1\" content=\"Est. reading time\" \/>\n\t<meta name=\"twitter:data1\" content=\"2 minutes\" \/>\n<script type=\"application\/ld+json\" class=\"yoast-schema-graph\">{\"@context\":\"https:\\\/\\\/schema.org\",\"@graph\":[{\"@type\":\"WebPage\",\"@id\":\"https:\\\/\\\/demkohome.pl\\\/produkt\\\/biurko-k-can-can\\\/\",\"url\":\"https:\\\/\\\/demkohome.pl\\\/produkt\\\/biurko-k-can-can\\\/\",\"name\":\"Biurko \\\"K\\\" Can Can - Demko Home\",\"isPartOf\":{\"@id\":\"https:\\\/\\\/demkohome.pl\\\/#website\"},\"primaryImageOfPage\":{\"@id\":\"https:\\\/\\\/demkohome.pl\\\/produkt\\\/biurko-k-can-can\\\/#primaryimage\"},\"image\":{\"@id\":\"https:\\\/\\\/demkohome.pl\\\/produkt\\\/biurko-k-can-can\\\/#primaryimage\"},\"thumbnailUrl\":\"https:\\\/\\\/demkohome.pl\\\/wp-content\\\/uploads\\\/2024\\\/11\\\/CAN-CAN-Biurko-K-San_Re-Bialy.jpg\",\"datePublished\":\"2024-11-20T13:57:42+00:00\",\"dateModified\":\"2026-04-29T13:16:53+00:00\",\"breadcrumb\":{\"@id\":\"https:\\\/\\\/demkohome.pl\\\/produkt\\\/biurko-k-can-can\\\/#breadcrumb\"},\"inLanguage\":\"en-US\",\"potentialAction\":[{\"@type\":\"ReadAction\",\"target\":[\"https:\\\/\\\/demkohome.pl\\\/produkt\\\/biurko-k-can-can\\\/\"]}]},{\"@type\":\"ImageObject\",\"inLanguage\":\"en-US\",\"@id\":\"https:\\\/\\\/demkohome.pl\\\/produkt\\\/biurko-k-can-can\\\/#primaryimage\",\"url\":\"https:\\\/\\\/demkohome.pl\\\/wp-content\\\/uploads\\\/2024\\\/11\\\/CAN-CAN-Biurko-K-San_Re-Bialy.jpg\",\"contentUrl\":\"https:\\\/\\\/demkohome.pl\\\/wp-content\\\/uploads\\\/2024\\\/11\\\/CAN-CAN-Biurko-K-San_Re-Bialy.jpg\",\"width\":1280,\"height\":854},{\"@type\":\"BreadcrumbList\",\"@id\":\"https:\\\/\\\/demkohome.pl\\\/produkt\\\/biurko-k-can-can\\\/#breadcrumb\",\"itemListElement\":[{\"@type\":\"ListItem\",\"position\":1,\"name\":\"Strona g\u0142\u00f3wna\",\"item\":\"https:\\\/\\\/demkohome.pl\\\/\"},{\"@type\":\"ListItem\",\"position\":2,\"name\":\"Sklep\",\"item\":\"https:\\\/\\\/demkohome.pl\\\/sklep\\\/\"},{\"@type\":\"ListItem\",\"position\":3,\"name\":\"Biurko &#8222;K&#8221; Can Can\"}]},{\"@type\":\"WebSite\",\"@id\":\"https:\\\/\\\/demkohome.pl\\\/#website\",\"url\":\"https:\\\/\\\/demkohome.pl\\\/\",\"name\":\"Demko Home\",\"description\":\"Make it simple\",\"publisher\":{\"@id\":\"https:\\\/\\\/demkohome.pl\\\/#organization\"},\"potentialAction\":[{\"@type\":\"SearchAction\",\"target\":{\"@type\":\"EntryPoint\",\"urlTemplate\":\"https:\\\/\\\/demkohome.pl\\\/?s={search_term_string}\"},\"query-input\":{\"@type\":\"PropertyValueSpecification\",\"valueRequired\":true,\"valueName\":\"search_term_string\"}}],\"inLanguage\":\"en-US\"},{\"@type\":\"Organization\",\"@id\":\"https:\\\/\\\/demkohome.pl\\\/#organization\",\"name\":\"Demko Home\",\"url\":\"https:\\\/\\\/demkohome.pl\\\/\",\"logo\":{\"@type\":\"ImageObject\",\"inLanguage\":\"en-US\",\"@id\":\"https:\\\/\\\/demkohome.pl\\\/#\\\/schema\\\/logo\\\/image\\\/\",\"url\":\"https:\\\/\\\/demkohome.pl\\\/wp-content\\\/uploads\\\/2026\\\/03\\\/cropped-3.png\",\"contentUrl\":\"https:\\\/\\\/demkohome.pl\\\/wp-content\\\/uploads\\\/2026\\\/03\\\/cropped-3.png\",\"width\":250,\"height\":63,\"caption\":\"Demko Home\"},\"image\":{\"@id\":\"https:\\\/\\\/demkohome.pl\\\/#\\\/schema\\\/logo\\\/image\\\/\"}}]}<\/script>\n<!-- \/ Yoast SEO plugin. -->","yoast_head_json":{"title":"Biurko \"K\" Can Can - Demko Home","robots":{"index":"index","follow":"follow","max-snippet":"max-snippet:-1","max-image-preview":"max-image-preview:large","max-video-preview":"max-video-preview:-1"},"canonical":"https:\/\/demkohome.pl\/en\/product\/biurko-k-can-can\/","og_locale":"en_US","og_type":"article","og_title":"Biurko \"K\" Can Can - Demko Home","og_description":"Biurko Can Can Eleganckie i funkcjonalne biurko Can Can to doskona\u0142e rozwi\u0105zanie dla ka\u017cdego nowoczesnego wn\u0119trza, \u0142\u0105cz\u0105ce w sobie styl, (...)","og_url":"https:\/\/demkohome.pl\/en\/product\/biurko-k-can-can\/","og_site_name":"Demko Home","article_modified_time":"2026-04-29T13:16:53+00:00","og_image":[{"width":1280,"height":854,"url":"https:\/\/demkohome.pl\/wp-content\/uploads\/2024\/11\/CAN-CAN-Biurko-K-San_Re-Bialy.jpg","type":"image\/jpeg"}],"twitter_card":"summary_large_image","twitter_misc":{"Est. reading time":"2 minutes"},"schema":{"@context":"https:\/\/schema.org","@graph":[{"@type":"WebPage","@id":"https:\/\/demkohome.pl\/produkt\/biurko-k-can-can\/","url":"https:\/\/demkohome.pl\/produkt\/biurko-k-can-can\/","name":"Biurko \"K\" Can Can - Demko Home","isPartOf":{"@id":"https:\/\/demkohome.pl\/#website"},"primaryImageOfPage":{"@id":"https:\/\/demkohome.pl\/produkt\/biurko-k-can-can\/#primaryimage"},"image":{"@id":"https:\/\/demkohome.pl\/produkt\/biurko-k-can-can\/#primaryimage"},"thumbnailUrl":"https:\/\/demkohome.pl\/wp-content\/uploads\/2024\/11\/CAN-CAN-Biurko-K-San_Re-Bialy.jpg","datePublished":"2024-11-20T13:57:42+00:00","dateModified":"2026-04-29T13:16:53+00:00","breadcrumb":{"@id":"https:\/\/demkohome.pl\/produkt\/biurko-k-can-can\/#breadcrumb"},"inLanguage":"en-US","potentialAction":[{"@type":"ReadAction","target":["https:\/\/demkohome.pl\/produkt\/biurko-k-can-can\/"]}]},{"@type":"ImageObject","inLanguage":"en-US","@id":"https:\/\/demkohome.pl\/produkt\/biurko-k-can-can\/#primaryimage","url":"https:\/\/demkohome.pl\/wp-content\/uploads\/2024\/11\/CAN-CAN-Biurko-K-San_Re-Bialy.jpg","contentUrl":"https:\/\/demkohome.pl\/wp-content\/uploads\/2024\/11\/CAN-CAN-Biurko-K-San_Re-Bialy.jpg","width":1280,"height":854},{"@type":"BreadcrumbList","@id":"https:\/\/demkohome.pl\/produkt\/biurko-k-can-can\/#breadcrumb","itemListElement":[{"@type":"ListItem","position":1,"name":"Strona g\u0142\u00f3wna","item":"https:\/\/demkohome.pl\/"},{"@type":"ListItem","position":2,"name":"Sklep","item":"https:\/\/demkohome.pl\/sklep\/"},{"@type":"ListItem","position":3,"name":"Biurko &#8222;K&#8221; Can Can"}]},{"@type":"WebSite","@id":"https:\/\/demkohome.pl\/#website","url":"https:\/\/demkohome.pl\/","name":"Demko Home","description":"Make it simple","publisher":{"@id":"https:\/\/demkohome.pl\/#organization"},"potentialAction":[{"@type":"SearchAction","target":{"@type":"EntryPoint","urlTemplate":"https:\/\/demkohome.pl\/?s={search_term_string}"},"query-input":{"@type":"PropertyValueSpecification","valueRequired":true,"valueName":"search_term_string"}}],"inLanguage":"en-US"},{"@type":"Organization","@id":"https:\/\/demkohome.pl\/#organization","name":"Demko Home","url":"https:\/\/demkohome.pl\/","logo":{"@type":"ImageObject","inLanguage":"en-US","@id":"https:\/\/demkohome.pl\/#\/schema\/logo\/image\/","url":"https:\/\/demkohome.pl\/wp-content\/uploads\/2026\/03\/cropped-3.png","contentUrl":"https:\/\/demkohome.pl\/wp-content\/uploads\/2026\/03\/cropped-3.png","width":250,"height":63,"caption":"Demko Home"},"image":{"@id":"https:\/\/demkohome.pl\/#\/schema\/logo\/image\/"}}]}},"_links":{"self":[{"href":"https:\/\/demkohome.pl\/en\/wp-json\/wp\/v2\/product\/14858","targetHints":{"allow":["GET"]}}],"collection":[{"href":"https:\/\/demkohome.pl\/en\/wp-json\/wp\/v2\/product"}],"about":[{"href":"https:\/\/demkohome.pl\/en\/wp-json\/wp\/v2\/types\/product"}],"replies":[{"embeddable":true,"href":"https:\/\/demkohome.pl\/en\/wp-json\/wp\/v2\/comments?post=14858"}],"wp:featuredmedia":[{"embeddable":true,"href":"https:\/\/demkohome.pl\/en\/wp-json\/wp\/v2\/media\/14859"}],"wp:attachment":[{"href":"https:\/\/demkohome.pl\/en\/wp-json\/wp\/v2\/media?parent=14858"}],"wp:term":[{"taxonomy":"product_brand","embeddable":true,"href":"https:\/\/demkohome.pl\/en\/wp-json\/wp\/v2\/product_brand?post=14858"},{"taxonomy":"product_cat","embeddable":true,"href":"https:\/\/demkohome.pl\/en\/wp-json\/wp\/v2\/product_cat?post=14858"},{"taxonomy":"product_tag","embeddable":true,"href":"https:\/\/demkohome.pl\/en\/wp-json\/wp\/v2\/product_tag?post=14858"}],"curies":[{"name":"wp","href":"https:\/\/api.w.org\/{rel}","templated":true}]}}