{"id":14910,"date":"2024-11-21T09:43:48","date_gmt":"2024-11-21T08:43:48","guid":{"rendered":"https:\/\/demkohome.pl\/?post_type=product&#038;p=14910"},"modified":"2026-04-22T09:17:04","modified_gmt":"2026-04-22T07:17:04","slug":"szafa-b8-can-can","status":"publish","type":"product","link":"https:\/\/demkohome.pl\/en\/product\/szafa-b8-can-can\/","title":{"rendered":"Cabinet \"B8\" Can Can"},"content":{"rendered":"<p>The \"B8\" closet from the Can Can collection is the perfect solution for modern offices that need functional and elegant storage furniture. Made of high-quality board in San Remo color, this closet is distinguished by a minimalist design that fits perfectly into contemporary office interiors.<\/p>\n<p>The closet features a sturdy wooden frame in a natural finish, which gives it an elegant and professional look. Two white doors with horizontal handles in the center highlight the furniture's modern style, while providing easy access to stored items.<\/p>\n<p>The interior of the \"B8\" cabinet is designed for maximum office functionality. Capacious shelves and compartments allow you to store documents, office supplies and personal items, so you can maintain a tidy and organized work space.<\/p>\n<p>The solid construction and stable legs of the \"B8\" closet guarantee safety and durability, making it ideal for intensive use in the office. Its simple, yet elegant appearance makes the closet perfectly compatible with other furniture from the Can Can collection, creating a cohesive and aesthetically pleasing space.<\/p>\n<p>Available in an elegant, bright finish, the \"B8\" closet Can Can is a piece of furniture that combines style, quality and functionality. It is an excellent choice for offices that are looking for practical and stylish storage solutions.<\/p>","protected":false},"excerpt":{"rendered":"<p>Szafa &#8222;B8&#8221; z kolekcji Can Can to doskona\u0142e rozwi\u0105zanie dla nowoczesnych biur, kt\u00f3re potrzebuj\u0105 funkcjonalnych i eleganckich mebli do przechowywania. (&#8230;)<\/p>","protected":false},"featured_media":14906,"comment_status":"open","ping_status":"closed","template":"","meta":{"_acf_changed":false,"inline_featured_image":false},"product_brand":[],"product_cat":[145,133,139,135],"product_tag":[],"class_list":{"0":"post-14910","1":"product","2":"type-product","3":"status-publish","4":"has-post-thumbnail","6":"product_cat-biuro","7":"product_cat-meble-biurowe","8":"product_cat-pomieszczenia","9":"product_cat-regaly-meble-biurowe","10":"product_shipping_class-paleta-200-cm-x-80cm","11":"collection-back-to-study","12":"collection-can-can-b","14":"first","15":"instock","16":"sale","17":"shipping-taxable","18":"purchasable","19":"product-type-simple"},"acf":[],"yoast_head":"<!-- This site is optimized with the Yoast SEO plugin v27.4 - https:\/\/yoast.com\/product\/yoast-seo-wordpress\/ -->\n<title>Szafa &quot;B8&quot; Can Can - Demko Home<\/title>\n<meta name=\"robots\" content=\"index, follow, max-snippet:-1, max-image-preview:large, max-video-preview:-1\" \/>\n<link rel=\"canonical\" href=\"https:\/\/demkohome.pl\/en\/product\/szafa-b8-can-can\/\" \/>\n<meta property=\"og:locale\" content=\"en_US\" \/>\n<meta property=\"og:type\" content=\"article\" \/>\n<meta property=\"og:title\" content=\"Szafa &quot;B8&quot; Can Can - Demko Home\" \/>\n<meta property=\"og:description\" content=\"Szafa &#8222;B8&#8221; z kolekcji Can Can to doskona\u0142e rozwi\u0105zanie dla nowoczesnych biur, kt\u00f3re potrzebuj\u0105 funkcjonalnych i eleganckich mebli do przechowywania. (...)\" \/>\n<meta property=\"og:url\" content=\"https:\/\/demkohome.pl\/en\/product\/szafa-b8-can-can\/\" \/>\n<meta property=\"og:site_name\" content=\"Demko Home\" \/>\n<meta property=\"article:modified_time\" content=\"2026-04-22T07:17:04+00:00\" \/>\n<meta property=\"og:image\" content=\"https:\/\/demkohome.pl\/wp-content\/uploads\/2024\/11\/CAN-CAN-B8-SAN_RE-Bialy.jpg\" \/>\n\t<meta property=\"og:image:width\" content=\"854\" \/>\n\t<meta property=\"og:image:height\" content=\"1280\" \/>\n\t<meta property=\"og:image:type\" content=\"image\/jpeg\" \/>\n<meta name=\"twitter:card\" content=\"summary_large_image\" \/>\n<meta name=\"twitter:label1\" content=\"Est. reading time\" \/>\n\t<meta name=\"twitter:data1\" content=\"2 minutes\" \/>\n<script type=\"application\/ld+json\" class=\"yoast-schema-graph\">{\"@context\":\"https:\\\/\\\/schema.org\",\"@graph\":[{\"@type\":\"WebPage\",\"@id\":\"https:\\\/\\\/demkohome.pl\\\/produkt\\\/szafa-b8-can-can\\\/\",\"url\":\"https:\\\/\\\/demkohome.pl\\\/produkt\\\/szafa-b8-can-can\\\/\",\"name\":\"Szafa \\\"B8\\\" Can Can - Demko Home\",\"isPartOf\":{\"@id\":\"https:\\\/\\\/demkohome.pl\\\/#website\"},\"primaryImageOfPage\":{\"@id\":\"https:\\\/\\\/demkohome.pl\\\/produkt\\\/szafa-b8-can-can\\\/#primaryimage\"},\"image\":{\"@id\":\"https:\\\/\\\/demkohome.pl\\\/produkt\\\/szafa-b8-can-can\\\/#primaryimage\"},\"thumbnailUrl\":\"https:\\\/\\\/demkohome.pl\\\/wp-content\\\/uploads\\\/2024\\\/11\\\/CAN-CAN-B8-SAN_RE-Bialy.jpg\",\"datePublished\":\"2024-11-21T08:43:48+00:00\",\"dateModified\":\"2026-04-22T07:17:04+00:00\",\"breadcrumb\":{\"@id\":\"https:\\\/\\\/demkohome.pl\\\/produkt\\\/szafa-b8-can-can\\\/#breadcrumb\"},\"inLanguage\":\"en-US\",\"potentialAction\":[{\"@type\":\"ReadAction\",\"target\":[\"https:\\\/\\\/demkohome.pl\\\/produkt\\\/szafa-b8-can-can\\\/\"]}]},{\"@type\":\"ImageObject\",\"inLanguage\":\"en-US\",\"@id\":\"https:\\\/\\\/demkohome.pl\\\/produkt\\\/szafa-b8-can-can\\\/#primaryimage\",\"url\":\"https:\\\/\\\/demkohome.pl\\\/wp-content\\\/uploads\\\/2024\\\/11\\\/CAN-CAN-B8-SAN_RE-Bialy.jpg\",\"contentUrl\":\"https:\\\/\\\/demkohome.pl\\\/wp-content\\\/uploads\\\/2024\\\/11\\\/CAN-CAN-B8-SAN_RE-Bialy.jpg\",\"width\":854,\"height\":1280},{\"@type\":\"BreadcrumbList\",\"@id\":\"https:\\\/\\\/demkohome.pl\\\/produkt\\\/szafa-b8-can-can\\\/#breadcrumb\",\"itemListElement\":[{\"@type\":\"ListItem\",\"position\":1,\"name\":\"Strona g\u0142\u00f3wna\",\"item\":\"https:\\\/\\\/demkohome.pl\\\/\"},{\"@type\":\"ListItem\",\"position\":2,\"name\":\"Sklep\",\"item\":\"https:\\\/\\\/demkohome.pl\\\/sklep\\\/\"},{\"@type\":\"ListItem\",\"position\":3,\"name\":\"Szafa &#8222;B8&#8221; Can Can\"}]},{\"@type\":\"WebSite\",\"@id\":\"https:\\\/\\\/demkohome.pl\\\/#website\",\"url\":\"https:\\\/\\\/demkohome.pl\\\/\",\"name\":\"Demko Home\",\"description\":\"Make it simple\",\"publisher\":{\"@id\":\"https:\\\/\\\/demkohome.pl\\\/#organization\"},\"potentialAction\":[{\"@type\":\"SearchAction\",\"target\":{\"@type\":\"EntryPoint\",\"urlTemplate\":\"https:\\\/\\\/demkohome.pl\\\/?s={search_term_string}\"},\"query-input\":{\"@type\":\"PropertyValueSpecification\",\"valueRequired\":true,\"valueName\":\"search_term_string\"}}],\"inLanguage\":\"en-US\"},{\"@type\":\"Organization\",\"@id\":\"https:\\\/\\\/demkohome.pl\\\/#organization\",\"name\":\"Demko Home\",\"url\":\"https:\\\/\\\/demkohome.pl\\\/\",\"logo\":{\"@type\":\"ImageObject\",\"inLanguage\":\"en-US\",\"@id\":\"https:\\\/\\\/demkohome.pl\\\/#\\\/schema\\\/logo\\\/image\\\/\",\"url\":\"https:\\\/\\\/demkohome.pl\\\/wp-content\\\/uploads\\\/2026\\\/03\\\/cropped-3.png\",\"contentUrl\":\"https:\\\/\\\/demkohome.pl\\\/wp-content\\\/uploads\\\/2026\\\/03\\\/cropped-3.png\",\"width\":250,\"height\":63,\"caption\":\"Demko Home\"},\"image\":{\"@id\":\"https:\\\/\\\/demkohome.pl\\\/#\\\/schema\\\/logo\\\/image\\\/\"}}]}<\/script>\n<!-- \/ Yoast SEO plugin. -->","yoast_head_json":{"title":"Szafa \"B8\" Can Can - Demko Home","robots":{"index":"index","follow":"follow","max-snippet":"max-snippet:-1","max-image-preview":"max-image-preview:large","max-video-preview":"max-video-preview:-1"},"canonical":"https:\/\/demkohome.pl\/en\/product\/szafa-b8-can-can\/","og_locale":"en_US","og_type":"article","og_title":"Szafa \"B8\" Can Can - Demko Home","og_description":"Szafa &#8222;B8&#8221; z kolekcji Can Can to doskona\u0142e rozwi\u0105zanie dla nowoczesnych biur, kt\u00f3re potrzebuj\u0105 funkcjonalnych i eleganckich mebli do przechowywania. (...)","og_url":"https:\/\/demkohome.pl\/en\/product\/szafa-b8-can-can\/","og_site_name":"Demko Home","article_modified_time":"2026-04-22T07:17:04+00:00","og_image":[{"width":854,"height":1280,"url":"https:\/\/demkohome.pl\/wp-content\/uploads\/2024\/11\/CAN-CAN-B8-SAN_RE-Bialy.jpg","type":"image\/jpeg"}],"twitter_card":"summary_large_image","twitter_misc":{"Est. reading time":"2 minutes"},"schema":{"@context":"https:\/\/schema.org","@graph":[{"@type":"WebPage","@id":"https:\/\/demkohome.pl\/produkt\/szafa-b8-can-can\/","url":"https:\/\/demkohome.pl\/produkt\/szafa-b8-can-can\/","name":"Szafa \"B8\" Can Can - Demko Home","isPartOf":{"@id":"https:\/\/demkohome.pl\/#website"},"primaryImageOfPage":{"@id":"https:\/\/demkohome.pl\/produkt\/szafa-b8-can-can\/#primaryimage"},"image":{"@id":"https:\/\/demkohome.pl\/produkt\/szafa-b8-can-can\/#primaryimage"},"thumbnailUrl":"https:\/\/demkohome.pl\/wp-content\/uploads\/2024\/11\/CAN-CAN-B8-SAN_RE-Bialy.jpg","datePublished":"2024-11-21T08:43:48+00:00","dateModified":"2026-04-22T07:17:04+00:00","breadcrumb":{"@id":"https:\/\/demkohome.pl\/produkt\/szafa-b8-can-can\/#breadcrumb"},"inLanguage":"en-US","potentialAction":[{"@type":"ReadAction","target":["https:\/\/demkohome.pl\/produkt\/szafa-b8-can-can\/"]}]},{"@type":"ImageObject","inLanguage":"en-US","@id":"https:\/\/demkohome.pl\/produkt\/szafa-b8-can-can\/#primaryimage","url":"https:\/\/demkohome.pl\/wp-content\/uploads\/2024\/11\/CAN-CAN-B8-SAN_RE-Bialy.jpg","contentUrl":"https:\/\/demkohome.pl\/wp-content\/uploads\/2024\/11\/CAN-CAN-B8-SAN_RE-Bialy.jpg","width":854,"height":1280},{"@type":"BreadcrumbList","@id":"https:\/\/demkohome.pl\/produkt\/szafa-b8-can-can\/#breadcrumb","itemListElement":[{"@type":"ListItem","position":1,"name":"Strona g\u0142\u00f3wna","item":"https:\/\/demkohome.pl\/"},{"@type":"ListItem","position":2,"name":"Sklep","item":"https:\/\/demkohome.pl\/sklep\/"},{"@type":"ListItem","position":3,"name":"Szafa &#8222;B8&#8221; Can Can"}]},{"@type":"WebSite","@id":"https:\/\/demkohome.pl\/#website","url":"https:\/\/demkohome.pl\/","name":"Demko Home","description":"Make it simple","publisher":{"@id":"https:\/\/demkohome.pl\/#organization"},"potentialAction":[{"@type":"SearchAction","target":{"@type":"EntryPoint","urlTemplate":"https:\/\/demkohome.pl\/?s={search_term_string}"},"query-input":{"@type":"PropertyValueSpecification","valueRequired":true,"valueName":"search_term_string"}}],"inLanguage":"en-US"},{"@type":"Organization","@id":"https:\/\/demkohome.pl\/#organization","name":"Demko Home","url":"https:\/\/demkohome.pl\/","logo":{"@type":"ImageObject","inLanguage":"en-US","@id":"https:\/\/demkohome.pl\/#\/schema\/logo\/image\/","url":"https:\/\/demkohome.pl\/wp-content\/uploads\/2026\/03\/cropped-3.png","contentUrl":"https:\/\/demkohome.pl\/wp-content\/uploads\/2026\/03\/cropped-3.png","width":250,"height":63,"caption":"Demko Home"},"image":{"@id":"https:\/\/demkohome.pl\/#\/schema\/logo\/image\/"}}]}},"_links":{"self":[{"href":"https:\/\/demkohome.pl\/en\/wp-json\/wp\/v2\/product\/14910","targetHints":{"allow":["GET"]}}],"collection":[{"href":"https:\/\/demkohome.pl\/en\/wp-json\/wp\/v2\/product"}],"about":[{"href":"https:\/\/demkohome.pl\/en\/wp-json\/wp\/v2\/types\/product"}],"replies":[{"embeddable":true,"href":"https:\/\/demkohome.pl\/en\/wp-json\/wp\/v2\/comments?post=14910"}],"wp:featuredmedia":[{"embeddable":true,"href":"https:\/\/demkohome.pl\/en\/wp-json\/wp\/v2\/media\/14906"}],"wp:attachment":[{"href":"https:\/\/demkohome.pl\/en\/wp-json\/wp\/v2\/media?parent=14910"}],"wp:term":[{"taxonomy":"product_brand","embeddable":true,"href":"https:\/\/demkohome.pl\/en\/wp-json\/wp\/v2\/product_brand?post=14910"},{"taxonomy":"product_cat","embeddable":true,"href":"https:\/\/demkohome.pl\/en\/wp-json\/wp\/v2\/product_cat?post=14910"},{"taxonomy":"product_tag","embeddable":true,"href":"https:\/\/demkohome.pl\/en\/wp-json\/wp\/v2\/product_tag?post=14910"}],"curies":[{"name":"wp","href":"https:\/\/api.w.org\/{rel}","templated":true}]}}