{"id":14911,"date":"2024-11-21T09:53:07","date_gmt":"2024-11-21T08:53:07","guid":{"rendered":"https:\/\/demkohome.pl\/?post_type=product&#038;p=14911"},"modified":"2026-04-05T09:16:59","modified_gmt":"2026-04-05T07:16:59","slug":"komoda-b7-can-can","status":"publish","type":"product","link":"https:\/\/demkohome.pl\/en\/product\/komoda-b7-can-can\/","title":{"rendered":"Chest of drawers \"B7\" Can Can"},"content":{"rendered":"<p>The \"B7\" chest of drawers from the Can Can collection is an elegant and functional storage solution that will work perfectly in any modern interior. Made of board in San Remo decor, this chest of drawers combines style and practicality to create a piece of furniture that is both beautiful and useful.<\/p>\n<p>The \"B7\" chest of drawers features a modern design that catches the eye with its simplicity and elegance. The light wooden frame, combined with four white drawers equipped with horizontal silver handles, gives the dresser a stylish and contemporary look. This chest of drawers blends perfectly with various design styles, bringing modern character and lightness to the interior.<\/p>\n<p>The spacious drawers of the \"B7\" chest of drawers offer plenty of space to store a variety of items, from clothes to documents to everyday accessories. Each drawer is equipped with a modern mechanism that allows smooth and quiet opening and closing, which ensures comfort.<\/p>\n<p>The solid construction of the dresser \"B7\" guarantees durability and stability, making it a piece of furniture that will serve for many years. Stable legs provide confidence and safety of use, and high-quality materials used in the production of the dresser add to its value and durability.<\/p>\n<p>Thanks to its elegant appearance and functionality, the \"B7\" dresser from the Can Can collection will be perfect for both the living room, bedroom and office, bringing unique character and style to the interior. This is an ideal solution for those who are looking for practical and stylish storage furniture, which at the same time emphasizes modern interior design.<\/p>","protected":false},"excerpt":{"rendered":"<p>Komoda &#8222;B7&#8221; z kolekcji Can Can to eleganckie i funkcjonalne rozwi\u0105zanie do przechowywania, kt\u00f3re doskonale sprawdzi si\u0119 w ka\u017cdym nowoczesnym (&#8230;)<\/p>","protected":false},"featured_media":14904,"comment_status":"open","ping_status":"closed","template":"","meta":{"_acf_changed":false,"inline_featured_image":false},"product_brand":[],"product_cat":[145,133,139],"product_tag":[],"class_list":{"0":"post-14911","1":"product","2":"type-product","3":"status-publish","4":"has-post-thumbnail","6":"product_cat-biuro","7":"product_cat-meble-biurowe","8":"product_cat-pomieszczenia","9":"product_shipping_class-paczka-nst-x-1","10":"collection-back-to-study","11":"collection-can-can-b","13":"first","14":"instock","15":"sale","16":"shipping-taxable","17":"purchasable","18":"product-type-simple"},"acf":[],"yoast_head":"<!-- This site is optimized with the Yoast SEO plugin v27.1.1 - https:\/\/yoast.com\/product\/yoast-seo-wordpress\/ -->\n<title>Komoda &quot;B7&quot; Can Can - Demko Home<\/title>\n<meta name=\"robots\" content=\"index, follow, max-snippet:-1, max-image-preview:large, max-video-preview:-1\" \/>\n<link rel=\"canonical\" href=\"https:\/\/demkohome.pl\/en\/product\/komoda-b7-can-can\/\" \/>\n<meta property=\"og:locale\" content=\"en_US\" \/>\n<meta property=\"og:type\" content=\"article\" \/>\n<meta property=\"og:title\" content=\"Komoda &quot;B7&quot; Can Can - Demko Home\" \/>\n<meta property=\"og:description\" content=\"Komoda &#8222;B7&#8221; z kolekcji Can Can to eleganckie i funkcjonalne rozwi\u0105zanie do przechowywania, kt\u00f3re doskonale sprawdzi si\u0119 w ka\u017cdym nowoczesnym (...)\" \/>\n<meta property=\"og:url\" content=\"https:\/\/demkohome.pl\/en\/product\/komoda-b7-can-can\/\" \/>\n<meta property=\"og:site_name\" content=\"Demko Home\" \/>\n<meta property=\"article:modified_time\" content=\"2026-04-05T07:16:59+00:00\" \/>\n<meta property=\"og:image\" content=\"https:\/\/demkohome.pl\/wp-content\/uploads\/2024\/11\/CAN-CAN-B7-SAN_RE-Bialy.jpg\" \/>\n\t<meta property=\"og:image:width\" content=\"1280\" \/>\n\t<meta property=\"og:image:height\" content=\"1280\" \/>\n\t<meta property=\"og:image:type\" content=\"image\/jpeg\" \/>\n<meta name=\"twitter:card\" content=\"summary_large_image\" \/>\n<meta name=\"twitter:label1\" content=\"Est. reading time\" \/>\n\t<meta name=\"twitter:data1\" content=\"2 minutes\" \/>\n<script type=\"application\/ld+json\" class=\"yoast-schema-graph\">{\"@context\":\"https:\/\/schema.org\",\"@graph\":[{\"@type\":\"WebPage\",\"@id\":\"https:\/\/demkohome.pl\/produkt\/komoda-b7-can-can\/\",\"url\":\"https:\/\/demkohome.pl\/produkt\/komoda-b7-can-can\/\",\"name\":\"Komoda \\\"B7\\\" Can Can - Demko Home\",\"isPartOf\":{\"@id\":\"https:\/\/demkohome.pl\/#website\"},\"primaryImageOfPage\":{\"@id\":\"https:\/\/demkohome.pl\/produkt\/komoda-b7-can-can\/#primaryimage\"},\"image\":{\"@id\":\"https:\/\/demkohome.pl\/produkt\/komoda-b7-can-can\/#primaryimage\"},\"thumbnailUrl\":\"https:\/\/demkohome.pl\/wp-content\/uploads\/2024\/11\/CAN-CAN-B7-SAN_RE-Bialy.jpg\",\"datePublished\":\"2024-11-21T08:53:07+00:00\",\"dateModified\":\"2026-04-05T07:16:59+00:00\",\"breadcrumb\":{\"@id\":\"https:\/\/demkohome.pl\/produkt\/komoda-b7-can-can\/#breadcrumb\"},\"inLanguage\":\"en-US\",\"potentialAction\":[{\"@type\":\"ReadAction\",\"target\":[\"https:\/\/demkohome.pl\/produkt\/komoda-b7-can-can\/\"]}]},{\"@type\":\"ImageObject\",\"inLanguage\":\"en-US\",\"@id\":\"https:\/\/demkohome.pl\/produkt\/komoda-b7-can-can\/#primaryimage\",\"url\":\"https:\/\/demkohome.pl\/wp-content\/uploads\/2024\/11\/CAN-CAN-B7-SAN_RE-Bialy.jpg\",\"contentUrl\":\"https:\/\/demkohome.pl\/wp-content\/uploads\/2024\/11\/CAN-CAN-B7-SAN_RE-Bialy.jpg\",\"width\":1280,\"height\":1280},{\"@type\":\"BreadcrumbList\",\"@id\":\"https:\/\/demkohome.pl\/produkt\/komoda-b7-can-can\/#breadcrumb\",\"itemListElement\":[{\"@type\":\"ListItem\",\"position\":1,\"name\":\"Strona g\u0142\u00f3wna\",\"item\":\"https:\/\/demkohome.pl\/\"},{\"@type\":\"ListItem\",\"position\":2,\"name\":\"Sklep\",\"item\":\"https:\/\/demkohome.pl\/sklep\/\"},{\"@type\":\"ListItem\",\"position\":3,\"name\":\"Komoda &#8222;B7&#8221; Can Can\"}]},{\"@type\":\"WebSite\",\"@id\":\"https:\/\/demkohome.pl\/#website\",\"url\":\"https:\/\/demkohome.pl\/\",\"name\":\"Demko Home\",\"description\":\"Make it simple\",\"publisher\":{\"@id\":\"https:\/\/demkohome.pl\/#organization\"},\"potentialAction\":[{\"@type\":\"SearchAction\",\"target\":{\"@type\":\"EntryPoint\",\"urlTemplate\":\"https:\/\/demkohome.pl\/?s={search_term_string}\"},\"query-input\":{\"@type\":\"PropertyValueSpecification\",\"valueRequired\":true,\"valueName\":\"search_term_string\"}}],\"inLanguage\":\"en-US\"},{\"@type\":\"Organization\",\"@id\":\"https:\/\/demkohome.pl\/#organization\",\"name\":\"Demko Home\",\"url\":\"https:\/\/demkohome.pl\/\",\"logo\":{\"@type\":\"ImageObject\",\"inLanguage\":\"en-US\",\"@id\":\"https:\/\/demkohome.pl\/#\/schema\/logo\/image\/\",\"url\":\"https:\/\/demkohome.pl\/wp-content\/uploads\/2026\/03\/cropped-3.png\",\"contentUrl\":\"https:\/\/demkohome.pl\/wp-content\/uploads\/2026\/03\/cropped-3.png\",\"width\":250,\"height\":63,\"caption\":\"Demko Home\"},\"image\":{\"@id\":\"https:\/\/demkohome.pl\/#\/schema\/logo\/image\/\"}}]}<\/script>\n<!-- \/ Yoast SEO plugin. -->","yoast_head_json":{"title":"Komoda \"B7\" Can Can - Demko Home","robots":{"index":"index","follow":"follow","max-snippet":"max-snippet:-1","max-image-preview":"max-image-preview:large","max-video-preview":"max-video-preview:-1"},"canonical":"https:\/\/demkohome.pl\/en\/product\/komoda-b7-can-can\/","og_locale":"en_US","og_type":"article","og_title":"Komoda \"B7\" Can Can - Demko Home","og_description":"Komoda &#8222;B7&#8221; z kolekcji Can Can to eleganckie i funkcjonalne rozwi\u0105zanie do przechowywania, kt\u00f3re doskonale sprawdzi si\u0119 w ka\u017cdym nowoczesnym (...)","og_url":"https:\/\/demkohome.pl\/en\/product\/komoda-b7-can-can\/","og_site_name":"Demko Home","article_modified_time":"2026-04-05T07:16:59+00:00","og_image":[{"width":1280,"height":1280,"url":"https:\/\/demkohome.pl\/wp-content\/uploads\/2024\/11\/CAN-CAN-B7-SAN_RE-Bialy.jpg","type":"image\/jpeg"}],"twitter_card":"summary_large_image","twitter_misc":{"Est. reading time":"2 minutes"},"schema":{"@context":"https:\/\/schema.org","@graph":[{"@type":"WebPage","@id":"https:\/\/demkohome.pl\/produkt\/komoda-b7-can-can\/","url":"https:\/\/demkohome.pl\/produkt\/komoda-b7-can-can\/","name":"Komoda \"B7\" Can Can - Demko Home","isPartOf":{"@id":"https:\/\/demkohome.pl\/#website"},"primaryImageOfPage":{"@id":"https:\/\/demkohome.pl\/produkt\/komoda-b7-can-can\/#primaryimage"},"image":{"@id":"https:\/\/demkohome.pl\/produkt\/komoda-b7-can-can\/#primaryimage"},"thumbnailUrl":"https:\/\/demkohome.pl\/wp-content\/uploads\/2024\/11\/CAN-CAN-B7-SAN_RE-Bialy.jpg","datePublished":"2024-11-21T08:53:07+00:00","dateModified":"2026-04-05T07:16:59+00:00","breadcrumb":{"@id":"https:\/\/demkohome.pl\/produkt\/komoda-b7-can-can\/#breadcrumb"},"inLanguage":"en-US","potentialAction":[{"@type":"ReadAction","target":["https:\/\/demkohome.pl\/produkt\/komoda-b7-can-can\/"]}]},{"@type":"ImageObject","inLanguage":"en-US","@id":"https:\/\/demkohome.pl\/produkt\/komoda-b7-can-can\/#primaryimage","url":"https:\/\/demkohome.pl\/wp-content\/uploads\/2024\/11\/CAN-CAN-B7-SAN_RE-Bialy.jpg","contentUrl":"https:\/\/demkohome.pl\/wp-content\/uploads\/2024\/11\/CAN-CAN-B7-SAN_RE-Bialy.jpg","width":1280,"height":1280},{"@type":"BreadcrumbList","@id":"https:\/\/demkohome.pl\/produkt\/komoda-b7-can-can\/#breadcrumb","itemListElement":[{"@type":"ListItem","position":1,"name":"Strona g\u0142\u00f3wna","item":"https:\/\/demkohome.pl\/"},{"@type":"ListItem","position":2,"name":"Sklep","item":"https:\/\/demkohome.pl\/sklep\/"},{"@type":"ListItem","position":3,"name":"Komoda &#8222;B7&#8221; Can Can"}]},{"@type":"WebSite","@id":"https:\/\/demkohome.pl\/#website","url":"https:\/\/demkohome.pl\/","name":"Demko Home","description":"Make it simple","publisher":{"@id":"https:\/\/demkohome.pl\/#organization"},"potentialAction":[{"@type":"SearchAction","target":{"@type":"EntryPoint","urlTemplate":"https:\/\/demkohome.pl\/?s={search_term_string}"},"query-input":{"@type":"PropertyValueSpecification","valueRequired":true,"valueName":"search_term_string"}}],"inLanguage":"en-US"},{"@type":"Organization","@id":"https:\/\/demkohome.pl\/#organization","name":"Demko Home","url":"https:\/\/demkohome.pl\/","logo":{"@type":"ImageObject","inLanguage":"en-US","@id":"https:\/\/demkohome.pl\/#\/schema\/logo\/image\/","url":"https:\/\/demkohome.pl\/wp-content\/uploads\/2026\/03\/cropped-3.png","contentUrl":"https:\/\/demkohome.pl\/wp-content\/uploads\/2026\/03\/cropped-3.png","width":250,"height":63,"caption":"Demko Home"},"image":{"@id":"https:\/\/demkohome.pl\/#\/schema\/logo\/image\/"}}]}},"_links":{"self":[{"href":"https:\/\/demkohome.pl\/en\/wp-json\/wp\/v2\/product\/14911","targetHints":{"allow":["GET"]}}],"collection":[{"href":"https:\/\/demkohome.pl\/en\/wp-json\/wp\/v2\/product"}],"about":[{"href":"https:\/\/demkohome.pl\/en\/wp-json\/wp\/v2\/types\/product"}],"replies":[{"embeddable":true,"href":"https:\/\/demkohome.pl\/en\/wp-json\/wp\/v2\/comments?post=14911"}],"wp:featuredmedia":[{"embeddable":true,"href":"https:\/\/demkohome.pl\/en\/wp-json\/wp\/v2\/media\/14904"}],"wp:attachment":[{"href":"https:\/\/demkohome.pl\/en\/wp-json\/wp\/v2\/media?parent=14911"}],"wp:term":[{"taxonomy":"product_brand","embeddable":true,"href":"https:\/\/demkohome.pl\/en\/wp-json\/wp\/v2\/product_brand?post=14911"},{"taxonomy":"product_cat","embeddable":true,"href":"https:\/\/demkohome.pl\/en\/wp-json\/wp\/v2\/product_cat?post=14911"},{"taxonomy":"product_tag","embeddable":true,"href":"https:\/\/demkohome.pl\/en\/wp-json\/wp\/v2\/product_tag?post=14911"}],"curies":[{"name":"wp","href":"https:\/\/api.w.org\/{rel}","templated":true}]}}