{"id":15292,"date":"2024-11-29T13:16:11","date_gmt":"2024-11-29T12:16:11","guid":{"rendered":"https:\/\/demkohome.pl\/?post_type=product&#038;p=15292"},"modified":"2026-04-24T09:16:45","modified_gmt":"2026-04-24T07:16:45","slug":"regal-b3-can-can","status":"publish","type":"product","link":"https:\/\/demkohome.pl\/en\/product\/regal-b3-can-can\/","title":{"rendered":"Bookcase B3 Can Can"},"content":{"rendered":"<p><strong>Bookcase B3 Can Can - Elegance and Functionality in One<\/strong><\/p>\n<p>Need a roomy and stylish office bookcase? Discover the B3 Can tall bookcase - a modern office furniture designed to maximize the use of space and enhance the aesthetics of your interior. The perfect combination of elegance and practicality makes it ideal for any office, reception area or open space. The body is made of 16mm thick laminated board in San Remo d\u00e9cor with high stability, while the capacious shelves and easy access to the items stored in it affect the comfort of work. Change your interior with the B3 Can Can bookcase and enjoy the perfect combination of style and functionality! The B3 bookcase fits perfectly with other office products from the Can Can collection. Thanks to them, you can enrich your office space with a practical desk, dressers or bookcases while maintaining aesthetic consistency and elegance.<\/p>","protected":false},"excerpt":{"rendered":"<p>Rega\u0142 B3 Can Can \u2013 Elegancja i Funkcjonalno\u015b\u0107 w Jednym Potrzebujesz pojemnego i stylowego rega\u0142u biurowego? Odkryj wysoki rega\u0142 B3 (&#8230;)<\/p>","protected":false},"featured_media":14896,"comment_status":"open","ping_status":"closed","template":"","meta":{"_acf_changed":false,"inline_featured_image":false},"product_brand":[],"product_cat":[449,145,294,133,135,131],"product_tag":[],"class_list":{"0":"post-15292","1":"product","2":"type-product","3":"status-publish","4":"has-post-thumbnail","6":"product_cat-back-to-study","7":"product_cat-biuro","8":"product_cat-meble","9":"product_cat-meble-biurowe","10":"product_cat-regaly-meble-biurowe","11":"product_cat-regaly","12":"product_shipping_class-paleta-200-cm-x-80cm","13":"collection-back-to-study","14":"collection-can-can-b","16":"first","17":"instock","18":"sale","19":"shipping-taxable","20":"purchasable","21":"product-type-simple"},"acf":[],"yoast_head":"<!-- This site is optimized with the Yoast SEO plugin v27.4 - https:\/\/yoast.com\/product\/yoast-seo-wordpress\/ -->\n<title>Rega\u0142 B3 Can Can - Demko Home<\/title>\n<meta name=\"robots\" content=\"index, follow, max-snippet:-1, max-image-preview:large, max-video-preview:-1\" \/>\n<link rel=\"canonical\" href=\"https:\/\/demkohome.pl\/en\/product\/regal-b3-can-can\/\" \/>\n<meta property=\"og:locale\" content=\"en_US\" \/>\n<meta property=\"og:type\" content=\"article\" \/>\n<meta property=\"og:title\" content=\"Rega\u0142 B3 Can Can - Demko Home\" \/>\n<meta property=\"og:description\" content=\"Rega\u0142 B3 Can Can \u2013 Elegancja i Funkcjonalno\u015b\u0107 w Jednym Potrzebujesz pojemnego i stylowego rega\u0142u biurowego? Odkryj wysoki rega\u0142 B3 (...)\" \/>\n<meta property=\"og:url\" content=\"https:\/\/demkohome.pl\/en\/product\/regal-b3-can-can\/\" \/>\n<meta property=\"og:site_name\" content=\"Demko Home\" \/>\n<meta property=\"article:modified_time\" content=\"2026-04-24T07:16:45+00:00\" \/>\n<meta property=\"og:image\" content=\"https:\/\/demkohome.pl\/wp-content\/uploads\/2024\/11\/CAN-CAN-B3-SAN_RE-Bialy.jpg\" \/>\n\t<meta property=\"og:image:width\" content=\"853\" \/>\n\t<meta property=\"og:image:height\" content=\"1280\" \/>\n\t<meta property=\"og:image:type\" content=\"image\/jpeg\" \/>\n<meta name=\"twitter:card\" content=\"summary_large_image\" \/>\n<meta name=\"twitter:label1\" content=\"Est. reading time\" \/>\n\t<meta name=\"twitter:data1\" content=\"2 minutes\" \/>\n<script type=\"application\/ld+json\" class=\"yoast-schema-graph\">{\"@context\":\"https:\\\/\\\/schema.org\",\"@graph\":[{\"@type\":\"WebPage\",\"@id\":\"https:\\\/\\\/demkohome.pl\\\/produkt\\\/regal-b3-can-can\\\/\",\"url\":\"https:\\\/\\\/demkohome.pl\\\/produkt\\\/regal-b3-can-can\\\/\",\"name\":\"Rega\u0142 B3 Can Can - Demko Home\",\"isPartOf\":{\"@id\":\"https:\\\/\\\/demkohome.pl\\\/#website\"},\"primaryImageOfPage\":{\"@id\":\"https:\\\/\\\/demkohome.pl\\\/produkt\\\/regal-b3-can-can\\\/#primaryimage\"},\"image\":{\"@id\":\"https:\\\/\\\/demkohome.pl\\\/produkt\\\/regal-b3-can-can\\\/#primaryimage\"},\"thumbnailUrl\":\"https:\\\/\\\/demkohome.pl\\\/wp-content\\\/uploads\\\/2024\\\/11\\\/CAN-CAN-B3-SAN_RE-Bialy.jpg\",\"datePublished\":\"2024-11-29T12:16:11+00:00\",\"dateModified\":\"2026-04-24T07:16:45+00:00\",\"breadcrumb\":{\"@id\":\"https:\\\/\\\/demkohome.pl\\\/produkt\\\/regal-b3-can-can\\\/#breadcrumb\"},\"inLanguage\":\"en-US\",\"potentialAction\":[{\"@type\":\"ReadAction\",\"target\":[\"https:\\\/\\\/demkohome.pl\\\/produkt\\\/regal-b3-can-can\\\/\"]}]},{\"@type\":\"ImageObject\",\"inLanguage\":\"en-US\",\"@id\":\"https:\\\/\\\/demkohome.pl\\\/produkt\\\/regal-b3-can-can\\\/#primaryimage\",\"url\":\"https:\\\/\\\/demkohome.pl\\\/wp-content\\\/uploads\\\/2024\\\/11\\\/CAN-CAN-B3-SAN_RE-Bialy.jpg\",\"contentUrl\":\"https:\\\/\\\/demkohome.pl\\\/wp-content\\\/uploads\\\/2024\\\/11\\\/CAN-CAN-B3-SAN_RE-Bialy.jpg\",\"width\":853,\"height\":1280},{\"@type\":\"BreadcrumbList\",\"@id\":\"https:\\\/\\\/demkohome.pl\\\/produkt\\\/regal-b3-can-can\\\/#breadcrumb\",\"itemListElement\":[{\"@type\":\"ListItem\",\"position\":1,\"name\":\"Strona g\u0142\u00f3wna\",\"item\":\"https:\\\/\\\/demkohome.pl\\\/\"},{\"@type\":\"ListItem\",\"position\":2,\"name\":\"Sklep\",\"item\":\"https:\\\/\\\/demkohome.pl\\\/sklep\\\/\"},{\"@type\":\"ListItem\",\"position\":3,\"name\":\"Rega\u0142 B3 Can Can\"}]},{\"@type\":\"WebSite\",\"@id\":\"https:\\\/\\\/demkohome.pl\\\/#website\",\"url\":\"https:\\\/\\\/demkohome.pl\\\/\",\"name\":\"Demko Home\",\"description\":\"Make it simple\",\"publisher\":{\"@id\":\"https:\\\/\\\/demkohome.pl\\\/#organization\"},\"potentialAction\":[{\"@type\":\"SearchAction\",\"target\":{\"@type\":\"EntryPoint\",\"urlTemplate\":\"https:\\\/\\\/demkohome.pl\\\/?s={search_term_string}\"},\"query-input\":{\"@type\":\"PropertyValueSpecification\",\"valueRequired\":true,\"valueName\":\"search_term_string\"}}],\"inLanguage\":\"en-US\"},{\"@type\":\"Organization\",\"@id\":\"https:\\\/\\\/demkohome.pl\\\/#organization\",\"name\":\"Demko Home\",\"url\":\"https:\\\/\\\/demkohome.pl\\\/\",\"logo\":{\"@type\":\"ImageObject\",\"inLanguage\":\"en-US\",\"@id\":\"https:\\\/\\\/demkohome.pl\\\/#\\\/schema\\\/logo\\\/image\\\/\",\"url\":\"https:\\\/\\\/demkohome.pl\\\/wp-content\\\/uploads\\\/2026\\\/03\\\/cropped-3.png\",\"contentUrl\":\"https:\\\/\\\/demkohome.pl\\\/wp-content\\\/uploads\\\/2026\\\/03\\\/cropped-3.png\",\"width\":250,\"height\":63,\"caption\":\"Demko Home\"},\"image\":{\"@id\":\"https:\\\/\\\/demkohome.pl\\\/#\\\/schema\\\/logo\\\/image\\\/\"}}]}<\/script>\n<!-- \/ Yoast SEO plugin. -->","yoast_head_json":{"title":"Rega\u0142 B3 Can Can - Demko Home","robots":{"index":"index","follow":"follow","max-snippet":"max-snippet:-1","max-image-preview":"max-image-preview:large","max-video-preview":"max-video-preview:-1"},"canonical":"https:\/\/demkohome.pl\/en\/product\/regal-b3-can-can\/","og_locale":"en_US","og_type":"article","og_title":"Rega\u0142 B3 Can Can - Demko Home","og_description":"Rega\u0142 B3 Can Can \u2013 Elegancja i Funkcjonalno\u015b\u0107 w Jednym Potrzebujesz pojemnego i stylowego rega\u0142u biurowego? Odkryj wysoki rega\u0142 B3 (...)","og_url":"https:\/\/demkohome.pl\/en\/product\/regal-b3-can-can\/","og_site_name":"Demko Home","article_modified_time":"2026-04-24T07:16:45+00:00","og_image":[{"width":853,"height":1280,"url":"https:\/\/demkohome.pl\/wp-content\/uploads\/2024\/11\/CAN-CAN-B3-SAN_RE-Bialy.jpg","type":"image\/jpeg"}],"twitter_card":"summary_large_image","twitter_misc":{"Est. reading time":"2 minutes"},"schema":{"@context":"https:\/\/schema.org","@graph":[{"@type":"WebPage","@id":"https:\/\/demkohome.pl\/produkt\/regal-b3-can-can\/","url":"https:\/\/demkohome.pl\/produkt\/regal-b3-can-can\/","name":"Rega\u0142 B3 Can Can - Demko Home","isPartOf":{"@id":"https:\/\/demkohome.pl\/#website"},"primaryImageOfPage":{"@id":"https:\/\/demkohome.pl\/produkt\/regal-b3-can-can\/#primaryimage"},"image":{"@id":"https:\/\/demkohome.pl\/produkt\/regal-b3-can-can\/#primaryimage"},"thumbnailUrl":"https:\/\/demkohome.pl\/wp-content\/uploads\/2024\/11\/CAN-CAN-B3-SAN_RE-Bialy.jpg","datePublished":"2024-11-29T12:16:11+00:00","dateModified":"2026-04-24T07:16:45+00:00","breadcrumb":{"@id":"https:\/\/demkohome.pl\/produkt\/regal-b3-can-can\/#breadcrumb"},"inLanguage":"en-US","potentialAction":[{"@type":"ReadAction","target":["https:\/\/demkohome.pl\/produkt\/regal-b3-can-can\/"]}]},{"@type":"ImageObject","inLanguage":"en-US","@id":"https:\/\/demkohome.pl\/produkt\/regal-b3-can-can\/#primaryimage","url":"https:\/\/demkohome.pl\/wp-content\/uploads\/2024\/11\/CAN-CAN-B3-SAN_RE-Bialy.jpg","contentUrl":"https:\/\/demkohome.pl\/wp-content\/uploads\/2024\/11\/CAN-CAN-B3-SAN_RE-Bialy.jpg","width":853,"height":1280},{"@type":"BreadcrumbList","@id":"https:\/\/demkohome.pl\/produkt\/regal-b3-can-can\/#breadcrumb","itemListElement":[{"@type":"ListItem","position":1,"name":"Strona g\u0142\u00f3wna","item":"https:\/\/demkohome.pl\/"},{"@type":"ListItem","position":2,"name":"Sklep","item":"https:\/\/demkohome.pl\/sklep\/"},{"@type":"ListItem","position":3,"name":"Rega\u0142 B3 Can Can"}]},{"@type":"WebSite","@id":"https:\/\/demkohome.pl\/#website","url":"https:\/\/demkohome.pl\/","name":"Demko Home","description":"Make it simple","publisher":{"@id":"https:\/\/demkohome.pl\/#organization"},"potentialAction":[{"@type":"SearchAction","target":{"@type":"EntryPoint","urlTemplate":"https:\/\/demkohome.pl\/?s={search_term_string}"},"query-input":{"@type":"PropertyValueSpecification","valueRequired":true,"valueName":"search_term_string"}}],"inLanguage":"en-US"},{"@type":"Organization","@id":"https:\/\/demkohome.pl\/#organization","name":"Demko Home","url":"https:\/\/demkohome.pl\/","logo":{"@type":"ImageObject","inLanguage":"en-US","@id":"https:\/\/demkohome.pl\/#\/schema\/logo\/image\/","url":"https:\/\/demkohome.pl\/wp-content\/uploads\/2026\/03\/cropped-3.png","contentUrl":"https:\/\/demkohome.pl\/wp-content\/uploads\/2026\/03\/cropped-3.png","width":250,"height":63,"caption":"Demko Home"},"image":{"@id":"https:\/\/demkohome.pl\/#\/schema\/logo\/image\/"}}]}},"_links":{"self":[{"href":"https:\/\/demkohome.pl\/en\/wp-json\/wp\/v2\/product\/15292","targetHints":{"allow":["GET"]}}],"collection":[{"href":"https:\/\/demkohome.pl\/en\/wp-json\/wp\/v2\/product"}],"about":[{"href":"https:\/\/demkohome.pl\/en\/wp-json\/wp\/v2\/types\/product"}],"replies":[{"embeddable":true,"href":"https:\/\/demkohome.pl\/en\/wp-json\/wp\/v2\/comments?post=15292"}],"wp:featuredmedia":[{"embeddable":true,"href":"https:\/\/demkohome.pl\/en\/wp-json\/wp\/v2\/media\/14896"}],"wp:attachment":[{"href":"https:\/\/demkohome.pl\/en\/wp-json\/wp\/v2\/media?parent=15292"}],"wp:term":[{"taxonomy":"product_brand","embeddable":true,"href":"https:\/\/demkohome.pl\/en\/wp-json\/wp\/v2\/product_brand?post=15292"},{"taxonomy":"product_cat","embeddable":true,"href":"https:\/\/demkohome.pl\/en\/wp-json\/wp\/v2\/product_cat?post=15292"},{"taxonomy":"product_tag","embeddable":true,"href":"https:\/\/demkohome.pl\/en\/wp-json\/wp\/v2\/product_tag?post=15292"}],"curies":[{"name":"wp","href":"https:\/\/api.w.org\/{rel}","templated":true}]}}