{"id":1611,"date":"2023-08-28T13:13:37","date_gmt":"2023-08-28T11:13:37","guid":{"rendered":"https:\/\/demkohome.pl\/produkt\/segment-kuchenny-alfa\/"},"modified":"2026-04-18T15:31:37","modified_gmt":"2026-04-18T13:31:37","slug":"segment-kuchenny-alfa","status":"publish","type":"product","link":"https:\/\/demkohome.pl\/en\/product\/segment-kuchenny-alfa\/","title":{"rendered":"Alfa kitchen furniture set"},"content":{"rendered":"<div style=\"font-family: 'Noto Sans', sans-serif; font-size: 17px;\">\n<h2>Minimalist kitchen available in two color variants<\/h2>\n<p>The Alfa kitchen sectional was created especially for small rooms, ideal for those who prefer modern interiors. Fronts in matte white color will give the optical impression of more space, and the decor in warm oak color will add a cozy and warm character to the kitchen. Decorative black rustic handles are an additional finishing touch. The Alfa kitchen sectional will be an excellent solution for those who are looking for a functional and aesthetic kitchen equipment, especially when space is limited. The set created for self-assembly at home, according to the included instructions in Polish. The packages include all the necessary tools for its assembly.<\/p>\n<h3>Alfa kitchen furniture set<\/h3>\n<p>Alfa kitchen furniture is sold only in a set, which includes 5 cabinets described below. The cabinets do not include countertops, so in order to get the full functionality of your cooking space you should consider buying countertops available in three color variants.\u00a0 <a href=\"https:\/\/demkohome.pl\/en\/product-category\/meble-kuchenne\/blaty-kuchenne\/\">Kitchen countertops offer.<\/a><\/p>\n<p>The set includes 5 packages delivered on a pallet to the address specified by the customer. Please note that the courier is not obliged to carry the package.<\/p>\n<\/div>","protected":false},"excerpt":{"rendered":"<p>Minimalistyczna kuchnia dost\u0119pna w dw\u00f3ch wariantach kolorystycznych Segment kuchenny Alfa zosta\u0142 stworzony specjalnie z my\u015bl\u0105 o ma\u0142ych pomieszczeniach, idealny dla (&#8230;)<\/p>","protected":false},"featured_media":0,"comment_status":"open","ping_status":"closed","template":"","meta":{"_acf_changed":false,"inline_featured_image":false},"product_brand":[],"product_cat":[323,111,65,110],"product_tag":[],"class_list":{"0":"post-1611","1":"product","2":"type-product","3":"status-publish","5":"product_cat-black-week","6":"product_cat-kuchnie-modulowe","7":"product_cat-meble-kuchenne","8":"product_cat-zestawy-mebli-kuchennych","9":"product_shipping_class-paleta-120cmx80cm","10":"collection-alfa","11":"collection-targi-poznan-2025","13":"first","14":"instock","15":"shipping-taxable","16":"purchasable","17":"product-type-variable"},"acf":[],"yoast_head":"<!-- This site is optimized with the Yoast SEO plugin v27.4 - https:\/\/yoast.com\/product\/yoast-seo-wordpress\/ -->\n<title>Zestaw mebli kuchennych Alfa - Demko Home<\/title>\n<meta name=\"robots\" content=\"index, follow, max-snippet:-1, max-image-preview:large, max-video-preview:-1\" \/>\n<link rel=\"canonical\" href=\"https:\/\/demkohome.pl\/en\/product\/segment-kuchenny-alfa\/\" \/>\n<meta property=\"og:locale\" content=\"en_US\" \/>\n<meta property=\"og:type\" content=\"article\" \/>\n<meta property=\"og:title\" content=\"Zestaw mebli kuchennych Alfa - Demko Home\" \/>\n<meta property=\"og:description\" content=\"Minimalistyczna kuchnia dost\u0119pna w dw\u00f3ch wariantach kolorystycznych Segment kuchenny Alfa zosta\u0142 stworzony specjalnie z my\u015bl\u0105 o ma\u0142ych pomieszczeniach, idealny dla (...)\" \/>\n<meta property=\"og:url\" content=\"https:\/\/demkohome.pl\/en\/product\/segment-kuchenny-alfa\/\" \/>\n<meta property=\"og:site_name\" content=\"Demko Home\" \/>\n<meta property=\"article:modified_time\" content=\"2026-04-18T13:31:37+00:00\" \/>\n<meta property=\"og:image\" content=\"https:\/\/demkohome.pl\/wp-content\/uploads\/2024\/07\/Kuchnia-Alfa-Bialy-Bialy1-1024x575.png\" \/>\n\t<meta property=\"og:image:width\" content=\"1024\" \/>\n\t<meta property=\"og:image:height\" content=\"575\" \/>\n\t<meta property=\"og:image:type\" content=\"image\/png\" \/>\n<meta name=\"twitter:card\" content=\"summary_large_image\" \/>\n<meta name=\"twitter:label1\" content=\"Est. reading time\" \/>\n\t<meta name=\"twitter:data1\" content=\"3 minutes\" \/>\n<script type=\"application\/ld+json\" class=\"yoast-schema-graph\">{\"@context\":\"https:\\\/\\\/schema.org\",\"@graph\":[{\"@type\":\"WebPage\",\"@id\":\"https:\\\/\\\/demkohome.pl\\\/produkt\\\/segment-kuchenny-alfa\\\/\",\"url\":\"https:\\\/\\\/demkohome.pl\\\/produkt\\\/segment-kuchenny-alfa\\\/\",\"name\":\"Zestaw mebli kuchennych Alfa - Demko Home\",\"isPartOf\":{\"@id\":\"https:\\\/\\\/demkohome.pl\\\/#website\"},\"datePublished\":\"2023-08-28T11:13:37+00:00\",\"dateModified\":\"2026-04-18T13:31:37+00:00\",\"breadcrumb\":{\"@id\":\"https:\\\/\\\/demkohome.pl\\\/produkt\\\/segment-kuchenny-alfa\\\/#breadcrumb\"},\"inLanguage\":\"en-US\",\"potentialAction\":[{\"@type\":\"ReadAction\",\"target\":[\"https:\\\/\\\/demkohome.pl\\\/produkt\\\/segment-kuchenny-alfa\\\/\"]}]},{\"@type\":\"BreadcrumbList\",\"@id\":\"https:\\\/\\\/demkohome.pl\\\/produkt\\\/segment-kuchenny-alfa\\\/#breadcrumb\",\"itemListElement\":[{\"@type\":\"ListItem\",\"position\":1,\"name\":\"Strona g\u0142\u00f3wna\",\"item\":\"https:\\\/\\\/demkohome.pl\\\/\"},{\"@type\":\"ListItem\",\"position\":2,\"name\":\"Sklep\",\"item\":\"https:\\\/\\\/demkohome.pl\\\/sklep\\\/\"},{\"@type\":\"ListItem\",\"position\":3,\"name\":\"Zestaw mebli kuchennych Alfa\"}]},{\"@type\":\"WebSite\",\"@id\":\"https:\\\/\\\/demkohome.pl\\\/#website\",\"url\":\"https:\\\/\\\/demkohome.pl\\\/\",\"name\":\"Demko Home\",\"description\":\"Make it simple\",\"publisher\":{\"@id\":\"https:\\\/\\\/demkohome.pl\\\/#organization\"},\"potentialAction\":[{\"@type\":\"SearchAction\",\"target\":{\"@type\":\"EntryPoint\",\"urlTemplate\":\"https:\\\/\\\/demkohome.pl\\\/?s={search_term_string}\"},\"query-input\":{\"@type\":\"PropertyValueSpecification\",\"valueRequired\":true,\"valueName\":\"search_term_string\"}}],\"inLanguage\":\"en-US\"},{\"@type\":\"Organization\",\"@id\":\"https:\\\/\\\/demkohome.pl\\\/#organization\",\"name\":\"Demko Home\",\"url\":\"https:\\\/\\\/demkohome.pl\\\/\",\"logo\":{\"@type\":\"ImageObject\",\"inLanguage\":\"en-US\",\"@id\":\"https:\\\/\\\/demkohome.pl\\\/#\\\/schema\\\/logo\\\/image\\\/\",\"url\":\"https:\\\/\\\/demkohome.pl\\\/wp-content\\\/uploads\\\/2026\\\/03\\\/cropped-3.png\",\"contentUrl\":\"https:\\\/\\\/demkohome.pl\\\/wp-content\\\/uploads\\\/2026\\\/03\\\/cropped-3.png\",\"width\":250,\"height\":63,\"caption\":\"Demko Home\"},\"image\":{\"@id\":\"https:\\\/\\\/demkohome.pl\\\/#\\\/schema\\\/logo\\\/image\\\/\"}}]}<\/script>\n<!-- \/ Yoast SEO plugin. -->","yoast_head_json":{"title":"Zestaw mebli kuchennych Alfa - Demko Home","robots":{"index":"index","follow":"follow","max-snippet":"max-snippet:-1","max-image-preview":"max-image-preview:large","max-video-preview":"max-video-preview:-1"},"canonical":"https:\/\/demkohome.pl\/en\/product\/segment-kuchenny-alfa\/","og_locale":"en_US","og_type":"article","og_title":"Zestaw mebli kuchennych Alfa - Demko Home","og_description":"Minimalistyczna kuchnia dost\u0119pna w dw\u00f3ch wariantach kolorystycznych Segment kuchenny Alfa zosta\u0142 stworzony specjalnie z my\u015bl\u0105 o ma\u0142ych pomieszczeniach, idealny dla (...)","og_url":"https:\/\/demkohome.pl\/en\/product\/segment-kuchenny-alfa\/","og_site_name":"Demko Home","article_modified_time":"2026-04-18T13:31:37+00:00","og_image":[{"width":1024,"height":575,"url":"https:\/\/demkohome.pl\/wp-content\/uploads\/2024\/07\/Kuchnia-Alfa-Bialy-Bialy1-1024x575.png","type":"image\/png"}],"twitter_card":"summary_large_image","twitter_misc":{"Est. reading time":"3 minutes"},"schema":{"@context":"https:\/\/schema.org","@graph":[{"@type":"WebPage","@id":"https:\/\/demkohome.pl\/produkt\/segment-kuchenny-alfa\/","url":"https:\/\/demkohome.pl\/produkt\/segment-kuchenny-alfa\/","name":"Zestaw mebli kuchennych Alfa - Demko Home","isPartOf":{"@id":"https:\/\/demkohome.pl\/#website"},"datePublished":"2023-08-28T11:13:37+00:00","dateModified":"2026-04-18T13:31:37+00:00","breadcrumb":{"@id":"https:\/\/demkohome.pl\/produkt\/segment-kuchenny-alfa\/#breadcrumb"},"inLanguage":"en-US","potentialAction":[{"@type":"ReadAction","target":["https:\/\/demkohome.pl\/produkt\/segment-kuchenny-alfa\/"]}]},{"@type":"BreadcrumbList","@id":"https:\/\/demkohome.pl\/produkt\/segment-kuchenny-alfa\/#breadcrumb","itemListElement":[{"@type":"ListItem","position":1,"name":"Strona g\u0142\u00f3wna","item":"https:\/\/demkohome.pl\/"},{"@type":"ListItem","position":2,"name":"Sklep","item":"https:\/\/demkohome.pl\/sklep\/"},{"@type":"ListItem","position":3,"name":"Zestaw mebli kuchennych Alfa"}]},{"@type":"WebSite","@id":"https:\/\/demkohome.pl\/#website","url":"https:\/\/demkohome.pl\/","name":"Demko Home","description":"Make it simple","publisher":{"@id":"https:\/\/demkohome.pl\/#organization"},"potentialAction":[{"@type":"SearchAction","target":{"@type":"EntryPoint","urlTemplate":"https:\/\/demkohome.pl\/?s={search_term_string}"},"query-input":{"@type":"PropertyValueSpecification","valueRequired":true,"valueName":"search_term_string"}}],"inLanguage":"en-US"},{"@type":"Organization","@id":"https:\/\/demkohome.pl\/#organization","name":"Demko Home","url":"https:\/\/demkohome.pl\/","logo":{"@type":"ImageObject","inLanguage":"en-US","@id":"https:\/\/demkohome.pl\/#\/schema\/logo\/image\/","url":"https:\/\/demkohome.pl\/wp-content\/uploads\/2026\/03\/cropped-3.png","contentUrl":"https:\/\/demkohome.pl\/wp-content\/uploads\/2026\/03\/cropped-3.png","width":250,"height":63,"caption":"Demko Home"},"image":{"@id":"https:\/\/demkohome.pl\/#\/schema\/logo\/image\/"}}]}},"_links":{"self":[{"href":"https:\/\/demkohome.pl\/en\/wp-json\/wp\/v2\/product\/1611","targetHints":{"allow":["GET"]}}],"collection":[{"href":"https:\/\/demkohome.pl\/en\/wp-json\/wp\/v2\/product"}],"about":[{"href":"https:\/\/demkohome.pl\/en\/wp-json\/wp\/v2\/types\/product"}],"replies":[{"embeddable":true,"href":"https:\/\/demkohome.pl\/en\/wp-json\/wp\/v2\/comments?post=1611"}],"wp:attachment":[{"href":"https:\/\/demkohome.pl\/en\/wp-json\/wp\/v2\/media?parent=1611"}],"wp:term":[{"taxonomy":"product_brand","embeddable":true,"href":"https:\/\/demkohome.pl\/en\/wp-json\/wp\/v2\/product_brand?post=1611"},{"taxonomy":"product_cat","embeddable":true,"href":"https:\/\/demkohome.pl\/en\/wp-json\/wp\/v2\/product_cat?post=1611"},{"taxonomy":"product_tag","embeddable":true,"href":"https:\/\/demkohome.pl\/en\/wp-json\/wp\/v2\/product_tag?post=1611"}],"curies":[{"name":"wp","href":"https:\/\/api.w.org\/{rel}","templated":true}]}}