{"id":1639,"date":"2024-05-02T08:41:25","date_gmt":"2024-05-02T06:41:25","guid":{"rendered":"https:\/\/demkohome.pl\/produkt\/sz-pok-pavo-g-komoda-artisan-bialyfsc\/"},"modified":"2026-04-20T03:26:17","modified_gmt":"2026-04-20T01:26:17","slug":"komoda-z-szuflada-pavo","status":"publish","type":"product","link":"https:\/\/demkohome.pl\/en\/product\/komoda-z-szuflada-pavo\/","title":{"rendered":"Pavo chest of drawers"},"content":{"rendered":"<h2>Pavo chest of drawers<\/h2>\n<p><strong><span style=\"font-family: 'Noto Sans',sans-serif;color: #111111;font-size: 17px\"><br \/>\nLooking for an elegant and functional solution for your interior?<\/span><\/strong><\/p>\n<p><span style=\"font-family: 'Noto Sans',sans-serif;color: #111111;font-size: 17px\"> Here is the Pavo dresser with drawer, an ideal choice for those who appreciate both aesthetics and practicality. Designed with contemporary interiors in mind, this chest of drawers will not only enrich your space with a modern touch, but also provide additional storage space. Thanks to its solid workmanship and high quality materials, Pavo combines functionality with elegance, making it not only a piece of furniture, but also a piece that expresses your style. Ideal for both the living room, bedroom and office - the Pavo dresser is a guarantee of harmony between practical use and aesthetics.<br \/>\n<span style=\"font-family: 'Noto Sans',sans-serif;color: #111111;font-size: 17px\"><br \/>\n<img loading=\"lazy\" decoding=\"async\" class=\"alignnone wp-image-5813 size-full\" src=\"https:\/\/demkohome.pl\/wp-content\/uploads\/2024\/02\/Kolekcja-mebli-do-przedpokoju-Pavo-dab-artisant-bialy-wieszak-lustro-szafka-z-drzwiczkami-szafka-z-2-szufladami-od-Meble-Okmed-Demko.jpg\" alt=\"Kolekcja mebli do przedpokoju Pavo d\u0105b artisant bialy wieszak, lustro, szafka z drzwiczkami, szafka z 2 szufladami od Meble Okmed Demko\" width=\"1461\" height=\"1080\" srcset=\"https:\/\/demkohome.pl\/wp-content\/uploads\/2024\/02\/Kolekcja-mebli-do-przedpokoju-Pavo-dab-artisant-bialy-wieszak-lustro-szafka-z-drzwiczkami-szafka-z-2-szufladami-od-Meble-Okmed-Demko.jpg 1461w, https:\/\/demkohome.pl\/wp-content\/uploads\/2024\/02\/Kolekcja-mebli-do-przedpokoju-Pavo-dab-artisant-bialy-wieszak-lustro-szafka-z-drzwiczkami-szafka-z-2-szufladami-od-Meble-Okmed-Demko-300x222.jpg 300w, https:\/\/demkohome.pl\/wp-content\/uploads\/2024\/02\/Kolekcja-mebli-do-przedpokoju-Pavo-dab-artisant-bialy-wieszak-lustro-szafka-z-drzwiczkami-szafka-z-2-szufladami-od-Meble-Okmed-Demko-600x444.jpg 600w, https:\/\/demkohome.pl\/wp-content\/uploads\/2024\/02\/Kolekcja-mebli-do-przedpokoju-Pavo-dab-artisant-bialy-wieszak-lustro-szafka-z-drzwiczkami-szafka-z-2-szufladami-od-Meble-Okmed-Demko-768x568.jpg 768w, https:\/\/demkohome.pl\/wp-content\/uploads\/2024\/02\/Kolekcja-mebli-do-przedpokoju-Pavo-dab-artisant-bialy-wieszak-lustro-szafka-z-drzwiczkami-szafka-z-2-szufladami-od-Meble-Okmed-Demko-1024x757.jpg 1024w\" sizes=\"auto, (max-width: 1461px) 100vw, 1461px\" \/><\/span><\/span><\/p>\n<p>&nbsp;<\/p>\n<p>&nbsp;<\/p>\n<h3>Pavo Collection - The Perfect Solution for Your Hallway<\/h3>\n<p><span style=\"font-family: 'Noto Sans',sans-serif;color: #111111;font-size: 17px\"><br \/>\nDiscover elegance and functionality at its best with our unique Pavo collection. This line of hallway furniture was created with harmony, comfort and modern style in mind to meet all your expectations for organizing and arranging your entrance space.<\/span><\/p>\n<h4>A Set That Transforms the Hallway<\/h4>\n<p><span style=\"font-family: 'Noto Sans',sans-serif;color: #111111;font-size: 17px\"><br \/>\nThe Pavo collection consists of four carefully designed pieces that perfectly complement each other, creating a coherent and functional whole:<\/span><\/p>\n<ul>\n<li style=\"font-family: 'Noto Sans',sans-serif;color: #111111;font-size: 17px\">Pavo hallway hanger with shelf - Stylish and practical, it allows you to store outerwear and accessories, while an additional shelf adds space for small items.<\/li>\n<li style=\"font-family: 'Noto Sans',sans-serif;color: #111111;font-size: 17px\">Pavo dresser with drawer - Elegant and capacious, perfect for storing shoes, handbags and other items, so your hallway will always be tidy.<\/li>\n<li style=\"font-family: 'Noto Sans',sans-serif;color: #111111;font-size: 17px\">Pavo Bench - A comfortable seating area, ideal for putting on and taking off shoes, with additional storage space under the seat.<\/li>\n<li style=\"font-family: 'Noto Sans',sans-serif;color: #111111;font-size: 17px\">Pavo mirror - Spacious and stylish, it optically enlarges the space and adds brightness and elegance to the interior.<\/li>\n<\/ul>\n<h4>Why Pavo Collection?<\/h4>\n<ul>\n<li style=\"font-family: 'Noto Sans',sans-serif;color: #111111;font-size: 17px\">Functionality: each piece in the Pavo collection was designed with practical use of space in mind. This will make your hallway a place where everything has its place.<\/li>\n<li style=\"font-family: 'Noto Sans',sans-serif;color: #111111;font-size: 17px\">Style: Modern design and high-quality materials make Pavo furniture not only practical, but also elegant and stylish.<\/li>\n<li style=\"font-family: 'Noto Sans',sans-serif;color: #111111;font-size: 17px\">Harmony: the Pavo set creates a cohesive whole that brings harmony to your interior, providing a unified look and feel.<\/li>\n<\/ul>\n<h4>Invest in a Complete Makeover<\/h4>\n<p><span style=\"font-family: 'Noto Sans',sans-serif;color: #111111;font-size: 17px\"><br \/>\nWhen you choose the Pavo collection, you are investing in a set of furniture that will transform your hallway into an elegant and functional space. Order today and enjoy a tidy, stylish interior that will delight you and your guests. The Pavo collection is the perfect choice for anyone who appreciates beauty, comfort and quality in one.<\/span><\/p>","protected":false},"excerpt":{"rendered":"<p>Komoda z szuflad\u0105 Pavo Szukasz eleganckiego i funkcjonalnego rozwi\u0105zania do swojego wn\u0119trza? Oto komoda z szuflad\u0105 Pavo, idealna propozycja dla (&#8230;)<\/p>","protected":false},"featured_media":10667,"comment_status":"open","ping_status":"closed","template":"","meta":{"_acf_changed":false,"inline_featured_image":false},"product_brand":[],"product_cat":[128,127,137,144,139,142,27],"product_tag":[],"class_list":{"0":"post-1639","1":"product","2":"type-product","3":"status-publish","4":"has-post-thumbnail","6":"product_cat-komody","7":"product_cat-meble-pokojowe","8":"product_cat-meble-systemowe","9":"product_cat-pokoj","10":"product_cat-pomieszczenia","11":"product_cat-przedpokoj","12":"product_cat-przedpokoje","13":"product_shipping_class-paczka-st-x-1","14":"collection-pavo","16":"first","17":"instock","18":"shipping-taxable","19":"purchasable","20":"product-type-variable"},"acf":[],"yoast_head":"<!-- This site is optimized with the Yoast SEO plugin v27.4 - https:\/\/yoast.com\/product\/yoast-seo-wordpress\/ -->\n<title>Komoda z szuflad\u0105 Pavo - Demko Home<\/title>\n<meta name=\"robots\" content=\"index, follow, max-snippet:-1, max-image-preview:large, max-video-preview:-1\" \/>\n<link rel=\"canonical\" href=\"https:\/\/demkohome.pl\/en\/product\/komoda-z-szuflada-pavo\/\" \/>\n<meta property=\"og:locale\" content=\"en_US\" \/>\n<meta property=\"og:type\" content=\"article\" \/>\n<meta property=\"og:title\" content=\"Komoda z szuflad\u0105 Pavo - Demko Home\" \/>\n<meta property=\"og:description\" content=\"Komoda z szuflad\u0105 Pavo Szukasz eleganckiego i funkcjonalnego rozwi\u0105zania do swojego wn\u0119trza? Oto komoda z szuflad\u0105 Pavo, idealna propozycja dla (...)\" \/>\n<meta property=\"og:url\" content=\"https:\/\/demkohome.pl\/en\/product\/komoda-z-szuflada-pavo\/\" \/>\n<meta property=\"og:site_name\" content=\"Demko Home\" \/>\n<meta property=\"article:modified_time\" content=\"2026-04-20T01:26:17+00:00\" \/>\n<meta property=\"og:image\" content=\"https:\/\/demkohome.pl\/wp-content\/uploads\/2024\/05\/Komoda-dwie-szuflady-dwoje-drzwi-Pavo-Meble-Okmed-Demko-Home-wariant-grafit.jpg\" \/>\n\t<meta property=\"og:image:width\" content=\"1024\" \/>\n\t<meta property=\"og:image:height\" content=\"1024\" \/>\n\t<meta property=\"og:image:type\" content=\"image\/jpeg\" \/>\n<meta name=\"twitter:card\" content=\"summary_large_image\" \/>\n<meta name=\"twitter:label1\" content=\"Est. reading time\" \/>\n\t<meta name=\"twitter:data1\" content=\"3 minutes\" \/>\n<script type=\"application\/ld+json\" class=\"yoast-schema-graph\">{\"@context\":\"https:\\\/\\\/schema.org\",\"@graph\":[{\"@type\":\"WebPage\",\"@id\":\"https:\\\/\\\/demkohome.pl\\\/produkt\\\/komoda-z-szuflada-pavo\\\/\",\"url\":\"https:\\\/\\\/demkohome.pl\\\/produkt\\\/komoda-z-szuflada-pavo\\\/\",\"name\":\"Komoda z szuflad\u0105 Pavo - Demko Home\",\"isPartOf\":{\"@id\":\"https:\\\/\\\/demkohome.pl\\\/#website\"},\"primaryImageOfPage\":{\"@id\":\"https:\\\/\\\/demkohome.pl\\\/produkt\\\/komoda-z-szuflada-pavo\\\/#primaryimage\"},\"image\":{\"@id\":\"https:\\\/\\\/demkohome.pl\\\/produkt\\\/komoda-z-szuflada-pavo\\\/#primaryimage\"},\"thumbnailUrl\":\"https:\\\/\\\/demkohome.pl\\\/wp-content\\\/uploads\\\/2024\\\/05\\\/Komoda-dwie-szuflady-dwoje-drzwi-Pavo-Meble-Okmed-Demko-Home-wariant-grafit.jpg\",\"datePublished\":\"2024-05-02T06:41:25+00:00\",\"dateModified\":\"2026-04-20T01:26:17+00:00\",\"breadcrumb\":{\"@id\":\"https:\\\/\\\/demkohome.pl\\\/produkt\\\/komoda-z-szuflada-pavo\\\/#breadcrumb\"},\"inLanguage\":\"en-US\",\"potentialAction\":[{\"@type\":\"ReadAction\",\"target\":[\"https:\\\/\\\/demkohome.pl\\\/produkt\\\/komoda-z-szuflada-pavo\\\/\"]}]},{\"@type\":\"ImageObject\",\"inLanguage\":\"en-US\",\"@id\":\"https:\\\/\\\/demkohome.pl\\\/produkt\\\/komoda-z-szuflada-pavo\\\/#primaryimage\",\"url\":\"https:\\\/\\\/demkohome.pl\\\/wp-content\\\/uploads\\\/2024\\\/05\\\/Komoda-dwie-szuflady-dwoje-drzwi-Pavo-Meble-Okmed-Demko-Home-wariant-grafit.jpg\",\"contentUrl\":\"https:\\\/\\\/demkohome.pl\\\/wp-content\\\/uploads\\\/2024\\\/05\\\/Komoda-dwie-szuflady-dwoje-drzwi-Pavo-Meble-Okmed-Demko-Home-wariant-grafit.jpg\",\"width\":1024,\"height\":1024,\"caption\":\"Komoda dwie szuflady dwoje drzwi Pavo Meble Okmed Demko Home wariant grafit\"},{\"@type\":\"BreadcrumbList\",\"@id\":\"https:\\\/\\\/demkohome.pl\\\/produkt\\\/komoda-z-szuflada-pavo\\\/#breadcrumb\",\"itemListElement\":[{\"@type\":\"ListItem\",\"position\":1,\"name\":\"Strona g\u0142\u00f3wna\",\"item\":\"https:\\\/\\\/demkohome.pl\\\/\"},{\"@type\":\"ListItem\",\"position\":2,\"name\":\"Sklep\",\"item\":\"https:\\\/\\\/demkohome.pl\\\/sklep\\\/\"},{\"@type\":\"ListItem\",\"position\":3,\"name\":\"Komoda z szuflad\u0105 Pavo\"}]},{\"@type\":\"WebSite\",\"@id\":\"https:\\\/\\\/demkohome.pl\\\/#website\",\"url\":\"https:\\\/\\\/demkohome.pl\\\/\",\"name\":\"Demko Home\",\"description\":\"Make it simple\",\"publisher\":{\"@id\":\"https:\\\/\\\/demkohome.pl\\\/#organization\"},\"potentialAction\":[{\"@type\":\"SearchAction\",\"target\":{\"@type\":\"EntryPoint\",\"urlTemplate\":\"https:\\\/\\\/demkohome.pl\\\/?s={search_term_string}\"},\"query-input\":{\"@type\":\"PropertyValueSpecification\",\"valueRequired\":true,\"valueName\":\"search_term_string\"}}],\"inLanguage\":\"en-US\"},{\"@type\":\"Organization\",\"@id\":\"https:\\\/\\\/demkohome.pl\\\/#organization\",\"name\":\"Demko Home\",\"url\":\"https:\\\/\\\/demkohome.pl\\\/\",\"logo\":{\"@type\":\"ImageObject\",\"inLanguage\":\"en-US\",\"@id\":\"https:\\\/\\\/demkohome.pl\\\/#\\\/schema\\\/logo\\\/image\\\/\",\"url\":\"https:\\\/\\\/demkohome.pl\\\/wp-content\\\/uploads\\\/2026\\\/03\\\/cropped-3.png\",\"contentUrl\":\"https:\\\/\\\/demkohome.pl\\\/wp-content\\\/uploads\\\/2026\\\/03\\\/cropped-3.png\",\"width\":250,\"height\":63,\"caption\":\"Demko Home\"},\"image\":{\"@id\":\"https:\\\/\\\/demkohome.pl\\\/#\\\/schema\\\/logo\\\/image\\\/\"}}]}<\/script>\n<!-- \/ Yoast SEO plugin. -->","yoast_head_json":{"title":"Komoda z szuflad\u0105 Pavo - Demko Home","robots":{"index":"index","follow":"follow","max-snippet":"max-snippet:-1","max-image-preview":"max-image-preview:large","max-video-preview":"max-video-preview:-1"},"canonical":"https:\/\/demkohome.pl\/en\/product\/komoda-z-szuflada-pavo\/","og_locale":"en_US","og_type":"article","og_title":"Komoda z szuflad\u0105 Pavo - Demko Home","og_description":"Komoda z szuflad\u0105 Pavo Szukasz eleganckiego i funkcjonalnego rozwi\u0105zania do swojego wn\u0119trza? Oto komoda z szuflad\u0105 Pavo, idealna propozycja dla (...)","og_url":"https:\/\/demkohome.pl\/en\/product\/komoda-z-szuflada-pavo\/","og_site_name":"Demko Home","article_modified_time":"2026-04-20T01:26:17+00:00","og_image":[{"width":1024,"height":1024,"url":"https:\/\/demkohome.pl\/wp-content\/uploads\/2024\/05\/Komoda-dwie-szuflady-dwoje-drzwi-Pavo-Meble-Okmed-Demko-Home-wariant-grafit.jpg","type":"image\/jpeg"}],"twitter_card":"summary_large_image","twitter_misc":{"Est. reading time":"3 minutes"},"schema":{"@context":"https:\/\/schema.org","@graph":[{"@type":"WebPage","@id":"https:\/\/demkohome.pl\/produkt\/komoda-z-szuflada-pavo\/","url":"https:\/\/demkohome.pl\/produkt\/komoda-z-szuflada-pavo\/","name":"Komoda z szuflad\u0105 Pavo - Demko Home","isPartOf":{"@id":"https:\/\/demkohome.pl\/#website"},"primaryImageOfPage":{"@id":"https:\/\/demkohome.pl\/produkt\/komoda-z-szuflada-pavo\/#primaryimage"},"image":{"@id":"https:\/\/demkohome.pl\/produkt\/komoda-z-szuflada-pavo\/#primaryimage"},"thumbnailUrl":"https:\/\/demkohome.pl\/wp-content\/uploads\/2024\/05\/Komoda-dwie-szuflady-dwoje-drzwi-Pavo-Meble-Okmed-Demko-Home-wariant-grafit.jpg","datePublished":"2024-05-02T06:41:25+00:00","dateModified":"2026-04-20T01:26:17+00:00","breadcrumb":{"@id":"https:\/\/demkohome.pl\/produkt\/komoda-z-szuflada-pavo\/#breadcrumb"},"inLanguage":"en-US","potentialAction":[{"@type":"ReadAction","target":["https:\/\/demkohome.pl\/produkt\/komoda-z-szuflada-pavo\/"]}]},{"@type":"ImageObject","inLanguage":"en-US","@id":"https:\/\/demkohome.pl\/produkt\/komoda-z-szuflada-pavo\/#primaryimage","url":"https:\/\/demkohome.pl\/wp-content\/uploads\/2024\/05\/Komoda-dwie-szuflady-dwoje-drzwi-Pavo-Meble-Okmed-Demko-Home-wariant-grafit.jpg","contentUrl":"https:\/\/demkohome.pl\/wp-content\/uploads\/2024\/05\/Komoda-dwie-szuflady-dwoje-drzwi-Pavo-Meble-Okmed-Demko-Home-wariant-grafit.jpg","width":1024,"height":1024,"caption":"Komoda dwie szuflady dwoje drzwi Pavo Meble Okmed Demko Home wariant grafit"},{"@type":"BreadcrumbList","@id":"https:\/\/demkohome.pl\/produkt\/komoda-z-szuflada-pavo\/#breadcrumb","itemListElement":[{"@type":"ListItem","position":1,"name":"Strona g\u0142\u00f3wna","item":"https:\/\/demkohome.pl\/"},{"@type":"ListItem","position":2,"name":"Sklep","item":"https:\/\/demkohome.pl\/sklep\/"},{"@type":"ListItem","position":3,"name":"Komoda z szuflad\u0105 Pavo"}]},{"@type":"WebSite","@id":"https:\/\/demkohome.pl\/#website","url":"https:\/\/demkohome.pl\/","name":"Demko Home","description":"Make it simple","publisher":{"@id":"https:\/\/demkohome.pl\/#organization"},"potentialAction":[{"@type":"SearchAction","target":{"@type":"EntryPoint","urlTemplate":"https:\/\/demkohome.pl\/?s={search_term_string}"},"query-input":{"@type":"PropertyValueSpecification","valueRequired":true,"valueName":"search_term_string"}}],"inLanguage":"en-US"},{"@type":"Organization","@id":"https:\/\/demkohome.pl\/#organization","name":"Demko Home","url":"https:\/\/demkohome.pl\/","logo":{"@type":"ImageObject","inLanguage":"en-US","@id":"https:\/\/demkohome.pl\/#\/schema\/logo\/image\/","url":"https:\/\/demkohome.pl\/wp-content\/uploads\/2026\/03\/cropped-3.png","contentUrl":"https:\/\/demkohome.pl\/wp-content\/uploads\/2026\/03\/cropped-3.png","width":250,"height":63,"caption":"Demko Home"},"image":{"@id":"https:\/\/demkohome.pl\/#\/schema\/logo\/image\/"}}]}},"_links":{"self":[{"href":"https:\/\/demkohome.pl\/en\/wp-json\/wp\/v2\/product\/1639","targetHints":{"allow":["GET"]}}],"collection":[{"href":"https:\/\/demkohome.pl\/en\/wp-json\/wp\/v2\/product"}],"about":[{"href":"https:\/\/demkohome.pl\/en\/wp-json\/wp\/v2\/types\/product"}],"replies":[{"embeddable":true,"href":"https:\/\/demkohome.pl\/en\/wp-json\/wp\/v2\/comments?post=1639"}],"wp:featuredmedia":[{"embeddable":true,"href":"https:\/\/demkohome.pl\/en\/wp-json\/wp\/v2\/media\/10667"}],"wp:attachment":[{"href":"https:\/\/demkohome.pl\/en\/wp-json\/wp\/v2\/media?parent=1639"}],"wp:term":[{"taxonomy":"product_brand","embeddable":true,"href":"https:\/\/demkohome.pl\/en\/wp-json\/wp\/v2\/product_brand?post=1639"},{"taxonomy":"product_cat","embeddable":true,"href":"https:\/\/demkohome.pl\/en\/wp-json\/wp\/v2\/product_cat?post=1639"},{"taxonomy":"product_tag","embeddable":true,"href":"https:\/\/demkohome.pl\/en\/wp-json\/wp\/v2\/product_tag?post=1639"}],"curies":[{"name":"wp","href":"https:\/\/api.w.org\/{rel}","templated":true}]}}