{"id":1660,"date":"2023-08-28T13:13:43","date_gmt":"2023-08-28T11:13:43","guid":{"rendered":"https:\/\/demkohome.pl\/produkt\/szafka-laz-sofia-gora-750-600-bialy-bialy_smfsc\/"},"modified":"2026-04-30T15:31:37","modified_gmt":"2026-04-30T13:31:37","slug":"szafka-laz-sofia-gora-750-600-bialy-bialy_smfsc","status":"publish","type":"product","link":"https:\/\/demkohome.pl\/en\/product\/szafka-laz-sofia-gora-750-600-bialy-bialy_smfsc\/","title":{"rendered":"Sofia bathroom cabinet 60 cm with mirror and LED lighting"},"content":{"rendered":"<h3>Bathroom mirror in cabinet 60 cm - pragmatism and functionality<\/h3>\n<div style=\"font-family: 'Noto Sans', sans-serif; font-size: 17px;\">The suspended mirror cabinet, was designed with maximum comfort and pragmatic use of the bathroom in mind. To achieve this goal, the mirror was mounted on the front of the cabinet, which was additionally lowered, allowing the cabinet to be opened from underneath and keeping the mirror front intact when opened. LED type lighting has also been built into the cabinet, which is particularly helpful in rooms with less daylight. In addition, there are three shelves inside the cabinet, with the possibility of hanging each shelf at three different levels, which guarantees maximum comfort in adjusting the height of the shelves to the user's current needs.<\/p>\n<h3>Sofia bathroom cabinet 60 cm - technical information<\/h3>\n<p>The body of the bathroom cabinet is made of solid 16 mm thick laminated board, with durable ABS edging, giving them durability. The body is made in a classic white color, perfectly fit into a variety of interior design even other collections. Sofia bathroom furniture is also FSC\u00ae-certified, which confirms the concern for environmental sustainability. We recommend that you clean the furniture with a soft, damp cloth or with furniture cleaning products.<\/p>\n<h3>Other products from the Sofia bathroom furniture collection<\/h3>\n<p>The Sofia bathroom collection is a form-saving, elegant and simple line of furniture ideal for minimalist, small bathroom spaces. The two, bright color variants available in the collection: white and turquoise will illuminate the room giving it a feeling of spaciousness. In addition to the 60 cm wall cabinet with mirror, the Sofia line also includes a 60 cm wide wall-mounted washbasin cabinet and a 37.5 cm wide x 115 cm long bathroom pedestal.<\/p>\n<\/div>","protected":false},"excerpt":{"rendered":"<p>Lustro \u0142azienkowe w szafce 60 cm\u00a0&#8211; pragmatyzm i funkcjonalno\u015b\u0107 Podwieszana szafka z lustrem, zosta\u0142a zaprojektowana z my\u015bl\u0105 o maksymalnym komforcie (&#8230;)<\/p>","protected":false},"featured_media":8375,"comment_status":"open","ping_status":"closed","template":"","meta":{"_acf_changed":false,"inline_featured_image":false},"product_brand":[],"product_cat":[146,28,137,139,281],"product_tag":[],"class_list":{"0":"post-1660","1":"product","2":"type-product","3":"status-publish","4":"has-post-thumbnail","6":"product_cat-lazienka","7":"product_cat-meble-lazienkowe","8":"product_cat-meble-systemowe","9":"product_cat-pomieszczenia","10":"product_cat-szafki-lazienkowe","11":"product_shipping_class-paczka-st-x-1","12":"collection-sofia","14":"first","15":"outofstock","16":"shipping-taxable","17":"purchasable","18":"product-type-variable"},"acf":[],"yoast_head":"<!-- This site is optimized with the Yoast SEO plugin v27.4 - https:\/\/yoast.com\/product\/yoast-seo-wordpress\/ -->\n<title>Szafka \u0142azienkowa 60 cm Sofia z lustrem i o\u015bwietleniem LED - Demko Home<\/title>\n<meta name=\"robots\" content=\"index, follow, max-snippet:-1, max-image-preview:large, max-video-preview:-1\" \/>\n<link rel=\"canonical\" href=\"https:\/\/demkohome.pl\/en\/product\/szafka-laz-sofia-gora-750-600-bialy-bialy_smfsc\/\" \/>\n<meta property=\"og:locale\" content=\"en_US\" \/>\n<meta property=\"og:type\" content=\"article\" \/>\n<meta property=\"og:title\" content=\"Szafka \u0142azienkowa 60 cm Sofia z lustrem i o\u015bwietleniem LED - Demko Home\" \/>\n<meta property=\"og:description\" content=\"Lustro \u0142azienkowe w szafce 60 cm\u00a0&#8211; pragmatyzm i funkcjonalno\u015b\u0107 Podwieszana szafka z lustrem, zosta\u0142a zaprojektowana z my\u015bl\u0105 o maksymalnym komforcie (...)\" \/>\n<meta property=\"og:url\" content=\"https:\/\/demkohome.pl\/en\/product\/szafka-laz-sofia-gora-750-600-bialy-bialy_smfsc\/\" \/>\n<meta property=\"og:site_name\" content=\"Demko Home\" \/>\n<meta property=\"article:modified_time\" content=\"2026-04-30T13:31:37+00:00\" \/>\n<meta property=\"og:image\" content=\"https:\/\/demkohome.pl\/wp-content\/uploads\/2023\/08\/Szafka-lazienkowa-lustro-wiszaca-Sofia-Meble-Okmed-Demko.jpg\" \/>\n\t<meta property=\"og:image:width\" content=\"1920\" \/>\n\t<meta property=\"og:image:height\" content=\"1920\" \/>\n\t<meta property=\"og:image:type\" content=\"image\/jpeg\" \/>\n<meta name=\"twitter:card\" content=\"summary_large_image\" \/>\n<meta name=\"twitter:label1\" content=\"Est. reading time\" \/>\n\t<meta name=\"twitter:data1\" content=\"2 minutes\" \/>\n<script type=\"application\/ld+json\" class=\"yoast-schema-graph\">{\"@context\":\"https:\\\/\\\/schema.org\",\"@graph\":[{\"@type\":\"WebPage\",\"@id\":\"https:\\\/\\\/demkohome.pl\\\/produkt\\\/szafka-laz-sofia-gora-750-600-bialy-bialy_smfsc\\\/\",\"url\":\"https:\\\/\\\/demkohome.pl\\\/produkt\\\/szafka-laz-sofia-gora-750-600-bialy-bialy_smfsc\\\/\",\"name\":\"Szafka \u0142azienkowa 60 cm Sofia z lustrem i o\u015bwietleniem LED - Demko Home\",\"isPartOf\":{\"@id\":\"https:\\\/\\\/demkohome.pl\\\/#website\"},\"primaryImageOfPage\":{\"@id\":\"https:\\\/\\\/demkohome.pl\\\/produkt\\\/szafka-laz-sofia-gora-750-600-bialy-bialy_smfsc\\\/#primaryimage\"},\"image\":{\"@id\":\"https:\\\/\\\/demkohome.pl\\\/produkt\\\/szafka-laz-sofia-gora-750-600-bialy-bialy_smfsc\\\/#primaryimage\"},\"thumbnailUrl\":\"https:\\\/\\\/demkohome.pl\\\/wp-content\\\/uploads\\\/2023\\\/08\\\/Szafka-lazienkowa-lustro-wiszaca-Sofia-Meble-Okmed-Demko.jpg\",\"datePublished\":\"2023-08-28T11:13:43+00:00\",\"dateModified\":\"2026-04-30T13:31:37+00:00\",\"breadcrumb\":{\"@id\":\"https:\\\/\\\/demkohome.pl\\\/produkt\\\/szafka-laz-sofia-gora-750-600-bialy-bialy_smfsc\\\/#breadcrumb\"},\"inLanguage\":\"en-US\",\"potentialAction\":[{\"@type\":\"ReadAction\",\"target\":[\"https:\\\/\\\/demkohome.pl\\\/produkt\\\/szafka-laz-sofia-gora-750-600-bialy-bialy_smfsc\\\/\"]}]},{\"@type\":\"ImageObject\",\"inLanguage\":\"en-US\",\"@id\":\"https:\\\/\\\/demkohome.pl\\\/produkt\\\/szafka-laz-sofia-gora-750-600-bialy-bialy_smfsc\\\/#primaryimage\",\"url\":\"https:\\\/\\\/demkohome.pl\\\/wp-content\\\/uploads\\\/2023\\\/08\\\/Szafka-lazienkowa-lustro-wiszaca-Sofia-Meble-Okmed-Demko.jpg\",\"contentUrl\":\"https:\\\/\\\/demkohome.pl\\\/wp-content\\\/uploads\\\/2023\\\/08\\\/Szafka-lazienkowa-lustro-wiszaca-Sofia-Meble-Okmed-Demko.jpg\",\"width\":1920,\"height\":1920,\"caption\":\"Szafka lazienkowa lustro wiszaca Sofia Meble Okmed Demko\"},{\"@type\":\"BreadcrumbList\",\"@id\":\"https:\\\/\\\/demkohome.pl\\\/produkt\\\/szafka-laz-sofia-gora-750-600-bialy-bialy_smfsc\\\/#breadcrumb\",\"itemListElement\":[{\"@type\":\"ListItem\",\"position\":1,\"name\":\"Strona g\u0142\u00f3wna\",\"item\":\"https:\\\/\\\/demkohome.pl\\\/\"},{\"@type\":\"ListItem\",\"position\":2,\"name\":\"Sklep\",\"item\":\"https:\\\/\\\/demkohome.pl\\\/sklep\\\/\"},{\"@type\":\"ListItem\",\"position\":3,\"name\":\"Szafka \u0142azienkowa 60 cm Sofia z lustrem i o\u015bwietleniem LED\"}]},{\"@type\":\"WebSite\",\"@id\":\"https:\\\/\\\/demkohome.pl\\\/#website\",\"url\":\"https:\\\/\\\/demkohome.pl\\\/\",\"name\":\"Demko Home\",\"description\":\"Make it simple\",\"publisher\":{\"@id\":\"https:\\\/\\\/demkohome.pl\\\/#organization\"},\"potentialAction\":[{\"@type\":\"SearchAction\",\"target\":{\"@type\":\"EntryPoint\",\"urlTemplate\":\"https:\\\/\\\/demkohome.pl\\\/?s={search_term_string}\"},\"query-input\":{\"@type\":\"PropertyValueSpecification\",\"valueRequired\":true,\"valueName\":\"search_term_string\"}}],\"inLanguage\":\"en-US\"},{\"@type\":\"Organization\",\"@id\":\"https:\\\/\\\/demkohome.pl\\\/#organization\",\"name\":\"Demko Home\",\"url\":\"https:\\\/\\\/demkohome.pl\\\/\",\"logo\":{\"@type\":\"ImageObject\",\"inLanguage\":\"en-US\",\"@id\":\"https:\\\/\\\/demkohome.pl\\\/#\\\/schema\\\/logo\\\/image\\\/\",\"url\":\"https:\\\/\\\/demkohome.pl\\\/wp-content\\\/uploads\\\/2026\\\/03\\\/cropped-3.png\",\"contentUrl\":\"https:\\\/\\\/demkohome.pl\\\/wp-content\\\/uploads\\\/2026\\\/03\\\/cropped-3.png\",\"width\":250,\"height\":63,\"caption\":\"Demko Home\"},\"image\":{\"@id\":\"https:\\\/\\\/demkohome.pl\\\/#\\\/schema\\\/logo\\\/image\\\/\"}}]}<\/script>\n<!-- \/ Yoast SEO plugin. -->","yoast_head_json":{"title":"Szafka \u0142azienkowa 60 cm Sofia z lustrem i o\u015bwietleniem LED - Demko Home","robots":{"index":"index","follow":"follow","max-snippet":"max-snippet:-1","max-image-preview":"max-image-preview:large","max-video-preview":"max-video-preview:-1"},"canonical":"https:\/\/demkohome.pl\/en\/product\/szafka-laz-sofia-gora-750-600-bialy-bialy_smfsc\/","og_locale":"en_US","og_type":"article","og_title":"Szafka \u0142azienkowa 60 cm Sofia z lustrem i o\u015bwietleniem LED - Demko Home","og_description":"Lustro \u0142azienkowe w szafce 60 cm\u00a0&#8211; pragmatyzm i funkcjonalno\u015b\u0107 Podwieszana szafka z lustrem, zosta\u0142a zaprojektowana z my\u015bl\u0105 o maksymalnym komforcie (...)","og_url":"https:\/\/demkohome.pl\/en\/product\/szafka-laz-sofia-gora-750-600-bialy-bialy_smfsc\/","og_site_name":"Demko Home","article_modified_time":"2026-04-30T13:31:37+00:00","og_image":[{"width":1920,"height":1920,"url":"https:\/\/demkohome.pl\/wp-content\/uploads\/2023\/08\/Szafka-lazienkowa-lustro-wiszaca-Sofia-Meble-Okmed-Demko.jpg","type":"image\/jpeg"}],"twitter_card":"summary_large_image","twitter_misc":{"Est. reading time":"2 minutes"},"schema":{"@context":"https:\/\/schema.org","@graph":[{"@type":"WebPage","@id":"https:\/\/demkohome.pl\/produkt\/szafka-laz-sofia-gora-750-600-bialy-bialy_smfsc\/","url":"https:\/\/demkohome.pl\/produkt\/szafka-laz-sofia-gora-750-600-bialy-bialy_smfsc\/","name":"Szafka \u0142azienkowa 60 cm Sofia z lustrem i o\u015bwietleniem LED - Demko Home","isPartOf":{"@id":"https:\/\/demkohome.pl\/#website"},"primaryImageOfPage":{"@id":"https:\/\/demkohome.pl\/produkt\/szafka-laz-sofia-gora-750-600-bialy-bialy_smfsc\/#primaryimage"},"image":{"@id":"https:\/\/demkohome.pl\/produkt\/szafka-laz-sofia-gora-750-600-bialy-bialy_smfsc\/#primaryimage"},"thumbnailUrl":"https:\/\/demkohome.pl\/wp-content\/uploads\/2023\/08\/Szafka-lazienkowa-lustro-wiszaca-Sofia-Meble-Okmed-Demko.jpg","datePublished":"2023-08-28T11:13:43+00:00","dateModified":"2026-04-30T13:31:37+00:00","breadcrumb":{"@id":"https:\/\/demkohome.pl\/produkt\/szafka-laz-sofia-gora-750-600-bialy-bialy_smfsc\/#breadcrumb"},"inLanguage":"en-US","potentialAction":[{"@type":"ReadAction","target":["https:\/\/demkohome.pl\/produkt\/szafka-laz-sofia-gora-750-600-bialy-bialy_smfsc\/"]}]},{"@type":"ImageObject","inLanguage":"en-US","@id":"https:\/\/demkohome.pl\/produkt\/szafka-laz-sofia-gora-750-600-bialy-bialy_smfsc\/#primaryimage","url":"https:\/\/demkohome.pl\/wp-content\/uploads\/2023\/08\/Szafka-lazienkowa-lustro-wiszaca-Sofia-Meble-Okmed-Demko.jpg","contentUrl":"https:\/\/demkohome.pl\/wp-content\/uploads\/2023\/08\/Szafka-lazienkowa-lustro-wiszaca-Sofia-Meble-Okmed-Demko.jpg","width":1920,"height":1920,"caption":"Szafka lazienkowa lustro wiszaca Sofia Meble Okmed Demko"},{"@type":"BreadcrumbList","@id":"https:\/\/demkohome.pl\/produkt\/szafka-laz-sofia-gora-750-600-bialy-bialy_smfsc\/#breadcrumb","itemListElement":[{"@type":"ListItem","position":1,"name":"Strona g\u0142\u00f3wna","item":"https:\/\/demkohome.pl\/"},{"@type":"ListItem","position":2,"name":"Sklep","item":"https:\/\/demkohome.pl\/sklep\/"},{"@type":"ListItem","position":3,"name":"Szafka \u0142azienkowa 60 cm Sofia z lustrem i o\u015bwietleniem LED"}]},{"@type":"WebSite","@id":"https:\/\/demkohome.pl\/#website","url":"https:\/\/demkohome.pl\/","name":"Demko Home","description":"Make it simple","publisher":{"@id":"https:\/\/demkohome.pl\/#organization"},"potentialAction":[{"@type":"SearchAction","target":{"@type":"EntryPoint","urlTemplate":"https:\/\/demkohome.pl\/?s={search_term_string}"},"query-input":{"@type":"PropertyValueSpecification","valueRequired":true,"valueName":"search_term_string"}}],"inLanguage":"en-US"},{"@type":"Organization","@id":"https:\/\/demkohome.pl\/#organization","name":"Demko Home","url":"https:\/\/demkohome.pl\/","logo":{"@type":"ImageObject","inLanguage":"en-US","@id":"https:\/\/demkohome.pl\/#\/schema\/logo\/image\/","url":"https:\/\/demkohome.pl\/wp-content\/uploads\/2026\/03\/cropped-3.png","contentUrl":"https:\/\/demkohome.pl\/wp-content\/uploads\/2026\/03\/cropped-3.png","width":250,"height":63,"caption":"Demko Home"},"image":{"@id":"https:\/\/demkohome.pl\/#\/schema\/logo\/image\/"}}]}},"_links":{"self":[{"href":"https:\/\/demkohome.pl\/en\/wp-json\/wp\/v2\/product\/1660","targetHints":{"allow":["GET"]}}],"collection":[{"href":"https:\/\/demkohome.pl\/en\/wp-json\/wp\/v2\/product"}],"about":[{"href":"https:\/\/demkohome.pl\/en\/wp-json\/wp\/v2\/types\/product"}],"replies":[{"embeddable":true,"href":"https:\/\/demkohome.pl\/en\/wp-json\/wp\/v2\/comments?post=1660"}],"wp:featuredmedia":[{"embeddable":true,"href":"https:\/\/demkohome.pl\/en\/wp-json\/wp\/v2\/media\/8375"}],"wp:attachment":[{"href":"https:\/\/demkohome.pl\/en\/wp-json\/wp\/v2\/media?parent=1660"}],"wp:term":[{"taxonomy":"product_brand","embeddable":true,"href":"https:\/\/demkohome.pl\/en\/wp-json\/wp\/v2\/product_brand?post=1660"},{"taxonomy":"product_cat","embeddable":true,"href":"https:\/\/demkohome.pl\/en\/wp-json\/wp\/v2\/product_cat?post=1660"},{"taxonomy":"product_tag","embeddable":true,"href":"https:\/\/demkohome.pl\/en\/wp-json\/wp\/v2\/product_tag?post=1660"}],"curies":[{"name":"wp","href":"https:\/\/api.w.org\/{rel}","templated":true}]}}