{"id":1666,"date":"2023-08-28T13:13:43","date_gmt":"2023-08-28T11:13:43","guid":{"rendered":"https:\/\/demkohome.pl\/produkt\/szafka-laz-sofia-gora-1150-375-akryl_bialy-bialy_smfsc\/"},"modified":"2026-04-30T15:31:35","modified_gmt":"2026-04-30T13:31:35","slug":"szafka-wiszaca-lazienkowa-sofia-slupek-1150-375","status":"publish","type":"product","link":"https:\/\/demkohome.pl\/en\/product\/szafka-wiszaca-lazienkowa-sofia-slupek-1150-375\/","title":{"rendered":"Bathroom wall-mounted cabinet post 37.5 cm Sofia"},"content":{"rendered":"<div style=\"font-family: 'Noto Sans', sans-serif; font-size: 17px;\">\n<h3>Sofia wall-mounted bathroom cabinet post 37.5 cm wide<\/h3>\n<p>The Sofia wall-mounted bathroom pedestal is a comprehensive solution for any bathroom, available in two color options: white and turquoise. The cabinet consists of three shelves with a depth of 26 cm, which are equipped with a three-stage height adjustment system, allowing you to adjust the height of the regiment to suit your individual needs. Thus, storing tall containers, small cosmetics or other bathroom accessories of unusual dimensions does not have to pay for the loss of unused space. The cabinet was deliberately designed with the functionality of closing doors, guaranteeing the possibility of hiding items that can cause a feeling of disorder. In addition, by mounting the post on the wall, it can be placed above other elements of the bathroom, such as the washing machine, laundry basket, etc.<\/p>\n<h3>Sofia hanging bathroom pedestal - technical information<\/h3>\n<p>Due to its dimensions (width 37,5cm x length 115cm x depth 30cm), the Sofia bathroom cabinet is perfect for the arrangement of even small bathrooms. The body and front are made of 16 mm thick laminated particleboard. The doors function smoothly, and their ergonomic design allows you to open them by holding the extended front. The edges of the furniture have been carefully finished with durable ABS plastic, providing not only an aesthetically pleasing appearance, but also long-lasting protection from damage. Thanks to the ability to adjust the shelves to three different heights, you can tailor the furniture to your individual storage needs. What's more, you can choose the direction in which the doors open, either to the left or to the right, during assembly, giving you flexibility in arranging your bathroom space. The furniture is FSC\u00ae certified, guaranteeing the ecological and sustainable origin of the materials used in its production. So you can enjoy beautiful and functional bathroom furnishings while taking care of the environment.<\/p>\n<h3>Sofia bathroom furniture line<\/h3>\n<p>The Sofia bathroom collection is a form-saving, elegant and simple line of furniture ideal for minimalist spaces. the collection includes: a 60 cm wide bathroom cabinet with a mirror and LED lighting; a 60 cm undermount cabinet for a washbasin; and a 37.5 cm x 115 cm pillar bathroom shelf. Individual items are available for purchase separately.\n<\/p><\/div>\n<p>&nbsp;<\/p>\n<p>&nbsp;<\/p>","protected":false},"excerpt":{"rendered":"<p>Szafka do \u0142azienki wisz\u0105ca Sofia s\u0142upek szer. 37,5 cm S\u0142upek \u0142azienkowy wisz\u0105cy Sofia to kompleksowe rozwi\u0105zanie dla ka\u017cdej \u0142azienki dost\u0119pny (&#8230;)<\/p>","protected":false},"featured_media":8377,"comment_status":"open","ping_status":"closed","template":"","meta":{"_acf_changed":false,"inline_featured_image":false},"product_brand":[],"product_cat":[146,28,137,139,281],"product_tag":[],"class_list":{"0":"post-1666","1":"product","2":"type-product","3":"status-publish","4":"has-post-thumbnail","6":"product_cat-lazienka","7":"product_cat-meble-lazienkowe","8":"product_cat-meble-systemowe","9":"product_cat-pomieszczenia","10":"product_cat-szafki-lazienkowe","11":"collection-sofia","13":"first","14":"instock","15":"shipping-taxable","16":"purchasable","17":"product-type-variable"},"acf":[],"yoast_head":"<!-- This site is optimized with the Yoast SEO plugin v27.4 - https:\/\/yoast.com\/product\/yoast-seo-wordpress\/ -->\n<title>Szafka wisz\u0105ca \u0142azienkowa s\u0142upek 37.5 cm Sofia - Demko Home<\/title>\n<meta name=\"robots\" content=\"index, follow, max-snippet:-1, max-image-preview:large, max-video-preview:-1\" \/>\n<link rel=\"canonical\" href=\"https:\/\/demkohome.pl\/en\/product\/szafka-wiszaca-lazienkowa-sofia-slupek-1150-375\/\" \/>\n<meta property=\"og:locale\" content=\"en_US\" \/>\n<meta property=\"og:type\" content=\"article\" \/>\n<meta property=\"og:title\" content=\"Szafka wisz\u0105ca \u0142azienkowa s\u0142upek 37.5 cm Sofia - Demko Home\" \/>\n<meta property=\"og:description\" content=\"Szafka do \u0142azienki wisz\u0105ca Sofia s\u0142upek szer. 37,5 cm S\u0142upek \u0142azienkowy wisz\u0105cy Sofia to kompleksowe rozwi\u0105zanie dla ka\u017cdej \u0142azienki dost\u0119pny (...)\" \/>\n<meta property=\"og:url\" content=\"https:\/\/demkohome.pl\/en\/product\/szafka-wiszaca-lazienkowa-sofia-slupek-1150-375\/\" \/>\n<meta property=\"og:site_name\" content=\"Demko Home\" \/>\n<meta property=\"article:modified_time\" content=\"2026-04-30T13:31:35+00:00\" \/>\n<meta property=\"og:image\" content=\"https:\/\/demkohome.pl\/wp-content\/uploads\/2023\/08\/Biala-szafka-lazienkowa-Sofia-wiszacy-slupek-bialy-od-Meble-Okmed-Demko-1.jpg\" \/>\n\t<meta property=\"og:image:width\" content=\"1024\" \/>\n\t<meta property=\"og:image:height\" content=\"1024\" \/>\n\t<meta property=\"og:image:type\" content=\"image\/jpeg\" \/>\n<meta name=\"twitter:card\" content=\"summary_large_image\" \/>\n<meta name=\"twitter:label1\" content=\"Est. reading time\" \/>\n\t<meta name=\"twitter:data1\" content=\"3 minutes\" \/>\n<script type=\"application\/ld+json\" class=\"yoast-schema-graph\">{\"@context\":\"https:\\\/\\\/schema.org\",\"@graph\":[{\"@type\":\"WebPage\",\"@id\":\"https:\\\/\\\/demkohome.pl\\\/produkt\\\/szafka-wiszaca-lazienkowa-sofia-slupek-1150-375\\\/\",\"url\":\"https:\\\/\\\/demkohome.pl\\\/produkt\\\/szafka-wiszaca-lazienkowa-sofia-slupek-1150-375\\\/\",\"name\":\"Szafka wisz\u0105ca \u0142azienkowa s\u0142upek 37.5 cm Sofia - Demko Home\",\"isPartOf\":{\"@id\":\"https:\\\/\\\/demkohome.pl\\\/#website\"},\"primaryImageOfPage\":{\"@id\":\"https:\\\/\\\/demkohome.pl\\\/produkt\\\/szafka-wiszaca-lazienkowa-sofia-slupek-1150-375\\\/#primaryimage\"},\"image\":{\"@id\":\"https:\\\/\\\/demkohome.pl\\\/produkt\\\/szafka-wiszaca-lazienkowa-sofia-slupek-1150-375\\\/#primaryimage\"},\"thumbnailUrl\":\"https:\\\/\\\/demkohome.pl\\\/wp-content\\\/uploads\\\/2023\\\/08\\\/Biala-szafka-lazienkowa-Sofia-wiszacy-slupek-bialy-od-Meble-Okmed-Demko-1.jpg\",\"datePublished\":\"2023-08-28T11:13:43+00:00\",\"dateModified\":\"2026-04-30T13:31:35+00:00\",\"breadcrumb\":{\"@id\":\"https:\\\/\\\/demkohome.pl\\\/produkt\\\/szafka-wiszaca-lazienkowa-sofia-slupek-1150-375\\\/#breadcrumb\"},\"inLanguage\":\"en-US\",\"potentialAction\":[{\"@type\":\"ReadAction\",\"target\":[\"https:\\\/\\\/demkohome.pl\\\/produkt\\\/szafka-wiszaca-lazienkowa-sofia-slupek-1150-375\\\/\"]}]},{\"@type\":\"ImageObject\",\"inLanguage\":\"en-US\",\"@id\":\"https:\\\/\\\/demkohome.pl\\\/produkt\\\/szafka-wiszaca-lazienkowa-sofia-slupek-1150-375\\\/#primaryimage\",\"url\":\"https:\\\/\\\/demkohome.pl\\\/wp-content\\\/uploads\\\/2023\\\/08\\\/Biala-szafka-lazienkowa-Sofia-wiszacy-slupek-bialy-od-Meble-Okmed-Demko-1.jpg\",\"contentUrl\":\"https:\\\/\\\/demkohome.pl\\\/wp-content\\\/uploads\\\/2023\\\/08\\\/Biala-szafka-lazienkowa-Sofia-wiszacy-slupek-bialy-od-Meble-Okmed-Demko-1.jpg\",\"width\":1920,\"height\":1920,\"caption\":\"Bia\u0142a szafka \u0142azienkowa Sofia wiszacy s\u0142upek bialy od Meble Okmed Demko\"},{\"@type\":\"BreadcrumbList\",\"@id\":\"https:\\\/\\\/demkohome.pl\\\/produkt\\\/szafka-wiszaca-lazienkowa-sofia-slupek-1150-375\\\/#breadcrumb\",\"itemListElement\":[{\"@type\":\"ListItem\",\"position\":1,\"name\":\"Strona g\u0142\u00f3wna\",\"item\":\"https:\\\/\\\/demkohome.pl\\\/\"},{\"@type\":\"ListItem\",\"position\":2,\"name\":\"Sklep\",\"item\":\"https:\\\/\\\/demkohome.pl\\\/sklep\\\/\"},{\"@type\":\"ListItem\",\"position\":3,\"name\":\"Szafka wisz\u0105ca \u0142azienkowa s\u0142upek 37.5 cm Sofia\"}]},{\"@type\":\"WebSite\",\"@id\":\"https:\\\/\\\/demkohome.pl\\\/#website\",\"url\":\"https:\\\/\\\/demkohome.pl\\\/\",\"name\":\"Demko Home\",\"description\":\"Make it simple\",\"publisher\":{\"@id\":\"https:\\\/\\\/demkohome.pl\\\/#organization\"},\"potentialAction\":[{\"@type\":\"SearchAction\",\"target\":{\"@type\":\"EntryPoint\",\"urlTemplate\":\"https:\\\/\\\/demkohome.pl\\\/?s={search_term_string}\"},\"query-input\":{\"@type\":\"PropertyValueSpecification\",\"valueRequired\":true,\"valueName\":\"search_term_string\"}}],\"inLanguage\":\"en-US\"},{\"@type\":\"Organization\",\"@id\":\"https:\\\/\\\/demkohome.pl\\\/#organization\",\"name\":\"Demko Home\",\"url\":\"https:\\\/\\\/demkohome.pl\\\/\",\"logo\":{\"@type\":\"ImageObject\",\"inLanguage\":\"en-US\",\"@id\":\"https:\\\/\\\/demkohome.pl\\\/#\\\/schema\\\/logo\\\/image\\\/\",\"url\":\"https:\\\/\\\/demkohome.pl\\\/wp-content\\\/uploads\\\/2026\\\/03\\\/cropped-3.png\",\"contentUrl\":\"https:\\\/\\\/demkohome.pl\\\/wp-content\\\/uploads\\\/2026\\\/03\\\/cropped-3.png\",\"width\":250,\"height\":63,\"caption\":\"Demko Home\"},\"image\":{\"@id\":\"https:\\\/\\\/demkohome.pl\\\/#\\\/schema\\\/logo\\\/image\\\/\"}}]}<\/script>\n<!-- \/ Yoast SEO plugin. -->","yoast_head_json":{"title":"Szafka wisz\u0105ca \u0142azienkowa s\u0142upek 37.5 cm Sofia - Demko Home","robots":{"index":"index","follow":"follow","max-snippet":"max-snippet:-1","max-image-preview":"max-image-preview:large","max-video-preview":"max-video-preview:-1"},"canonical":"https:\/\/demkohome.pl\/en\/product\/szafka-wiszaca-lazienkowa-sofia-slupek-1150-375\/","og_locale":"en_US","og_type":"article","og_title":"Szafka wisz\u0105ca \u0142azienkowa s\u0142upek 37.5 cm Sofia - Demko Home","og_description":"Szafka do \u0142azienki wisz\u0105ca Sofia s\u0142upek szer. 37,5 cm S\u0142upek \u0142azienkowy wisz\u0105cy Sofia to kompleksowe rozwi\u0105zanie dla ka\u017cdej \u0142azienki dost\u0119pny (...)","og_url":"https:\/\/demkohome.pl\/en\/product\/szafka-wiszaca-lazienkowa-sofia-slupek-1150-375\/","og_site_name":"Demko Home","article_modified_time":"2026-04-30T13:31:35+00:00","og_image":[{"width":1024,"height":1024,"url":"https:\/\/demkohome.pl\/wp-content\/uploads\/2023\/08\/Biala-szafka-lazienkowa-Sofia-wiszacy-slupek-bialy-od-Meble-Okmed-Demko-1.jpg","type":"image\/jpeg"}],"twitter_card":"summary_large_image","twitter_misc":{"Est. reading time":"3 minutes"},"schema":{"@context":"https:\/\/schema.org","@graph":[{"@type":"WebPage","@id":"https:\/\/demkohome.pl\/produkt\/szafka-wiszaca-lazienkowa-sofia-slupek-1150-375\/","url":"https:\/\/demkohome.pl\/produkt\/szafka-wiszaca-lazienkowa-sofia-slupek-1150-375\/","name":"Szafka wisz\u0105ca \u0142azienkowa s\u0142upek 37.5 cm Sofia - Demko Home","isPartOf":{"@id":"https:\/\/demkohome.pl\/#website"},"primaryImageOfPage":{"@id":"https:\/\/demkohome.pl\/produkt\/szafka-wiszaca-lazienkowa-sofia-slupek-1150-375\/#primaryimage"},"image":{"@id":"https:\/\/demkohome.pl\/produkt\/szafka-wiszaca-lazienkowa-sofia-slupek-1150-375\/#primaryimage"},"thumbnailUrl":"https:\/\/demkohome.pl\/wp-content\/uploads\/2023\/08\/Biala-szafka-lazienkowa-Sofia-wiszacy-slupek-bialy-od-Meble-Okmed-Demko-1.jpg","datePublished":"2023-08-28T11:13:43+00:00","dateModified":"2026-04-30T13:31:35+00:00","breadcrumb":{"@id":"https:\/\/demkohome.pl\/produkt\/szafka-wiszaca-lazienkowa-sofia-slupek-1150-375\/#breadcrumb"},"inLanguage":"en-US","potentialAction":[{"@type":"ReadAction","target":["https:\/\/demkohome.pl\/produkt\/szafka-wiszaca-lazienkowa-sofia-slupek-1150-375\/"]}]},{"@type":"ImageObject","inLanguage":"en-US","@id":"https:\/\/demkohome.pl\/produkt\/szafka-wiszaca-lazienkowa-sofia-slupek-1150-375\/#primaryimage","url":"https:\/\/demkohome.pl\/wp-content\/uploads\/2023\/08\/Biala-szafka-lazienkowa-Sofia-wiszacy-slupek-bialy-od-Meble-Okmed-Demko-1.jpg","contentUrl":"https:\/\/demkohome.pl\/wp-content\/uploads\/2023\/08\/Biala-szafka-lazienkowa-Sofia-wiszacy-slupek-bialy-od-Meble-Okmed-Demko-1.jpg","width":1920,"height":1920,"caption":"Bia\u0142a szafka \u0142azienkowa Sofia wiszacy s\u0142upek bialy od Meble Okmed Demko"},{"@type":"BreadcrumbList","@id":"https:\/\/demkohome.pl\/produkt\/szafka-wiszaca-lazienkowa-sofia-slupek-1150-375\/#breadcrumb","itemListElement":[{"@type":"ListItem","position":1,"name":"Strona g\u0142\u00f3wna","item":"https:\/\/demkohome.pl\/"},{"@type":"ListItem","position":2,"name":"Sklep","item":"https:\/\/demkohome.pl\/sklep\/"},{"@type":"ListItem","position":3,"name":"Szafka wisz\u0105ca \u0142azienkowa s\u0142upek 37.5 cm Sofia"}]},{"@type":"WebSite","@id":"https:\/\/demkohome.pl\/#website","url":"https:\/\/demkohome.pl\/","name":"Demko Home","description":"Make it simple","publisher":{"@id":"https:\/\/demkohome.pl\/#organization"},"potentialAction":[{"@type":"SearchAction","target":{"@type":"EntryPoint","urlTemplate":"https:\/\/demkohome.pl\/?s={search_term_string}"},"query-input":{"@type":"PropertyValueSpecification","valueRequired":true,"valueName":"search_term_string"}}],"inLanguage":"en-US"},{"@type":"Organization","@id":"https:\/\/demkohome.pl\/#organization","name":"Demko Home","url":"https:\/\/demkohome.pl\/","logo":{"@type":"ImageObject","inLanguage":"en-US","@id":"https:\/\/demkohome.pl\/#\/schema\/logo\/image\/","url":"https:\/\/demkohome.pl\/wp-content\/uploads\/2026\/03\/cropped-3.png","contentUrl":"https:\/\/demkohome.pl\/wp-content\/uploads\/2026\/03\/cropped-3.png","width":250,"height":63,"caption":"Demko Home"},"image":{"@id":"https:\/\/demkohome.pl\/#\/schema\/logo\/image\/"}}]}},"_links":{"self":[{"href":"https:\/\/demkohome.pl\/en\/wp-json\/wp\/v2\/product\/1666","targetHints":{"allow":["GET"]}}],"collection":[{"href":"https:\/\/demkohome.pl\/en\/wp-json\/wp\/v2\/product"}],"about":[{"href":"https:\/\/demkohome.pl\/en\/wp-json\/wp\/v2\/types\/product"}],"replies":[{"embeddable":true,"href":"https:\/\/demkohome.pl\/en\/wp-json\/wp\/v2\/comments?post=1666"}],"wp:featuredmedia":[{"embeddable":true,"href":"https:\/\/demkohome.pl\/en\/wp-json\/wp\/v2\/media\/8377"}],"wp:attachment":[{"href":"https:\/\/demkohome.pl\/en\/wp-json\/wp\/v2\/media?parent=1666"}],"wp:term":[{"taxonomy":"product_brand","embeddable":true,"href":"https:\/\/demkohome.pl\/en\/wp-json\/wp\/v2\/product_brand?post=1666"},{"taxonomy":"product_cat","embeddable":true,"href":"https:\/\/demkohome.pl\/en\/wp-json\/wp\/v2\/product_cat?post=1666"},{"taxonomy":"product_tag","embeddable":true,"href":"https:\/\/demkohome.pl\/en\/wp-json\/wp\/v2\/product_tag?post=1666"}],"curies":[{"name":"wp","href":"https:\/\/api.w.org\/{rel}","templated":true}]}}