{"id":1672,"date":"2023-08-28T13:13:44","date_gmt":"2023-08-28T11:13:44","guid":{"rendered":"https:\/\/demkohome.pl\/produkt\/szafka-laz-sofia-dol-510-600-akryl_bialy-bialy_smfsc\/"},"modified":"2026-04-18T03:31:28","modified_gmt":"2026-04-18T01:31:28","slug":"szafka-lazienkowa-umywalkowa-60-cm-sofia-wiszaca","status":"publish","type":"product","link":"https:\/\/demkohome.pl\/en\/product\/szafka-lazienkowa-umywalkowa-60-cm-sofia-wiszaca\/","title":{"rendered":"Sofia washbasin cabinet 60 cm gloss pendant"},"content":{"rendered":"<div style=\"font-family: 'Noto Sans', sans-serif; font-size: 17px;\">\n<h3>Bathroom cabinet 60 cm under washbasin Sofia<\/h3>\n<p>Sofia washbasin cabinet is a suspended bathroom cabinet, which is available in two color versions: white and turquoise. Its dimensions (height 51 cm, width 60 cm, depth 45,6 cm) allow it to easily fit into even very small rooms, and the bright color scheme with a gloss effect optically enlarges the usable space in the bathroom. The cabinet is ideally matched with an overlay washbasin with dimensions of 46 cm x 60 cm and straight bottom edges, which minimizes the risk of flooding. A special set of hangers included in the set and two spacious drawers make the cabinet very functional and at the same time resistant even to heavy loads. The upper drawer additionally has a siphon cover with a rim, which provides additional space for cosmetics and bathroom accessories.<\/p>\n<h3>Sofia washbasin cabinet - technical information<\/h3>\n<p>The cabinet bodies and fronts are made of 16 mm thick laminated particleboard, which makes it easy to clean, affects the high durability of the product and its resistance to moisture. Finishing the edges with a special ABS material increases the durability of the product against possible bruises and scratches, and the use of MetalBox slides in the drawers further increases its reliability and functionality. The handles of the cabinets are made in chrome, which allows even better color matching of the product to different design styles. In addition to the described aesthetic versatility of the cabinet finishing elements, both the chrome-colored elements and the cabinet bodies and fronts are durable and easy to clean - a simple damp cloth or preparations dedicated to cleaning furniture will suffice.<\/p>\n<p>Sofia washbasin bathroom cabinet is sold without washbasin and faucet, which gives you the opportunity to purchase any equipment.<\/p>\n<h3>Sofia bathroom furniture line<\/h3>\n<p>Sofia bathroom cabinet collection is a line of minimalist and elegant furniture for arrangements in even small rooms. The line consists of a 60cm wide bathroom cabinet with mirror and LED backlighting, a 60cm wide wall-mounted washbasin cabinet and a 37.5cm wide x 115cm long bathroom post. The products are available for sale separately.<\/p>\n<\/div>","protected":false},"excerpt":{"rendered":"<p>Szafka \u0142azienkowa 60 cm pod umywalk\u0119 Sofia Szafka umywalkowa Sofia to podwieszana szafka \u0142azienkowa, kt\u00f3ra jest dost\u0119pna w dw\u00f3ch wersjach (&#8230;)<\/p>","protected":false},"featured_media":8373,"comment_status":"open","ping_status":"closed","template":"","meta":{"_acf_changed":false,"inline_featured_image":false},"product_brand":[],"product_cat":[146,28,137,139,281],"product_tag":[],"class_list":{"0":"post-1672","1":"product","2":"type-product","3":"status-publish","4":"has-post-thumbnail","6":"product_cat-lazienka","7":"product_cat-meble-lazienkowe","8":"product_cat-meble-systemowe","9":"product_cat-pomieszczenia","10":"product_cat-szafki-lazienkowe","11":"collection-sofia","13":"first","14":"instock","15":"shipping-taxable","16":"purchasable","17":"product-type-variable"},"acf":[],"yoast_head":"<!-- This site is optimized with the Yoast SEO plugin v27.4 - https:\/\/yoast.com\/product\/yoast-seo-wordpress\/ -->\n<title>Szafka umywalkowa 60 cm Sofia z po\u0142yskiem wisz\u0105ca - Demko Home<\/title>\n<meta name=\"robots\" content=\"index, follow, max-snippet:-1, max-image-preview:large, max-video-preview:-1\" \/>\n<link rel=\"canonical\" href=\"https:\/\/demkohome.pl\/en\/product\/szafka-lazienkowa-umywalkowa-60-cm-sofia-wiszaca\/\" \/>\n<meta property=\"og:locale\" content=\"en_US\" \/>\n<meta property=\"og:type\" content=\"article\" \/>\n<meta property=\"og:title\" content=\"Szafka umywalkowa 60 cm Sofia z po\u0142yskiem wisz\u0105ca - Demko Home\" \/>\n<meta property=\"og:description\" content=\"Szafka \u0142azienkowa 60 cm pod umywalk\u0119 Sofia Szafka umywalkowa Sofia to podwieszana szafka \u0142azienkowa, kt\u00f3ra jest dost\u0119pna w dw\u00f3ch wersjach (...)\" \/>\n<meta property=\"og:url\" content=\"https:\/\/demkohome.pl\/en\/product\/szafka-lazienkowa-umywalkowa-60-cm-sofia-wiszaca\/\" \/>\n<meta property=\"og:site_name\" content=\"Demko Home\" \/>\n<meta property=\"article:modified_time\" content=\"2026-04-18T01:31:28+00:00\" \/>\n<meta property=\"og:image\" content=\"https:\/\/demkohome.pl\/wp-content\/uploads\/2023\/08\/Szafka-umywalkowa-wiszaca-Sofia-Meble-Okmed.jpg\" \/>\n\t<meta property=\"og:image:width\" content=\"1920\" \/>\n\t<meta property=\"og:image:height\" content=\"1920\" \/>\n\t<meta property=\"og:image:type\" content=\"image\/jpeg\" \/>\n<meta name=\"twitter:card\" content=\"summary_large_image\" \/>\n<meta name=\"twitter:label1\" content=\"Est. reading time\" \/>\n\t<meta name=\"twitter:data1\" content=\"3 minutes\" \/>\n<script type=\"application\/ld+json\" class=\"yoast-schema-graph\">{\"@context\":\"https:\\\/\\\/schema.org\",\"@graph\":[{\"@type\":\"WebPage\",\"@id\":\"https:\\\/\\\/demkohome.pl\\\/produkt\\\/szafka-lazienkowa-umywalkowa-60-cm-sofia-wiszaca\\\/\",\"url\":\"https:\\\/\\\/demkohome.pl\\\/produkt\\\/szafka-lazienkowa-umywalkowa-60-cm-sofia-wiszaca\\\/\",\"name\":\"Szafka umywalkowa 60 cm Sofia z po\u0142yskiem wisz\u0105ca - Demko Home\",\"isPartOf\":{\"@id\":\"https:\\\/\\\/demkohome.pl\\\/#website\"},\"primaryImageOfPage\":{\"@id\":\"https:\\\/\\\/demkohome.pl\\\/produkt\\\/szafka-lazienkowa-umywalkowa-60-cm-sofia-wiszaca\\\/#primaryimage\"},\"image\":{\"@id\":\"https:\\\/\\\/demkohome.pl\\\/produkt\\\/szafka-lazienkowa-umywalkowa-60-cm-sofia-wiszaca\\\/#primaryimage\"},\"thumbnailUrl\":\"https:\\\/\\\/demkohome.pl\\\/wp-content\\\/uploads\\\/2023\\\/08\\\/Szafka-umywalkowa-wiszaca-Sofia-Meble-Okmed.jpg\",\"datePublished\":\"2023-08-28T11:13:44+00:00\",\"dateModified\":\"2026-04-18T01:31:28+00:00\",\"breadcrumb\":{\"@id\":\"https:\\\/\\\/demkohome.pl\\\/produkt\\\/szafka-lazienkowa-umywalkowa-60-cm-sofia-wiszaca\\\/#breadcrumb\"},\"inLanguage\":\"en-US\",\"potentialAction\":[{\"@type\":\"ReadAction\",\"target\":[\"https:\\\/\\\/demkohome.pl\\\/produkt\\\/szafka-lazienkowa-umywalkowa-60-cm-sofia-wiszaca\\\/\"]}]},{\"@type\":\"ImageObject\",\"inLanguage\":\"en-US\",\"@id\":\"https:\\\/\\\/demkohome.pl\\\/produkt\\\/szafka-lazienkowa-umywalkowa-60-cm-sofia-wiszaca\\\/#primaryimage\",\"url\":\"https:\\\/\\\/demkohome.pl\\\/wp-content\\\/uploads\\\/2023\\\/08\\\/Szafka-umywalkowa-wiszaca-Sofia-Meble-Okmed.jpg\",\"contentUrl\":\"https:\\\/\\\/demkohome.pl\\\/wp-content\\\/uploads\\\/2023\\\/08\\\/Szafka-umywalkowa-wiszaca-Sofia-Meble-Okmed.jpg\",\"width\":1920,\"height\":1920,\"caption\":\"Szafka umywalkowa wiszaca bialaSofia Meble Okmed\"},{\"@type\":\"BreadcrumbList\",\"@id\":\"https:\\\/\\\/demkohome.pl\\\/produkt\\\/szafka-lazienkowa-umywalkowa-60-cm-sofia-wiszaca\\\/#breadcrumb\",\"itemListElement\":[{\"@type\":\"ListItem\",\"position\":1,\"name\":\"Strona g\u0142\u00f3wna\",\"item\":\"https:\\\/\\\/demkohome.pl\\\/\"},{\"@type\":\"ListItem\",\"position\":2,\"name\":\"Sklep\",\"item\":\"https:\\\/\\\/demkohome.pl\\\/sklep\\\/\"},{\"@type\":\"ListItem\",\"position\":3,\"name\":\"Szafka umywalkowa 60 cm Sofia z po\u0142yskiem wisz\u0105ca\"}]},{\"@type\":\"WebSite\",\"@id\":\"https:\\\/\\\/demkohome.pl\\\/#website\",\"url\":\"https:\\\/\\\/demkohome.pl\\\/\",\"name\":\"Demko Home\",\"description\":\"Make it simple\",\"publisher\":{\"@id\":\"https:\\\/\\\/demkohome.pl\\\/#organization\"},\"potentialAction\":[{\"@type\":\"SearchAction\",\"target\":{\"@type\":\"EntryPoint\",\"urlTemplate\":\"https:\\\/\\\/demkohome.pl\\\/?s={search_term_string}\"},\"query-input\":{\"@type\":\"PropertyValueSpecification\",\"valueRequired\":true,\"valueName\":\"search_term_string\"}}],\"inLanguage\":\"en-US\"},{\"@type\":\"Organization\",\"@id\":\"https:\\\/\\\/demkohome.pl\\\/#organization\",\"name\":\"Demko Home\",\"url\":\"https:\\\/\\\/demkohome.pl\\\/\",\"logo\":{\"@type\":\"ImageObject\",\"inLanguage\":\"en-US\",\"@id\":\"https:\\\/\\\/demkohome.pl\\\/#\\\/schema\\\/logo\\\/image\\\/\",\"url\":\"https:\\\/\\\/demkohome.pl\\\/wp-content\\\/uploads\\\/2026\\\/03\\\/cropped-3.png\",\"contentUrl\":\"https:\\\/\\\/demkohome.pl\\\/wp-content\\\/uploads\\\/2026\\\/03\\\/cropped-3.png\",\"width\":250,\"height\":63,\"caption\":\"Demko Home\"},\"image\":{\"@id\":\"https:\\\/\\\/demkohome.pl\\\/#\\\/schema\\\/logo\\\/image\\\/\"}}]}<\/script>\n<!-- \/ Yoast SEO plugin. -->","yoast_head_json":{"title":"Szafka umywalkowa 60 cm Sofia z po\u0142yskiem wisz\u0105ca - Demko Home","robots":{"index":"index","follow":"follow","max-snippet":"max-snippet:-1","max-image-preview":"max-image-preview:large","max-video-preview":"max-video-preview:-1"},"canonical":"https:\/\/demkohome.pl\/en\/product\/szafka-lazienkowa-umywalkowa-60-cm-sofia-wiszaca\/","og_locale":"en_US","og_type":"article","og_title":"Szafka umywalkowa 60 cm Sofia z po\u0142yskiem wisz\u0105ca - Demko Home","og_description":"Szafka \u0142azienkowa 60 cm pod umywalk\u0119 Sofia Szafka umywalkowa Sofia to podwieszana szafka \u0142azienkowa, kt\u00f3ra jest dost\u0119pna w dw\u00f3ch wersjach (...)","og_url":"https:\/\/demkohome.pl\/en\/product\/szafka-lazienkowa-umywalkowa-60-cm-sofia-wiszaca\/","og_site_name":"Demko Home","article_modified_time":"2026-04-18T01:31:28+00:00","og_image":[{"width":1920,"height":1920,"url":"https:\/\/demkohome.pl\/wp-content\/uploads\/2023\/08\/Szafka-umywalkowa-wiszaca-Sofia-Meble-Okmed.jpg","type":"image\/jpeg"}],"twitter_card":"summary_large_image","twitter_misc":{"Est. reading time":"3 minutes"},"schema":{"@context":"https:\/\/schema.org","@graph":[{"@type":"WebPage","@id":"https:\/\/demkohome.pl\/produkt\/szafka-lazienkowa-umywalkowa-60-cm-sofia-wiszaca\/","url":"https:\/\/demkohome.pl\/produkt\/szafka-lazienkowa-umywalkowa-60-cm-sofia-wiszaca\/","name":"Szafka umywalkowa 60 cm Sofia z po\u0142yskiem wisz\u0105ca - Demko Home","isPartOf":{"@id":"https:\/\/demkohome.pl\/#website"},"primaryImageOfPage":{"@id":"https:\/\/demkohome.pl\/produkt\/szafka-lazienkowa-umywalkowa-60-cm-sofia-wiszaca\/#primaryimage"},"image":{"@id":"https:\/\/demkohome.pl\/produkt\/szafka-lazienkowa-umywalkowa-60-cm-sofia-wiszaca\/#primaryimage"},"thumbnailUrl":"https:\/\/demkohome.pl\/wp-content\/uploads\/2023\/08\/Szafka-umywalkowa-wiszaca-Sofia-Meble-Okmed.jpg","datePublished":"2023-08-28T11:13:44+00:00","dateModified":"2026-04-18T01:31:28+00:00","breadcrumb":{"@id":"https:\/\/demkohome.pl\/produkt\/szafka-lazienkowa-umywalkowa-60-cm-sofia-wiszaca\/#breadcrumb"},"inLanguage":"en-US","potentialAction":[{"@type":"ReadAction","target":["https:\/\/demkohome.pl\/produkt\/szafka-lazienkowa-umywalkowa-60-cm-sofia-wiszaca\/"]}]},{"@type":"ImageObject","inLanguage":"en-US","@id":"https:\/\/demkohome.pl\/produkt\/szafka-lazienkowa-umywalkowa-60-cm-sofia-wiszaca\/#primaryimage","url":"https:\/\/demkohome.pl\/wp-content\/uploads\/2023\/08\/Szafka-umywalkowa-wiszaca-Sofia-Meble-Okmed.jpg","contentUrl":"https:\/\/demkohome.pl\/wp-content\/uploads\/2023\/08\/Szafka-umywalkowa-wiszaca-Sofia-Meble-Okmed.jpg","width":1920,"height":1920,"caption":"Szafka umywalkowa wiszaca bialaSofia Meble Okmed"},{"@type":"BreadcrumbList","@id":"https:\/\/demkohome.pl\/produkt\/szafka-lazienkowa-umywalkowa-60-cm-sofia-wiszaca\/#breadcrumb","itemListElement":[{"@type":"ListItem","position":1,"name":"Strona g\u0142\u00f3wna","item":"https:\/\/demkohome.pl\/"},{"@type":"ListItem","position":2,"name":"Sklep","item":"https:\/\/demkohome.pl\/sklep\/"},{"@type":"ListItem","position":3,"name":"Szafka umywalkowa 60 cm Sofia z po\u0142yskiem wisz\u0105ca"}]},{"@type":"WebSite","@id":"https:\/\/demkohome.pl\/#website","url":"https:\/\/demkohome.pl\/","name":"Demko Home","description":"Make it simple","publisher":{"@id":"https:\/\/demkohome.pl\/#organization"},"potentialAction":[{"@type":"SearchAction","target":{"@type":"EntryPoint","urlTemplate":"https:\/\/demkohome.pl\/?s={search_term_string}"},"query-input":{"@type":"PropertyValueSpecification","valueRequired":true,"valueName":"search_term_string"}}],"inLanguage":"en-US"},{"@type":"Organization","@id":"https:\/\/demkohome.pl\/#organization","name":"Demko Home","url":"https:\/\/demkohome.pl\/","logo":{"@type":"ImageObject","inLanguage":"en-US","@id":"https:\/\/demkohome.pl\/#\/schema\/logo\/image\/","url":"https:\/\/demkohome.pl\/wp-content\/uploads\/2026\/03\/cropped-3.png","contentUrl":"https:\/\/demkohome.pl\/wp-content\/uploads\/2026\/03\/cropped-3.png","width":250,"height":63,"caption":"Demko Home"},"image":{"@id":"https:\/\/demkohome.pl\/#\/schema\/logo\/image\/"}}]}},"_links":{"self":[{"href":"https:\/\/demkohome.pl\/en\/wp-json\/wp\/v2\/product\/1672","targetHints":{"allow":["GET"]}}],"collection":[{"href":"https:\/\/demkohome.pl\/en\/wp-json\/wp\/v2\/product"}],"about":[{"href":"https:\/\/demkohome.pl\/en\/wp-json\/wp\/v2\/types\/product"}],"replies":[{"embeddable":true,"href":"https:\/\/demkohome.pl\/en\/wp-json\/wp\/v2\/comments?post=1672"}],"wp:featuredmedia":[{"embeddable":true,"href":"https:\/\/demkohome.pl\/en\/wp-json\/wp\/v2\/media\/8373"}],"wp:attachment":[{"href":"https:\/\/demkohome.pl\/en\/wp-json\/wp\/v2\/media?parent=1672"}],"wp:term":[{"taxonomy":"product_brand","embeddable":true,"href":"https:\/\/demkohome.pl\/en\/wp-json\/wp\/v2\/product_brand?post=1672"},{"taxonomy":"product_cat","embeddable":true,"href":"https:\/\/demkohome.pl\/en\/wp-json\/wp\/v2\/product_cat?post=1672"},{"taxonomy":"product_tag","embeddable":true,"href":"https:\/\/demkohome.pl\/en\/wp-json\/wp\/v2\/product_tag?post=1672"}],"curies":[{"name":"wp","href":"https:\/\/api.w.org\/{rel}","templated":true}]}}