{"id":1758,"date":"2024-05-23T13:37:30","date_gmt":"2024-05-23T11:37:30","guid":{"rendered":"https:\/\/demkohome.pl\/produkt\/szafka-kuchenna-gorna-40-cm-rita\/"},"modified":"2026-04-18T03:23:17","modified_gmt":"2026-04-18T01:23:17","slug":"szafka-kuchenna-gorna-40-cm-rita","status":"publish","type":"product","link":"https:\/\/demkohome.pl\/en\/product\/szafka-kuchenna-gorna-40-cm-rita\/","title":{"rendered":"Kitchen wall cabinet 40 cm Rita"},"content":{"rendered":"<div style=\"font-family: 'Noto Sans', sans-serif; font-size: 17px;\">The 40 cm wide Rita wall-mounted kitchen cabinet is the perfect solution for those looking for compact yet stylish kitchen furniture. Made of high-quality laminated chipboard with a thickness of 16 mm, it guarantees durability and resistance to daily use. Elegant black plastic handle and solid aluminum legs add a modern touch to the cabinet, blending perfectly with various interior styles. Production by a Polish manufacturer ensures high quality and careful workmanship. The Rita cabinet is characterized by a modern design, which fits perfectly into any kitchen interior. Thanks to the use of moisture-resistant board, the cabinet is extremely durable and practical. High-quality materials, such as PVC edging and hinges with silent closing, increase the comfort of everyday use. The possibility of self-assembly makes the cabinet a convenient choice for everyone. In addition, the cabinet can be expanded with other elements from the Rita collection, such as side, top and bottom panels, as well as a front for the dishwasher, allowing full customization. By choosing a Rita kitchen wall cabinet with a width of 40 cm, you are investing in functionality, durability and a modern style that will please the eye for many years.<\/div>\n<div><img loading=\"lazy\" decoding=\"async\" class=\"alignnone wp-image-1694 size-large\" src=\"https:\/\/demkohome.pl\/wp-content\/uploads\/2023\/08\/Seg.-kuch.-RITA-Wotan_Bialy_SM_FSC-Aranzacja-EAN_-5907736137305-2-1024x683.png\" alt=\"Propozycja mebli kuchennych zestaw Rita rozbudowany kolor D\u0105b Wotan Meble Okmed Demko\" width=\"1024\" height=\"683\" srcset=\"https:\/\/demkohome.pl\/wp-content\/uploads\/2023\/08\/Seg.-kuch.-RITA-Wotan_Bialy_SM_FSC-Aranzacja-EAN_-5907736137305-2-1024x683.png 1024w, https:\/\/demkohome.pl\/wp-content\/uploads\/2023\/08\/Seg.-kuch.-RITA-Wotan_Bialy_SM_FSC-Aranzacja-EAN_-5907736137305-2-300x200.png 300w, https:\/\/demkohome.pl\/wp-content\/uploads\/2023\/08\/Seg.-kuch.-RITA-Wotan_Bialy_SM_FSC-Aranzacja-EAN_-5907736137305-2-600x400.png 600w, https:\/\/demkohome.pl\/wp-content\/uploads\/2023\/08\/Seg.-kuch.-RITA-Wotan_Bialy_SM_FSC-Aranzacja-EAN_-5907736137305-2-768x512.png 768w, https:\/\/demkohome.pl\/wp-content\/uploads\/2023\/08\/Seg.-kuch.-RITA-Wotan_Bialy_SM_FSC-Aranzacja-EAN_-5907736137305-2-1536x1024.png 1536w, https:\/\/demkohome.pl\/wp-content\/uploads\/2023\/08\/Seg.-kuch.-RITA-Wotan_Bialy_SM_FSC-Aranzacja-EAN_-5907736137305-2-2048x1366.png 2048w, https:\/\/demkohome.pl\/wp-content\/uploads\/2023\/08\/Seg.-kuch.-RITA-Wotan_Bialy_SM_FSC-Aranzacja-EAN_-5907736137305-2.png 1920w\" sizes=\"auto, (max-width: 1024px) 100vw, 1024px\" \/><\/div>\n<div style=\"font-family: 'Noto Sans', sans-serif; font-size: 17px;\">Rita kitchen furniture set is an ideal choice for those who want to combine modern design with high functionality. Each element of this set was carefully designed and made for users who value both aesthetics and practicality. The furniture bodies and fronts are made of durable 16 mm thick laminated particleboard, which guarantees their resistance to daily use and moisture. Stylish plastic handles in an elegant black color and solid aluminum legs add a modern character to the set, harmoniously blending with different interior styles. Rita furniture comes from a Polish manufacturer, which ensures high quality and attention to detail of workmanship. Hinges with silent closing and PVC edging are additional advantages that increase the comfort of everyday use. The set is also environmentally friendly, as confirmed by compliance with the FSC standard. The possibility of self-assembly and expansion with additional elements, such as side, top and bottom panels, as well as a front for the dishwasher, allows the set to be fully customized. Choosing a set of Rita kitchen furniture, you are investing in quality, functionality and modern style, which will please the eye and serve for many years.<\/div>","protected":false},"excerpt":{"rendered":"<p>Szafka kuchenna wisz\u0105ca Rita o szeroko\u015bci 40 cm to doskona\u0142e rozwi\u0105zanie dla os\u00f3b poszukuj\u0105cych kompaktowych, a jednocze\u015bnie stylowych mebli kuchennych. (&#8230;)<\/p>","protected":false},"featured_media":10817,"comment_status":"open","ping_status":"closed","template":"","meta":{"_acf_changed":false,"inline_featured_image":false},"product_brand":[],"product_cat":[140,65,137,139,118,106,108],"product_tag":[],"class_list":{"0":"post-1758","1":"product","2":"type-product","3":"status-publish","4":"has-post-thumbnail","6":"product_cat-kuchnia","7":"product_cat-meble-kuchenne","8":"product_cat-meble-systemowe","9":"product_cat-pomieszczenia","10":"product_cat-rita","11":"product_cat-szafki-kuchenne","12":"product_cat-szafki-kuchenne-wiszace","13":"product_shipping_class-przesylka-dpd-15-pln","14":"collection-rita","16":"first","17":"instock","18":"shipping-taxable","19":"purchasable","20":"product-type-variable"},"acf":[],"yoast_head":"<!-- This site is optimized with the Yoast SEO plugin v27.4 - https:\/\/yoast.com\/product\/yoast-seo-wordpress\/ -->\n<title>Szafka kuchenna wisz\u0105ca 40 cm Rita - Demko Home<\/title>\n<meta name=\"robots\" content=\"index, follow, max-snippet:-1, max-image-preview:large, max-video-preview:-1\" \/>\n<link rel=\"canonical\" href=\"https:\/\/demkohome.pl\/en\/product\/szafka-kuchenna-gorna-40-cm-rita\/\" \/>\n<meta property=\"og:locale\" content=\"en_US\" \/>\n<meta property=\"og:type\" content=\"article\" \/>\n<meta property=\"og:title\" content=\"Szafka kuchenna wisz\u0105ca 40 cm Rita - Demko Home\" \/>\n<meta property=\"og:description\" content=\"Szafka kuchenna wisz\u0105ca Rita o szeroko\u015bci 40 cm to doskona\u0142e rozwi\u0105zanie dla os\u00f3b poszukuj\u0105cych kompaktowych, a jednocze\u015bnie stylowych mebli kuchennych. (...)\" \/>\n<meta property=\"og:url\" content=\"https:\/\/demkohome.pl\/en\/product\/szafka-kuchenna-gorna-40-cm-rita\/\" \/>\n<meta property=\"og:site_name\" content=\"Demko Home\" \/>\n<meta property=\"article:modified_time\" content=\"2026-04-18T01:23:17+00:00\" \/>\n<meta property=\"og:image\" content=\"https:\/\/demkohome.pl\/wp-content\/uploads\/2024\/05\/Szafka-kuchenna-wiszaca-40cm-Rita-kolor-Wotan_Bialy-certyfikat-FSC-Okmed-Demko.jpg\" \/>\n\t<meta property=\"og:image:width\" content=\"1024\" \/>\n\t<meta property=\"og:image:height\" content=\"1024\" \/>\n\t<meta property=\"og:image:type\" content=\"image\/jpeg\" \/>\n<meta name=\"twitter:card\" content=\"summary_large_image\" \/>\n<meta name=\"twitter:label1\" content=\"Est. reading time\" \/>\n\t<meta name=\"twitter:data1\" content=\"4 minutes\" \/>\n<script type=\"application\/ld+json\" class=\"yoast-schema-graph\">{\"@context\":\"https:\\\/\\\/schema.org\",\"@graph\":[{\"@type\":\"WebPage\",\"@id\":\"https:\\\/\\\/demkohome.pl\\\/produkt\\\/szafka-kuchenna-gorna-40-cm-rita\\\/\",\"url\":\"https:\\\/\\\/demkohome.pl\\\/produkt\\\/szafka-kuchenna-gorna-40-cm-rita\\\/\",\"name\":\"Szafka kuchenna wisz\u0105ca 40 cm Rita - Demko Home\",\"isPartOf\":{\"@id\":\"https:\\\/\\\/demkohome.pl\\\/#website\"},\"primaryImageOfPage\":{\"@id\":\"https:\\\/\\\/demkohome.pl\\\/produkt\\\/szafka-kuchenna-gorna-40-cm-rita\\\/#primaryimage\"},\"image\":{\"@id\":\"https:\\\/\\\/demkohome.pl\\\/produkt\\\/szafka-kuchenna-gorna-40-cm-rita\\\/#primaryimage\"},\"thumbnailUrl\":\"https:\\\/\\\/demkohome.pl\\\/wp-content\\\/uploads\\\/2024\\\/05\\\/Szafka-kuchenna-wiszaca-40cm-Rita-kolor-Wotan_Bialy-certyfikat-FSC-Okmed-Demko.jpg\",\"datePublished\":\"2024-05-23T11:37:30+00:00\",\"dateModified\":\"2026-04-18T01:23:17+00:00\",\"breadcrumb\":{\"@id\":\"https:\\\/\\\/demkohome.pl\\\/produkt\\\/szafka-kuchenna-gorna-40-cm-rita\\\/#breadcrumb\"},\"inLanguage\":\"en-US\",\"potentialAction\":[{\"@type\":\"ReadAction\",\"target\":[\"https:\\\/\\\/demkohome.pl\\\/produkt\\\/szafka-kuchenna-gorna-40-cm-rita\\\/\"]}]},{\"@type\":\"ImageObject\",\"inLanguage\":\"en-US\",\"@id\":\"https:\\\/\\\/demkohome.pl\\\/produkt\\\/szafka-kuchenna-gorna-40-cm-rita\\\/#primaryimage\",\"url\":\"https:\\\/\\\/demkohome.pl\\\/wp-content\\\/uploads\\\/2024\\\/05\\\/Szafka-kuchenna-wiszaca-40cm-Rita-kolor-Wotan_Bialy-certyfikat-FSC-Okmed-Demko.jpg\",\"contentUrl\":\"https:\\\/\\\/demkohome.pl\\\/wp-content\\\/uploads\\\/2024\\\/05\\\/Szafka-kuchenna-wiszaca-40cm-Rita-kolor-Wotan_Bialy-certyfikat-FSC-Okmed-Demko.jpg\",\"width\":1024,\"height\":1024,\"caption\":\"Szafka kuchenna wisz\u0105ca 40cm Rita kolor Wotan_Bia\u0142y certyfikat FSC Okmed Demko\"},{\"@type\":\"BreadcrumbList\",\"@id\":\"https:\\\/\\\/demkohome.pl\\\/produkt\\\/szafka-kuchenna-gorna-40-cm-rita\\\/#breadcrumb\",\"itemListElement\":[{\"@type\":\"ListItem\",\"position\":1,\"name\":\"Strona g\u0142\u00f3wna\",\"item\":\"https:\\\/\\\/demkohome.pl\\\/\"},{\"@type\":\"ListItem\",\"position\":2,\"name\":\"Sklep\",\"item\":\"https:\\\/\\\/demkohome.pl\\\/sklep\\\/\"},{\"@type\":\"ListItem\",\"position\":3,\"name\":\"Szafka kuchenna wisz\u0105ca 40 cm Rita\"}]},{\"@type\":\"WebSite\",\"@id\":\"https:\\\/\\\/demkohome.pl\\\/#website\",\"url\":\"https:\\\/\\\/demkohome.pl\\\/\",\"name\":\"Demko Home\",\"description\":\"Make it simple\",\"publisher\":{\"@id\":\"https:\\\/\\\/demkohome.pl\\\/#organization\"},\"potentialAction\":[{\"@type\":\"SearchAction\",\"target\":{\"@type\":\"EntryPoint\",\"urlTemplate\":\"https:\\\/\\\/demkohome.pl\\\/?s={search_term_string}\"},\"query-input\":{\"@type\":\"PropertyValueSpecification\",\"valueRequired\":true,\"valueName\":\"search_term_string\"}}],\"inLanguage\":\"en-US\"},{\"@type\":\"Organization\",\"@id\":\"https:\\\/\\\/demkohome.pl\\\/#organization\",\"name\":\"Demko Home\",\"url\":\"https:\\\/\\\/demkohome.pl\\\/\",\"logo\":{\"@type\":\"ImageObject\",\"inLanguage\":\"en-US\",\"@id\":\"https:\\\/\\\/demkohome.pl\\\/#\\\/schema\\\/logo\\\/image\\\/\",\"url\":\"https:\\\/\\\/demkohome.pl\\\/wp-content\\\/uploads\\\/2026\\\/03\\\/cropped-3.png\",\"contentUrl\":\"https:\\\/\\\/demkohome.pl\\\/wp-content\\\/uploads\\\/2026\\\/03\\\/cropped-3.png\",\"width\":250,\"height\":63,\"caption\":\"Demko Home\"},\"image\":{\"@id\":\"https:\\\/\\\/demkohome.pl\\\/#\\\/schema\\\/logo\\\/image\\\/\"}}]}<\/script>\n<!-- \/ Yoast SEO plugin. -->","yoast_head_json":{"title":"Szafka kuchenna wisz\u0105ca 40 cm Rita - Demko Home","robots":{"index":"index","follow":"follow","max-snippet":"max-snippet:-1","max-image-preview":"max-image-preview:large","max-video-preview":"max-video-preview:-1"},"canonical":"https:\/\/demkohome.pl\/en\/product\/szafka-kuchenna-gorna-40-cm-rita\/","og_locale":"en_US","og_type":"article","og_title":"Szafka kuchenna wisz\u0105ca 40 cm Rita - Demko Home","og_description":"Szafka kuchenna wisz\u0105ca Rita o szeroko\u015bci 40 cm to doskona\u0142e rozwi\u0105zanie dla os\u00f3b poszukuj\u0105cych kompaktowych, a jednocze\u015bnie stylowych mebli kuchennych. (...)","og_url":"https:\/\/demkohome.pl\/en\/product\/szafka-kuchenna-gorna-40-cm-rita\/","og_site_name":"Demko Home","article_modified_time":"2026-04-18T01:23:17+00:00","og_image":[{"width":1024,"height":1024,"url":"https:\/\/demkohome.pl\/wp-content\/uploads\/2024\/05\/Szafka-kuchenna-wiszaca-40cm-Rita-kolor-Wotan_Bialy-certyfikat-FSC-Okmed-Demko.jpg","type":"image\/jpeg"}],"twitter_card":"summary_large_image","twitter_misc":{"Est. reading time":"4 minutes"},"schema":{"@context":"https:\/\/schema.org","@graph":[{"@type":"WebPage","@id":"https:\/\/demkohome.pl\/produkt\/szafka-kuchenna-gorna-40-cm-rita\/","url":"https:\/\/demkohome.pl\/produkt\/szafka-kuchenna-gorna-40-cm-rita\/","name":"Szafka kuchenna wisz\u0105ca 40 cm Rita - Demko Home","isPartOf":{"@id":"https:\/\/demkohome.pl\/#website"},"primaryImageOfPage":{"@id":"https:\/\/demkohome.pl\/produkt\/szafka-kuchenna-gorna-40-cm-rita\/#primaryimage"},"image":{"@id":"https:\/\/demkohome.pl\/produkt\/szafka-kuchenna-gorna-40-cm-rita\/#primaryimage"},"thumbnailUrl":"https:\/\/demkohome.pl\/wp-content\/uploads\/2024\/05\/Szafka-kuchenna-wiszaca-40cm-Rita-kolor-Wotan_Bialy-certyfikat-FSC-Okmed-Demko.jpg","datePublished":"2024-05-23T11:37:30+00:00","dateModified":"2026-04-18T01:23:17+00:00","breadcrumb":{"@id":"https:\/\/demkohome.pl\/produkt\/szafka-kuchenna-gorna-40-cm-rita\/#breadcrumb"},"inLanguage":"en-US","potentialAction":[{"@type":"ReadAction","target":["https:\/\/demkohome.pl\/produkt\/szafka-kuchenna-gorna-40-cm-rita\/"]}]},{"@type":"ImageObject","inLanguage":"en-US","@id":"https:\/\/demkohome.pl\/produkt\/szafka-kuchenna-gorna-40-cm-rita\/#primaryimage","url":"https:\/\/demkohome.pl\/wp-content\/uploads\/2024\/05\/Szafka-kuchenna-wiszaca-40cm-Rita-kolor-Wotan_Bialy-certyfikat-FSC-Okmed-Demko.jpg","contentUrl":"https:\/\/demkohome.pl\/wp-content\/uploads\/2024\/05\/Szafka-kuchenna-wiszaca-40cm-Rita-kolor-Wotan_Bialy-certyfikat-FSC-Okmed-Demko.jpg","width":1024,"height":1024,"caption":"Szafka kuchenna wisz\u0105ca 40cm Rita kolor Wotan_Bia\u0142y certyfikat FSC Okmed Demko"},{"@type":"BreadcrumbList","@id":"https:\/\/demkohome.pl\/produkt\/szafka-kuchenna-gorna-40-cm-rita\/#breadcrumb","itemListElement":[{"@type":"ListItem","position":1,"name":"Strona g\u0142\u00f3wna","item":"https:\/\/demkohome.pl\/"},{"@type":"ListItem","position":2,"name":"Sklep","item":"https:\/\/demkohome.pl\/sklep\/"},{"@type":"ListItem","position":3,"name":"Szafka kuchenna wisz\u0105ca 40 cm Rita"}]},{"@type":"WebSite","@id":"https:\/\/demkohome.pl\/#website","url":"https:\/\/demkohome.pl\/","name":"Demko Home","description":"Make it simple","publisher":{"@id":"https:\/\/demkohome.pl\/#organization"},"potentialAction":[{"@type":"SearchAction","target":{"@type":"EntryPoint","urlTemplate":"https:\/\/demkohome.pl\/?s={search_term_string}"},"query-input":{"@type":"PropertyValueSpecification","valueRequired":true,"valueName":"search_term_string"}}],"inLanguage":"en-US"},{"@type":"Organization","@id":"https:\/\/demkohome.pl\/#organization","name":"Demko Home","url":"https:\/\/demkohome.pl\/","logo":{"@type":"ImageObject","inLanguage":"en-US","@id":"https:\/\/demkohome.pl\/#\/schema\/logo\/image\/","url":"https:\/\/demkohome.pl\/wp-content\/uploads\/2026\/03\/cropped-3.png","contentUrl":"https:\/\/demkohome.pl\/wp-content\/uploads\/2026\/03\/cropped-3.png","width":250,"height":63,"caption":"Demko Home"},"image":{"@id":"https:\/\/demkohome.pl\/#\/schema\/logo\/image\/"}}]}},"_links":{"self":[{"href":"https:\/\/demkohome.pl\/en\/wp-json\/wp\/v2\/product\/1758","targetHints":{"allow":["GET"]}}],"collection":[{"href":"https:\/\/demkohome.pl\/en\/wp-json\/wp\/v2\/product"}],"about":[{"href":"https:\/\/demkohome.pl\/en\/wp-json\/wp\/v2\/types\/product"}],"replies":[{"embeddable":true,"href":"https:\/\/demkohome.pl\/en\/wp-json\/wp\/v2\/comments?post=1758"}],"wp:featuredmedia":[{"embeddable":true,"href":"https:\/\/demkohome.pl\/en\/wp-json\/wp\/v2\/media\/10817"}],"wp:attachment":[{"href":"https:\/\/demkohome.pl\/en\/wp-json\/wp\/v2\/media?parent=1758"}],"wp:term":[{"taxonomy":"product_brand","embeddable":true,"href":"https:\/\/demkohome.pl\/en\/wp-json\/wp\/v2\/product_brand?post=1758"},{"taxonomy":"product_cat","embeddable":true,"href":"https:\/\/demkohome.pl\/en\/wp-json\/wp\/v2\/product_cat?post=1758"},{"taxonomy":"product_tag","embeddable":true,"href":"https:\/\/demkohome.pl\/en\/wp-json\/wp\/v2\/product_tag?post=1758"}],"curies":[{"name":"wp","href":"https:\/\/api.w.org\/{rel}","templated":true}]}}