{"id":182676,"date":"2025-09-17T18:19:46","date_gmt":"2025-09-17T16:19:46","guid":{"rendered":"https:\/\/demkohome.pl\/?post_type=product&#038;p=182676"},"modified":"2025-12-05T09:14:46","modified_gmt":"2025-12-05T08:14:46","slug":"fotel-ambro","status":"publish","type":"product","link":"https:\/\/demkohome.pl\/en\/product\/fotel-ambro\/","title":{"rendered":"Ambro armchair"},"content":{"rendered":"<p>Ambro armchair is a proposal for people who appreciate sophisticated style combined with comfort at the highest level. Its geometric form and simple, solid lines give it a modern character that blends perfectly with elegant, minimalist arrangements. The deep seat and wide armrests provide exceptional comfort for resting, while the high backrest allows you to fully relax after a long day.<\/p>\n<p>The distinguishing element of the AMBRO armchair is the upholstery made of tactile fabric with a distinctive structure, which not only emphasizes its unique appearance, but also makes the whole thing look extremely stylish and elegant. The deep green of the upholstery gives the interior a luxurious, yet cozy character, introducing a note of nature and harmony into the room.<\/p>\n<p>Ambro is a piece of furniture created for spaces where design and comfort matter - it will find a perfect fit in a living room, boardroom or study, but it will equally well highlight the character of hotel interiors and representative relaxation areas. Thanks to its solid construction and timeless form, it will serve for years, maintaining an impeccable appearance and functionality.<\/p>\n<p>This armchair is not only a piece of furniture, but also a distinctive design accent that will give the interior an individual style. AMBRO is an excellent choice for people who are looking for a combination of elegance, comfort and modern design in one piece of furniture.<\/p>\n<p><img loading=\"lazy\" decoding=\"async\" width=\"2560\" height=\"1800\" class=\"wp-image-182677 size-full\" src=\"https:\/\/demkohome.pl\/wp-content\/uploads\/2025\/09\/poso-100-scaled.jpg\" alt=\"Fotel Ambro\" srcset=\"https:\/\/demkohome.pl\/wp-content\/uploads\/2025\/09\/poso-100-scaled.jpg 2560w, https:\/\/demkohome.pl\/wp-content\/uploads\/2025\/09\/poso-100-300x211.jpg 300w, https:\/\/demkohome.pl\/wp-content\/uploads\/2025\/09\/poso-100-1024x720.jpg 1024w, https:\/\/demkohome.pl\/wp-content\/uploads\/2025\/09\/poso-100-768x540.jpg 768w, https:\/\/demkohome.pl\/wp-content\/uploads\/2025\/09\/poso-100-1536x1080.jpg 1536w, https:\/\/demkohome.pl\/wp-content\/uploads\/2025\/09\/poso-100-2048x1440.jpg 2048w, https:\/\/demkohome.pl\/wp-content\/uploads\/2025\/09\/poso-100-18x12.jpg 18w, https:\/\/demkohome.pl\/wp-content\/uploads\/2025\/09\/poso-100-600x422.jpg 600w\" sizes=\"auto, (max-width: 2560px) 100vw, 2560px\" \/><\/p>","protected":false},"excerpt":{"rendered":"<p>Fotel Ambro to propozycja dla os\u00f3b, kt\u00f3re ceni\u0105 sobie wyrafinowany styl po\u0142\u0105czony z wygod\u0105 na najwy\u017cszym poziomie. Jego geometryczna forma (&#8230;)<\/p>","protected":false},"featured_media":182840,"comment_status":"open","ping_status":"closed","template":"","meta":{"_acf_changed":false,"inline_featured_image":false},"product_brand":[],"product_cat":[307,434],"product_tag":[],"class_list":{"0":"post-182676","1":"product","2":"type-product","3":"status-publish","4":"has-post-thumbnail","6":"product_cat-meble-pokojowe-meble","7":"product_cat-narozniki-tapicerowane","8":"product_shipping_class-sofy-3os","9":"collection-ambro","11":"first","12":"instock","13":"shipping-taxable","14":"purchasable","15":"product-type-variable"},"acf":[],"yoast_head":"<!-- This site is optimized with the Yoast SEO plugin v27.4 - https:\/\/yoast.com\/product\/yoast-seo-wordpress\/ -->\n<title>Fotel Ambro - Demko Home<\/title>\n<meta name=\"robots\" content=\"index, follow, max-snippet:-1, max-image-preview:large, max-video-preview:-1\" \/>\n<link rel=\"canonical\" href=\"https:\/\/demkohome.pl\/en\/product\/fotel-ambro\/\" \/>\n<meta property=\"og:locale\" content=\"en_US\" \/>\n<meta property=\"og:type\" content=\"article\" \/>\n<meta property=\"og:title\" content=\"Fotel Ambro - Demko Home\" \/>\n<meta property=\"og:description\" content=\"Fotel Ambro to propozycja dla os\u00f3b, kt\u00f3re ceni\u0105 sobie wyrafinowany styl po\u0142\u0105czony z wygod\u0105 na najwy\u017cszym poziomie. Jego geometryczna forma (...)\" \/>\n<meta property=\"og:url\" content=\"https:\/\/demkohome.pl\/en\/product\/fotel-ambro\/\" \/>\n<meta property=\"og:site_name\" content=\"Demko Home\" \/>\n<meta property=\"article:modified_time\" content=\"2025-12-05T08:14:46+00:00\" \/>\n<meta property=\"og:image\" content=\"https:\/\/demkohome.pl\/wp-content\/uploads\/2025\/09\/poso-100-1-scaled.jpg\" \/>\n\t<meta property=\"og:image:width\" content=\"2560\" \/>\n\t<meta property=\"og:image:height\" content=\"1800\" \/>\n\t<meta property=\"og:image:type\" content=\"image\/jpeg\" \/>\n<meta name=\"twitter:card\" content=\"summary_large_image\" \/>\n<meta name=\"twitter:label1\" content=\"Est. reading time\" \/>\n\t<meta name=\"twitter:data1\" content=\"2 minutes\" \/>\n<script type=\"application\/ld+json\" class=\"yoast-schema-graph\">{\"@context\":\"https:\\\/\\\/schema.org\",\"@graph\":[{\"@type\":\"WebPage\",\"@id\":\"https:\\\/\\\/demkohome.pl\\\/produkt\\\/fotel-ambro\\\/\",\"url\":\"https:\\\/\\\/demkohome.pl\\\/produkt\\\/fotel-ambro\\\/\",\"name\":\"Fotel Ambro - Demko Home\",\"isPartOf\":{\"@id\":\"https:\\\/\\\/demkohome.pl\\\/#website\"},\"primaryImageOfPage\":{\"@id\":\"https:\\\/\\\/demkohome.pl\\\/produkt\\\/fotel-ambro\\\/#primaryimage\"},\"image\":{\"@id\":\"https:\\\/\\\/demkohome.pl\\\/produkt\\\/fotel-ambro\\\/#primaryimage\"},\"thumbnailUrl\":\"https:\\\/\\\/demkohome.pl\\\/wp-content\\\/uploads\\\/2025\\\/09\\\/poso-100-1-scaled.jpg\",\"datePublished\":\"2025-09-17T16:19:46+00:00\",\"dateModified\":\"2025-12-05T08:14:46+00:00\",\"breadcrumb\":{\"@id\":\"https:\\\/\\\/demkohome.pl\\\/produkt\\\/fotel-ambro\\\/#breadcrumb\"},\"inLanguage\":\"en-US\",\"potentialAction\":[{\"@type\":\"ReadAction\",\"target\":[\"https:\\\/\\\/demkohome.pl\\\/produkt\\\/fotel-ambro\\\/\"]}]},{\"@type\":\"ImageObject\",\"inLanguage\":\"en-US\",\"@id\":\"https:\\\/\\\/demkohome.pl\\\/produkt\\\/fotel-ambro\\\/#primaryimage\",\"url\":\"https:\\\/\\\/demkohome.pl\\\/wp-content\\\/uploads\\\/2025\\\/09\\\/poso-100-1-scaled.jpg\",\"contentUrl\":\"https:\\\/\\\/demkohome.pl\\\/wp-content\\\/uploads\\\/2025\\\/09\\\/poso-100-1-scaled.jpg\",\"width\":2560,\"height\":1800,\"caption\":\"Fotel Ambro\"},{\"@type\":\"BreadcrumbList\",\"@id\":\"https:\\\/\\\/demkohome.pl\\\/produkt\\\/fotel-ambro\\\/#breadcrumb\",\"itemListElement\":[{\"@type\":\"ListItem\",\"position\":1,\"name\":\"Strona g\u0142\u00f3wna\",\"item\":\"https:\\\/\\\/demkohome.pl\\\/\"},{\"@type\":\"ListItem\",\"position\":2,\"name\":\"Sklep\",\"item\":\"https:\\\/\\\/demkohome.pl\\\/sklep\\\/\"},{\"@type\":\"ListItem\",\"position\":3,\"name\":\"Fotel Ambro\"}]},{\"@type\":\"WebSite\",\"@id\":\"https:\\\/\\\/demkohome.pl\\\/#website\",\"url\":\"https:\\\/\\\/demkohome.pl\\\/\",\"name\":\"Demko Home\",\"description\":\"Make it simple\",\"publisher\":{\"@id\":\"https:\\\/\\\/demkohome.pl\\\/#organization\"},\"potentialAction\":[{\"@type\":\"SearchAction\",\"target\":{\"@type\":\"EntryPoint\",\"urlTemplate\":\"https:\\\/\\\/demkohome.pl\\\/?s={search_term_string}\"},\"query-input\":{\"@type\":\"PropertyValueSpecification\",\"valueRequired\":true,\"valueName\":\"search_term_string\"}}],\"inLanguage\":\"en-US\"},{\"@type\":\"Organization\",\"@id\":\"https:\\\/\\\/demkohome.pl\\\/#organization\",\"name\":\"Demko Home\",\"url\":\"https:\\\/\\\/demkohome.pl\\\/\",\"logo\":{\"@type\":\"ImageObject\",\"inLanguage\":\"en-US\",\"@id\":\"https:\\\/\\\/demkohome.pl\\\/#\\\/schema\\\/logo\\\/image\\\/\",\"url\":\"https:\\\/\\\/demkohome.pl\\\/wp-content\\\/uploads\\\/2026\\\/03\\\/cropped-3.png\",\"contentUrl\":\"https:\\\/\\\/demkohome.pl\\\/wp-content\\\/uploads\\\/2026\\\/03\\\/cropped-3.png\",\"width\":250,\"height\":63,\"caption\":\"Demko Home\"},\"image\":{\"@id\":\"https:\\\/\\\/demkohome.pl\\\/#\\\/schema\\\/logo\\\/image\\\/\"}}]}<\/script>\n<!-- \/ Yoast SEO plugin. -->","yoast_head_json":{"title":"Fotel Ambro - Demko Home","robots":{"index":"index","follow":"follow","max-snippet":"max-snippet:-1","max-image-preview":"max-image-preview:large","max-video-preview":"max-video-preview:-1"},"canonical":"https:\/\/demkohome.pl\/en\/product\/fotel-ambro\/","og_locale":"en_US","og_type":"article","og_title":"Fotel Ambro - Demko Home","og_description":"Fotel Ambro to propozycja dla os\u00f3b, kt\u00f3re ceni\u0105 sobie wyrafinowany styl po\u0142\u0105czony z wygod\u0105 na najwy\u017cszym poziomie. Jego geometryczna forma (...)","og_url":"https:\/\/demkohome.pl\/en\/product\/fotel-ambro\/","og_site_name":"Demko Home","article_modified_time":"2025-12-05T08:14:46+00:00","og_image":[{"width":2560,"height":1800,"url":"https:\/\/demkohome.pl\/wp-content\/uploads\/2025\/09\/poso-100-1-scaled.jpg","type":"image\/jpeg"}],"twitter_card":"summary_large_image","twitter_misc":{"Est. reading time":"2 minutes"},"schema":{"@context":"https:\/\/schema.org","@graph":[{"@type":"WebPage","@id":"https:\/\/demkohome.pl\/produkt\/fotel-ambro\/","url":"https:\/\/demkohome.pl\/produkt\/fotel-ambro\/","name":"Fotel Ambro - Demko Home","isPartOf":{"@id":"https:\/\/demkohome.pl\/#website"},"primaryImageOfPage":{"@id":"https:\/\/demkohome.pl\/produkt\/fotel-ambro\/#primaryimage"},"image":{"@id":"https:\/\/demkohome.pl\/produkt\/fotel-ambro\/#primaryimage"},"thumbnailUrl":"https:\/\/demkohome.pl\/wp-content\/uploads\/2025\/09\/poso-100-1-scaled.jpg","datePublished":"2025-09-17T16:19:46+00:00","dateModified":"2025-12-05T08:14:46+00:00","breadcrumb":{"@id":"https:\/\/demkohome.pl\/produkt\/fotel-ambro\/#breadcrumb"},"inLanguage":"en-US","potentialAction":[{"@type":"ReadAction","target":["https:\/\/demkohome.pl\/produkt\/fotel-ambro\/"]}]},{"@type":"ImageObject","inLanguage":"en-US","@id":"https:\/\/demkohome.pl\/produkt\/fotel-ambro\/#primaryimage","url":"https:\/\/demkohome.pl\/wp-content\/uploads\/2025\/09\/poso-100-1-scaled.jpg","contentUrl":"https:\/\/demkohome.pl\/wp-content\/uploads\/2025\/09\/poso-100-1-scaled.jpg","width":2560,"height":1800,"caption":"Fotel Ambro"},{"@type":"BreadcrumbList","@id":"https:\/\/demkohome.pl\/produkt\/fotel-ambro\/#breadcrumb","itemListElement":[{"@type":"ListItem","position":1,"name":"Strona g\u0142\u00f3wna","item":"https:\/\/demkohome.pl\/"},{"@type":"ListItem","position":2,"name":"Sklep","item":"https:\/\/demkohome.pl\/sklep\/"},{"@type":"ListItem","position":3,"name":"Fotel Ambro"}]},{"@type":"WebSite","@id":"https:\/\/demkohome.pl\/#website","url":"https:\/\/demkohome.pl\/","name":"Demko Home","description":"Make it simple","publisher":{"@id":"https:\/\/demkohome.pl\/#organization"},"potentialAction":[{"@type":"SearchAction","target":{"@type":"EntryPoint","urlTemplate":"https:\/\/demkohome.pl\/?s={search_term_string}"},"query-input":{"@type":"PropertyValueSpecification","valueRequired":true,"valueName":"search_term_string"}}],"inLanguage":"en-US"},{"@type":"Organization","@id":"https:\/\/demkohome.pl\/#organization","name":"Demko Home","url":"https:\/\/demkohome.pl\/","logo":{"@type":"ImageObject","inLanguage":"en-US","@id":"https:\/\/demkohome.pl\/#\/schema\/logo\/image\/","url":"https:\/\/demkohome.pl\/wp-content\/uploads\/2026\/03\/cropped-3.png","contentUrl":"https:\/\/demkohome.pl\/wp-content\/uploads\/2026\/03\/cropped-3.png","width":250,"height":63,"caption":"Demko Home"},"image":{"@id":"https:\/\/demkohome.pl\/#\/schema\/logo\/image\/"}}]}},"_links":{"self":[{"href":"https:\/\/demkohome.pl\/en\/wp-json\/wp\/v2\/product\/182676","targetHints":{"allow":["GET"]}}],"collection":[{"href":"https:\/\/demkohome.pl\/en\/wp-json\/wp\/v2\/product"}],"about":[{"href":"https:\/\/demkohome.pl\/en\/wp-json\/wp\/v2\/types\/product"}],"replies":[{"embeddable":true,"href":"https:\/\/demkohome.pl\/en\/wp-json\/wp\/v2\/comments?post=182676"}],"wp:featuredmedia":[{"embeddable":true,"href":"https:\/\/demkohome.pl\/en\/wp-json\/wp\/v2\/media\/182840"}],"wp:attachment":[{"href":"https:\/\/demkohome.pl\/en\/wp-json\/wp\/v2\/media?parent=182676"}],"wp:term":[{"taxonomy":"product_brand","embeddable":true,"href":"https:\/\/demkohome.pl\/en\/wp-json\/wp\/v2\/product_brand?post=182676"},{"taxonomy":"product_cat","embeddable":true,"href":"https:\/\/demkohome.pl\/en\/wp-json\/wp\/v2\/product_cat?post=182676"},{"taxonomy":"product_tag","embeddable":true,"href":"https:\/\/demkohome.pl\/en\/wp-json\/wp\/v2\/product_tag?post=182676"}],"curies":[{"name":"wp","href":"https:\/\/api.w.org\/{rel}","templated":true}]}}