{"id":18277,"date":"2025-02-21T13:12:59","date_gmt":"2025-02-21T12:12:59","guid":{"rendered":"https:\/\/demkohome.pl\/?post_type=product&#038;p=18277"},"modified":"2025-02-24T14:41:50","modified_gmt":"2025-02-24T13:41:50","slug":"toaletka-lumina","status":"publish","type":"product","link":"https:\/\/demkohome.pl\/en\/product\/toaletka-lumina\/","title":{"rendered":"Lumina Toilette"},"content":{"rendered":"<p>The Lumia Toilette is a modern solution for those who want to create a functional makeup and grooming area in their interior. Its white color scheme brings a sense of lightness and purity to the room, while making it easy to match a variety of design styles - from minimalist to Scandinavian to more eclectic. The slender form and smooth finish give the dressing table an elegant touch, so it can become a decoration for both bedroom and dressing room.<\/p>\n<p>In the center of the furniture is a large mirror with a frame equipped with round bulbs that evenly illuminate the face while applying makeup. Such a solution allows for precise detailing and confidence that cosmetic colors will be faithfully reproduced. The distribution of light sources around the mirror also promotes comfortable browsing, regardless of the time of day or the level of natural lighting in the room.<\/p>\n<p>Directly under the mirror, small compartments have been designed to store frequently used cosmetic products or accessories, such as brushes, sponges or mascara. This ensures that everything is always at hand, making organization much easier and speeding up your morning grooming routine. The convenient arrangement of compartments also allows you to display your favorite products, which can add a cozy, personalized touch to your interior.<\/p>\n<p>Additional storage space is provided by two practical drawers, located just below the countertop. This is an ideal place for spare cosmetics, jewelry or other small accessories that do not need to be constantly in view. This allows you to keep the dressing table in order, while ensuring the aesthetics and consistent appearance of the whole.<\/p>\n<p>Stable construction and thoughtful arrangement of legs make the Lumia dressing table look solid, without losing its visual lightness. It is a combination of modern design, convenience of use and functional solutions that will meet the expectations of even the most demanding lovers of grooming. Its universal white color will easily blend into any interior, making the morning and evening routine much more pleasant.<\/p>","protected":false},"excerpt":{"rendered":"<p>Toaletka Lumia to nowoczesne rozwi\u0105zanie dla os\u00f3b, kt\u00f3re pragn\u0105 stworzy\u0107 w swoim wn\u0119trzu funkcjonaln\u0105 stref\u0119 do makija\u017cu i piel\u0119gnacji. Jej (&#8230;)<\/p>","protected":false},"featured_media":18278,"comment_status":"open","ping_status":"closed","template":"","meta":{"_acf_changed":false,"inline_featured_image":false},"product_brand":[],"product_cat":[373,370],"product_tag":[],"class_list":{"0":"post-18277","1":"product","2":"type-product","3":"status-publish","4":"has-post-thumbnail","6":"product_cat-targi-poznan-2025","7":"product_cat-toaletki","8":"collection-lumia","9":"collection-targi-poznan-2025","11":"first","12":"outofstock","13":"shipping-taxable","14":"purchasable","15":"product-type-simple"},"acf":[],"yoast_head":"<!-- This site is optimized with the Yoast SEO plugin v27.4 - https:\/\/yoast.com\/product\/yoast-seo-wordpress\/ -->\n<title>Toaletka Lumina - Demko Home<\/title>\n<meta name=\"robots\" content=\"index, follow, max-snippet:-1, max-image-preview:large, max-video-preview:-1\" \/>\n<link rel=\"canonical\" href=\"https:\/\/demkohome.pl\/en\/product\/toaletka-lumina\/\" \/>\n<meta property=\"og:locale\" content=\"en_US\" \/>\n<meta property=\"og:type\" content=\"article\" \/>\n<meta property=\"og:title\" content=\"Toaletka Lumina - Demko Home\" \/>\n<meta property=\"og:description\" content=\"Toaletka Lumia to nowoczesne rozwi\u0105zanie dla os\u00f3b, kt\u00f3re pragn\u0105 stworzy\u0107 w swoim wn\u0119trzu funkcjonaln\u0105 stref\u0119 do makija\u017cu i piel\u0119gnacji. Jej (...)\" \/>\n<meta property=\"og:url\" content=\"https:\/\/demkohome.pl\/en\/product\/toaletka-lumina\/\" \/>\n<meta property=\"og:site_name\" content=\"Demko Home\" \/>\n<meta property=\"article:modified_time\" content=\"2025-02-24T13:41:50+00:00\" \/>\n<meta property=\"og:image\" content=\"https:\/\/demkohome.pl\/wp-content\/uploads\/2025\/02\/300_1-28-scaled.jpg\" \/>\n\t<meta property=\"og:image:width\" content=\"2560\" \/>\n\t<meta property=\"og:image:height\" content=\"1707\" \/>\n\t<meta property=\"og:image:type\" content=\"image\/jpeg\" \/>\n<meta name=\"twitter:card\" content=\"summary_large_image\" \/>\n<meta name=\"twitter:label1\" content=\"Est. reading time\" \/>\n\t<meta name=\"twitter:data1\" content=\"2 minutes\" \/>\n<script type=\"application\/ld+json\" class=\"yoast-schema-graph\">{\"@context\":\"https:\\\/\\\/schema.org\",\"@graph\":[{\"@type\":\"WebPage\",\"@id\":\"https:\\\/\\\/demkohome.pl\\\/produkt\\\/toaletka-lumina\\\/\",\"url\":\"https:\\\/\\\/demkohome.pl\\\/produkt\\\/toaletka-lumina\\\/\",\"name\":\"Toaletka Lumina - Demko Home\",\"isPartOf\":{\"@id\":\"https:\\\/\\\/demkohome.pl\\\/#website\"},\"primaryImageOfPage\":{\"@id\":\"https:\\\/\\\/demkohome.pl\\\/produkt\\\/toaletka-lumina\\\/#primaryimage\"},\"image\":{\"@id\":\"https:\\\/\\\/demkohome.pl\\\/produkt\\\/toaletka-lumina\\\/#primaryimage\"},\"thumbnailUrl\":\"https:\\\/\\\/demkohome.pl\\\/wp-content\\\/uploads\\\/2025\\\/02\\\/300_1-28-scaled.jpg\",\"datePublished\":\"2025-02-21T12:12:59+00:00\",\"dateModified\":\"2025-02-24T13:41:50+00:00\",\"breadcrumb\":{\"@id\":\"https:\\\/\\\/demkohome.pl\\\/produkt\\\/toaletka-lumina\\\/#breadcrumb\"},\"inLanguage\":\"en-US\",\"potentialAction\":[{\"@type\":\"ReadAction\",\"target\":[\"https:\\\/\\\/demkohome.pl\\\/produkt\\\/toaletka-lumina\\\/\"]}]},{\"@type\":\"ImageObject\",\"inLanguage\":\"en-US\",\"@id\":\"https:\\\/\\\/demkohome.pl\\\/produkt\\\/toaletka-lumina\\\/#primaryimage\",\"url\":\"https:\\\/\\\/demkohome.pl\\\/wp-content\\\/uploads\\\/2025\\\/02\\\/300_1-28-scaled.jpg\",\"contentUrl\":\"https:\\\/\\\/demkohome.pl\\\/wp-content\\\/uploads\\\/2025\\\/02\\\/300_1-28-scaled.jpg\",\"width\":2560,\"height\":1707},{\"@type\":\"BreadcrumbList\",\"@id\":\"https:\\\/\\\/demkohome.pl\\\/produkt\\\/toaletka-lumina\\\/#breadcrumb\",\"itemListElement\":[{\"@type\":\"ListItem\",\"position\":1,\"name\":\"Strona g\u0142\u00f3wna\",\"item\":\"https:\\\/\\\/demkohome.pl\\\/\"},{\"@type\":\"ListItem\",\"position\":2,\"name\":\"Sklep\",\"item\":\"https:\\\/\\\/demkohome.pl\\\/sklep\\\/\"},{\"@type\":\"ListItem\",\"position\":3,\"name\":\"Toaletka Lumina\"}]},{\"@type\":\"WebSite\",\"@id\":\"https:\\\/\\\/demkohome.pl\\\/#website\",\"url\":\"https:\\\/\\\/demkohome.pl\\\/\",\"name\":\"Demko Home\",\"description\":\"Make it simple\",\"publisher\":{\"@id\":\"https:\\\/\\\/demkohome.pl\\\/#organization\"},\"potentialAction\":[{\"@type\":\"SearchAction\",\"target\":{\"@type\":\"EntryPoint\",\"urlTemplate\":\"https:\\\/\\\/demkohome.pl\\\/?s={search_term_string}\"},\"query-input\":{\"@type\":\"PropertyValueSpecification\",\"valueRequired\":true,\"valueName\":\"search_term_string\"}}],\"inLanguage\":\"en-US\"},{\"@type\":\"Organization\",\"@id\":\"https:\\\/\\\/demkohome.pl\\\/#organization\",\"name\":\"Demko Home\",\"url\":\"https:\\\/\\\/demkohome.pl\\\/\",\"logo\":{\"@type\":\"ImageObject\",\"inLanguage\":\"en-US\",\"@id\":\"https:\\\/\\\/demkohome.pl\\\/#\\\/schema\\\/logo\\\/image\\\/\",\"url\":\"https:\\\/\\\/demkohome.pl\\\/wp-content\\\/uploads\\\/2026\\\/03\\\/cropped-3.png\",\"contentUrl\":\"https:\\\/\\\/demkohome.pl\\\/wp-content\\\/uploads\\\/2026\\\/03\\\/cropped-3.png\",\"width\":250,\"height\":63,\"caption\":\"Demko Home\"},\"image\":{\"@id\":\"https:\\\/\\\/demkohome.pl\\\/#\\\/schema\\\/logo\\\/image\\\/\"}}]}<\/script>\n<!-- \/ Yoast SEO plugin. -->","yoast_head_json":{"title":"Toaletka Lumina - Demko Home","robots":{"index":"index","follow":"follow","max-snippet":"max-snippet:-1","max-image-preview":"max-image-preview:large","max-video-preview":"max-video-preview:-1"},"canonical":"https:\/\/demkohome.pl\/en\/product\/toaletka-lumina\/","og_locale":"en_US","og_type":"article","og_title":"Toaletka Lumina - Demko Home","og_description":"Toaletka Lumia to nowoczesne rozwi\u0105zanie dla os\u00f3b, kt\u00f3re pragn\u0105 stworzy\u0107 w swoim wn\u0119trzu funkcjonaln\u0105 stref\u0119 do makija\u017cu i piel\u0119gnacji. Jej (...)","og_url":"https:\/\/demkohome.pl\/en\/product\/toaletka-lumina\/","og_site_name":"Demko Home","article_modified_time":"2025-02-24T13:41:50+00:00","og_image":[{"width":2560,"height":1707,"url":"https:\/\/demkohome.pl\/wp-content\/uploads\/2025\/02\/300_1-28-scaled.jpg","type":"image\/jpeg"}],"twitter_card":"summary_large_image","twitter_misc":{"Est. reading time":"2 minutes"},"schema":{"@context":"https:\/\/schema.org","@graph":[{"@type":"WebPage","@id":"https:\/\/demkohome.pl\/produkt\/toaletka-lumina\/","url":"https:\/\/demkohome.pl\/produkt\/toaletka-lumina\/","name":"Toaletka Lumina - Demko Home","isPartOf":{"@id":"https:\/\/demkohome.pl\/#website"},"primaryImageOfPage":{"@id":"https:\/\/demkohome.pl\/produkt\/toaletka-lumina\/#primaryimage"},"image":{"@id":"https:\/\/demkohome.pl\/produkt\/toaletka-lumina\/#primaryimage"},"thumbnailUrl":"https:\/\/demkohome.pl\/wp-content\/uploads\/2025\/02\/300_1-28-scaled.jpg","datePublished":"2025-02-21T12:12:59+00:00","dateModified":"2025-02-24T13:41:50+00:00","breadcrumb":{"@id":"https:\/\/demkohome.pl\/produkt\/toaletka-lumina\/#breadcrumb"},"inLanguage":"en-US","potentialAction":[{"@type":"ReadAction","target":["https:\/\/demkohome.pl\/produkt\/toaletka-lumina\/"]}]},{"@type":"ImageObject","inLanguage":"en-US","@id":"https:\/\/demkohome.pl\/produkt\/toaletka-lumina\/#primaryimage","url":"https:\/\/demkohome.pl\/wp-content\/uploads\/2025\/02\/300_1-28-scaled.jpg","contentUrl":"https:\/\/demkohome.pl\/wp-content\/uploads\/2025\/02\/300_1-28-scaled.jpg","width":2560,"height":1707},{"@type":"BreadcrumbList","@id":"https:\/\/demkohome.pl\/produkt\/toaletka-lumina\/#breadcrumb","itemListElement":[{"@type":"ListItem","position":1,"name":"Strona g\u0142\u00f3wna","item":"https:\/\/demkohome.pl\/"},{"@type":"ListItem","position":2,"name":"Sklep","item":"https:\/\/demkohome.pl\/sklep\/"},{"@type":"ListItem","position":3,"name":"Toaletka Lumina"}]},{"@type":"WebSite","@id":"https:\/\/demkohome.pl\/#website","url":"https:\/\/demkohome.pl\/","name":"Demko Home","description":"Make it simple","publisher":{"@id":"https:\/\/demkohome.pl\/#organization"},"potentialAction":[{"@type":"SearchAction","target":{"@type":"EntryPoint","urlTemplate":"https:\/\/demkohome.pl\/?s={search_term_string}"},"query-input":{"@type":"PropertyValueSpecification","valueRequired":true,"valueName":"search_term_string"}}],"inLanguage":"en-US"},{"@type":"Organization","@id":"https:\/\/demkohome.pl\/#organization","name":"Demko Home","url":"https:\/\/demkohome.pl\/","logo":{"@type":"ImageObject","inLanguage":"en-US","@id":"https:\/\/demkohome.pl\/#\/schema\/logo\/image\/","url":"https:\/\/demkohome.pl\/wp-content\/uploads\/2026\/03\/cropped-3.png","contentUrl":"https:\/\/demkohome.pl\/wp-content\/uploads\/2026\/03\/cropped-3.png","width":250,"height":63,"caption":"Demko Home"},"image":{"@id":"https:\/\/demkohome.pl\/#\/schema\/logo\/image\/"}}]}},"_links":{"self":[{"href":"https:\/\/demkohome.pl\/en\/wp-json\/wp\/v2\/product\/18277","targetHints":{"allow":["GET"]}}],"collection":[{"href":"https:\/\/demkohome.pl\/en\/wp-json\/wp\/v2\/product"}],"about":[{"href":"https:\/\/demkohome.pl\/en\/wp-json\/wp\/v2\/types\/product"}],"replies":[{"embeddable":true,"href":"https:\/\/demkohome.pl\/en\/wp-json\/wp\/v2\/comments?post=18277"}],"wp:featuredmedia":[{"embeddable":true,"href":"https:\/\/demkohome.pl\/en\/wp-json\/wp\/v2\/media\/18278"}],"wp:attachment":[{"href":"https:\/\/demkohome.pl\/en\/wp-json\/wp\/v2\/media?parent=18277"}],"wp:term":[{"taxonomy":"product_brand","embeddable":true,"href":"https:\/\/demkohome.pl\/en\/wp-json\/wp\/v2\/product_brand?post=18277"},{"taxonomy":"product_cat","embeddable":true,"href":"https:\/\/demkohome.pl\/en\/wp-json\/wp\/v2\/product_cat?post=18277"},{"taxonomy":"product_tag","embeddable":true,"href":"https:\/\/demkohome.pl\/en\/wp-json\/wp\/v2\/product_tag?post=18277"}],"curies":[{"name":"wp","href":"https:\/\/api.w.org\/{rel}","templated":true}]}}