{"id":182853,"date":"2025-10-08T07:19:34","date_gmt":"2025-10-08T05:19:34","guid":{"rendered":"https:\/\/demkohome.pl\/?post_type=product&#038;p=182853"},"modified":"2025-12-05T09:10:24","modified_gmt":"2025-12-05T08:10:24","slug":"naroznik-molly-l","status":"publish","type":"product","link":"https:\/\/demkohome.pl\/en\/product\/naroznik-molly-l\/","title":{"rendered":"Molly L corner sofa"},"content":{"rendered":"<h3 data-start=\"0\" data-end=\"53\">Molly L corner sofa - modern softness and design<\/h3>\n<p data-start=\"55\" data-end=\"460\">The Molly L corner sofa is a unique combination of minimalist form and extraordinary coziness. Its rounded shapes and soft lines give it lightness, while at the same time making the interior more welcoming and harmonious. Made of high-quality boucl\u00e9 fabric, the corner sofa delights not only with its appearance, but also with the impression of softness and warmth it brings into any room.<\/p>\n<p data-start=\"462\" data-end=\"938\">Spacious seat and comfortable back cushions provide full comfort, ideal for both everyday relaxation and gatherings with loved ones. The MOLLY L corner sofa was designed with modern spaces in mind, where aesthetics go hand in hand with functionality. Its simple yet striking form makes it a perfect fit for living rooms decorated in Scandinavian, modern or japanese style, creating the heart of the home's relaxation zone.<\/p>\n<p data-start=\"940\" data-end=\"1248\">An additional advantage is the timeless color scheme in shades of gray, which allows you to easily match the corner sofa with different arrangements and accessories. MOLLY L is a piece of furniture that catches the eye and encourages you to spend long hours on it - whether during an afternoon nap or an evening movie.<\/p>\n<p><img loading=\"lazy\" decoding=\"async\" class=\"wp-image-182854 size-full\" src=\"https:\/\/demkohome.pl\/wp-content\/uploads\/2025\/09\/Molly_L_-TERRA-FROTTE-1-int-2-scaled.jpg\" alt=\"Molly L\" width=\"2560\" height=\"1920\" srcset=\"https:\/\/demkohome.pl\/wp-content\/uploads\/2025\/09\/Molly_L_-TERRA-FROTTE-1-int-2-scaled.jpg 2560w, https:\/\/demkohome.pl\/wp-content\/uploads\/2025\/09\/Molly_L_-TERRA-FROTTE-1-int-2-300x225.jpg 300w, https:\/\/demkohome.pl\/wp-content\/uploads\/2025\/09\/Molly_L_-TERRA-FROTTE-1-int-2-1024x768.jpg 1024w, https:\/\/demkohome.pl\/wp-content\/uploads\/2025\/09\/Molly_L_-TERRA-FROTTE-1-int-2-768x576.jpg 768w, https:\/\/demkohome.pl\/wp-content\/uploads\/2025\/09\/Molly_L_-TERRA-FROTTE-1-int-2-1536x1152.jpg 1536w, https:\/\/demkohome.pl\/wp-content\/uploads\/2025\/09\/Molly_L_-TERRA-FROTTE-1-int-2-2048x1536.jpg 2048w, https:\/\/demkohome.pl\/wp-content\/uploads\/2025\/09\/Molly_L_-TERRA-FROTTE-1-int-2-16x12.jpg 16w, https:\/\/demkohome.pl\/wp-content\/uploads\/2025\/09\/Molly_L_-TERRA-FROTTE-1-int-2-600x450.jpg 600w\" sizes=\"auto, (max-width: 2560px) 100vw, 2560px\" \/><\/p>","protected":false},"excerpt":{"rendered":"<p>Naro\u017cnik Molly L &#8211; nowoczesna mi\u0119kko\u015b\u0107 i design Naro\u017cnik Molly L to wyj\u0105tkowe po\u0142\u0105czenie minimalistycznej formy i niezwyk\u0142ej przytulno\u015bci. Jego (&#8230;)<\/p>","protected":false},"featured_media":182862,"comment_status":"open","ping_status":"closed","template":"","meta":{"_acf_changed":false,"inline_featured_image":false},"product_brand":[],"product_cat":[307,460,362,434],"product_tag":[],"class_list":{"0":"post-182853","1":"product","2":"type-product","3":"status-publish","4":"has-post-thumbnail","6":"product_cat-meble-pokojowe-meble","7":"product_cat-meble-tapicerowane","8":"product_cat-narozniki","9":"product_cat-narozniki-tapicerowane","10":"product_shipping_class-naroznik-sredni-280x180cm","11":"collection-molly","13":"first","14":"instock","15":"shipping-taxable","16":"purchasable","17":"product-type-variable","18":"has-default-attributes"},"acf":[],"yoast_head":"<!-- This site is optimized with the Yoast SEO plugin v27.4 - https:\/\/yoast.com\/product\/yoast-seo-wordpress\/ -->\n<title>Naro\u017cnik Molly L - Demko Home<\/title>\n<meta name=\"robots\" content=\"index, follow, max-snippet:-1, max-image-preview:large, max-video-preview:-1\" \/>\n<link rel=\"canonical\" href=\"https:\/\/demkohome.pl\/en\/product\/naroznik-molly-l\/\" \/>\n<meta property=\"og:locale\" content=\"en_US\" \/>\n<meta property=\"og:type\" content=\"article\" \/>\n<meta property=\"og:title\" content=\"Naro\u017cnik Molly L - Demko Home\" \/>\n<meta property=\"og:description\" content=\"Naro\u017cnik Molly L &#8211; nowoczesna mi\u0119kko\u015b\u0107 i design Naro\u017cnik Molly L to wyj\u0105tkowe po\u0142\u0105czenie minimalistycznej formy i niezwyk\u0142ej przytulno\u015bci. Jego (...)\" \/>\n<meta property=\"og:url\" content=\"https:\/\/demkohome.pl\/en\/product\/naroznik-molly-l\/\" \/>\n<meta property=\"og:site_name\" content=\"Demko Home\" \/>\n<meta property=\"article:modified_time\" content=\"2025-12-05T08:10:24+00:00\" \/>\n<meta property=\"og:image\" content=\"https:\/\/demkohome.pl\/wp-content\/uploads\/2025\/09\/Molly_L-TERRA-FROTTE-1-2-scaled.jpg\" \/>\n\t<meta property=\"og:image:width\" content=\"2560\" \/>\n\t<meta property=\"og:image:height\" content=\"1920\" \/>\n\t<meta property=\"og:image:type\" content=\"image\/jpeg\" \/>\n<meta name=\"twitter:card\" content=\"summary_large_image\" \/>\n<meta name=\"twitter:label1\" content=\"Est. reading time\" \/>\n\t<meta name=\"twitter:data1\" content=\"2 minutes\" \/>\n<script type=\"application\/ld+json\" class=\"yoast-schema-graph\">{\"@context\":\"https:\\\/\\\/schema.org\",\"@graph\":[{\"@type\":\"WebPage\",\"@id\":\"https:\\\/\\\/demkohome.pl\\\/produkt\\\/naroznik-molly-l\\\/\",\"url\":\"https:\\\/\\\/demkohome.pl\\\/produkt\\\/naroznik-molly-l\\\/\",\"name\":\"Naro\u017cnik Molly L - Demko Home\",\"isPartOf\":{\"@id\":\"https:\\\/\\\/demkohome.pl\\\/#website\"},\"primaryImageOfPage\":{\"@id\":\"https:\\\/\\\/demkohome.pl\\\/produkt\\\/naroznik-molly-l\\\/#primaryimage\"},\"image\":{\"@id\":\"https:\\\/\\\/demkohome.pl\\\/produkt\\\/naroznik-molly-l\\\/#primaryimage\"},\"thumbnailUrl\":\"https:\\\/\\\/demkohome.pl\\\/wp-content\\\/uploads\\\/2025\\\/09\\\/Molly_L-TERRA-FROTTE-1-2-scaled.jpg\",\"datePublished\":\"2025-10-08T05:19:34+00:00\",\"dateModified\":\"2025-12-05T08:10:24+00:00\",\"breadcrumb\":{\"@id\":\"https:\\\/\\\/demkohome.pl\\\/produkt\\\/naroznik-molly-l\\\/#breadcrumb\"},\"inLanguage\":\"en-US\",\"potentialAction\":[{\"@type\":\"ReadAction\",\"target\":[\"https:\\\/\\\/demkohome.pl\\\/produkt\\\/naroznik-molly-l\\\/\"]}]},{\"@type\":\"ImageObject\",\"inLanguage\":\"en-US\",\"@id\":\"https:\\\/\\\/demkohome.pl\\\/produkt\\\/naroznik-molly-l\\\/#primaryimage\",\"url\":\"https:\\\/\\\/demkohome.pl\\\/wp-content\\\/uploads\\\/2025\\\/09\\\/Molly_L-TERRA-FROTTE-1-2-scaled.jpg\",\"contentUrl\":\"https:\\\/\\\/demkohome.pl\\\/wp-content\\\/uploads\\\/2025\\\/09\\\/Molly_L-TERRA-FROTTE-1-2-scaled.jpg\",\"width\":2560,\"height\":1920},{\"@type\":\"BreadcrumbList\",\"@id\":\"https:\\\/\\\/demkohome.pl\\\/produkt\\\/naroznik-molly-l\\\/#breadcrumb\",\"itemListElement\":[{\"@type\":\"ListItem\",\"position\":1,\"name\":\"Strona g\u0142\u00f3wna\",\"item\":\"https:\\\/\\\/demkohome.pl\\\/\"},{\"@type\":\"ListItem\",\"position\":2,\"name\":\"Sklep\",\"item\":\"https:\\\/\\\/demkohome.pl\\\/sklep\\\/\"},{\"@type\":\"ListItem\",\"position\":3,\"name\":\"Naro\u017cnik Molly L\"}]},{\"@type\":\"WebSite\",\"@id\":\"https:\\\/\\\/demkohome.pl\\\/#website\",\"url\":\"https:\\\/\\\/demkohome.pl\\\/\",\"name\":\"Demko Home\",\"description\":\"Make it simple\",\"publisher\":{\"@id\":\"https:\\\/\\\/demkohome.pl\\\/#organization\"},\"potentialAction\":[{\"@type\":\"SearchAction\",\"target\":{\"@type\":\"EntryPoint\",\"urlTemplate\":\"https:\\\/\\\/demkohome.pl\\\/?s={search_term_string}\"},\"query-input\":{\"@type\":\"PropertyValueSpecification\",\"valueRequired\":true,\"valueName\":\"search_term_string\"}}],\"inLanguage\":\"en-US\"},{\"@type\":\"Organization\",\"@id\":\"https:\\\/\\\/demkohome.pl\\\/#organization\",\"name\":\"Demko Home\",\"url\":\"https:\\\/\\\/demkohome.pl\\\/\",\"logo\":{\"@type\":\"ImageObject\",\"inLanguage\":\"en-US\",\"@id\":\"https:\\\/\\\/demkohome.pl\\\/#\\\/schema\\\/logo\\\/image\\\/\",\"url\":\"https:\\\/\\\/demkohome.pl\\\/wp-content\\\/uploads\\\/2026\\\/03\\\/cropped-3.png\",\"contentUrl\":\"https:\\\/\\\/demkohome.pl\\\/wp-content\\\/uploads\\\/2026\\\/03\\\/cropped-3.png\",\"width\":250,\"height\":63,\"caption\":\"Demko Home\"},\"image\":{\"@id\":\"https:\\\/\\\/demkohome.pl\\\/#\\\/schema\\\/logo\\\/image\\\/\"}}]}<\/script>\n<!-- \/ Yoast SEO plugin. -->","yoast_head_json":{"title":"Naro\u017cnik Molly L - Demko Home","robots":{"index":"index","follow":"follow","max-snippet":"max-snippet:-1","max-image-preview":"max-image-preview:large","max-video-preview":"max-video-preview:-1"},"canonical":"https:\/\/demkohome.pl\/en\/product\/naroznik-molly-l\/","og_locale":"en_US","og_type":"article","og_title":"Naro\u017cnik Molly L - Demko Home","og_description":"Naro\u017cnik Molly L &#8211; nowoczesna mi\u0119kko\u015b\u0107 i design Naro\u017cnik Molly L to wyj\u0105tkowe po\u0142\u0105czenie minimalistycznej formy i niezwyk\u0142ej przytulno\u015bci. Jego (...)","og_url":"https:\/\/demkohome.pl\/en\/product\/naroznik-molly-l\/","og_site_name":"Demko Home","article_modified_time":"2025-12-05T08:10:24+00:00","og_image":[{"width":2560,"height":1920,"url":"https:\/\/demkohome.pl\/wp-content\/uploads\/2025\/09\/Molly_L-TERRA-FROTTE-1-2-scaled.jpg","type":"image\/jpeg"}],"twitter_card":"summary_large_image","twitter_misc":{"Est. reading time":"2 minutes"},"schema":{"@context":"https:\/\/schema.org","@graph":[{"@type":"WebPage","@id":"https:\/\/demkohome.pl\/produkt\/naroznik-molly-l\/","url":"https:\/\/demkohome.pl\/produkt\/naroznik-molly-l\/","name":"Naro\u017cnik Molly L - Demko Home","isPartOf":{"@id":"https:\/\/demkohome.pl\/#website"},"primaryImageOfPage":{"@id":"https:\/\/demkohome.pl\/produkt\/naroznik-molly-l\/#primaryimage"},"image":{"@id":"https:\/\/demkohome.pl\/produkt\/naroznik-molly-l\/#primaryimage"},"thumbnailUrl":"https:\/\/demkohome.pl\/wp-content\/uploads\/2025\/09\/Molly_L-TERRA-FROTTE-1-2-scaled.jpg","datePublished":"2025-10-08T05:19:34+00:00","dateModified":"2025-12-05T08:10:24+00:00","breadcrumb":{"@id":"https:\/\/demkohome.pl\/produkt\/naroznik-molly-l\/#breadcrumb"},"inLanguage":"en-US","potentialAction":[{"@type":"ReadAction","target":["https:\/\/demkohome.pl\/produkt\/naroznik-molly-l\/"]}]},{"@type":"ImageObject","inLanguage":"en-US","@id":"https:\/\/demkohome.pl\/produkt\/naroznik-molly-l\/#primaryimage","url":"https:\/\/demkohome.pl\/wp-content\/uploads\/2025\/09\/Molly_L-TERRA-FROTTE-1-2-scaled.jpg","contentUrl":"https:\/\/demkohome.pl\/wp-content\/uploads\/2025\/09\/Molly_L-TERRA-FROTTE-1-2-scaled.jpg","width":2560,"height":1920},{"@type":"BreadcrumbList","@id":"https:\/\/demkohome.pl\/produkt\/naroznik-molly-l\/#breadcrumb","itemListElement":[{"@type":"ListItem","position":1,"name":"Strona g\u0142\u00f3wna","item":"https:\/\/demkohome.pl\/"},{"@type":"ListItem","position":2,"name":"Sklep","item":"https:\/\/demkohome.pl\/sklep\/"},{"@type":"ListItem","position":3,"name":"Naro\u017cnik Molly L"}]},{"@type":"WebSite","@id":"https:\/\/demkohome.pl\/#website","url":"https:\/\/demkohome.pl\/","name":"Demko Home","description":"Make it simple","publisher":{"@id":"https:\/\/demkohome.pl\/#organization"},"potentialAction":[{"@type":"SearchAction","target":{"@type":"EntryPoint","urlTemplate":"https:\/\/demkohome.pl\/?s={search_term_string}"},"query-input":{"@type":"PropertyValueSpecification","valueRequired":true,"valueName":"search_term_string"}}],"inLanguage":"en-US"},{"@type":"Organization","@id":"https:\/\/demkohome.pl\/#organization","name":"Demko Home","url":"https:\/\/demkohome.pl\/","logo":{"@type":"ImageObject","inLanguage":"en-US","@id":"https:\/\/demkohome.pl\/#\/schema\/logo\/image\/","url":"https:\/\/demkohome.pl\/wp-content\/uploads\/2026\/03\/cropped-3.png","contentUrl":"https:\/\/demkohome.pl\/wp-content\/uploads\/2026\/03\/cropped-3.png","width":250,"height":63,"caption":"Demko Home"},"image":{"@id":"https:\/\/demkohome.pl\/#\/schema\/logo\/image\/"}}]}},"_links":{"self":[{"href":"https:\/\/demkohome.pl\/en\/wp-json\/wp\/v2\/product\/182853","targetHints":{"allow":["GET"]}}],"collection":[{"href":"https:\/\/demkohome.pl\/en\/wp-json\/wp\/v2\/product"}],"about":[{"href":"https:\/\/demkohome.pl\/en\/wp-json\/wp\/v2\/types\/product"}],"replies":[{"embeddable":true,"href":"https:\/\/demkohome.pl\/en\/wp-json\/wp\/v2\/comments?post=182853"}],"wp:featuredmedia":[{"embeddable":true,"href":"https:\/\/demkohome.pl\/en\/wp-json\/wp\/v2\/media\/182862"}],"wp:attachment":[{"href":"https:\/\/demkohome.pl\/en\/wp-json\/wp\/v2\/media?parent=182853"}],"wp:term":[{"taxonomy":"product_brand","embeddable":true,"href":"https:\/\/demkohome.pl\/en\/wp-json\/wp\/v2\/product_brand?post=182853"},{"taxonomy":"product_cat","embeddable":true,"href":"https:\/\/demkohome.pl\/en\/wp-json\/wp\/v2\/product_cat?post=182853"},{"taxonomy":"product_tag","embeddable":true,"href":"https:\/\/demkohome.pl\/en\/wp-json\/wp\/v2\/product_tag?post=182853"}],"curies":[{"name":"wp","href":"https:\/\/api.w.org\/{rel}","templated":true}]}}