{"id":18724,"date":"2025-02-26T12:36:12","date_gmt":"2025-02-26T11:36:12","guid":{"rendered":"https:\/\/demkohome.pl\/?post_type=product&#038;p=18724"},"modified":"2026-04-17T09:16:46","modified_gmt":"2026-04-17T07:16:46","slug":"maly-regal-otwarty-b1-can-can","status":"publish","type":"product","link":"https:\/\/demkohome.pl\/en\/product\/maly-regal-otwarty-b1-can-can\/","title":{"rendered":"Small Can Open Bookcase B1"},"content":{"rendered":"<h2 data-start=\"179\" data-end=\"675\">Small Can B1 open shelving - reliable work organization<\/h2>\n<p data-start=\"179\" data-end=\"675\">Bring the color harmony of brown shades and the elegance of white to your office with furniture from the Can Can B collection. Thanks to the combination of the subtle structure of the high-quality board with the high functionality of the product - work becomes more pleasant and comfortable. Furniture from this collection fits perfectly in both minimalist arrangements and nature-inspired offices, giving the interior lightness, warmth and timeless style.<\/p>\n<p data-start=\"1172\" data-end=\"1609\">Create cohesive and elegant interiors by choosing other pieces from the same Can Can collection. You can match the desk and cabinet with capacious bookcases, chests of drawers and closets, which will allow you to arrange a comprehensive set for your office, study or home workspace. In this way you will create a harmonious space that will promote efficiency and emphasize the professional character of your environment.<\/p>\n<div class=\"mceTemp\"><\/div>\n<p data-start=\"1172\" data-end=\"1609\">","protected":false},"excerpt":{"rendered":"<p>Ma\u0142y Rega\u0142 otwarty Can Can B1 &#8211; niezawodna organizacja pracy Przenie\u015b do swojego biura harmoni\u0119 kolorystyczn\u0105 odcieni br\u0105zu i elegancj\u0119 (&#8230;)<\/p>","protected":false},"featured_media":14893,"comment_status":"open","ping_status":"closed","template":"","meta":{"_acf_changed":false,"inline_featured_image":false},"product_brand":[],"product_cat":[449,145,294,133,135],"product_tag":[],"class_list":{"0":"post-18724","1":"product","2":"type-product","3":"status-publish","4":"has-post-thumbnail","6":"product_cat-back-to-study","7":"product_cat-biuro","8":"product_cat-meble","9":"product_cat-meble-biurowe","10":"product_cat-regaly-meble-biurowe","11":"product_shipping_class-paczka-st-x-1","12":"collection-back-to-study","13":"collection-can-can-b","15":"first","16":"instock","17":"sale","18":"shipping-taxable","19":"purchasable","20":"product-type-simple"},"acf":[],"yoast_head":"<!-- This site is optimized with the Yoast SEO plugin v27.4 - https:\/\/yoast.com\/product\/yoast-seo-wordpress\/ -->\n<title>Ma\u0142y Rega\u0142 otwarty Can Can B1 - Demko Home<\/title>\n<meta name=\"robots\" content=\"index, follow, max-snippet:-1, max-image-preview:large, max-video-preview:-1\" \/>\n<link rel=\"canonical\" href=\"https:\/\/demkohome.pl\/en\/product\/maly-regal-otwarty-b1-can-can\/\" \/>\n<meta property=\"og:locale\" content=\"en_US\" \/>\n<meta property=\"og:type\" content=\"article\" \/>\n<meta property=\"og:title\" content=\"Ma\u0142y Rega\u0142 otwarty Can Can B1 - Demko Home\" \/>\n<meta property=\"og:description\" content=\"Ma\u0142y Rega\u0142 otwarty Can Can B1 &#8211; niezawodna organizacja pracy Przenie\u015b do swojego biura harmoni\u0119 kolorystyczn\u0105 odcieni br\u0105zu i elegancj\u0119 (...)\" \/>\n<meta property=\"og:url\" content=\"https:\/\/demkohome.pl\/en\/product\/maly-regal-otwarty-b1-can-can\/\" \/>\n<meta property=\"og:site_name\" content=\"Demko Home\" \/>\n<meta property=\"article:modified_time\" content=\"2026-04-17T07:16:46+00:00\" \/>\n<meta property=\"og:image\" content=\"https:\/\/demkohome.pl\/wp-content\/uploads\/2024\/11\/CAN-CAN-B1-SAN_RE-Bialy.jpg\" \/>\n\t<meta property=\"og:image:width\" content=\"1280\" \/>\n\t<meta property=\"og:image:height\" content=\"1280\" \/>\n\t<meta property=\"og:image:type\" content=\"image\/jpeg\" \/>\n<meta name=\"twitter:card\" content=\"summary_large_image\" \/>\n<meta name=\"twitter:label1\" content=\"Est. reading time\" \/>\n\t<meta name=\"twitter:data1\" content=\"2 minutes\" \/>\n<script type=\"application\/ld+json\" class=\"yoast-schema-graph\">{\"@context\":\"https:\\\/\\\/schema.org\",\"@graph\":[{\"@type\":\"WebPage\",\"@id\":\"https:\\\/\\\/demkohome.pl\\\/produkt\\\/maly-regal-otwarty-b1-can-can\\\/\",\"url\":\"https:\\\/\\\/demkohome.pl\\\/produkt\\\/maly-regal-otwarty-b1-can-can\\\/\",\"name\":\"Ma\u0142y Rega\u0142 otwarty Can Can B1 - Demko Home\",\"isPartOf\":{\"@id\":\"https:\\\/\\\/demkohome.pl\\\/#website\"},\"primaryImageOfPage\":{\"@id\":\"https:\\\/\\\/demkohome.pl\\\/produkt\\\/maly-regal-otwarty-b1-can-can\\\/#primaryimage\"},\"image\":{\"@id\":\"https:\\\/\\\/demkohome.pl\\\/produkt\\\/maly-regal-otwarty-b1-can-can\\\/#primaryimage\"},\"thumbnailUrl\":\"https:\\\/\\\/demkohome.pl\\\/wp-content\\\/uploads\\\/2024\\\/11\\\/CAN-CAN-B1-SAN_RE-Bialy.jpg\",\"datePublished\":\"2025-02-26T11:36:12+00:00\",\"dateModified\":\"2026-04-17T07:16:46+00:00\",\"breadcrumb\":{\"@id\":\"https:\\\/\\\/demkohome.pl\\\/produkt\\\/maly-regal-otwarty-b1-can-can\\\/#breadcrumb\"},\"inLanguage\":\"en-US\",\"potentialAction\":[{\"@type\":\"ReadAction\",\"target\":[\"https:\\\/\\\/demkohome.pl\\\/produkt\\\/maly-regal-otwarty-b1-can-can\\\/\"]}]},{\"@type\":\"ImageObject\",\"inLanguage\":\"en-US\",\"@id\":\"https:\\\/\\\/demkohome.pl\\\/produkt\\\/maly-regal-otwarty-b1-can-can\\\/#primaryimage\",\"url\":\"https:\\\/\\\/demkohome.pl\\\/wp-content\\\/uploads\\\/2024\\\/11\\\/CAN-CAN-B1-SAN_RE-Bialy.jpg\",\"contentUrl\":\"https:\\\/\\\/demkohome.pl\\\/wp-content\\\/uploads\\\/2024\\\/11\\\/CAN-CAN-B1-SAN_RE-Bialy.jpg\",\"width\":1280,\"height\":1280,\"caption\":\"Szafka biurowa CAN CAN B1 kolor San Remo bia\u0142y Demko Home\"},{\"@type\":\"BreadcrumbList\",\"@id\":\"https:\\\/\\\/demkohome.pl\\\/produkt\\\/maly-regal-otwarty-b1-can-can\\\/#breadcrumb\",\"itemListElement\":[{\"@type\":\"ListItem\",\"position\":1,\"name\":\"Strona g\u0142\u00f3wna\",\"item\":\"https:\\\/\\\/demkohome.pl\\\/\"},{\"@type\":\"ListItem\",\"position\":2,\"name\":\"Sklep\",\"item\":\"https:\\\/\\\/demkohome.pl\\\/sklep\\\/\"},{\"@type\":\"ListItem\",\"position\":3,\"name\":\"Ma\u0142y Rega\u0142 otwarty Can Can B1\"}]},{\"@type\":\"WebSite\",\"@id\":\"https:\\\/\\\/demkohome.pl\\\/#website\",\"url\":\"https:\\\/\\\/demkohome.pl\\\/\",\"name\":\"Demko Home\",\"description\":\"Make it simple\",\"publisher\":{\"@id\":\"https:\\\/\\\/demkohome.pl\\\/#organization\"},\"potentialAction\":[{\"@type\":\"SearchAction\",\"target\":{\"@type\":\"EntryPoint\",\"urlTemplate\":\"https:\\\/\\\/demkohome.pl\\\/?s={search_term_string}\"},\"query-input\":{\"@type\":\"PropertyValueSpecification\",\"valueRequired\":true,\"valueName\":\"search_term_string\"}}],\"inLanguage\":\"en-US\"},{\"@type\":\"Organization\",\"@id\":\"https:\\\/\\\/demkohome.pl\\\/#organization\",\"name\":\"Demko Home\",\"url\":\"https:\\\/\\\/demkohome.pl\\\/\",\"logo\":{\"@type\":\"ImageObject\",\"inLanguage\":\"en-US\",\"@id\":\"https:\\\/\\\/demkohome.pl\\\/#\\\/schema\\\/logo\\\/image\\\/\",\"url\":\"https:\\\/\\\/demkohome.pl\\\/wp-content\\\/uploads\\\/2026\\\/03\\\/cropped-3.png\",\"contentUrl\":\"https:\\\/\\\/demkohome.pl\\\/wp-content\\\/uploads\\\/2026\\\/03\\\/cropped-3.png\",\"width\":250,\"height\":63,\"caption\":\"Demko Home\"},\"image\":{\"@id\":\"https:\\\/\\\/demkohome.pl\\\/#\\\/schema\\\/logo\\\/image\\\/\"}}]}<\/script>\n<!-- \/ Yoast SEO plugin. -->","yoast_head_json":{"title":"Ma\u0142y Rega\u0142 otwarty Can Can B1 - Demko Home","robots":{"index":"index","follow":"follow","max-snippet":"max-snippet:-1","max-image-preview":"max-image-preview:large","max-video-preview":"max-video-preview:-1"},"canonical":"https:\/\/demkohome.pl\/en\/product\/maly-regal-otwarty-b1-can-can\/","og_locale":"en_US","og_type":"article","og_title":"Ma\u0142y Rega\u0142 otwarty Can Can B1 - Demko Home","og_description":"Ma\u0142y Rega\u0142 otwarty Can Can B1 &#8211; niezawodna organizacja pracy Przenie\u015b do swojego biura harmoni\u0119 kolorystyczn\u0105 odcieni br\u0105zu i elegancj\u0119 (...)","og_url":"https:\/\/demkohome.pl\/en\/product\/maly-regal-otwarty-b1-can-can\/","og_site_name":"Demko Home","article_modified_time":"2026-04-17T07:16:46+00:00","og_image":[{"width":1280,"height":1280,"url":"https:\/\/demkohome.pl\/wp-content\/uploads\/2024\/11\/CAN-CAN-B1-SAN_RE-Bialy.jpg","type":"image\/jpeg"}],"twitter_card":"summary_large_image","twitter_misc":{"Est. reading time":"2 minutes"},"schema":{"@context":"https:\/\/schema.org","@graph":[{"@type":"WebPage","@id":"https:\/\/demkohome.pl\/produkt\/maly-regal-otwarty-b1-can-can\/","url":"https:\/\/demkohome.pl\/produkt\/maly-regal-otwarty-b1-can-can\/","name":"Ma\u0142y Rega\u0142 otwarty Can Can B1 - Demko Home","isPartOf":{"@id":"https:\/\/demkohome.pl\/#website"},"primaryImageOfPage":{"@id":"https:\/\/demkohome.pl\/produkt\/maly-regal-otwarty-b1-can-can\/#primaryimage"},"image":{"@id":"https:\/\/demkohome.pl\/produkt\/maly-regal-otwarty-b1-can-can\/#primaryimage"},"thumbnailUrl":"https:\/\/demkohome.pl\/wp-content\/uploads\/2024\/11\/CAN-CAN-B1-SAN_RE-Bialy.jpg","datePublished":"2025-02-26T11:36:12+00:00","dateModified":"2026-04-17T07:16:46+00:00","breadcrumb":{"@id":"https:\/\/demkohome.pl\/produkt\/maly-regal-otwarty-b1-can-can\/#breadcrumb"},"inLanguage":"en-US","potentialAction":[{"@type":"ReadAction","target":["https:\/\/demkohome.pl\/produkt\/maly-regal-otwarty-b1-can-can\/"]}]},{"@type":"ImageObject","inLanguage":"en-US","@id":"https:\/\/demkohome.pl\/produkt\/maly-regal-otwarty-b1-can-can\/#primaryimage","url":"https:\/\/demkohome.pl\/wp-content\/uploads\/2024\/11\/CAN-CAN-B1-SAN_RE-Bialy.jpg","contentUrl":"https:\/\/demkohome.pl\/wp-content\/uploads\/2024\/11\/CAN-CAN-B1-SAN_RE-Bialy.jpg","width":1280,"height":1280,"caption":"Szafka biurowa CAN CAN B1 kolor San Remo bia\u0142y Demko Home"},{"@type":"BreadcrumbList","@id":"https:\/\/demkohome.pl\/produkt\/maly-regal-otwarty-b1-can-can\/#breadcrumb","itemListElement":[{"@type":"ListItem","position":1,"name":"Strona g\u0142\u00f3wna","item":"https:\/\/demkohome.pl\/"},{"@type":"ListItem","position":2,"name":"Sklep","item":"https:\/\/demkohome.pl\/sklep\/"},{"@type":"ListItem","position":3,"name":"Ma\u0142y Rega\u0142 otwarty Can Can B1"}]},{"@type":"WebSite","@id":"https:\/\/demkohome.pl\/#website","url":"https:\/\/demkohome.pl\/","name":"Demko Home","description":"Make it simple","publisher":{"@id":"https:\/\/demkohome.pl\/#organization"},"potentialAction":[{"@type":"SearchAction","target":{"@type":"EntryPoint","urlTemplate":"https:\/\/demkohome.pl\/?s={search_term_string}"},"query-input":{"@type":"PropertyValueSpecification","valueRequired":true,"valueName":"search_term_string"}}],"inLanguage":"en-US"},{"@type":"Organization","@id":"https:\/\/demkohome.pl\/#organization","name":"Demko Home","url":"https:\/\/demkohome.pl\/","logo":{"@type":"ImageObject","inLanguage":"en-US","@id":"https:\/\/demkohome.pl\/#\/schema\/logo\/image\/","url":"https:\/\/demkohome.pl\/wp-content\/uploads\/2026\/03\/cropped-3.png","contentUrl":"https:\/\/demkohome.pl\/wp-content\/uploads\/2026\/03\/cropped-3.png","width":250,"height":63,"caption":"Demko Home"},"image":{"@id":"https:\/\/demkohome.pl\/#\/schema\/logo\/image\/"}}]}},"_links":{"self":[{"href":"https:\/\/demkohome.pl\/en\/wp-json\/wp\/v2\/product\/18724","targetHints":{"allow":["GET"]}}],"collection":[{"href":"https:\/\/demkohome.pl\/en\/wp-json\/wp\/v2\/product"}],"about":[{"href":"https:\/\/demkohome.pl\/en\/wp-json\/wp\/v2\/types\/product"}],"replies":[{"embeddable":true,"href":"https:\/\/demkohome.pl\/en\/wp-json\/wp\/v2\/comments?post=18724"}],"wp:featuredmedia":[{"embeddable":true,"href":"https:\/\/demkohome.pl\/en\/wp-json\/wp\/v2\/media\/14893"}],"wp:attachment":[{"href":"https:\/\/demkohome.pl\/en\/wp-json\/wp\/v2\/media?parent=18724"}],"wp:term":[{"taxonomy":"product_brand","embeddable":true,"href":"https:\/\/demkohome.pl\/en\/wp-json\/wp\/v2\/product_brand?post=18724"},{"taxonomy":"product_cat","embeddable":true,"href":"https:\/\/demkohome.pl\/en\/wp-json\/wp\/v2\/product_cat?post=18724"},{"taxonomy":"product_tag","embeddable":true,"href":"https:\/\/demkohome.pl\/en\/wp-json\/wp\/v2\/product_tag?post=18724"}],"curies":[{"name":"wp","href":"https:\/\/api.w.org\/{rel}","templated":true}]}}