{"id":1878,"date":"2023-08-28T13:14:05","date_gmt":"2023-08-28T11:14:05","guid":{"rendered":"https:\/\/demkohome.pl\/produkt\/komoda-z-szuflada-vega\/"},"modified":"2026-04-29T09:31:35","modified_gmt":"2026-04-29T07:31:35","slug":"komoda-z-szuflada-vega","status":"publish","type":"product","link":"https:\/\/demkohome.pl\/en\/product\/komoda-z-szuflada-vega\/","title":{"rendered":"Two-door chest of drawers Vega"},"content":{"rendered":"<div style=\"font-family: 'Noto Sans', sans-serif; font-size: 17px;\">\n<h2>Vega two-door dresser with drawer<\/h2>\n<p>Do you like neutral colors and minimalist forms? The two-door dresser with drawer from the Vega collection (90 x 103 x 37.5 cm) may be just what your room interior needs! Maintained in graphite-brown or white-brown colors, the Vega chest of drawers is a perfect solution for room spaces maintained in a minimalist or modern style. Bodies in the color of artisan oak give the arrangement the characteristic warmth of wood, while matte finishes of white or gray fronts tone down the expressiveness of the composition evoking a feeling of relaxation. In addition to the aesthetic qualities of the furniture, the dresser contains a number of practical solutions. An open shelf located on the left side of the dresser, allows you to store your favorite book, without the risk of flooding it with, for example, coffee. The built-in drawer on the right side of the furniture can be used as a storage compartment for documents or small everyday items, while the capacious two shelves hidden behind a pair of doors with matte fronts - provide an even greater repertoire of uses. The whole is complemented by a smooth top on which you can successfully display your favorite accessories or decorations.<\/p>\n<h3>Ordering and shipping<\/h3>\n<ul>\n<li>Deciding to purchase the product you will receive: the Vega dresser shipped in two separate packages.<\/li>\n<li>Instructions and necessary accessories for self-assembly<\/li>\n<li>Transportation includes delivery of shipments to the specified address, without lifting.<\/li>\n<\/ul>\n<div class=\"container\">\n<div class=\"row\">\n<h3>Two-door chest of drawers in an arrangement with additional products of the Vega collection<\/h3>\n<p><img decoding=\"async\" style=\"width: 100%; border-radius: 5px; box-shadow: 0px 0px 5px rgba(0, 0, 0, 0.1); display: block; object-fit: cover; margin-top: 30px; margin-bottom: 30px;\" src=\"https:\/\/demkohome.pl\/wp-content\/uploads\/2024\/02\/Kolekcja-mebli-do-pokoju-Vega-kolor-Dab-Artistan-i-bialy-szafka-rtv-stolik-szafa-i-szafka-dwudrzwiowa-Meble-Okmed-Demko.jpg\" alt=\"Zdj\u0119cie 1\" \/><\/p>\n<\/div>\n<\/div>\n<\/div>","protected":false},"excerpt":{"rendered":"<p>Dwudrzwiowa komoda Vega z szuflad\u0105 Lubisz neutraln\u0105 kolorystyk\u0119 i minimalistyczne formy? Dwudrzwiowa komoda z szuflad\u0105 z kolekcji Vega (90 x (&#8230;)<\/p>","protected":false},"featured_media":8503,"comment_status":"open","ping_status":"closed","template":"","meta":{"_acf_changed":false,"inline_featured_image":false},"product_brand":[],"product_cat":[528,143,128,127,137,144,139,141],"product_tag":[],"class_list":{"0":"post-1878","1":"product","2":"type-product","3":"status-publish","4":"has-post-thumbnail","6":"product_cat-black-friday","7":"product_cat-jadalnia","8":"product_cat-komody","9":"product_cat-meble-pokojowe","10":"product_cat-meble-systemowe","11":"product_cat-pokoj","12":"product_cat-pomieszczenia","13":"product_cat-salon","14":"product_shipping_class-przesylka-dpd-30-pln","15":"collection-vega","17":"first","18":"instock","19":"shipping-taxable","20":"purchasable","21":"product-type-variable"},"acf":[],"yoast_head":"<!-- This site is optimized with the Yoast SEO plugin v27.4 - https:\/\/yoast.com\/product\/yoast-seo-wordpress\/ -->\n<title>Komoda dwudrzwiowa z szuflad\u0105 Vega - Demko Home<\/title>\n<meta name=\"robots\" content=\"index, follow, max-snippet:-1, max-image-preview:large, max-video-preview:-1\" \/>\n<link rel=\"canonical\" href=\"https:\/\/demkohome.pl\/en\/product\/komoda-z-szuflada-vega\/\" \/>\n<meta property=\"og:locale\" content=\"en_US\" \/>\n<meta property=\"og:type\" content=\"article\" \/>\n<meta property=\"og:title\" content=\"Komoda dwudrzwiowa z szuflad\u0105 Vega - Demko Home\" \/>\n<meta property=\"og:description\" content=\"Dwudrzwiowa komoda Vega z szuflad\u0105 Lubisz neutraln\u0105 kolorystyk\u0119 i minimalistyczne formy? Dwudrzwiowa komoda z szuflad\u0105 z kolekcji Vega (90 x (...)\" \/>\n<meta property=\"og:url\" content=\"https:\/\/demkohome.pl\/en\/product\/komoda-z-szuflada-vega\/\" \/>\n<meta property=\"og:site_name\" content=\"Demko Home\" \/>\n<meta property=\"article:modified_time\" content=\"2026-04-29T07:31:35+00:00\" \/>\n<meta property=\"og:image\" content=\"https:\/\/demkohome.pl\/wp-content\/uploads\/2023\/08\/Komoda-dwudrzwiowa-z-szuflada-Vega-kolor-bialy-dab-artisan-Meble-Okmed-Demko.jpg\" \/>\n\t<meta property=\"og:image:width\" content=\"1920\" \/>\n\t<meta property=\"og:image:height\" content=\"1920\" \/>\n\t<meta property=\"og:image:type\" content=\"image\/jpeg\" \/>\n<meta name=\"twitter:card\" content=\"summary_large_image\" \/>\n<meta name=\"twitter:label1\" content=\"Est. reading time\" \/>\n\t<meta name=\"twitter:data1\" content=\"3 minutes\" \/>\n<script type=\"application\/ld+json\" class=\"yoast-schema-graph\">{\"@context\":\"https:\\\/\\\/schema.org\",\"@graph\":[{\"@type\":\"WebPage\",\"@id\":\"https:\\\/\\\/demkohome.pl\\\/produkt\\\/komoda-z-szuflada-vega\\\/\",\"url\":\"https:\\\/\\\/demkohome.pl\\\/produkt\\\/komoda-z-szuflada-vega\\\/\",\"name\":\"Komoda dwudrzwiowa z szuflad\u0105 Vega - Demko Home\",\"isPartOf\":{\"@id\":\"https:\\\/\\\/demkohome.pl\\\/#website\"},\"primaryImageOfPage\":{\"@id\":\"https:\\\/\\\/demkohome.pl\\\/produkt\\\/komoda-z-szuflada-vega\\\/#primaryimage\"},\"image\":{\"@id\":\"https:\\\/\\\/demkohome.pl\\\/produkt\\\/komoda-z-szuflada-vega\\\/#primaryimage\"},\"thumbnailUrl\":\"https:\\\/\\\/demkohome.pl\\\/wp-content\\\/uploads\\\/2023\\\/08\\\/Komoda-dwudrzwiowa-z-szuflada-Vega-kolor-bialy-dab-artisan-Meble-Okmed-Demko.jpg\",\"datePublished\":\"2023-08-28T11:14:05+00:00\",\"dateModified\":\"2026-04-29T07:31:35+00:00\",\"breadcrumb\":{\"@id\":\"https:\\\/\\\/demkohome.pl\\\/produkt\\\/komoda-z-szuflada-vega\\\/#breadcrumb\"},\"inLanguage\":\"en-US\",\"potentialAction\":[{\"@type\":\"ReadAction\",\"target\":[\"https:\\\/\\\/demkohome.pl\\\/produkt\\\/komoda-z-szuflada-vega\\\/\"]}]},{\"@type\":\"ImageObject\",\"inLanguage\":\"en-US\",\"@id\":\"https:\\\/\\\/demkohome.pl\\\/produkt\\\/komoda-z-szuflada-vega\\\/#primaryimage\",\"url\":\"https:\\\/\\\/demkohome.pl\\\/wp-content\\\/uploads\\\/2023\\\/08\\\/Komoda-dwudrzwiowa-z-szuflada-Vega-kolor-bialy-dab-artisan-Meble-Okmed-Demko.jpg\",\"contentUrl\":\"https:\\\/\\\/demkohome.pl\\\/wp-content\\\/uploads\\\/2023\\\/08\\\/Komoda-dwudrzwiowa-z-szuflada-Vega-kolor-bialy-dab-artisan-Meble-Okmed-Demko.jpg\",\"width\":1920,\"height\":1920,\"caption\":\"Komoda dwudrzwiowa z szuflada Vega kolor bialy dab artisan Meble Okmed Demko\"},{\"@type\":\"BreadcrumbList\",\"@id\":\"https:\\\/\\\/demkohome.pl\\\/produkt\\\/komoda-z-szuflada-vega\\\/#breadcrumb\",\"itemListElement\":[{\"@type\":\"ListItem\",\"position\":1,\"name\":\"Strona g\u0142\u00f3wna\",\"item\":\"https:\\\/\\\/demkohome.pl\\\/\"},{\"@type\":\"ListItem\",\"position\":2,\"name\":\"Sklep\",\"item\":\"https:\\\/\\\/demkohome.pl\\\/sklep\\\/\"},{\"@type\":\"ListItem\",\"position\":3,\"name\":\"Komoda dwudrzwiowa z szuflad\u0105 Vega\"}]},{\"@type\":\"WebSite\",\"@id\":\"https:\\\/\\\/demkohome.pl\\\/#website\",\"url\":\"https:\\\/\\\/demkohome.pl\\\/\",\"name\":\"Demko Home\",\"description\":\"Make it simple\",\"publisher\":{\"@id\":\"https:\\\/\\\/demkohome.pl\\\/#organization\"},\"potentialAction\":[{\"@type\":\"SearchAction\",\"target\":{\"@type\":\"EntryPoint\",\"urlTemplate\":\"https:\\\/\\\/demkohome.pl\\\/?s={search_term_string}\"},\"query-input\":{\"@type\":\"PropertyValueSpecification\",\"valueRequired\":true,\"valueName\":\"search_term_string\"}}],\"inLanguage\":\"en-US\"},{\"@type\":\"Organization\",\"@id\":\"https:\\\/\\\/demkohome.pl\\\/#organization\",\"name\":\"Demko Home\",\"url\":\"https:\\\/\\\/demkohome.pl\\\/\",\"logo\":{\"@type\":\"ImageObject\",\"inLanguage\":\"en-US\",\"@id\":\"https:\\\/\\\/demkohome.pl\\\/#\\\/schema\\\/logo\\\/image\\\/\",\"url\":\"https:\\\/\\\/demkohome.pl\\\/wp-content\\\/uploads\\\/2026\\\/03\\\/cropped-3.png\",\"contentUrl\":\"https:\\\/\\\/demkohome.pl\\\/wp-content\\\/uploads\\\/2026\\\/03\\\/cropped-3.png\",\"width\":250,\"height\":63,\"caption\":\"Demko Home\"},\"image\":{\"@id\":\"https:\\\/\\\/demkohome.pl\\\/#\\\/schema\\\/logo\\\/image\\\/\"}}]}<\/script>\n<!-- \/ Yoast SEO plugin. -->","yoast_head_json":{"title":"Komoda dwudrzwiowa z szuflad\u0105 Vega - Demko Home","robots":{"index":"index","follow":"follow","max-snippet":"max-snippet:-1","max-image-preview":"max-image-preview:large","max-video-preview":"max-video-preview:-1"},"canonical":"https:\/\/demkohome.pl\/en\/product\/komoda-z-szuflada-vega\/","og_locale":"en_US","og_type":"article","og_title":"Komoda dwudrzwiowa z szuflad\u0105 Vega - Demko Home","og_description":"Dwudrzwiowa komoda Vega z szuflad\u0105 Lubisz neutraln\u0105 kolorystyk\u0119 i minimalistyczne formy? Dwudrzwiowa komoda z szuflad\u0105 z kolekcji Vega (90 x (...)","og_url":"https:\/\/demkohome.pl\/en\/product\/komoda-z-szuflada-vega\/","og_site_name":"Demko Home","article_modified_time":"2026-04-29T07:31:35+00:00","og_image":[{"width":1920,"height":1920,"url":"https:\/\/demkohome.pl\/wp-content\/uploads\/2023\/08\/Komoda-dwudrzwiowa-z-szuflada-Vega-kolor-bialy-dab-artisan-Meble-Okmed-Demko.jpg","type":"image\/jpeg"}],"twitter_card":"summary_large_image","twitter_misc":{"Est. reading time":"3 minutes"},"schema":{"@context":"https:\/\/schema.org","@graph":[{"@type":"WebPage","@id":"https:\/\/demkohome.pl\/produkt\/komoda-z-szuflada-vega\/","url":"https:\/\/demkohome.pl\/produkt\/komoda-z-szuflada-vega\/","name":"Komoda dwudrzwiowa z szuflad\u0105 Vega - Demko Home","isPartOf":{"@id":"https:\/\/demkohome.pl\/#website"},"primaryImageOfPage":{"@id":"https:\/\/demkohome.pl\/produkt\/komoda-z-szuflada-vega\/#primaryimage"},"image":{"@id":"https:\/\/demkohome.pl\/produkt\/komoda-z-szuflada-vega\/#primaryimage"},"thumbnailUrl":"https:\/\/demkohome.pl\/wp-content\/uploads\/2023\/08\/Komoda-dwudrzwiowa-z-szuflada-Vega-kolor-bialy-dab-artisan-Meble-Okmed-Demko.jpg","datePublished":"2023-08-28T11:14:05+00:00","dateModified":"2026-04-29T07:31:35+00:00","breadcrumb":{"@id":"https:\/\/demkohome.pl\/produkt\/komoda-z-szuflada-vega\/#breadcrumb"},"inLanguage":"en-US","potentialAction":[{"@type":"ReadAction","target":["https:\/\/demkohome.pl\/produkt\/komoda-z-szuflada-vega\/"]}]},{"@type":"ImageObject","inLanguage":"en-US","@id":"https:\/\/demkohome.pl\/produkt\/komoda-z-szuflada-vega\/#primaryimage","url":"https:\/\/demkohome.pl\/wp-content\/uploads\/2023\/08\/Komoda-dwudrzwiowa-z-szuflada-Vega-kolor-bialy-dab-artisan-Meble-Okmed-Demko.jpg","contentUrl":"https:\/\/demkohome.pl\/wp-content\/uploads\/2023\/08\/Komoda-dwudrzwiowa-z-szuflada-Vega-kolor-bialy-dab-artisan-Meble-Okmed-Demko.jpg","width":1920,"height":1920,"caption":"Komoda dwudrzwiowa z szuflada Vega kolor bialy dab artisan Meble Okmed Demko"},{"@type":"BreadcrumbList","@id":"https:\/\/demkohome.pl\/produkt\/komoda-z-szuflada-vega\/#breadcrumb","itemListElement":[{"@type":"ListItem","position":1,"name":"Strona g\u0142\u00f3wna","item":"https:\/\/demkohome.pl\/"},{"@type":"ListItem","position":2,"name":"Sklep","item":"https:\/\/demkohome.pl\/sklep\/"},{"@type":"ListItem","position":3,"name":"Komoda dwudrzwiowa z szuflad\u0105 Vega"}]},{"@type":"WebSite","@id":"https:\/\/demkohome.pl\/#website","url":"https:\/\/demkohome.pl\/","name":"Demko Home","description":"Make it simple","publisher":{"@id":"https:\/\/demkohome.pl\/#organization"},"potentialAction":[{"@type":"SearchAction","target":{"@type":"EntryPoint","urlTemplate":"https:\/\/demkohome.pl\/?s={search_term_string}"},"query-input":{"@type":"PropertyValueSpecification","valueRequired":true,"valueName":"search_term_string"}}],"inLanguage":"en-US"},{"@type":"Organization","@id":"https:\/\/demkohome.pl\/#organization","name":"Demko Home","url":"https:\/\/demkohome.pl\/","logo":{"@type":"ImageObject","inLanguage":"en-US","@id":"https:\/\/demkohome.pl\/#\/schema\/logo\/image\/","url":"https:\/\/demkohome.pl\/wp-content\/uploads\/2026\/03\/cropped-3.png","contentUrl":"https:\/\/demkohome.pl\/wp-content\/uploads\/2026\/03\/cropped-3.png","width":250,"height":63,"caption":"Demko Home"},"image":{"@id":"https:\/\/demkohome.pl\/#\/schema\/logo\/image\/"}}]}},"_links":{"self":[{"href":"https:\/\/demkohome.pl\/en\/wp-json\/wp\/v2\/product\/1878","targetHints":{"allow":["GET"]}}],"collection":[{"href":"https:\/\/demkohome.pl\/en\/wp-json\/wp\/v2\/product"}],"about":[{"href":"https:\/\/demkohome.pl\/en\/wp-json\/wp\/v2\/types\/product"}],"replies":[{"embeddable":true,"href":"https:\/\/demkohome.pl\/en\/wp-json\/wp\/v2\/comments?post=1878"}],"wp:featuredmedia":[{"embeddable":true,"href":"https:\/\/demkohome.pl\/en\/wp-json\/wp\/v2\/media\/8503"}],"wp:attachment":[{"href":"https:\/\/demkohome.pl\/en\/wp-json\/wp\/v2\/media?parent=1878"}],"wp:term":[{"taxonomy":"product_brand","embeddable":true,"href":"https:\/\/demkohome.pl\/en\/wp-json\/wp\/v2\/product_brand?post=1878"},{"taxonomy":"product_cat","embeddable":true,"href":"https:\/\/demkohome.pl\/en\/wp-json\/wp\/v2\/product_cat?post=1878"},{"taxonomy":"product_tag","embeddable":true,"href":"https:\/\/demkohome.pl\/en\/wp-json\/wp\/v2\/product_tag?post=1878"}],"curies":[{"name":"wp","href":"https:\/\/api.w.org\/{rel}","templated":true}]}}