{"id":188076,"date":"2025-10-08T13:31:16","date_gmt":"2025-10-08T11:31:16","guid":{"rendered":"https:\/\/demkohome.pl\/?post_type=product&#038;p=188076"},"modified":"2025-12-05T09:37:03","modified_gmt":"2025-12-05T08:37:03","slug":"lozko-kontynentalne-flo-comfort-90-200","status":"publish","type":"product","link":"https:\/\/demkohome.pl\/en\/product\/lozko-kontynentalne-flo-comfort-90-200\/","title":{"rendered":"Flo Comfort Continental Bed 90\/200"},"content":{"rendered":"<p>Flo Comfort Continental Bed - elegance and comfort in your bedroom.<\/p>\n<p>The Flo Comfort Continental Bed is the perfect combination of elegance, comfort and functionality that makes any bedroom unique. Its minimalist but stylish form is highlighted by a high, upholstered headboard, which not only adds modern class to the interior, but also provides comfortable support while reading or watching TV. The light, neutral color scheme of the upholstery gives the bed lightness and subtle elegance, so it blends perfectly with both arrangements maintained in subdued colors and more daring color combinations.<\/p>\n<p>Flo Comfort is a model designed for users who value high quality sleep. Its design allows you to choose from two types of mattress - pocket or bonell. Pocket system pocket springs provide individual support for each part of the body, which will be appreciated by those looking for ergonomics and perfect fit. The classic bonell mattress, on the other hand, guarantees springiness and solid support, which will prove especially useful for those who like a more stable sleeping surface.<\/p>\n<p>The Flo Comfort bed is not only a place of rest, but also an elegant piece of furniture that will become the focal point of the bedroom. Its careful finishing, durable materials and functionality make it an investment in healthy sleep and daily comfort for years to come.<\/p>\n<p><img loading=\"lazy\" decoding=\"async\" class=\"wp-image-183169 size-full\" src=\"https:\/\/demkohome.pl\/wp-content\/uploads\/2025\/09\/FLO_bed_itaka-16-scaled.jpg\" alt=\"\u0141\u00f3\u017cko Flo\" width=\"2560\" height=\"2267\" srcset=\"https:\/\/demkohome.pl\/wp-content\/uploads\/2025\/09\/FLO_bed_itaka-16-scaled.jpg 2560w, https:\/\/demkohome.pl\/wp-content\/uploads\/2025\/09\/FLO_bed_itaka-16-300x266.jpg 300w, https:\/\/demkohome.pl\/wp-content\/uploads\/2025\/09\/FLO_bed_itaka-16-1024x907.jpg 1024w, https:\/\/demkohome.pl\/wp-content\/uploads\/2025\/09\/FLO_bed_itaka-16-768x680.jpg 768w, https:\/\/demkohome.pl\/wp-content\/uploads\/2025\/09\/FLO_bed_itaka-16-1536x1360.jpg 1536w, https:\/\/demkohome.pl\/wp-content\/uploads\/2025\/09\/FLO_bed_itaka-16-2048x1813.jpg 2048w, https:\/\/demkohome.pl\/wp-content\/uploads\/2025\/09\/FLO_bed_itaka-16-14x12.jpg 14w, https:\/\/demkohome.pl\/wp-content\/uploads\/2025\/09\/FLO_bed_itaka-16-600x531.jpg 600w\" sizes=\"auto, (max-width: 2560px) 100vw, 2560px\" \/><\/p>","protected":false},"excerpt":{"rendered":"<p>\u0141\u00f3\u017cko kontynentalne Flo Comfort &#8211; elegancja i komfort w Twojej sypialni. \u0141\u00f3\u017cko kontynentalne Flo Comfort to idealne po\u0142\u0105czenie elegancji, wygody (&#8230;)<\/p>","protected":false},"featured_media":183315,"comment_status":"open","ping_status":"closed","template":"","meta":{"_acf_changed":false,"inline_featured_image":false},"product_brand":[],"product_cat":[433,127],"product_tag":[],"class_list":{"0":"post-188076","1":"product","2":"type-product","3":"status-publish","4":"has-post-thumbnail","6":"product_cat-lozka","7":"product_cat-meble-pokojowe","8":"product_shipping_class-naroznik-maly-250x150cm","9":"collection-flo","11":"first","12":"instock","13":"shipping-taxable","14":"purchasable","15":"product-type-variable","16":"has-default-attributes"},"acf":[],"yoast_head":"<!-- This site is optimized with the Yoast SEO plugin v27.4 - https:\/\/yoast.com\/product\/yoast-seo-wordpress\/ -->\n<title>\u0141\u00f3\u017cko kontynentalne Flo Comfort 90\/200 - Demko Home<\/title>\n<meta name=\"robots\" content=\"index, follow, max-snippet:-1, max-image-preview:large, max-video-preview:-1\" \/>\n<link rel=\"canonical\" href=\"https:\/\/demkohome.pl\/en\/?post_type=product&p=188076\" \/>\n<meta property=\"og:locale\" content=\"en_US\" \/>\n<meta property=\"og:type\" content=\"article\" \/>\n<meta property=\"og:title\" content=\"\u0141\u00f3\u017cko kontynentalne Flo Comfort 90\/200 - Demko Home\" \/>\n<meta property=\"og:description\" content=\"\u0141\u00f3\u017cko kontynentalne Flo Comfort &#8211; elegancja i komfort w Twojej sypialni. \u0141\u00f3\u017cko kontynentalne Flo Comfort to idealne po\u0142\u0105czenie elegancji, wygody (...)\" \/>\n<meta property=\"og:url\" content=\"https:\/\/demkohome.pl\/en\/?post_type=product&amp;p=188076\" \/>\n<meta property=\"og:site_name\" content=\"Demko Home\" \/>\n<meta property=\"article:modified_time\" content=\"2025-12-05T08:37:03+00:00\" \/>\n<meta property=\"og:image\" content=\"https:\/\/demkohome.pl\/wp-content\/uploads\/2025\/09\/FLO_bed_itaka-16-1-scaled.jpg\" \/>\n\t<meta property=\"og:image:width\" content=\"2560\" \/>\n\t<meta property=\"og:image:height\" content=\"2267\" \/>\n\t<meta property=\"og:image:type\" content=\"image\/jpeg\" \/>\n<meta name=\"twitter:card\" content=\"summary_large_image\" \/>\n<meta name=\"twitter:label1\" content=\"Est. reading time\" \/>\n\t<meta name=\"twitter:data1\" content=\"2 minutes\" \/>\n<script type=\"application\/ld+json\" class=\"yoast-schema-graph\">{\"@context\":\"https:\\\/\\\/schema.org\",\"@graph\":[{\"@type\":\"WebPage\",\"@id\":\"https:\\\/\\\/demkohome.pl\\\/?post_type=product&p=188076\",\"url\":\"https:\\\/\\\/demkohome.pl\\\/?post_type=product&p=188076\",\"name\":\"\u0141\u00f3\u017cko kontynentalne Flo Comfort 90\\\/200 - Demko Home\",\"isPartOf\":{\"@id\":\"https:\\\/\\\/demkohome.pl\\\/#website\"},\"primaryImageOfPage\":{\"@id\":\"https:\\\/\\\/demkohome.pl\\\/?post_type=product&p=188076#primaryimage\"},\"image\":{\"@id\":\"https:\\\/\\\/demkohome.pl\\\/?post_type=product&p=188076#primaryimage\"},\"thumbnailUrl\":\"https:\\\/\\\/demkohome.pl\\\/wp-content\\\/uploads\\\/2025\\\/09\\\/FLO_bed_itaka-16-1-scaled.jpg\",\"datePublished\":\"2025-10-08T11:31:16+00:00\",\"dateModified\":\"2025-12-05T08:37:03+00:00\",\"breadcrumb\":{\"@id\":\"https:\\\/\\\/demkohome.pl\\\/?post_type=product&p=188076#breadcrumb\"},\"inLanguage\":\"en-US\",\"potentialAction\":[{\"@type\":\"ReadAction\",\"target\":[\"https:\\\/\\\/demkohome.pl\\\/?post_type=product&p=188076\"]}]},{\"@type\":\"ImageObject\",\"inLanguage\":\"en-US\",\"@id\":\"https:\\\/\\\/demkohome.pl\\\/?post_type=product&p=188076#primaryimage\",\"url\":\"https:\\\/\\\/demkohome.pl\\\/wp-content\\\/uploads\\\/2025\\\/09\\\/FLO_bed_itaka-16-1-scaled.jpg\",\"contentUrl\":\"https:\\\/\\\/demkohome.pl\\\/wp-content\\\/uploads\\\/2025\\\/09\\\/FLO_bed_itaka-16-1-scaled.jpg\",\"width\":2560,\"height\":2267,\"caption\":\"\u0141\u00f3\u017cko Flo\"},{\"@type\":\"BreadcrumbList\",\"@id\":\"https:\\\/\\\/demkohome.pl\\\/?post_type=product&p=188076#breadcrumb\",\"itemListElement\":[{\"@type\":\"ListItem\",\"position\":1,\"name\":\"Strona g\u0142\u00f3wna\",\"item\":\"https:\\\/\\\/demkohome.pl\\\/\"},{\"@type\":\"ListItem\",\"position\":2,\"name\":\"Sklep\",\"item\":\"https:\\\/\\\/demkohome.pl\\\/sklep\\\/\"},{\"@type\":\"ListItem\",\"position\":3,\"name\":\"\u0141\u00f3\u017cko kontynentalne Flo Comfort 90\\\/200\"}]},{\"@type\":\"WebSite\",\"@id\":\"https:\\\/\\\/demkohome.pl\\\/#website\",\"url\":\"https:\\\/\\\/demkohome.pl\\\/\",\"name\":\"Demko Home\",\"description\":\"Make it simple\",\"publisher\":{\"@id\":\"https:\\\/\\\/demkohome.pl\\\/#organization\"},\"potentialAction\":[{\"@type\":\"SearchAction\",\"target\":{\"@type\":\"EntryPoint\",\"urlTemplate\":\"https:\\\/\\\/demkohome.pl\\\/?s={search_term_string}\"},\"query-input\":{\"@type\":\"PropertyValueSpecification\",\"valueRequired\":true,\"valueName\":\"search_term_string\"}}],\"inLanguage\":\"en-US\"},{\"@type\":\"Organization\",\"@id\":\"https:\\\/\\\/demkohome.pl\\\/#organization\",\"name\":\"Demko Home\",\"url\":\"https:\\\/\\\/demkohome.pl\\\/\",\"logo\":{\"@type\":\"ImageObject\",\"inLanguage\":\"en-US\",\"@id\":\"https:\\\/\\\/demkohome.pl\\\/#\\\/schema\\\/logo\\\/image\\\/\",\"url\":\"https:\\\/\\\/demkohome.pl\\\/wp-content\\\/uploads\\\/2026\\\/03\\\/cropped-3.png\",\"contentUrl\":\"https:\\\/\\\/demkohome.pl\\\/wp-content\\\/uploads\\\/2026\\\/03\\\/cropped-3.png\",\"width\":250,\"height\":63,\"caption\":\"Demko Home\"},\"image\":{\"@id\":\"https:\\\/\\\/demkohome.pl\\\/#\\\/schema\\\/logo\\\/image\\\/\"}}]}<\/script>\n<!-- \/ Yoast SEO plugin. -->","yoast_head_json":{"title":"\u0141\u00f3\u017cko kontynentalne Flo Comfort 90\/200 - Demko Home","robots":{"index":"index","follow":"follow","max-snippet":"max-snippet:-1","max-image-preview":"max-image-preview:large","max-video-preview":"max-video-preview:-1"},"canonical":"https:\/\/demkohome.pl\/en\/?post_type=product&p=188076","og_locale":"en_US","og_type":"article","og_title":"\u0141\u00f3\u017cko kontynentalne Flo Comfort 90\/200 - Demko Home","og_description":"\u0141\u00f3\u017cko kontynentalne Flo Comfort &#8211; elegancja i komfort w Twojej sypialni. \u0141\u00f3\u017cko kontynentalne Flo Comfort to idealne po\u0142\u0105czenie elegancji, wygody (...)","og_url":"https:\/\/demkohome.pl\/en\/?post_type=product&p=188076","og_site_name":"Demko Home","article_modified_time":"2025-12-05T08:37:03+00:00","og_image":[{"width":2560,"height":2267,"url":"https:\/\/demkohome.pl\/wp-content\/uploads\/2025\/09\/FLO_bed_itaka-16-1-scaled.jpg","type":"image\/jpeg"}],"twitter_card":"summary_large_image","twitter_misc":{"Est. reading time":"2 minutes"},"schema":{"@context":"https:\/\/schema.org","@graph":[{"@type":"WebPage","@id":"https:\/\/demkohome.pl\/?post_type=product&p=188076","url":"https:\/\/demkohome.pl\/?post_type=product&p=188076","name":"\u0141\u00f3\u017cko kontynentalne Flo Comfort 90\/200 - Demko Home","isPartOf":{"@id":"https:\/\/demkohome.pl\/#website"},"primaryImageOfPage":{"@id":"https:\/\/demkohome.pl\/?post_type=product&p=188076#primaryimage"},"image":{"@id":"https:\/\/demkohome.pl\/?post_type=product&p=188076#primaryimage"},"thumbnailUrl":"https:\/\/demkohome.pl\/wp-content\/uploads\/2025\/09\/FLO_bed_itaka-16-1-scaled.jpg","datePublished":"2025-10-08T11:31:16+00:00","dateModified":"2025-12-05T08:37:03+00:00","breadcrumb":{"@id":"https:\/\/demkohome.pl\/?post_type=product&p=188076#breadcrumb"},"inLanguage":"en-US","potentialAction":[{"@type":"ReadAction","target":["https:\/\/demkohome.pl\/?post_type=product&p=188076"]}]},{"@type":"ImageObject","inLanguage":"en-US","@id":"https:\/\/demkohome.pl\/?post_type=product&p=188076#primaryimage","url":"https:\/\/demkohome.pl\/wp-content\/uploads\/2025\/09\/FLO_bed_itaka-16-1-scaled.jpg","contentUrl":"https:\/\/demkohome.pl\/wp-content\/uploads\/2025\/09\/FLO_bed_itaka-16-1-scaled.jpg","width":2560,"height":2267,"caption":"\u0141\u00f3\u017cko Flo"},{"@type":"BreadcrumbList","@id":"https:\/\/demkohome.pl\/?post_type=product&p=188076#breadcrumb","itemListElement":[{"@type":"ListItem","position":1,"name":"Strona g\u0142\u00f3wna","item":"https:\/\/demkohome.pl\/"},{"@type":"ListItem","position":2,"name":"Sklep","item":"https:\/\/demkohome.pl\/sklep\/"},{"@type":"ListItem","position":3,"name":"\u0141\u00f3\u017cko kontynentalne Flo Comfort 90\/200"}]},{"@type":"WebSite","@id":"https:\/\/demkohome.pl\/#website","url":"https:\/\/demkohome.pl\/","name":"Demko Home","description":"Make it simple","publisher":{"@id":"https:\/\/demkohome.pl\/#organization"},"potentialAction":[{"@type":"SearchAction","target":{"@type":"EntryPoint","urlTemplate":"https:\/\/demkohome.pl\/?s={search_term_string}"},"query-input":{"@type":"PropertyValueSpecification","valueRequired":true,"valueName":"search_term_string"}}],"inLanguage":"en-US"},{"@type":"Organization","@id":"https:\/\/demkohome.pl\/#organization","name":"Demko Home","url":"https:\/\/demkohome.pl\/","logo":{"@type":"ImageObject","inLanguage":"en-US","@id":"https:\/\/demkohome.pl\/#\/schema\/logo\/image\/","url":"https:\/\/demkohome.pl\/wp-content\/uploads\/2026\/03\/cropped-3.png","contentUrl":"https:\/\/demkohome.pl\/wp-content\/uploads\/2026\/03\/cropped-3.png","width":250,"height":63,"caption":"Demko Home"},"image":{"@id":"https:\/\/demkohome.pl\/#\/schema\/logo\/image\/"}}]}},"_links":{"self":[{"href":"https:\/\/demkohome.pl\/en\/wp-json\/wp\/v2\/product\/188076","targetHints":{"allow":["GET"]}}],"collection":[{"href":"https:\/\/demkohome.pl\/en\/wp-json\/wp\/v2\/product"}],"about":[{"href":"https:\/\/demkohome.pl\/en\/wp-json\/wp\/v2\/types\/product"}],"replies":[{"embeddable":true,"href":"https:\/\/demkohome.pl\/en\/wp-json\/wp\/v2\/comments?post=188076"}],"wp:featuredmedia":[{"embeddable":true,"href":"https:\/\/demkohome.pl\/en\/wp-json\/wp\/v2\/media\/183315"}],"wp:attachment":[{"href":"https:\/\/demkohome.pl\/en\/wp-json\/wp\/v2\/media?parent=188076"}],"wp:term":[{"taxonomy":"product_brand","embeddable":true,"href":"https:\/\/demkohome.pl\/en\/wp-json\/wp\/v2\/product_brand?post=188076"},{"taxonomy":"product_cat","embeddable":true,"href":"https:\/\/demkohome.pl\/en\/wp-json\/wp\/v2\/product_cat?post=188076"},{"taxonomy":"product_tag","embeddable":true,"href":"https:\/\/demkohome.pl\/en\/wp-json\/wp\/v2\/product_tag?post=188076"}],"curies":[{"name":"wp","href":"https:\/\/api.w.org\/{rel}","templated":true}]}}