{"id":1886,"date":"2023-08-28T13:14:06","date_gmt":"2023-08-28T11:14:06","guid":{"rendered":"https:\/\/demkohome.pl\/produkt\/komoda-z-dwiema-szufladami-vega\/"},"modified":"2026-04-29T09:31:31","modified_gmt":"2026-04-29T07:31:31","slug":"komoda-z-dwiema-szufladami-vega","status":"publish","type":"product","link":"https:\/\/demkohome.pl\/en\/product\/komoda-z-dwiema-szufladami-vega\/","title":{"rendered":"Chest of drawers with 2 drawers Vega"},"content":{"rendered":"<div style=\"font-family: 'Noto Sans', sans-serif; font-size: 17px;\">\n<h2>Modern dresser with two drawers Vega<\/h2>\n<p>Thinking about bringing color and elegance to your living room interior - while increasing the amount of storage space? Three-door dresser with two drawers Vega (125 x 103 x 37.5 cm) is a proposal that will perfectly fit into an interior with a modern design. Solid bodies maintained in the colors of artisan oak harmonize with matte finish fronts of timeless white or deep graphite color. Both color variants, are a stylish accent that emphasizes the modern composition of the arrangement while maintaining its functionality.  The spacious top and open shelf allow you to store your favorite items and access them easily. Two drawers, in turn, allow you to hide documents and accessories from the view of guests, taking care of order. The whole is complemented by 4 practical shelves hidden behind the doors of the chest of drawers, two of which - with exceptionally large capacity - are designed for comfortable storage of a large number of items. Two smaller shelves behind the right door of the dresser, in turn, are a functional complement to the furniture, making it both a modern and pragmatic solution for any room.<\/p>\n<h3><strong>Order Details:<\/strong><\/h3>\n<ul>\n<li>Three-door chest of drawers with two drawers and an open shelf - packed in 2 packages shipped by pallet<\/li>\n<li>Kit includes instructions and accessories necessary for self-assembly<\/li>\n<li>The courier will deliver the shipment to the specified address, but is not obliged to carry it<\/li>\n<\/ul>\n<div class=\"container\">\n<div class=\"row\">\n<h3>Proposal for a chest of drawers with two drawers in an arrangement with other products from the Vega line<\/h3>\n<p><img decoding=\"async\" style=\"width: 100%; border-radius: 5px; box-shadow: 0px 0px 5px rgba(0, 0, 0, 0.1); display: block; object-fit: cover; margin-top: 30px; margin-bottom: 30px;\" src=\"https:\/\/demkohome.pl\/wp-content\/uploads\/2023\/08\/Kolekcja-mebli-do-salonu-Vega-w-kolorach-szarosci-dab-artisan-Meble-Okmed-Demko.jpg\" alt=\"Zdj\u0119cie 1\" \/><\/p>\n<\/div>\n<\/div>\n<\/div>","protected":false},"excerpt":{"rendered":"<p>Nowoczesna komoda z dwiema szufladami Vega My\u015blisz o wprowadzeniu do wn\u0119trza salonu &#8211; koloru i elegancji, jednocze\u015bnie zwi\u0119kszaj\u0105c ilo\u015b\u0107 miejsca (&#8230;)<\/p>","protected":false},"featured_media":8485,"comment_status":"open","ping_status":"closed","template":"","meta":{"_acf_changed":false,"inline_featured_image":false},"product_brand":[],"product_cat":[528,143,128,127,137,144,139,141],"product_tag":[],"class_list":{"0":"post-1886","1":"product","2":"type-product","3":"status-publish","4":"has-post-thumbnail","6":"product_cat-black-friday","7":"product_cat-jadalnia","8":"product_cat-komody","9":"product_cat-meble-pokojowe","10":"product_cat-meble-systemowe","11":"product_cat-pokoj","12":"product_cat-pomieszczenia","13":"product_cat-salon","14":"product_shipping_class-przesylka-dpd-30-pln","15":"collection-vega","17":"first","18":"instock","19":"shipping-taxable","20":"purchasable","21":"product-type-variable"},"acf":[],"yoast_head":"<!-- This site is optimized with the Yoast SEO plugin v27.4 - https:\/\/yoast.com\/product\/yoast-seo-wordpress\/ -->\n<title>Komoda z 2 szufladami Vega - Demko Home<\/title>\n<meta name=\"robots\" content=\"index, follow, max-snippet:-1, max-image-preview:large, max-video-preview:-1\" \/>\n<link rel=\"canonical\" href=\"https:\/\/demkohome.pl\/en\/product\/komoda-z-dwiema-szufladami-vega\/\" \/>\n<meta property=\"og:locale\" content=\"en_US\" \/>\n<meta property=\"og:type\" content=\"article\" \/>\n<meta property=\"og:title\" content=\"Komoda z 2 szufladami Vega - Demko Home\" \/>\n<meta property=\"og:description\" content=\"Nowoczesna komoda z dwiema szufladami Vega My\u015blisz o wprowadzeniu do wn\u0119trza salonu &#8211; koloru i elegancji, jednocze\u015bnie zwi\u0119kszaj\u0105c ilo\u015b\u0107 miejsca (...)\" \/>\n<meta property=\"og:url\" content=\"https:\/\/demkohome.pl\/en\/product\/komoda-z-dwiema-szufladami-vega\/\" \/>\n<meta property=\"og:site_name\" content=\"Demko Home\" \/>\n<meta property=\"article:modified_time\" content=\"2026-04-29T07:31:31+00:00\" \/>\n<meta property=\"og:image\" content=\"https:\/\/demkohome.pl\/wp-content\/uploads\/2023\/08\/Komoda-3-drzwi-2-szulady-Vega-kolor-bialy-dab-artistan-Okmed-Demko.jpg\" \/>\n\t<meta property=\"og:image:width\" content=\"1920\" \/>\n\t<meta property=\"og:image:height\" content=\"1920\" \/>\n\t<meta property=\"og:image:type\" content=\"image\/jpeg\" \/>\n<meta name=\"twitter:card\" content=\"summary_large_image\" \/>\n<meta name=\"twitter:label1\" content=\"Est. reading time\" \/>\n\t<meta name=\"twitter:data1\" content=\"3 minutes\" \/>\n<script type=\"application\/ld+json\" class=\"yoast-schema-graph\">{\"@context\":\"https:\\\/\\\/schema.org\",\"@graph\":[{\"@type\":\"WebPage\",\"@id\":\"https:\\\/\\\/demkohome.pl\\\/produkt\\\/komoda-z-dwiema-szufladami-vega\\\/\",\"url\":\"https:\\\/\\\/demkohome.pl\\\/produkt\\\/komoda-z-dwiema-szufladami-vega\\\/\",\"name\":\"Komoda z 2 szufladami Vega - Demko Home\",\"isPartOf\":{\"@id\":\"https:\\\/\\\/demkohome.pl\\\/#website\"},\"primaryImageOfPage\":{\"@id\":\"https:\\\/\\\/demkohome.pl\\\/produkt\\\/komoda-z-dwiema-szufladami-vega\\\/#primaryimage\"},\"image\":{\"@id\":\"https:\\\/\\\/demkohome.pl\\\/produkt\\\/komoda-z-dwiema-szufladami-vega\\\/#primaryimage\"},\"thumbnailUrl\":\"https:\\\/\\\/demkohome.pl\\\/wp-content\\\/uploads\\\/2023\\\/08\\\/Komoda-3-drzwi-2-szulady-Vega-kolor-bialy-dab-artistan-Okmed-Demko.jpg\",\"datePublished\":\"2023-08-28T11:14:06+00:00\",\"dateModified\":\"2026-04-29T07:31:31+00:00\",\"breadcrumb\":{\"@id\":\"https:\\\/\\\/demkohome.pl\\\/produkt\\\/komoda-z-dwiema-szufladami-vega\\\/#breadcrumb\"},\"inLanguage\":\"en-US\",\"potentialAction\":[{\"@type\":\"ReadAction\",\"target\":[\"https:\\\/\\\/demkohome.pl\\\/produkt\\\/komoda-z-dwiema-szufladami-vega\\\/\"]}]},{\"@type\":\"ImageObject\",\"inLanguage\":\"en-US\",\"@id\":\"https:\\\/\\\/demkohome.pl\\\/produkt\\\/komoda-z-dwiema-szufladami-vega\\\/#primaryimage\",\"url\":\"https:\\\/\\\/demkohome.pl\\\/wp-content\\\/uploads\\\/2023\\\/08\\\/Komoda-3-drzwi-2-szulady-Vega-kolor-bialy-dab-artistan-Okmed-Demko.jpg\",\"contentUrl\":\"https:\\\/\\\/demkohome.pl\\\/wp-content\\\/uploads\\\/2023\\\/08\\\/Komoda-3-drzwi-2-szulady-Vega-kolor-bialy-dab-artistan-Okmed-Demko.jpg\",\"width\":1920,\"height\":1920,\"caption\":\"Komoda 3 drzwi 2 szulady Vega kolor bialy dab artistan Okmed Demko\"},{\"@type\":\"BreadcrumbList\",\"@id\":\"https:\\\/\\\/demkohome.pl\\\/produkt\\\/komoda-z-dwiema-szufladami-vega\\\/#breadcrumb\",\"itemListElement\":[{\"@type\":\"ListItem\",\"position\":1,\"name\":\"Strona g\u0142\u00f3wna\",\"item\":\"https:\\\/\\\/demkohome.pl\\\/\"},{\"@type\":\"ListItem\",\"position\":2,\"name\":\"Sklep\",\"item\":\"https:\\\/\\\/demkohome.pl\\\/sklep\\\/\"},{\"@type\":\"ListItem\",\"position\":3,\"name\":\"Komoda z 2 szufladami Vega\"}]},{\"@type\":\"WebSite\",\"@id\":\"https:\\\/\\\/demkohome.pl\\\/#website\",\"url\":\"https:\\\/\\\/demkohome.pl\\\/\",\"name\":\"Demko Home\",\"description\":\"Make it simple\",\"publisher\":{\"@id\":\"https:\\\/\\\/demkohome.pl\\\/#organization\"},\"potentialAction\":[{\"@type\":\"SearchAction\",\"target\":{\"@type\":\"EntryPoint\",\"urlTemplate\":\"https:\\\/\\\/demkohome.pl\\\/?s={search_term_string}\"},\"query-input\":{\"@type\":\"PropertyValueSpecification\",\"valueRequired\":true,\"valueName\":\"search_term_string\"}}],\"inLanguage\":\"en-US\"},{\"@type\":\"Organization\",\"@id\":\"https:\\\/\\\/demkohome.pl\\\/#organization\",\"name\":\"Demko Home\",\"url\":\"https:\\\/\\\/demkohome.pl\\\/\",\"logo\":{\"@type\":\"ImageObject\",\"inLanguage\":\"en-US\",\"@id\":\"https:\\\/\\\/demkohome.pl\\\/#\\\/schema\\\/logo\\\/image\\\/\",\"url\":\"https:\\\/\\\/demkohome.pl\\\/wp-content\\\/uploads\\\/2026\\\/03\\\/cropped-3.png\",\"contentUrl\":\"https:\\\/\\\/demkohome.pl\\\/wp-content\\\/uploads\\\/2026\\\/03\\\/cropped-3.png\",\"width\":250,\"height\":63,\"caption\":\"Demko Home\"},\"image\":{\"@id\":\"https:\\\/\\\/demkohome.pl\\\/#\\\/schema\\\/logo\\\/image\\\/\"}}]}<\/script>\n<!-- \/ Yoast SEO plugin. -->","yoast_head_json":{"title":"Komoda z 2 szufladami Vega - Demko Home","robots":{"index":"index","follow":"follow","max-snippet":"max-snippet:-1","max-image-preview":"max-image-preview:large","max-video-preview":"max-video-preview:-1"},"canonical":"https:\/\/demkohome.pl\/en\/product\/komoda-z-dwiema-szufladami-vega\/","og_locale":"en_US","og_type":"article","og_title":"Komoda z 2 szufladami Vega - Demko Home","og_description":"Nowoczesna komoda z dwiema szufladami Vega My\u015blisz o wprowadzeniu do wn\u0119trza salonu &#8211; koloru i elegancji, jednocze\u015bnie zwi\u0119kszaj\u0105c ilo\u015b\u0107 miejsca (...)","og_url":"https:\/\/demkohome.pl\/en\/product\/komoda-z-dwiema-szufladami-vega\/","og_site_name":"Demko Home","article_modified_time":"2026-04-29T07:31:31+00:00","og_image":[{"width":1920,"height":1920,"url":"https:\/\/demkohome.pl\/wp-content\/uploads\/2023\/08\/Komoda-3-drzwi-2-szulady-Vega-kolor-bialy-dab-artistan-Okmed-Demko.jpg","type":"image\/jpeg"}],"twitter_card":"summary_large_image","twitter_misc":{"Est. reading time":"3 minutes"},"schema":{"@context":"https:\/\/schema.org","@graph":[{"@type":"WebPage","@id":"https:\/\/demkohome.pl\/produkt\/komoda-z-dwiema-szufladami-vega\/","url":"https:\/\/demkohome.pl\/produkt\/komoda-z-dwiema-szufladami-vega\/","name":"Komoda z 2 szufladami Vega - Demko Home","isPartOf":{"@id":"https:\/\/demkohome.pl\/#website"},"primaryImageOfPage":{"@id":"https:\/\/demkohome.pl\/produkt\/komoda-z-dwiema-szufladami-vega\/#primaryimage"},"image":{"@id":"https:\/\/demkohome.pl\/produkt\/komoda-z-dwiema-szufladami-vega\/#primaryimage"},"thumbnailUrl":"https:\/\/demkohome.pl\/wp-content\/uploads\/2023\/08\/Komoda-3-drzwi-2-szulady-Vega-kolor-bialy-dab-artistan-Okmed-Demko.jpg","datePublished":"2023-08-28T11:14:06+00:00","dateModified":"2026-04-29T07:31:31+00:00","breadcrumb":{"@id":"https:\/\/demkohome.pl\/produkt\/komoda-z-dwiema-szufladami-vega\/#breadcrumb"},"inLanguage":"en-US","potentialAction":[{"@type":"ReadAction","target":["https:\/\/demkohome.pl\/produkt\/komoda-z-dwiema-szufladami-vega\/"]}]},{"@type":"ImageObject","inLanguage":"en-US","@id":"https:\/\/demkohome.pl\/produkt\/komoda-z-dwiema-szufladami-vega\/#primaryimage","url":"https:\/\/demkohome.pl\/wp-content\/uploads\/2023\/08\/Komoda-3-drzwi-2-szulady-Vega-kolor-bialy-dab-artistan-Okmed-Demko.jpg","contentUrl":"https:\/\/demkohome.pl\/wp-content\/uploads\/2023\/08\/Komoda-3-drzwi-2-szulady-Vega-kolor-bialy-dab-artistan-Okmed-Demko.jpg","width":1920,"height":1920,"caption":"Komoda 3 drzwi 2 szulady Vega kolor bialy dab artistan Okmed Demko"},{"@type":"BreadcrumbList","@id":"https:\/\/demkohome.pl\/produkt\/komoda-z-dwiema-szufladami-vega\/#breadcrumb","itemListElement":[{"@type":"ListItem","position":1,"name":"Strona g\u0142\u00f3wna","item":"https:\/\/demkohome.pl\/"},{"@type":"ListItem","position":2,"name":"Sklep","item":"https:\/\/demkohome.pl\/sklep\/"},{"@type":"ListItem","position":3,"name":"Komoda z 2 szufladami Vega"}]},{"@type":"WebSite","@id":"https:\/\/demkohome.pl\/#website","url":"https:\/\/demkohome.pl\/","name":"Demko Home","description":"Make it simple","publisher":{"@id":"https:\/\/demkohome.pl\/#organization"},"potentialAction":[{"@type":"SearchAction","target":{"@type":"EntryPoint","urlTemplate":"https:\/\/demkohome.pl\/?s={search_term_string}"},"query-input":{"@type":"PropertyValueSpecification","valueRequired":true,"valueName":"search_term_string"}}],"inLanguage":"en-US"},{"@type":"Organization","@id":"https:\/\/demkohome.pl\/#organization","name":"Demko Home","url":"https:\/\/demkohome.pl\/","logo":{"@type":"ImageObject","inLanguage":"en-US","@id":"https:\/\/demkohome.pl\/#\/schema\/logo\/image\/","url":"https:\/\/demkohome.pl\/wp-content\/uploads\/2026\/03\/cropped-3.png","contentUrl":"https:\/\/demkohome.pl\/wp-content\/uploads\/2026\/03\/cropped-3.png","width":250,"height":63,"caption":"Demko Home"},"image":{"@id":"https:\/\/demkohome.pl\/#\/schema\/logo\/image\/"}}]}},"_links":{"self":[{"href":"https:\/\/demkohome.pl\/en\/wp-json\/wp\/v2\/product\/1886","targetHints":{"allow":["GET"]}}],"collection":[{"href":"https:\/\/demkohome.pl\/en\/wp-json\/wp\/v2\/product"}],"about":[{"href":"https:\/\/demkohome.pl\/en\/wp-json\/wp\/v2\/types\/product"}],"replies":[{"embeddable":true,"href":"https:\/\/demkohome.pl\/en\/wp-json\/wp\/v2\/comments?post=1886"}],"wp:featuredmedia":[{"embeddable":true,"href":"https:\/\/demkohome.pl\/en\/wp-json\/wp\/v2\/media\/8485"}],"wp:attachment":[{"href":"https:\/\/demkohome.pl\/en\/wp-json\/wp\/v2\/media?parent=1886"}],"wp:term":[{"taxonomy":"product_brand","embeddable":true,"href":"https:\/\/demkohome.pl\/en\/wp-json\/wp\/v2\/product_brand?post=1886"},{"taxonomy":"product_cat","embeddable":true,"href":"https:\/\/demkohome.pl\/en\/wp-json\/wp\/v2\/product_cat?post=1886"},{"taxonomy":"product_tag","embeddable":true,"href":"https:\/\/demkohome.pl\/en\/wp-json\/wp\/v2\/product_tag?post=1886"}],"curies":[{"name":"wp","href":"https:\/\/api.w.org\/{rel}","templated":true}]}}