{"id":1894,"date":"2024-05-20T14:49:53","date_gmt":"2024-05-20T12:49:53","guid":{"rendered":"https:\/\/demkohome.pl\/produkt\/komoda-rtv-vega\/"},"modified":"2026-04-29T09:24:16","modified_gmt":"2026-04-29T07:24:16","slug":"komoda-rtv-vega","status":"publish","type":"product","link":"https:\/\/demkohome.pl\/en\/product\/komoda-rtv-vega\/","title":{"rendered":"RTV Vega chest of drawers"},"content":{"rendered":"<h2>TV cabinet with two drawers<\/h2>\n<p>Are you looking for an elegant living room cabinet that will transform your interior while displaying your TV? The Vega RTV chest of drawers (125 x 51 x 37.5 cm) is a proposal of minimalist design in two color options, which perfectly match the dark color of the TV and the modern design of the interior. Matte fronts made of laminated board in white or gray color harmonize with the body of the furniture maintained in oak artisan style giving the living room space a subdued, elegant design. MDF decorative strips with grooves and light brown accents in the form of wood-colored handles, further emphasize the minimalist character of the unit. In addition to the function of presenting RTV media, the chest of drawers contains a number of pragmatic solutions. Two open shelves make it possible to display other items, such as a game console or a media library, while maintaining easy access to them. Two additional drawers allow you to hide documents or additional accessories in an elegant and discreet way. The entire structure is characterized by high stability, ensuring comfort in use.<\/p>\n<h3>Ordering and shipping<\/h3>\n<ul>\n<li>By placing an order you will receive: Vega RTV chest of drawers shipped in two packages.<\/li>\n<li>Installation instructions in Polish and the necessary accessories to carry it out - included in the package.<\/li>\n<li>The price of the set includes transportation to the specified address, but the order does not include the carrying service.<\/li>\n<\/ul>\n<div class=\"container\">\n<div class=\"row\">\n<h3>RTV chest of drawers in an arrangement with other products of the Vega collection<\/h3>\n<p><img decoding=\"async\" style=\"width: 100%; border-radius: 5px; box-shadow: 0px 0px 5px rgba(0, 0, 0, 0.1); display: block; object-fit: cover; margin-top: 30px; margin-bottom: 30px;\" src=\"https:\/\/demkohome.pl\/wp-content\/uploads\/2024\/02\/Kolekcja-mebli-do-pokoju-Vega-kolor-Dab-Artistan-i-bialy-szafka-rtv-stolik-szafa-i-szafka-dwudrzwiowa-Meble-Okmed-Demko.jpg\" alt=\"Zdj\u0119cie 1\" \/><\/p>\n<\/div>\n<\/div>","protected":false},"excerpt":{"rendered":"<p>Szafka pod telewizor z dwiema szufladami Szukasz eleganckiej szafki do salonu, kt\u00f3ra odmieni Twoje wn\u0119trze jednocze\u015bnie eksponuj\u0105c telewizor? Komoda RTV (&#8230;)<\/p>","protected":false},"featured_media":8495,"comment_status":"open","ping_status":"closed","template":"","meta":{"_acf_changed":false,"inline_featured_image":false},"product_brand":[],"product_cat":[528,143,128,127,137,144,139,141],"product_tag":[],"class_list":{"0":"post-1894","1":"product","2":"type-product","3":"status-publish","4":"has-post-thumbnail","6":"product_cat-black-friday","7":"product_cat-jadalnia","8":"product_cat-komody","9":"product_cat-meble-pokojowe","10":"product_cat-meble-systemowe","11":"product_cat-pokoj","12":"product_cat-pomieszczenia","13":"product_cat-salon","14":"product_shipping_class-przesylka-dpd-30-pln","15":"collection-vega","17":"first","18":"instock","19":"sale","20":"shipping-taxable","21":"purchasable","22":"product-type-variable"},"acf":[],"yoast_head":"<!-- This site is optimized with the Yoast SEO plugin v27.4 - https:\/\/yoast.com\/product\/yoast-seo-wordpress\/ -->\n<title>Komoda RTV Vega - Demko Home<\/title>\n<meta name=\"robots\" content=\"index, follow, max-snippet:-1, max-image-preview:large, max-video-preview:-1\" \/>\n<link rel=\"canonical\" href=\"https:\/\/demkohome.pl\/en\/product\/komoda-rtv-vega\/\" \/>\n<meta property=\"og:locale\" content=\"en_US\" \/>\n<meta property=\"og:type\" content=\"article\" \/>\n<meta property=\"og:title\" content=\"Komoda RTV Vega - Demko Home\" \/>\n<meta property=\"og:description\" content=\"Szafka pod telewizor z dwiema szufladami Szukasz eleganckiej szafki do salonu, kt\u00f3ra odmieni Twoje wn\u0119trze jednocze\u015bnie eksponuj\u0105c telewizor? Komoda RTV (...)\" \/>\n<meta property=\"og:url\" content=\"https:\/\/demkohome.pl\/en\/product\/komoda-rtv-vega\/\" \/>\n<meta property=\"og:site_name\" content=\"Demko Home\" \/>\n<meta property=\"article:modified_time\" content=\"2026-04-29T07:24:16+00:00\" \/>\n<meta property=\"og:image\" content=\"https:\/\/demkohome.pl\/wp-content\/uploads\/2023\/08\/Komoda-RTV-Vega-kolor-bialy-dab-artistan-Meble-Okmed.jpg\" \/>\n\t<meta property=\"og:image:width\" content=\"1920\" \/>\n\t<meta property=\"og:image:height\" content=\"1920\" \/>\n\t<meta property=\"og:image:type\" content=\"image\/jpeg\" \/>\n<meta name=\"twitter:card\" content=\"summary_large_image\" \/>\n<meta name=\"twitter:label1\" content=\"Est. reading time\" \/>\n\t<meta name=\"twitter:data1\" content=\"3 minutes\" \/>\n<script type=\"application\/ld+json\" class=\"yoast-schema-graph\">{\"@context\":\"https:\\\/\\\/schema.org\",\"@graph\":[{\"@type\":\"WebPage\",\"@id\":\"https:\\\/\\\/demkohome.pl\\\/produkt\\\/komoda-rtv-vega\\\/\",\"url\":\"https:\\\/\\\/demkohome.pl\\\/produkt\\\/komoda-rtv-vega\\\/\",\"name\":\"Komoda RTV Vega - Demko Home\",\"isPartOf\":{\"@id\":\"https:\\\/\\\/demkohome.pl\\\/#website\"},\"primaryImageOfPage\":{\"@id\":\"https:\\\/\\\/demkohome.pl\\\/produkt\\\/komoda-rtv-vega\\\/#primaryimage\"},\"image\":{\"@id\":\"https:\\\/\\\/demkohome.pl\\\/produkt\\\/komoda-rtv-vega\\\/#primaryimage\"},\"thumbnailUrl\":\"https:\\\/\\\/demkohome.pl\\\/wp-content\\\/uploads\\\/2023\\\/08\\\/Komoda-RTV-Vega-kolor-bialy-dab-artistan-Meble-Okmed.jpg\",\"datePublished\":\"2024-05-20T12:49:53+00:00\",\"dateModified\":\"2026-04-29T07:24:16+00:00\",\"breadcrumb\":{\"@id\":\"https:\\\/\\\/demkohome.pl\\\/produkt\\\/komoda-rtv-vega\\\/#breadcrumb\"},\"inLanguage\":\"en-US\",\"potentialAction\":[{\"@type\":\"ReadAction\",\"target\":[\"https:\\\/\\\/demkohome.pl\\\/produkt\\\/komoda-rtv-vega\\\/\"]}]},{\"@type\":\"ImageObject\",\"inLanguage\":\"en-US\",\"@id\":\"https:\\\/\\\/demkohome.pl\\\/produkt\\\/komoda-rtv-vega\\\/#primaryimage\",\"url\":\"https:\\\/\\\/demkohome.pl\\\/wp-content\\\/uploads\\\/2023\\\/08\\\/Komoda-RTV-Vega-kolor-bialy-dab-artistan-Meble-Okmed.jpg\",\"contentUrl\":\"https:\\\/\\\/demkohome.pl\\\/wp-content\\\/uploads\\\/2023\\\/08\\\/Komoda-RTV-Vega-kolor-bialy-dab-artistan-Meble-Okmed.jpg\",\"width\":1920,\"height\":1920,\"caption\":\"Komoda RTV Vega kolor bialy dab artistan Meble Okmed\"},{\"@type\":\"BreadcrumbList\",\"@id\":\"https:\\\/\\\/demkohome.pl\\\/produkt\\\/komoda-rtv-vega\\\/#breadcrumb\",\"itemListElement\":[{\"@type\":\"ListItem\",\"position\":1,\"name\":\"Strona g\u0142\u00f3wna\",\"item\":\"https:\\\/\\\/demkohome.pl\\\/\"},{\"@type\":\"ListItem\",\"position\":2,\"name\":\"Sklep\",\"item\":\"https:\\\/\\\/demkohome.pl\\\/sklep\\\/\"},{\"@type\":\"ListItem\",\"position\":3,\"name\":\"Komoda RTV Vega\"}]},{\"@type\":\"WebSite\",\"@id\":\"https:\\\/\\\/demkohome.pl\\\/#website\",\"url\":\"https:\\\/\\\/demkohome.pl\\\/\",\"name\":\"Demko Home\",\"description\":\"Make it simple\",\"publisher\":{\"@id\":\"https:\\\/\\\/demkohome.pl\\\/#organization\"},\"potentialAction\":[{\"@type\":\"SearchAction\",\"target\":{\"@type\":\"EntryPoint\",\"urlTemplate\":\"https:\\\/\\\/demkohome.pl\\\/?s={search_term_string}\"},\"query-input\":{\"@type\":\"PropertyValueSpecification\",\"valueRequired\":true,\"valueName\":\"search_term_string\"}}],\"inLanguage\":\"en-US\"},{\"@type\":\"Organization\",\"@id\":\"https:\\\/\\\/demkohome.pl\\\/#organization\",\"name\":\"Demko Home\",\"url\":\"https:\\\/\\\/demkohome.pl\\\/\",\"logo\":{\"@type\":\"ImageObject\",\"inLanguage\":\"en-US\",\"@id\":\"https:\\\/\\\/demkohome.pl\\\/#\\\/schema\\\/logo\\\/image\\\/\",\"url\":\"https:\\\/\\\/demkohome.pl\\\/wp-content\\\/uploads\\\/2026\\\/03\\\/cropped-3.png\",\"contentUrl\":\"https:\\\/\\\/demkohome.pl\\\/wp-content\\\/uploads\\\/2026\\\/03\\\/cropped-3.png\",\"width\":250,\"height\":63,\"caption\":\"Demko Home\"},\"image\":{\"@id\":\"https:\\\/\\\/demkohome.pl\\\/#\\\/schema\\\/logo\\\/image\\\/\"}}]}<\/script>\n<!-- \/ Yoast SEO plugin. -->","yoast_head_json":{"title":"Komoda RTV Vega - Demko Home","robots":{"index":"index","follow":"follow","max-snippet":"max-snippet:-1","max-image-preview":"max-image-preview:large","max-video-preview":"max-video-preview:-1"},"canonical":"https:\/\/demkohome.pl\/en\/product\/komoda-rtv-vega\/","og_locale":"en_US","og_type":"article","og_title":"Komoda RTV Vega - Demko Home","og_description":"Szafka pod telewizor z dwiema szufladami Szukasz eleganckiej szafki do salonu, kt\u00f3ra odmieni Twoje wn\u0119trze jednocze\u015bnie eksponuj\u0105c telewizor? Komoda RTV (...)","og_url":"https:\/\/demkohome.pl\/en\/product\/komoda-rtv-vega\/","og_site_name":"Demko Home","article_modified_time":"2026-04-29T07:24:16+00:00","og_image":[{"width":1920,"height":1920,"url":"https:\/\/demkohome.pl\/wp-content\/uploads\/2023\/08\/Komoda-RTV-Vega-kolor-bialy-dab-artistan-Meble-Okmed.jpg","type":"image\/jpeg"}],"twitter_card":"summary_large_image","twitter_misc":{"Est. reading time":"3 minutes"},"schema":{"@context":"https:\/\/schema.org","@graph":[{"@type":"WebPage","@id":"https:\/\/demkohome.pl\/produkt\/komoda-rtv-vega\/","url":"https:\/\/demkohome.pl\/produkt\/komoda-rtv-vega\/","name":"Komoda RTV Vega - Demko Home","isPartOf":{"@id":"https:\/\/demkohome.pl\/#website"},"primaryImageOfPage":{"@id":"https:\/\/demkohome.pl\/produkt\/komoda-rtv-vega\/#primaryimage"},"image":{"@id":"https:\/\/demkohome.pl\/produkt\/komoda-rtv-vega\/#primaryimage"},"thumbnailUrl":"https:\/\/demkohome.pl\/wp-content\/uploads\/2023\/08\/Komoda-RTV-Vega-kolor-bialy-dab-artistan-Meble-Okmed.jpg","datePublished":"2024-05-20T12:49:53+00:00","dateModified":"2026-04-29T07:24:16+00:00","breadcrumb":{"@id":"https:\/\/demkohome.pl\/produkt\/komoda-rtv-vega\/#breadcrumb"},"inLanguage":"en-US","potentialAction":[{"@type":"ReadAction","target":["https:\/\/demkohome.pl\/produkt\/komoda-rtv-vega\/"]}]},{"@type":"ImageObject","inLanguage":"en-US","@id":"https:\/\/demkohome.pl\/produkt\/komoda-rtv-vega\/#primaryimage","url":"https:\/\/demkohome.pl\/wp-content\/uploads\/2023\/08\/Komoda-RTV-Vega-kolor-bialy-dab-artistan-Meble-Okmed.jpg","contentUrl":"https:\/\/demkohome.pl\/wp-content\/uploads\/2023\/08\/Komoda-RTV-Vega-kolor-bialy-dab-artistan-Meble-Okmed.jpg","width":1920,"height":1920,"caption":"Komoda RTV Vega kolor bialy dab artistan Meble Okmed"},{"@type":"BreadcrumbList","@id":"https:\/\/demkohome.pl\/produkt\/komoda-rtv-vega\/#breadcrumb","itemListElement":[{"@type":"ListItem","position":1,"name":"Strona g\u0142\u00f3wna","item":"https:\/\/demkohome.pl\/"},{"@type":"ListItem","position":2,"name":"Sklep","item":"https:\/\/demkohome.pl\/sklep\/"},{"@type":"ListItem","position":3,"name":"Komoda RTV Vega"}]},{"@type":"WebSite","@id":"https:\/\/demkohome.pl\/#website","url":"https:\/\/demkohome.pl\/","name":"Demko Home","description":"Make it simple","publisher":{"@id":"https:\/\/demkohome.pl\/#organization"},"potentialAction":[{"@type":"SearchAction","target":{"@type":"EntryPoint","urlTemplate":"https:\/\/demkohome.pl\/?s={search_term_string}"},"query-input":{"@type":"PropertyValueSpecification","valueRequired":true,"valueName":"search_term_string"}}],"inLanguage":"en-US"},{"@type":"Organization","@id":"https:\/\/demkohome.pl\/#organization","name":"Demko Home","url":"https:\/\/demkohome.pl\/","logo":{"@type":"ImageObject","inLanguage":"en-US","@id":"https:\/\/demkohome.pl\/#\/schema\/logo\/image\/","url":"https:\/\/demkohome.pl\/wp-content\/uploads\/2026\/03\/cropped-3.png","contentUrl":"https:\/\/demkohome.pl\/wp-content\/uploads\/2026\/03\/cropped-3.png","width":250,"height":63,"caption":"Demko Home"},"image":{"@id":"https:\/\/demkohome.pl\/#\/schema\/logo\/image\/"}}]}},"_links":{"self":[{"href":"https:\/\/demkohome.pl\/en\/wp-json\/wp\/v2\/product\/1894","targetHints":{"allow":["GET"]}}],"collection":[{"href":"https:\/\/demkohome.pl\/en\/wp-json\/wp\/v2\/product"}],"about":[{"href":"https:\/\/demkohome.pl\/en\/wp-json\/wp\/v2\/types\/product"}],"replies":[{"embeddable":true,"href":"https:\/\/demkohome.pl\/en\/wp-json\/wp\/v2\/comments?post=1894"}],"wp:featuredmedia":[{"embeddable":true,"href":"https:\/\/demkohome.pl\/en\/wp-json\/wp\/v2\/media\/8495"}],"wp:attachment":[{"href":"https:\/\/demkohome.pl\/en\/wp-json\/wp\/v2\/media?parent=1894"}],"wp:term":[{"taxonomy":"product_brand","embeddable":true,"href":"https:\/\/demkohome.pl\/en\/wp-json\/wp\/v2\/product_brand?post=1894"},{"taxonomy":"product_cat","embeddable":true,"href":"https:\/\/demkohome.pl\/en\/wp-json\/wp\/v2\/product_cat?post=1894"},{"taxonomy":"product_tag","embeddable":true,"href":"https:\/\/demkohome.pl\/en\/wp-json\/wp\/v2\/product_tag?post=1894"}],"curies":[{"name":"wp","href":"https:\/\/api.w.org\/{rel}","templated":true}]}}