{"id":18973,"date":"2025-05-28T16:57:37","date_gmt":"2025-05-28T14:57:37","guid":{"rendered":"https:\/\/demkohome.pl\/?post_type=product&#038;p=18973"},"modified":"2026-04-28T21:20:41","modified_gmt":"2026-04-28T19:20:41","slug":"komoda-can-can-t2","status":"publish","type":"product","link":"https:\/\/demkohome.pl\/en\/product\/komoda-can-can-t2\/","title":{"rendered":"Can Can T2 chest of drawers"},"content":{"rendered":"<h3 data-start=\"0\" data-end=\"66\"><strong data-start=\"4\" data-end=\"64\">CAN CAN T2 chest of drawers - Modern Elegance in your Interior<\/strong><\/h3>\n<p data-start=\"68\" data-end=\"591\">CAN CAN T2 chest of drawers is a piece of furniture that combines modern style with practical use. Its minimalist form and elegant colors make it fit perfectly into both spacious, bright interiors and more cozy arrangements. The combination of warm oak sonoma decor with white glossy fronts gives it a refined character, which brings harmony and modern style to the room. This is an excellent choice for those who value both aesthetics and functionality.<\/p>\n<p data-start=\"593\" data-end=\"999\">The fronts of the dresser, made of durable laminated board, reflect light, optically enlarging the space and adding lightness to the interior. Their smooth surface is not only impressive, but also extremely easy to keep clean. Frames in the shade of natural wood warm up the appearance of the furniture, making the chest of drawers a perfect complement to both modern and Scandinavian arrangements.<\/p>\n<p data-start=\"1001\" data-end=\"1470\">The well-thought-out layout of the space makes the CAN CAN T2 dresser not only beautiful to look at, but also extremely functional. Capacious cabinets and practical drawers allow you to conveniently store clothes, documents, accessories or decorations, keeping the room in order. The central part with shelves will be perfect as a place to display ornaments, books or elegant accessories, which will give the interior an individual character.<\/p>\n<p data-start=\"1472\" data-end=\"1781\">Thanks to its versatile form, the CAN CAN T2 chest of drawers will work well in various rooms - from the living room, through the bedroom, to an elegant hallway or home office. It's a piece of furniture that not only performs the function of storage, but is also a stylish decorative element, emphasizing the character of the interior.<\/p>\n<p data-start=\"1783\" data-end=\"2029\" data-is-last-node=\"\" data-is-only-node=\"\">If you are looking for a dresser that combines aesthetics, durability and practicality, the CAN CAN T2 model will be an excellent choice. Bring elegance and order into your home by choosing a piece of furniture that impresses with both design and functionality.<\/p>\n<p data-start=\"1783\" data-end=\"2029\" data-is-last-node=\"\" data-is-only-node=\"\"><img loading=\"lazy\" decoding=\"async\" class=\"aligncenter wp-image-18966 size-full\" src=\"https:\/\/demkohome.pl\/wp-content\/uploads\/2025\/03\/can-can-seria-T.jpg\" alt=\"\" width=\"1280\" height=\"670\" srcset=\"https:\/\/demkohome.pl\/wp-content\/uploads\/2025\/03\/can-can-seria-T.jpg 1280w, https:\/\/demkohome.pl\/wp-content\/uploads\/2025\/03\/can-can-seria-T-300x157.jpg 300w, https:\/\/demkohome.pl\/wp-content\/uploads\/2025\/03\/can-can-seria-T-1024x536.jpg 1024w, https:\/\/demkohome.pl\/wp-content\/uploads\/2025\/03\/can-can-seria-T-768x402.jpg 768w, https:\/\/demkohome.pl\/wp-content\/uploads\/2025\/03\/can-can-seria-T-18x9.jpg 18w, https:\/\/demkohome.pl\/wp-content\/uploads\/2025\/03\/can-can-seria-T-600x314.jpg 600w\" sizes=\"auto, (max-width: 1280px) 100vw, 1280px\" \/><\/p>","protected":false},"excerpt":{"rendered":"<p>Komoda CAN CAN T2 \u2013 Nowoczesna Elegancja w Twoim Wn\u0119trzu Komoda CAN CAN T2 to mebel, kt\u00f3ry \u0142\u0105czy w sobie (&#8230;)<\/p>","protected":false},"featured_media":18968,"comment_status":"open","ping_status":"closed","template":"","meta":{"_acf_changed":false,"inline_featured_image":false},"product_brand":[],"product_cat":[128,127,144,141,130,129],"product_tag":[],"class_list":{"0":"post-18973","1":"product","2":"type-product","3":"status-publish","4":"has-post-thumbnail","6":"product_cat-komody","7":"product_cat-meble-pokojowe","8":"product_cat-pokoj","9":"product_cat-salon","10":"product_cat-szafki","11":"product_cat-witryny","12":"collection-can-can","14":"first","15":"instock","16":"sale","17":"shipping-taxable","18":"purchasable","19":"product-type-simple"},"acf":[],"yoast_head":"<!-- This site is optimized with the Yoast SEO plugin v27.4 - https:\/\/yoast.com\/product\/yoast-seo-wordpress\/ -->\n<title>Komoda Can Can T2 - Demko Home<\/title>\n<meta name=\"robots\" content=\"index, follow, max-snippet:-1, max-image-preview:large, max-video-preview:-1\" \/>\n<link rel=\"canonical\" href=\"https:\/\/demkohome.pl\/en\/product\/komoda-can-can-t2\/\" \/>\n<meta property=\"og:locale\" content=\"en_US\" \/>\n<meta property=\"og:type\" content=\"article\" \/>\n<meta property=\"og:title\" content=\"Komoda Can Can T2 - Demko Home\" \/>\n<meta property=\"og:description\" content=\"Komoda CAN CAN T2 \u2013 Nowoczesna Elegancja w Twoim Wn\u0119trzu Komoda CAN CAN T2 to mebel, kt\u00f3ry \u0142\u0105czy w sobie (...)\" \/>\n<meta property=\"og:url\" content=\"https:\/\/demkohome.pl\/en\/product\/komoda-can-can-t2\/\" \/>\n<meta property=\"og:site_name\" content=\"Demko Home\" \/>\n<meta property=\"article:modified_time\" content=\"2026-04-28T19:20:41+00:00\" \/>\n<meta property=\"og:image\" content=\"https:\/\/demkohome.pl\/wp-content\/uploads\/2025\/03\/CANCAN-T2-dab-sonoma_Bialy.jpg\" \/>\n\t<meta property=\"og:image:width\" content=\"1280\" \/>\n\t<meta property=\"og:image:height\" content=\"1280\" \/>\n\t<meta property=\"og:image:type\" content=\"image\/jpeg\" \/>\n<meta name=\"twitter:card\" content=\"summary_large_image\" \/>\n<meta name=\"twitter:label1\" content=\"Est. reading time\" \/>\n\t<meta name=\"twitter:data1\" content=\"4 minutes\" \/>\n<script type=\"application\/ld+json\" class=\"yoast-schema-graph\">{\"@context\":\"https:\\\/\\\/schema.org\",\"@graph\":[{\"@type\":\"WebPage\",\"@id\":\"https:\\\/\\\/demkohome.pl\\\/produkt\\\/komoda-can-can-t2\\\/\",\"url\":\"https:\\\/\\\/demkohome.pl\\\/produkt\\\/komoda-can-can-t2\\\/\",\"name\":\"Komoda Can Can T2 - Demko Home\",\"isPartOf\":{\"@id\":\"https:\\\/\\\/demkohome.pl\\\/#website\"},\"primaryImageOfPage\":{\"@id\":\"https:\\\/\\\/demkohome.pl\\\/produkt\\\/komoda-can-can-t2\\\/#primaryimage\"},\"image\":{\"@id\":\"https:\\\/\\\/demkohome.pl\\\/produkt\\\/komoda-can-can-t2\\\/#primaryimage\"},\"thumbnailUrl\":\"https:\\\/\\\/demkohome.pl\\\/wp-content\\\/uploads\\\/2025\\\/03\\\/CANCAN-T2-dab-sonoma_Bialy.jpg\",\"datePublished\":\"2025-05-28T14:57:37+00:00\",\"dateModified\":\"2026-04-28T19:20:41+00:00\",\"breadcrumb\":{\"@id\":\"https:\\\/\\\/demkohome.pl\\\/produkt\\\/komoda-can-can-t2\\\/#breadcrumb\"},\"inLanguage\":\"en-US\",\"potentialAction\":[{\"@type\":\"ReadAction\",\"target\":[\"https:\\\/\\\/demkohome.pl\\\/produkt\\\/komoda-can-can-t2\\\/\"]}]},{\"@type\":\"ImageObject\",\"inLanguage\":\"en-US\",\"@id\":\"https:\\\/\\\/demkohome.pl\\\/produkt\\\/komoda-can-can-t2\\\/#primaryimage\",\"url\":\"https:\\\/\\\/demkohome.pl\\\/wp-content\\\/uploads\\\/2025\\\/03\\\/CANCAN-T2-dab-sonoma_Bialy.jpg\",\"contentUrl\":\"https:\\\/\\\/demkohome.pl\\\/wp-content\\\/uploads\\\/2025\\\/03\\\/CANCAN-T2-dab-sonoma_Bialy.jpg\",\"width\":1280,\"height\":1280},{\"@type\":\"BreadcrumbList\",\"@id\":\"https:\\\/\\\/demkohome.pl\\\/produkt\\\/komoda-can-can-t2\\\/#breadcrumb\",\"itemListElement\":[{\"@type\":\"ListItem\",\"position\":1,\"name\":\"Strona g\u0142\u00f3wna\",\"item\":\"https:\\\/\\\/demkohome.pl\\\/\"},{\"@type\":\"ListItem\",\"position\":2,\"name\":\"Sklep\",\"item\":\"https:\\\/\\\/demkohome.pl\\\/sklep\\\/\"},{\"@type\":\"ListItem\",\"position\":3,\"name\":\"Komoda Can Can T2\"}]},{\"@type\":\"WebSite\",\"@id\":\"https:\\\/\\\/demkohome.pl\\\/#website\",\"url\":\"https:\\\/\\\/demkohome.pl\\\/\",\"name\":\"Demko Home\",\"description\":\"Make it simple\",\"publisher\":{\"@id\":\"https:\\\/\\\/demkohome.pl\\\/#organization\"},\"potentialAction\":[{\"@type\":\"SearchAction\",\"target\":{\"@type\":\"EntryPoint\",\"urlTemplate\":\"https:\\\/\\\/demkohome.pl\\\/?s={search_term_string}\"},\"query-input\":{\"@type\":\"PropertyValueSpecification\",\"valueRequired\":true,\"valueName\":\"search_term_string\"}}],\"inLanguage\":\"en-US\"},{\"@type\":\"Organization\",\"@id\":\"https:\\\/\\\/demkohome.pl\\\/#organization\",\"name\":\"Demko Home\",\"url\":\"https:\\\/\\\/demkohome.pl\\\/\",\"logo\":{\"@type\":\"ImageObject\",\"inLanguage\":\"en-US\",\"@id\":\"https:\\\/\\\/demkohome.pl\\\/#\\\/schema\\\/logo\\\/image\\\/\",\"url\":\"https:\\\/\\\/demkohome.pl\\\/wp-content\\\/uploads\\\/2026\\\/03\\\/cropped-3.png\",\"contentUrl\":\"https:\\\/\\\/demkohome.pl\\\/wp-content\\\/uploads\\\/2026\\\/03\\\/cropped-3.png\",\"width\":250,\"height\":63,\"caption\":\"Demko Home\"},\"image\":{\"@id\":\"https:\\\/\\\/demkohome.pl\\\/#\\\/schema\\\/logo\\\/image\\\/\"}}]}<\/script>\n<!-- \/ Yoast SEO plugin. -->","yoast_head_json":{"title":"Komoda Can Can T2 - Demko Home","robots":{"index":"index","follow":"follow","max-snippet":"max-snippet:-1","max-image-preview":"max-image-preview:large","max-video-preview":"max-video-preview:-1"},"canonical":"https:\/\/demkohome.pl\/en\/product\/komoda-can-can-t2\/","og_locale":"en_US","og_type":"article","og_title":"Komoda Can Can T2 - Demko Home","og_description":"Komoda CAN CAN T2 \u2013 Nowoczesna Elegancja w Twoim Wn\u0119trzu Komoda CAN CAN T2 to mebel, kt\u00f3ry \u0142\u0105czy w sobie (...)","og_url":"https:\/\/demkohome.pl\/en\/product\/komoda-can-can-t2\/","og_site_name":"Demko Home","article_modified_time":"2026-04-28T19:20:41+00:00","og_image":[{"width":1280,"height":1280,"url":"https:\/\/demkohome.pl\/wp-content\/uploads\/2025\/03\/CANCAN-T2-dab-sonoma_Bialy.jpg","type":"image\/jpeg"}],"twitter_card":"summary_large_image","twitter_misc":{"Est. reading time":"4 minutes"},"schema":{"@context":"https:\/\/schema.org","@graph":[{"@type":"WebPage","@id":"https:\/\/demkohome.pl\/produkt\/komoda-can-can-t2\/","url":"https:\/\/demkohome.pl\/produkt\/komoda-can-can-t2\/","name":"Komoda Can Can T2 - Demko Home","isPartOf":{"@id":"https:\/\/demkohome.pl\/#website"},"primaryImageOfPage":{"@id":"https:\/\/demkohome.pl\/produkt\/komoda-can-can-t2\/#primaryimage"},"image":{"@id":"https:\/\/demkohome.pl\/produkt\/komoda-can-can-t2\/#primaryimage"},"thumbnailUrl":"https:\/\/demkohome.pl\/wp-content\/uploads\/2025\/03\/CANCAN-T2-dab-sonoma_Bialy.jpg","datePublished":"2025-05-28T14:57:37+00:00","dateModified":"2026-04-28T19:20:41+00:00","breadcrumb":{"@id":"https:\/\/demkohome.pl\/produkt\/komoda-can-can-t2\/#breadcrumb"},"inLanguage":"en-US","potentialAction":[{"@type":"ReadAction","target":["https:\/\/demkohome.pl\/produkt\/komoda-can-can-t2\/"]}]},{"@type":"ImageObject","inLanguage":"en-US","@id":"https:\/\/demkohome.pl\/produkt\/komoda-can-can-t2\/#primaryimage","url":"https:\/\/demkohome.pl\/wp-content\/uploads\/2025\/03\/CANCAN-T2-dab-sonoma_Bialy.jpg","contentUrl":"https:\/\/demkohome.pl\/wp-content\/uploads\/2025\/03\/CANCAN-T2-dab-sonoma_Bialy.jpg","width":1280,"height":1280},{"@type":"BreadcrumbList","@id":"https:\/\/demkohome.pl\/produkt\/komoda-can-can-t2\/#breadcrumb","itemListElement":[{"@type":"ListItem","position":1,"name":"Strona g\u0142\u00f3wna","item":"https:\/\/demkohome.pl\/"},{"@type":"ListItem","position":2,"name":"Sklep","item":"https:\/\/demkohome.pl\/sklep\/"},{"@type":"ListItem","position":3,"name":"Komoda Can Can T2"}]},{"@type":"WebSite","@id":"https:\/\/demkohome.pl\/#website","url":"https:\/\/demkohome.pl\/","name":"Demko Home","description":"Make it simple","publisher":{"@id":"https:\/\/demkohome.pl\/#organization"},"potentialAction":[{"@type":"SearchAction","target":{"@type":"EntryPoint","urlTemplate":"https:\/\/demkohome.pl\/?s={search_term_string}"},"query-input":{"@type":"PropertyValueSpecification","valueRequired":true,"valueName":"search_term_string"}}],"inLanguage":"en-US"},{"@type":"Organization","@id":"https:\/\/demkohome.pl\/#organization","name":"Demko Home","url":"https:\/\/demkohome.pl\/","logo":{"@type":"ImageObject","inLanguage":"en-US","@id":"https:\/\/demkohome.pl\/#\/schema\/logo\/image\/","url":"https:\/\/demkohome.pl\/wp-content\/uploads\/2026\/03\/cropped-3.png","contentUrl":"https:\/\/demkohome.pl\/wp-content\/uploads\/2026\/03\/cropped-3.png","width":250,"height":63,"caption":"Demko Home"},"image":{"@id":"https:\/\/demkohome.pl\/#\/schema\/logo\/image\/"}}]}},"_links":{"self":[{"href":"https:\/\/demkohome.pl\/en\/wp-json\/wp\/v2\/product\/18973","targetHints":{"allow":["GET"]}}],"collection":[{"href":"https:\/\/demkohome.pl\/en\/wp-json\/wp\/v2\/product"}],"about":[{"href":"https:\/\/demkohome.pl\/en\/wp-json\/wp\/v2\/types\/product"}],"replies":[{"embeddable":true,"href":"https:\/\/demkohome.pl\/en\/wp-json\/wp\/v2\/comments?post=18973"}],"wp:featuredmedia":[{"embeddable":true,"href":"https:\/\/demkohome.pl\/en\/wp-json\/wp\/v2\/media\/18968"}],"wp:attachment":[{"href":"https:\/\/demkohome.pl\/en\/wp-json\/wp\/v2\/media?parent=18973"}],"wp:term":[{"taxonomy":"product_brand","embeddable":true,"href":"https:\/\/demkohome.pl\/en\/wp-json\/wp\/v2\/product_brand?post=18973"},{"taxonomy":"product_cat","embeddable":true,"href":"https:\/\/demkohome.pl\/en\/wp-json\/wp\/v2\/product_cat?post=18973"},{"taxonomy":"product_tag","embeddable":true,"href":"https:\/\/demkohome.pl\/en\/wp-json\/wp\/v2\/product_tag?post=18973"}],"curies":[{"name":"wp","href":"https:\/\/api.w.org\/{rel}","templated":true}]}}