{"id":18974,"date":"2025-05-28T16:44:58","date_gmt":"2025-05-28T14:44:58","guid":{"rendered":"https:\/\/demkohome.pl\/?post_type=product&#038;p=18974"},"modified":"2026-04-28T21:20:42","modified_gmt":"2026-04-28T19:20:42","slug":"komoda-can-can-t3","status":"publish","type":"product","link":"https:\/\/demkohome.pl\/en\/product\/komoda-can-can-t3\/","title":{"rendered":"Can Can T3 chest of drawers"},"content":{"rendered":"<h3 data-start=\"0\" data-end=\"64\"><strong data-start=\"4\" data-end=\"62\">CAN CAN T3 chest of drawers - Modern Design and Functionality<\/strong><\/h3>\n<p data-start=\"66\" data-end=\"495\">The CAN CAN T3 chest of drawers is a stylish and functional piece of furniture that will be perfect for modern interiors. Its elegant appearance and practical design make it an ideal choice for the living room, bedroom, hallway or even the office. The combination of warm oak sonoma decor with white glossy fronts gives it a timeless character that suits both minimalist and more classic arrangements.<\/p>\n<p data-start=\"497\" data-end=\"1037\">With its simple, geometric form, the CAN CAN T3 dresser blends harmoniously with other design elements. Its structure was designed to maximize storage space. The three top drawers offer space for small items, documents or accessories, while the capacious cabinets below allow you to store larger items such as clothing, books or tableware. Metal handles add a modern touch to the furniture, while ensuring comfortable use.<\/p>\n<p data-start=\"1039\" data-end=\"1435\">The bright, smooth fronts reflect the light beautifully, making the interior seem more spacious and orderly. The natural shade of wood makes the dresser not only look elegant, but also brings warmth and coziness to the room. The materials from which it was made are resistant to daily use, which guarantees durability and ease of cleaning.<\/p>\n<p data-start=\"1437\" data-end=\"1824\">The CAN CAN T3 chest of drawers will be perfect both as a standalone piece of furniture and as part of a larger arrangement. Its universal aesthetics make it fit into interiors decorated in modern, Scandinavian or loft styles. You can use it as a storage space, but also as an elegant display space - for a vase of flowers, decorations or photo frames.<\/p>\n<p data-start=\"1826\" data-end=\"2061\" data-is-last-node=\"\" data-is-only-node=\"\">If you are looking for a piece of furniture that combines a modern look with practical use, the CAN CAN T3 dresser is an excellent choice. It is not only stylish, but also functional, so it will become an indispensable part of your interior.<\/p>\n<p data-start=\"1826\" data-end=\"2061\" data-is-last-node=\"\" data-is-only-node=\"\"><img loading=\"lazy\" decoding=\"async\" class=\"aligncenter wp-image-18966 size-full\" src=\"https:\/\/demkohome.pl\/wp-content\/uploads\/2025\/03\/can-can-seria-T.jpg\" alt=\"\" width=\"1280\" height=\"670\" srcset=\"https:\/\/demkohome.pl\/wp-content\/uploads\/2025\/03\/can-can-seria-T.jpg 1280w, https:\/\/demkohome.pl\/wp-content\/uploads\/2025\/03\/can-can-seria-T-300x157.jpg 300w, https:\/\/demkohome.pl\/wp-content\/uploads\/2025\/03\/can-can-seria-T-1024x536.jpg 1024w, https:\/\/demkohome.pl\/wp-content\/uploads\/2025\/03\/can-can-seria-T-768x402.jpg 768w, https:\/\/demkohome.pl\/wp-content\/uploads\/2025\/03\/can-can-seria-T-18x9.jpg 18w, https:\/\/demkohome.pl\/wp-content\/uploads\/2025\/03\/can-can-seria-T-600x314.jpg 600w\" sizes=\"auto, (max-width: 1280px) 100vw, 1280px\" \/><\/p>","protected":false},"excerpt":{"rendered":"<p>Komoda CAN CAN T3 \u2013 Nowoczesny Design i Funkcjonalno\u015b\u0107 Komoda CAN CAN T3 to stylowy i funkcjonalny mebel, kt\u00f3ry doskonale (&#8230;)<\/p>","protected":false},"featured_media":18969,"comment_status":"open","ping_status":"closed","template":"","meta":{"_acf_changed":false,"inline_featured_image":false},"product_brand":[],"product_cat":[128,294,295,127,307,144,142,141,308],"product_tag":[],"class_list":{"0":"post-18974","1":"product","2":"type-product","3":"status-publish","4":"has-post-thumbnail","6":"product_cat-komody","7":"product_cat-meble","8":"product_cat-meble-do-przedpokoju","9":"product_cat-meble-pokojowe","10":"product_cat-meble-pokojowe-meble","11":"product_cat-pokoj","12":"product_cat-przedpokoj","13":"product_cat-salon","14":"product_cat-szafki-meble-pokojowe-meble","15":"collection-can-can","17":"first","18":"instock","19":"sale","20":"shipping-taxable","21":"purchasable","22":"product-type-simple"},"acf":[],"yoast_head":"<!-- This site is optimized with the Yoast SEO plugin v27.4 - https:\/\/yoast.com\/product\/yoast-seo-wordpress\/ -->\n<title>Komoda Can Can T3 - Demko Home<\/title>\n<meta name=\"robots\" content=\"index, follow, max-snippet:-1, max-image-preview:large, max-video-preview:-1\" \/>\n<link rel=\"canonical\" href=\"https:\/\/demkohome.pl\/en\/product\/komoda-can-can-t3\/\" \/>\n<meta property=\"og:locale\" content=\"en_US\" \/>\n<meta property=\"og:type\" content=\"article\" \/>\n<meta property=\"og:title\" content=\"Komoda Can Can T3 - Demko Home\" \/>\n<meta property=\"og:description\" content=\"Komoda CAN CAN T3 \u2013 Nowoczesny Design i Funkcjonalno\u015b\u0107 Komoda CAN CAN T3 to stylowy i funkcjonalny mebel, kt\u00f3ry doskonale (...)\" \/>\n<meta property=\"og:url\" content=\"https:\/\/demkohome.pl\/en\/product\/komoda-can-can-t3\/\" \/>\n<meta property=\"og:site_name\" content=\"Demko Home\" \/>\n<meta property=\"article:modified_time\" content=\"2026-04-28T19:20:42+00:00\" \/>\n<meta property=\"og:image\" content=\"https:\/\/demkohome.pl\/wp-content\/uploads\/2025\/03\/CANCAN-T3-dab-sonoma_Bialy.jpg\" \/>\n\t<meta property=\"og:image:width\" content=\"1280\" \/>\n\t<meta property=\"og:image:height\" content=\"1280\" \/>\n\t<meta property=\"og:image:type\" content=\"image\/jpeg\" \/>\n<meta name=\"twitter:card\" content=\"summary_large_image\" \/>\n<meta name=\"twitter:label1\" content=\"Est. reading time\" \/>\n\t<meta name=\"twitter:data1\" content=\"3 minutes\" \/>\n<script type=\"application\/ld+json\" class=\"yoast-schema-graph\">{\"@context\":\"https:\\\/\\\/schema.org\",\"@graph\":[{\"@type\":\"WebPage\",\"@id\":\"https:\\\/\\\/demkohome.pl\\\/produkt\\\/komoda-can-can-t3\\\/\",\"url\":\"https:\\\/\\\/demkohome.pl\\\/produkt\\\/komoda-can-can-t3\\\/\",\"name\":\"Komoda Can Can T3 - Demko Home\",\"isPartOf\":{\"@id\":\"https:\\\/\\\/demkohome.pl\\\/#website\"},\"primaryImageOfPage\":{\"@id\":\"https:\\\/\\\/demkohome.pl\\\/produkt\\\/komoda-can-can-t3\\\/#primaryimage\"},\"image\":{\"@id\":\"https:\\\/\\\/demkohome.pl\\\/produkt\\\/komoda-can-can-t3\\\/#primaryimage\"},\"thumbnailUrl\":\"https:\\\/\\\/demkohome.pl\\\/wp-content\\\/uploads\\\/2025\\\/03\\\/CANCAN-T3-dab-sonoma_Bialy.jpg\",\"datePublished\":\"2025-05-28T14:44:58+00:00\",\"dateModified\":\"2026-04-28T19:20:42+00:00\",\"breadcrumb\":{\"@id\":\"https:\\\/\\\/demkohome.pl\\\/produkt\\\/komoda-can-can-t3\\\/#breadcrumb\"},\"inLanguage\":\"en-US\",\"potentialAction\":[{\"@type\":\"ReadAction\",\"target\":[\"https:\\\/\\\/demkohome.pl\\\/produkt\\\/komoda-can-can-t3\\\/\"]}]},{\"@type\":\"ImageObject\",\"inLanguage\":\"en-US\",\"@id\":\"https:\\\/\\\/demkohome.pl\\\/produkt\\\/komoda-can-can-t3\\\/#primaryimage\",\"url\":\"https:\\\/\\\/demkohome.pl\\\/wp-content\\\/uploads\\\/2025\\\/03\\\/CANCAN-T3-dab-sonoma_Bialy.jpg\",\"contentUrl\":\"https:\\\/\\\/demkohome.pl\\\/wp-content\\\/uploads\\\/2025\\\/03\\\/CANCAN-T3-dab-sonoma_Bialy.jpg\",\"width\":1280,\"height\":1280},{\"@type\":\"BreadcrumbList\",\"@id\":\"https:\\\/\\\/demkohome.pl\\\/produkt\\\/komoda-can-can-t3\\\/#breadcrumb\",\"itemListElement\":[{\"@type\":\"ListItem\",\"position\":1,\"name\":\"Strona g\u0142\u00f3wna\",\"item\":\"https:\\\/\\\/demkohome.pl\\\/\"},{\"@type\":\"ListItem\",\"position\":2,\"name\":\"Sklep\",\"item\":\"https:\\\/\\\/demkohome.pl\\\/sklep\\\/\"},{\"@type\":\"ListItem\",\"position\":3,\"name\":\"Komoda Can Can T3\"}]},{\"@type\":\"WebSite\",\"@id\":\"https:\\\/\\\/demkohome.pl\\\/#website\",\"url\":\"https:\\\/\\\/demkohome.pl\\\/\",\"name\":\"Demko Home\",\"description\":\"Make it simple\",\"publisher\":{\"@id\":\"https:\\\/\\\/demkohome.pl\\\/#organization\"},\"potentialAction\":[{\"@type\":\"SearchAction\",\"target\":{\"@type\":\"EntryPoint\",\"urlTemplate\":\"https:\\\/\\\/demkohome.pl\\\/?s={search_term_string}\"},\"query-input\":{\"@type\":\"PropertyValueSpecification\",\"valueRequired\":true,\"valueName\":\"search_term_string\"}}],\"inLanguage\":\"en-US\"},{\"@type\":\"Organization\",\"@id\":\"https:\\\/\\\/demkohome.pl\\\/#organization\",\"name\":\"Demko Home\",\"url\":\"https:\\\/\\\/demkohome.pl\\\/\",\"logo\":{\"@type\":\"ImageObject\",\"inLanguage\":\"en-US\",\"@id\":\"https:\\\/\\\/demkohome.pl\\\/#\\\/schema\\\/logo\\\/image\\\/\",\"url\":\"https:\\\/\\\/demkohome.pl\\\/wp-content\\\/uploads\\\/2026\\\/03\\\/cropped-3.png\",\"contentUrl\":\"https:\\\/\\\/demkohome.pl\\\/wp-content\\\/uploads\\\/2026\\\/03\\\/cropped-3.png\",\"width\":250,\"height\":63,\"caption\":\"Demko Home\"},\"image\":{\"@id\":\"https:\\\/\\\/demkohome.pl\\\/#\\\/schema\\\/logo\\\/image\\\/\"}}]}<\/script>\n<!-- \/ Yoast SEO plugin. -->","yoast_head_json":{"title":"Komoda Can Can T3 - Demko Home","robots":{"index":"index","follow":"follow","max-snippet":"max-snippet:-1","max-image-preview":"max-image-preview:large","max-video-preview":"max-video-preview:-1"},"canonical":"https:\/\/demkohome.pl\/en\/product\/komoda-can-can-t3\/","og_locale":"en_US","og_type":"article","og_title":"Komoda Can Can T3 - Demko Home","og_description":"Komoda CAN CAN T3 \u2013 Nowoczesny Design i Funkcjonalno\u015b\u0107 Komoda CAN CAN T3 to stylowy i funkcjonalny mebel, kt\u00f3ry doskonale (...)","og_url":"https:\/\/demkohome.pl\/en\/product\/komoda-can-can-t3\/","og_site_name":"Demko Home","article_modified_time":"2026-04-28T19:20:42+00:00","og_image":[{"width":1280,"height":1280,"url":"https:\/\/demkohome.pl\/wp-content\/uploads\/2025\/03\/CANCAN-T3-dab-sonoma_Bialy.jpg","type":"image\/jpeg"}],"twitter_card":"summary_large_image","twitter_misc":{"Est. reading time":"3 minutes"},"schema":{"@context":"https:\/\/schema.org","@graph":[{"@type":"WebPage","@id":"https:\/\/demkohome.pl\/produkt\/komoda-can-can-t3\/","url":"https:\/\/demkohome.pl\/produkt\/komoda-can-can-t3\/","name":"Komoda Can Can T3 - Demko Home","isPartOf":{"@id":"https:\/\/demkohome.pl\/#website"},"primaryImageOfPage":{"@id":"https:\/\/demkohome.pl\/produkt\/komoda-can-can-t3\/#primaryimage"},"image":{"@id":"https:\/\/demkohome.pl\/produkt\/komoda-can-can-t3\/#primaryimage"},"thumbnailUrl":"https:\/\/demkohome.pl\/wp-content\/uploads\/2025\/03\/CANCAN-T3-dab-sonoma_Bialy.jpg","datePublished":"2025-05-28T14:44:58+00:00","dateModified":"2026-04-28T19:20:42+00:00","breadcrumb":{"@id":"https:\/\/demkohome.pl\/produkt\/komoda-can-can-t3\/#breadcrumb"},"inLanguage":"en-US","potentialAction":[{"@type":"ReadAction","target":["https:\/\/demkohome.pl\/produkt\/komoda-can-can-t3\/"]}]},{"@type":"ImageObject","inLanguage":"en-US","@id":"https:\/\/demkohome.pl\/produkt\/komoda-can-can-t3\/#primaryimage","url":"https:\/\/demkohome.pl\/wp-content\/uploads\/2025\/03\/CANCAN-T3-dab-sonoma_Bialy.jpg","contentUrl":"https:\/\/demkohome.pl\/wp-content\/uploads\/2025\/03\/CANCAN-T3-dab-sonoma_Bialy.jpg","width":1280,"height":1280},{"@type":"BreadcrumbList","@id":"https:\/\/demkohome.pl\/produkt\/komoda-can-can-t3\/#breadcrumb","itemListElement":[{"@type":"ListItem","position":1,"name":"Strona g\u0142\u00f3wna","item":"https:\/\/demkohome.pl\/"},{"@type":"ListItem","position":2,"name":"Sklep","item":"https:\/\/demkohome.pl\/sklep\/"},{"@type":"ListItem","position":3,"name":"Komoda Can Can T3"}]},{"@type":"WebSite","@id":"https:\/\/demkohome.pl\/#website","url":"https:\/\/demkohome.pl\/","name":"Demko Home","description":"Make it simple","publisher":{"@id":"https:\/\/demkohome.pl\/#organization"},"potentialAction":[{"@type":"SearchAction","target":{"@type":"EntryPoint","urlTemplate":"https:\/\/demkohome.pl\/?s={search_term_string}"},"query-input":{"@type":"PropertyValueSpecification","valueRequired":true,"valueName":"search_term_string"}}],"inLanguage":"en-US"},{"@type":"Organization","@id":"https:\/\/demkohome.pl\/#organization","name":"Demko Home","url":"https:\/\/demkohome.pl\/","logo":{"@type":"ImageObject","inLanguage":"en-US","@id":"https:\/\/demkohome.pl\/#\/schema\/logo\/image\/","url":"https:\/\/demkohome.pl\/wp-content\/uploads\/2026\/03\/cropped-3.png","contentUrl":"https:\/\/demkohome.pl\/wp-content\/uploads\/2026\/03\/cropped-3.png","width":250,"height":63,"caption":"Demko Home"},"image":{"@id":"https:\/\/demkohome.pl\/#\/schema\/logo\/image\/"}}]}},"_links":{"self":[{"href":"https:\/\/demkohome.pl\/en\/wp-json\/wp\/v2\/product\/18974","targetHints":{"allow":["GET"]}}],"collection":[{"href":"https:\/\/demkohome.pl\/en\/wp-json\/wp\/v2\/product"}],"about":[{"href":"https:\/\/demkohome.pl\/en\/wp-json\/wp\/v2\/types\/product"}],"replies":[{"embeddable":true,"href":"https:\/\/demkohome.pl\/en\/wp-json\/wp\/v2\/comments?post=18974"}],"wp:featuredmedia":[{"embeddable":true,"href":"https:\/\/demkohome.pl\/en\/wp-json\/wp\/v2\/media\/18969"}],"wp:attachment":[{"href":"https:\/\/demkohome.pl\/en\/wp-json\/wp\/v2\/media?parent=18974"}],"wp:term":[{"taxonomy":"product_brand","embeddable":true,"href":"https:\/\/demkohome.pl\/en\/wp-json\/wp\/v2\/product_brand?post=18974"},{"taxonomy":"product_cat","embeddable":true,"href":"https:\/\/demkohome.pl\/en\/wp-json\/wp\/v2\/product_cat?post=18974"},{"taxonomy":"product_tag","embeddable":true,"href":"https:\/\/demkohome.pl\/en\/wp-json\/wp\/v2\/product_tag?post=18974"}],"curies":[{"name":"wp","href":"https:\/\/api.w.org\/{rel}","templated":true}]}}