{"id":18980,"date":"2025-05-28T16:35:54","date_gmt":"2025-05-28T14:35:54","guid":{"rendered":"https:\/\/demkohome.pl\/?post_type=product&#038;p=18980"},"modified":"2026-04-28T21:20:44","modified_gmt":"2026-04-28T19:20:44","slug":"szafka-can-can-t7","status":"publish","type":"product","link":"https:\/\/demkohome.pl\/en\/product\/szafka-can-can-t7\/","title":{"rendered":"Can Can T7 cabinet"},"content":{"rendered":"<h3 data-start=\"0\" data-end=\"66\"><strong data-start=\"4\" data-end=\"64\">CAN CAN T7 Cabinet - Modern Simplicity and Functionality<\/strong><\/h3>\n<p data-start=\"68\" data-end=\"390\">The CAN CAN T7 cabinet is a stylish and compact solution that will work perfectly in any interior. Its modern design, combining a warm wood decor with a white front, gives it an elegant and minimalist look, so it will easily fit into a variety of settings - from modern to classic.<\/p>\n<p data-start=\"392\" data-end=\"866\">With its closed design, the CAN CAN T7 cabinet allows you to conveniently store your belongings while keeping the room aesthetically tidy. It is an excellent choice for the living room, bedroom, hallway, office or youth room, where every centimeter of space matters. The compact size means that the piece of furniture does not overwhelm the interior, and its neutral color scheme makes it blend well with both light and darker decor elements.<\/p>\n<p data-start=\"868\" data-end=\"1174\" data-is-last-node=\"\" data-is-only-node=\"\">CAN CAN T7 cabinet can be used independently or as part of a larger set of furniture from the same collection, which allows you to create a coherent and harmonious interior design. This is the perfect solution for those who appreciate functionality, aesthetics and modern design in everyday use.<\/p>\n<p data-start=\"868\" data-end=\"1174\" data-is-last-node=\"\" data-is-only-node=\"\"><img loading=\"lazy\" decoding=\"async\" class=\"alignnone wp-image-18966 size-full\" src=\"https:\/\/demkohome.pl\/wp-content\/uploads\/2025\/03\/can-can-seria-T.jpg\" alt=\"\" width=\"1280\" height=\"670\" srcset=\"https:\/\/demkohome.pl\/wp-content\/uploads\/2025\/03\/can-can-seria-T.jpg 1280w, https:\/\/demkohome.pl\/wp-content\/uploads\/2025\/03\/can-can-seria-T-300x157.jpg 300w, https:\/\/demkohome.pl\/wp-content\/uploads\/2025\/03\/can-can-seria-T-1024x536.jpg 1024w, https:\/\/demkohome.pl\/wp-content\/uploads\/2025\/03\/can-can-seria-T-768x402.jpg 768w, https:\/\/demkohome.pl\/wp-content\/uploads\/2025\/03\/can-can-seria-T-18x9.jpg 18w, https:\/\/demkohome.pl\/wp-content\/uploads\/2025\/03\/can-can-seria-T-600x314.jpg 600w\" sizes=\"auto, (max-width: 1280px) 100vw, 1280px\" \/><\/p>","protected":false},"excerpt":{"rendered":"<p>Szafka CAN CAN T7 \u2013 Nowoczesna Prostota i Funkcjonalno\u015b\u0107 Szafka CAN CAN T7 to stylowe i kompaktowe rozwi\u0105zanie, kt\u00f3re doskonale (&#8230;)<\/p>","protected":false},"featured_media":18979,"comment_status":"open","ping_status":"closed","template":"","meta":{"_acf_changed":false,"inline_featured_image":false},"product_brand":[],"product_cat":[294,127,307,144,141,130,308],"product_tag":[],"class_list":{"0":"post-18980","1":"product","2":"type-product","3":"status-publish","4":"has-post-thumbnail","6":"product_cat-meble","7":"product_cat-meble-pokojowe","8":"product_cat-meble-pokojowe-meble","9":"product_cat-pokoj","10":"product_cat-salon","11":"product_cat-szafki","12":"product_cat-szafki-meble-pokojowe-meble","13":"collection-can-can","15":"first","16":"instock","17":"sale","18":"shipping-taxable","19":"purchasable","20":"product-type-simple"},"acf":[],"yoast_head":"<!-- This site is optimized with the Yoast SEO plugin v27.4 - https:\/\/yoast.com\/product\/yoast-seo-wordpress\/ -->\n<title>Szafka Can Can T7 - Demko Home<\/title>\n<meta name=\"robots\" content=\"index, follow, max-snippet:-1, max-image-preview:large, max-video-preview:-1\" \/>\n<link rel=\"canonical\" href=\"https:\/\/demkohome.pl\/en\/product\/szafka-can-can-t7\/\" \/>\n<meta property=\"og:locale\" content=\"en_US\" \/>\n<meta property=\"og:type\" content=\"article\" \/>\n<meta property=\"og:title\" content=\"Szafka Can Can T7 - Demko Home\" \/>\n<meta property=\"og:description\" content=\"Szafka CAN CAN T7 \u2013 Nowoczesna Prostota i Funkcjonalno\u015b\u0107 Szafka CAN CAN T7 to stylowe i kompaktowe rozwi\u0105zanie, kt\u00f3re doskonale (...)\" \/>\n<meta property=\"og:url\" content=\"https:\/\/demkohome.pl\/en\/product\/szafka-can-can-t7\/\" \/>\n<meta property=\"og:site_name\" content=\"Demko Home\" \/>\n<meta property=\"article:modified_time\" content=\"2026-04-28T19:20:44+00:00\" \/>\n<meta property=\"og:image\" content=\"https:\/\/demkohome.pl\/wp-content\/uploads\/2025\/03\/CANCAN-T7-dab-sonoma_Bialy.jpg\" \/>\n\t<meta property=\"og:image:width\" content=\"1280\" \/>\n\t<meta property=\"og:image:height\" content=\"1280\" \/>\n\t<meta property=\"og:image:type\" content=\"image\/jpeg\" \/>\n<meta name=\"twitter:card\" content=\"summary_large_image\" \/>\n<meta name=\"twitter:label1\" content=\"Est. reading time\" \/>\n\t<meta name=\"twitter:data1\" content=\"2 minutes\" \/>\n<script type=\"application\/ld+json\" class=\"yoast-schema-graph\">{\"@context\":\"https:\\\/\\\/schema.org\",\"@graph\":[{\"@type\":\"WebPage\",\"@id\":\"https:\\\/\\\/demkohome.pl\\\/produkt\\\/szafka-can-can-t7\\\/\",\"url\":\"https:\\\/\\\/demkohome.pl\\\/produkt\\\/szafka-can-can-t7\\\/\",\"name\":\"Szafka Can Can T7 - Demko Home\",\"isPartOf\":{\"@id\":\"https:\\\/\\\/demkohome.pl\\\/#website\"},\"primaryImageOfPage\":{\"@id\":\"https:\\\/\\\/demkohome.pl\\\/produkt\\\/szafka-can-can-t7\\\/#primaryimage\"},\"image\":{\"@id\":\"https:\\\/\\\/demkohome.pl\\\/produkt\\\/szafka-can-can-t7\\\/#primaryimage\"},\"thumbnailUrl\":\"https:\\\/\\\/demkohome.pl\\\/wp-content\\\/uploads\\\/2025\\\/03\\\/CANCAN-T7-dab-sonoma_Bialy.jpg\",\"datePublished\":\"2025-05-28T14:35:54+00:00\",\"dateModified\":\"2026-04-28T19:20:44+00:00\",\"breadcrumb\":{\"@id\":\"https:\\\/\\\/demkohome.pl\\\/produkt\\\/szafka-can-can-t7\\\/#breadcrumb\"},\"inLanguage\":\"en-US\",\"potentialAction\":[{\"@type\":\"ReadAction\",\"target\":[\"https:\\\/\\\/demkohome.pl\\\/produkt\\\/szafka-can-can-t7\\\/\"]}]},{\"@type\":\"ImageObject\",\"inLanguage\":\"en-US\",\"@id\":\"https:\\\/\\\/demkohome.pl\\\/produkt\\\/szafka-can-can-t7\\\/#primaryimage\",\"url\":\"https:\\\/\\\/demkohome.pl\\\/wp-content\\\/uploads\\\/2025\\\/03\\\/CANCAN-T7-dab-sonoma_Bialy.jpg\",\"contentUrl\":\"https:\\\/\\\/demkohome.pl\\\/wp-content\\\/uploads\\\/2025\\\/03\\\/CANCAN-T7-dab-sonoma_Bialy.jpg\",\"width\":1280,\"height\":1280},{\"@type\":\"BreadcrumbList\",\"@id\":\"https:\\\/\\\/demkohome.pl\\\/produkt\\\/szafka-can-can-t7\\\/#breadcrumb\",\"itemListElement\":[{\"@type\":\"ListItem\",\"position\":1,\"name\":\"Strona g\u0142\u00f3wna\",\"item\":\"https:\\\/\\\/demkohome.pl\\\/\"},{\"@type\":\"ListItem\",\"position\":2,\"name\":\"Sklep\",\"item\":\"https:\\\/\\\/demkohome.pl\\\/sklep\\\/\"},{\"@type\":\"ListItem\",\"position\":3,\"name\":\"Szafka Can Can T7\"}]},{\"@type\":\"WebSite\",\"@id\":\"https:\\\/\\\/demkohome.pl\\\/#website\",\"url\":\"https:\\\/\\\/demkohome.pl\\\/\",\"name\":\"Demko Home\",\"description\":\"Make it simple\",\"publisher\":{\"@id\":\"https:\\\/\\\/demkohome.pl\\\/#organization\"},\"potentialAction\":[{\"@type\":\"SearchAction\",\"target\":{\"@type\":\"EntryPoint\",\"urlTemplate\":\"https:\\\/\\\/demkohome.pl\\\/?s={search_term_string}\"},\"query-input\":{\"@type\":\"PropertyValueSpecification\",\"valueRequired\":true,\"valueName\":\"search_term_string\"}}],\"inLanguage\":\"en-US\"},{\"@type\":\"Organization\",\"@id\":\"https:\\\/\\\/demkohome.pl\\\/#organization\",\"name\":\"Demko Home\",\"url\":\"https:\\\/\\\/demkohome.pl\\\/\",\"logo\":{\"@type\":\"ImageObject\",\"inLanguage\":\"en-US\",\"@id\":\"https:\\\/\\\/demkohome.pl\\\/#\\\/schema\\\/logo\\\/image\\\/\",\"url\":\"https:\\\/\\\/demkohome.pl\\\/wp-content\\\/uploads\\\/2026\\\/03\\\/cropped-3.png\",\"contentUrl\":\"https:\\\/\\\/demkohome.pl\\\/wp-content\\\/uploads\\\/2026\\\/03\\\/cropped-3.png\",\"width\":250,\"height\":63,\"caption\":\"Demko Home\"},\"image\":{\"@id\":\"https:\\\/\\\/demkohome.pl\\\/#\\\/schema\\\/logo\\\/image\\\/\"}}]}<\/script>\n<!-- \/ Yoast SEO plugin. -->","yoast_head_json":{"title":"Szafka Can Can T7 - Demko Home","robots":{"index":"index","follow":"follow","max-snippet":"max-snippet:-1","max-image-preview":"max-image-preview:large","max-video-preview":"max-video-preview:-1"},"canonical":"https:\/\/demkohome.pl\/en\/product\/szafka-can-can-t7\/","og_locale":"en_US","og_type":"article","og_title":"Szafka Can Can T7 - Demko Home","og_description":"Szafka CAN CAN T7 \u2013 Nowoczesna Prostota i Funkcjonalno\u015b\u0107 Szafka CAN CAN T7 to stylowe i kompaktowe rozwi\u0105zanie, kt\u00f3re doskonale (...)","og_url":"https:\/\/demkohome.pl\/en\/product\/szafka-can-can-t7\/","og_site_name":"Demko Home","article_modified_time":"2026-04-28T19:20:44+00:00","og_image":[{"width":1280,"height":1280,"url":"https:\/\/demkohome.pl\/wp-content\/uploads\/2025\/03\/CANCAN-T7-dab-sonoma_Bialy.jpg","type":"image\/jpeg"}],"twitter_card":"summary_large_image","twitter_misc":{"Est. reading time":"2 minutes"},"schema":{"@context":"https:\/\/schema.org","@graph":[{"@type":"WebPage","@id":"https:\/\/demkohome.pl\/produkt\/szafka-can-can-t7\/","url":"https:\/\/demkohome.pl\/produkt\/szafka-can-can-t7\/","name":"Szafka Can Can T7 - Demko Home","isPartOf":{"@id":"https:\/\/demkohome.pl\/#website"},"primaryImageOfPage":{"@id":"https:\/\/demkohome.pl\/produkt\/szafka-can-can-t7\/#primaryimage"},"image":{"@id":"https:\/\/demkohome.pl\/produkt\/szafka-can-can-t7\/#primaryimage"},"thumbnailUrl":"https:\/\/demkohome.pl\/wp-content\/uploads\/2025\/03\/CANCAN-T7-dab-sonoma_Bialy.jpg","datePublished":"2025-05-28T14:35:54+00:00","dateModified":"2026-04-28T19:20:44+00:00","breadcrumb":{"@id":"https:\/\/demkohome.pl\/produkt\/szafka-can-can-t7\/#breadcrumb"},"inLanguage":"en-US","potentialAction":[{"@type":"ReadAction","target":["https:\/\/demkohome.pl\/produkt\/szafka-can-can-t7\/"]}]},{"@type":"ImageObject","inLanguage":"en-US","@id":"https:\/\/demkohome.pl\/produkt\/szafka-can-can-t7\/#primaryimage","url":"https:\/\/demkohome.pl\/wp-content\/uploads\/2025\/03\/CANCAN-T7-dab-sonoma_Bialy.jpg","contentUrl":"https:\/\/demkohome.pl\/wp-content\/uploads\/2025\/03\/CANCAN-T7-dab-sonoma_Bialy.jpg","width":1280,"height":1280},{"@type":"BreadcrumbList","@id":"https:\/\/demkohome.pl\/produkt\/szafka-can-can-t7\/#breadcrumb","itemListElement":[{"@type":"ListItem","position":1,"name":"Strona g\u0142\u00f3wna","item":"https:\/\/demkohome.pl\/"},{"@type":"ListItem","position":2,"name":"Sklep","item":"https:\/\/demkohome.pl\/sklep\/"},{"@type":"ListItem","position":3,"name":"Szafka Can Can T7"}]},{"@type":"WebSite","@id":"https:\/\/demkohome.pl\/#website","url":"https:\/\/demkohome.pl\/","name":"Demko Home","description":"Make it simple","publisher":{"@id":"https:\/\/demkohome.pl\/#organization"},"potentialAction":[{"@type":"SearchAction","target":{"@type":"EntryPoint","urlTemplate":"https:\/\/demkohome.pl\/?s={search_term_string}"},"query-input":{"@type":"PropertyValueSpecification","valueRequired":true,"valueName":"search_term_string"}}],"inLanguage":"en-US"},{"@type":"Organization","@id":"https:\/\/demkohome.pl\/#organization","name":"Demko Home","url":"https:\/\/demkohome.pl\/","logo":{"@type":"ImageObject","inLanguage":"en-US","@id":"https:\/\/demkohome.pl\/#\/schema\/logo\/image\/","url":"https:\/\/demkohome.pl\/wp-content\/uploads\/2026\/03\/cropped-3.png","contentUrl":"https:\/\/demkohome.pl\/wp-content\/uploads\/2026\/03\/cropped-3.png","width":250,"height":63,"caption":"Demko Home"},"image":{"@id":"https:\/\/demkohome.pl\/#\/schema\/logo\/image\/"}}]}},"_links":{"self":[{"href":"https:\/\/demkohome.pl\/en\/wp-json\/wp\/v2\/product\/18980","targetHints":{"allow":["GET"]}}],"collection":[{"href":"https:\/\/demkohome.pl\/en\/wp-json\/wp\/v2\/product"}],"about":[{"href":"https:\/\/demkohome.pl\/en\/wp-json\/wp\/v2\/types\/product"}],"replies":[{"embeddable":true,"href":"https:\/\/demkohome.pl\/en\/wp-json\/wp\/v2\/comments?post=18980"}],"wp:featuredmedia":[{"embeddable":true,"href":"https:\/\/demkohome.pl\/en\/wp-json\/wp\/v2\/media\/18979"}],"wp:attachment":[{"href":"https:\/\/demkohome.pl\/en\/wp-json\/wp\/v2\/media?parent=18980"}],"wp:term":[{"taxonomy":"product_brand","embeddable":true,"href":"https:\/\/demkohome.pl\/en\/wp-json\/wp\/v2\/product_brand?post=18980"},{"taxonomy":"product_cat","embeddable":true,"href":"https:\/\/demkohome.pl\/en\/wp-json\/wp\/v2\/product_cat?post=18980"},{"taxonomy":"product_tag","embeddable":true,"href":"https:\/\/demkohome.pl\/en\/wp-json\/wp\/v2\/product_tag?post=18980"}],"curies":[{"name":"wp","href":"https:\/\/api.w.org\/{rel}","templated":true}]}}