{"id":18981,"date":"2025-05-28T16:31:33","date_gmt":"2025-05-28T14:31:33","guid":{"rendered":"https:\/\/demkohome.pl\/?post_type=product&#038;p=18981"},"modified":"2026-04-28T21:20:45","modified_gmt":"2026-04-28T19:20:45","slug":"witryna-can-can-t8","status":"publish","type":"product","link":"https:\/\/demkohome.pl\/en\/product\/witryna-can-can-t8\/","title":{"rendered":"Can Can T8 display case"},"content":{"rendered":"<h3 data-start=\"0\" data-end=\"68\"><strong data-start=\"4\" data-end=\"66\">Site CAN CAN T8 - Modern Elegance and Functionality<\/strong><\/h3>\n<p data-start=\"70\" data-end=\"471\">The CAN CAN T8 showcase is a stylish and practical piece of furniture that will be perfect for any modern interior. Its harmonious combination of natural wood d\u00e9cor with a glass front makes it an ideal choice for a living room, dining room or study. Its light and elegant form makes the furniture piece blend well in both minimalist and more classic spaces.<\/p>\n<p data-start=\"473\" data-end=\"904\">With its glass doors and glass shelves, the CAN CAN T8 display case is the perfect place to display books, elegant tableware, decorations or keepsakes. The transparent design adds lightness to the interior, while protecting the stored items from dust. Subtle details and a modern finish add to the furniture's unique character, making it a stylish decorative element in any room.<\/p>\n<p data-start=\"906\" data-end=\"1196\">The compact dimensions mean that the showcase does not take up much space, and its universal design allows it to easily match other furniture from the CAN CAN series. It can be used both as a standalone piece of the arrangement, as well as part of a larger set, creating a cohesive and elegant space.<\/p>\n<p data-start=\"1198\" data-end=\"1491\" data-is-last-node=\"\" data-is-only-node=\"\">This is the perfect solution for people who appreciate aesthetics, functionality and high quality workmanship. With the CAN CAN T8 display cabinet, you can bring a modern style to your interior, while providing a practical place to store and display your favorite items.<\/p>\n<p data-start=\"1198\" data-end=\"1491\" data-is-last-node=\"\" data-is-only-node=\"\"><img loading=\"lazy\" decoding=\"async\" class=\"alignnone wp-image-18966 size-full\" src=\"https:\/\/demkohome.pl\/wp-content\/uploads\/2025\/03\/can-can-seria-T.jpg\" alt=\"\" width=\"1280\" height=\"670\" srcset=\"https:\/\/demkohome.pl\/wp-content\/uploads\/2025\/03\/can-can-seria-T.jpg 1280w, https:\/\/demkohome.pl\/wp-content\/uploads\/2025\/03\/can-can-seria-T-300x157.jpg 300w, https:\/\/demkohome.pl\/wp-content\/uploads\/2025\/03\/can-can-seria-T-1024x536.jpg 1024w, https:\/\/demkohome.pl\/wp-content\/uploads\/2025\/03\/can-can-seria-T-768x402.jpg 768w, https:\/\/demkohome.pl\/wp-content\/uploads\/2025\/03\/can-can-seria-T-18x9.jpg 18w, https:\/\/demkohome.pl\/wp-content\/uploads\/2025\/03\/can-can-seria-T-600x314.jpg 600w\" sizes=\"auto, (max-width: 1280px) 100vw, 1280px\" \/><\/p>","protected":false},"excerpt":{"rendered":"<p>Witryna CAN CAN T8 \u2013 Nowoczesna Elegancja i Funkcjonalno\u015b\u0107 Witryna CAN CAN T8 to stylowy i praktyczny mebel, kt\u00f3ry doskonale (&#8230;)<\/p>","protected":false},"featured_media":18982,"comment_status":"open","ping_status":"closed","template":"","meta":{"_acf_changed":false,"inline_featured_image":false},"product_brand":[],"product_cat":[294,127,307,144,141,130,308],"product_tag":[],"class_list":{"0":"post-18981","1":"product","2":"type-product","3":"status-publish","4":"has-post-thumbnail","6":"product_cat-meble","7":"product_cat-meble-pokojowe","8":"product_cat-meble-pokojowe-meble","9":"product_cat-pokoj","10":"product_cat-salon","11":"product_cat-szafki","12":"product_cat-szafki-meble-pokojowe-meble","13":"collection-can-can","15":"first","16":"instock","17":"sale","18":"shipping-taxable","19":"purchasable","20":"product-type-simple"},"acf":[],"yoast_head":"<!-- This site is optimized with the Yoast SEO plugin v27.4 - https:\/\/yoast.com\/product\/yoast-seo-wordpress\/ -->\n<title>Witryna Can Can T8 - Demko Home<\/title>\n<meta name=\"robots\" content=\"index, follow, max-snippet:-1, max-image-preview:large, max-video-preview:-1\" \/>\n<link rel=\"canonical\" href=\"https:\/\/demkohome.pl\/en\/product\/witryna-can-can-t8\/\" \/>\n<meta property=\"og:locale\" content=\"en_US\" \/>\n<meta property=\"og:type\" content=\"article\" \/>\n<meta property=\"og:title\" content=\"Witryna Can Can T8 - Demko Home\" \/>\n<meta property=\"og:description\" content=\"Witryna CAN CAN T8 \u2013 Nowoczesna Elegancja i Funkcjonalno\u015b\u0107 Witryna CAN CAN T8 to stylowy i praktyczny mebel, kt\u00f3ry doskonale (...)\" \/>\n<meta property=\"og:url\" content=\"https:\/\/demkohome.pl\/en\/product\/witryna-can-can-t8\/\" \/>\n<meta property=\"og:site_name\" content=\"Demko Home\" \/>\n<meta property=\"article:modified_time\" content=\"2026-04-28T19:20:45+00:00\" \/>\n<meta property=\"og:image\" content=\"https:\/\/demkohome.pl\/wp-content\/uploads\/2025\/03\/CANCAN-T8-dab-sonoma.jpg\" \/>\n\t<meta property=\"og:image:width\" content=\"1280\" \/>\n\t<meta property=\"og:image:height\" content=\"1280\" \/>\n\t<meta property=\"og:image:type\" content=\"image\/jpeg\" \/>\n<meta name=\"twitter:card\" content=\"summary_large_image\" \/>\n<meta name=\"twitter:label1\" content=\"Est. reading time\" \/>\n\t<meta name=\"twitter:data1\" content=\"2 minutes\" \/>\n<script type=\"application\/ld+json\" class=\"yoast-schema-graph\">{\"@context\":\"https:\\\/\\\/schema.org\",\"@graph\":[{\"@type\":\"WebPage\",\"@id\":\"https:\\\/\\\/demkohome.pl\\\/produkt\\\/witryna-can-can-t8\\\/\",\"url\":\"https:\\\/\\\/demkohome.pl\\\/produkt\\\/witryna-can-can-t8\\\/\",\"name\":\"Witryna Can Can T8 - Demko Home\",\"isPartOf\":{\"@id\":\"https:\\\/\\\/demkohome.pl\\\/#website\"},\"primaryImageOfPage\":{\"@id\":\"https:\\\/\\\/demkohome.pl\\\/produkt\\\/witryna-can-can-t8\\\/#primaryimage\"},\"image\":{\"@id\":\"https:\\\/\\\/demkohome.pl\\\/produkt\\\/witryna-can-can-t8\\\/#primaryimage\"},\"thumbnailUrl\":\"https:\\\/\\\/demkohome.pl\\\/wp-content\\\/uploads\\\/2025\\\/03\\\/CANCAN-T8-dab-sonoma.jpg\",\"datePublished\":\"2025-05-28T14:31:33+00:00\",\"dateModified\":\"2026-04-28T19:20:45+00:00\",\"breadcrumb\":{\"@id\":\"https:\\\/\\\/demkohome.pl\\\/produkt\\\/witryna-can-can-t8\\\/#breadcrumb\"},\"inLanguage\":\"en-US\",\"potentialAction\":[{\"@type\":\"ReadAction\",\"target\":[\"https:\\\/\\\/demkohome.pl\\\/produkt\\\/witryna-can-can-t8\\\/\"]}]},{\"@type\":\"ImageObject\",\"inLanguage\":\"en-US\",\"@id\":\"https:\\\/\\\/demkohome.pl\\\/produkt\\\/witryna-can-can-t8\\\/#primaryimage\",\"url\":\"https:\\\/\\\/demkohome.pl\\\/wp-content\\\/uploads\\\/2025\\\/03\\\/CANCAN-T8-dab-sonoma.jpg\",\"contentUrl\":\"https:\\\/\\\/demkohome.pl\\\/wp-content\\\/uploads\\\/2025\\\/03\\\/CANCAN-T8-dab-sonoma.jpg\",\"width\":1280,\"height\":1280},{\"@type\":\"BreadcrumbList\",\"@id\":\"https:\\\/\\\/demkohome.pl\\\/produkt\\\/witryna-can-can-t8\\\/#breadcrumb\",\"itemListElement\":[{\"@type\":\"ListItem\",\"position\":1,\"name\":\"Strona g\u0142\u00f3wna\",\"item\":\"https:\\\/\\\/demkohome.pl\\\/\"},{\"@type\":\"ListItem\",\"position\":2,\"name\":\"Sklep\",\"item\":\"https:\\\/\\\/demkohome.pl\\\/sklep\\\/\"},{\"@type\":\"ListItem\",\"position\":3,\"name\":\"Witryna Can Can T8\"}]},{\"@type\":\"WebSite\",\"@id\":\"https:\\\/\\\/demkohome.pl\\\/#website\",\"url\":\"https:\\\/\\\/demkohome.pl\\\/\",\"name\":\"Demko Home\",\"description\":\"Make it simple\",\"publisher\":{\"@id\":\"https:\\\/\\\/demkohome.pl\\\/#organization\"},\"potentialAction\":[{\"@type\":\"SearchAction\",\"target\":{\"@type\":\"EntryPoint\",\"urlTemplate\":\"https:\\\/\\\/demkohome.pl\\\/?s={search_term_string}\"},\"query-input\":{\"@type\":\"PropertyValueSpecification\",\"valueRequired\":true,\"valueName\":\"search_term_string\"}}],\"inLanguage\":\"en-US\"},{\"@type\":\"Organization\",\"@id\":\"https:\\\/\\\/demkohome.pl\\\/#organization\",\"name\":\"Demko Home\",\"url\":\"https:\\\/\\\/demkohome.pl\\\/\",\"logo\":{\"@type\":\"ImageObject\",\"inLanguage\":\"en-US\",\"@id\":\"https:\\\/\\\/demkohome.pl\\\/#\\\/schema\\\/logo\\\/image\\\/\",\"url\":\"https:\\\/\\\/demkohome.pl\\\/wp-content\\\/uploads\\\/2026\\\/03\\\/cropped-3.png\",\"contentUrl\":\"https:\\\/\\\/demkohome.pl\\\/wp-content\\\/uploads\\\/2026\\\/03\\\/cropped-3.png\",\"width\":250,\"height\":63,\"caption\":\"Demko Home\"},\"image\":{\"@id\":\"https:\\\/\\\/demkohome.pl\\\/#\\\/schema\\\/logo\\\/image\\\/\"}}]}<\/script>\n<!-- \/ Yoast SEO plugin. -->","yoast_head_json":{"title":"Witryna Can Can T8 - Demko Home","robots":{"index":"index","follow":"follow","max-snippet":"max-snippet:-1","max-image-preview":"max-image-preview:large","max-video-preview":"max-video-preview:-1"},"canonical":"https:\/\/demkohome.pl\/en\/product\/witryna-can-can-t8\/","og_locale":"en_US","og_type":"article","og_title":"Witryna Can Can T8 - Demko Home","og_description":"Witryna CAN CAN T8 \u2013 Nowoczesna Elegancja i Funkcjonalno\u015b\u0107 Witryna CAN CAN T8 to stylowy i praktyczny mebel, kt\u00f3ry doskonale (...)","og_url":"https:\/\/demkohome.pl\/en\/product\/witryna-can-can-t8\/","og_site_name":"Demko Home","article_modified_time":"2026-04-28T19:20:45+00:00","og_image":[{"width":1280,"height":1280,"url":"https:\/\/demkohome.pl\/wp-content\/uploads\/2025\/03\/CANCAN-T8-dab-sonoma.jpg","type":"image\/jpeg"}],"twitter_card":"summary_large_image","twitter_misc":{"Est. reading time":"2 minutes"},"schema":{"@context":"https:\/\/schema.org","@graph":[{"@type":"WebPage","@id":"https:\/\/demkohome.pl\/produkt\/witryna-can-can-t8\/","url":"https:\/\/demkohome.pl\/produkt\/witryna-can-can-t8\/","name":"Witryna Can Can T8 - Demko Home","isPartOf":{"@id":"https:\/\/demkohome.pl\/#website"},"primaryImageOfPage":{"@id":"https:\/\/demkohome.pl\/produkt\/witryna-can-can-t8\/#primaryimage"},"image":{"@id":"https:\/\/demkohome.pl\/produkt\/witryna-can-can-t8\/#primaryimage"},"thumbnailUrl":"https:\/\/demkohome.pl\/wp-content\/uploads\/2025\/03\/CANCAN-T8-dab-sonoma.jpg","datePublished":"2025-05-28T14:31:33+00:00","dateModified":"2026-04-28T19:20:45+00:00","breadcrumb":{"@id":"https:\/\/demkohome.pl\/produkt\/witryna-can-can-t8\/#breadcrumb"},"inLanguage":"en-US","potentialAction":[{"@type":"ReadAction","target":["https:\/\/demkohome.pl\/produkt\/witryna-can-can-t8\/"]}]},{"@type":"ImageObject","inLanguage":"en-US","@id":"https:\/\/demkohome.pl\/produkt\/witryna-can-can-t8\/#primaryimage","url":"https:\/\/demkohome.pl\/wp-content\/uploads\/2025\/03\/CANCAN-T8-dab-sonoma.jpg","contentUrl":"https:\/\/demkohome.pl\/wp-content\/uploads\/2025\/03\/CANCAN-T8-dab-sonoma.jpg","width":1280,"height":1280},{"@type":"BreadcrumbList","@id":"https:\/\/demkohome.pl\/produkt\/witryna-can-can-t8\/#breadcrumb","itemListElement":[{"@type":"ListItem","position":1,"name":"Strona g\u0142\u00f3wna","item":"https:\/\/demkohome.pl\/"},{"@type":"ListItem","position":2,"name":"Sklep","item":"https:\/\/demkohome.pl\/sklep\/"},{"@type":"ListItem","position":3,"name":"Witryna Can Can T8"}]},{"@type":"WebSite","@id":"https:\/\/demkohome.pl\/#website","url":"https:\/\/demkohome.pl\/","name":"Demko Home","description":"Make it simple","publisher":{"@id":"https:\/\/demkohome.pl\/#organization"},"potentialAction":[{"@type":"SearchAction","target":{"@type":"EntryPoint","urlTemplate":"https:\/\/demkohome.pl\/?s={search_term_string}"},"query-input":{"@type":"PropertyValueSpecification","valueRequired":true,"valueName":"search_term_string"}}],"inLanguage":"en-US"},{"@type":"Organization","@id":"https:\/\/demkohome.pl\/#organization","name":"Demko Home","url":"https:\/\/demkohome.pl\/","logo":{"@type":"ImageObject","inLanguage":"en-US","@id":"https:\/\/demkohome.pl\/#\/schema\/logo\/image\/","url":"https:\/\/demkohome.pl\/wp-content\/uploads\/2026\/03\/cropped-3.png","contentUrl":"https:\/\/demkohome.pl\/wp-content\/uploads\/2026\/03\/cropped-3.png","width":250,"height":63,"caption":"Demko Home"},"image":{"@id":"https:\/\/demkohome.pl\/#\/schema\/logo\/image\/"}}]}},"_links":{"self":[{"href":"https:\/\/demkohome.pl\/en\/wp-json\/wp\/v2\/product\/18981","targetHints":{"allow":["GET"]}}],"collection":[{"href":"https:\/\/demkohome.pl\/en\/wp-json\/wp\/v2\/product"}],"about":[{"href":"https:\/\/demkohome.pl\/en\/wp-json\/wp\/v2\/types\/product"}],"replies":[{"embeddable":true,"href":"https:\/\/demkohome.pl\/en\/wp-json\/wp\/v2\/comments?post=18981"}],"wp:featuredmedia":[{"embeddable":true,"href":"https:\/\/demkohome.pl\/en\/wp-json\/wp\/v2\/media\/18982"}],"wp:attachment":[{"href":"https:\/\/demkohome.pl\/en\/wp-json\/wp\/v2\/media?parent=18981"}],"wp:term":[{"taxonomy":"product_brand","embeddable":true,"href":"https:\/\/demkohome.pl\/en\/wp-json\/wp\/v2\/product_brand?post=18981"},{"taxonomy":"product_cat","embeddable":true,"href":"https:\/\/demkohome.pl\/en\/wp-json\/wp\/v2\/product_cat?post=18981"},{"taxonomy":"product_tag","embeddable":true,"href":"https:\/\/demkohome.pl\/en\/wp-json\/wp\/v2\/product_tag?post=18981"}],"curies":[{"name":"wp","href":"https:\/\/api.w.org\/{rel}","templated":true}]}}