{"id":18985,"date":"2025-05-28T16:24:39","date_gmt":"2025-05-28T14:24:39","guid":{"rendered":"https:\/\/demkohome.pl\/?post_type=product&#038;p=18985"},"modified":"2026-04-22T15:17:09","modified_gmt":"2026-04-22T13:17:09","slug":"polka-can-can-t10","status":"publish","type":"product","link":"https:\/\/demkohome.pl\/en\/product\/polka-can-can-t10\/","title":{"rendered":"Can Can T10 Shelf"},"content":{"rendered":"<h3 data-start=\"0\" data-end=\"74\"><strong data-start=\"4\" data-end=\"72\">Can Can T10 Shelf - Modern and Stylish Organization for Your Wall.<\/strong><\/h3>\n<p data-start=\"76\" data-end=\"487\">The Can Can T10 shelf is a minimalist and functional solution that will work well in any interior. Its simple and modern design in the color of a warm shade of wood makes it fit both modern and classic arrangements. It is an ideal way to elegantly display decorations, books, photo frames or plants, which will give the room an individual character.<\/p>\n<p data-start=\"489\" data-end=\"900\">Thanks to its thoughtful design, the CAN CAN T10 shelf not only looks stylish, but is also stable and practical for everyday use. An additional rim prevents items from slipping off, which increases the safety of storage. It can be installed in a living room, bedroom, hallway, office or even in a teenager's room, creating additional space for essential accessories and decorations.<\/p>\n<p data-start=\"902\" data-end=\"1147\" data-is-last-node=\"\" data-is-only-node=\"\">The Can Can T10 shelf blends perfectly with other furniture from the Can Can collection, allowing you to create a coherent and harmonious interior design. It is an excellent choice for those who appreciate aesthetics, simplicity and functionality in one.<\/p>","protected":false},"excerpt":{"rendered":"<p>P\u00f3\u0142ka Can Can T10 \u2013 Nowoczesna i Stylowa Organizacja Twojej \u015aciany P\u00f3\u0142ka Can Can T10 to minimalistyczne i funkcjonalne rozwi\u0105zanie, (&#8230;)<\/p>","protected":false},"featured_media":123705,"comment_status":"open","ping_status":"closed","template":"","meta":{"_acf_changed":false,"inline_featured_image":false},"product_brand":[],"product_cat":[449,294,307,144,141,308,130],"product_tag":[],"class_list":{"0":"post-18985","1":"product","2":"type-product","3":"status-publish","4":"has-post-thumbnail","6":"product_cat-back-to-study","7":"product_cat-meble","8":"product_cat-meble-pokojowe-meble","9":"product_cat-pokoj","10":"product_cat-salon","11":"product_cat-szafki-meble-pokojowe-meble","12":"product_cat-szafki","13":"product_shipping_class-paczka-st-x-1","14":"collection-back-to-study","15":"collection-can-can","17":"first","18":"instock","19":"sale","20":"shipping-taxable","21":"purchasable","22":"product-type-simple"},"acf":[],"yoast_head":"<!-- This site is optimized with the Yoast SEO plugin v27.4 - https:\/\/yoast.com\/product\/yoast-seo-wordpress\/ -->\n<title>P\u00f3\u0142ka Can Can T10 - Demko Home<\/title>\n<meta name=\"robots\" content=\"index, follow, max-snippet:-1, max-image-preview:large, max-video-preview:-1\" \/>\n<link rel=\"canonical\" href=\"https:\/\/demkohome.pl\/en\/product\/polka-can-can-t10\/\" \/>\n<meta property=\"og:locale\" content=\"en_US\" \/>\n<meta property=\"og:type\" content=\"article\" \/>\n<meta property=\"og:title\" content=\"P\u00f3\u0142ka Can Can T10 - Demko Home\" \/>\n<meta property=\"og:description\" content=\"P\u00f3\u0142ka Can Can T10 \u2013 Nowoczesna i Stylowa Organizacja Twojej \u015aciany P\u00f3\u0142ka Can Can T10 to minimalistyczne i funkcjonalne rozwi\u0105zanie, (...)\" \/>\n<meta property=\"og:url\" content=\"https:\/\/demkohome.pl\/en\/product\/polka-can-can-t10\/\" \/>\n<meta property=\"og:site_name\" content=\"Demko Home\" \/>\n<meta property=\"article:modified_time\" content=\"2026-04-22T13:17:09+00:00\" \/>\n<meta property=\"og:image\" content=\"https:\/\/demkohome.pl\/wp-content\/uploads\/2025\/05\/Projekt-bez-nazwy-35.png\" \/>\n\t<meta property=\"og:image:width\" content=\"2048\" \/>\n\t<meta property=\"og:image:height\" content=\"1536\" \/>\n\t<meta property=\"og:image:type\" content=\"image\/png\" \/>\n<meta name=\"twitter:card\" content=\"summary_large_image\" \/>\n<meta name=\"twitter:label1\" content=\"Est. reading time\" \/>\n\t<meta name=\"twitter:data1\" content=\"2 minutes\" \/>\n<script type=\"application\/ld+json\" class=\"yoast-schema-graph\">{\"@context\":\"https:\\\/\\\/schema.org\",\"@graph\":[{\"@type\":\"WebPage\",\"@id\":\"https:\\\/\\\/demkohome.pl\\\/produkt\\\/polka-can-can-t10\\\/\",\"url\":\"https:\\\/\\\/demkohome.pl\\\/produkt\\\/polka-can-can-t10\\\/\",\"name\":\"P\u00f3\u0142ka Can Can T10 - Demko Home\",\"isPartOf\":{\"@id\":\"https:\\\/\\\/demkohome.pl\\\/#website\"},\"primaryImageOfPage\":{\"@id\":\"https:\\\/\\\/demkohome.pl\\\/produkt\\\/polka-can-can-t10\\\/#primaryimage\"},\"image\":{\"@id\":\"https:\\\/\\\/demkohome.pl\\\/produkt\\\/polka-can-can-t10\\\/#primaryimage\"},\"thumbnailUrl\":\"https:\\\/\\\/demkohome.pl\\\/wp-content\\\/uploads\\\/2025\\\/05\\\/Projekt-bez-nazwy-35.png\",\"datePublished\":\"2025-05-28T14:24:39+00:00\",\"dateModified\":\"2026-04-22T13:17:09+00:00\",\"breadcrumb\":{\"@id\":\"https:\\\/\\\/demkohome.pl\\\/produkt\\\/polka-can-can-t10\\\/#breadcrumb\"},\"inLanguage\":\"en-US\",\"potentialAction\":[{\"@type\":\"ReadAction\",\"target\":[\"https:\\\/\\\/demkohome.pl\\\/produkt\\\/polka-can-can-t10\\\/\"]}]},{\"@type\":\"ImageObject\",\"inLanguage\":\"en-US\",\"@id\":\"https:\\\/\\\/demkohome.pl\\\/produkt\\\/polka-can-can-t10\\\/#primaryimage\",\"url\":\"https:\\\/\\\/demkohome.pl\\\/wp-content\\\/uploads\\\/2025\\\/05\\\/Projekt-bez-nazwy-35.png\",\"contentUrl\":\"https:\\\/\\\/demkohome.pl\\\/wp-content\\\/uploads\\\/2025\\\/05\\\/Projekt-bez-nazwy-35.png\",\"width\":2048,\"height\":1536,\"caption\":\"P\u00f3\u0142ki na \u015bcian\u0119 d\u0105b sonoma\"},{\"@type\":\"BreadcrumbList\",\"@id\":\"https:\\\/\\\/demkohome.pl\\\/produkt\\\/polka-can-can-t10\\\/#breadcrumb\",\"itemListElement\":[{\"@type\":\"ListItem\",\"position\":1,\"name\":\"Strona g\u0142\u00f3wna\",\"item\":\"https:\\\/\\\/demkohome.pl\\\/\"},{\"@type\":\"ListItem\",\"position\":2,\"name\":\"Sklep\",\"item\":\"https:\\\/\\\/demkohome.pl\\\/sklep\\\/\"},{\"@type\":\"ListItem\",\"position\":3,\"name\":\"P\u00f3\u0142ka Can Can T10\"}]},{\"@type\":\"WebSite\",\"@id\":\"https:\\\/\\\/demkohome.pl\\\/#website\",\"url\":\"https:\\\/\\\/demkohome.pl\\\/\",\"name\":\"Demko Home\",\"description\":\"Make it simple\",\"publisher\":{\"@id\":\"https:\\\/\\\/demkohome.pl\\\/#organization\"},\"potentialAction\":[{\"@type\":\"SearchAction\",\"target\":{\"@type\":\"EntryPoint\",\"urlTemplate\":\"https:\\\/\\\/demkohome.pl\\\/?s={search_term_string}\"},\"query-input\":{\"@type\":\"PropertyValueSpecification\",\"valueRequired\":true,\"valueName\":\"search_term_string\"}}],\"inLanguage\":\"en-US\"},{\"@type\":\"Organization\",\"@id\":\"https:\\\/\\\/demkohome.pl\\\/#organization\",\"name\":\"Demko Home\",\"url\":\"https:\\\/\\\/demkohome.pl\\\/\",\"logo\":{\"@type\":\"ImageObject\",\"inLanguage\":\"en-US\",\"@id\":\"https:\\\/\\\/demkohome.pl\\\/#\\\/schema\\\/logo\\\/image\\\/\",\"url\":\"https:\\\/\\\/demkohome.pl\\\/wp-content\\\/uploads\\\/2026\\\/03\\\/cropped-3.png\",\"contentUrl\":\"https:\\\/\\\/demkohome.pl\\\/wp-content\\\/uploads\\\/2026\\\/03\\\/cropped-3.png\",\"width\":250,\"height\":63,\"caption\":\"Demko Home\"},\"image\":{\"@id\":\"https:\\\/\\\/demkohome.pl\\\/#\\\/schema\\\/logo\\\/image\\\/\"}}]}<\/script>\n<!-- \/ Yoast SEO plugin. -->","yoast_head_json":{"title":"P\u00f3\u0142ka Can Can T10 - Demko Home","robots":{"index":"index","follow":"follow","max-snippet":"max-snippet:-1","max-image-preview":"max-image-preview:large","max-video-preview":"max-video-preview:-1"},"canonical":"https:\/\/demkohome.pl\/en\/product\/polka-can-can-t10\/","og_locale":"en_US","og_type":"article","og_title":"P\u00f3\u0142ka Can Can T10 - Demko Home","og_description":"P\u00f3\u0142ka Can Can T10 \u2013 Nowoczesna i Stylowa Organizacja Twojej \u015aciany P\u00f3\u0142ka Can Can T10 to minimalistyczne i funkcjonalne rozwi\u0105zanie, (...)","og_url":"https:\/\/demkohome.pl\/en\/product\/polka-can-can-t10\/","og_site_name":"Demko Home","article_modified_time":"2026-04-22T13:17:09+00:00","og_image":[{"width":2048,"height":1536,"url":"https:\/\/demkohome.pl\/wp-content\/uploads\/2025\/05\/Projekt-bez-nazwy-35.png","type":"image\/png"}],"twitter_card":"summary_large_image","twitter_misc":{"Est. reading time":"2 minutes"},"schema":{"@context":"https:\/\/schema.org","@graph":[{"@type":"WebPage","@id":"https:\/\/demkohome.pl\/produkt\/polka-can-can-t10\/","url":"https:\/\/demkohome.pl\/produkt\/polka-can-can-t10\/","name":"P\u00f3\u0142ka Can Can T10 - Demko Home","isPartOf":{"@id":"https:\/\/demkohome.pl\/#website"},"primaryImageOfPage":{"@id":"https:\/\/demkohome.pl\/produkt\/polka-can-can-t10\/#primaryimage"},"image":{"@id":"https:\/\/demkohome.pl\/produkt\/polka-can-can-t10\/#primaryimage"},"thumbnailUrl":"https:\/\/demkohome.pl\/wp-content\/uploads\/2025\/05\/Projekt-bez-nazwy-35.png","datePublished":"2025-05-28T14:24:39+00:00","dateModified":"2026-04-22T13:17:09+00:00","breadcrumb":{"@id":"https:\/\/demkohome.pl\/produkt\/polka-can-can-t10\/#breadcrumb"},"inLanguage":"en-US","potentialAction":[{"@type":"ReadAction","target":["https:\/\/demkohome.pl\/produkt\/polka-can-can-t10\/"]}]},{"@type":"ImageObject","inLanguage":"en-US","@id":"https:\/\/demkohome.pl\/produkt\/polka-can-can-t10\/#primaryimage","url":"https:\/\/demkohome.pl\/wp-content\/uploads\/2025\/05\/Projekt-bez-nazwy-35.png","contentUrl":"https:\/\/demkohome.pl\/wp-content\/uploads\/2025\/05\/Projekt-bez-nazwy-35.png","width":2048,"height":1536,"caption":"P\u00f3\u0142ki na \u015bcian\u0119 d\u0105b sonoma"},{"@type":"BreadcrumbList","@id":"https:\/\/demkohome.pl\/produkt\/polka-can-can-t10\/#breadcrumb","itemListElement":[{"@type":"ListItem","position":1,"name":"Strona g\u0142\u00f3wna","item":"https:\/\/demkohome.pl\/"},{"@type":"ListItem","position":2,"name":"Sklep","item":"https:\/\/demkohome.pl\/sklep\/"},{"@type":"ListItem","position":3,"name":"P\u00f3\u0142ka Can Can T10"}]},{"@type":"WebSite","@id":"https:\/\/demkohome.pl\/#website","url":"https:\/\/demkohome.pl\/","name":"Demko Home","description":"Make it simple","publisher":{"@id":"https:\/\/demkohome.pl\/#organization"},"potentialAction":[{"@type":"SearchAction","target":{"@type":"EntryPoint","urlTemplate":"https:\/\/demkohome.pl\/?s={search_term_string}"},"query-input":{"@type":"PropertyValueSpecification","valueRequired":true,"valueName":"search_term_string"}}],"inLanguage":"en-US"},{"@type":"Organization","@id":"https:\/\/demkohome.pl\/#organization","name":"Demko Home","url":"https:\/\/demkohome.pl\/","logo":{"@type":"ImageObject","inLanguage":"en-US","@id":"https:\/\/demkohome.pl\/#\/schema\/logo\/image\/","url":"https:\/\/demkohome.pl\/wp-content\/uploads\/2026\/03\/cropped-3.png","contentUrl":"https:\/\/demkohome.pl\/wp-content\/uploads\/2026\/03\/cropped-3.png","width":250,"height":63,"caption":"Demko Home"},"image":{"@id":"https:\/\/demkohome.pl\/#\/schema\/logo\/image\/"}}]}},"_links":{"self":[{"href":"https:\/\/demkohome.pl\/en\/wp-json\/wp\/v2\/product\/18985","targetHints":{"allow":["GET"]}}],"collection":[{"href":"https:\/\/demkohome.pl\/en\/wp-json\/wp\/v2\/product"}],"about":[{"href":"https:\/\/demkohome.pl\/en\/wp-json\/wp\/v2\/types\/product"}],"replies":[{"embeddable":true,"href":"https:\/\/demkohome.pl\/en\/wp-json\/wp\/v2\/comments?post=18985"}],"wp:featuredmedia":[{"embeddable":true,"href":"https:\/\/demkohome.pl\/en\/wp-json\/wp\/v2\/media\/123705"}],"wp:attachment":[{"href":"https:\/\/demkohome.pl\/en\/wp-json\/wp\/v2\/media?parent=18985"}],"wp:term":[{"taxonomy":"product_brand","embeddable":true,"href":"https:\/\/demkohome.pl\/en\/wp-json\/wp\/v2\/product_brand?post=18985"},{"taxonomy":"product_cat","embeddable":true,"href":"https:\/\/demkohome.pl\/en\/wp-json\/wp\/v2\/product_cat?post=18985"},{"taxonomy":"product_tag","embeddable":true,"href":"https:\/\/demkohome.pl\/en\/wp-json\/wp\/v2\/product_tag?post=18985"}],"curies":[{"name":"wp","href":"https:\/\/api.w.org\/{rel}","templated":true}]}}