{"id":1916,"date":"2023-08-28T13:14:08","date_gmt":"2023-08-28T11:14:08","guid":{"rendered":"https:\/\/demkohome.pl\/produkt\/witryna-vega\/"},"modified":"2026-04-29T09:31:21","modified_gmt":"2026-04-29T07:31:21","slug":"szafa-witryna-led-vega","status":"publish","type":"product","link":"https:\/\/demkohome.pl\/en\/product\/szafa-witryna-led-vega\/","title":{"rendered":"Vega cabinet with LED showcase"},"content":{"rendered":"<div style=\"font-family: 'Noto Sans', sans-serif; font-size: 17px;\">\n<h2>Glazed showcase for living room with LED lighting<\/h2>\n<p>Are you looking for an aesthetic refreshment of your living room? The tall three-door closet 90 x 196 x 37.5 cm with a display cabinet is an exceptionally functional composition designed in two color versions. Bodies maintained in the color of oak artisan are complemented by fashionable shades of matte gray fronts, or classic white. Geometric, simple shapes of the solids, made of laminated board, emphasize the modern character of the collection while creating a pleasant atmosphere in any living room or bedroom. The showcase was designed with high functionality in mind. The upper door on the left side of the cabinet is glazed, allowing you to display your favorite souvenirs, china or accessories. Three exposed shelves, have been additionally illuminated with a LED system for this purpose. The remaining seven capacious shelves hidden behind the cabinet doors allow storing items or documents out of sight of guests. The entire design is highlighted by decorative 22 mm thick MDF strips with grooves and wood-colored handles referring to the dominant colors of the composition.<\/p>\n<h3>The offer includes:<\/h3>\n<ul>\n<li>Cabinet with glass part of the showcase and LED lighting - packed in three packages shipped by pallet.<\/li>\n<li>Mounting accessories<\/li>\n<li>Assembly instructions in Polish<\/li>\n<\/ul>\n<div class=\"container\">\n<div class=\"row\">\n<h3>Closet with a showcase for a room in an arrangement with other pieces of the Vega collection<\/h3>\n<p><img decoding=\"async\" style=\"width: 100%; border-radius: 5px; box-shadow: 0px 0px 5px rgba(0, 0, 0, 0.1); display: block; object-fit: cover; margin-top: 30px; margin-bottom: 30px;\" src=\"https:\/\/demkohome.pl\/wp-content\/uploads\/2023\/08\/Kolekcja-mebli-do-salonu-Vega-w-kolorach-szarosci-dab-artisan-Meble-Okmed-Demko.jpg\" alt=\"Zdj\u0119cie 1\" \/><\/p>\n<\/div>\n<\/div>\n<\/div>","protected":false},"excerpt":{"rendered":"<p>Przeszklona witryna do salonu z o\u015bwietleniem LED Szukasz estetycznego od\u015bwie\u017cenia salonu? Wysoka szafa trzydrzwiowa 90 x 196 x 37.5 cm (&#8230;)<\/p>","protected":false},"featured_media":6024,"comment_status":"open","ping_status":"closed","template":"","meta":{"_acf_changed":false,"inline_featured_image":false},"product_brand":[],"product_cat":[528,143,127,137,144,139,141,129],"product_tag":[],"class_list":{"0":"post-1916","1":"product","2":"type-product","3":"status-publish","4":"has-post-thumbnail","6":"product_cat-black-friday","7":"product_cat-jadalnia","8":"product_cat-meble-pokojowe","9":"product_cat-meble-systemowe","10":"product_cat-pokoj","11":"product_cat-pomieszczenia","12":"product_cat-salon","13":"product_cat-witryny","14":"product_shipping_class-paleta-210cm-x-80cm","15":"collection-vega","17":"first","18":"instock","19":"shipping-taxable","20":"purchasable","21":"product-type-variable"},"acf":[],"yoast_head":"<!-- This site is optimized with the Yoast SEO plugin v27.4 - https:\/\/yoast.com\/product\/yoast-seo-wordpress\/ -->\n<title>Szafa Vega z witryn\u0105 LED - Demko Home<\/title>\n<meta name=\"robots\" content=\"index, follow, max-snippet:-1, max-image-preview:large, max-video-preview:-1\" \/>\n<link rel=\"canonical\" href=\"https:\/\/demkohome.pl\/en\/product\/szafa-witryna-led-vega\/\" \/>\n<meta property=\"og:locale\" content=\"en_US\" \/>\n<meta property=\"og:type\" content=\"article\" \/>\n<meta property=\"og:title\" content=\"Szafa Vega z witryn\u0105 LED - Demko Home\" \/>\n<meta property=\"og:description\" content=\"Przeszklona witryna do salonu z o\u015bwietleniem LED Szukasz estetycznego od\u015bwie\u017cenia salonu? Wysoka szafa trzydrzwiowa 90 x 196 x 37.5 cm (...)\" \/>\n<meta property=\"og:url\" content=\"https:\/\/demkohome.pl\/en\/product\/szafa-witryna-led-vega\/\" \/>\n<meta property=\"og:site_name\" content=\"Demko Home\" \/>\n<meta property=\"article:modified_time\" content=\"2026-04-29T07:31:21+00:00\" \/>\n<meta property=\"og:image\" content=\"https:\/\/demkohome.pl\/wp-content\/uploads\/2023\/08\/Biala-witryna-Vega-zamknieta-z-dodatkiem-naturalnego-koloru-debu-artisan-od-Meble-Okmed-Demko.jpg\" \/>\n\t<meta property=\"og:image:width\" content=\"1920\" \/>\n\t<meta property=\"og:image:height\" content=\"1920\" \/>\n\t<meta property=\"og:image:type\" content=\"image\/jpeg\" \/>\n<meta name=\"twitter:card\" content=\"summary_large_image\" \/>\n<meta name=\"twitter:label1\" content=\"Est. reading time\" \/>\n\t<meta name=\"twitter:data1\" content=\"2 minutes\" \/>\n<script type=\"application\/ld+json\" class=\"yoast-schema-graph\">{\"@context\":\"https:\\\/\\\/schema.org\",\"@graph\":[{\"@type\":\"WebPage\",\"@id\":\"https:\\\/\\\/demkohome.pl\\\/produkt\\\/szafa-witryna-led-vega\\\/\",\"url\":\"https:\\\/\\\/demkohome.pl\\\/produkt\\\/szafa-witryna-led-vega\\\/\",\"name\":\"Szafa Vega z witryn\u0105 LED - Demko Home\",\"isPartOf\":{\"@id\":\"https:\\\/\\\/demkohome.pl\\\/#website\"},\"primaryImageOfPage\":{\"@id\":\"https:\\\/\\\/demkohome.pl\\\/produkt\\\/szafa-witryna-led-vega\\\/#primaryimage\"},\"image\":{\"@id\":\"https:\\\/\\\/demkohome.pl\\\/produkt\\\/szafa-witryna-led-vega\\\/#primaryimage\"},\"thumbnailUrl\":\"https:\\\/\\\/demkohome.pl\\\/wp-content\\\/uploads\\\/2023\\\/08\\\/Biala-witryna-Vega-zamknieta-z-dodatkiem-naturalnego-koloru-debu-artisan-od-Meble-Okmed-Demko.jpg\",\"datePublished\":\"2023-08-28T11:14:08+00:00\",\"dateModified\":\"2026-04-29T07:31:21+00:00\",\"breadcrumb\":{\"@id\":\"https:\\\/\\\/demkohome.pl\\\/produkt\\\/szafa-witryna-led-vega\\\/#breadcrumb\"},\"inLanguage\":\"en-US\",\"potentialAction\":[{\"@type\":\"ReadAction\",\"target\":[\"https:\\\/\\\/demkohome.pl\\\/produkt\\\/szafa-witryna-led-vega\\\/\"]}]},{\"@type\":\"ImageObject\",\"inLanguage\":\"en-US\",\"@id\":\"https:\\\/\\\/demkohome.pl\\\/produkt\\\/szafa-witryna-led-vega\\\/#primaryimage\",\"url\":\"https:\\\/\\\/demkohome.pl\\\/wp-content\\\/uploads\\\/2023\\\/08\\\/Biala-witryna-Vega-zamknieta-z-dodatkiem-naturalnego-koloru-debu-artisan-od-Meble-Okmed-Demko.jpg\",\"contentUrl\":\"https:\\\/\\\/demkohome.pl\\\/wp-content\\\/uploads\\\/2023\\\/08\\\/Biala-witryna-Vega-zamknieta-z-dodatkiem-naturalnego-koloru-debu-artisan-od-Meble-Okmed-Demko.jpg\",\"width\":1920,\"height\":1920,\"caption\":\"Bia\u0142a witryna Vega zamknieta z dodatkiem naturalnego koloru debu artisan od Meble Okmed Demko\"},{\"@type\":\"BreadcrumbList\",\"@id\":\"https:\\\/\\\/demkohome.pl\\\/produkt\\\/szafa-witryna-led-vega\\\/#breadcrumb\",\"itemListElement\":[{\"@type\":\"ListItem\",\"position\":1,\"name\":\"Strona g\u0142\u00f3wna\",\"item\":\"https:\\\/\\\/demkohome.pl\\\/\"},{\"@type\":\"ListItem\",\"position\":2,\"name\":\"Sklep\",\"item\":\"https:\\\/\\\/demkohome.pl\\\/sklep\\\/\"},{\"@type\":\"ListItem\",\"position\":3,\"name\":\"Szafa Vega z witryn\u0105 LED\"}]},{\"@type\":\"WebSite\",\"@id\":\"https:\\\/\\\/demkohome.pl\\\/#website\",\"url\":\"https:\\\/\\\/demkohome.pl\\\/\",\"name\":\"Demko Home\",\"description\":\"Make it simple\",\"publisher\":{\"@id\":\"https:\\\/\\\/demkohome.pl\\\/#organization\"},\"potentialAction\":[{\"@type\":\"SearchAction\",\"target\":{\"@type\":\"EntryPoint\",\"urlTemplate\":\"https:\\\/\\\/demkohome.pl\\\/?s={search_term_string}\"},\"query-input\":{\"@type\":\"PropertyValueSpecification\",\"valueRequired\":true,\"valueName\":\"search_term_string\"}}],\"inLanguage\":\"en-US\"},{\"@type\":\"Organization\",\"@id\":\"https:\\\/\\\/demkohome.pl\\\/#organization\",\"name\":\"Demko Home\",\"url\":\"https:\\\/\\\/demkohome.pl\\\/\",\"logo\":{\"@type\":\"ImageObject\",\"inLanguage\":\"en-US\",\"@id\":\"https:\\\/\\\/demkohome.pl\\\/#\\\/schema\\\/logo\\\/image\\\/\",\"url\":\"https:\\\/\\\/demkohome.pl\\\/wp-content\\\/uploads\\\/2026\\\/03\\\/cropped-3.png\",\"contentUrl\":\"https:\\\/\\\/demkohome.pl\\\/wp-content\\\/uploads\\\/2026\\\/03\\\/cropped-3.png\",\"width\":250,\"height\":63,\"caption\":\"Demko Home\"},\"image\":{\"@id\":\"https:\\\/\\\/demkohome.pl\\\/#\\\/schema\\\/logo\\\/image\\\/\"}}]}<\/script>\n<!-- \/ Yoast SEO plugin. -->","yoast_head_json":{"title":"Szafa Vega z witryn\u0105 LED - Demko Home","robots":{"index":"index","follow":"follow","max-snippet":"max-snippet:-1","max-image-preview":"max-image-preview:large","max-video-preview":"max-video-preview:-1"},"canonical":"https:\/\/demkohome.pl\/en\/product\/szafa-witryna-led-vega\/","og_locale":"en_US","og_type":"article","og_title":"Szafa Vega z witryn\u0105 LED - Demko Home","og_description":"Przeszklona witryna do salonu z o\u015bwietleniem LED Szukasz estetycznego od\u015bwie\u017cenia salonu? Wysoka szafa trzydrzwiowa 90 x 196 x 37.5 cm (...)","og_url":"https:\/\/demkohome.pl\/en\/product\/szafa-witryna-led-vega\/","og_site_name":"Demko Home","article_modified_time":"2026-04-29T07:31:21+00:00","og_image":[{"width":1920,"height":1920,"url":"https:\/\/demkohome.pl\/wp-content\/uploads\/2023\/08\/Biala-witryna-Vega-zamknieta-z-dodatkiem-naturalnego-koloru-debu-artisan-od-Meble-Okmed-Demko.jpg","type":"image\/jpeg"}],"twitter_card":"summary_large_image","twitter_misc":{"Est. reading time":"2 minutes"},"schema":{"@context":"https:\/\/schema.org","@graph":[{"@type":"WebPage","@id":"https:\/\/demkohome.pl\/produkt\/szafa-witryna-led-vega\/","url":"https:\/\/demkohome.pl\/produkt\/szafa-witryna-led-vega\/","name":"Szafa Vega z witryn\u0105 LED - Demko Home","isPartOf":{"@id":"https:\/\/demkohome.pl\/#website"},"primaryImageOfPage":{"@id":"https:\/\/demkohome.pl\/produkt\/szafa-witryna-led-vega\/#primaryimage"},"image":{"@id":"https:\/\/demkohome.pl\/produkt\/szafa-witryna-led-vega\/#primaryimage"},"thumbnailUrl":"https:\/\/demkohome.pl\/wp-content\/uploads\/2023\/08\/Biala-witryna-Vega-zamknieta-z-dodatkiem-naturalnego-koloru-debu-artisan-od-Meble-Okmed-Demko.jpg","datePublished":"2023-08-28T11:14:08+00:00","dateModified":"2026-04-29T07:31:21+00:00","breadcrumb":{"@id":"https:\/\/demkohome.pl\/produkt\/szafa-witryna-led-vega\/#breadcrumb"},"inLanguage":"en-US","potentialAction":[{"@type":"ReadAction","target":["https:\/\/demkohome.pl\/produkt\/szafa-witryna-led-vega\/"]}]},{"@type":"ImageObject","inLanguage":"en-US","@id":"https:\/\/demkohome.pl\/produkt\/szafa-witryna-led-vega\/#primaryimage","url":"https:\/\/demkohome.pl\/wp-content\/uploads\/2023\/08\/Biala-witryna-Vega-zamknieta-z-dodatkiem-naturalnego-koloru-debu-artisan-od-Meble-Okmed-Demko.jpg","contentUrl":"https:\/\/demkohome.pl\/wp-content\/uploads\/2023\/08\/Biala-witryna-Vega-zamknieta-z-dodatkiem-naturalnego-koloru-debu-artisan-od-Meble-Okmed-Demko.jpg","width":1920,"height":1920,"caption":"Bia\u0142a witryna Vega zamknieta z dodatkiem naturalnego koloru debu artisan od Meble Okmed Demko"},{"@type":"BreadcrumbList","@id":"https:\/\/demkohome.pl\/produkt\/szafa-witryna-led-vega\/#breadcrumb","itemListElement":[{"@type":"ListItem","position":1,"name":"Strona g\u0142\u00f3wna","item":"https:\/\/demkohome.pl\/"},{"@type":"ListItem","position":2,"name":"Sklep","item":"https:\/\/demkohome.pl\/sklep\/"},{"@type":"ListItem","position":3,"name":"Szafa Vega z witryn\u0105 LED"}]},{"@type":"WebSite","@id":"https:\/\/demkohome.pl\/#website","url":"https:\/\/demkohome.pl\/","name":"Demko Home","description":"Make it simple","publisher":{"@id":"https:\/\/demkohome.pl\/#organization"},"potentialAction":[{"@type":"SearchAction","target":{"@type":"EntryPoint","urlTemplate":"https:\/\/demkohome.pl\/?s={search_term_string}"},"query-input":{"@type":"PropertyValueSpecification","valueRequired":true,"valueName":"search_term_string"}}],"inLanguage":"en-US"},{"@type":"Organization","@id":"https:\/\/demkohome.pl\/#organization","name":"Demko Home","url":"https:\/\/demkohome.pl\/","logo":{"@type":"ImageObject","inLanguage":"en-US","@id":"https:\/\/demkohome.pl\/#\/schema\/logo\/image\/","url":"https:\/\/demkohome.pl\/wp-content\/uploads\/2026\/03\/cropped-3.png","contentUrl":"https:\/\/demkohome.pl\/wp-content\/uploads\/2026\/03\/cropped-3.png","width":250,"height":63,"caption":"Demko Home"},"image":{"@id":"https:\/\/demkohome.pl\/#\/schema\/logo\/image\/"}}]}},"_links":{"self":[{"href":"https:\/\/demkohome.pl\/en\/wp-json\/wp\/v2\/product\/1916","targetHints":{"allow":["GET"]}}],"collection":[{"href":"https:\/\/demkohome.pl\/en\/wp-json\/wp\/v2\/product"}],"about":[{"href":"https:\/\/demkohome.pl\/en\/wp-json\/wp\/v2\/types\/product"}],"replies":[{"embeddable":true,"href":"https:\/\/demkohome.pl\/en\/wp-json\/wp\/v2\/comments?post=1916"}],"wp:featuredmedia":[{"embeddable":true,"href":"https:\/\/demkohome.pl\/en\/wp-json\/wp\/v2\/media\/6024"}],"wp:attachment":[{"href":"https:\/\/demkohome.pl\/en\/wp-json\/wp\/v2\/media?parent=1916"}],"wp:term":[{"taxonomy":"product_brand","embeddable":true,"href":"https:\/\/demkohome.pl\/en\/wp-json\/wp\/v2\/product_brand?post=1916"},{"taxonomy":"product_cat","embeddable":true,"href":"https:\/\/demkohome.pl\/en\/wp-json\/wp\/v2\/product_cat?post=1916"},{"taxonomy":"product_tag","embeddable":true,"href":"https:\/\/demkohome.pl\/en\/wp-json\/wp\/v2\/product_tag?post=1916"}],"curies":[{"name":"wp","href":"https:\/\/api.w.org\/{rel}","templated":true}]}}