{"id":2031,"date":"2024-05-23T15:31:57","date_gmt":"2024-05-23T13:31:57","guid":{"rendered":"https:\/\/demkohome.pl\/produkt\/biurko-prostokatne-tim-137-cm\/"},"modified":"2026-04-24T15:22:42","modified_gmt":"2026-04-24T13:22:42","slug":"biurko-prostokatne-tim-137-cm","status":"publish","type":"product","link":"https:\/\/demkohome.pl\/en\/product\/biurko-prostokatne-tim-137-cm\/","title":{"rendered":"Rectangular desk 137 cm Tim"},"content":{"rendered":"<h2><strong><span style=\"font-family: 'Noto Sans',sans-serif; color: #111111;\">Tim desk - Power and Style in your Workspace<\/span><\/strong><\/h2>\n<p style=\"background: white; margin: 9.0pt 0cm 0cm 0cm;\"><span style=\"font-family: 'Noto Sans', sans-serif; font-size: 17px;\"><strong>Are you looking to create a workspace that is perfectly suited to your individual needs and work style?<\/strong> <\/span><\/p>\n<p style=\"background: white; margin: 9.0pt 0cm 0cm 0cm;\"><span style=\"font-family: 'Noto Sans',sans-serif; color: #111111; font-size: 17px;\">Tim desk is not only a piece of furniture, but also an opportunity to create a personalized workspace. It is possible to buy a second desk and connect them with a <span style=\"font-family: 'Noto Sans',sans-serif;\">triangular or square connector<\/span>\u00a0allows for flexible customization.<\/span><\/p>\n<p style=\"background: white; margin: 9.0pt 0cm 0cm 0cm;\"><span style=\"font-family: 'Noto Sans',sans-serif; color: #111111; font-size: 17px;\">Discover a new quality of work with <span style=\"font-family: 'Noto Sans',sans-serif;\">Tim's desk<\/span>, which combines modern design and reliable functionality. Thick top with a thickness of\u00a0<span style=\"font-family: 'Noto Sans',sans-serif;\">28 mm<\/span>\u00a0provides solidity and durability, perfectly matching the metal legs that add a unique character to the furniture.<\/span><\/p>\n<ul>\n<li style=\"background: white;\"><span style=\"font-family: 'Noto Sans',sans-serif; color: #111111; font-size: 17px;\">The desk is available in two elegant color options:\u00a0<span style=\"font-family: 'Noto Sans',sans-serif;\">dark concrete<\/span>\u00a0i\u00a0<span style=\"font-family: 'Noto Sans',sans-serif;\">light grey concrete<\/span>, which will bring a modern yet warm atmosphere to your office, study or room. Thanks to the PVC veneer, the desk is resistant to daily use and easy to clean.<\/span><\/li>\n<li style=\"background: white;\"><span style=\"font-family: 'Noto Sans',sans-serif; color: #111111; font-size: 17px;\">Furniture by Polish Manufacturer<\/span><span style=\"font-family: 'Noto Sans',sans-serif; color: #111111; font-size: 17px;\"> guarantee high quality workmanship and attention to detail.\u00a0<\/span><\/li>\n<li style=\"background: white;\"><span style=\"font-family: 'Noto Sans',sans-serif; color: #111111; font-size: 17px;\">Tim desk is an ideal solution for <span style=\"font-family: 'Noto Sans',sans-serif;\">self-assembly<\/span>, which gives you the satisfaction of a self-built workspace. In addition, the Tim collection offers the possibility to expand with other elements, creating a coherent and functional work environment.<\/span><\/li>\n<\/ul>\n<p style=\"background: white; margin: 9.0pt 0cm 0cm 0cm;\"><span style=\"font-family: 'Noto Sans',sans-serif; color: #111111; font-size: 17px;\">Choose Tim desk and enjoy a piece of furniture that will not only facilitate the organization of work, but also become a distinctive element of any interior.<\/span><\/p>\n<p style=\"background: white; margin: 9.0pt 0cm 0cm 0cm;\"><span style=\"font-family: 'Noto Sans', sans-serif; font-size: 17px;\"><img loading=\"lazy\" decoding=\"async\" class=\"alignnone wp-image-11132 size-full\" src=\"https:\/\/demkohome.pl\/wp-content\/uploads\/2024\/05\/Biuro-TIM_ciemnoszary-beton-chicago-I.jpg\" alt=\"\" width=\"2560\" height=\"1577\" srcset=\"https:\/\/demkohome.pl\/wp-content\/uploads\/2024\/05\/Biuro-TIM_ciemnoszary-beton-chicago-I.jpg 2560w, https:\/\/demkohome.pl\/wp-content\/uploads\/2024\/05\/Biuro-TIM_ciemnoszary-beton-chicago-I-300x185.jpg 300w, https:\/\/demkohome.pl\/wp-content\/uploads\/2024\/05\/Biuro-TIM_ciemnoszary-beton-chicago-I-600x370.jpg 600w, https:\/\/demkohome.pl\/wp-content\/uploads\/2024\/05\/Biuro-TIM_ciemnoszary-beton-chicago-I-1024x631.jpg 1024w, https:\/\/demkohome.pl\/wp-content\/uploads\/2024\/05\/Biuro-TIM_ciemnoszary-beton-chicago-I-768x473.jpg 768w, https:\/\/demkohome.pl\/wp-content\/uploads\/2024\/05\/Biuro-TIM_ciemnoszary-beton-chicago-I-1536x946.jpg 1536w, https:\/\/demkohome.pl\/wp-content\/uploads\/2024\/05\/Biuro-TIM_ciemnoszary-beton-chicago-I-2048x1262.jpg 2048w\" sizes=\"auto, (max-width: 2560px) 100vw, 2560px\" \/><\/span><br \/>\n<span style=\"font-family: 'Noto Sans', sans-serif; font-size: 17px;\"><br \/>\nDiscover the elegance and functionality of the \"Tim\" office furniture collection, which will transform your workplace into a space full of style and comfort. Each element of the set is designed for maximum comfort and efficiency, combining modern design with practical solutions.<br \/>\n<span style=\"font-family: 'Noto Sans', sans-serif; font-size: 17px;\"><br \/>\nThe desk, from the Tim collection, provides a generous work surface and plenty of space for documents and office accessories, while tall cabinets and bookcases offer elegant storage solutions to help keep you organized and tidy.<br \/>\n<span style=\"font-family: 'Noto Sans', sans-serif; font-size: 17px;\"><br \/>\nA neutral color scheme in shades of dark gray, combined with metal handles and leg details, adds a sophisticated touch to the set. The Tim collection is an ideal choice for those who appreciate professionalism and style, as well as for those looking for a comprehensive solution to create a productive work environment.<br \/>\n<span style=\"font-family: 'Noto Sans', sans-serif; font-size: 17px;\"><br \/>\nDon't miss the opportunity to transform your office with the Tim collection - where beauty meets functionality, creating the perfect place for work and creativity.<\/span><\/span><\/span><\/span><\/p>","protected":false},"excerpt":{"rendered":"<p>Biurko Tim \u2013 Moc i Styl w Twojej Przestrzeni Pracy Czy zale\u017cy Ci na stworzeniu przestrzeni pracy, kt\u00f3ra b\u0119dzie idealnie (&#8230;)<\/p>","protected":false},"featured_media":11073,"comment_status":"open","ping_status":"closed","template":"","meta":{"_acf_changed":false,"inline_featured_image":false},"product_brand":[],"product_cat":[134,145,528,133,137,144,139],"product_tag":[],"class_list":{"0":"post-2031","1":"product","2":"type-product","3":"status-publish","4":"has-post-thumbnail","6":"product_cat-biurka","7":"product_cat-biuro","8":"product_cat-black-friday","9":"product_cat-meble-biurowe","10":"product_cat-meble-systemowe","11":"product_cat-pokoj","12":"product_cat-pomieszczenia","13":"product_shipping_class-przesylka-dpd-30-pln","14":"collection-back-to-study","15":"collection-tim","17":"first","18":"instock","19":"shipping-taxable","20":"purchasable","21":"product-type-variable"},"acf":[],"yoast_head":"<!-- This site is optimized with the Yoast SEO plugin v27.4 - https:\/\/yoast.com\/product\/yoast-seo-wordpress\/ -->\n<title>Biurko prostok\u0105tne 137 cm Tim - Demko Home<\/title>\n<meta name=\"robots\" content=\"index, follow, max-snippet:-1, max-image-preview:large, max-video-preview:-1\" \/>\n<link rel=\"canonical\" href=\"https:\/\/demkohome.pl\/en\/product\/biurko-prostokatne-tim-137-cm\/\" \/>\n<meta property=\"og:locale\" content=\"en_US\" \/>\n<meta property=\"og:type\" content=\"article\" \/>\n<meta property=\"og:title\" content=\"Biurko prostok\u0105tne 137 cm Tim - Demko Home\" \/>\n<meta property=\"og:description\" content=\"Biurko Tim \u2013 Moc i Styl w Twojej Przestrzeni Pracy Czy zale\u017cy Ci na stworzeniu przestrzeni pracy, kt\u00f3ra b\u0119dzie idealnie (...)\" \/>\n<meta property=\"og:url\" content=\"https:\/\/demkohome.pl\/en\/product\/biurko-prostokatne-tim-137-cm\/\" \/>\n<meta property=\"og:site_name\" content=\"Demko Home\" \/>\n<meta property=\"article:modified_time\" content=\"2026-04-24T13:22:42+00:00\" \/>\n<meta property=\"og:image\" content=\"https:\/\/demkohome.pl\/wp-content\/uploads\/2024\/05\/Biurko-modulowe-do-biura-Tim-137_67_ciemnoszary-beton-chicago-Meble-Okmed-Demko-Home.jpg\" \/>\n\t<meta property=\"og:image:width\" content=\"1024\" \/>\n\t<meta property=\"og:image:height\" content=\"1024\" \/>\n\t<meta property=\"og:image:type\" content=\"image\/jpeg\" \/>\n<meta name=\"twitter:card\" content=\"summary_large_image\" \/>\n<meta name=\"twitter:label1\" content=\"Est. reading time\" \/>\n\t<meta name=\"twitter:data1\" content=\"3 minutes\" \/>\n<script type=\"application\/ld+json\" class=\"yoast-schema-graph\">{\"@context\":\"https:\\\/\\\/schema.org\",\"@graph\":[{\"@type\":\"WebPage\",\"@id\":\"https:\\\/\\\/demkohome.pl\\\/produkt\\\/biurko-prostokatne-tim-137-cm\\\/\",\"url\":\"https:\\\/\\\/demkohome.pl\\\/produkt\\\/biurko-prostokatne-tim-137-cm\\\/\",\"name\":\"Biurko prostok\u0105tne 137 cm Tim - Demko Home\",\"isPartOf\":{\"@id\":\"https:\\\/\\\/demkohome.pl\\\/#website\"},\"primaryImageOfPage\":{\"@id\":\"https:\\\/\\\/demkohome.pl\\\/produkt\\\/biurko-prostokatne-tim-137-cm\\\/#primaryimage\"},\"image\":{\"@id\":\"https:\\\/\\\/demkohome.pl\\\/produkt\\\/biurko-prostokatne-tim-137-cm\\\/#primaryimage\"},\"thumbnailUrl\":\"https:\\\/\\\/demkohome.pl\\\/wp-content\\\/uploads\\\/2024\\\/05\\\/Biurko-modulowe-do-biura-Tim-137_67_ciemnoszary-beton-chicago-Meble-Okmed-Demko-Home.jpg\",\"datePublished\":\"2024-05-23T13:31:57+00:00\",\"dateModified\":\"2026-04-24T13:22:42+00:00\",\"breadcrumb\":{\"@id\":\"https:\\\/\\\/demkohome.pl\\\/produkt\\\/biurko-prostokatne-tim-137-cm\\\/#breadcrumb\"},\"inLanguage\":\"en-US\",\"potentialAction\":[{\"@type\":\"ReadAction\",\"target\":[\"https:\\\/\\\/demkohome.pl\\\/produkt\\\/biurko-prostokatne-tim-137-cm\\\/\"]}]},{\"@type\":\"ImageObject\",\"inLanguage\":\"en-US\",\"@id\":\"https:\\\/\\\/demkohome.pl\\\/produkt\\\/biurko-prostokatne-tim-137-cm\\\/#primaryimage\",\"url\":\"https:\\\/\\\/demkohome.pl\\\/wp-content\\\/uploads\\\/2024\\\/05\\\/Biurko-modulowe-do-biura-Tim-137_67_ciemnoszary-beton-chicago-Meble-Okmed-Demko-Home.jpg\",\"contentUrl\":\"https:\\\/\\\/demkohome.pl\\\/wp-content\\\/uploads\\\/2024\\\/05\\\/Biurko-modulowe-do-biura-Tim-137_67_ciemnoszary-beton-chicago-Meble-Okmed-Demko-Home.jpg\",\"width\":1024,\"height\":1024,\"caption\":\"Biurko modu\u0142owe do biura Tim 137_67_ciemnoszary beton chicago Meble Okmed Demko Home\"},{\"@type\":\"BreadcrumbList\",\"@id\":\"https:\\\/\\\/demkohome.pl\\\/produkt\\\/biurko-prostokatne-tim-137-cm\\\/#breadcrumb\",\"itemListElement\":[{\"@type\":\"ListItem\",\"position\":1,\"name\":\"Strona g\u0142\u00f3wna\",\"item\":\"https:\\\/\\\/demkohome.pl\\\/\"},{\"@type\":\"ListItem\",\"position\":2,\"name\":\"Sklep\",\"item\":\"https:\\\/\\\/demkohome.pl\\\/sklep\\\/\"},{\"@type\":\"ListItem\",\"position\":3,\"name\":\"Biurko prostok\u0105tne 137 cm Tim\"}]},{\"@type\":\"WebSite\",\"@id\":\"https:\\\/\\\/demkohome.pl\\\/#website\",\"url\":\"https:\\\/\\\/demkohome.pl\\\/\",\"name\":\"Demko Home\",\"description\":\"Make it simple\",\"publisher\":{\"@id\":\"https:\\\/\\\/demkohome.pl\\\/#organization\"},\"potentialAction\":[{\"@type\":\"SearchAction\",\"target\":{\"@type\":\"EntryPoint\",\"urlTemplate\":\"https:\\\/\\\/demkohome.pl\\\/?s={search_term_string}\"},\"query-input\":{\"@type\":\"PropertyValueSpecification\",\"valueRequired\":true,\"valueName\":\"search_term_string\"}}],\"inLanguage\":\"en-US\"},{\"@type\":\"Organization\",\"@id\":\"https:\\\/\\\/demkohome.pl\\\/#organization\",\"name\":\"Demko Home\",\"url\":\"https:\\\/\\\/demkohome.pl\\\/\",\"logo\":{\"@type\":\"ImageObject\",\"inLanguage\":\"en-US\",\"@id\":\"https:\\\/\\\/demkohome.pl\\\/#\\\/schema\\\/logo\\\/image\\\/\",\"url\":\"https:\\\/\\\/demkohome.pl\\\/wp-content\\\/uploads\\\/2026\\\/03\\\/cropped-3.png\",\"contentUrl\":\"https:\\\/\\\/demkohome.pl\\\/wp-content\\\/uploads\\\/2026\\\/03\\\/cropped-3.png\",\"width\":250,\"height\":63,\"caption\":\"Demko Home\"},\"image\":{\"@id\":\"https:\\\/\\\/demkohome.pl\\\/#\\\/schema\\\/logo\\\/image\\\/\"}}]}<\/script>\n<!-- \/ Yoast SEO plugin. -->","yoast_head_json":{"title":"Rectangular desk 137 cm Tim - Demko Home","robots":{"index":"index","follow":"follow","max-snippet":"max-snippet:-1","max-image-preview":"max-image-preview:large","max-video-preview":"max-video-preview:-1"},"canonical":"https:\/\/demkohome.pl\/en\/product\/biurko-prostokatne-tim-137-cm\/","og_locale":"en_US","og_type":"article","og_title":"Biurko prostok\u0105tne 137 cm Tim - Demko Home","og_description":"Biurko Tim \u2013 Moc i Styl w Twojej Przestrzeni Pracy Czy zale\u017cy Ci na stworzeniu przestrzeni pracy, kt\u00f3ra b\u0119dzie idealnie (...)","og_url":"https:\/\/demkohome.pl\/en\/product\/biurko-prostokatne-tim-137-cm\/","og_site_name":"Demko Home","article_modified_time":"2026-04-24T13:22:42+00:00","og_image":[{"width":1024,"height":1024,"url":"https:\/\/demkohome.pl\/wp-content\/uploads\/2024\/05\/Biurko-modulowe-do-biura-Tim-137_67_ciemnoszary-beton-chicago-Meble-Okmed-Demko-Home.jpg","type":"image\/jpeg"}],"twitter_card":"summary_large_image","twitter_misc":{"Est. reading time":"3 minutes"},"schema":{"@context":"https:\/\/schema.org","@graph":[{"@type":"WebPage","@id":"https:\/\/demkohome.pl\/produkt\/biurko-prostokatne-tim-137-cm\/","url":"https:\/\/demkohome.pl\/produkt\/biurko-prostokatne-tim-137-cm\/","name":"Rectangular desk 137 cm Tim - Demko Home","isPartOf":{"@id":"https:\/\/demkohome.pl\/#website"},"primaryImageOfPage":{"@id":"https:\/\/demkohome.pl\/produkt\/biurko-prostokatne-tim-137-cm\/#primaryimage"},"image":{"@id":"https:\/\/demkohome.pl\/produkt\/biurko-prostokatne-tim-137-cm\/#primaryimage"},"thumbnailUrl":"https:\/\/demkohome.pl\/wp-content\/uploads\/2024\/05\/Biurko-modulowe-do-biura-Tim-137_67_ciemnoszary-beton-chicago-Meble-Okmed-Demko-Home.jpg","datePublished":"2024-05-23T13:31:57+00:00","dateModified":"2026-04-24T13:22:42+00:00","breadcrumb":{"@id":"https:\/\/demkohome.pl\/produkt\/biurko-prostokatne-tim-137-cm\/#breadcrumb"},"inLanguage":"en-US","potentialAction":[{"@type":"ReadAction","target":["https:\/\/demkohome.pl\/produkt\/biurko-prostokatne-tim-137-cm\/"]}]},{"@type":"ImageObject","inLanguage":"en-US","@id":"https:\/\/demkohome.pl\/produkt\/biurko-prostokatne-tim-137-cm\/#primaryimage","url":"https:\/\/demkohome.pl\/wp-content\/uploads\/2024\/05\/Biurko-modulowe-do-biura-Tim-137_67_ciemnoszary-beton-chicago-Meble-Okmed-Demko-Home.jpg","contentUrl":"https:\/\/demkohome.pl\/wp-content\/uploads\/2024\/05\/Biurko-modulowe-do-biura-Tim-137_67_ciemnoszary-beton-chicago-Meble-Okmed-Demko-Home.jpg","width":1024,"height":1024,"caption":"Biurko modu\u0142owe do biura Tim 137_67_ciemnoszary beton chicago Meble Okmed Demko Home"},{"@type":"BreadcrumbList","@id":"https:\/\/demkohome.pl\/produkt\/biurko-prostokatne-tim-137-cm\/#breadcrumb","itemListElement":[{"@type":"ListItem","position":1,"name":"Strona g\u0142\u00f3wna","item":"https:\/\/demkohome.pl\/"},{"@type":"ListItem","position":2,"name":"Sklep","item":"https:\/\/demkohome.pl\/sklep\/"},{"@type":"ListItem","position":3,"name":"Biurko prostok\u0105tne 137 cm Tim"}]},{"@type":"WebSite","@id":"https:\/\/demkohome.pl\/#website","url":"https:\/\/demkohome.pl\/","name":"Demko Home","description":"Make it simple","publisher":{"@id":"https:\/\/demkohome.pl\/#organization"},"potentialAction":[{"@type":"SearchAction","target":{"@type":"EntryPoint","urlTemplate":"https:\/\/demkohome.pl\/?s={search_term_string}"},"query-input":{"@type":"PropertyValueSpecification","valueRequired":true,"valueName":"search_term_string"}}],"inLanguage":"en-US"},{"@type":"Organization","@id":"https:\/\/demkohome.pl\/#organization","name":"Demko Home","url":"https:\/\/demkohome.pl\/","logo":{"@type":"ImageObject","inLanguage":"en-US","@id":"https:\/\/demkohome.pl\/#\/schema\/logo\/image\/","url":"https:\/\/demkohome.pl\/wp-content\/uploads\/2026\/03\/cropped-3.png","contentUrl":"https:\/\/demkohome.pl\/wp-content\/uploads\/2026\/03\/cropped-3.png","width":250,"height":63,"caption":"Demko Home"},"image":{"@id":"https:\/\/demkohome.pl\/#\/schema\/logo\/image\/"}}]}},"_links":{"self":[{"href":"https:\/\/demkohome.pl\/en\/wp-json\/wp\/v2\/product\/2031","targetHints":{"allow":["GET"]}}],"collection":[{"href":"https:\/\/demkohome.pl\/en\/wp-json\/wp\/v2\/product"}],"about":[{"href":"https:\/\/demkohome.pl\/en\/wp-json\/wp\/v2\/types\/product"}],"replies":[{"embeddable":true,"href":"https:\/\/demkohome.pl\/en\/wp-json\/wp\/v2\/comments?post=2031"}],"wp:featuredmedia":[{"embeddable":true,"href":"https:\/\/demkohome.pl\/en\/wp-json\/wp\/v2\/media\/11073"}],"wp:attachment":[{"href":"https:\/\/demkohome.pl\/en\/wp-json\/wp\/v2\/media?parent=2031"}],"wp:term":[{"taxonomy":"product_brand","embeddable":true,"href":"https:\/\/demkohome.pl\/en\/wp-json\/wp\/v2\/product_brand?post=2031"},{"taxonomy":"product_cat","embeddable":true,"href":"https:\/\/demkohome.pl\/en\/wp-json\/wp\/v2\/product_cat?post=2031"},{"taxonomy":"product_tag","embeddable":true,"href":"https:\/\/demkohome.pl\/en\/wp-json\/wp\/v2\/product_tag?post=2031"}],"curies":[{"name":"wp","href":"https:\/\/api.w.org\/{rel}","templated":true}]}}