{"id":2045,"date":"2024-05-23T15:31:58","date_gmt":"2024-05-23T13:31:58","guid":{"rendered":"https:\/\/demkohome.pl\/produkt\/trojkatny-lacznik-do-biurka-tim-67-cm\/"},"modified":"2026-04-24T15:22:38","modified_gmt":"2026-04-24T13:22:38","slug":"trojkatny-lacznik-do-biurka-tim-67-cm","status":"publish","type":"product","link":"https:\/\/demkohome.pl\/en\/product\/trojkatny-lacznik-do-biurka-tim-67-cm\/","title":{"rendered":"Triangular desk connector 67 cm Tim"},"content":{"rendered":"<h2><strong>Triangular desk connector 67 cm Tim: Sophisticated design and practicality<\/strong><\/h2>\n<p><span style=\"font-family: 'Noto Sans',sans-serif; color: #111111; font-size: 17px;\"><br \/>\n<strong>Have you thought about an elegant and functional piece to create a larger work surface?<\/strong><\/span><br \/>\n<span style=\"font-family: 'Noto Sans',sans-serif; color: #111111; font-size: 17px;\"><br \/>\n<\/span><br \/>\n<span style=\"font-family: 'Noto Sans',sans-serif; color: #111111; font-size: 17px;\"><br \/>\nThe Tim desk connector is an elegant and functional piece that allows you to create a larger work surface. Its modern triangle-shaped design brings elegance to any interior, and the minimalist shape adds a modern touch, whether it's an office, study or room.<br \/>\n<\/span><\/p>\n<ul style=\"font-family: 'Noto Sans',sans-serif; color: #111111; font-size: 17px;\">\n<li>Practicality and self-assembly: the Tim coupler allows you to make the most of the available space by connecting two desks. It is easy to assemble, with clear and easy-to-understand instructions, allowing for quick and simple installation without the need for specialized tools.<\/li>\n<li>Solid construction and finish: Made of 28mm thick laminated particleboard, the joint guarantees durability and stability. The edges are finished with durable PVC material, which increases aesthetics and protects the furniture from damage.<\/li>\n<li>Expandable: For those who need even more space, there is an option to expand the desk with other pieces from the Tim collection, ensuring consistency and harmony throughout the space.<\/li>\n<\/ul>\n<p><span style=\"font-family: 'Noto Sans',sans-serif; color: #111111; font-size: 17px;\"><br \/>\nIn summary, the Tim Desk Connector is an investment in comfort, functionality and style that transforms any interior into a modern work space. Choose quality that meets your requirements.<\/span><br \/>\n<span style=\"font-family: 'Noto Sans', sans-serif; font-size: 17px;\">Invest in the Tim Office Closet and enjoy an elegant, organized workspace today!<img loading=\"lazy\" decoding=\"async\" class=\"alignnone wp-image-11132 size-full\" src=\"https:\/\/demkohome.pl\/wp-content\/uploads\/2024\/05\/Biuro-TIM_ciemnoszary-beton-chicago-I.jpg\" alt=\"\" width=\"2560\" height=\"1577\" srcset=\"https:\/\/demkohome.pl\/wp-content\/uploads\/2024\/05\/Biuro-TIM_ciemnoszary-beton-chicago-I.jpg 2560w, https:\/\/demkohome.pl\/wp-content\/uploads\/2024\/05\/Biuro-TIM_ciemnoszary-beton-chicago-I-300x185.jpg 300w, https:\/\/demkohome.pl\/wp-content\/uploads\/2024\/05\/Biuro-TIM_ciemnoszary-beton-chicago-I-600x370.jpg 600w, https:\/\/demkohome.pl\/wp-content\/uploads\/2024\/05\/Biuro-TIM_ciemnoszary-beton-chicago-I-1024x631.jpg 1024w, https:\/\/demkohome.pl\/wp-content\/uploads\/2024\/05\/Biuro-TIM_ciemnoszary-beton-chicago-I-768x473.jpg 768w, https:\/\/demkohome.pl\/wp-content\/uploads\/2024\/05\/Biuro-TIM_ciemnoszary-beton-chicago-I-1536x946.jpg 1536w, https:\/\/demkohome.pl\/wp-content\/uploads\/2024\/05\/Biuro-TIM_ciemnoszary-beton-chicago-I-2048x1262.jpg 2048w\" sizes=\"auto, (max-width: 2560px) 100vw, 2560px\" \/><\/span><br \/>\n<strong><span style=\"font-family: 'Noto Sans', sans-serif; font-size: 17px;\"><br \/>\n<\/span><\/strong><span style=\"font-family: 'Noto Sans', sans-serif; font-size: 17px;\">Discover the elegance and functionality of the \"Tim\" office furniture collection, which will transform your workplace into a space full of style and comfort. Each element of the set is designed for maximum comfort and efficiency, combining modern design with practical solutions.<\/span><\/p>\n<p>Desk <span style=\"font-family: 'Noto Sans',sans-serif; color: #111111; font-size: 17px;\">from the Tim collection, provides a spacious work surface and plenty of space for documents and office accessories, while tall cabinets and shelves\u00a0<span style=\"font-family: 'Noto Sans',sans-serif; color: #111111; font-size: 17px;\">offer elegant storage solutions to help keep you organized and tidy.<br \/>\n<span style=\"font-family: 'Noto Sans',sans-serif; color: #111111; font-size: 17px;\"><br \/>\nA neutral color scheme in shades of dark gray, combined with metal handles and leg details, adds a sophisticated touch to the set. The Tim collection is an ideal choice for those who appreciate professionalism and style, as well as for those looking for a comprehensive solution to create a productive work environment.<br \/>\n<span style=\"font-family: 'Noto Sans',sans-serif; color: #111111; font-size: 17px;\"><br \/>\nDon't miss the opportunity to transform your office with the Tim collection - where beauty meets functionality, creating the perfect place for work and creativity.<br \/>\n<\/span><\/span><\/span><\/span><\/p>","protected":false},"excerpt":{"rendered":"<p>Tr\u00f3jk\u0105tny \u0142\u0105cznik do biurka 67 cm Tim: Wyrafinowany design i praktyczno\u015b\u0107 Czy my\u015bla\u0142e\u015b o eleganckim i funkcjonalnym elemencie, kt\u00f3ry pozwoli (&#8230;)<\/p>","protected":false},"featured_media":11047,"comment_status":"open","ping_status":"closed","template":"","meta":{"_acf_changed":false,"inline_featured_image":false},"product_brand":[],"product_cat":[134,145,528,133,137,144,139],"product_tag":[],"class_list":{"0":"post-2045","1":"product","2":"type-product","3":"status-publish","4":"has-post-thumbnail","6":"product_cat-biurka","7":"product_cat-biuro","8":"product_cat-black-friday","9":"product_cat-meble-biurowe","10":"product_cat-meble-systemowe","11":"product_cat-pokoj","12":"product_cat-pomieszczenia","13":"product_shipping_class-przesylka-dpd-15-pln","14":"collection-back-to-study","15":"collection-tim","17":"first","18":"instock","19":"shipping-taxable","20":"purchasable","21":"product-type-variable"},"acf":[],"yoast_head":"<!-- This site is optimized with the Yoast SEO plugin v27.4 - https:\/\/yoast.com\/product\/yoast-seo-wordpress\/ -->\n<title>Tr\u00f3jk\u0105tny \u0142\u0105cznik do biurka 67 cm Tim - Demko Home<\/title>\n<meta name=\"robots\" content=\"index, follow, max-snippet:-1, max-image-preview:large, max-video-preview:-1\" \/>\n<link rel=\"canonical\" href=\"https:\/\/demkohome.pl\/en\/product\/trojkatny-lacznik-do-biurka-tim-67-cm\/\" \/>\n<meta property=\"og:locale\" content=\"en_US\" \/>\n<meta property=\"og:type\" content=\"article\" \/>\n<meta property=\"og:title\" content=\"Tr\u00f3jk\u0105tny \u0142\u0105cznik do biurka 67 cm Tim - Demko Home\" \/>\n<meta property=\"og:description\" content=\"Tr\u00f3jk\u0105tny \u0142\u0105cznik do biurka 67 cm Tim: Wyrafinowany design i praktyczno\u015b\u0107 Czy my\u015bla\u0142e\u015b o eleganckim i funkcjonalnym elemencie, kt\u00f3ry pozwoli (...)\" \/>\n<meta property=\"og:url\" content=\"https:\/\/demkohome.pl\/en\/product\/trojkatny-lacznik-do-biurka-tim-67-cm\/\" \/>\n<meta property=\"og:site_name\" content=\"Demko Home\" \/>\n<meta property=\"article:modified_time\" content=\"2026-04-24T13:22:38+00:00\" \/>\n<meta property=\"og:image\" content=\"https:\/\/demkohome.pl\/wp-content\/uploads\/2024\/05\/Trojkatny-lacznik-biurka-Tim-trojkat-ciemnoszary-beton-chicago.jpg\" \/>\n\t<meta property=\"og:image:width\" content=\"1024\" \/>\n\t<meta property=\"og:image:height\" content=\"1024\" \/>\n\t<meta property=\"og:image:type\" content=\"image\/jpeg\" \/>\n<meta name=\"twitter:card\" content=\"summary_large_image\" \/>\n<meta name=\"twitter:label1\" content=\"Est. reading time\" \/>\n\t<meta name=\"twitter:data1\" content=\"3 minutes\" \/>\n<script type=\"application\/ld+json\" class=\"yoast-schema-graph\">{\"@context\":\"https:\\\/\\\/schema.org\",\"@graph\":[{\"@type\":\"WebPage\",\"@id\":\"https:\\\/\\\/demkohome.pl\\\/produkt\\\/trojkatny-lacznik-do-biurka-tim-67-cm\\\/\",\"url\":\"https:\\\/\\\/demkohome.pl\\\/produkt\\\/trojkatny-lacznik-do-biurka-tim-67-cm\\\/\",\"name\":\"Tr\u00f3jk\u0105tny \u0142\u0105cznik do biurka 67 cm Tim - Demko Home\",\"isPartOf\":{\"@id\":\"https:\\\/\\\/demkohome.pl\\\/#website\"},\"primaryImageOfPage\":{\"@id\":\"https:\\\/\\\/demkohome.pl\\\/produkt\\\/trojkatny-lacznik-do-biurka-tim-67-cm\\\/#primaryimage\"},\"image\":{\"@id\":\"https:\\\/\\\/demkohome.pl\\\/produkt\\\/trojkatny-lacznik-do-biurka-tim-67-cm\\\/#primaryimage\"},\"thumbnailUrl\":\"https:\\\/\\\/demkohome.pl\\\/wp-content\\\/uploads\\\/2024\\\/05\\\/Trojkatny-lacznik-biurka-Tim-trojkat-ciemnoszary-beton-chicago.jpg\",\"datePublished\":\"2024-05-23T13:31:58+00:00\",\"dateModified\":\"2026-04-24T13:22:38+00:00\",\"breadcrumb\":{\"@id\":\"https:\\\/\\\/demkohome.pl\\\/produkt\\\/trojkatny-lacznik-do-biurka-tim-67-cm\\\/#breadcrumb\"},\"inLanguage\":\"en-US\",\"potentialAction\":[{\"@type\":\"ReadAction\",\"target\":[\"https:\\\/\\\/demkohome.pl\\\/produkt\\\/trojkatny-lacznik-do-biurka-tim-67-cm\\\/\"]}]},{\"@type\":\"ImageObject\",\"inLanguage\":\"en-US\",\"@id\":\"https:\\\/\\\/demkohome.pl\\\/produkt\\\/trojkatny-lacznik-do-biurka-tim-67-cm\\\/#primaryimage\",\"url\":\"https:\\\/\\\/demkohome.pl\\\/wp-content\\\/uploads\\\/2024\\\/05\\\/Trojkatny-lacznik-biurka-Tim-trojkat-ciemnoszary-beton-chicago.jpg\",\"contentUrl\":\"https:\\\/\\\/demkohome.pl\\\/wp-content\\\/uploads\\\/2024\\\/05\\\/Trojkatny-lacznik-biurka-Tim-trojkat-ciemnoszary-beton-chicago.jpg\",\"width\":1024,\"height\":1024,\"caption\":\"Tr\u00f3jk\u0105tny \u0142\u0105cznik biurka Tim tr\u00f3jk\u0105t ciemnoszary beton chicago\"},{\"@type\":\"BreadcrumbList\",\"@id\":\"https:\\\/\\\/demkohome.pl\\\/produkt\\\/trojkatny-lacznik-do-biurka-tim-67-cm\\\/#breadcrumb\",\"itemListElement\":[{\"@type\":\"ListItem\",\"position\":1,\"name\":\"Strona g\u0142\u00f3wna\",\"item\":\"https:\\\/\\\/demkohome.pl\\\/\"},{\"@type\":\"ListItem\",\"position\":2,\"name\":\"Sklep\",\"item\":\"https:\\\/\\\/demkohome.pl\\\/sklep\\\/\"},{\"@type\":\"ListItem\",\"position\":3,\"name\":\"Tr\u00f3jk\u0105tny \u0142\u0105cznik do biurka 67 cm Tim\"}]},{\"@type\":\"WebSite\",\"@id\":\"https:\\\/\\\/demkohome.pl\\\/#website\",\"url\":\"https:\\\/\\\/demkohome.pl\\\/\",\"name\":\"Demko Home\",\"description\":\"Make it simple\",\"publisher\":{\"@id\":\"https:\\\/\\\/demkohome.pl\\\/#organization\"},\"potentialAction\":[{\"@type\":\"SearchAction\",\"target\":{\"@type\":\"EntryPoint\",\"urlTemplate\":\"https:\\\/\\\/demkohome.pl\\\/?s={search_term_string}\"},\"query-input\":{\"@type\":\"PropertyValueSpecification\",\"valueRequired\":true,\"valueName\":\"search_term_string\"}}],\"inLanguage\":\"en-US\"},{\"@type\":\"Organization\",\"@id\":\"https:\\\/\\\/demkohome.pl\\\/#organization\",\"name\":\"Demko Home\",\"url\":\"https:\\\/\\\/demkohome.pl\\\/\",\"logo\":{\"@type\":\"ImageObject\",\"inLanguage\":\"en-US\",\"@id\":\"https:\\\/\\\/demkohome.pl\\\/#\\\/schema\\\/logo\\\/image\\\/\",\"url\":\"https:\\\/\\\/demkohome.pl\\\/wp-content\\\/uploads\\\/2026\\\/03\\\/cropped-3.png\",\"contentUrl\":\"https:\\\/\\\/demkohome.pl\\\/wp-content\\\/uploads\\\/2026\\\/03\\\/cropped-3.png\",\"width\":250,\"height\":63,\"caption\":\"Demko Home\"},\"image\":{\"@id\":\"https:\\\/\\\/demkohome.pl\\\/#\\\/schema\\\/logo\\\/image\\\/\"}}]}<\/script>\n<!-- \/ Yoast SEO plugin. -->","yoast_head_json":{"title":"Tr\u00f3jk\u0105tny \u0142\u0105cznik do biurka 67 cm Tim - Demko Home","robots":{"index":"index","follow":"follow","max-snippet":"max-snippet:-1","max-image-preview":"max-image-preview:large","max-video-preview":"max-video-preview:-1"},"canonical":"https:\/\/demkohome.pl\/en\/product\/trojkatny-lacznik-do-biurka-tim-67-cm\/","og_locale":"en_US","og_type":"article","og_title":"Tr\u00f3jk\u0105tny \u0142\u0105cznik do biurka 67 cm Tim - Demko Home","og_description":"Tr\u00f3jk\u0105tny \u0142\u0105cznik do biurka 67 cm Tim: Wyrafinowany design i praktyczno\u015b\u0107 Czy my\u015bla\u0142e\u015b o eleganckim i funkcjonalnym elemencie, kt\u00f3ry pozwoli (...)","og_url":"https:\/\/demkohome.pl\/en\/product\/trojkatny-lacznik-do-biurka-tim-67-cm\/","og_site_name":"Demko Home","article_modified_time":"2026-04-24T13:22:38+00:00","og_image":[{"width":1024,"height":1024,"url":"https:\/\/demkohome.pl\/wp-content\/uploads\/2024\/05\/Trojkatny-lacznik-biurka-Tim-trojkat-ciemnoszary-beton-chicago.jpg","type":"image\/jpeg"}],"twitter_card":"summary_large_image","twitter_misc":{"Est. reading time":"3 minutes"},"schema":{"@context":"https:\/\/schema.org","@graph":[{"@type":"WebPage","@id":"https:\/\/demkohome.pl\/produkt\/trojkatny-lacznik-do-biurka-tim-67-cm\/","url":"https:\/\/demkohome.pl\/produkt\/trojkatny-lacznik-do-biurka-tim-67-cm\/","name":"Tr\u00f3jk\u0105tny \u0142\u0105cznik do biurka 67 cm Tim - Demko Home","isPartOf":{"@id":"https:\/\/demkohome.pl\/#website"},"primaryImageOfPage":{"@id":"https:\/\/demkohome.pl\/produkt\/trojkatny-lacznik-do-biurka-tim-67-cm\/#primaryimage"},"image":{"@id":"https:\/\/demkohome.pl\/produkt\/trojkatny-lacznik-do-biurka-tim-67-cm\/#primaryimage"},"thumbnailUrl":"https:\/\/demkohome.pl\/wp-content\/uploads\/2024\/05\/Trojkatny-lacznik-biurka-Tim-trojkat-ciemnoszary-beton-chicago.jpg","datePublished":"2024-05-23T13:31:58+00:00","dateModified":"2026-04-24T13:22:38+00:00","breadcrumb":{"@id":"https:\/\/demkohome.pl\/produkt\/trojkatny-lacznik-do-biurka-tim-67-cm\/#breadcrumb"},"inLanguage":"en-US","potentialAction":[{"@type":"ReadAction","target":["https:\/\/demkohome.pl\/produkt\/trojkatny-lacznik-do-biurka-tim-67-cm\/"]}]},{"@type":"ImageObject","inLanguage":"en-US","@id":"https:\/\/demkohome.pl\/produkt\/trojkatny-lacznik-do-biurka-tim-67-cm\/#primaryimage","url":"https:\/\/demkohome.pl\/wp-content\/uploads\/2024\/05\/Trojkatny-lacznik-biurka-Tim-trojkat-ciemnoszary-beton-chicago.jpg","contentUrl":"https:\/\/demkohome.pl\/wp-content\/uploads\/2024\/05\/Trojkatny-lacznik-biurka-Tim-trojkat-ciemnoszary-beton-chicago.jpg","width":1024,"height":1024,"caption":"Tr\u00f3jk\u0105tny \u0142\u0105cznik biurka Tim tr\u00f3jk\u0105t ciemnoszary beton chicago"},{"@type":"BreadcrumbList","@id":"https:\/\/demkohome.pl\/produkt\/trojkatny-lacznik-do-biurka-tim-67-cm\/#breadcrumb","itemListElement":[{"@type":"ListItem","position":1,"name":"Strona g\u0142\u00f3wna","item":"https:\/\/demkohome.pl\/"},{"@type":"ListItem","position":2,"name":"Sklep","item":"https:\/\/demkohome.pl\/sklep\/"},{"@type":"ListItem","position":3,"name":"Tr\u00f3jk\u0105tny \u0142\u0105cznik do biurka 67 cm Tim"}]},{"@type":"WebSite","@id":"https:\/\/demkohome.pl\/#website","url":"https:\/\/demkohome.pl\/","name":"Demko Home","description":"Make it simple","publisher":{"@id":"https:\/\/demkohome.pl\/#organization"},"potentialAction":[{"@type":"SearchAction","target":{"@type":"EntryPoint","urlTemplate":"https:\/\/demkohome.pl\/?s={search_term_string}"},"query-input":{"@type":"PropertyValueSpecification","valueRequired":true,"valueName":"search_term_string"}}],"inLanguage":"en-US"},{"@type":"Organization","@id":"https:\/\/demkohome.pl\/#organization","name":"Demko Home","url":"https:\/\/demkohome.pl\/","logo":{"@type":"ImageObject","inLanguage":"en-US","@id":"https:\/\/demkohome.pl\/#\/schema\/logo\/image\/","url":"https:\/\/demkohome.pl\/wp-content\/uploads\/2026\/03\/cropped-3.png","contentUrl":"https:\/\/demkohome.pl\/wp-content\/uploads\/2026\/03\/cropped-3.png","width":250,"height":63,"caption":"Demko Home"},"image":{"@id":"https:\/\/demkohome.pl\/#\/schema\/logo\/image\/"}}]}},"_links":{"self":[{"href":"https:\/\/demkohome.pl\/en\/wp-json\/wp\/v2\/product\/2045","targetHints":{"allow":["GET"]}}],"collection":[{"href":"https:\/\/demkohome.pl\/en\/wp-json\/wp\/v2\/product"}],"about":[{"href":"https:\/\/demkohome.pl\/en\/wp-json\/wp\/v2\/types\/product"}],"replies":[{"embeddable":true,"href":"https:\/\/demkohome.pl\/en\/wp-json\/wp\/v2\/comments?post=2045"}],"wp:featuredmedia":[{"embeddable":true,"href":"https:\/\/demkohome.pl\/en\/wp-json\/wp\/v2\/media\/11047"}],"wp:attachment":[{"href":"https:\/\/demkohome.pl\/en\/wp-json\/wp\/v2\/media?parent=2045"}],"wp:term":[{"taxonomy":"product_brand","embeddable":true,"href":"https:\/\/demkohome.pl\/en\/wp-json\/wp\/v2\/product_brand?post=2045"},{"taxonomy":"product_cat","embeddable":true,"href":"https:\/\/demkohome.pl\/en\/wp-json\/wp\/v2\/product_cat?post=2045"},{"taxonomy":"product_tag","embeddable":true,"href":"https:\/\/demkohome.pl\/en\/wp-json\/wp\/v2\/product_tag?post=2045"}],"curies":[{"name":"wp","href":"https:\/\/api.w.org\/{rel}","templated":true}]}}