{"id":2067,"date":"2024-05-23T15:32:00","date_gmt":"2024-05-23T13:32:00","guid":{"rendered":"https:\/\/demkohome.pl\/produkt\/regal-otwarty-tim-50-cm\/"},"modified":"2026-04-24T11:30:31","modified_gmt":"2026-04-24T09:30:31","slug":"regal-otwarty-tim-50-cm","status":"publish","type":"product","link":"https:\/\/demkohome.pl\/en\/product\/regal-otwarty-tim-50-cm\/","title":{"rendered":"Open bookcase 50 cm Tim"},"content":{"rendered":"<h2>Open bookcase 50 cm Tim<\/h2>\n<p><strong style=\"font-family: 'Noto Sans',sans-serif; color: #111111; font-size: 17px;\">Looking for a practical and stylish solution for your office or room?<\/strong><\/p>\n<p><span style=\"color: #111111; font-family: 'Noto Sans', sans-serif; font-size: 17px;\">Open bookcase from the Tim collection with a width of 50 cm is more than a piece of furniture - it is a symbol of modern design and functionality that will bring a breath of freshness and elegance to your interior. Imagine a space where every object finds its place, and the harmonious order promotes mental clarity and creativity. This bookcase, made of the highest quality materials, was designed for those who appreciate not only aesthetics, but also practical solutions. Adjustable shelves allow you to customize the space, and the ability to expand with other elements of the Tim collection allows you to create personalized configurations. PVC veneer finish not only protects the surface from scratches, but also makes it easy to keep clean, which is invaluable in everyday use.<\/span><\/p>\n<ul style=\"font-family: 'Noto Sans',sans-serif; color: #111111; font-size: 17px;\">\n<li>Adjustable: shelves with adjustable height.<\/li>\n<li>Stability: Height-adjustable feet for optimal balance.<\/li>\n<li>Finish: PVC veneer for easy cleaning.<\/li>\n<\/ul>\n<p><span style=\"font-family: 'Noto Sans',sans-serif; color: #111111; font-size: 17px;\"><br \/>\nTim's open bookcase is more than a piece of furniture - it's an investment in comfort and order in your workspace.<br \/>\n<\/span><br \/>\n<span style=\"font-family: 'Noto Sans', sans-serif; font-size: 17px;\">Invest in the Tim Office Closet and enjoy an elegant, organized workspace today!<img loading=\"lazy\" decoding=\"async\" class=\"alignnone wp-image-11132 size-full\" src=\"https:\/\/demkohome.pl\/wp-content\/uploads\/2024\/05\/Biuro-TIM_ciemnoszary-beton-chicago-I.jpg\" alt=\"\" width=\"2560\" height=\"1577\" srcset=\"https:\/\/demkohome.pl\/wp-content\/uploads\/2024\/05\/Biuro-TIM_ciemnoszary-beton-chicago-I.jpg 2560w, https:\/\/demkohome.pl\/wp-content\/uploads\/2024\/05\/Biuro-TIM_ciemnoszary-beton-chicago-I-300x185.jpg 300w, https:\/\/demkohome.pl\/wp-content\/uploads\/2024\/05\/Biuro-TIM_ciemnoszary-beton-chicago-I-600x370.jpg 600w, https:\/\/demkohome.pl\/wp-content\/uploads\/2024\/05\/Biuro-TIM_ciemnoszary-beton-chicago-I-1024x631.jpg 1024w, https:\/\/demkohome.pl\/wp-content\/uploads\/2024\/05\/Biuro-TIM_ciemnoszary-beton-chicago-I-768x473.jpg 768w, https:\/\/demkohome.pl\/wp-content\/uploads\/2024\/05\/Biuro-TIM_ciemnoszary-beton-chicago-I-1536x946.jpg 1536w, https:\/\/demkohome.pl\/wp-content\/uploads\/2024\/05\/Biuro-TIM_ciemnoszary-beton-chicago-I-2048x1262.jpg 2048w\" sizes=\"auto, (max-width: 2560px) 100vw, 2560px\" \/><\/span><br \/>\n<span style=\"font-family: 'Noto Sans', sans-serif; font-size: 17px;\">Discover the elegance and functionality of the \"Tim\" office furniture collection, which will transform your workplace into a space full of style and comfort. Each element of the set is designed for maximum comfort and efficiency, combining modern design with practical solutions.<\/span><\/p>\n<p>The desk, from the Tim collection, provides a generous work surface and plenty of space for documents and office accessories, while tall cabinets and bookcases offer elegant storage solutions to help keep you organized and tidy.<\/p>\n<p>A neutral color scheme in shades of dark gray, combined with metal handles and leg details, adds a sophisticated touch to the set. The Tim collection is an ideal choice for those who appreciate professionalism and style, as well as for those looking for a comprehensive solution to create a productive work environment.<\/p>\n<p>Don't miss the opportunity to transform your office with the Tim collection - where beauty meets functionality, creating the perfect place for work and creativity.<\/p>","protected":false},"excerpt":{"rendered":"<p>Rega\u0142 otwarty 50 cm Tim Szukasz praktycznego i stylowego rozwi\u0105zania do swojego biura czy pokoju? Rega\u0142 otwarty z kolekcji Tim (&#8230;)<\/p>","protected":false},"featured_media":11035,"comment_status":"open","ping_status":"closed","template":"","meta":{"_acf_changed":false,"inline_featured_image":false},"product_brand":[],"product_cat":[145,528,133,127,137,144,139,135,131],"product_tag":[],"class_list":{"0":"post-2067","1":"product","2":"type-product","3":"status-publish","4":"has-post-thumbnail","6":"product_cat-biuro","7":"product_cat-black-friday","8":"product_cat-meble-biurowe","9":"product_cat-meble-pokojowe","10":"product_cat-meble-systemowe","11":"product_cat-pokoj","12":"product_cat-pomieszczenia","13":"product_cat-regaly-meble-biurowe","14":"product_cat-regaly","15":"product_shipping_class-przesylka-dpd-15-pln","16":"collection-back-to-study","17":"collection-tim","19":"first","20":"instock","21":"shipping-taxable","22":"purchasable","23":"product-type-variable"},"acf":[],"yoast_head":"<!-- This site is optimized with the Yoast SEO plugin v27.4 - https:\/\/yoast.com\/product\/yoast-seo-wordpress\/ -->\n<title>Rega\u0142 otwarty 50 cm Tim - Demko Home<\/title>\n<meta name=\"robots\" content=\"index, follow, max-snippet:-1, max-image-preview:large, max-video-preview:-1\" \/>\n<link rel=\"canonical\" href=\"https:\/\/demkohome.pl\/en\/product\/regal-otwarty-tim-50-cm\/\" \/>\n<meta property=\"og:locale\" content=\"en_US\" \/>\n<meta property=\"og:type\" content=\"article\" \/>\n<meta property=\"og:title\" content=\"Rega\u0142 otwarty 50 cm Tim - Demko Home\" \/>\n<meta property=\"og:description\" content=\"Rega\u0142 otwarty 50 cm Tim Szukasz praktycznego i stylowego rozwi\u0105zania do swojego biura czy pokoju? Rega\u0142 otwarty z kolekcji Tim (...)\" \/>\n<meta property=\"og:url\" content=\"https:\/\/demkohome.pl\/en\/product\/regal-otwarty-tim-50-cm\/\" \/>\n<meta property=\"og:site_name\" content=\"Demko Home\" \/>\n<meta property=\"article:modified_time\" content=\"2026-04-24T09:30:31+00:00\" \/>\n<meta property=\"og:image\" content=\"https:\/\/demkohome.pl\/wp-content\/uploads\/2023\/08\/Otwarty-regal-do-biura-50-cm-Tim-50-x-116-cm-jciemnoszary-beton-chicago.jpg\" \/>\n\t<meta property=\"og:image:width\" content=\"1024\" \/>\n\t<meta property=\"og:image:height\" content=\"1024\" \/>\n\t<meta property=\"og:image:type\" content=\"image\/jpeg\" \/>\n<meta name=\"twitter:card\" content=\"summary_large_image\" \/>\n<meta name=\"twitter:label1\" content=\"Est. reading time\" \/>\n\t<meta name=\"twitter:data1\" content=\"3 minutes\" \/>\n<script type=\"application\/ld+json\" class=\"yoast-schema-graph\">{\"@context\":\"https:\\\/\\\/schema.org\",\"@graph\":[{\"@type\":\"WebPage\",\"@id\":\"https:\\\/\\\/demkohome.pl\\\/produkt\\\/regal-otwarty-tim-50-cm\\\/\",\"url\":\"https:\\\/\\\/demkohome.pl\\\/produkt\\\/regal-otwarty-tim-50-cm\\\/\",\"name\":\"Rega\u0142 otwarty 50 cm Tim - Demko Home\",\"isPartOf\":{\"@id\":\"https:\\\/\\\/demkohome.pl\\\/#website\"},\"primaryImageOfPage\":{\"@id\":\"https:\\\/\\\/demkohome.pl\\\/produkt\\\/regal-otwarty-tim-50-cm\\\/#primaryimage\"},\"image\":{\"@id\":\"https:\\\/\\\/demkohome.pl\\\/produkt\\\/regal-otwarty-tim-50-cm\\\/#primaryimage\"},\"thumbnailUrl\":\"https:\\\/\\\/demkohome.pl\\\/wp-content\\\/uploads\\\/2023\\\/08\\\/Otwarty-regal-do-biura-50-cm-Tim-50-x-116-cm-jciemnoszary-beton-chicago.jpg\",\"datePublished\":\"2024-05-23T13:32:00+00:00\",\"dateModified\":\"2026-04-24T09:30:31+00:00\",\"breadcrumb\":{\"@id\":\"https:\\\/\\\/demkohome.pl\\\/produkt\\\/regal-otwarty-tim-50-cm\\\/#breadcrumb\"},\"inLanguage\":\"en-US\",\"potentialAction\":[{\"@type\":\"ReadAction\",\"target\":[\"https:\\\/\\\/demkohome.pl\\\/produkt\\\/regal-otwarty-tim-50-cm\\\/\"]}]},{\"@type\":\"ImageObject\",\"inLanguage\":\"en-US\",\"@id\":\"https:\\\/\\\/demkohome.pl\\\/produkt\\\/regal-otwarty-tim-50-cm\\\/#primaryimage\",\"url\":\"https:\\\/\\\/demkohome.pl\\\/wp-content\\\/uploads\\\/2023\\\/08\\\/Otwarty-regal-do-biura-50-cm-Tim-50-x-116-cm-jciemnoszary-beton-chicago.jpg\",\"contentUrl\":\"https:\\\/\\\/demkohome.pl\\\/wp-content\\\/uploads\\\/2023\\\/08\\\/Otwarty-regal-do-biura-50-cm-Tim-50-x-116-cm-jciemnoszary-beton-chicago.jpg\",\"width\":1024,\"height\":1024,\"caption\":\"Otwarty rega\u0142 do biura 50 cm Tim 50 x 116 cm jciemnoszary beton chicago\"},{\"@type\":\"BreadcrumbList\",\"@id\":\"https:\\\/\\\/demkohome.pl\\\/produkt\\\/regal-otwarty-tim-50-cm\\\/#breadcrumb\",\"itemListElement\":[{\"@type\":\"ListItem\",\"position\":1,\"name\":\"Strona g\u0142\u00f3wna\",\"item\":\"https:\\\/\\\/demkohome.pl\\\/\"},{\"@type\":\"ListItem\",\"position\":2,\"name\":\"Sklep\",\"item\":\"https:\\\/\\\/demkohome.pl\\\/sklep\\\/\"},{\"@type\":\"ListItem\",\"position\":3,\"name\":\"Rega\u0142 otwarty 50 cm Tim\"}]},{\"@type\":\"WebSite\",\"@id\":\"https:\\\/\\\/demkohome.pl\\\/#website\",\"url\":\"https:\\\/\\\/demkohome.pl\\\/\",\"name\":\"Demko Home\",\"description\":\"Make it simple\",\"publisher\":{\"@id\":\"https:\\\/\\\/demkohome.pl\\\/#organization\"},\"potentialAction\":[{\"@type\":\"SearchAction\",\"target\":{\"@type\":\"EntryPoint\",\"urlTemplate\":\"https:\\\/\\\/demkohome.pl\\\/?s={search_term_string}\"},\"query-input\":{\"@type\":\"PropertyValueSpecification\",\"valueRequired\":true,\"valueName\":\"search_term_string\"}}],\"inLanguage\":\"en-US\"},{\"@type\":\"Organization\",\"@id\":\"https:\\\/\\\/demkohome.pl\\\/#organization\",\"name\":\"Demko Home\",\"url\":\"https:\\\/\\\/demkohome.pl\\\/\",\"logo\":{\"@type\":\"ImageObject\",\"inLanguage\":\"en-US\",\"@id\":\"https:\\\/\\\/demkohome.pl\\\/#\\\/schema\\\/logo\\\/image\\\/\",\"url\":\"https:\\\/\\\/demkohome.pl\\\/wp-content\\\/uploads\\\/2026\\\/03\\\/cropped-3.png\",\"contentUrl\":\"https:\\\/\\\/demkohome.pl\\\/wp-content\\\/uploads\\\/2026\\\/03\\\/cropped-3.png\",\"width\":250,\"height\":63,\"caption\":\"Demko Home\"},\"image\":{\"@id\":\"https:\\\/\\\/demkohome.pl\\\/#\\\/schema\\\/logo\\\/image\\\/\"}}]}<\/script>\n<!-- \/ Yoast SEO plugin. -->","yoast_head_json":{"title":"Rega\u0142 otwarty 50 cm Tim - Demko Home","robots":{"index":"index","follow":"follow","max-snippet":"max-snippet:-1","max-image-preview":"max-image-preview:large","max-video-preview":"max-video-preview:-1"},"canonical":"https:\/\/demkohome.pl\/en\/product\/regal-otwarty-tim-50-cm\/","og_locale":"en_US","og_type":"article","og_title":"Rega\u0142 otwarty 50 cm Tim - Demko Home","og_description":"Rega\u0142 otwarty 50 cm Tim Szukasz praktycznego i stylowego rozwi\u0105zania do swojego biura czy pokoju? Rega\u0142 otwarty z kolekcji Tim (...)","og_url":"https:\/\/demkohome.pl\/en\/product\/regal-otwarty-tim-50-cm\/","og_site_name":"Demko Home","article_modified_time":"2026-04-24T09:30:31+00:00","og_image":[{"width":1024,"height":1024,"url":"https:\/\/demkohome.pl\/wp-content\/uploads\/2023\/08\/Otwarty-regal-do-biura-50-cm-Tim-50-x-116-cm-jciemnoszary-beton-chicago.jpg","type":"image\/jpeg"}],"twitter_card":"summary_large_image","twitter_misc":{"Est. reading time":"3 minutes"},"schema":{"@context":"https:\/\/schema.org","@graph":[{"@type":"WebPage","@id":"https:\/\/demkohome.pl\/produkt\/regal-otwarty-tim-50-cm\/","url":"https:\/\/demkohome.pl\/produkt\/regal-otwarty-tim-50-cm\/","name":"Rega\u0142 otwarty 50 cm Tim - Demko Home","isPartOf":{"@id":"https:\/\/demkohome.pl\/#website"},"primaryImageOfPage":{"@id":"https:\/\/demkohome.pl\/produkt\/regal-otwarty-tim-50-cm\/#primaryimage"},"image":{"@id":"https:\/\/demkohome.pl\/produkt\/regal-otwarty-tim-50-cm\/#primaryimage"},"thumbnailUrl":"https:\/\/demkohome.pl\/wp-content\/uploads\/2023\/08\/Otwarty-regal-do-biura-50-cm-Tim-50-x-116-cm-jciemnoszary-beton-chicago.jpg","datePublished":"2024-05-23T13:32:00+00:00","dateModified":"2026-04-24T09:30:31+00:00","breadcrumb":{"@id":"https:\/\/demkohome.pl\/produkt\/regal-otwarty-tim-50-cm\/#breadcrumb"},"inLanguage":"en-US","potentialAction":[{"@type":"ReadAction","target":["https:\/\/demkohome.pl\/produkt\/regal-otwarty-tim-50-cm\/"]}]},{"@type":"ImageObject","inLanguage":"en-US","@id":"https:\/\/demkohome.pl\/produkt\/regal-otwarty-tim-50-cm\/#primaryimage","url":"https:\/\/demkohome.pl\/wp-content\/uploads\/2023\/08\/Otwarty-regal-do-biura-50-cm-Tim-50-x-116-cm-jciemnoszary-beton-chicago.jpg","contentUrl":"https:\/\/demkohome.pl\/wp-content\/uploads\/2023\/08\/Otwarty-regal-do-biura-50-cm-Tim-50-x-116-cm-jciemnoszary-beton-chicago.jpg","width":1024,"height":1024,"caption":"Otwarty rega\u0142 do biura 50 cm Tim 50 x 116 cm jciemnoszary beton chicago"},{"@type":"BreadcrumbList","@id":"https:\/\/demkohome.pl\/produkt\/regal-otwarty-tim-50-cm\/#breadcrumb","itemListElement":[{"@type":"ListItem","position":1,"name":"Strona g\u0142\u00f3wna","item":"https:\/\/demkohome.pl\/"},{"@type":"ListItem","position":2,"name":"Sklep","item":"https:\/\/demkohome.pl\/sklep\/"},{"@type":"ListItem","position":3,"name":"Rega\u0142 otwarty 50 cm Tim"}]},{"@type":"WebSite","@id":"https:\/\/demkohome.pl\/#website","url":"https:\/\/demkohome.pl\/","name":"Demko Home","description":"Make it simple","publisher":{"@id":"https:\/\/demkohome.pl\/#organization"},"potentialAction":[{"@type":"SearchAction","target":{"@type":"EntryPoint","urlTemplate":"https:\/\/demkohome.pl\/?s={search_term_string}"},"query-input":{"@type":"PropertyValueSpecification","valueRequired":true,"valueName":"search_term_string"}}],"inLanguage":"en-US"},{"@type":"Organization","@id":"https:\/\/demkohome.pl\/#organization","name":"Demko Home","url":"https:\/\/demkohome.pl\/","logo":{"@type":"ImageObject","inLanguage":"en-US","@id":"https:\/\/demkohome.pl\/#\/schema\/logo\/image\/","url":"https:\/\/demkohome.pl\/wp-content\/uploads\/2026\/03\/cropped-3.png","contentUrl":"https:\/\/demkohome.pl\/wp-content\/uploads\/2026\/03\/cropped-3.png","width":250,"height":63,"caption":"Demko Home"},"image":{"@id":"https:\/\/demkohome.pl\/#\/schema\/logo\/image\/"}}]}},"_links":{"self":[{"href":"https:\/\/demkohome.pl\/en\/wp-json\/wp\/v2\/product\/2067","targetHints":{"allow":["GET"]}}],"collection":[{"href":"https:\/\/demkohome.pl\/en\/wp-json\/wp\/v2\/product"}],"about":[{"href":"https:\/\/demkohome.pl\/en\/wp-json\/wp\/v2\/types\/product"}],"replies":[{"embeddable":true,"href":"https:\/\/demkohome.pl\/en\/wp-json\/wp\/v2\/comments?post=2067"}],"wp:featuredmedia":[{"embeddable":true,"href":"https:\/\/demkohome.pl\/en\/wp-json\/wp\/v2\/media\/11035"}],"wp:attachment":[{"href":"https:\/\/demkohome.pl\/en\/wp-json\/wp\/v2\/media?parent=2067"}],"wp:term":[{"taxonomy":"product_brand","embeddable":true,"href":"https:\/\/demkohome.pl\/en\/wp-json\/wp\/v2\/product_brand?post=2067"},{"taxonomy":"product_cat","embeddable":true,"href":"https:\/\/demkohome.pl\/en\/wp-json\/wp\/v2\/product_cat?post=2067"},{"taxonomy":"product_tag","embeddable":true,"href":"https:\/\/demkohome.pl\/en\/wp-json\/wp\/v2\/product_tag?post=2067"}],"curies":[{"name":"wp","href":"https:\/\/api.w.org\/{rel}","templated":true}]}}